{"id":7255,"date":"2022-06-27T08:32:05","date_gmt":"2022-06-27T06:32:05","guid":{"rendered":"https:\/\/litteraturbanken.se\/ljudochbild\/?page_id=7255"},"modified":"2024-09-17T11:20:40","modified_gmt":"2024-09-17T09:20:40","slug":"sandelm","status":"publish","type":"page","link":"https:\/\/litteraturbanken.se\/ljudochbild\/forfattare\/sandelm\/","title":{"rendered":"Maria Sandel (1894\u20131940)"},"content":{"rendered":"<div class=\"wp-block-image is-resized\">\n<figure class=\"alignright size-large\"><img loading=\"lazy\" decoding=\"async\" width=\"710\" height=\"1024\" src=\"https:\/\/litteraturbanken.se\/ljudochbild\/wp-content\/uploads\/2022\/06\/sandelm-710x1024.jpg\" alt=\"Maria Sandel\" class=\"wp-image-7258\" style=\"width:189px;height:auto\" srcset=\"https:\/\/litteraturbanken.se\/ljudochbild\/wp-content\/uploads\/2022\/06\/sandelm-710x1024.jpg 710w, https:\/\/litteraturbanken.se\/ljudochbild\/wp-content\/uploads\/2022\/06\/sandelm-208x300.jpg 208w, https:\/\/litteraturbanken.se\/ljudochbild\/wp-content\/uploads\/2022\/06\/sandelm-768x1108.jpg 768w, https:\/\/litteraturbanken.se\/ljudochbild\/wp-content\/uploads\/2022\/06\/sandelm-1065x1536.jpg 1065w, https:\/\/litteraturbanken.se\/ljudochbild\/wp-content\/uploads\/2022\/06\/sandelm-480x692.jpg 480w, https:\/\/litteraturbanken.se\/ljudochbild\/wp-content\/uploads\/2022\/06\/sandelm.jpg 1200w\" sizes=\"auto, (max-width: 710px) 100vw, 710px\" \/><\/figure>\n<\/div>\n\n\n<p>\u201dMARIA SANDEL (1870\u20131927) levde hela sitt liv under fattiga omst\u00e4ndigheter. Som ung arbetade hon n\u00e5gra \u00e5r som hembitr\u00e4de i Amerika och\u00a0<a href=\"https:\/\/litteraturbanken.se\/forfattare\/SandelM\/titlar\/DikterIArbetarpressen\/sida\/1\/etext\" target=\"_blank\" rel=\"noreferrer noopener\">debuterade d\u00e5 som skribent<\/a>\u00a0med sm\u00e4rre skaldestycken i den svensk-amerikanska tidskriften\u00a0<em>Nordstjernan<\/em>. [&#8230;] Hon debuterade i bokform med novellsamlingen\u00a0<a href=\"https:\/\/litteraturbanken.se\/forfattare\/SandelM\/titlar\/VidSvaltgransen\/sida\/III\/etext\" target=\"_blank\" rel=\"noreferrer noopener\"><em>Vid sv\u00e4ltgr\u00e4nsen och andra ber\u00e4ttelser<\/em><\/a>\u00a0(1908), d\u00e4r den sociala mis\u00e4ren i arbetarkvarteren skildras med starkt socialt patos. S\u00e5 sker \u00e4ven i hennes f\u00f6rsta roman \u2013\u00a0<em><a href=\"https:\/\/litteraturbanken.se\/f%C3%B6rfattare\/SandelM\/titlar\/FamiljenVinge1909\/sida\/1\/etext\" target=\"_blank\" rel=\"noreferrer noopener\">Familjen Vinge. En roman om verkstadsgossar och fabriksflickor<\/a><\/em>\u00a0\u2013 d\u00e4r ett flertal arbetarfamiljer och deras \u00f6den m\u00f6ter l\u00e4saren i kollektivromanens form.\u201d<\/p>\n\n\n\n<p>Stycket ovanf\u00f6r kommer ur Lotta Lotass introduktion av Maria Sandel hos Litteraturbanken.<\/p>\n\n\n\n<div class=\"wp-block-buttons is-layout-flex wp-block-buttons-is-layout-flex\">\n<div class=\"wp-block-button has-custom-font-size read-more-button\" style=\"font-size:14px\"><a class=\"wp-block-button__link has-white-color has-text-color has-background wp-element-button\" href=\"https:\/\/litteraturbanken.se\/f%C3%B6rfattare\/SandelM\" style=\"border-radius:0px;background-color:#cd2400\" target=\"_blank\" rel=\"noopener\"><strong>L\u00c4S MER OM MARIA SANDEL<\/strong><\/a><\/div>\n\n\n\n<div class=\"wp-block-button has-custom-font-size read-more-button\" style=\"font-size:14px\"><a class=\"wp-block-button__link has-white-color has-text-color has-background wp-element-button\" href=\"https:\/\/litteraturbanken.se\/f%C3%B6rfattare\/SandelM\/titlar\" style=\"border-radius:0px;background-color:#cd2400\" target=\"_blank\" rel=\"noopener\"><strong>L\u00c4S MARIA SANDELS VERK HOS LB.SE<\/strong><\/a><\/div>\n<\/div>\n\n\n\n<div style=\"height:40px\" aria-hidden=\"true\" class=\"wp-block-spacer\"><\/div>\n\n\n\n<p>V\u00e5ren 2022 bes\u00f6ktes Litteraturbanken av dramatikern och sk\u00e5despelaren <a href=\"https:\/\/litteraturbanken.se\/ljudochbild\/upplasare\/meidalh\/\" target=\"_blank\" rel=\"noreferrer noopener\">Hannes Meidal<\/a>. F\u00f6r Litteraturbankens r\u00e4kning l\u00e4ste han d\u00e5 in Sandels ber\u00f6mda skildring av Flemingsgatan i novellen <a href=\"https:\/\/litteraturbanken.se\/f%C3%B6rfattare\/SandelM\/titlar\/VidSv%C3%A4ltgr%C3%A4nsen\/sida\/87\/etext\" target=\"_blank\" rel=\"noreferrer noopener\">\u201dMin gata\u201d<\/a>. Lyssna p\u00e5 inl\u00e4sningen i spelaren nedanf\u00f6r, eller l\u00e4s texten i v\u00e5rt bibliotek.<\/p>\n\n\n\n<div style=\"height:5px\" aria-hidden=\"true\" class=\"wp-block-spacer\"><\/div>\n\n\n\n<div class=\"wp-playlist wp-audio-playlist wp-playlist-light\">\n\t\t\t<div class=\"wp-playlist-current-item\"><\/div>\n\t\t<audio controls=\"controls\" preload=\"none\" width=\"618\"\n\t\t\t><\/audio>\n\t<div class=\"wp-playlist-next\"><\/div>\n\t<div class=\"wp-playlist-prev\"><\/div>\n\t<noscript>\n\t<ol>\n\t\t<li><a href='https:\/\/litteraturbanken.se\/ljudochbild\/wp-content\/uploads\/2022\/05\/sandel_mingata_meidal.mp3'>Min gata<\/a><\/li>\t<\/ol>\n\t<\/noscript>\n\t<script type=\"application\/json\" class=\"wp-playlist-script\">{\"type\":\"audio\",\"tracklist\":true,\"tracknumbers\":true,\"images\":true,\"artists\":true,\"tracks\":[{\"src\":\"https:\/\/litteraturbanken.se\/ljudochbild\/wp-content\/uploads\/2022\/05\/sandel_mingata_meidal.mp3\",\"type\":\"audio\/mpeg\",\"title\":\"Min gata\",\"caption\":\"\",\"description\":\"\\u201dMin gata\\u201d fr\\u00e5n Maria Sandel av Hannes Meidal l\\u00e4ser Maria Sandel. Sl\\u00e4ppt: 2022.\",\"meta\":{\"artist\":\"Hannes Meidal l\\u00e4ser Maria Sandel\",\"album\":\"Maria Sandel\",\"year\":\"2022\",\"length_formatted\":\"18:59\"},\"image\":{\"src\":\"https:\/\/litteraturbanken.se\/ljudochbild\/wp-content\/uploads\/2019\/09\/wide_gub_wide-mp3-image.png\",\"width\":580,\"height\":612},\"thumb\":{\"src\":\"https:\/\/litteraturbanken.se\/ljudochbild\/wp-content\/uploads\/2019\/09\/wide_gub_wide-mp3-image-150x150.png\",\"width\":150,\"height\":150}}]}<\/script>\n<\/div>\n\t\n\n\n\n<div style=\"height:10px\" aria-hidden=\"true\" class=\"wp-block-spacer\"><\/div>\n\n\n\n<hr>\n\n\n\n<p><em>Inspelningen \u00e4r upphovsr\u00e4ttsskyddad. \u2013 Fotografiet av Sandel, taget av Anna Kruse &amp; Co., har vi l\u00e5nat av <a href=\"https:\/\/commons.wikimedia.org\/wiki\/File:Maria.sandel.jpg\" target=\"_blank\" rel=\"noreferrer noopener\">Wikimedia<\/a>.<\/em><\/p>\n\n\n<h3 class=\"wp-block-heading author-related-title\">L\u00e4s mer<\/h3>\r\n<div class=\"display-posts-listing grid\"><div class=\"listing-item\"><a class=\"image\" href=\"https:\/\/litteraturbanken.se\/ljudochbild\/2022\/06\/28\/en-sommarantologi\/\"><img loading=\"lazy\" decoding=\"async\" width=\"640\" height=\"960\" src=\"https:\/\/litteraturbanken.se\/ljudochbild\/wp-content\/uploads\/2022\/05\/hannesmeidal-683x1024.jpg\" class=\"attachment-large size-large wp-post-image\" alt=\"Hannes Meidal\" srcset=\"https:\/\/litteraturbanken.se\/ljudochbild\/wp-content\/uploads\/2022\/05\/hannesmeidal-683x1024.jpg 683w, https:\/\/litteraturbanken.se\/ljudochbild\/wp-content\/uploads\/2022\/05\/hannesmeidal-200x300.jpg 200w, https:\/\/litteraturbanken.se\/ljudochbild\/wp-content\/uploads\/2022\/05\/hannesmeidal-768x1151.jpg 768w, https:\/\/litteraturbanken.se\/ljudochbild\/wp-content\/uploads\/2022\/05\/hannesmeidal-480x719.jpg 480w, https:\/\/litteraturbanken.se\/ljudochbild\/wp-content\/uploads\/2022\/05\/hannesmeidal.jpg 854w\" sizes=\"auto, (max-width: 640px) 100vw, 640px\" \/><\/a> <a class=\"title\" href=\"https:\/\/litteraturbanken.se\/ljudochbild\/2022\/06\/28\/en-sommarantologi\/\">En sommarantologi<\/a><\/div><\/div>\r\n\r\n\n","protected":false},"excerpt":{"rendered":"<p>\u201dMARIA SANDEL (1870\u20131927) levde hela sitt liv under fattiga omst\u00e4ndigheter. Som ung arbetade hon n\u00e5gra \u00e5r som hembitr\u00e4de i Amerika och\u00a0debuterade d\u00e5 som skribent\u00a0med sm\u00e4rre skaldestycken i den svensk-amerikanska tidskriften\u00a0Nordstjernan. [&#8230;] Hon debuterade i bokform med novellsamlingen\u00a0Vid sv\u00e4ltgr\u00e4nsen [&hellip;]<\/p>\n","protected":false},"author":5,"featured_media":7258,"parent":7,"menu_order":0,"comment_status":"closed","ping_status":"closed","template":"","meta":{"footnotes":""},"class_list":["post-7255","page","type-page","status-publish","has-post-thumbnail","hentry"],"yoast_head":"<!-- This site is optimized with the Yoast SEO plugin v27.1.1 - https:\/\/yoast.com\/product\/yoast-seo-wordpress\/ -->\n<title>Maria Sandel (1894\u20131940) - Ljud &amp; Bild<\/title>\n<meta name=\"description\" content=\"Maria Sandel debuterade i bokform med novellsamlingen\u00a0Vid sv\u00e4ltgr\u00e4nsen och andra ber\u00e4ttelser\u00a0(1908), d\u00e4r den sociala mis\u00e4ren...\" \/>\n<meta name=\"robots\" content=\"index, follow, max-snippet:-1, max-image-preview:large, max-video-preview:-1\" \/>\n<link rel=\"canonical\" href=\"https:\/\/litteraturbanken.se\/ljudochbild\/forfattare\/sandelm\/\" \/>\n<meta property=\"og:locale\" content=\"sv_SE\" \/>\n<meta property=\"og:type\" content=\"article\" \/>\n<meta property=\"og:title\" content=\"Maria Sandel (1894\u20131940) - Ljud &amp; Bild\" \/>\n<meta property=\"og:description\" content=\"Maria Sandel debuterade i bokform med novellsamlingen\u00a0Vid sv\u00e4ltgr\u00e4nsen och andra ber\u00e4ttelser\u00a0(1908), d\u00e4r den sociala mis\u00e4ren...\" \/>\n<meta property=\"og:url\" content=\"https:\/\/litteraturbanken.se\/ljudochbild\/forfattare\/sandelm\/\" \/>\n<meta property=\"og:site_name\" content=\"Ljud &amp; Bild\" \/>\n<meta property=\"article:publisher\" content=\"https:\/\/www.facebook.com\/Litteraturbanken.se\" \/>\n<meta property=\"article:modified_time\" content=\"2024-09-17T09:20:40+00:00\" \/>\n<meta property=\"og:image\" content=\"https:\/\/litteraturbanken.se\/ljudochbild\/wp-content\/uploads\/2022\/06\/sandelm.jpg\" \/>\n\t<meta property=\"og:image:width\" content=\"1200\" \/>\n\t<meta property=\"og:image:height\" content=\"1731\" \/>\n\t<meta property=\"og:image:type\" content=\"image\/jpeg\" \/>\n<meta name=\"twitter:card\" content=\"summary_large_image\" \/>\n<meta name=\"twitter:site\" content=\"@litteraturbank\" \/>\n<meta name=\"twitter:label1\" content=\"Ber\u00e4knad l\u00e4stid\" \/>\n\t<meta name=\"twitter:data1\" content=\"2 minuter\" \/>\n<script type=\"application\/ld+json\" class=\"yoast-schema-graph\">{\"@context\":\"https:\/\/schema.org\",\"@graph\":[{\"@type\":\"WebPage\",\"@id\":\"https:\/\/litteraturbanken.se\/ljudochbild\/forfattare\/sandelm\/\",\"url\":\"https:\/\/litteraturbanken.se\/ljudochbild\/forfattare\/sandelm\/\",\"name\":\"Maria Sandel (1894\u20131940) - Ljud &amp; Bild\",\"isPartOf\":{\"@id\":\"https:\/\/litteraturbanken.se\/ljudochbild\/#website\"},\"primaryImageOfPage\":{\"@id\":\"https:\/\/litteraturbanken.se\/ljudochbild\/forfattare\/sandelm\/#primaryimage\"},\"image\":{\"@id\":\"https:\/\/litteraturbanken.se\/ljudochbild\/forfattare\/sandelm\/#primaryimage\"},\"thumbnailUrl\":\"https:\/\/litteraturbanken.se\/ljudochbild\/wp-content\/uploads\/2022\/06\/sandelm.jpg\",\"datePublished\":\"2022-06-27T06:32:05+00:00\",\"dateModified\":\"2024-09-17T09:20:40+00:00\",\"description\":\"Maria Sandel debuterade i bokform med novellsamlingen\u00a0Vid sv\u00e4ltgr\u00e4nsen och andra ber\u00e4ttelser\u00a0(1908), d\u00e4r den sociala mis\u00e4ren...\",\"breadcrumb\":{\"@id\":\"https:\/\/litteraturbanken.se\/ljudochbild\/forfattare\/sandelm\/#breadcrumb\"},\"inLanguage\":\"sv-SE\",\"potentialAction\":[{\"@type\":\"ReadAction\",\"target\":[\"https:\/\/litteraturbanken.se\/ljudochbild\/forfattare\/sandelm\/\"]}]},{\"@type\":\"ImageObject\",\"inLanguage\":\"sv-SE\",\"@id\":\"https:\/\/litteraturbanken.se\/ljudochbild\/forfattare\/sandelm\/#primaryimage\",\"url\":\"https:\/\/litteraturbanken.se\/ljudochbild\/wp-content\/uploads\/2022\/06\/sandelm.jpg\",\"contentUrl\":\"https:\/\/litteraturbanken.se\/ljudochbild\/wp-content\/uploads\/2022\/06\/sandelm.jpg\",\"width\":1200,\"height\":1731,\"caption\":\"Maria Sandel\"},{\"@type\":\"BreadcrumbList\",\"@id\":\"https:\/\/litteraturbanken.se\/ljudochbild\/forfattare\/sandelm\/#breadcrumb\",\"itemListElement\":[{\"@type\":\"ListItem\",\"position\":1,\"name\":\"Hem\",\"item\":\"https:\/\/litteraturbanken.se\/ljudochbild\/\"},{\"@type\":\"ListItem\",\"position\":2,\"name\":\"F\u00f6rfattare\",\"item\":\"https:\/\/litteraturbanken.se\/ljudochbild\/forfattare\/\"},{\"@type\":\"ListItem\",\"position\":3,\"name\":\"Maria Sandel (1894\u20131940)\"}]},{\"@type\":\"WebSite\",\"@id\":\"https:\/\/litteraturbanken.se\/ljudochbild\/#website\",\"url\":\"https:\/\/litteraturbanken.se\/ljudochbild\/\",\"name\":\"Ljud & Bild\",\"description\":\"Ur Litteraturbankens samlingar\",\"potentialAction\":[{\"@type\":\"SearchAction\",\"target\":{\"@type\":\"EntryPoint\",\"urlTemplate\":\"https:\/\/litteraturbanken.se\/ljudochbild\/?s={search_term_string}\"},\"query-input\":{\"@type\":\"PropertyValueSpecification\",\"valueRequired\":true,\"valueName\":\"search_term_string\"}}],\"inLanguage\":\"sv-SE\"}]}<\/script>\n<!-- \/ Yoast SEO plugin. -->","yoast_head_json":{"title":"Maria Sandel (1894\u20131940) - Ljud &amp; Bild","description":"Maria Sandel debuterade i bokform med novellsamlingen\u00a0Vid sv\u00e4ltgr\u00e4nsen och andra ber\u00e4ttelser\u00a0(1908), d\u00e4r den sociala mis\u00e4ren...","robots":{"index":"index","follow":"follow","max-snippet":"max-snippet:-1","max-image-preview":"max-image-preview:large","max-video-preview":"max-video-preview:-1"},"canonical":"https:\/\/litteraturbanken.se\/ljudochbild\/forfattare\/sandelm\/","og_locale":"sv_SE","og_type":"article","og_title":"Maria Sandel (1894\u20131940) - Ljud &amp; Bild","og_description":"Maria Sandel debuterade i bokform med novellsamlingen\u00a0Vid sv\u00e4ltgr\u00e4nsen och andra ber\u00e4ttelser\u00a0(1908), d\u00e4r den sociala mis\u00e4ren...","og_url":"https:\/\/litteraturbanken.se\/ljudochbild\/forfattare\/sandelm\/","og_site_name":"Ljud &amp; Bild","article_publisher":"https:\/\/www.facebook.com\/Litteraturbanken.se","article_modified_time":"2024-09-17T09:20:40+00:00","og_image":[{"width":1200,"height":1731,"url":"https:\/\/litteraturbanken.se\/ljudochbild\/wp-content\/uploads\/2022\/06\/sandelm.jpg","type":"image\/jpeg"}],"twitter_card":"summary_large_image","twitter_site":"@litteraturbank","twitter_misc":{"Ber\u00e4knad l\u00e4stid":"2 minuter"},"schema":{"@context":"https:\/\/schema.org","@graph":[{"@type":"WebPage","@id":"https:\/\/litteraturbanken.se\/ljudochbild\/forfattare\/sandelm\/","url":"https:\/\/litteraturbanken.se\/ljudochbild\/forfattare\/sandelm\/","name":"Maria Sandel (1894\u20131940) - Ljud &amp; Bild","isPartOf":{"@id":"https:\/\/litteraturbanken.se\/ljudochbild\/#website"},"primaryImageOfPage":{"@id":"https:\/\/litteraturbanken.se\/ljudochbild\/forfattare\/sandelm\/#primaryimage"},"image":{"@id":"https:\/\/litteraturbanken.se\/ljudochbild\/forfattare\/sandelm\/#primaryimage"},"thumbnailUrl":"https:\/\/litteraturbanken.se\/ljudochbild\/wp-content\/uploads\/2022\/06\/sandelm.jpg","datePublished":"2022-06-27T06:32:05+00:00","dateModified":"2024-09-17T09:20:40+00:00","description":"Maria Sandel debuterade i bokform med novellsamlingen\u00a0Vid sv\u00e4ltgr\u00e4nsen och andra ber\u00e4ttelser\u00a0(1908), d\u00e4r den sociala mis\u00e4ren...","breadcrumb":{"@id":"https:\/\/litteraturbanken.se\/ljudochbild\/forfattare\/sandelm\/#breadcrumb"},"inLanguage":"sv-SE","potentialAction":[{"@type":"ReadAction","target":["https:\/\/litteraturbanken.se\/ljudochbild\/forfattare\/sandelm\/"]}]},{"@type":"ImageObject","inLanguage":"sv-SE","@id":"https:\/\/litteraturbanken.se\/ljudochbild\/forfattare\/sandelm\/#primaryimage","url":"https:\/\/litteraturbanken.se\/ljudochbild\/wp-content\/uploads\/2022\/06\/sandelm.jpg","contentUrl":"https:\/\/litteraturbanken.se\/ljudochbild\/wp-content\/uploads\/2022\/06\/sandelm.jpg","width":1200,"height":1731,"caption":"Maria Sandel"},{"@type":"BreadcrumbList","@id":"https:\/\/litteraturbanken.se\/ljudochbild\/forfattare\/sandelm\/#breadcrumb","itemListElement":[{"@type":"ListItem","position":1,"name":"Hem","item":"https:\/\/litteraturbanken.se\/ljudochbild\/"},{"@type":"ListItem","position":2,"name":"F\u00f6rfattare","item":"https:\/\/litteraturbanken.se\/ljudochbild\/forfattare\/"},{"@type":"ListItem","position":3,"name":"Maria Sandel (1894\u20131940)"}]},{"@type":"WebSite","@id":"https:\/\/litteraturbanken.se\/ljudochbild\/#website","url":"https:\/\/litteraturbanken.se\/ljudochbild\/","name":"Ljud & Bild","description":"Ur Litteraturbankens samlingar","potentialAction":[{"@type":"SearchAction","target":{"@type":"EntryPoint","urlTemplate":"https:\/\/litteraturbanken.se\/ljudochbild\/?s={search_term_string}"},"query-input":{"@type":"PropertyValueSpecification","valueRequired":true,"valueName":"search_term_string"}}],"inLanguage":"sv-SE"}]}},"_links":{"self":[{"href":"https:\/\/litteraturbanken.se\/ljudochbild\/wp-json\/wp\/v2\/pages\/7255","targetHints":{"allow":["GET"]}}],"collection":[{"href":"https:\/\/litteraturbanken.se\/ljudochbild\/wp-json\/wp\/v2\/pages"}],"about":[{"href":"https:\/\/litteraturbanken.se\/ljudochbild\/wp-json\/wp\/v2\/types\/page"}],"author":[{"embeddable":true,"href":"https:\/\/litteraturbanken.se\/ljudochbild\/wp-json\/wp\/v2\/users\/5"}],"replies":[{"embeddable":true,"href":"https:\/\/litteraturbanken.se\/ljudochbild\/wp-json\/wp\/v2\/comments?post=7255"}],"version-history":[{"count":13,"href":"https:\/\/litteraturbanken.se\/ljudochbild\/wp-json\/wp\/v2\/pages\/7255\/revisions"}],"predecessor-version":[{"id":12225,"href":"https:\/\/litteraturbanken.se\/ljudochbild\/wp-json\/wp\/v2\/pages\/7255\/revisions\/12225"}],"up":[{"embeddable":true,"href":"https:\/\/litteraturbanken.se\/ljudochbild\/wp-json\/wp\/v2\/pages\/7"}],"wp:featuredmedia":[{"embeddable":true,"href":"https:\/\/litteraturbanken.se\/ljudochbild\/wp-json\/wp\/v2\/media\/7258"}],"wp:attachment":[{"href":"https:\/\/litteraturbanken.se\/ljudochbild\/wp-json\/wp\/v2\/media?parent=7255"}],"curies":[{"name":"wp","href":"https:\/\/api.w.org\/{rel}","templated":true}]}}