{"id":727,"date":"2019-08-13T16:34:19","date_gmt":"2019-08-13T14:34:19","guid":{"rendered":"http:\/\/ordfabriken.org\/ljud\/?page_id=727"},"modified":"2024-09-18T14:31:51","modified_gmt":"2024-09-18T12:31:51","slug":"wervingjg","status":"publish","type":"page","link":"https:\/\/litteraturbanken.se\/ljudochbild\/forfattare\/wervingjg\/","title":{"rendered":"Johan Gabriel Werwing (1675\u20131715)"},"content":{"rendered":"\n<p>\u201dJOHAN GABRIEL WERWING (1675-1715) inledde sin diktarbana d\u00e5 han \u00e5tf\u00f6ljde ambassad\u00f6r Carl Bonde, som informator f\u00f6r dennes s\u00f6ner, under en resa till Holland och England \u00e5ren 1697-98. Hans alster, skrivna i den mond\u00e4na stilen, var ofta \u00f6vers\u00e4ttningar eller imitationer av framf\u00f6r allt franska, men \u00e4ven italienska, engelska och tyska dikter. Hans motiv \u00e4r alltsomoftast h\u00e4mtade ur den mytologiska sf\u00e4ren och diktjaget tecknas enligt tidens g\u00e4ngse m\u00f6nster som k\u00e4rleksbedr\u00f6vad, drabbad av obesvarad lidelse, men f\u00e5r ocks\u00e5 tidvis f\u00f6rklara sig vara likgiltig inf\u00f6r annat \u00e4n den rena driften.\u201d<\/p>\n\n\n\n<p>Stycket ovan \u00e4r h\u00e4mtat fr\u00e5n Lotta Lotass introduktion om Werwing hos Litteraturbanken.<\/p>\n\n\n\n<div class=\"wp-block-buttons is-layout-flex wp-block-buttons-is-layout-flex\">\n<div class=\"wp-block-button has-custom-font-size read-more-button\" style=\"font-size:14px\"><a class=\"wp-block-button__link has-white-color has-text-color has-background wp-element-button\" href=\"https:\/\/litteraturbanken.se\/f%C3%B6rfattare\/WervingJG\" style=\"border-radius:0px;background-color:#cd2400\" target=\"_blank\" rel=\"noopener\"><strong>L\u00c4S MER OM <strong>JOHAN GABRIEL WERWING<\/strong><\/strong><\/a><\/div>\n\n\n\n<div class=\"wp-block-button has-custom-font-size read-more-button\" style=\"font-size:14px\"><a class=\"wp-block-button__link has-white-color has-text-color has-background wp-element-button\" href=\"https:\/\/litteraturbanken.se\/f%C3%B6rfattare\/WervingJG\/titlar\" style=\"border-radius:0px;background-color:#cd2400\" target=\"_blank\" rel=\"noopener\"><strong>L\u00c4S JOHAN GABRIEL WERWINGS VERK HOS LB.SE<\/strong><\/a><\/div>\n<\/div>\n\n\n\n<div style=\"height:20px\" aria-hidden=\"true\" class=\"wp-block-spacer\"><\/div>\n\n\n\n<div class=\"wp-playlist wp-audio-playlist wp-playlist-light\">\n\t\t\t<div class=\"wp-playlist-current-item\"><\/div>\n\t\t<audio controls=\"controls\" preload=\"none\" width=\"618\"\n\t\t\t><\/audio>\n\t<div class=\"wp-playlist-next\"><\/div>\n\t<div class=\"wp-playlist-prev\"><\/div>\n\t<noscript>\n\t<ol>\n\t\t<li><a href='https:\/\/litteraturbanken.se\/ljudochbild\/wp-content\/uploads\/2024\/09\/werfving_1700utimay_ehrner.mp3'>1700. Uti May<\/a><\/li><li><a href='https:\/\/litteraturbanken.se\/ljudochbild\/wp-content\/uploads\/2019\/09\/werving_cupidofahrwal_bagge.mp3'>Cupido fahr w\u00e4l<\/a><\/li>\t<\/ol>\n\t<\/noscript>\n\t<script type=\"application\/json\" class=\"wp-playlist-script\">{\"type\":\"audio\",\"tracklist\":true,\"tracknumbers\":true,\"images\":true,\"artists\":true,\"tracks\":[{\"src\":\"https:\/\/litteraturbanken.se\/ljudochbild\/wp-content\/uploads\/2024\/09\/werfving_1700utimay_ehrner.mp3\",\"type\":\"audio\/mpeg\",\"title\":\"1700. Uti May\",\"caption\":\"\",\"description\":\"\\u201d1700. Uti May\\u201d fr\\u00e5n Johan Gabriel Werwing l\\u00e4st av Magnus Ehrner av Dikt 1593\\u20131939. Svensk och finlandssvensk lyrik i uppl\\u00e4sning av svenska och finlandssvenska sk\\u00e5despelare.\",\"meta\":{\"artist\":\"Magnus Ehrner l\\u00e4ser Johan Gabriel Werwing. Dikt 1593\\u20131939\",\"album\":\"Johan Gabriel Werwing\",\"length_formatted\":\"1:34\"},\"image\":{\"src\":\"https:\/\/litteraturbanken.se\/ljudochbild\/wp-content\/uploads\/2024\/09\/almqvist_denlyssnandemaria_lindh-mp3-image.jpg\",\"width\":1200,\"height\":1201},\"thumb\":{\"src\":\"https:\/\/litteraturbanken.se\/ljudochbild\/wp-content\/uploads\/2024\/09\/almqvist_denlyssnandemaria_lindh-mp3-image-150x150.jpg\",\"width\":150,\"height\":150}},{\"src\":\"https:\/\/litteraturbanken.se\/ljudochbild\/wp-content\/uploads\/2019\/09\/werving_cupidofahrwal_bagge.mp3\",\"type\":\"audio\/mpeg\",\"title\":\"Cupido fahr w\\u00e4l\",\"caption\":\"\",\"description\":\"\\\"Cupido fahr w\\u00e4l\\\" fr\\u00e5n Martin Bagges musikaliska vandring (del 2 av 5) av Martin Bagge. Sp\\u00e5r 5 av 10.\",\"meta\":{\"artist\":\"Martin Bagge framf\\u00f6r Johan Gabriel Werwing\",\"album\":\"Johan Gabriel Werwing\",\"length_formatted\":\"1:25\"},\"image\":{\"src\":\"https:\/\/litteraturbanken.se\/ljudochbild\/wp-content\/plugins\/media-library-assistant\/images\/crystal\/audio.png\",\"width\":48,\"height\":64},\"thumb\":{\"src\":\"https:\/\/litteraturbanken.se\/ljudochbild\/wp-content\/plugins\/media-library-assistant\/images\/crystal\/audio.png\",\"width\":48,\"height\":64}}]}<\/script>\n<\/div>\n\t\n\n\n\n<hr class=\"wp-block-separator has-alpha-channel-opacity\"\/>\n\n\n\n<p><em>Inspelningarna tillg\u00e4ngligg\u00f6rs h\u00e4r med tillst\u00e5nd fr\u00e5n inl\u00e4sarna.<\/em><\/p>\n\n\n<h3 class=\"wp-block-heading author-related-title\">L\u00e4s mer<\/h3>\r\n\r\n\r\n\n","protected":false},"excerpt":{"rendered":"<p>\u201dJOHAN GABRIEL WERWING (1675-1715) inledde sin diktarbana d\u00e5 han \u00e5tf\u00f6ljde ambassad\u00f6r Carl Bonde, som informator f\u00f6r dennes s\u00f6ner, under en resa till Holland och England \u00e5ren 1697-98. Hans alster, skrivna i den mond\u00e4na stilen, var ofta \u00f6vers\u00e4ttningar eller [&hellip;]<\/p>\n","protected":false},"author":1,"featured_media":0,"parent":7,"menu_order":0,"comment_status":"closed","ping_status":"closed","template":"","meta":{"footnotes":""},"class_list":["post-727","page","type-page","status-publish","hentry"],"yoast_head":"<!-- This site is optimized with the Yoast SEO plugin v27.1.1 - https:\/\/yoast.com\/product\/yoast-seo-wordpress\/ -->\n<title>Johan Gabriel Werwing (1675\u20131715) - Ljud &amp; Bild<\/title>\n<meta name=\"robots\" content=\"index, follow, max-snippet:-1, max-image-preview:large, max-video-preview:-1\" \/>\n<link rel=\"canonical\" href=\"https:\/\/litteraturbanken.se\/ljudochbild\/forfattare\/wervingjg\/\" \/>\n<meta property=\"og:locale\" content=\"sv_SE\" \/>\n<meta property=\"og:type\" content=\"article\" \/>\n<meta property=\"og:title\" content=\"Johan Gabriel Werwing (1675\u20131715) - Ljud &amp; Bild\" \/>\n<meta property=\"og:description\" content=\"\u201dJOHAN GABRIEL WERWING (1675-1715) inledde sin diktarbana d\u00e5 han \u00e5tf\u00f6ljde ambassad\u00f6r Carl Bonde, som informator f\u00f6r dennes s\u00f6ner, under en resa till Holland och England \u00e5ren 1697-98. Hans alster, skrivna i den mond\u00e4na stilen, var ofta \u00f6vers\u00e4ttningar eller [&hellip;]\" \/>\n<meta property=\"og:url\" content=\"https:\/\/litteraturbanken.se\/ljudochbild\/forfattare\/wervingjg\/\" \/>\n<meta property=\"og:site_name\" content=\"Ljud &amp; Bild\" \/>\n<meta property=\"article:publisher\" content=\"https:\/\/www.facebook.com\/Litteraturbanken.se\" \/>\n<meta property=\"article:modified_time\" content=\"2024-09-18T12:31:51+00:00\" \/>\n<meta name=\"twitter:card\" content=\"summary_large_image\" \/>\n<meta name=\"twitter:site\" content=\"@litteraturbank\" \/>\n<meta name=\"twitter:label1\" content=\"Ber\u00e4knad l\u00e4stid\" \/>\n\t<meta name=\"twitter:data1\" content=\"1 minut\" \/>\n<script type=\"application\/ld+json\" class=\"yoast-schema-graph\">{\"@context\":\"https:\/\/schema.org\",\"@graph\":[{\"@type\":\"WebPage\",\"@id\":\"https:\/\/litteraturbanken.se\/ljudochbild\/forfattare\/wervingjg\/\",\"url\":\"https:\/\/litteraturbanken.se\/ljudochbild\/forfattare\/wervingjg\/\",\"name\":\"Johan Gabriel Werwing (1675\u20131715) - Ljud &amp; Bild\",\"isPartOf\":{\"@id\":\"https:\/\/litteraturbanken.se\/ljudochbild\/#website\"},\"datePublished\":\"2019-08-13T14:34:19+00:00\",\"dateModified\":\"2024-09-18T12:31:51+00:00\",\"breadcrumb\":{\"@id\":\"https:\/\/litteraturbanken.se\/ljudochbild\/forfattare\/wervingjg\/#breadcrumb\"},\"inLanguage\":\"sv-SE\",\"potentialAction\":[{\"@type\":\"ReadAction\",\"target\":[\"https:\/\/litteraturbanken.se\/ljudochbild\/forfattare\/wervingjg\/\"]}]},{\"@type\":\"BreadcrumbList\",\"@id\":\"https:\/\/litteraturbanken.se\/ljudochbild\/forfattare\/wervingjg\/#breadcrumb\",\"itemListElement\":[{\"@type\":\"ListItem\",\"position\":1,\"name\":\"Hem\",\"item\":\"https:\/\/litteraturbanken.se\/ljudochbild\/\"},{\"@type\":\"ListItem\",\"position\":2,\"name\":\"F\u00f6rfattare\",\"item\":\"https:\/\/litteraturbanken.se\/ljudochbild\/forfattare\/\"},{\"@type\":\"ListItem\",\"position\":3,\"name\":\"Johan Gabriel Werwing (1675\u20131715)\"}]},{\"@type\":\"WebSite\",\"@id\":\"https:\/\/litteraturbanken.se\/ljudochbild\/#website\",\"url\":\"https:\/\/litteraturbanken.se\/ljudochbild\/\",\"name\":\"Ljud & Bild\",\"description\":\"Ur Litteraturbankens samlingar\",\"potentialAction\":[{\"@type\":\"SearchAction\",\"target\":{\"@type\":\"EntryPoint\",\"urlTemplate\":\"https:\/\/litteraturbanken.se\/ljudochbild\/?s={search_term_string}\"},\"query-input\":{\"@type\":\"PropertyValueSpecification\",\"valueRequired\":true,\"valueName\":\"search_term_string\"}}],\"inLanguage\":\"sv-SE\"}]}<\/script>\n<!-- \/ Yoast SEO plugin. -->","yoast_head_json":{"title":"Johan Gabriel Werwing (1675\u20131715) - Ljud &amp; Bild","robots":{"index":"index","follow":"follow","max-snippet":"max-snippet:-1","max-image-preview":"max-image-preview:large","max-video-preview":"max-video-preview:-1"},"canonical":"https:\/\/litteraturbanken.se\/ljudochbild\/forfattare\/wervingjg\/","og_locale":"sv_SE","og_type":"article","og_title":"Johan Gabriel Werwing (1675\u20131715) - Ljud &amp; Bild","og_description":"\u201dJOHAN GABRIEL WERWING (1675-1715) inledde sin diktarbana d\u00e5 han \u00e5tf\u00f6ljde ambassad\u00f6r Carl Bonde, som informator f\u00f6r dennes s\u00f6ner, under en resa till Holland och England \u00e5ren 1697-98. Hans alster, skrivna i den mond\u00e4na stilen, var ofta \u00f6vers\u00e4ttningar eller [&hellip;]","og_url":"https:\/\/litteraturbanken.se\/ljudochbild\/forfattare\/wervingjg\/","og_site_name":"Ljud &amp; Bild","article_publisher":"https:\/\/www.facebook.com\/Litteraturbanken.se","article_modified_time":"2024-09-18T12:31:51+00:00","twitter_card":"summary_large_image","twitter_site":"@litteraturbank","twitter_misc":{"Ber\u00e4knad l\u00e4stid":"1 minut"},"schema":{"@context":"https:\/\/schema.org","@graph":[{"@type":"WebPage","@id":"https:\/\/litteraturbanken.se\/ljudochbild\/forfattare\/wervingjg\/","url":"https:\/\/litteraturbanken.se\/ljudochbild\/forfattare\/wervingjg\/","name":"Johan Gabriel Werwing (1675\u20131715) - Ljud &amp; Bild","isPartOf":{"@id":"https:\/\/litteraturbanken.se\/ljudochbild\/#website"},"datePublished":"2019-08-13T14:34:19+00:00","dateModified":"2024-09-18T12:31:51+00:00","breadcrumb":{"@id":"https:\/\/litteraturbanken.se\/ljudochbild\/forfattare\/wervingjg\/#breadcrumb"},"inLanguage":"sv-SE","potentialAction":[{"@type":"ReadAction","target":["https:\/\/litteraturbanken.se\/ljudochbild\/forfattare\/wervingjg\/"]}]},{"@type":"BreadcrumbList","@id":"https:\/\/litteraturbanken.se\/ljudochbild\/forfattare\/wervingjg\/#breadcrumb","itemListElement":[{"@type":"ListItem","position":1,"name":"Hem","item":"https:\/\/litteraturbanken.se\/ljudochbild\/"},{"@type":"ListItem","position":2,"name":"F\u00f6rfattare","item":"https:\/\/litteraturbanken.se\/ljudochbild\/forfattare\/"},{"@type":"ListItem","position":3,"name":"Johan Gabriel Werwing (1675\u20131715)"}]},{"@type":"WebSite","@id":"https:\/\/litteraturbanken.se\/ljudochbild\/#website","url":"https:\/\/litteraturbanken.se\/ljudochbild\/","name":"Ljud & Bild","description":"Ur Litteraturbankens samlingar","potentialAction":[{"@type":"SearchAction","target":{"@type":"EntryPoint","urlTemplate":"https:\/\/litteraturbanken.se\/ljudochbild\/?s={search_term_string}"},"query-input":{"@type":"PropertyValueSpecification","valueRequired":true,"valueName":"search_term_string"}}],"inLanguage":"sv-SE"}]}},"_links":{"self":[{"href":"https:\/\/litteraturbanken.se\/ljudochbild\/wp-json\/wp\/v2\/pages\/727","targetHints":{"allow":["GET"]}}],"collection":[{"href":"https:\/\/litteraturbanken.se\/ljudochbild\/wp-json\/wp\/v2\/pages"}],"about":[{"href":"https:\/\/litteraturbanken.se\/ljudochbild\/wp-json\/wp\/v2\/types\/page"}],"author":[{"embeddable":true,"href":"https:\/\/litteraturbanken.se\/ljudochbild\/wp-json\/wp\/v2\/users\/1"}],"replies":[{"embeddable":true,"href":"https:\/\/litteraturbanken.se\/ljudochbild\/wp-json\/wp\/v2\/comments?post=727"}],"version-history":[{"count":5,"href":"https:\/\/litteraturbanken.se\/ljudochbild\/wp-json\/wp\/v2\/pages\/727\/revisions"}],"predecessor-version":[{"id":12354,"href":"https:\/\/litteraturbanken.se\/ljudochbild\/wp-json\/wp\/v2\/pages\/727\/revisions\/12354"}],"up":[{"embeddable":true,"href":"https:\/\/litteraturbanken.se\/ljudochbild\/wp-json\/wp\/v2\/pages\/7"}],"wp:attachment":[{"href":"https:\/\/litteraturbanken.se\/ljudochbild\/wp-json\/wp\/v2\/media?parent=727"}],"curies":[{"name":"wp","href":"https:\/\/api.w.org\/{rel}","templated":true}]}}