{"id":729,"date":"2019-08-13T16:35:40","date_gmt":"2019-08-13T14:35:40","guid":{"rendered":"http:\/\/ordfabriken.org\/ljud\/?page_id=729"},"modified":"2024-09-17T15:48:13","modified_gmt":"2024-09-17T13:48:13","slug":"widstromuc","status":"publish","type":"page","link":"https:\/\/litteraturbanken.se\/ljudochbild\/forfattare\/widstromuc\/","title":{"rendered":"Ulrica Carolina Widstr\u00f6m (1764\u20131841)"},"content":{"rendered":"<div class=\"wp-block-image\">\n<figure class=\"alignright\"><img decoding=\"async\" src=\"https:\/\/litteraturbanken.se\/ljudochbild\/wp-content\/uploads\/2019\/08\/WidstromUC_large-180x300.jpeg\" alt=\"\" class=\"wp-image-815\"\/><\/figure>\n<\/div>\n\n\n<p>\u201dULRICA CAROLINA WIDSTR\u00d6M, f. Forssberg (1764\u20131841), poet och \u00f6vers\u00e4ttare. F\u00f6dd som dotter till ett par hovtj\u00e4nare, kom Widstr\u00f6m att tidigt umg\u00e5s med bl.a. Gj\u00f6rwell, Thorild, Lidner och Leopold; de tv\u00e5 sistn\u00e4mnda \u00e4gnade henne varsin dikt. Efter att under en tid ha publicerat sig i periodiska tidskrifter utkom 1799 hennes kanske mest omtalade diktsamling,\u00a0<a href=\"https:\/\/litteraturbanken.se\/forfattare\/WidstromUC\/titlar\/ErotiskaSanger\/sida\/3\/faksimil\"><em>Erotiska S\u00e5nger af U. C. W.<\/em><\/a>, som bestod av arton s\u00e5nger, varav fem var \u00f6vers\u00e4ttningar eller imitationer. D\u00e4refter verkade hon huvudsakligen som \u00f6vers\u00e4ttare; hon \u00f6versatte bl.a.\u00a0<em>Victor eller Skogs-barnet<\/em>\u00a0av Ducray-Duminil (1803) och, tillsammans med H. A. Kullberg,\u00a0<em>Munken<\/em>\u00a0av Matthew G. Lewis. Widstr\u00f6ms f\u00f6rfattarskap \u00e5teruppt\u00e4cktes av Atterbom, som i flera artiklar i\u00a0<em>Phosphoros<\/em>\u00a0hyllade hennes blida k\u00e4nsla och det erotiska sv\u00e4rmeriet, eller, med Atterboms ord, \u2019denna na\u00efva v\u00e4llustighet, som \u00e4r menl\u00f6shetens och naturens, och som \u00e4nnu ingen annan Svensk skald f\u00f6rm\u00e5tt uttrycka med denna oefterh\u00e4rmliga ton\u2019\u201d<\/p>\n\n\n\n<p>Stycket ovanf\u00f6r kommer ur Ljubica Mio\u010devi\u0107s introduktion av Ulrica Carolina Widstr\u00f6m hos Litteraturbanken.<\/p>\n\n\n\n<div class=\"wp-block-buttons is-layout-flex wp-block-buttons-is-layout-flex\">\n<div class=\"wp-block-button has-custom-font-size read-more-button\" style=\"font-size:14px\"><a class=\"wp-block-button__link has-white-color has-text-color has-background wp-element-button\" href=\"https:\/\/litteraturbanken.se\/f%C3%B6rfattare\/Widstr%C3%B6mUC\" style=\"border-radius:0px;background-color:#cd2400\" target=\"_blank\" rel=\"noopener\"><strong>L\u00c4S MER OM ULRICA CAROLINA WIDSTR\u00d6M<\/strong><\/a><\/div>\n\n\n\n<div class=\"wp-block-button has-custom-font-size read-more-button\" style=\"font-size:14px\"><a class=\"wp-block-button__link has-white-color has-text-color has-background wp-element-button\" href=\"https:\/\/litteraturbanken.se\/f%C3%B6rfattare\/Widstr%C3%B6mUC\/titlar\" style=\"border-radius:0px;background-color:#cd2400\" target=\"_blank\" rel=\"noopener\"><strong>L\u00c4S ULRICA CAROLINA WIDSTR\u00d6MS VERK HOS LB.SE<\/strong><\/a><\/div>\n<\/div>\n\n\n\n<div style=\"height:20px\" aria-hidden=\"true\" class=\"wp-block-spacer\"><\/div>\n\n\n\n<div class=\"wp-playlist wp-audio-playlist wp-playlist-light\">\n\t\t\t<div class=\"wp-playlist-current-item\"><\/div>\n\t\t<audio controls=\"controls\" preload=\"none\" width=\"618\"\n\t\t\t><\/audio>\n\t<div class=\"wp-playlist-next\"><\/div>\n\t<div class=\"wp-playlist-prev\"><\/div>\n\t<noscript>\n\t<ol>\n\t\t<li><a href='https:\/\/litteraturbanken.se\/ljudochbild\/wp-content\/uploads\/2019\/06\/widstrom_tilllaura_holmberg.mp3'>Till Laura<\/a><\/li>\t<\/ol>\n\t<\/noscript>\n\t<script type=\"application\/json\" class=\"wp-playlist-script\">{\"type\":\"audio\",\"tracklist\":true,\"tracknumbers\":true,\"images\":true,\"artists\":true,\"tracks\":[{\"src\":\"https:\/\/litteraturbanken.se\/ljudochbild\/wp-content\/uploads\/2019\/06\/widstrom_tilllaura_holmberg.mp3\",\"type\":\"audio\/mpeg\",\"title\":\"Till Laura\",\"caption\":\"\",\"description\":\"\\\"Till Laura \\\" fr\\u00e5n Henric Holmberg av Widstr\\u00f6m, Ulrica.\",\"meta\":{\"artist\":\"Henric Holmberg l\\u00e4ser Ulrica Widstr\\u00f6m\",\"album\":\"Ulrica Widstr\\u00f6m\",\"length_formatted\":\"0:48\"},\"image\":{\"src\":\"https:\/\/litteraturbanken.se\/ljudochbild\/wp-content\/plugins\/media-library-assistant\/images\/crystal\/audio.png\",\"width\":48,\"height\":64},\"thumb\":{\"src\":\"https:\/\/litteraturbanken.se\/ljudochbild\/wp-content\/plugins\/media-library-assistant\/images\/crystal\/audio.png\",\"width\":48,\"height\":64}}]}<\/script>\n<\/div>\n\t\n","protected":false},"excerpt":{"rendered":"<p>\u201dULRICA CAROLINA WIDSTR\u00d6M, f. Forssberg (1764\u20131841), poet och \u00f6vers\u00e4ttare. F\u00f6dd som dotter till ett par hovtj\u00e4nare, kom Widstr\u00f6m att tidigt umg\u00e5s med bl.a. Gj\u00f6rwell, Thorild, Lidner och Leopold; de tv\u00e5 sistn\u00e4mnda \u00e4gnade henne varsin dikt. Efter att under [&hellip;]<\/p>\n","protected":false},"author":1,"featured_media":815,"parent":7,"menu_order":0,"comment_status":"closed","ping_status":"closed","template":"","meta":{"footnotes":""},"class_list":["post-729","page","type-page","status-publish","has-post-thumbnail","hentry"],"yoast_head":"<!-- This site is optimized with the Yoast SEO plugin v27.1.1 - https:\/\/yoast.com\/product\/yoast-seo-wordpress\/ -->\n<title>Ulrica Carolina Widstr\u00f6m (1764\u20131841) - Ljud &amp; Bild<\/title>\n<meta name=\"robots\" content=\"index, follow, max-snippet:-1, max-image-preview:large, max-video-preview:-1\" \/>\n<link rel=\"canonical\" href=\"https:\/\/litteraturbanken.se\/ljudochbild\/forfattare\/widstromuc\/\" \/>\n<meta property=\"og:locale\" content=\"sv_SE\" \/>\n<meta property=\"og:type\" content=\"article\" \/>\n<meta property=\"og:title\" content=\"Ulrica Carolina Widstr\u00f6m (1764\u20131841) - Ljud &amp; Bild\" \/>\n<meta property=\"og:description\" content=\"\u201dULRICA CAROLINA WIDSTR\u00d6M, f. Forssberg (1764\u20131841), poet och \u00f6vers\u00e4ttare. F\u00f6dd som dotter till ett par hovtj\u00e4nare, kom Widstr\u00f6m att tidigt umg\u00e5s med bl.a. Gj\u00f6rwell, Thorild, Lidner och Leopold; de tv\u00e5 sistn\u00e4mnda \u00e4gnade henne varsin dikt. Efter att under [&hellip;]\" \/>\n<meta property=\"og:url\" content=\"https:\/\/litteraturbanken.se\/ljudochbild\/forfattare\/widstromuc\/\" \/>\n<meta property=\"og:site_name\" content=\"Ljud &amp; Bild\" \/>\n<meta property=\"article:publisher\" content=\"https:\/\/www.facebook.com\/Litteraturbanken.se\" \/>\n<meta property=\"article:modified_time\" content=\"2024-09-17T13:48:13+00:00\" \/>\n<meta property=\"og:image\" content=\"https:\/\/litteraturbanken.se\/ljudochbild\/wp-content\/uploads\/2019\/08\/WidstromUC_large-e1565879061798.jpeg\" \/>\n\t<meta property=\"og:image:width\" content=\"359\" \/>\n\t<meta property=\"og:image:height\" content=\"600\" \/>\n\t<meta property=\"og:image:type\" content=\"image\/jpeg\" \/>\n<meta name=\"twitter:card\" content=\"summary_large_image\" \/>\n<meta name=\"twitter:site\" content=\"@litteraturbank\" \/>\n<meta name=\"twitter:label1\" content=\"Ber\u00e4knad l\u00e4stid\" \/>\n\t<meta name=\"twitter:data1\" content=\"2 minuter\" \/>\n<script type=\"application\/ld+json\" class=\"yoast-schema-graph\">{\"@context\":\"https:\/\/schema.org\",\"@graph\":[{\"@type\":\"WebPage\",\"@id\":\"https:\/\/litteraturbanken.se\/ljudochbild\/forfattare\/widstromuc\/\",\"url\":\"https:\/\/litteraturbanken.se\/ljudochbild\/forfattare\/widstromuc\/\",\"name\":\"Ulrica Carolina Widstr\u00f6m (1764\u20131841) - Ljud &amp; Bild\",\"isPartOf\":{\"@id\":\"https:\/\/litteraturbanken.se\/ljudochbild\/#website\"},\"primaryImageOfPage\":{\"@id\":\"https:\/\/litteraturbanken.se\/ljudochbild\/forfattare\/widstromuc\/#primaryimage\"},\"image\":{\"@id\":\"https:\/\/litteraturbanken.se\/ljudochbild\/forfattare\/widstromuc\/#primaryimage\"},\"thumbnailUrl\":\"https:\/\/litteraturbanken.se\/ljudochbild\/wp-content\/uploads\/2019\/08\/WidstromUC_large-e1565879061798.jpeg\",\"datePublished\":\"2019-08-13T14:35:40+00:00\",\"dateModified\":\"2024-09-17T13:48:13+00:00\",\"breadcrumb\":{\"@id\":\"https:\/\/litteraturbanken.se\/ljudochbild\/forfattare\/widstromuc\/#breadcrumb\"},\"inLanguage\":\"sv-SE\",\"potentialAction\":[{\"@type\":\"ReadAction\",\"target\":[\"https:\/\/litteraturbanken.se\/ljudochbild\/forfattare\/widstromuc\/\"]}]},{\"@type\":\"ImageObject\",\"inLanguage\":\"sv-SE\",\"@id\":\"https:\/\/litteraturbanken.se\/ljudochbild\/forfattare\/widstromuc\/#primaryimage\",\"url\":\"https:\/\/litteraturbanken.se\/ljudochbild\/wp-content\/uploads\/2019\/08\/WidstromUC_large-e1565879061798.jpeg\",\"contentUrl\":\"https:\/\/litteraturbanken.se\/ljudochbild\/wp-content\/uploads\/2019\/08\/WidstromUC_large-e1565879061798.jpeg\",\"width\":359,\"height\":600},{\"@type\":\"BreadcrumbList\",\"@id\":\"https:\/\/litteraturbanken.se\/ljudochbild\/forfattare\/widstromuc\/#breadcrumb\",\"itemListElement\":[{\"@type\":\"ListItem\",\"position\":1,\"name\":\"Hem\",\"item\":\"https:\/\/litteraturbanken.se\/ljudochbild\/\"},{\"@type\":\"ListItem\",\"position\":2,\"name\":\"F\u00f6rfattare\",\"item\":\"https:\/\/litteraturbanken.se\/ljudochbild\/forfattare\/\"},{\"@type\":\"ListItem\",\"position\":3,\"name\":\"Ulrica Carolina Widstr\u00f6m (1764\u20131841)\"}]},{\"@type\":\"WebSite\",\"@id\":\"https:\/\/litteraturbanken.se\/ljudochbild\/#website\",\"url\":\"https:\/\/litteraturbanken.se\/ljudochbild\/\",\"name\":\"Ljud & Bild\",\"description\":\"Ur Litteraturbankens samlingar\",\"potentialAction\":[{\"@type\":\"SearchAction\",\"target\":{\"@type\":\"EntryPoint\",\"urlTemplate\":\"https:\/\/litteraturbanken.se\/ljudochbild\/?s={search_term_string}\"},\"query-input\":{\"@type\":\"PropertyValueSpecification\",\"valueRequired\":true,\"valueName\":\"search_term_string\"}}],\"inLanguage\":\"sv-SE\"}]}<\/script>\n<!-- \/ Yoast SEO plugin. -->","yoast_head_json":{"title":"Ulrica Carolina Widstr\u00f6m (1764\u20131841) - Ljud &amp; Bild","robots":{"index":"index","follow":"follow","max-snippet":"max-snippet:-1","max-image-preview":"max-image-preview:large","max-video-preview":"max-video-preview:-1"},"canonical":"https:\/\/litteraturbanken.se\/ljudochbild\/forfattare\/widstromuc\/","og_locale":"sv_SE","og_type":"article","og_title":"Ulrica Carolina Widstr\u00f6m (1764\u20131841) - Ljud &amp; Bild","og_description":"\u201dULRICA CAROLINA WIDSTR\u00d6M, f. Forssberg (1764\u20131841), poet och \u00f6vers\u00e4ttare. F\u00f6dd som dotter till ett par hovtj\u00e4nare, kom Widstr\u00f6m att tidigt umg\u00e5s med bl.a. Gj\u00f6rwell, Thorild, Lidner och Leopold; de tv\u00e5 sistn\u00e4mnda \u00e4gnade henne varsin dikt. Efter att under [&hellip;]","og_url":"https:\/\/litteraturbanken.se\/ljudochbild\/forfattare\/widstromuc\/","og_site_name":"Ljud &amp; Bild","article_publisher":"https:\/\/www.facebook.com\/Litteraturbanken.se","article_modified_time":"2024-09-17T13:48:13+00:00","og_image":[{"width":359,"height":600,"url":"https:\/\/litteraturbanken.se\/ljudochbild\/wp-content\/uploads\/2019\/08\/WidstromUC_large-e1565879061798.jpeg","type":"image\/jpeg"}],"twitter_card":"summary_large_image","twitter_site":"@litteraturbank","twitter_misc":{"Ber\u00e4knad l\u00e4stid":"2 minuter"},"schema":{"@context":"https:\/\/schema.org","@graph":[{"@type":"WebPage","@id":"https:\/\/litteraturbanken.se\/ljudochbild\/forfattare\/widstromuc\/","url":"https:\/\/litteraturbanken.se\/ljudochbild\/forfattare\/widstromuc\/","name":"Ulrica Carolina Widstr\u00f6m (1764\u20131841) - Ljud &amp; Bild","isPartOf":{"@id":"https:\/\/litteraturbanken.se\/ljudochbild\/#website"},"primaryImageOfPage":{"@id":"https:\/\/litteraturbanken.se\/ljudochbild\/forfattare\/widstromuc\/#primaryimage"},"image":{"@id":"https:\/\/litteraturbanken.se\/ljudochbild\/forfattare\/widstromuc\/#primaryimage"},"thumbnailUrl":"https:\/\/litteraturbanken.se\/ljudochbild\/wp-content\/uploads\/2019\/08\/WidstromUC_large-e1565879061798.jpeg","datePublished":"2019-08-13T14:35:40+00:00","dateModified":"2024-09-17T13:48:13+00:00","breadcrumb":{"@id":"https:\/\/litteraturbanken.se\/ljudochbild\/forfattare\/widstromuc\/#breadcrumb"},"inLanguage":"sv-SE","potentialAction":[{"@type":"ReadAction","target":["https:\/\/litteraturbanken.se\/ljudochbild\/forfattare\/widstromuc\/"]}]},{"@type":"ImageObject","inLanguage":"sv-SE","@id":"https:\/\/litteraturbanken.se\/ljudochbild\/forfattare\/widstromuc\/#primaryimage","url":"https:\/\/litteraturbanken.se\/ljudochbild\/wp-content\/uploads\/2019\/08\/WidstromUC_large-e1565879061798.jpeg","contentUrl":"https:\/\/litteraturbanken.se\/ljudochbild\/wp-content\/uploads\/2019\/08\/WidstromUC_large-e1565879061798.jpeg","width":359,"height":600},{"@type":"BreadcrumbList","@id":"https:\/\/litteraturbanken.se\/ljudochbild\/forfattare\/widstromuc\/#breadcrumb","itemListElement":[{"@type":"ListItem","position":1,"name":"Hem","item":"https:\/\/litteraturbanken.se\/ljudochbild\/"},{"@type":"ListItem","position":2,"name":"F\u00f6rfattare","item":"https:\/\/litteraturbanken.se\/ljudochbild\/forfattare\/"},{"@type":"ListItem","position":3,"name":"Ulrica Carolina Widstr\u00f6m (1764\u20131841)"}]},{"@type":"WebSite","@id":"https:\/\/litteraturbanken.se\/ljudochbild\/#website","url":"https:\/\/litteraturbanken.se\/ljudochbild\/","name":"Ljud & Bild","description":"Ur Litteraturbankens samlingar","potentialAction":[{"@type":"SearchAction","target":{"@type":"EntryPoint","urlTemplate":"https:\/\/litteraturbanken.se\/ljudochbild\/?s={search_term_string}"},"query-input":{"@type":"PropertyValueSpecification","valueRequired":true,"valueName":"search_term_string"}}],"inLanguage":"sv-SE"}]}},"_links":{"self":[{"href":"https:\/\/litteraturbanken.se\/ljudochbild\/wp-json\/wp\/v2\/pages\/729","targetHints":{"allow":["GET"]}}],"collection":[{"href":"https:\/\/litteraturbanken.se\/ljudochbild\/wp-json\/wp\/v2\/pages"}],"about":[{"href":"https:\/\/litteraturbanken.se\/ljudochbild\/wp-json\/wp\/v2\/types\/page"}],"author":[{"embeddable":true,"href":"https:\/\/litteraturbanken.se\/ljudochbild\/wp-json\/wp\/v2\/users\/1"}],"replies":[{"embeddable":true,"href":"https:\/\/litteraturbanken.se\/ljudochbild\/wp-json\/wp\/v2\/comments?post=729"}],"version-history":[{"count":5,"href":"https:\/\/litteraturbanken.se\/ljudochbild\/wp-json\/wp\/v2\/pages\/729\/revisions"}],"predecessor-version":[{"id":12291,"href":"https:\/\/litteraturbanken.se\/ljudochbild\/wp-json\/wp\/v2\/pages\/729\/revisions\/12291"}],"up":[{"embeddable":true,"href":"https:\/\/litteraturbanken.se\/ljudochbild\/wp-json\/wp\/v2\/pages\/7"}],"wp:featuredmedia":[{"embeddable":true,"href":"https:\/\/litteraturbanken.se\/ljudochbild\/wp-json\/wp\/v2\/media\/815"}],"wp:attachment":[{"href":"https:\/\/litteraturbanken.se\/ljudochbild\/wp-json\/wp\/v2\/media?parent=729"}],"curies":[{"name":"wp","href":"https:\/\/api.w.org\/{rel}","templated":true}]}}