{"id":731,"date":"2019-08-13T16:36:21","date_gmt":"2019-08-13T14:36:21","guid":{"rendered":"http:\/\/ordfabriken.org\/ljud\/?page_id=731"},"modified":"2024-09-17T15:49:42","modified_gmt":"2024-09-17T13:49:42","slug":"winem","status":"publish","type":"page","link":"https:\/\/litteraturbanken.se\/ljudochbild\/forfattare\/winem\/","title":{"rendered":"Maria Wine (1912\u20132003)"},"content":{"rendered":"<div class=\"wp-block-image\">\n<figure class=\"alignright\"><img loading=\"lazy\" decoding=\"async\" width=\"220\" height=\"300\" src=\"https:\/\/litteraturbanken.se\/ljudochbild\/wp-content\/uploads\/2019\/08\/WineM_large-220x300.jpeg\" alt=\"\" class=\"wp-image-818\" srcset=\"https:\/\/litteraturbanken.se\/ljudochbild\/wp-content\/uploads\/2019\/08\/WineM_large-220x300.jpeg 220w, https:\/\/litteraturbanken.se\/ljudochbild\/wp-content\/uploads\/2019\/08\/WineM_large.jpeg 360w\" sizes=\"auto, (max-width: 220px) 100vw, 220px\" \/><figcaption class=\"wp-element-caption\"><em>Fotografi av en ok\u00e4nd fotograf.<\/em><\/figcaption><\/figure>\n<\/div>\n\n\n<p>\u201dBarndomens s\u00e5r l\u00e4ks aldrig helt, s\u00e4ger MARIA WINE (1912\u20132003) i den sena samlingen\u00a0<em>Den bevingade dr\u00f6mmen<\/em> (1987). Wine f\u00f6ddes i K\u00f6penhamn som Karla Marie Petersen; hon l\u00e4mnades som fyra\u00e5ring till ett barnhem och fick fosterf\u00f6r\u00e4ldrar fr\u00e5n tio \u00e5rs \u00e5lder. Avsaknaden av band till de biologiska f\u00f6r\u00e4ldrarna, uppv\u00e4xtens otrygghet och den samtidiga l\u00e4ngtan efter och skr\u00e4cken f\u00f6r att bli vuxen \u00e4r \u00e5terkommande teman hos Wine. I en annan dikt i samma bok beskriver hon sin tomh\u00e4nta vuxenhet och undrar var det barn g\u00f6mmer sig som \u2019var b\u00f6rjan till mitt \/ livs l\u00e5nga dikt\u2019.\u201d<\/p>\n\n\n\n<p>Stycket ovanf\u00f6r kommer ur Jonas Ellerstr\u00f6ms introduktion av Maria Wine hos Litteraturbanken.<\/p>\n\n\n\n<div class=\"wp-block-buttons is-layout-flex wp-block-buttons-is-layout-flex\">\n<div class=\"wp-block-button has-custom-font-size read-more-button\" style=\"font-size:14px\"><a class=\"wp-block-button__link has-white-color has-text-color has-background wp-element-button\" href=\"https:\/\/litteraturbanken.se\/f%C3%B6rfattare\/WineM\" style=\"border-radius:0px;background-color:#cd2400\" target=\"_blank\" rel=\"noopener\"><strong>L\u00c4S MER OM <strong>MARIA WINE<\/strong><\/strong><\/a><\/div>\n\n\n\n<div class=\"wp-block-button has-custom-font-size read-more-button\" style=\"font-size:14px\"><a class=\"wp-block-button__link has-white-color has-text-color has-background wp-element-button\" href=\"https:\/\/litteraturbanken.se\/f%C3%B6rfattare\/WineM\/titlar\" style=\"border-radius:0px;background-color:#cd2400\" target=\"_blank\" rel=\"noopener\"><strong>L\u00c4S MARIA WINES VERK HOS LB.SE<\/strong><\/a><\/div>\n<\/div>\n\n\n\n<div style=\"height:20px\" aria-hidden=\"true\" class=\"wp-block-spacer\"><\/div>\n\n\n\n<div class=\"wp-playlist wp-audio-playlist wp-playlist-light\">\n\t\t\t<div class=\"wp-playlist-current-item\"><\/div>\n\t\t<audio controls=\"controls\" preload=\"none\" width=\"618\"\n\t\t\t><\/audio>\n\t<div class=\"wp-playlist-next\"><\/div>\n\t<div class=\"wp-playlist-prev\"><\/div>\n\t<noscript>\n\t<ol>\n\t\t<li><a href='https:\/\/litteraturbanken.se\/ljudochbild\/wp-content\/uploads\/2022\/11\/wine_forsokinteaterkallaborjan_ekblad.mp3'>F\u00f6rs\u00f6k inte \u00e5terkalla b\u00f6rjan<\/a><\/li><li><a href='https:\/\/litteraturbanken.se\/ljudochbild\/wp-content\/uploads\/2022\/11\/wine_inomvarjediktlyserenlitenlampa_ekblad.mp3'>Inom varje dikt lyser en liten lampa<\/a><\/li><li><a href='https:\/\/litteraturbanken.se\/ljudochbild\/wp-content\/uploads\/2019\/09\/wine_ivartblindakaos_mattson.mp3'>I v\u00e5rt blinda kaos<\/a><\/li><li><a href='https:\/\/litteraturbanken.se\/ljudochbild\/wp-content\/uploads\/2019\/09\/wine_lyssnerskan_mattson.mp3'>Lyssnerskan<\/a><\/li><li><a href='https:\/\/litteraturbanken.se\/ljudochbild\/wp-content\/uploads\/2019\/09\/wine_nattenharslagitupp_mattson.mp3'>Natten har slagit upp sitt paraply<\/a><\/li><li><a href='https:\/\/litteraturbanken.se\/ljudochbild\/wp-content\/uploads\/2019\/09\/wine_ochstannavidtradets_mattson.mp3'>Och stanna vid tr\u00e4dets vackra fot<\/a><\/li><li><a href='https:\/\/litteraturbanken.se\/ljudochbild\/wp-content\/uploads\/2022\/11\/wine_vardetidrommen_ekblad.mp3'>Var det i dr\u00f6mmen<\/a><\/li>\t<\/ol>\n\t<\/noscript>\n\t<script type=\"application\/json\" class=\"wp-playlist-script\">{\"type\":\"audio\",\"tracklist\":true,\"tracknumbers\":true,\"images\":true,\"artists\":true,\"tracks\":[{\"src\":\"https:\/\/litteraturbanken.se\/ljudochbild\/wp-content\/uploads\/2022\/11\/wine_forsokinteaterkallaborjan_ekblad.mp3\",\"type\":\"audio\/mpeg\",\"title\":\"F\\u00f6rs\\u00f6k inte \\u00e5terkalla b\\u00f6rjan\",\"caption\":\"\",\"description\":\"\\u201dF\\u00f6rs\\u00f6k inte \\u00e5terkalla b\\u00f6rjan\\u201d fr\\u00e5n Maria Wine av Stina Ekblad l\\u00e4ser dikter. Sl\\u00e4ppt: 2022.\",\"meta\":{\"artist\":\"Stina Ekblad l\\u00e4ser Maria Wine\",\"album\":\"Maria Wine\",\"year\":\"2022\",\"length_formatted\":\"0:40\"},\"image\":{\"src\":\"https:\/\/litteraturbanken.se\/ljudochbild\/wp-content\/uploads\/2019\/09\/wide_gub_wide-mp3-image.png\",\"width\":580,\"height\":612},\"thumb\":{\"src\":\"https:\/\/litteraturbanken.se\/ljudochbild\/wp-content\/uploads\/2019\/09\/wide_gub_wide-mp3-image-150x150.png\",\"width\":150,\"height\":150}},{\"src\":\"https:\/\/litteraturbanken.se\/ljudochbild\/wp-content\/uploads\/2022\/11\/wine_inomvarjediktlyserenlitenlampa_ekblad.mp3\",\"type\":\"audio\/mpeg\",\"title\":\"Inom varje dikt lyser en liten lampa\",\"caption\":\"\",\"description\":\"\\u201dInom varje dikt lyser en liten lampa\\u201d fr\\u00e5n Maria Wine av Stina Ekblad l\\u00e4ser dikter. Sl\\u00e4ppt: 2022.\",\"meta\":{\"artist\":\"Stina Ekblad l\\u00e4ser Maria Wine\",\"album\":\"Maria Wine\",\"year\":\"2022\",\"length_formatted\":\"0:49\"},\"image\":{\"src\":\"https:\/\/litteraturbanken.se\/ljudochbild\/wp-content\/uploads\/2019\/09\/wide_gub_wide-mp3-image.png\",\"width\":580,\"height\":612},\"thumb\":{\"src\":\"https:\/\/litteraturbanken.se\/ljudochbild\/wp-content\/uploads\/2019\/09\/wide_gub_wide-mp3-image-150x150.png\",\"width\":150,\"height\":150}},{\"src\":\"https:\/\/litteraturbanken.se\/ljudochbild\/wp-content\/uploads\/2019\/09\/wine_ivartblindakaos_mattson.mp3\",\"type\":\"audio\/mpeg\",\"title\":\"I v\\u00e5rt blinda kaos\",\"caption\":\"\",\"description\":\"\\\"I v\\u00e5rt blinda kaos\\\" fr\\u00e5n Ellen Mattson av Wine, Maria.\",\"meta\":{\"artist\":\"Ellen Mattson l\\u00e4ser Maria Wine\",\"album\":\"Maria Wine\",\"length_formatted\":\"2:18\"},\"image\":{\"src\":\"https:\/\/litteraturbanken.se\/ljudochbild\/wp-content\/plugins\/media-library-assistant\/images\/crystal\/audio.png\",\"width\":48,\"height\":64},\"thumb\":{\"src\":\"https:\/\/litteraturbanken.se\/ljudochbild\/wp-content\/plugins\/media-library-assistant\/images\/crystal\/audio.png\",\"width\":48,\"height\":64}},{\"src\":\"https:\/\/litteraturbanken.se\/ljudochbild\/wp-content\/uploads\/2019\/09\/wine_lyssnerskan_mattson.mp3\",\"type\":\"audio\/mpeg\",\"title\":\"Lyssnerskan\",\"caption\":\"\",\"description\":\"\\\"Lyssnerskan\\\" fr\\u00e5n Ellen Mattson av Wine, Maria.\",\"meta\":{\"artist\":\"Ellen Mattson l\\u00e4ser Maria Wine\",\"album\":\"Maria Wine\",\"length_formatted\":\"1:39\"},\"image\":{\"src\":\"https:\/\/litteraturbanken.se\/ljudochbild\/wp-content\/plugins\/media-library-assistant\/images\/crystal\/audio.png\",\"width\":48,\"height\":64},\"thumb\":{\"src\":\"https:\/\/litteraturbanken.se\/ljudochbild\/wp-content\/plugins\/media-library-assistant\/images\/crystal\/audio.png\",\"width\":48,\"height\":64}},{\"src\":\"https:\/\/litteraturbanken.se\/ljudochbild\/wp-content\/uploads\/2019\/09\/wine_nattenharslagitupp_mattson.mp3\",\"type\":\"audio\/mpeg\",\"title\":\"Natten har slagit upp sitt paraply\",\"caption\":\"\",\"description\":\"\\\"Natten har slagit upp sitt paraply\\\" fr\\u00e5n Ellen Mattson av Wine, Maria.\",\"meta\":{\"artist\":\"Ellen Mattson l\\u00e4ser Maria Wine\",\"album\":\"Maria Wine\",\"length_formatted\":\"0:51\"},\"image\":{\"src\":\"https:\/\/litteraturbanken.se\/ljudochbild\/wp-content\/plugins\/media-library-assistant\/images\/crystal\/audio.png\",\"width\":48,\"height\":64},\"thumb\":{\"src\":\"https:\/\/litteraturbanken.se\/ljudochbild\/wp-content\/plugins\/media-library-assistant\/images\/crystal\/audio.png\",\"width\":48,\"height\":64}},{\"src\":\"https:\/\/litteraturbanken.se\/ljudochbild\/wp-content\/uploads\/2019\/09\/wine_ochstannavidtradets_mattson.mp3\",\"type\":\"audio\/mpeg\",\"title\":\"Och stanna vid tr\\u00e4dets vackra fot\",\"caption\":\"\",\"description\":\"\\\"Och stanna vid tr\\u00e4dets vackra fot\\\" fr\\u00e5n Ellen Mattson av Wine, Maria.\",\"meta\":{\"artist\":\"Ellen Mattson l\\u00e4ser Maria Wine\",\"album\":\"Maria Wine\",\"length_formatted\":\"1:26\"},\"image\":{\"src\":\"https:\/\/litteraturbanken.se\/ljudochbild\/wp-content\/plugins\/media-library-assistant\/images\/crystal\/audio.png\",\"width\":48,\"height\":64},\"thumb\":{\"src\":\"https:\/\/litteraturbanken.se\/ljudochbild\/wp-content\/plugins\/media-library-assistant\/images\/crystal\/audio.png\",\"width\":48,\"height\":64}},{\"src\":\"https:\/\/litteraturbanken.se\/ljudochbild\/wp-content\/uploads\/2022\/11\/wine_vardetidrommen_ekblad.mp3\",\"type\":\"audio\/mpeg\",\"title\":\"Var det i dr\\u00f6mmen\",\"caption\":\"\",\"description\":\"\\u201dVar det i dr\\u00f6mmen\\u201d fr\\u00e5n Maria Wine av Stina Ekblad l\\u00e4ser dikter. Sl\\u00e4ppt: 2022.\",\"meta\":{\"artist\":\"Stina Ekblad l\\u00e4ser Maria Wine\",\"album\":\"Maria Wine\",\"year\":\"2022\",\"length_formatted\":\"2:45\"},\"image\":{\"src\":\"https:\/\/litteraturbanken.se\/ljudochbild\/wp-content\/uploads\/2019\/09\/wide_gub_wide-mp3-image.png\",\"width\":580,\"height\":612},\"thumb\":{\"src\":\"https:\/\/litteraturbanken.se\/ljudochbild\/wp-content\/uploads\/2019\/09\/wide_gub_wide-mp3-image-150x150.png\",\"width\":150,\"height\":150}}]}<\/script>\n<\/div>\n\t\n\n\n<h3 class=\"wp-block-heading author-related-title\">L\u00e4s mer<\/h3>\r\n<div class=\"display-posts-listing grid\"><div class=\"listing-item\"><a class=\"image\" href=\"https:\/\/litteraturbanken.se\/ljudochbild\/2024\/10\/24\/min-hand-ar-langtan\/\"><img loading=\"lazy\" decoding=\"async\" width=\"640\" height=\"832\" src=\"https:\/\/litteraturbanken.se\/ljudochbild\/wp-content\/uploads\/2024\/10\/omslag-788x1024.jpg\" class=\"attachment-large size-large wp-post-image\" alt=\"Min hand \u00e4r l\u00e4ngtan\" srcset=\"https:\/\/litteraturbanken.se\/ljudochbild\/wp-content\/uploads\/2024\/10\/omslag-788x1024.jpg 788w, https:\/\/litteraturbanken.se\/ljudochbild\/wp-content\/uploads\/2024\/10\/omslag-231x300.jpg 231w, https:\/\/litteraturbanken.se\/ljudochbild\/wp-content\/uploads\/2024\/10\/omslag-768x998.jpg 768w, https:\/\/litteraturbanken.se\/ljudochbild\/wp-content\/uploads\/2024\/10\/omslag-480x624.jpg 480w, https:\/\/litteraturbanken.se\/ljudochbild\/wp-content\/uploads\/2024\/10\/omslag.jpg 1154w\" sizes=\"auto, (max-width: 640px) 100vw, 640px\" \/><\/a> <a class=\"title\" href=\"https:\/\/litteraturbanken.se\/ljudochbild\/2024\/10\/24\/min-hand-ar-langtan\/\">Min hand \u00e4r l\u00e4ngtan<\/a><\/div><div class=\"listing-item\"><a class=\"image\" href=\"https:\/\/litteraturbanken.se\/ljudochbild\/2019\/09\/22\/maria-wines-dikter\/\"><img loading=\"lazy\" decoding=\"async\" width=\"640\" height=\"853\" src=\"https:\/\/litteraturbanken.se\/ljudochbild\/wp-content\/uploads\/2018\/03\/30741592_10156217864474761_6139797273099370496_o-e1568813955577-768x1024.jpg\" class=\"attachment-large size-large wp-post-image\" alt=\"\" srcset=\"https:\/\/litteraturbanken.se\/ljudochbild\/wp-content\/uploads\/2018\/03\/30741592_10156217864474761_6139797273099370496_o-e1568813955577-768x1024.jpg 768w, https:\/\/litteraturbanken.se\/ljudochbild\/wp-content\/uploads\/2018\/03\/30741592_10156217864474761_6139797273099370496_o-e1568813955577-225x300.jpg 225w, https:\/\/litteraturbanken.se\/ljudochbild\/wp-content\/uploads\/2018\/03\/30741592_10156217864474761_6139797273099370496_o-e1568813955577-480x640.jpg 480w\" sizes=\"auto, (max-width: 640px) 100vw, 640px\" \/><\/a> <a class=\"title\" href=\"https:\/\/litteraturbanken.se\/ljudochbild\/2019\/09\/22\/maria-wines-dikter\/\">Maria Wines dikter<\/a><\/div><div class=\"listing-item\"><a class=\"image\" href=\"https:\/\/litteraturbanken.se\/ljudochbild\/2022\/11\/28\/stina-ekblad-vinterns-rost\/\"><img loading=\"lazy\" decoding=\"async\" width=\"640\" height=\"820\" src=\"https:\/\/litteraturbanken.se\/ljudochbild\/wp-content\/uploads\/2022\/11\/fjaestad_vinternsrost-799x1024.jpg\" class=\"attachment-large size-large wp-post-image\" alt=\"Vinter, Gustaf Fj\u00e6stad\" srcset=\"https:\/\/litteraturbanken.se\/ljudochbild\/wp-content\/uploads\/2022\/11\/fjaestad_vinternsrost-799x1024.jpg 799w, https:\/\/litteraturbanken.se\/ljudochbild\/wp-content\/uploads\/2022\/11\/fjaestad_vinternsrost-234x300.jpg 234w, https:\/\/litteraturbanken.se\/ljudochbild\/wp-content\/uploads\/2022\/11\/fjaestad_vinternsrost-768x984.jpg 768w, https:\/\/litteraturbanken.se\/ljudochbild\/wp-content\/uploads\/2022\/11\/fjaestad_vinternsrost-1198x1536.jpg 1198w, https:\/\/litteraturbanken.se\/ljudochbild\/wp-content\/uploads\/2022\/11\/fjaestad_vinternsrost-480x615.jpg 480w, https:\/\/litteraturbanken.se\/ljudochbild\/wp-content\/uploads\/2022\/11\/fjaestad_vinternsrost.jpg 1200w\" sizes=\"auto, (max-width: 640px) 100vw, 640px\" \/><\/a> <a class=\"title\" href=\"https:\/\/litteraturbanken.se\/ljudochbild\/2022\/11\/28\/stina-ekblad-vinterns-rost\/\">Vinterns r\u00f6st: Stina Ekblad<\/a><\/div><\/div>\r\n\r\n\n","protected":false},"excerpt":{"rendered":"<p>\u201dBarndomens s\u00e5r l\u00e4ks aldrig helt, s\u00e4ger MARIA WINE (1912\u20132003) i den sena samlingen\u00a0Den bevingade dr\u00f6mmen (1987). Wine f\u00f6ddes i K\u00f6penhamn som Karla Marie Petersen; hon l\u00e4mnades som fyra\u00e5ring till ett barnhem och fick fosterf\u00f6r\u00e4ldrar fr\u00e5n tio \u00e5rs \u00e5lder. [&hellip;]<\/p>\n","protected":false},"author":1,"featured_media":818,"parent":7,"menu_order":0,"comment_status":"closed","ping_status":"closed","template":"","meta":{"footnotes":""},"class_list":["post-731","page","type-page","status-publish","has-post-thumbnail","hentry"],"yoast_head":"<!-- This site is optimized with the Yoast SEO plugin v27.1.1 - https:\/\/yoast.com\/product\/yoast-seo-wordpress\/ -->\n<title>Maria Wine (1912\u20132003) - Ljud &amp; Bild<\/title>\n<meta name=\"robots\" content=\"index, follow, max-snippet:-1, max-image-preview:large, max-video-preview:-1\" \/>\n<link rel=\"canonical\" href=\"https:\/\/litteraturbanken.se\/ljudochbild\/forfattare\/winem\/\" \/>\n<meta property=\"og:locale\" content=\"sv_SE\" \/>\n<meta property=\"og:type\" content=\"article\" \/>\n<meta property=\"og:title\" content=\"Maria Wine (1912\u20132003) - Ljud &amp; Bild\" \/>\n<meta property=\"og:description\" content=\"\u201dBarndomens s\u00e5r l\u00e4ks aldrig helt, s\u00e4ger MARIA WINE (1912\u20132003) i den sena samlingen\u00a0Den bevingade dr\u00f6mmen (1987). Wine f\u00f6ddes i K\u00f6penhamn som Karla Marie Petersen; hon l\u00e4mnades som fyra\u00e5ring till ett barnhem och fick fosterf\u00f6r\u00e4ldrar fr\u00e5n tio \u00e5rs \u00e5lder. [&hellip;]\" \/>\n<meta property=\"og:url\" content=\"https:\/\/litteraturbanken.se\/ljudochbild\/forfattare\/winem\/\" \/>\n<meta property=\"og:site_name\" content=\"Ljud &amp; Bild\" \/>\n<meta property=\"article:publisher\" content=\"https:\/\/www.facebook.com\/Litteraturbanken.se\" \/>\n<meta property=\"article:modified_time\" content=\"2024-09-17T13:49:42+00:00\" \/>\n<meta property=\"og:image\" content=\"https:\/\/litteraturbanken.se\/ljudochbild\/wp-content\/uploads\/2019\/08\/WineM_large.jpeg\" \/>\n\t<meta property=\"og:image:width\" content=\"360\" \/>\n\t<meta property=\"og:image:height\" content=\"490\" \/>\n\t<meta property=\"og:image:type\" content=\"image\/jpeg\" \/>\n<meta name=\"twitter:card\" content=\"summary_large_image\" \/>\n<meta name=\"twitter:site\" content=\"@litteraturbank\" \/>\n<meta name=\"twitter:label1\" content=\"Ber\u00e4knad l\u00e4stid\" \/>\n\t<meta name=\"twitter:data1\" content=\"2 minuter\" \/>\n<script type=\"application\/ld+json\" class=\"yoast-schema-graph\">{\"@context\":\"https:\/\/schema.org\",\"@graph\":[{\"@type\":\"WebPage\",\"@id\":\"https:\/\/litteraturbanken.se\/ljudochbild\/forfattare\/winem\/\",\"url\":\"https:\/\/litteraturbanken.se\/ljudochbild\/forfattare\/winem\/\",\"name\":\"Maria Wine (1912\u20132003) - Ljud &amp; Bild\",\"isPartOf\":{\"@id\":\"https:\/\/litteraturbanken.se\/ljudochbild\/#website\"},\"primaryImageOfPage\":{\"@id\":\"https:\/\/litteraturbanken.se\/ljudochbild\/forfattare\/winem\/#primaryimage\"},\"image\":{\"@id\":\"https:\/\/litteraturbanken.se\/ljudochbild\/forfattare\/winem\/#primaryimage\"},\"thumbnailUrl\":\"https:\/\/litteraturbanken.se\/ljudochbild\/wp-content\/uploads\/2019\/08\/WineM_large.jpeg\",\"datePublished\":\"2019-08-13T14:36:21+00:00\",\"dateModified\":\"2024-09-17T13:49:42+00:00\",\"breadcrumb\":{\"@id\":\"https:\/\/litteraturbanken.se\/ljudochbild\/forfattare\/winem\/#breadcrumb\"},\"inLanguage\":\"sv-SE\",\"potentialAction\":[{\"@type\":\"ReadAction\",\"target\":[\"https:\/\/litteraturbanken.se\/ljudochbild\/forfattare\/winem\/\"]}]},{\"@type\":\"ImageObject\",\"inLanguage\":\"sv-SE\",\"@id\":\"https:\/\/litteraturbanken.se\/ljudochbild\/forfattare\/winem\/#primaryimage\",\"url\":\"https:\/\/litteraturbanken.se\/ljudochbild\/wp-content\/uploads\/2019\/08\/WineM_large.jpeg\",\"contentUrl\":\"https:\/\/litteraturbanken.se\/ljudochbild\/wp-content\/uploads\/2019\/08\/WineM_large.jpeg\",\"width\":360,\"height\":490},{\"@type\":\"BreadcrumbList\",\"@id\":\"https:\/\/litteraturbanken.se\/ljudochbild\/forfattare\/winem\/#breadcrumb\",\"itemListElement\":[{\"@type\":\"ListItem\",\"position\":1,\"name\":\"Hem\",\"item\":\"https:\/\/litteraturbanken.se\/ljudochbild\/\"},{\"@type\":\"ListItem\",\"position\":2,\"name\":\"F\u00f6rfattare\",\"item\":\"https:\/\/litteraturbanken.se\/ljudochbild\/forfattare\/\"},{\"@type\":\"ListItem\",\"position\":3,\"name\":\"Maria Wine (1912\u20132003)\"}]},{\"@type\":\"WebSite\",\"@id\":\"https:\/\/litteraturbanken.se\/ljudochbild\/#website\",\"url\":\"https:\/\/litteraturbanken.se\/ljudochbild\/\",\"name\":\"Ljud & Bild\",\"description\":\"Ur Litteraturbankens samlingar\",\"potentialAction\":[{\"@type\":\"SearchAction\",\"target\":{\"@type\":\"EntryPoint\",\"urlTemplate\":\"https:\/\/litteraturbanken.se\/ljudochbild\/?s={search_term_string}\"},\"query-input\":{\"@type\":\"PropertyValueSpecification\",\"valueRequired\":true,\"valueName\":\"search_term_string\"}}],\"inLanguage\":\"sv-SE\"}]}<\/script>\n<!-- \/ Yoast SEO plugin. -->","yoast_head_json":{"title":"Maria Wine (1912\u20132003) - Ljud &amp; Bild","robots":{"index":"index","follow":"follow","max-snippet":"max-snippet:-1","max-image-preview":"max-image-preview:large","max-video-preview":"max-video-preview:-1"},"canonical":"https:\/\/litteraturbanken.se\/ljudochbild\/forfattare\/winem\/","og_locale":"sv_SE","og_type":"article","og_title":"Maria Wine (1912\u20132003) - Ljud &amp; Bild","og_description":"\u201dBarndomens s\u00e5r l\u00e4ks aldrig helt, s\u00e4ger MARIA WINE (1912\u20132003) i den sena samlingen\u00a0Den bevingade dr\u00f6mmen (1987). Wine f\u00f6ddes i K\u00f6penhamn som Karla Marie Petersen; hon l\u00e4mnades som fyra\u00e5ring till ett barnhem och fick fosterf\u00f6r\u00e4ldrar fr\u00e5n tio \u00e5rs \u00e5lder. [&hellip;]","og_url":"https:\/\/litteraturbanken.se\/ljudochbild\/forfattare\/winem\/","og_site_name":"Ljud &amp; Bild","article_publisher":"https:\/\/www.facebook.com\/Litteraturbanken.se","article_modified_time":"2024-09-17T13:49:42+00:00","og_image":[{"width":360,"height":490,"url":"https:\/\/litteraturbanken.se\/ljudochbild\/wp-content\/uploads\/2019\/08\/WineM_large.jpeg","type":"image\/jpeg"}],"twitter_card":"summary_large_image","twitter_site":"@litteraturbank","twitter_misc":{"Ber\u00e4knad l\u00e4stid":"2 minuter"},"schema":{"@context":"https:\/\/schema.org","@graph":[{"@type":"WebPage","@id":"https:\/\/litteraturbanken.se\/ljudochbild\/forfattare\/winem\/","url":"https:\/\/litteraturbanken.se\/ljudochbild\/forfattare\/winem\/","name":"Maria Wine (1912\u20132003) - Ljud &amp; Bild","isPartOf":{"@id":"https:\/\/litteraturbanken.se\/ljudochbild\/#website"},"primaryImageOfPage":{"@id":"https:\/\/litteraturbanken.se\/ljudochbild\/forfattare\/winem\/#primaryimage"},"image":{"@id":"https:\/\/litteraturbanken.se\/ljudochbild\/forfattare\/winem\/#primaryimage"},"thumbnailUrl":"https:\/\/litteraturbanken.se\/ljudochbild\/wp-content\/uploads\/2019\/08\/WineM_large.jpeg","datePublished":"2019-08-13T14:36:21+00:00","dateModified":"2024-09-17T13:49:42+00:00","breadcrumb":{"@id":"https:\/\/litteraturbanken.se\/ljudochbild\/forfattare\/winem\/#breadcrumb"},"inLanguage":"sv-SE","potentialAction":[{"@type":"ReadAction","target":["https:\/\/litteraturbanken.se\/ljudochbild\/forfattare\/winem\/"]}]},{"@type":"ImageObject","inLanguage":"sv-SE","@id":"https:\/\/litteraturbanken.se\/ljudochbild\/forfattare\/winem\/#primaryimage","url":"https:\/\/litteraturbanken.se\/ljudochbild\/wp-content\/uploads\/2019\/08\/WineM_large.jpeg","contentUrl":"https:\/\/litteraturbanken.se\/ljudochbild\/wp-content\/uploads\/2019\/08\/WineM_large.jpeg","width":360,"height":490},{"@type":"BreadcrumbList","@id":"https:\/\/litteraturbanken.se\/ljudochbild\/forfattare\/winem\/#breadcrumb","itemListElement":[{"@type":"ListItem","position":1,"name":"Hem","item":"https:\/\/litteraturbanken.se\/ljudochbild\/"},{"@type":"ListItem","position":2,"name":"F\u00f6rfattare","item":"https:\/\/litteraturbanken.se\/ljudochbild\/forfattare\/"},{"@type":"ListItem","position":3,"name":"Maria Wine (1912\u20132003)"}]},{"@type":"WebSite","@id":"https:\/\/litteraturbanken.se\/ljudochbild\/#website","url":"https:\/\/litteraturbanken.se\/ljudochbild\/","name":"Ljud & Bild","description":"Ur Litteraturbankens samlingar","potentialAction":[{"@type":"SearchAction","target":{"@type":"EntryPoint","urlTemplate":"https:\/\/litteraturbanken.se\/ljudochbild\/?s={search_term_string}"},"query-input":{"@type":"PropertyValueSpecification","valueRequired":true,"valueName":"search_term_string"}}],"inLanguage":"sv-SE"}]}},"_links":{"self":[{"href":"https:\/\/litteraturbanken.se\/ljudochbild\/wp-json\/wp\/v2\/pages\/731","targetHints":{"allow":["GET"]}}],"collection":[{"href":"https:\/\/litteraturbanken.se\/ljudochbild\/wp-json\/wp\/v2\/pages"}],"about":[{"href":"https:\/\/litteraturbanken.se\/ljudochbild\/wp-json\/wp\/v2\/types\/page"}],"author":[{"embeddable":true,"href":"https:\/\/litteraturbanken.se\/ljudochbild\/wp-json\/wp\/v2\/users\/1"}],"replies":[{"embeddable":true,"href":"https:\/\/litteraturbanken.se\/ljudochbild\/wp-json\/wp\/v2\/comments?post=731"}],"version-history":[{"count":8,"href":"https:\/\/litteraturbanken.se\/ljudochbild\/wp-json\/wp\/v2\/pages\/731\/revisions"}],"predecessor-version":[{"id":12293,"href":"https:\/\/litteraturbanken.se\/ljudochbild\/wp-json\/wp\/v2\/pages\/731\/revisions\/12293"}],"up":[{"embeddable":true,"href":"https:\/\/litteraturbanken.se\/ljudochbild\/wp-json\/wp\/v2\/pages\/7"}],"wp:featuredmedia":[{"embeddable":true,"href":"https:\/\/litteraturbanken.se\/ljudochbild\/wp-json\/wp\/v2\/media\/818"}],"wp:attachment":[{"href":"https:\/\/litteraturbanken.se\/ljudochbild\/wp-json\/wp\/v2\/media?parent=731"}],"curies":[{"name":"wp","href":"https:\/\/api.w.org\/{rel}","templated":true}]}}