{"id":733,"date":"2019-08-13T16:37:04","date_gmt":"2019-08-13T14:37:04","guid":{"rendered":"http:\/\/ordfabriken.org\/ljud\/?page_id=733"},"modified":"2024-09-17T15:51:32","modified_gmt":"2024-09-17T13:51:32","slug":"wivalliusl","status":"publish","type":"page","link":"https:\/\/litteraturbanken.se\/ljudochbild\/forfattare\/wivalliusl\/","title":{"rendered":"Lars Wivallius (1605\u20131669)"},"content":{"rendered":"\n<p>\u201dLARS WIVALLIUS (1605\u20131669) kom till v\u00e4rlden som Lars Svensson, men tog sedermera sitt nya namn efter sl\u00e4ktens g\u00e5rd Vivalla. Efter en kort (och oavslutad) studentperiod i Uppsala gav han sig ut p\u00e5 kontinenten i en extravagant Grand Tour helt p\u00e5 eget bev\u00e5g. Utan pengar och utan egentliga kontakter hade Wivallius endast sig sj\u00e4lv att lita till, och f\u00f6r att ta sig fram i de kretsar han ans\u00e5g sig tillh\u00f6ra utgav han sig f\u00f6r att vara adelsman; \u2019Svanto Steinbock\u2019 var ett av de namn han anv\u00e4nde, \u2019Erik Gyllenstierna\u2019 \u2013 friherre \u2013 ett annat. En enkel v\u00e4g till framg\u00e5ng var nu inte denna bedr\u00e4geriets strategi. Ett \u00e5r i f\u00e4ngelse i N\u00fcrnberg vittnar om motg\u00e5ngar.\u201d<\/p>\n\n\n\n<p>Stycket ovanf\u00f6r kommer ur Dick Cla\u00e9ssons introduktion av Lars Wivallius hos Litteraturbanken.<\/p>\n\n\n\n<div class=\"wp-block-buttons is-layout-flex wp-block-buttons-is-layout-flex\">\n<div class=\"wp-block-button has-custom-font-size read-more-button\" style=\"font-size:14px\"><a class=\"wp-block-button__link has-white-color has-text-color has-background wp-element-button\" href=\"https:\/\/litteraturbanken.se\/f%C3%B6rfattare\/WivalliusL\" style=\"border-radius:0px;background-color:#cd2400\" target=\"_blank\" rel=\"noopener\"><strong>L\u00c4S MER OM LARS WIVALLIUS<\/strong><\/a><\/div>\n\n\n\n<div class=\"wp-block-button has-custom-font-size read-more-button\" style=\"font-size:14px\"><a class=\"wp-block-button__link has-white-color has-text-color has-background wp-element-button\" href=\"https:\/\/litteraturbanken.se\/f%C3%B6rfattare\/WivalliusL\/titlar\" style=\"border-radius:0px;background-color:#cd2400\" target=\"_blank\" rel=\"noopener\"><strong>L\u00c4S LARS WIVALLIUSS VERK HOS LB.SE<\/strong><\/a><\/div>\n<\/div>\n\n\n\n<div style=\"height:20px\" aria-hidden=\"true\" class=\"wp-block-spacer\"><\/div>\n\n\n\n<div class=\"wp-playlist wp-audio-playlist wp-playlist-light\">\n\t\t\t<div class=\"wp-playlist-current-item\"><\/div>\n\t\t<audio controls=\"controls\" preload=\"none\" width=\"618\"\n\t\t\t><\/audio>\n\t<div class=\"wp-playlist-next\"><\/div>\n\t<div class=\"wp-playlist-prev\"><\/div>\n\t<noscript>\n\t<ol>\n\t\t<li><a href='https:\/\/litteraturbanken.se\/ljudochbild\/wp-content\/uploads\/2019\/09\/wivallius_klagewijsaofwerthennatorraochkallawaahr_bagge.mp3'>Klage-Wijsa \u00d6fwer Thenna torra och kalla W\u00e5\u00e5hr<\/a><\/li><li><a href='https:\/\/litteraturbanken.se\/ljudochbild\/wp-content\/uploads\/2019\/09\/wivallius_minhjartanstrostochlilja_bagge.mp3'>Min hj\u00e4rtans tr\u00f6st och lilja<\/a><\/li>\t<\/ol>\n\t<\/noscript>\n\t<script type=\"application\/json\" class=\"wp-playlist-script\">{\"type\":\"audio\",\"tracklist\":true,\"tracknumbers\":true,\"images\":true,\"artists\":true,\"tracks\":[{\"src\":\"https:\/\/litteraturbanken.se\/ljudochbild\/wp-content\/uploads\/2019\/09\/wivallius_klagewijsaofwerthennatorraochkallawaahr_bagge.mp3\",\"type\":\"audio\/mpeg\",\"title\":\"Klage-Wijsa \\u00d6fwer Thenna torra och kalla W\\u00e5\\u00e5hr\",\"caption\":\"\",\"description\":\"\\\"Klage-Wijsa \\u00d6fwer Thenna torra och kalla W\\u00e5\\u00e5hr\\\" fr\\u00e5n Martin Bagges musikaliska vandring (del 3 av 5) av Martin Bagge. Sp\\u00e5r 2 av 5.\",\"meta\":{\"artist\":\"Martin Bagge framf\\u00f6r Lars Wivallius\",\"album\":\"Lars Wivallius\",\"length_formatted\":\"4:09\"},\"image\":{\"src\":\"https:\/\/litteraturbanken.se\/ljudochbild\/wp-content\/plugins\/media-library-assistant\/images\/crystal\/audio.png\",\"width\":48,\"height\":64},\"thumb\":{\"src\":\"https:\/\/litteraturbanken.se\/ljudochbild\/wp-content\/plugins\/media-library-assistant\/images\/crystal\/audio.png\",\"width\":48,\"height\":64}},{\"src\":\"https:\/\/litteraturbanken.se\/ljudochbild\/wp-content\/uploads\/2019\/09\/wivallius_minhjartanstrostochlilja_bagge.mp3\",\"type\":\"audio\/mpeg\",\"title\":\"Min hj\\u00e4rtans tr\\u00f6st och lilja\",\"caption\":\"\",\"description\":\"\\\"Min hj\\u00e4rtans tr\\u00f6st och lilja\\\" fr\\u00e5n Martin Bagges musikaliska vandring (del 1 av 5). Sl\\u00e4ppt: 2017. Sp\\u00e5r 6 av 6. Genre: Vocal.\",\"meta\":{\"artist\":\"Martin Bagge framf\\u00f6r Lars Wivallius\",\"album\":\"Lars Wivallius\",\"genre\":\"Vocal\",\"year\":\"2017\",\"length_formatted\":\"3:38\"},\"image\":{\"src\":\"https:\/\/litteraturbanken.se\/ljudochbild\/wp-content\/plugins\/media-library-assistant\/images\/crystal\/audio.png\",\"width\":48,\"height\":64},\"thumb\":{\"src\":\"https:\/\/litteraturbanken.se\/ljudochbild\/wp-content\/plugins\/media-library-assistant\/images\/crystal\/audio.png\",\"width\":48,\"height\":64}}]}<\/script>\n<\/div>\n\t\n","protected":false},"excerpt":{"rendered":"<p>\u201dLARS WIVALLIUS (1605\u20131669) kom till v\u00e4rlden som Lars Svensson, men tog sedermera sitt nya namn efter sl\u00e4ktens g\u00e5rd Vivalla. Efter en kort (och oavslutad) studentperiod i Uppsala gav han sig ut p\u00e5 kontinenten i en extravagant Grand Tour [&hellip;]<\/p>\n","protected":false},"author":1,"featured_media":0,"parent":7,"menu_order":0,"comment_status":"closed","ping_status":"closed","template":"","meta":{"footnotes":""},"class_list":["post-733","page","type-page","status-publish","hentry"],"yoast_head":"<!-- This site is optimized with the Yoast SEO plugin v27.1.1 - https:\/\/yoast.com\/product\/yoast-seo-wordpress\/ -->\n<title>Lars Wivallius (1605\u20131669) - Ljud &amp; Bild<\/title>\n<meta name=\"robots\" content=\"index, follow, max-snippet:-1, max-image-preview:large, max-video-preview:-1\" \/>\n<link rel=\"canonical\" href=\"https:\/\/litteraturbanken.se\/ljudochbild\/forfattare\/wivalliusl\/\" \/>\n<meta property=\"og:locale\" content=\"sv_SE\" \/>\n<meta property=\"og:type\" content=\"article\" \/>\n<meta property=\"og:title\" content=\"Lars Wivallius (1605\u20131669) - Ljud &amp; Bild\" \/>\n<meta property=\"og:description\" content=\"\u201dLARS WIVALLIUS (1605\u20131669) kom till v\u00e4rlden som Lars Svensson, men tog sedermera sitt nya namn efter sl\u00e4ktens g\u00e5rd Vivalla. Efter en kort (och oavslutad) studentperiod i Uppsala gav han sig ut p\u00e5 kontinenten i en extravagant Grand Tour [&hellip;]\" \/>\n<meta property=\"og:url\" content=\"https:\/\/litteraturbanken.se\/ljudochbild\/forfattare\/wivalliusl\/\" \/>\n<meta property=\"og:site_name\" content=\"Ljud &amp; Bild\" \/>\n<meta property=\"article:publisher\" content=\"https:\/\/www.facebook.com\/Litteraturbanken.se\" \/>\n<meta property=\"article:modified_time\" content=\"2024-09-17T13:51:32+00:00\" \/>\n<meta name=\"twitter:card\" content=\"summary_large_image\" \/>\n<meta name=\"twitter:site\" content=\"@litteraturbank\" \/>\n<meta name=\"twitter:label1\" content=\"Ber\u00e4knad l\u00e4stid\" \/>\n\t<meta name=\"twitter:data1\" content=\"1 minut\" \/>\n<script type=\"application\/ld+json\" class=\"yoast-schema-graph\">{\"@context\":\"https:\/\/schema.org\",\"@graph\":[{\"@type\":\"WebPage\",\"@id\":\"https:\/\/litteraturbanken.se\/ljudochbild\/forfattare\/wivalliusl\/\",\"url\":\"https:\/\/litteraturbanken.se\/ljudochbild\/forfattare\/wivalliusl\/\",\"name\":\"Lars Wivallius (1605\u20131669) - Ljud &amp; Bild\",\"isPartOf\":{\"@id\":\"https:\/\/litteraturbanken.se\/ljudochbild\/#website\"},\"datePublished\":\"2019-08-13T14:37:04+00:00\",\"dateModified\":\"2024-09-17T13:51:32+00:00\",\"breadcrumb\":{\"@id\":\"https:\/\/litteraturbanken.se\/ljudochbild\/forfattare\/wivalliusl\/#breadcrumb\"},\"inLanguage\":\"sv-SE\",\"potentialAction\":[{\"@type\":\"ReadAction\",\"target\":[\"https:\/\/litteraturbanken.se\/ljudochbild\/forfattare\/wivalliusl\/\"]}]},{\"@type\":\"BreadcrumbList\",\"@id\":\"https:\/\/litteraturbanken.se\/ljudochbild\/forfattare\/wivalliusl\/#breadcrumb\",\"itemListElement\":[{\"@type\":\"ListItem\",\"position\":1,\"name\":\"Hem\",\"item\":\"https:\/\/litteraturbanken.se\/ljudochbild\/\"},{\"@type\":\"ListItem\",\"position\":2,\"name\":\"F\u00f6rfattare\",\"item\":\"https:\/\/litteraturbanken.se\/ljudochbild\/forfattare\/\"},{\"@type\":\"ListItem\",\"position\":3,\"name\":\"Lars Wivallius (1605\u20131669)\"}]},{\"@type\":\"WebSite\",\"@id\":\"https:\/\/litteraturbanken.se\/ljudochbild\/#website\",\"url\":\"https:\/\/litteraturbanken.se\/ljudochbild\/\",\"name\":\"Ljud & Bild\",\"description\":\"Ur Litteraturbankens samlingar\",\"potentialAction\":[{\"@type\":\"SearchAction\",\"target\":{\"@type\":\"EntryPoint\",\"urlTemplate\":\"https:\/\/litteraturbanken.se\/ljudochbild\/?s={search_term_string}\"},\"query-input\":{\"@type\":\"PropertyValueSpecification\",\"valueRequired\":true,\"valueName\":\"search_term_string\"}}],\"inLanguage\":\"sv-SE\"}]}<\/script>\n<!-- \/ Yoast SEO plugin. -->","yoast_head_json":{"title":"Lars Wivallius (1605\u20131669) - Ljud &amp; Bild","robots":{"index":"index","follow":"follow","max-snippet":"max-snippet:-1","max-image-preview":"max-image-preview:large","max-video-preview":"max-video-preview:-1"},"canonical":"https:\/\/litteraturbanken.se\/ljudochbild\/forfattare\/wivalliusl\/","og_locale":"sv_SE","og_type":"article","og_title":"Lars Wivallius (1605\u20131669) - Ljud &amp; Bild","og_description":"\u201dLARS WIVALLIUS (1605\u20131669) kom till v\u00e4rlden som Lars Svensson, men tog sedermera sitt nya namn efter sl\u00e4ktens g\u00e5rd Vivalla. Efter en kort (och oavslutad) studentperiod i Uppsala gav han sig ut p\u00e5 kontinenten i en extravagant Grand Tour [&hellip;]","og_url":"https:\/\/litteraturbanken.se\/ljudochbild\/forfattare\/wivalliusl\/","og_site_name":"Ljud &amp; Bild","article_publisher":"https:\/\/www.facebook.com\/Litteraturbanken.se","article_modified_time":"2024-09-17T13:51:32+00:00","twitter_card":"summary_large_image","twitter_site":"@litteraturbank","twitter_misc":{"Ber\u00e4knad l\u00e4stid":"1 minut"},"schema":{"@context":"https:\/\/schema.org","@graph":[{"@type":"WebPage","@id":"https:\/\/litteraturbanken.se\/ljudochbild\/forfattare\/wivalliusl\/","url":"https:\/\/litteraturbanken.se\/ljudochbild\/forfattare\/wivalliusl\/","name":"Lars Wivallius (1605\u20131669) - Ljud &amp; Bild","isPartOf":{"@id":"https:\/\/litteraturbanken.se\/ljudochbild\/#website"},"datePublished":"2019-08-13T14:37:04+00:00","dateModified":"2024-09-17T13:51:32+00:00","breadcrumb":{"@id":"https:\/\/litteraturbanken.se\/ljudochbild\/forfattare\/wivalliusl\/#breadcrumb"},"inLanguage":"sv-SE","potentialAction":[{"@type":"ReadAction","target":["https:\/\/litteraturbanken.se\/ljudochbild\/forfattare\/wivalliusl\/"]}]},{"@type":"BreadcrumbList","@id":"https:\/\/litteraturbanken.se\/ljudochbild\/forfattare\/wivalliusl\/#breadcrumb","itemListElement":[{"@type":"ListItem","position":1,"name":"Hem","item":"https:\/\/litteraturbanken.se\/ljudochbild\/"},{"@type":"ListItem","position":2,"name":"F\u00f6rfattare","item":"https:\/\/litteraturbanken.se\/ljudochbild\/forfattare\/"},{"@type":"ListItem","position":3,"name":"Lars Wivallius (1605\u20131669)"}]},{"@type":"WebSite","@id":"https:\/\/litteraturbanken.se\/ljudochbild\/#website","url":"https:\/\/litteraturbanken.se\/ljudochbild\/","name":"Ljud & Bild","description":"Ur Litteraturbankens samlingar","potentialAction":[{"@type":"SearchAction","target":{"@type":"EntryPoint","urlTemplate":"https:\/\/litteraturbanken.se\/ljudochbild\/?s={search_term_string}"},"query-input":{"@type":"PropertyValueSpecification","valueRequired":true,"valueName":"search_term_string"}}],"inLanguage":"sv-SE"}]}},"_links":{"self":[{"href":"https:\/\/litteraturbanken.se\/ljudochbild\/wp-json\/wp\/v2\/pages\/733","targetHints":{"allow":["GET"]}}],"collection":[{"href":"https:\/\/litteraturbanken.se\/ljudochbild\/wp-json\/wp\/v2\/pages"}],"about":[{"href":"https:\/\/litteraturbanken.se\/ljudochbild\/wp-json\/wp\/v2\/types\/page"}],"author":[{"embeddable":true,"href":"https:\/\/litteraturbanken.se\/ljudochbild\/wp-json\/wp\/v2\/users\/1"}],"replies":[{"embeddable":true,"href":"https:\/\/litteraturbanken.se\/ljudochbild\/wp-json\/wp\/v2\/comments?post=733"}],"version-history":[{"count":4,"href":"https:\/\/litteraturbanken.se\/ljudochbild\/wp-json\/wp\/v2\/pages\/733\/revisions"}],"predecessor-version":[{"id":12295,"href":"https:\/\/litteraturbanken.se\/ljudochbild\/wp-json\/wp\/v2\/pages\/733\/revisions\/12295"}],"up":[{"embeddable":true,"href":"https:\/\/litteraturbanken.se\/ljudochbild\/wp-json\/wp\/v2\/pages\/7"}],"wp:attachment":[{"href":"https:\/\/litteraturbanken.se\/ljudochbild\/wp-json\/wp\/v2\/media?parent=733"}],"curies":[{"name":"wp","href":"https:\/\/api.w.org\/{rel}","templated":true}]}}