{"id":7624,"date":"2022-09-16T17:28:13","date_gmt":"2022-09-16T15:28:13","guid":{"rendered":"https:\/\/litteraturbanken.se\/ljudochbild\/?page_id=7624"},"modified":"2024-09-16T14:46:24","modified_gmt":"2024-09-16T12:46:24","slug":"bergmanhj","status":"publish","type":"page","link":"https:\/\/litteraturbanken.se\/ljudochbild\/forfattare\/bergmanhj\/","title":{"rendered":"Hjalmar Bergman (1883\u20131931)"},"content":{"rendered":"<div class=\"wp-block-image is-style-default\">\n<figure class=\"alignright size-large is-resized\"><img loading=\"lazy\" decoding=\"async\" width=\"634\" height=\"1024\" src=\"https:\/\/litteraturbanken.se\/ljudochbild\/wp-content\/uploads\/2022\/09\/hjalmarbergman_portratt-634x1024.jpg\" alt=\"Hjalmar Bergman\" class=\"wp-image-7554\" style=\"width:225px;height:363px\" srcset=\"https:\/\/litteraturbanken.se\/ljudochbild\/wp-content\/uploads\/2022\/09\/hjalmarbergman_portratt-634x1024.jpg 634w, https:\/\/litteraturbanken.se\/ljudochbild\/wp-content\/uploads\/2022\/09\/hjalmarbergman_portratt-186x300.jpg 186w, https:\/\/litteraturbanken.se\/ljudochbild\/wp-content\/uploads\/2022\/09\/hjalmarbergman_portratt-768x1240.jpg 768w, https:\/\/litteraturbanken.se\/ljudochbild\/wp-content\/uploads\/2022\/09\/hjalmarbergman_portratt-952x1536.jpg 952w, https:\/\/litteraturbanken.se\/ljudochbild\/wp-content\/uploads\/2022\/09\/hjalmarbergman_portratt-480x775.jpg 480w, https:\/\/litteraturbanken.se\/ljudochbild\/wp-content\/uploads\/2022\/09\/hjalmarbergman_portratt.jpg 1200w\" sizes=\"auto, (max-width: 634px) 100vw, 634px\" \/><\/figure>\n<\/div>\n\n\n<p>\u201dHJALMAR BERGMAN (1883\u20131931) kom att i sitt rika f\u00f6rfattarskap kastas mellan viljan till experiment och n\u00f6dtv\u00e5nget att finna en uppskattande publik. Hans m\u00e5nga skildringar fr\u00e5n den fiktiva staden Wadk\u00f6ping, som i den verkliga geografin s\u00e4kerligen ligger i n\u00e4rheten av hans hemstad \u00d6rebro, har renderat honom epitetet provinsialist. Han skrev \u00e4ven flera verk som utspelar sig i italienska milj\u00f6er, bland dem romanen&nbsp;<a href=\"https:\/\/litteraturbanken.se\/forfattare\/BergmanHj\/titlar\/Savonarola\/info\/etext\" target=\"_blank\" rel=\"noreferrer noopener\"><em>Savonarola<\/em><\/a>&nbsp;(1909) och novellsamlingen&nbsp;<a href=\"https:\/\/litteraturbanken.se\/forfattare\/BergmanHj\/titlar\/Amourer\/info\/etext\" target=\"_blank\" rel=\"noreferrer noopener\"><em>Amourer<\/em><\/a>&nbsp;(1910). Bergman hade tidigt i livet bes\u00f6kt Italien och var bosatt i Rom \u00e5ren 1909\u20131911. I hans f\u00f6rfattarskap ljuder till dels en deterministisk livssyn d\u00e4r marionetten \u00e4r ett \u00e5terkommande motiv. Draget f\u00f6rst\u00e4rks av ber\u00e4ttartekniken d\u00e4r m\u00e4nniskans inre ofta beskrivs genom hennes yttre; i mimik, r\u00f6relser, gester. Bergmans ber\u00e4ttande var sceniskt, dramatiskt i en f\u00f6r tiden modern romanform som l\u00e4sare och kritiker stod fr\u00e4mmande inf\u00f6r.\u201d<\/p>\n\n\n\n<p>Passagen ovan \u00e4r h\u00e4mtad ur Lotta Lotass introduktion av Hjalmar Bergman hos Litteraturbanken.<\/p>\n\n\n\n<div class=\"wp-block-buttons is-layout-flex wp-block-buttons-is-layout-flex\">\n<div class=\"wp-block-button has-custom-font-size read-more-button\" style=\"font-size:14px\"><a class=\"wp-block-button__link has-white-color has-text-color has-background wp-element-button\" href=\"https:\/\/litteraturbanken.se\/f%C3%B6rfattare\/BergmanHj\" style=\"border-radius:0px;background-color:#cd2400\" target=\"_blank\" rel=\"noopener\"><strong>L\u00c4S MER OM HJALMAR BERGMAN<\/strong><\/a><\/div>\n\n\n\n<div class=\"wp-block-button has-custom-font-size read-more-button\" style=\"font-size:14px\"><a class=\"wp-block-button__link has-white-color has-text-color has-background wp-element-button\" href=\"https:\/\/litteraturbanken.se\/f%C3%B6rfattare\/BergmanHj\/titlar\" style=\"border-radius:0px;background-color:#cd2400\" target=\"_blank\" rel=\"noopener\"><strong>L\u00c4S HJALMAR BERGMANS VERK HOS LB.SE<\/strong><\/a><\/div>\n<\/div>\n\n\n\n<div style=\"height:20px\" aria-hidden=\"true\" class=\"wp-block-spacer\"><\/div>\n\n\n\n<div class=\"wp-playlist wp-audio-playlist wp-playlist-light\">\n\t\t\t<div class=\"wp-playlist-current-item\"><\/div>\n\t\t<audio controls=\"controls\" preload=\"none\" width=\"618\"\n\t\t\t><\/audio>\n\t<div class=\"wp-playlist-next\"><\/div>\n\t<div class=\"wp-playlist-prev\"><\/div>\n\t<noscript>\n\t<ol>\n\t\t<li><a href='https:\/\/litteraturbanken.se\/ljudochbild\/wp-content\/uploads\/2022\/09\/bergman_urswedenhielms_bergman.mp3'>Scen ur Swedenhielms<\/a><\/li><li><a href='https:\/\/litteraturbanken.se\/ljudochbild\/wp-content\/uploads\/2022\/09\/bergman_urpatrasket_bergman.mp3'>Scen ur \u2019Patrasket\u2019<\/a><\/li>\t<\/ol>\n\t<\/noscript>\n\t<script type=\"application\/json\" class=\"wp-playlist-script\">{\"type\":\"audio\",\"tracklist\":true,\"tracknumbers\":true,\"images\":true,\"artists\":true,\"tracks\":[{\"src\":\"https:\/\/litteraturbanken.se\/ljudochbild\/wp-content\/uploads\/2022\/09\/bergman_urswedenhielms_bergman.mp3\",\"type\":\"audio\/mpeg\",\"title\":\"Scen ur Swedenhielms\",\"caption\":\"\",\"description\":\"\\u201dScen ur Swedenhielms\\u201d fr\\u00e5n Hjalmar Bergman av Hjalmar Bergman l\\u00e4ser p\\u00e5 Biografen Flamman. Sl\\u00e4ppt: 1930.\",\"meta\":{\"artist\":\"Hjalmar Bergman l\\u00e4ser p\\u00e5 Biografen Flamman\",\"album\":\"Hjalmar Bergman\",\"year\":\"1930\",\"length_formatted\":\"3:20\"},\"image\":{\"src\":\"https:\/\/litteraturbanken.se\/ljudochbild\/wp-content\/uploads\/2019\/09\/wide_gub_wide-mp3-image.png\",\"width\":580,\"height\":612},\"thumb\":{\"src\":\"https:\/\/litteraturbanken.se\/ljudochbild\/wp-content\/uploads\/2019\/09\/wide_gub_wide-mp3-image-150x150.png\",\"width\":150,\"height\":150}},{\"src\":\"https:\/\/litteraturbanken.se\/ljudochbild\/wp-content\/uploads\/2022\/09\/bergman_urpatrasket_bergman.mp3\",\"type\":\"audio\/mpeg\",\"title\":\"Scen ur \\u2019Patrasket\\u2019\",\"caption\":\"\",\"description\":\"\\u201dScen ur Patrasket\\u201d fr\\u00e5n Hjalmar Bergman av Hjalmar Bergman l\\u00e4ser p\\u00e5 Biografen Flamman. Sl\\u00e4ppt: 1930.\",\"meta\":{\"artist\":\"Hjalmar Bergman l\\u00e4ser p\\u00e5 Biografen Flamman\",\"album\":\"Hjalmar Bergman\",\"year\":\"1930\",\"length_formatted\":\"3:04\"},\"image\":{\"src\":\"https:\/\/litteraturbanken.se\/ljudochbild\/wp-content\/uploads\/2019\/09\/wide_gub_wide-mp3-image.png\",\"width\":580,\"height\":612},\"thumb\":{\"src\":\"https:\/\/litteraturbanken.se\/ljudochbild\/wp-content\/uploads\/2019\/09\/wide_gub_wide-mp3-image-150x150.png\",\"width\":150,\"height\":150}}]}<\/script>\n<\/div>\n\t\n\n\n\n<hr>\n\n\n\n<p><em>Inspelningarna tillg\u00e4ngligg\u00f6rs h\u00e4r med tillst\u00e5nd fr\u00e5n Naxos. \u2013 Fotografiet publiceras med gener\u00f6st tillst\u00e5nd fr\u00e5n <a href=\"http:\/\/hjalmarbergmansamfundet.se\/\" target=\"_blank\" rel=\"noreferrer noopener\">Hjalmar Bergman Samfundet<\/a>.<\/em><\/p>\n\n\n<h3 class=\"wp-block-heading author-related-title\">L\u00e4s mer<\/h3>\r\n<div class=\"display-posts-listing grid\"><div class=\"listing-item\"><a class=\"image\" href=\"https:\/\/litteraturbanken.se\/ljudochbild\/2022\/09\/16\/hjalmar-bergman-inspelningar\/\"><img loading=\"lazy\" decoding=\"async\" width=\"634\" height=\"1024\" src=\"https:\/\/litteraturbanken.se\/ljudochbild\/wp-content\/uploads\/2022\/09\/hjalmarbergman_portratt-634x1024.jpg\" class=\"attachment-large size-large wp-post-image\" alt=\"Hjalmar Bergman\" srcset=\"https:\/\/litteraturbanken.se\/ljudochbild\/wp-content\/uploads\/2022\/09\/hjalmarbergman_portratt-634x1024.jpg 634w, https:\/\/litteraturbanken.se\/ljudochbild\/wp-content\/uploads\/2022\/09\/hjalmarbergman_portratt-186x300.jpg 186w, https:\/\/litteraturbanken.se\/ljudochbild\/wp-content\/uploads\/2022\/09\/hjalmarbergman_portratt-768x1240.jpg 768w, https:\/\/litteraturbanken.se\/ljudochbild\/wp-content\/uploads\/2022\/09\/hjalmarbergman_portratt-952x1536.jpg 952w, https:\/\/litteraturbanken.se\/ljudochbild\/wp-content\/uploads\/2022\/09\/hjalmarbergman_portratt-480x775.jpg 480w, https:\/\/litteraturbanken.se\/ljudochbild\/wp-content\/uploads\/2022\/09\/hjalmarbergman_portratt.jpg 1200w\" sizes=\"auto, (max-width: 634px) 100vw, 634px\" \/><\/a> <a class=\"title\" href=\"https:\/\/litteraturbanken.se\/ljudochbild\/2022\/09\/16\/hjalmar-bergman-inspelningar\/\">Hjalmar Bergmans r\u00f6st<\/a><\/div><div class=\"listing-item\"><a class=\"image\" href=\"https:\/\/litteraturbanken.se\/ljudochbild\/2022\/10\/24\/hjalmar-bergman-farmor-och-var-herre\/\"><img loading=\"lazy\" decoding=\"async\" width=\"640\" height=\"780\" src=\"https:\/\/litteraturbanken.se\/ljudochbild\/wp-content\/uploads\/2022\/10\/lob_dramaklassiker4-840x1024.jpg\" class=\"attachment-large size-large wp-post-image\" alt=\"Farmor och V\u00e5r Herre i radio\" srcset=\"https:\/\/litteraturbanken.se\/ljudochbild\/wp-content\/uploads\/2022\/10\/lob_dramaklassiker4-840x1024.jpg 840w, https:\/\/litteraturbanken.se\/ljudochbild\/wp-content\/uploads\/2022\/10\/lob_dramaklassiker4-246x300.jpg 246w, https:\/\/litteraturbanken.se\/ljudochbild\/wp-content\/uploads\/2022\/10\/lob_dramaklassiker4-768x936.jpg 768w, https:\/\/litteraturbanken.se\/ljudochbild\/wp-content\/uploads\/2022\/10\/lob_dramaklassiker4-480x585.jpg 480w, https:\/\/litteraturbanken.se\/ljudochbild\/wp-content\/uploads\/2022\/10\/lob_dramaklassiker4.jpg 1200w\" sizes=\"auto, (max-width: 640px) 100vw, 640px\" \/><\/a> <a class=\"title\" href=\"https:\/\/litteraturbanken.se\/ljudochbild\/2022\/10\/24\/hjalmar-bergman-farmor-och-var-herre\/\">Farmor och V\u00e5r Herre<\/a><\/div><div class=\"listing-item\"><a class=\"image\" href=\"https:\/\/litteraturbanken.se\/ljudochbild\/2023\/03\/27\/norrtullsligan-1923-en-film\/\"><img loading=\"lazy\" decoding=\"async\" width=\"640\" height=\"889\" src=\"https:\/\/litteraturbanken.se\/ljudochbild\/wp-content\/uploads\/2023\/03\/norrtullsligan_film-e1679908281993-737x1024.jpg\" class=\"attachment-large size-large wp-post-image\" alt=\"Norrtullsligan\" srcset=\"https:\/\/litteraturbanken.se\/ljudochbild\/wp-content\/uploads\/2023\/03\/norrtullsligan_film-e1679908281993-737x1024.jpg 737w, https:\/\/litteraturbanken.se\/ljudochbild\/wp-content\/uploads\/2023\/03\/norrtullsligan_film-e1679908281993-216x300.jpg 216w, https:\/\/litteraturbanken.se\/ljudochbild\/wp-content\/uploads\/2023\/03\/norrtullsligan_film-e1679908281993-768x1068.jpg 768w, https:\/\/litteraturbanken.se\/ljudochbild\/wp-content\/uploads\/2023\/03\/norrtullsligan_film-e1679908281993-1105x1536.jpg 1105w, https:\/\/litteraturbanken.se\/ljudochbild\/wp-content\/uploads\/2023\/03\/norrtullsligan_film-e1679908281993-480x667.jpg 480w, https:\/\/litteraturbanken.se\/ljudochbild\/wp-content\/uploads\/2023\/03\/norrtullsligan_film-e1679908281993.jpg 1199w\" sizes=\"auto, (max-width: 640px) 100vw, 640px\" \/><\/a> <a class=\"title\" href=\"https:\/\/litteraturbanken.se\/ljudochbild\/2023\/03\/27\/norrtullsligan-1923-en-film\/\">Norrtullsligan (1923): en film<\/a><\/div><\/div>\r\n\r\n\n","protected":false},"excerpt":{"rendered":"<p>\u201dHJALMAR BERGMAN (1883\u20131931) kom att i sitt rika f\u00f6rfattarskap kastas mellan viljan till experiment och n\u00f6dtv\u00e5nget att finna en uppskattande publik. Hans m\u00e5nga skildringar fr\u00e5n den fiktiva staden Wadk\u00f6ping, som i den verkliga geografin s\u00e4kerligen ligger i n\u00e4rheten [&hellip;]<\/p>\n","protected":false},"author":5,"featured_media":7554,"parent":7,"menu_order":0,"comment_status":"closed","ping_status":"closed","template":"","meta":{"footnotes":""},"class_list":["post-7624","page","type-page","status-publish","has-post-thumbnail","hentry"],"yoast_head":"<!-- This site is optimized with the Yoast SEO plugin v27.1.1 - https:\/\/yoast.com\/product\/yoast-seo-wordpress\/ -->\n<title>Hjalmar Bergman (1883\u20131931) - Ljud &amp; Bild<\/title>\n<meta name=\"description\" content=\"Hjalmar Bergman kom att i sitt rika f\u00f6rfattarskap kastas mellan viljan till experiment och n\u00f6dtv\u00e5nget att finna en uppskattande publik.\" \/>\n<meta name=\"robots\" content=\"index, follow, max-snippet:-1, max-image-preview:large, max-video-preview:-1\" \/>\n<link rel=\"canonical\" href=\"https:\/\/litteraturbanken.se\/ljudochbild\/forfattare\/bergmanhj\/\" \/>\n<meta property=\"og:locale\" content=\"sv_SE\" \/>\n<meta property=\"og:type\" content=\"article\" \/>\n<meta property=\"og:title\" content=\"Hjalmar Bergman (1883\u20131931) - Ljud &amp; Bild\" \/>\n<meta property=\"og:description\" content=\"Hjalmar Bergman kom att i sitt rika f\u00f6rfattarskap kastas mellan viljan till experiment och n\u00f6dtv\u00e5nget att finna en uppskattande publik.\" \/>\n<meta property=\"og:url\" content=\"https:\/\/litteraturbanken.se\/ljudochbild\/forfattare\/bergmanhj\/\" \/>\n<meta property=\"og:site_name\" content=\"Ljud &amp; Bild\" \/>\n<meta property=\"article:publisher\" content=\"https:\/\/www.facebook.com\/Litteraturbanken.se\" \/>\n<meta property=\"article:modified_time\" content=\"2024-09-16T12:46:24+00:00\" \/>\n<meta property=\"og:image\" content=\"https:\/\/litteraturbanken.se\/ljudochbild\/wp-content\/uploads\/2022\/09\/hjalmarbergman_portratt.jpg\" \/>\n\t<meta property=\"og:image:width\" content=\"1200\" \/>\n\t<meta property=\"og:image:height\" content=\"1937\" \/>\n\t<meta property=\"og:image:type\" content=\"image\/jpeg\" \/>\n<meta name=\"twitter:card\" content=\"summary_large_image\" \/>\n<meta name=\"twitter:site\" content=\"@litteraturbank\" \/>\n<meta name=\"twitter:label1\" content=\"Ber\u00e4knad l\u00e4stid\" \/>\n\t<meta name=\"twitter:data1\" content=\"2 minuter\" \/>\n<script type=\"application\/ld+json\" class=\"yoast-schema-graph\">{\"@context\":\"https:\/\/schema.org\",\"@graph\":[{\"@type\":\"WebPage\",\"@id\":\"https:\/\/litteraturbanken.se\/ljudochbild\/forfattare\/bergmanhj\/\",\"url\":\"https:\/\/litteraturbanken.se\/ljudochbild\/forfattare\/bergmanhj\/\",\"name\":\"Hjalmar Bergman (1883\u20131931) - Ljud &amp; Bild\",\"isPartOf\":{\"@id\":\"https:\/\/litteraturbanken.se\/ljudochbild\/#website\"},\"primaryImageOfPage\":{\"@id\":\"https:\/\/litteraturbanken.se\/ljudochbild\/forfattare\/bergmanhj\/#primaryimage\"},\"image\":{\"@id\":\"https:\/\/litteraturbanken.se\/ljudochbild\/forfattare\/bergmanhj\/#primaryimage\"},\"thumbnailUrl\":\"https:\/\/litteraturbanken.se\/ljudochbild\/wp-content\/uploads\/2022\/09\/hjalmarbergman_portratt.jpg\",\"datePublished\":\"2022-09-16T15:28:13+00:00\",\"dateModified\":\"2024-09-16T12:46:24+00:00\",\"description\":\"Hjalmar Bergman kom att i sitt rika f\u00f6rfattarskap kastas mellan viljan till experiment och n\u00f6dtv\u00e5nget att finna en uppskattande publik.\",\"breadcrumb\":{\"@id\":\"https:\/\/litteraturbanken.se\/ljudochbild\/forfattare\/bergmanhj\/#breadcrumb\"},\"inLanguage\":\"sv-SE\",\"potentialAction\":[{\"@type\":\"ReadAction\",\"target\":[\"https:\/\/litteraturbanken.se\/ljudochbild\/forfattare\/bergmanhj\/\"]}]},{\"@type\":\"ImageObject\",\"inLanguage\":\"sv-SE\",\"@id\":\"https:\/\/litteraturbanken.se\/ljudochbild\/forfattare\/bergmanhj\/#primaryimage\",\"url\":\"https:\/\/litteraturbanken.se\/ljudochbild\/wp-content\/uploads\/2022\/09\/hjalmarbergman_portratt.jpg\",\"contentUrl\":\"https:\/\/litteraturbanken.se\/ljudochbild\/wp-content\/uploads\/2022\/09\/hjalmarbergman_portratt.jpg\",\"width\":1200,\"height\":1937,\"caption\":\"Hjalmar Bergman\"},{\"@type\":\"BreadcrumbList\",\"@id\":\"https:\/\/litteraturbanken.se\/ljudochbild\/forfattare\/bergmanhj\/#breadcrumb\",\"itemListElement\":[{\"@type\":\"ListItem\",\"position\":1,\"name\":\"Hem\",\"item\":\"https:\/\/litteraturbanken.se\/ljudochbild\/\"},{\"@type\":\"ListItem\",\"position\":2,\"name\":\"F\u00f6rfattare\",\"item\":\"https:\/\/litteraturbanken.se\/ljudochbild\/forfattare\/\"},{\"@type\":\"ListItem\",\"position\":3,\"name\":\"Hjalmar Bergman (1883\u20131931)\"}]},{\"@type\":\"WebSite\",\"@id\":\"https:\/\/litteraturbanken.se\/ljudochbild\/#website\",\"url\":\"https:\/\/litteraturbanken.se\/ljudochbild\/\",\"name\":\"Ljud & Bild\",\"description\":\"Ur Litteraturbankens samlingar\",\"potentialAction\":[{\"@type\":\"SearchAction\",\"target\":{\"@type\":\"EntryPoint\",\"urlTemplate\":\"https:\/\/litteraturbanken.se\/ljudochbild\/?s={search_term_string}\"},\"query-input\":{\"@type\":\"PropertyValueSpecification\",\"valueRequired\":true,\"valueName\":\"search_term_string\"}}],\"inLanguage\":\"sv-SE\"}]}<\/script>\n<!-- \/ Yoast SEO plugin. -->","yoast_head_json":{"title":"Hjalmar Bergman (1883\u20131931) - Ljud &amp; Bild","description":"Hjalmar Bergman kom att i sitt rika f\u00f6rfattarskap kastas mellan viljan till experiment och n\u00f6dtv\u00e5nget att finna en uppskattande publik.","robots":{"index":"index","follow":"follow","max-snippet":"max-snippet:-1","max-image-preview":"max-image-preview:large","max-video-preview":"max-video-preview:-1"},"canonical":"https:\/\/litteraturbanken.se\/ljudochbild\/forfattare\/bergmanhj\/","og_locale":"sv_SE","og_type":"article","og_title":"Hjalmar Bergman (1883\u20131931) - Ljud &amp; Bild","og_description":"Hjalmar Bergman kom att i sitt rika f\u00f6rfattarskap kastas mellan viljan till experiment och n\u00f6dtv\u00e5nget att finna en uppskattande publik.","og_url":"https:\/\/litteraturbanken.se\/ljudochbild\/forfattare\/bergmanhj\/","og_site_name":"Ljud &amp; Bild","article_publisher":"https:\/\/www.facebook.com\/Litteraturbanken.se","article_modified_time":"2024-09-16T12:46:24+00:00","og_image":[{"width":1200,"height":1937,"url":"https:\/\/litteraturbanken.se\/ljudochbild\/wp-content\/uploads\/2022\/09\/hjalmarbergman_portratt.jpg","type":"image\/jpeg"}],"twitter_card":"summary_large_image","twitter_site":"@litteraturbank","twitter_misc":{"Ber\u00e4knad l\u00e4stid":"2 minuter"},"schema":{"@context":"https:\/\/schema.org","@graph":[{"@type":"WebPage","@id":"https:\/\/litteraturbanken.se\/ljudochbild\/forfattare\/bergmanhj\/","url":"https:\/\/litteraturbanken.se\/ljudochbild\/forfattare\/bergmanhj\/","name":"Hjalmar Bergman (1883\u20131931) - Ljud &amp; Bild","isPartOf":{"@id":"https:\/\/litteraturbanken.se\/ljudochbild\/#website"},"primaryImageOfPage":{"@id":"https:\/\/litteraturbanken.se\/ljudochbild\/forfattare\/bergmanhj\/#primaryimage"},"image":{"@id":"https:\/\/litteraturbanken.se\/ljudochbild\/forfattare\/bergmanhj\/#primaryimage"},"thumbnailUrl":"https:\/\/litteraturbanken.se\/ljudochbild\/wp-content\/uploads\/2022\/09\/hjalmarbergman_portratt.jpg","datePublished":"2022-09-16T15:28:13+00:00","dateModified":"2024-09-16T12:46:24+00:00","description":"Hjalmar Bergman kom att i sitt rika f\u00f6rfattarskap kastas mellan viljan till experiment och n\u00f6dtv\u00e5nget att finna en uppskattande publik.","breadcrumb":{"@id":"https:\/\/litteraturbanken.se\/ljudochbild\/forfattare\/bergmanhj\/#breadcrumb"},"inLanguage":"sv-SE","potentialAction":[{"@type":"ReadAction","target":["https:\/\/litteraturbanken.se\/ljudochbild\/forfattare\/bergmanhj\/"]}]},{"@type":"ImageObject","inLanguage":"sv-SE","@id":"https:\/\/litteraturbanken.se\/ljudochbild\/forfattare\/bergmanhj\/#primaryimage","url":"https:\/\/litteraturbanken.se\/ljudochbild\/wp-content\/uploads\/2022\/09\/hjalmarbergman_portratt.jpg","contentUrl":"https:\/\/litteraturbanken.se\/ljudochbild\/wp-content\/uploads\/2022\/09\/hjalmarbergman_portratt.jpg","width":1200,"height":1937,"caption":"Hjalmar Bergman"},{"@type":"BreadcrumbList","@id":"https:\/\/litteraturbanken.se\/ljudochbild\/forfattare\/bergmanhj\/#breadcrumb","itemListElement":[{"@type":"ListItem","position":1,"name":"Hem","item":"https:\/\/litteraturbanken.se\/ljudochbild\/"},{"@type":"ListItem","position":2,"name":"F\u00f6rfattare","item":"https:\/\/litteraturbanken.se\/ljudochbild\/forfattare\/"},{"@type":"ListItem","position":3,"name":"Hjalmar Bergman (1883\u20131931)"}]},{"@type":"WebSite","@id":"https:\/\/litteraturbanken.se\/ljudochbild\/#website","url":"https:\/\/litteraturbanken.se\/ljudochbild\/","name":"Ljud & Bild","description":"Ur Litteraturbankens samlingar","potentialAction":[{"@type":"SearchAction","target":{"@type":"EntryPoint","urlTemplate":"https:\/\/litteraturbanken.se\/ljudochbild\/?s={search_term_string}"},"query-input":{"@type":"PropertyValueSpecification","valueRequired":true,"valueName":"search_term_string"}}],"inLanguage":"sv-SE"}]}},"_links":{"self":[{"href":"https:\/\/litteraturbanken.se\/ljudochbild\/wp-json\/wp\/v2\/pages\/7624","targetHints":{"allow":["GET"]}}],"collection":[{"href":"https:\/\/litteraturbanken.se\/ljudochbild\/wp-json\/wp\/v2\/pages"}],"about":[{"href":"https:\/\/litteraturbanken.se\/ljudochbild\/wp-json\/wp\/v2\/types\/page"}],"author":[{"embeddable":true,"href":"https:\/\/litteraturbanken.se\/ljudochbild\/wp-json\/wp\/v2\/users\/5"}],"replies":[{"embeddable":true,"href":"https:\/\/litteraturbanken.se\/ljudochbild\/wp-json\/wp\/v2\/comments?post=7624"}],"version-history":[{"count":5,"href":"https:\/\/litteraturbanken.se\/ljudochbild\/wp-json\/wp\/v2\/pages\/7624\/revisions"}],"predecessor-version":[{"id":12049,"href":"https:\/\/litteraturbanken.se\/ljudochbild\/wp-json\/wp\/v2\/pages\/7624\/revisions\/12049"}],"up":[{"embeddable":true,"href":"https:\/\/litteraturbanken.se\/ljudochbild\/wp-json\/wp\/v2\/pages\/7"}],"wp:featuredmedia":[{"embeddable":true,"href":"https:\/\/litteraturbanken.se\/ljudochbild\/wp-json\/wp\/v2\/media\/7554"}],"wp:attachment":[{"href":"https:\/\/litteraturbanken.se\/ljudochbild\/wp-json\/wp\/v2\/media?parent=7624"}],"curies":[{"name":"wp","href":"https:\/\/api.w.org\/{rel}","templated":true}]}}