{"id":7826,"date":"2022-10-24T11:05:45","date_gmt":"2022-10-24T09:05:45","guid":{"rendered":"https:\/\/litteraturbanken.se\/ljudochbild\/?page_id=7826"},"modified":"2024-09-16T15:11:27","modified_gmt":"2024-09-16T13:11:27","slug":"diktoniuse","status":"publish","type":"page","link":"https:\/\/litteraturbanken.se\/ljudochbild\/forfattare\/diktoniuse\/","title":{"rendered":"Elmer Diktonius (1896\u20131961)"},"content":{"rendered":"<div class=\"wp-block-image is-style-default\">\n<figure class=\"alignright size-large is-resized\"><img loading=\"lazy\" decoding=\"async\" width=\"751\" height=\"1024\" src=\"https:\/\/litteraturbanken.se\/ljudochbild\/wp-content\/uploads\/2022\/10\/elmerdiktonius_portratt-751x1024.jpg\" alt=\"Elmer Diktonius\" class=\"wp-image-7829\" style=\"width:213px;height:290px\" srcset=\"https:\/\/litteraturbanken.se\/ljudochbild\/wp-content\/uploads\/2022\/10\/elmerdiktonius_portratt-751x1024.jpg 751w, https:\/\/litteraturbanken.se\/ljudochbild\/wp-content\/uploads\/2022\/10\/elmerdiktonius_portratt-220x300.jpg 220w, https:\/\/litteraturbanken.se\/ljudochbild\/wp-content\/uploads\/2022\/10\/elmerdiktonius_portratt-768x1048.jpg 768w, https:\/\/litteraturbanken.se\/ljudochbild\/wp-content\/uploads\/2022\/10\/elmerdiktonius_portratt-1126x1536.jpg 1126w, https:\/\/litteraturbanken.se\/ljudochbild\/wp-content\/uploads\/2022\/10\/elmerdiktonius_portratt-480x655.jpg 480w, https:\/\/litteraturbanken.se\/ljudochbild\/wp-content\/uploads\/2022\/10\/elmerdiktonius_portratt.jpg 1200w\" sizes=\"auto, (max-width: 751px) 100vw, 751px\" \/><\/figure>\n<\/div>\n\n\n<p>\u201dF\u00f6r de poeter som debuterar i b\u00f6rjan av 1920-talet \u00e4r S\u00f6dergran en given v\u00e4gr\u00f6jare. En av dem som inspirerades var den h\u00e4ngivne S\u00f6dergranbeundraren ELMER DIKTONIUS (1896\u20131961); det f\u00f6r en expressiv poet passande namnet var inte en pseudonym, som n\u00e5gon trodde. Den medelklassfamilj i Helsingfors som han f\u00f6ddes och v\u00e4xte upp i var svenskspr\u00e5kig, men i tidigare sl\u00e4ktled verkar spr\u00e5ktillh\u00f6righeten ha varierat. Liksom sina tv\u00e5 br\u00f6der sattes Elmer i finskspr\u00e5kiga skolor; gymnasiet l\u00e4mnade han dock utan att avl\u00e4gga studentexamen. Visserligen var han tv\u00e5spr\u00e5kig, men som f\u00f6rfattare i huvudsak svenskspr\u00e5kig.\u201d<\/p>\n\n\n\n<p>Stycket ovanf\u00f6r kommer ur Tom Hedlunds presentation av Elmer Diktonius hos Litteraturbanken.<\/p>\n\n\n\n<div class=\"wp-block-buttons is-layout-flex wp-block-buttons-is-layout-flex\">\n<div class=\"wp-block-button has-custom-font-size read-more-button\" style=\"font-size:14px\"><a class=\"wp-block-button__link has-white-color has-text-color has-background wp-element-button\" href=\"https:\/\/litteraturbanken.se\/f%C3%B6rfattare\/DiktoniusE\/presentation\" style=\"border-radius:0px;background-color:#cd2400\" target=\"_blank\" rel=\"noopener\"><strong>L\u00c4S MER OM ELMER DIKTONIUS<\/strong><\/a><\/div>\n\n\n\n<div class=\"wp-block-button has-custom-font-size read-more-button\" style=\"font-size:14px\"><a class=\"wp-block-button__link has-white-color has-text-color has-background wp-element-button\" href=\"https:\/\/litteraturbanken.se\/f%C3%B6rfattare\/DiktoniusE\/titlar\" style=\"border-radius:0px;background-color:#cd2400\" target=\"_blank\" rel=\"noopener\"><strong>L\u00c4S ELMER DIKTONIUS VERK HOS LB.SE<\/strong><\/a><\/div>\n<\/div>\n\n\n\n<div style=\"height:20px\" aria-hidden=\"true\" class=\"wp-block-spacer\"><\/div>\n\n\n\n<p>Nedanf\u00f6r h\u00f6r du en inspelning fr\u00e5n 1947 d\u00e4r Diktonius l\u00e4ser dikter fr\u00e5n diktsamlingen <em>Annorlunda<\/em> (1948). I den \u00f6vre spellistan h\u00f6r du programmet i sin helhet, och nedanf\u00f6r hittar du dikterna separat.<\/p>\n\n\n\n<div style=\"height:10px\" aria-hidden=\"true\" class=\"wp-block-spacer\"><\/div>\n\n\n\n<div class=\"wp-playlist wp-audio-playlist wp-playlist-light\">\n\t\t\t<div class=\"wp-playlist-current-item\"><\/div>\n\t\t<audio controls=\"controls\" preload=\"none\" width=\"618\"\n\t\t\t><\/audio>\n\t<div class=\"wp-playlist-next\"><\/div>\n\t<div class=\"wp-playlist-prev\"><\/div>\n\t<noscript>\n\t<ol>\n\t\t<li><a href='https:\/\/litteraturbanken.se\/ljudochbild\/wp-content\/uploads\/2022\/10\/diktonius_lasernyadikter_diktonius.mp3'>Elmer Diktonius l\u00e4ser nya dikter (1947)<\/a><\/li>\t<\/ol>\n\t<\/noscript>\n\t<script type=\"application\/json\" class=\"wp-playlist-script\">{\"type\":\"audio\",\"tracklist\":true,\"tracknumbers\":true,\"images\":true,\"artists\":true,\"tracks\":[{\"src\":\"https:\/\/litteraturbanken.se\/ljudochbild\/wp-content\/uploads\/2022\/10\/diktonius_lasernyadikter_diktonius.mp3\",\"type\":\"audio\/mpeg\",\"title\":\"Elmer Diktonius l\\u00e4ser nya dikter (1947)\",\"caption\":\"\",\"description\":\"\\u201dElmer Diktonius l\\u00e4ser nya dikter (1947)\\u201d fr\\u00e5n Elmer Diktonius av Elmer Diktonius l\\u00e4ser dikter.\",\"meta\":{\"artist\":\"Elmer Diktonius l\\u00e4ser dikter\",\"album\":\"Elmer Diktonius\",\"length_formatted\":\"11:33\"},\"image\":{\"src\":\"https:\/\/litteraturbanken.se\/ljudochbild\/wp-content\/uploads\/2019\/09\/wide_gub_wide-mp3-image.png\",\"width\":580,\"height\":612},\"thumb\":{\"src\":\"https:\/\/litteraturbanken.se\/ljudochbild\/wp-content\/uploads\/2019\/09\/wide_gub_wide-mp3-image-150x150.png\",\"width\":150,\"height\":150}}]}<\/script>\n<\/div>\n\t\n\n\n\n<div class=\"wp-playlist wp-audio-playlist wp-playlist-light\">\n\t\t\t<div class=\"wp-playlist-current-item\"><\/div>\n\t\t<audio controls=\"controls\" preload=\"none\" width=\"618\"\n\t\t\t><\/audio>\n\t<div class=\"wp-playlist-next\"><\/div>\n\t<div class=\"wp-playlist-prev\"><\/div>\n\t<noscript>\n\t<ol>\n\t\t<li><a href='https:\/\/litteraturbanken.se\/ljudochbild\/wp-content\/uploads\/2022\/10\/diktonius_aftonamen_diktonius.mp3'>Afton, amen (Aftonl\u00e5t)<\/a><\/li><li><a href='https:\/\/litteraturbanken.se\/ljudochbild\/wp-content\/uploads\/2022\/10\/diktonius_beethovenihammarby_diktonius.mp3'>Beethoven i Hammarby<\/a><\/li><li><a href='https:\/\/litteraturbanken.se\/ljudochbild\/wp-content\/uploads\/2022\/10\/diktonius_elegi_diktonius.mp3'>Elegi<\/a><\/li><li><a href='https:\/\/litteraturbanken.se\/ljudochbild\/wp-content\/uploads\/2022\/10\/diktonius_ljusodemark_diktonius.mp3'>Ljus \u00f6demark<\/a><\/li><li><a href='https:\/\/litteraturbanken.se\/ljudochbild\/wp-content\/uploads\/2022\/10\/diktonius_ordet_diktonius.mp3'>Ordet<\/a><\/li><li><a href='https:\/\/litteraturbanken.se\/ljudochbild\/wp-content\/uploads\/2022\/10\/diktonius_skont_diktonius.mp3'>Sk\u00f6nt<\/a><\/li><li><a href='https:\/\/litteraturbanken.se\/ljudochbild\/wp-content\/uploads\/2022\/10\/diktonius_tungvag_diktonius.mp3'>Tung v\u00e5g<\/a><\/li><li><a href='https:\/\/litteraturbanken.se\/ljudochbild\/wp-content\/uploads\/2022\/10\/diktonius_aterkomst_diktonius.mp3'>\u00c5terkomst<\/a><\/li>\t<\/ol>\n\t<\/noscript>\n\t<script type=\"application\/json\" class=\"wp-playlist-script\">{\"type\":\"audio\",\"tracklist\":true,\"tracknumbers\":true,\"images\":true,\"artists\":true,\"tracks\":[{\"src\":\"https:\/\/litteraturbanken.se\/ljudochbild\/wp-content\/uploads\/2022\/10\/diktonius_aftonamen_diktonius.mp3\",\"type\":\"audio\/mpeg\",\"title\":\"Afton, amen (Aftonl\\u00e5t)\",\"caption\":\"\",\"description\":\"\\u201dAfton, amen (Aftonl\\u00e5t)\\u201d fr\\u00e5n Elmer Diktonius av Elmer Diktonius l\\u00e4ser dikter.\",\"meta\":{\"artist\":\"Elmer Diktonius l\\u00e4ser dikter\",\"album\":\"Elmer Diktonius\",\"length_formatted\":\"1:03\"},\"image\":{\"src\":\"https:\/\/litteraturbanken.se\/ljudochbild\/wp-content\/uploads\/2019\/09\/wide_gub_wide-mp3-image.png\",\"width\":580,\"height\":612},\"thumb\":{\"src\":\"https:\/\/litteraturbanken.se\/ljudochbild\/wp-content\/uploads\/2019\/09\/wide_gub_wide-mp3-image-150x150.png\",\"width\":150,\"height\":150}},{\"src\":\"https:\/\/litteraturbanken.se\/ljudochbild\/wp-content\/uploads\/2022\/10\/diktonius_beethovenihammarby_diktonius.mp3\",\"type\":\"audio\/mpeg\",\"title\":\"Beethoven i Hammarby\",\"caption\":\"\",\"description\":\"\\u201dBeethoven i Hammarby\\u201d fr\\u00e5n Elmer Diktonius av Elmer Diktonius l\\u00e4ser dikter.\",\"meta\":{\"artist\":\"Elmer Diktonius l\\u00e4ser dikter\",\"album\":\"Elmer Diktonius\",\"length_formatted\":\"2:44\"},\"image\":{\"src\":\"https:\/\/litteraturbanken.se\/ljudochbild\/wp-content\/uploads\/2019\/09\/wide_gub_wide-mp3-image.png\",\"width\":580,\"height\":612},\"thumb\":{\"src\":\"https:\/\/litteraturbanken.se\/ljudochbild\/wp-content\/uploads\/2019\/09\/wide_gub_wide-mp3-image-150x150.png\",\"width\":150,\"height\":150}},{\"src\":\"https:\/\/litteraturbanken.se\/ljudochbild\/wp-content\/uploads\/2022\/10\/diktonius_elegi_diktonius.mp3\",\"type\":\"audio\/mpeg\",\"title\":\"Elegi\",\"caption\":\"\",\"description\":\"\\u201dElegi\\u201d fr\\u00e5n Elmer Diktonius av Elmer Diktonius l\\u00e4ser dikter.\",\"meta\":{\"artist\":\"Elmer Diktonius l\\u00e4ser dikter\",\"album\":\"Elmer Diktonius\",\"length_formatted\":\"1:45\"},\"image\":{\"src\":\"https:\/\/litteraturbanken.se\/ljudochbild\/wp-content\/uploads\/2019\/09\/wide_gub_wide-mp3-image.png\",\"width\":580,\"height\":612},\"thumb\":{\"src\":\"https:\/\/litteraturbanken.se\/ljudochbild\/wp-content\/uploads\/2019\/09\/wide_gub_wide-mp3-image-150x150.png\",\"width\":150,\"height\":150}},{\"src\":\"https:\/\/litteraturbanken.se\/ljudochbild\/wp-content\/uploads\/2022\/10\/diktonius_ljusodemark_diktonius.mp3\",\"type\":\"audio\/mpeg\",\"title\":\"Ljus \\u00f6demark\",\"caption\":\"\",\"description\":\"\\u201dLjus \\u00f6demark\\u201d fr\\u00e5n Elmer Diktonius av Elmer Diktonius l\\u00e4ser dikter.\",\"meta\":{\"artist\":\"Elmer Diktonius l\\u00e4ser dikter\",\"album\":\"Elmer Diktonius\",\"length_formatted\":\"1:02\"},\"image\":{\"src\":\"https:\/\/litteraturbanken.se\/ljudochbild\/wp-content\/uploads\/2019\/09\/wide_gub_wide-mp3-image.png\",\"width\":580,\"height\":612},\"thumb\":{\"src\":\"https:\/\/litteraturbanken.se\/ljudochbild\/wp-content\/uploads\/2019\/09\/wide_gub_wide-mp3-image-150x150.png\",\"width\":150,\"height\":150}},{\"src\":\"https:\/\/litteraturbanken.se\/ljudochbild\/wp-content\/uploads\/2022\/10\/diktonius_ordet_diktonius.mp3\",\"type\":\"audio\/mpeg\",\"title\":\"Ordet\",\"caption\":\"\",\"description\":\"\\u201dOrdet\\u201d fr\\u00e5n Elmer Diktonius av Elmer Diktonius l\\u00e4ser dikter.\",\"meta\":{\"artist\":\"Elmer Diktonius l\\u00e4ser dikter\",\"album\":\"Elmer Diktonius\",\"length_formatted\":\"1:16\"},\"image\":{\"src\":\"https:\/\/litteraturbanken.se\/ljudochbild\/wp-content\/uploads\/2019\/09\/wide_gub_wide-mp3-image.png\",\"width\":580,\"height\":612},\"thumb\":{\"src\":\"https:\/\/litteraturbanken.se\/ljudochbild\/wp-content\/uploads\/2019\/09\/wide_gub_wide-mp3-image-150x150.png\",\"width\":150,\"height\":150}},{\"src\":\"https:\/\/litteraturbanken.se\/ljudochbild\/wp-content\/uploads\/2022\/10\/diktonius_skont_diktonius.mp3\",\"type\":\"audio\/mpeg\",\"title\":\"Sk\\u00f6nt\",\"caption\":\"\",\"description\":\"\\u201dSk\\u00f6nt\\u201d fr\\u00e5n Elmer Diktonius av Elmer Diktonius l\\u00e4ser dikter.\",\"meta\":{\"artist\":\"Elmer Diktonius l\\u00e4ser dikter\",\"album\":\"Elmer Diktonius\",\"length_formatted\":\"0:35\"},\"image\":{\"src\":\"https:\/\/litteraturbanken.se\/ljudochbild\/wp-content\/uploads\/2019\/09\/wide_gub_wide-mp3-image.png\",\"width\":580,\"height\":612},\"thumb\":{\"src\":\"https:\/\/litteraturbanken.se\/ljudochbild\/wp-content\/uploads\/2019\/09\/wide_gub_wide-mp3-image-150x150.png\",\"width\":150,\"height\":150}},{\"src\":\"https:\/\/litteraturbanken.se\/ljudochbild\/wp-content\/uploads\/2022\/10\/diktonius_tungvag_diktonius.mp3\",\"type\":\"audio\/mpeg\",\"title\":\"Tung v\\u00e5g\",\"caption\":\"\",\"description\":\"\\u201dTung v\\u00e5g\\u201d fr\\u00e5n Elmer Diktonius av Elmer Diktonius l\\u00e4ser dikter.\",\"meta\":{\"artist\":\"Elmer Diktonius l\\u00e4ser dikter\",\"album\":\"Elmer Diktonius\",\"length_formatted\":\"0:52\"},\"image\":{\"src\":\"https:\/\/litteraturbanken.se\/ljudochbild\/wp-content\/uploads\/2019\/09\/wide_gub_wide-mp3-image.png\",\"width\":580,\"height\":612},\"thumb\":{\"src\":\"https:\/\/litteraturbanken.se\/ljudochbild\/wp-content\/uploads\/2019\/09\/wide_gub_wide-mp3-image-150x150.png\",\"width\":150,\"height\":150}},{\"src\":\"https:\/\/litteraturbanken.se\/ljudochbild\/wp-content\/uploads\/2022\/10\/diktonius_aterkomst_diktonius.mp3\",\"type\":\"audio\/mpeg\",\"title\":\"\\u00c5terkomst\",\"caption\":\"\",\"description\":\"\\u201d\\u00c5terkomst\\u201d fr\\u00e5n Elmer Diktonius av Elmer Diktonius l\\u00e4ser dikter.\",\"meta\":{\"artist\":\"Elmer Diktonius l\\u00e4ser dikter\",\"album\":\"Elmer Diktonius\",\"length_formatted\":\"2:10\"},\"image\":{\"src\":\"https:\/\/litteraturbanken.se\/ljudochbild\/wp-content\/uploads\/2019\/09\/wide_gub_wide-mp3-image.png\",\"width\":580,\"height\":612},\"thumb\":{\"src\":\"https:\/\/litteraturbanken.se\/ljudochbild\/wp-content\/uploads\/2019\/09\/wide_gub_wide-mp3-image-150x150.png\",\"width\":150,\"height\":150}}]}<\/script>\n<\/div>\n\t\n\n\n\n<div style=\"height:10px\" aria-hidden=\"true\" class=\"wp-block-spacer\"><\/div>\n\n\n\n<hr>\n\n\n\n<p><em>Inspelningarna tillg\u00e4ngligg\u00f6rs h\u00e4r med tillst\u00e5nd fr\u00e5n Sveriges Radio och fr\u00e5n r\u00e4ttighetshavarna. \u2013 Fotografiet av Diktonius, som h\u00e4r \u00e4r beskuret, har vi l\u00e5nat fr\u00e5n <a href=\"https:\/\/www.flickr.com\/photos\/slsarkiva\/14333684581\/in\/photolist-nSGt9z-nQBT3M\" target=\"_blank\" rel=\"noreferrer noopener\">Svenska litteraturs\u00e4llskapet i Finland<\/a>.<\/em><\/p>\n\n\n<h3 class=\"wp-block-heading author-related-title\">L\u00e4s mer<\/h3>\r\n<div class=\"display-posts-listing grid\"><div class=\"listing-item\"><a class=\"image\" href=\"https:\/\/litteraturbanken.se\/ljudochbild\/2025\/02\/03\/verket-vierge-moderne\/\"><img loading=\"lazy\" decoding=\"async\" width=\"640\" height=\"640\" src=\"https:\/\/litteraturbanken.se\/ljudochbild\/wp-content\/uploads\/2025\/01\/artworks-aaFZMPEiZzxe0Ge9-ZtGJxQ-original-1024x1024.jpg\" class=\"attachment-large size-large wp-post-image\" alt=\"Edith S\u00f6dergran: Vierge moderne\" srcset=\"https:\/\/litteraturbanken.se\/ljudochbild\/wp-content\/uploads\/2025\/01\/artworks-aaFZMPEiZzxe0Ge9-ZtGJxQ-original-1024x1024.jpg 1024w, https:\/\/litteraturbanken.se\/ljudochbild\/wp-content\/uploads\/2025\/01\/artworks-aaFZMPEiZzxe0Ge9-ZtGJxQ-original-300x300.jpg 300w, https:\/\/litteraturbanken.se\/ljudochbild\/wp-content\/uploads\/2025\/01\/artworks-aaFZMPEiZzxe0Ge9-ZtGJxQ-original-150x150.jpg 150w, https:\/\/litteraturbanken.se\/ljudochbild\/wp-content\/uploads\/2025\/01\/artworks-aaFZMPEiZzxe0Ge9-ZtGJxQ-original-768x768.jpg 768w, https:\/\/litteraturbanken.se\/ljudochbild\/wp-content\/uploads\/2025\/01\/artworks-aaFZMPEiZzxe0Ge9-ZtGJxQ-original-1536x1536.jpg 1536w, https:\/\/litteraturbanken.se\/ljudochbild\/wp-content\/uploads\/2025\/01\/artworks-aaFZMPEiZzxe0Ge9-ZtGJxQ-original-2048x2048.jpg 2048w, https:\/\/litteraturbanken.se\/ljudochbild\/wp-content\/uploads\/2025\/01\/artworks-aaFZMPEiZzxe0Ge9-ZtGJxQ-original-480x480.jpg 480w\" sizes=\"auto, (max-width: 640px) 100vw, 640px\" \/><\/a> <a class=\"title\" href=\"https:\/\/litteraturbanken.se\/ljudochbild\/2025\/02\/03\/verket-vierge-moderne\/\">Verket: Vierge moderne<\/a><\/div><div class=\"listing-item\"><a class=\"image\" href=\"https:\/\/litteraturbanken.se\/ljudochbild\/2022\/10\/24\/elmer-diktonius-i-radio-1947\/\"><img loading=\"lazy\" decoding=\"async\" width=\"640\" height=\"873\" src=\"https:\/\/litteraturbanken.se\/ljudochbild\/wp-content\/uploads\/2022\/10\/elmerdiktonius_portratt-751x1024.jpg\" class=\"attachment-large size-large wp-post-image\" alt=\"Elmer Diktonius\" srcset=\"https:\/\/litteraturbanken.se\/ljudochbild\/wp-content\/uploads\/2022\/10\/elmerdiktonius_portratt-751x1024.jpg 751w, https:\/\/litteraturbanken.se\/ljudochbild\/wp-content\/uploads\/2022\/10\/elmerdiktonius_portratt-220x300.jpg 220w, https:\/\/litteraturbanken.se\/ljudochbild\/wp-content\/uploads\/2022\/10\/elmerdiktonius_portratt-768x1048.jpg 768w, https:\/\/litteraturbanken.se\/ljudochbild\/wp-content\/uploads\/2022\/10\/elmerdiktonius_portratt-1126x1536.jpg 1126w, https:\/\/litteraturbanken.se\/ljudochbild\/wp-content\/uploads\/2022\/10\/elmerdiktonius_portratt-480x655.jpg 480w, https:\/\/litteraturbanken.se\/ljudochbild\/wp-content\/uploads\/2022\/10\/elmerdiktonius_portratt.jpg 1200w\" sizes=\"auto, (max-width: 640px) 100vw, 640px\" \/><\/a> <a class=\"title\" href=\"https:\/\/litteraturbanken.se\/ljudochbild\/2022\/10\/24\/elmer-diktonius-i-radio-1947\/\">Elmer Diktonius 1947<\/a><\/div><div class=\"listing-item\"><a class=\"image\" href=\"https:\/\/litteraturbanken.se\/ljudochbild\/2019\/09\/29\/pa-kallartaket\/\"><img loading=\"lazy\" decoding=\"async\" width=\"640\" height=\"674\" src=\"https:\/\/litteraturbanken.se\/ljudochbild\/wp-content\/uploads\/2019\/09\/tak_4-972x1024.jpg\" class=\"attachment-large size-large wp-post-image\" alt=\"\" srcset=\"https:\/\/litteraturbanken.se\/ljudochbild\/wp-content\/uploads\/2019\/09\/tak_4-972x1024.jpg 972w, https:\/\/litteraturbanken.se\/ljudochbild\/wp-content\/uploads\/2019\/09\/tak_4-285x300.jpg 285w, https:\/\/litteraturbanken.se\/ljudochbild\/wp-content\/uploads\/2019\/09\/tak_4-768x809.jpg 768w, https:\/\/litteraturbanken.se\/ljudochbild\/wp-content\/uploads\/2019\/09\/tak_4-480x506.jpg 480w, https:\/\/litteraturbanken.se\/ljudochbild\/wp-content\/uploads\/2019\/09\/tak_4.jpg 1452w\" sizes=\"auto, (max-width: 640px) 100vw, 640px\" \/><\/a> <a class=\"title\" href=\"https:\/\/litteraturbanken.se\/ljudochbild\/2019\/09\/29\/pa-kallartaket\/\">P\u00e5 k\u00e4llartaket<\/a><\/div><\/div>\r\n\r\n\n","protected":false},"excerpt":{"rendered":"<p>\u201dF\u00f6r de poeter som debuterar i b\u00f6rjan av 1920-talet \u00e4r S\u00f6dergran en given v\u00e4gr\u00f6jare. En av dem som inspirerades var den h\u00e4ngivne S\u00f6dergranbeundraren ELMER DIKTONIUS (1896\u20131961); det f\u00f6r en expressiv poet passande namnet var inte en pseudonym, som [&hellip;]<\/p>\n","protected":false},"author":5,"featured_media":7741,"parent":7,"menu_order":0,"comment_status":"closed","ping_status":"closed","template":"","meta":{"footnotes":""},"class_list":["post-7826","page","type-page","status-publish","has-post-thumbnail","hentry"],"yoast_head":"<!-- This site is optimized with the Yoast SEO plugin v27.1.1 - https:\/\/yoast.com\/product\/yoast-seo-wordpress\/ -->\n<title>Elmer Diktonius (1896\u20131961) - Ljud &amp; Bild<\/title>\n<meta name=\"robots\" content=\"index, follow, max-snippet:-1, max-image-preview:large, max-video-preview:-1\" \/>\n<link rel=\"canonical\" href=\"https:\/\/litteraturbanken.se\/ljudochbild\/forfattare\/diktoniuse\/\" \/>\n<meta property=\"og:locale\" content=\"sv_SE\" \/>\n<meta property=\"og:type\" content=\"article\" \/>\n<meta property=\"og:title\" content=\"Elmer Diktonius (1896\u20131961) - Ljud &amp; Bild\" \/>\n<meta property=\"og:description\" content=\"\u201dF\u00f6r de poeter som debuterar i b\u00f6rjan av 1920-talet \u00e4r S\u00f6dergran en given v\u00e4gr\u00f6jare. En av dem som inspirerades var den h\u00e4ngivne S\u00f6dergranbeundraren ELMER DIKTONIUS (1896\u20131961); det f\u00f6r en expressiv poet passande namnet var inte en pseudonym, som [&hellip;]\" \/>\n<meta property=\"og:url\" content=\"https:\/\/litteraturbanken.se\/ljudochbild\/forfattare\/diktoniuse\/\" \/>\n<meta property=\"og:site_name\" content=\"Ljud &amp; Bild\" \/>\n<meta property=\"article:publisher\" content=\"https:\/\/www.facebook.com\/Litteraturbanken.se\" \/>\n<meta property=\"article:modified_time\" content=\"2024-09-16T13:11:27+00:00\" \/>\n<meta property=\"og:image\" content=\"https:\/\/litteraturbanken.se\/ljudochbild\/wp-content\/uploads\/2022\/10\/elmerdiktonius.jpg\" \/>\n\t<meta property=\"og:image:width\" content=\"1200\" \/>\n\t<meta property=\"og:image:height\" content=\"1551\" \/>\n\t<meta property=\"og:image:type\" content=\"image\/jpeg\" \/>\n<meta name=\"twitter:card\" content=\"summary_large_image\" \/>\n<meta name=\"twitter:site\" content=\"@litteraturbank\" \/>\n<meta name=\"twitter:label1\" content=\"Ber\u00e4knad l\u00e4stid\" \/>\n\t<meta name=\"twitter:data1\" content=\"2 minuter\" \/>\n<script type=\"application\/ld+json\" class=\"yoast-schema-graph\">{\"@context\":\"https:\/\/schema.org\",\"@graph\":[{\"@type\":\"WebPage\",\"@id\":\"https:\/\/litteraturbanken.se\/ljudochbild\/forfattare\/diktoniuse\/\",\"url\":\"https:\/\/litteraturbanken.se\/ljudochbild\/forfattare\/diktoniuse\/\",\"name\":\"Elmer Diktonius (1896\u20131961) - Ljud &amp; Bild\",\"isPartOf\":{\"@id\":\"https:\/\/litteraturbanken.se\/ljudochbild\/#website\"},\"primaryImageOfPage\":{\"@id\":\"https:\/\/litteraturbanken.se\/ljudochbild\/forfattare\/diktoniuse\/#primaryimage\"},\"image\":{\"@id\":\"https:\/\/litteraturbanken.se\/ljudochbild\/forfattare\/diktoniuse\/#primaryimage\"},\"thumbnailUrl\":\"https:\/\/litteraturbanken.se\/ljudochbild\/wp-content\/uploads\/2022\/10\/elmerdiktonius.jpg\",\"datePublished\":\"2022-10-24T09:05:45+00:00\",\"dateModified\":\"2024-09-16T13:11:27+00:00\",\"breadcrumb\":{\"@id\":\"https:\/\/litteraturbanken.se\/ljudochbild\/forfattare\/diktoniuse\/#breadcrumb\"},\"inLanguage\":\"sv-SE\",\"potentialAction\":[{\"@type\":\"ReadAction\",\"target\":[\"https:\/\/litteraturbanken.se\/ljudochbild\/forfattare\/diktoniuse\/\"]}]},{\"@type\":\"ImageObject\",\"inLanguage\":\"sv-SE\",\"@id\":\"https:\/\/litteraturbanken.se\/ljudochbild\/forfattare\/diktoniuse\/#primaryimage\",\"url\":\"https:\/\/litteraturbanken.se\/ljudochbild\/wp-content\/uploads\/2022\/10\/elmerdiktonius.jpg\",\"contentUrl\":\"https:\/\/litteraturbanken.se\/ljudochbild\/wp-content\/uploads\/2022\/10\/elmerdiktonius.jpg\",\"width\":1200,\"height\":1551,\"caption\":\"Elmer Diktonius\"},{\"@type\":\"BreadcrumbList\",\"@id\":\"https:\/\/litteraturbanken.se\/ljudochbild\/forfattare\/diktoniuse\/#breadcrumb\",\"itemListElement\":[{\"@type\":\"ListItem\",\"position\":1,\"name\":\"Hem\",\"item\":\"https:\/\/litteraturbanken.se\/ljudochbild\/\"},{\"@type\":\"ListItem\",\"position\":2,\"name\":\"F\u00f6rfattare\",\"item\":\"https:\/\/litteraturbanken.se\/ljudochbild\/forfattare\/\"},{\"@type\":\"ListItem\",\"position\":3,\"name\":\"Elmer Diktonius (1896\u20131961)\"}]},{\"@type\":\"WebSite\",\"@id\":\"https:\/\/litteraturbanken.se\/ljudochbild\/#website\",\"url\":\"https:\/\/litteraturbanken.se\/ljudochbild\/\",\"name\":\"Ljud & Bild\",\"description\":\"Ur Litteraturbankens samlingar\",\"potentialAction\":[{\"@type\":\"SearchAction\",\"target\":{\"@type\":\"EntryPoint\",\"urlTemplate\":\"https:\/\/litteraturbanken.se\/ljudochbild\/?s={search_term_string}\"},\"query-input\":{\"@type\":\"PropertyValueSpecification\",\"valueRequired\":true,\"valueName\":\"search_term_string\"}}],\"inLanguage\":\"sv-SE\"}]}<\/script>\n<!-- \/ Yoast SEO plugin. -->","yoast_head_json":{"title":"Elmer Diktonius (1896\u20131961) - Ljud &amp; Bild","robots":{"index":"index","follow":"follow","max-snippet":"max-snippet:-1","max-image-preview":"max-image-preview:large","max-video-preview":"max-video-preview:-1"},"canonical":"https:\/\/litteraturbanken.se\/ljudochbild\/forfattare\/diktoniuse\/","og_locale":"sv_SE","og_type":"article","og_title":"Elmer Diktonius (1896\u20131961) - Ljud &amp; Bild","og_description":"\u201dF\u00f6r de poeter som debuterar i b\u00f6rjan av 1920-talet \u00e4r S\u00f6dergran en given v\u00e4gr\u00f6jare. En av dem som inspirerades var den h\u00e4ngivne S\u00f6dergranbeundraren ELMER DIKTONIUS (1896\u20131961); det f\u00f6r en expressiv poet passande namnet var inte en pseudonym, som [&hellip;]","og_url":"https:\/\/litteraturbanken.se\/ljudochbild\/forfattare\/diktoniuse\/","og_site_name":"Ljud &amp; Bild","article_publisher":"https:\/\/www.facebook.com\/Litteraturbanken.se","article_modified_time":"2024-09-16T13:11:27+00:00","og_image":[{"width":1200,"height":1551,"url":"https:\/\/litteraturbanken.se\/ljudochbild\/wp-content\/uploads\/2022\/10\/elmerdiktonius.jpg","type":"image\/jpeg"}],"twitter_card":"summary_large_image","twitter_site":"@litteraturbank","twitter_misc":{"Ber\u00e4knad l\u00e4stid":"2 minuter"},"schema":{"@context":"https:\/\/schema.org","@graph":[{"@type":"WebPage","@id":"https:\/\/litteraturbanken.se\/ljudochbild\/forfattare\/diktoniuse\/","url":"https:\/\/litteraturbanken.se\/ljudochbild\/forfattare\/diktoniuse\/","name":"Elmer Diktonius (1896\u20131961) - Ljud &amp; Bild","isPartOf":{"@id":"https:\/\/litteraturbanken.se\/ljudochbild\/#website"},"primaryImageOfPage":{"@id":"https:\/\/litteraturbanken.se\/ljudochbild\/forfattare\/diktoniuse\/#primaryimage"},"image":{"@id":"https:\/\/litteraturbanken.se\/ljudochbild\/forfattare\/diktoniuse\/#primaryimage"},"thumbnailUrl":"https:\/\/litteraturbanken.se\/ljudochbild\/wp-content\/uploads\/2022\/10\/elmerdiktonius.jpg","datePublished":"2022-10-24T09:05:45+00:00","dateModified":"2024-09-16T13:11:27+00:00","breadcrumb":{"@id":"https:\/\/litteraturbanken.se\/ljudochbild\/forfattare\/diktoniuse\/#breadcrumb"},"inLanguage":"sv-SE","potentialAction":[{"@type":"ReadAction","target":["https:\/\/litteraturbanken.se\/ljudochbild\/forfattare\/diktoniuse\/"]}]},{"@type":"ImageObject","inLanguage":"sv-SE","@id":"https:\/\/litteraturbanken.se\/ljudochbild\/forfattare\/diktoniuse\/#primaryimage","url":"https:\/\/litteraturbanken.se\/ljudochbild\/wp-content\/uploads\/2022\/10\/elmerdiktonius.jpg","contentUrl":"https:\/\/litteraturbanken.se\/ljudochbild\/wp-content\/uploads\/2022\/10\/elmerdiktonius.jpg","width":1200,"height":1551,"caption":"Elmer Diktonius"},{"@type":"BreadcrumbList","@id":"https:\/\/litteraturbanken.se\/ljudochbild\/forfattare\/diktoniuse\/#breadcrumb","itemListElement":[{"@type":"ListItem","position":1,"name":"Hem","item":"https:\/\/litteraturbanken.se\/ljudochbild\/"},{"@type":"ListItem","position":2,"name":"F\u00f6rfattare","item":"https:\/\/litteraturbanken.se\/ljudochbild\/forfattare\/"},{"@type":"ListItem","position":3,"name":"Elmer Diktonius (1896\u20131961)"}]},{"@type":"WebSite","@id":"https:\/\/litteraturbanken.se\/ljudochbild\/#website","url":"https:\/\/litteraturbanken.se\/ljudochbild\/","name":"Ljud & Bild","description":"Ur Litteraturbankens samlingar","potentialAction":[{"@type":"SearchAction","target":{"@type":"EntryPoint","urlTemplate":"https:\/\/litteraturbanken.se\/ljudochbild\/?s={search_term_string}"},"query-input":{"@type":"PropertyValueSpecification","valueRequired":true,"valueName":"search_term_string"}}],"inLanguage":"sv-SE"}]}},"_links":{"self":[{"href":"https:\/\/litteraturbanken.se\/ljudochbild\/wp-json\/wp\/v2\/pages\/7826","targetHints":{"allow":["GET"]}}],"collection":[{"href":"https:\/\/litteraturbanken.se\/ljudochbild\/wp-json\/wp\/v2\/pages"}],"about":[{"href":"https:\/\/litteraturbanken.se\/ljudochbild\/wp-json\/wp\/v2\/types\/page"}],"author":[{"embeddable":true,"href":"https:\/\/litteraturbanken.se\/ljudochbild\/wp-json\/wp\/v2\/users\/5"}],"replies":[{"embeddable":true,"href":"https:\/\/litteraturbanken.se\/ljudochbild\/wp-json\/wp\/v2\/comments?post=7826"}],"version-history":[{"count":10,"href":"https:\/\/litteraturbanken.se\/ljudochbild\/wp-json\/wp\/v2\/pages\/7826\/revisions"}],"predecessor-version":[{"id":12072,"href":"https:\/\/litteraturbanken.se\/ljudochbild\/wp-json\/wp\/v2\/pages\/7826\/revisions\/12072"}],"up":[{"embeddable":true,"href":"https:\/\/litteraturbanken.se\/ljudochbild\/wp-json\/wp\/v2\/pages\/7"}],"wp:featuredmedia":[{"embeddable":true,"href":"https:\/\/litteraturbanken.se\/ljudochbild\/wp-json\/wp\/v2\/media\/7741"}],"wp:attachment":[{"href":"https:\/\/litteraturbanken.se\/ljudochbild\/wp-json\/wp\/v2\/media?parent=7826"}],"curies":[{"name":"wp","href":"https:\/\/api.w.org\/{rel}","templated":true}]}}