{"id":10005,"date":"2018-12-18T20:41:16","date_gmt":"2018-12-18T19:41:16","guid":{"rendered":"https:\/\/litteraturbanken.se\/skoladev\/?page_id=10005"},"modified":"2020-03-09T16:05:29","modified_gmt":"2020-03-09T15:05:29","slug":"poesi-forfattare-jesper-swedberg-om","status":"publish","type":"page","link":"https:\/\/litteraturbanken.se\/skolan\/poesi-forfattare-jesper-swedberg-om\/","title":{"rendered":"Poesi\/F\u00f6rfattare\/Jesper Swedberg\/Mer om"},"content":{"rendered":"\t\t<div data-elementor-type=\"wp-post\" data-elementor-id=\"10005\" class=\"elementor elementor-10005\">\n\t\t\t\t\t\t<section class=\"elementor-section elementor-top-section elementor-element elementor-element-c8fc284 elementor-section-full_width elementor-section-height-default elementor-section-height-default\" data-id=\"c8fc284\" data-element_type=\"section\" data-e-type=\"section\" data-settings=\"{&quot;background_background&quot;:&quot;classic&quot;}\">\n\t\t\t\t\t\t<div class=\"elementor-container elementor-column-gap-default\">\n\t\t\t\t\t<div class=\"elementor-column elementor-col-25 elementor-top-column elementor-element elementor-element-b6151b5\" data-id=\"b6151b5\" data-element_type=\"column\" data-e-type=\"column\">\n\t\t\t<div class=\"elementor-widget-wrap\">\n\t\t\t\t\t\t\t<\/div>\n\t\t<\/div>\n\t\t\t\t<div class=\"elementor-column elementor-col-25 elementor-top-column elementor-element elementor-element-a97a75a\" data-id=\"a97a75a\" data-element_type=\"column\" data-e-type=\"column\" data-settings=\"{&quot;background_background&quot;:&quot;classic&quot;}\">\n\t\t\t<div class=\"elementor-widget-wrap elementor-element-populated\">\n\t\t\t\t\t\t<div class=\"elementor-element elementor-element-4d0274a elementor-widget elementor-widget-spacer\" data-id=\"4d0274a\" data-element_type=\"widget\" data-e-type=\"widget\" data-widget_type=\"spacer.default\">\n\t\t\t\t<div class=\"elementor-widget-container\">\n\t\t\t\t\t\t\t<div class=\"elementor-spacer\">\n\t\t\t<div class=\"elementor-spacer-inner\"><\/div>\n\t\t<\/div>\n\t\t\t\t\t\t<\/div>\n\t\t\t\t<\/div>\n\t\t\t\t<div class=\"elementor-element elementor-element-b946d8b elementor-widget elementor-widget-text-editor\" data-id=\"b946d8b\" data-element_type=\"widget\" data-e-type=\"widget\" data-widget_type=\"text-editor.default\">\n\t\t\t\t<div class=\"elementor-widget-container\">\n\t\t\t\t\t\t\t\t\t<h1 class=\"elementor-heading-title elementor-size-default\">Jesper Swedberg<\/h1>\t\t\t\t\t\t\t\t<\/div>\n\t\t\t\t<\/div>\n\t\t\t\t<div class=\"elementor-element elementor-element-0e0ab7f elementor-widget elementor-widget-text-editor\" data-id=\"0e0ab7f\" data-element_type=\"widget\" data-e-type=\"widget\" data-widget_type=\"text-editor.default\">\n\t\t\t\t<div class=\"elementor-widget-container\">\n\t\t\t\t\t\t\t\t\t<div class=\"ng-binding\"><div class=\"ng-binding\"><div class=\"ng-binding\"><div class=\"ng-binding\"><p><em>JESPER SWEDBERG (1653\u20131735) pr\u00e4stvigdes 1683 och blev sedermera teologie professor i Uppsala och domprost. Fr\u00e5n 1696 hade han \u00e4ven uppdraget att som styresman vaka \u00f6ver de svenska f\u00f6rsamlingarna i Amerika; ett arbete han skildrat i verket\u00a0America Illuminata\u00a0(1732). <\/em><\/p><p><em>Swedberg var en av sin samtids mest framst\u00e5ende predikanter. I sina \u00e4mbetsbrev behandlade han ocks\u00e5 ofta tidens h\u00e4ndelser ur en religi\u00f6s synvinkel; s\u00e5 exempelvis i ett brev skrivet med anledning av slaget vid Poltava 1709. <\/em><\/p><p><em>Hans innerliga gudstro, i vilken han inte var fr\u00e4mmande f\u00f6r uppenbarelser och andesyner, kom att starkt p\u00e5verka hans son, Emanuel Swedenborg. Swedberg lade stor vikt vid l\u00e4skunnighet och boklig upplysning hos allmogen. <\/em><\/p><p>Han var mycket intresserad av det svenska spr\u00e5kets historia och utveckling och gav 1716 ut studien\u00a0<a href=\"https:\/\/litteraturbanken.se\/f\u00f6rfattare\/SwedbergJ\/titlar\/Schibboleth\/sida\/I.I\/faksimil\" target=\"_blank\" rel=\"noopener\"><span style=\"text-decoration: underline;\"><i>Schibboleth. Swenska spr\u00e5kets rycht och richtighet<\/i><\/span><\/a>\u00a0\u2013 en kombinerad ordbok, grammatik och r\u00e4ttskrivningsl\u00e4ra. Hans\u00a0<span style=\"text-decoration: underline;\"><a href=\"https:\/\/litteraturbanken.se\/f\u00f6rfattare\/SwedbergJ\/titlar\/SwenskOrdabok\/sida\/3\/faksimil\" target=\"_blank\" rel=\"noopener\"><i>Swensk Ordabok<\/i><\/a>,<\/span> en av de allra f\u00f6rsta systematiska uppst\u00e4llningarna av det svenska ordf\u00f6rr\u00e5det, kom dock aldrig i tryck under hans levnad.<\/p><\/div><div class=\"introauthor\"><em class=\"ng-binding\">Lotta Lotass<\/em><\/div><div class=\"source ng-scope\"><p><span class=\"source_header sc ng-scope\">k\u00e4llor<\/span><\/p><ul><li class=\"ng-scope\"><div class=\"source_content ng-binding\"><i>Svenskt biografiskt handlexikon<\/i><\/div><\/li><li class=\"ng-scope\"><div class=\"source_content ng-binding\"><i>Nordisk familjebok<\/i><\/div><\/li><\/ul><\/div><\/div><\/div><\/div>\t\t\t\t\t\t\t\t<\/div>\n\t\t\t\t<\/div>\n\t\t\t\t\t<\/div>\n\t\t<\/div>\n\t\t\t\t<div class=\"elementor-column elementor-col-25 elementor-top-column elementor-element elementor-element-eeec12b\" data-id=\"eeec12b\" data-element_type=\"column\" data-e-type=\"column\">\n\t\t\t<div class=\"elementor-widget-wrap elementor-element-populated\">\n\t\t\t\t\t\t<div class=\"elementor-element elementor-element-72e9d32 elementor-widget elementor-widget-spacer\" data-id=\"72e9d32\" data-element_type=\"widget\" data-e-type=\"widget\" data-widget_type=\"spacer.default\">\n\t\t\t\t<div class=\"elementor-widget-container\">\n\t\t\t\t\t\t\t<div class=\"elementor-spacer\">\n\t\t\t<div class=\"elementor-spacer-inner\"><\/div>\n\t\t<\/div>\n\t\t\t\t\t\t<\/div>\n\t\t\t\t<\/div>\n\t\t\t\t<div class=\"elementor-element elementor-element-773eb7d elementor-widget elementor-widget-image\" data-id=\"773eb7d\" data-element_type=\"widget\" data-e-type=\"widget\" data-widget_type=\"image.default\">\n\t\t\t\t<div class=\"elementor-widget-container\">\n\t\t\t\t\t\t\t\t\t\t\t\t\t\t\t<img fetchpriority=\"high\" decoding=\"async\" width=\"300\" height=\"300\" src=\"https:\/\/litteraturbanken.se\/skolan\/wp-content\/uploads\/2019\/03\/lb_skolan_2019_knapp_f\u00f6rfattarbild_swedberg_bl\u00e5-e1553013195125.jpg\" class=\"attachment-full size-full wp-image-13786\" alt=\"\" \/>\t\t\t\t\t\t\t\t\t\t\t\t\t\t\t<\/div>\n\t\t\t\t<\/div>\n\t\t\t\t<div class=\"elementor-element elementor-element-c2034f8 elementor-widget elementor-widget-spacer\" data-id=\"c2034f8\" data-element_type=\"widget\" data-e-type=\"widget\" data-widget_type=\"spacer.default\">\n\t\t\t\t<div class=\"elementor-widget-container\">\n\t\t\t\t\t\t\t<div class=\"elementor-spacer\">\n\t\t\t<div class=\"elementor-spacer-inner\"><\/div>\n\t\t<\/div>\n\t\t\t\t\t\t<\/div>\n\t\t\t\t<\/div>\n\t\t\t\t\t<\/div>\n\t\t<\/div>\n\t\t\t\t<div class=\"elementor-column elementor-col-25 elementor-top-column elementor-element elementor-element-2d85273\" data-id=\"2d85273\" data-element_type=\"column\" data-e-type=\"column\">\n\t\t\t<div class=\"elementor-widget-wrap elementor-element-populated\">\n\t\t\t\t\t\t<div class=\"elementor-element elementor-element-d79e8a7 elementor-widget elementor-widget-spacer\" data-id=\"d79e8a7\" data-element_type=\"widget\" data-e-type=\"widget\" data-widget_type=\"spacer.default\">\n\t\t\t\t<div class=\"elementor-widget-container\">\n\t\t\t\t\t\t\t<div class=\"elementor-spacer\">\n\t\t\t<div class=\"elementor-spacer-inner\"><\/div>\n\t\t<\/div>\n\t\t\t\t\t\t<\/div>\n\t\t\t\t<\/div>\n\t\t\t\t<div class=\"elementor-element elementor-element-2874cfa elementor-widget elementor-widget-spacer\" data-id=\"2874cfa\" data-element_type=\"widget\" data-e-type=\"widget\" data-widget_type=\"spacer.default\">\n\t\t\t\t<div class=\"elementor-widget-container\">\n\t\t\t\t\t\t\t<div class=\"elementor-spacer\">\n\t\t\t<div class=\"elementor-spacer-inner\"><\/div>\n\t\t<\/div>\n\t\t\t\t\t\t<\/div>\n\t\t\t\t<\/div>\n\t\t\t\t\t<\/div>\n\t\t<\/div>\n\t\t\t\t\t<\/div>\n\t\t<\/section>\n\t\t\t\t<\/div>\n\t\t","protected":false},"excerpt":{"rendered":"<p>Jesper Swedberg JESPER SWEDBERG (1653\u20131735) pr\u00e4stvigdes 1683 och blev sedermera teologie professor i Uppsala och domprost. Fr\u00e5n 1696 hade han \u00e4ven uppdraget att som styresman vaka \u00f6ver de svenska f\u00f6rsamlingarna i Amerika; ett arbete han skildrat i verket\u00a0America Illuminata\u00a0(1732). Swedberg var en av sin samtids mest framst\u00e5ende predikanter. I sina \u00e4mbetsbrev behandlade han ocks\u00e5 ofta [&hellip;]<\/p>\n","protected":false},"author":5,"featured_media":0,"parent":0,"menu_order":0,"comment_status":"closed","ping_status":"closed","template":"","meta":{"ocean_post_layout":"full-screen","ocean_both_sidebars_style":"","ocean_both_sidebars_content_width":0,"ocean_both_sidebars_sidebars_width":0,"ocean_sidebar":"0","ocean_second_sidebar":"0","ocean_disable_margins":"enable","ocean_add_body_class":"","ocean_shortcode_before_top_bar":"","ocean_shortcode_after_top_bar":"","ocean_shortcode_before_header":"","ocean_shortcode_after_header":"","ocean_has_shortcode":"","ocean_shortcode_after_title":"","ocean_shortcode_before_footer_widgets":"","ocean_shortcode_after_footer_widgets":"","ocean_shortcode_before_footer_bottom":"","ocean_shortcode_after_footer_bottom":"","ocean_display_top_bar":"default","ocean_display_header":"default","ocean_header_style":"","ocean_center_header_left_menu":"0","ocean_custom_header_template":"0","ocean_custom_logo":0,"ocean_custom_retina_logo":0,"ocean_custom_logo_max_width":0,"ocean_custom_logo_tablet_max_width":0,"ocean_custom_logo_mobile_max_width":0,"ocean_custom_logo_max_height":0,"ocean_custom_logo_tablet_max_height":0,"ocean_custom_logo_mobile_max_height":0,"ocean_header_custom_menu":"0","ocean_menu_typo_font_family":"0","ocean_menu_typo_font_subset":"","ocean_menu_typo_font_size":0,"ocean_menu_typo_font_size_tablet":0,"ocean_menu_typo_font_size_mobile":0,"ocean_menu_typo_font_size_unit":"px","ocean_menu_typo_font_weight":"","ocean_menu_typo_font_weight_tablet":"","ocean_menu_typo_font_weight_mobile":"","ocean_menu_typo_transform":"","ocean_menu_typo_transform_tablet":"","ocean_menu_typo_transform_mobile":"","ocean_menu_typo_line_height":0,"ocean_menu_typo_line_height_tablet":0,"ocean_menu_typo_line_height_mobile":0,"ocean_menu_typo_line_height_unit":"","ocean_menu_typo_spacing":0,"ocean_menu_typo_spacing_tablet":0,"ocean_menu_typo_spacing_mobile":0,"ocean_menu_typo_spacing_unit":"","ocean_menu_link_color":"","ocean_menu_link_color_hover":"","ocean_menu_link_color_active":"","ocean_menu_link_background":"","ocean_menu_link_hover_background":"","ocean_menu_link_active_background":"","ocean_menu_social_links_bg":"","ocean_menu_social_hover_links_bg":"","ocean_menu_social_links_color":"","ocean_menu_social_hover_links_color":"","ocean_disable_title":"on","ocean_disable_heading":"default","ocean_post_title":"","ocean_post_subheading":"","ocean_post_title_style":"","ocean_post_title_background_color":"","ocean_post_title_background":0,"ocean_post_title_bg_image_position":"","ocean_post_title_bg_image_attachment":"","ocean_post_title_bg_image_repeat":"","ocean_post_title_bg_image_size":"","ocean_post_title_height":0,"ocean_post_title_bg_overlay":0.5,"ocean_post_title_bg_overlay_color":"","ocean_disable_breadcrumbs":"default","ocean_breadcrumbs_color":"","ocean_breadcrumbs_separator_color":"","ocean_breadcrumbs_links_color":"","ocean_breadcrumbs_links_hover_color":"","ocean_display_footer_widgets":"default","ocean_display_footer_bottom":"default","ocean_custom_footer_template":"0","footnotes":""},"class_list":["post-10005","page","type-page","status-publish","hentry","entry"],"_links":{"self":[{"href":"https:\/\/litteraturbanken.se\/skolan\/wp-json\/wp\/v2\/pages\/10005","targetHints":{"allow":["GET"]}}],"collection":[{"href":"https:\/\/litteraturbanken.se\/skolan\/wp-json\/wp\/v2\/pages"}],"about":[{"href":"https:\/\/litteraturbanken.se\/skolan\/wp-json\/wp\/v2\/types\/page"}],"author":[{"embeddable":true,"href":"https:\/\/litteraturbanken.se\/skolan\/wp-json\/wp\/v2\/users\/5"}],"replies":[{"embeddable":true,"href":"https:\/\/litteraturbanken.se\/skolan\/wp-json\/wp\/v2\/comments?post=10005"}],"version-history":[{"count":6,"href":"https:\/\/litteraturbanken.se\/skolan\/wp-json\/wp\/v2\/pages\/10005\/revisions"}],"predecessor-version":[{"id":20510,"href":"https:\/\/litteraturbanken.se\/skolan\/wp-json\/wp\/v2\/pages\/10005\/revisions\/20510"}],"wp:attachment":[{"href":"https:\/\/litteraturbanken.se\/skolan\/wp-json\/wp\/v2\/media?parent=10005"}],"curies":[{"name":"wp","href":"https:\/\/api.w.org\/{rel}","templated":true}]}}