{"id":10051,"date":"2018-12-18T22:28:22","date_gmt":"2018-12-18T21:28:22","guid":{"rendered":"https:\/\/litteraturbanken.se\/skoladev\/?page_id=10051"},"modified":"2020-03-02T11:19:42","modified_gmt":"2020-03-02T10:19:42","slug":"poesi-forfattare-carl-michael-bellman-ulla-min-ulla","status":"publish","type":"page","link":"https:\/\/litteraturbanken.se\/skolan\/poesi-forfattare-carl-michael-bellman-ulla-min-ulla\/","title":{"rendered":"Poesi\/F\u00f6rfattare\/Carl Michael Bellman\/Ulla min Ulla"},"content":{"rendered":"\t\t<div data-elementor-type=\"wp-post\" data-elementor-id=\"10051\" class=\"elementor elementor-10051\">\n\t\t\t\t\t\t<section class=\"elementor-section elementor-top-section elementor-element elementor-element-2347dfb elementor-section-boxed elementor-section-height-default elementor-section-height-default\" data-id=\"2347dfb\" data-element_type=\"section\" data-e-type=\"section\">\n\t\t\t\t\t\t<div class=\"elementor-container elementor-column-gap-default\">\n\t\t\t\t\t<div class=\"elementor-column elementor-col-100 elementor-top-column elementor-element elementor-element-fad09b2\" data-id=\"fad09b2\" data-element_type=\"column\" data-e-type=\"column\">\n\t\t\t<div class=\"elementor-widget-wrap elementor-element-populated\">\n\t\t\t\t\t\t<div class=\"elementor-element elementor-element-4c2d2f2 elementor-widget elementor-widget-spacer\" data-id=\"4c2d2f2\" data-element_type=\"widget\" data-e-type=\"widget\" data-widget_type=\"spacer.default\">\n\t\t\t\t<div class=\"elementor-widget-container\">\n\t\t\t\t\t\t\t<div class=\"elementor-spacer\">\n\t\t\t<div class=\"elementor-spacer-inner\"><\/div>\n\t\t<\/div>\n\t\t\t\t\t\t<\/div>\n\t\t\t\t<\/div>\n\t\t\t\t\t<\/div>\n\t\t<\/div>\n\t\t\t\t\t<\/div>\n\t\t<\/section>\n\t\t\t\t<section class=\"elementor-section elementor-inner-section elementor-element elementor-element-5141bbe elementor-section-boxed elementor-section-height-default elementor-section-height-default\" data-id=\"5141bbe\" data-element_type=\"section\" data-e-type=\"section\">\n\t\t\t\t\t\t<div class=\"elementor-container elementor-column-gap-default\">\n\t\t\t\t\t<div class=\"elementor-column elementor-col-66 elementor-inner-column elementor-element elementor-element-525685d\" data-id=\"525685d\" data-element_type=\"column\" data-e-type=\"column\" data-settings=\"{&quot;background_background&quot;:&quot;classic&quot;}\">\n\t\t\t<div class=\"elementor-widget-wrap elementor-element-populated\">\n\t\t\t\t\t\t<div class=\"elementor-element elementor-element-fd22eed elementor-widget elementor-widget-heading\" data-id=\"fd22eed\" data-element_type=\"widget\" data-e-type=\"widget\" data-widget_type=\"heading.default\">\n\t\t\t\t<div class=\"elementor-widget-container\">\n\t\t\t\t\t<h2 class=\"elementor-heading-title elementor-size-default\">Ulla! Min Ulla!<\/h2>\t\t\t\t<\/div>\n\t\t\t\t<\/div>\n\t\t\t\t<div class=\"elementor-element elementor-element-572932d elementor-widget elementor-widget-text-editor\" data-id=\"572932d\" data-element_type=\"widget\" data-e-type=\"widget\" data-widget_type=\"text-editor.default\">\n\t\t\t\t<div class=\"elementor-widget-container\">\n\t\t\t\t\t\t\t\t\t<p>Av <a href=\"https:\/\/litteraturbanken.se\/skolan\/?page_id=5789\"><em>Carl Michael Bellman<\/em><\/a><\/p>\t\t\t\t\t\t\t\t<\/div>\n\t\t\t\t<\/div>\n\t\t\t\t<div class=\"elementor-element elementor-element-0d2a094 elementor-widget elementor-widget-text-editor\" data-id=\"0d2a094\" data-element_type=\"widget\" data-e-type=\"widget\" data-widget_type=\"text-editor.default\">\n\t\t\t\t<div class=\"elementor-widget-container\">\n\t\t\t\t\t\t\t\t\t<p><strong>Ur:\u00a0<\/strong><em>Dikter 1<\/em>\u00a0(1916)\u00a0<span style=\"font-size: 15px; letter-spacing: 0.6px;\">\u00a0<\/span><strong>\u00c5rskurs:<\/strong>\u00a0Gymnasium\u00a0 <strong>Tema:<\/strong>\u00a01700-tal,\u00a0Humor och satir,\u00a0Sommar<\/p>\t\t\t\t\t\t\t\t<\/div>\n\t\t\t\t<\/div>\n\t\t\t\t<div class=\"elementor-element elementor-element-2b2d90e elementor-widget elementor-widget-text-editor\" data-id=\"2b2d90e\" data-element_type=\"widget\" data-e-type=\"widget\" data-widget_type=\"text-editor.default\">\n\t\t\t\t<div class=\"elementor-widget-container\">\n\t\t\t\t\t\t\t\t\t<div class=\"literallayout\"><p><em><span class=\"italic\">Til\u00a0Ulla\u00a0i\u00a0f\u00f6nstret\u00a0p\u00e5\u00a0Fiskartorpet,\u00a0Middagstiden<\/span>,<\/em><br \/><em><span class=\"italic\">en\u00a0Sommardag<\/span>.<\/em><\/p><p><span style=\"font-size: 15px; letter-spacing: 0.6px;\">_____<\/span><\/p><\/div><div class=\"literallayout\"><p><em><span class=\"italic\">Pastoral<\/span><\/em><br \/><em><span class=\"italic\">Dedic.\u00a0til\u00a0Herr\u00a0Assessor<\/span><\/em>\u00a0LUNDSTR\u00d6M.<\/p><p>Ulla!\u00a0min\u00a0Ulla!\u00a0s\u00e4j\u00a0f\u00e5r\u00a0jag\u00a0dig\u00a0bjuda<br \/>R\u00f6daste\u00a0Smultron\u00a0i\u00a0Mj\u00f6lk\u00a0och\u00a0Vin?<br \/>Eller\u00a0ur\u00a0Sumpen\u00a0en\u00a0sprittande\u00a0Ruda,<br \/>Eller\u00a0fr\u00e5n\u00a0K\u00e4llan\u00a0en\u00a0Vatten-terrin?<br \/>D\u00f6rrarna\u00a0\u00f6pnas\u00a0av\u00a0v\u00e4dren\u00a0med\u00a0v\u00e5da,<br \/>Blommor\u00a0och\u00a0Granris\u00a0v\u00e4llukt\u00a0ger;<br \/>Duggande\u00a0Skyar\u00a0de\u00a0Solen\u00a0beb\u00e5da,<br \/>Som\u00a0du\u00a0ser.<br \/>\u00c4\u2019ke\u00a0det\u00a0gudomligt,\u00a0Fiskartorpet!\u00a0Vad?<br \/>Gudomligt\u00a0at\u00a0besk\u00e5da!<br \/>\u00c4n\u00a0de\u00a0stolta\u00a0Stammar\u00a0som\u00a0st\u00e5\u00a0rad\u00a0i\u00a0rad,<br \/>Med\u00a0friska\u00a0blad!<br \/>\u00c4n\u00a0den\u00a0lugna\u00a0Viken<br \/>Som\u00a0g\u00e5r\u00a0fram?\u00a0\u2014\u00a0\u00c5h\u00a0ja!<br \/>\u00c4n\u00a0p\u00e5\u00a0l\u00e5ngt\u00a0h\u00e5ll\u00a0mellan\u00a0diken<br \/>\u00c5krarna!<br \/>\u00c4\u2019ke\u00a0det\u00a0gudomligt?\u00a0\u2014\u00a0Dessa\u00a0\u00c4ngarna?<br \/>Gudomliga!\u00a0Gudomliga!<\/p><p>Sk\u00e5l\u00a0och\u00a0god\u00a0middag\u00a0i\u00a0F\u00f6nstret\u00a0min\u00a0sk\u00f6na!<br \/>H\u00f6r\u00a0huru\u00a0klockorna\u00a0h\u00f6rs\u00a0fr\u00e5n\u00a0Stan.<br \/>Och\u00a0se\u00a0hur\u00a0dammet\u00a0bortskymmer\u00a0det\u00a0gr\u00f6na<br \/>Mellan\u00a0Calescher\u00a0och\u00a0vagnar\u00a0p\u00e5\u00a0plan.<br \/>R\u00e4ck\u00a0mig\u00a0ur\u00a0f\u00f6nstret\u00a0d\u00e4r\u00a0du\u00a0ser\u00a0mig\u00a0stanna,<br \/>S\u00f6mnig\u00a0i\u00a0sadeln,\u00a0min\u00a0Cousine,<br \/>Primo\u00a0en\u00a0Skorpa,\u00a0Secundo\u00a0en\u00a0kanna<br \/>Hoglands\u00a0vin.<br \/>\u00c4\u2019ke\u00a0det\u00a0Gudomligt\u00a0&amp;c.<\/p><p>Nu\u00a0ledes\u00a0Hingsten\u00a0i\u00a0spiltan,\u00a0min\u00a0Ulla,<br \/>Gn\u00e4ggande,\u00a0stampande,\u00a0i\u00a0galopp.<br \/>\u00c4n\u00a0uti\u00a0stalld\u00f6rn\u00a0dess\u00a0\u00f6gon\u00a0de\u00a0rulla<br \/>Stolt\u00a0opp\u00a0till\u00a0f\u00f6nstret,\u00a0till\u00a0dig\u00a0just\u00a0dit\u00a0opp.<br \/>Du\u00a0all\u00a0naturen\u00a0upeldar\u00a0i\u00a0l\u00e5ga<br \/>Med\u00a0dina\u00a0\u00f6gons\u00a0varma\u00a0pr\u00e5l.<br \/>Klang!\u00a0ner\u00a0vid\u00a0grinden,\u00a0i\u00a0varmaste\u00a0r\u00e5ga,<br \/>Klang,\u00a0din\u00a0sk\u00e5l!<br \/>\u00c4\u2019ke\u00a0det\u00a0Gudomligt\u00a0&amp;c.<\/p><\/div>\t\t\t\t\t\t\t\t<\/div>\n\t\t\t\t<\/div>\n\t\t\t\t\t<\/div>\n\t\t<\/div>\n\t\t\t\t<div class=\"elementor-column elementor-col-33 elementor-inner-column elementor-element elementor-element-c977d7d\" data-id=\"c977d7d\" data-element_type=\"column\" data-e-type=\"column\">\n\t\t\t<div class=\"elementor-widget-wrap elementor-element-populated\">\n\t\t\t\t\t\t<div class=\"elementor-element elementor-element-51d4d7d elementor-icon-list--layout-traditional elementor-list-item-link-full_width elementor-widget elementor-widget-icon-list\" data-id=\"51d4d7d\" data-element_type=\"widget\" data-e-type=\"widget\" data-widget_type=\"icon-list.default\">\n\t\t\t\t<div class=\"elementor-widget-container\">\n\t\t\t\t\t\t\t<ul class=\"elementor-icon-list-items\">\n\t\t\t\t\t\t\t<li class=\"elementor-icon-list-item\">\n\t\t\t\t\t\t\t\t\t\t\t<a href=\"https:\/\/litteraturbanken.se\/forfattare\/BellmanCM\/titlar\/Dikter1\/sida\/234\/faksimil\" target=\"_blank\">\n\n\t\t\t\t\t\t\t\t\t\t\t\t<span class=\"elementor-icon-list-icon\">\n\t\t\t\t\t\t\t\t\t\t\t\t\t\t\t\t<i class=\"fa fa-file-text-o\" aria-hidden=\"true\"><\/i>\n\t\t\t\t\t\t\t\t\t\t\t\t\t<\/span>\n\t\t\t\t\t\t\t\t\t\t<span class=\"elementor-icon-list-text\">L\u00e4s dikten p\u00e5 Litteraturbanken<\/span>\n\t\t\t\t\t\t\t\t\t\t\t<\/a>\n\t\t\t\t\t\t\t\t\t<\/li>\n\t\t\t\t\t\t\t\t<li class=\"elementor-icon-list-item\">\n\t\t\t\t\t\t\t\t\t\t\t<a href=\"https:\/\/litteraturbanken.se\/skolan\/?page_id=261\" target=\"_blank\">\n\n\t\t\t\t\t\t\t\t\t\t\t\t<span class=\"elementor-icon-list-icon\">\n\t\t\t\t\t\t\t\t\t\t\t\t\t\t\t\t<i class=\"fa fa-file-text-o\" aria-hidden=\"true\"><\/i>\n\t\t\t\t\t\t\t\t\t\t\t\t\t<\/span>\n\t\t\t\t\t\t\t\t\t\t<span class=\"elementor-icon-list-text\">Termer och begrepp<\/span>\n\t\t\t\t\t\t\t\t\t\t\t<\/a>\n\t\t\t\t\t\t\t\t\t<\/li>\n\t\t\t\t\t\t<\/ul>\n\t\t\t\t\t\t<\/div>\n\t\t\t\t<\/div>\n\t\t\t\t<div class=\"elementor-element elementor-element-e5b8418 elementor-align-center elementor-widget elementor-widget-button\" data-id=\"e5b8418\" data-element_type=\"widget\" data-e-type=\"widget\" data-widget_type=\"button.default\">\n\t\t\t\t<div class=\"elementor-widget-container\">\n\t\t\t\t\t\t\t\t\t<div class=\"elementor-button-wrapper\">\n\t\t\t\t\t<a class=\"elementor-button elementor-button-link elementor-size-md elementor-animation-grow\" href=\"#uppgiftF-3\">\n\t\t\t\t\t\t<span class=\"elementor-button-content-wrapper\">\n\t\t\t\t\t\t<span class=\"elementor-button-icon\">\n\t\t\t\t\t\t\t\t\t<i class=\"fa fa-pencil\" aria-hidden=\"true\"><\/i>\n\t\t\t\t\t\t\t<\/span>\n\t\t\t\t\t\t\t\t\t<span class=\"elementor-button-text\">Uppgift, Gymnasium<\/span>\n\t\t\t\t\t<\/span>\n\t\t\t\t\t<\/a>\n\t\t\t\t<\/div>\n\t\t\t\t\t\t\t\t<\/div>\n\t\t\t\t<\/div>\n\t\t\t\t<div class=\"elementor-element elementor-element-1a1e12a elementor-widget elementor-widget-image\" data-id=\"1a1e12a\" data-element_type=\"widget\" data-e-type=\"widget\" data-widget_type=\"image.default\">\n\t\t\t\t<div class=\"elementor-widget-container\">\n\t\t\t\t\t\t\t\t\t\t\t\t\t\t\t<img fetchpriority=\"high\" decoding=\"async\" width=\"300\" height=\"300\" src=\"https:\/\/litteraturbanken.se\/skolan\/wp-content\/uploads\/2019\/03\/lb_skolan_2019_knapp_bellman_ny_r\u00f6d-e1553013796489.jpg\" class=\"attachment-full size-full wp-image-13709\" alt=\"\" \/>\t\t\t\t\t\t\t\t\t\t\t\t\t\t\t<\/div>\n\t\t\t\t<\/div>\n\t\t\t\t\t<\/div>\n\t\t<\/div>\n\t\t\t\t\t<\/div>\n\t\t<\/section>\n\t\t\t\t<section class=\"elementor-section elementor-top-section elementor-element elementor-element-4b7a062 elementor-section-boxed elementor-section-height-default elementor-section-height-default\" data-id=\"4b7a062\" data-element_type=\"section\" data-e-type=\"section\">\n\t\t\t\t\t\t<div class=\"elementor-container elementor-column-gap-default\">\n\t\t\t\t\t<div class=\"elementor-column elementor-col-100 elementor-top-column elementor-element elementor-element-0cfbdb7\" data-id=\"0cfbdb7\" data-element_type=\"column\" data-e-type=\"column\">\n\t\t\t<div class=\"elementor-widget-wrap elementor-element-populated\">\n\t\t\t\t\t\t<div class=\"elementor-element elementor-element-1c30aeb elementor-widget elementor-widget-spacer\" data-id=\"1c30aeb\" data-element_type=\"widget\" data-e-type=\"widget\" data-widget_type=\"spacer.default\">\n\t\t\t\t<div class=\"elementor-widget-container\">\n\t\t\t\t\t\t\t<div class=\"elementor-spacer\">\n\t\t\t<div class=\"elementor-spacer-inner\"><\/div>\n\t\t<\/div>\n\t\t\t\t\t\t<\/div>\n\t\t\t\t<\/div>\n\t\t\t\t\t<\/div>\n\t\t<\/div>\n\t\t\t\t\t<\/div>\n\t\t<\/section>\n\t\t\t\t<section class=\"elementor-section elementor-top-section elementor-element elementor-element-91fbfda elementor-section-boxed elementor-section-height-default elementor-section-height-default\" data-id=\"91fbfda\" data-element_type=\"section\" data-e-type=\"section\">\n\t\t\t\t\t\t<div class=\"elementor-container elementor-column-gap-default\">\n\t\t\t\t\t<div class=\"elementor-column elementor-col-100 elementor-top-column elementor-element elementor-element-21d1d41\" data-id=\"21d1d41\" data-element_type=\"column\" data-e-type=\"column\" data-settings=\"{&quot;background_background&quot;:&quot;classic&quot;}\">\n\t\t\t<div class=\"elementor-widget-wrap elementor-element-populated\">\n\t\t\t\t\t\t<section class=\"elementor-section elementor-inner-section elementor-element elementor-element-51f18fc elementor-section-boxed elementor-section-height-default elementor-section-height-default\" data-id=\"51f18fc\" data-element_type=\"section\" data-e-type=\"section\">\n\t\t\t\t\t\t<div class=\"elementor-container elementor-column-gap-default\">\n\t\t\t\t\t<div class=\"elementor-column elementor-col-100 elementor-inner-column elementor-element elementor-element-156a3ac\" data-id=\"156a3ac\" data-element_type=\"column\" data-e-type=\"column\">\n\t\t\t<div class=\"elementor-widget-wrap elementor-element-populated\">\n\t\t\t\t\t\t<div class=\"elementor-element elementor-element-c19d270 elementor-widget elementor-widget-menu-anchor\" data-id=\"c19d270\" data-element_type=\"widget\" data-e-type=\"widget\" data-widget_type=\"menu-anchor.default\">\n\t\t\t\t<div class=\"elementor-widget-container\">\n\t\t\t\t\t\t\t<div class=\"elementor-menu-anchor\" id=\"uppgiftF-3\"><\/div>\n\t\t\t\t\t\t<\/div>\n\t\t\t\t<\/div>\n\t\t\t\t<div class=\"elementor-element elementor-element-a23a18e elementor-view-framed elementor-shape-circle elementor-widget elementor-widget-icon\" data-id=\"a23a18e\" data-element_type=\"widget\" data-e-type=\"widget\" data-widget_type=\"icon.default\">\n\t\t\t\t<div class=\"elementor-widget-container\">\n\t\t\t\t\t\t\t<div class=\"elementor-icon-wrapper\">\n\t\t\t<div class=\"elementor-icon\">\n\t\t\t\t\t\t\t<i class=\"fa fa-pencil\" aria-hidden=\"true\"><\/i>\n\t\t\t\t\t\t<\/div>\n\t\t<\/div>\n\t\t\t\t\t\t<\/div>\n\t\t\t\t<\/div>\n\t\t\t\t<div class=\"elementor-element elementor-element-e647150 elementor-widget elementor-widget-toggle\" data-id=\"e647150\" data-element_type=\"widget\" data-e-type=\"widget\" data-widget_type=\"toggle.default\">\n\t\t\t\t<div class=\"elementor-widget-container\">\n\t\t\t\t\t\t\t<div class=\"elementor-toggle\">\n\t\t\t\t\t\t\t<div class=\"elementor-toggle-item\">\n\t\t\t\t\t<div id=\"elementor-tab-title-2411\" class=\"elementor-tab-title\" data-tab=\"1\" role=\"button\" aria-controls=\"elementor-tab-content-2411\" aria-expanded=\"false\">\n\t\t\t\t\t\t\t\t\t\t\t\t<span class=\"elementor-toggle-icon elementor-toggle-icon-left\" aria-hidden=\"true\">\n\t\t\t\t\t\t\t\t\t\t\t\t\t\t\t<i class=\"elementor-toggle-icon-closed fa fa-chevron-right\"><\/i>\n\t\t\t\t\t\t\t\t<i class=\"elementor-toggle-icon-opened fa fa-chevron-down\"><\/i>\n\t\t\t\t\t\t\t\t\t\t\t\t\t<\/span>\n\t\t\t\t\t\t\t\t\t\t\t\t<a class=\"elementor-toggle-title\" tabindex=\"0\">Gymnasium<\/a>\n\t\t\t\t\t<\/div>\n\n\t\t\t\t\t<div id=\"elementor-tab-content-2411\" class=\"elementor-tab-content elementor-clearfix\" data-tab=\"1\" role=\"region\" aria-labelledby=\"elementor-tab-title-2411\"><p>Just den h\u00e4r dikten \u00e4r inte kopplad till n\u00e5gon specifik uppgift, utan h\u00e4r skall du v\u00e4lja ett av f\u00f6rslagen p\u00e5 sidan \u201d6 s\u00e4tt att analysera dikter\u201d som finns h\u00e4r:\u00a0<a href=\"https:\/\/litteraturbanken.se\/skolan\/poesi-analysmodeller\/\" target=\"_blank\" rel=\"noopener\">https:\/\/litteraturbanken.se\/skolan\/poesi-analysmodeller\/<\/a>\u00a0 Arbeta sedan med dikten med hj\u00e4lp av n\u00e5gon av metoderna d\u00e4r.<\/p><\/div>\n\t\t\t\t<\/div>\n\t\t\t\t\t\t\t\t<\/div>\n\t\t\t\t\t\t<\/div>\n\t\t\t\t<\/div>\n\t\t\t\t\t<\/div>\n\t\t<\/div>\n\t\t\t\t\t<\/div>\n\t\t<\/section>\n\t\t\t\t\t<\/div>\n\t\t<\/div>\n\t\t\t\t\t<\/div>\n\t\t<\/section>\n\t\t\t\t<section class=\"elementor-section elementor-top-section elementor-element elementor-element-279db66 elementor-section-boxed elementor-section-height-default elementor-section-height-default\" data-id=\"279db66\" data-element_type=\"section\" data-e-type=\"section\">\n\t\t\t\t\t\t<div class=\"elementor-container elementor-column-gap-default\">\n\t\t\t\t\t<div class=\"elementor-column elementor-col-100 elementor-top-column elementor-element elementor-element-577152f\" data-id=\"577152f\" data-element_type=\"column\" data-e-type=\"column\">\n\t\t\t<div class=\"elementor-widget-wrap elementor-element-populated\">\n\t\t\t\t\t\t<div class=\"elementor-element elementor-element-4ba06a7 elementor-widget elementor-widget-spacer\" data-id=\"4ba06a7\" data-element_type=\"widget\" data-e-type=\"widget\" data-widget_type=\"spacer.default\">\n\t\t\t\t<div class=\"elementor-widget-container\">\n\t\t\t\t\t\t\t<div class=\"elementor-spacer\">\n\t\t\t<div class=\"elementor-spacer-inner\"><\/div>\n\t\t<\/div>\n\t\t\t\t\t\t<\/div>\n\t\t\t\t<\/div>\n\t\t\t\t\t<\/div>\n\t\t<\/div>\n\t\t\t\t\t<\/div>\n\t\t<\/section>\n\t\t\t\t<\/div>\n\t\t","protected":false},"excerpt":{"rendered":"<p>Ulla! Min Ulla! Av Carl Michael Bellman Ur:\u00a0Dikter 1\u00a0(1916)\u00a0\u00a0\u00c5rskurs:\u00a0Gymnasium\u00a0 Tema:\u00a01700-tal,\u00a0Humor och satir,\u00a0Sommar Til\u00a0Ulla\u00a0i\u00a0f\u00f6nstret\u00a0p\u00e5\u00a0Fiskartorpet,\u00a0Middagstiden,en\u00a0Sommardag. _____ PastoralDedic.\u00a0til\u00a0Herr\u00a0Assessor\u00a0LUNDSTR\u00d6M. Ulla!\u00a0min\u00a0Ulla!\u00a0s\u00e4j\u00a0f\u00e5r\u00a0jag\u00a0dig\u00a0bjudaR\u00f6daste\u00a0Smultron\u00a0i\u00a0Mj\u00f6lk\u00a0och\u00a0Vin?Eller\u00a0ur\u00a0Sumpen\u00a0en\u00a0sprittande\u00a0Ruda,Eller\u00a0fr\u00e5n\u00a0K\u00e4llan\u00a0en\u00a0Vatten-terrin?D\u00f6rrarna\u00a0\u00f6pnas\u00a0av\u00a0v\u00e4dren\u00a0med\u00a0v\u00e5da,Blommor\u00a0och\u00a0Granris\u00a0v\u00e4llukt\u00a0ger;Duggande\u00a0Skyar\u00a0de\u00a0Solen\u00a0beb\u00e5da,Som\u00a0du\u00a0ser.\u00c4\u2019ke\u00a0det\u00a0gudomligt,\u00a0Fiskartorpet!\u00a0Vad?Gudomligt\u00a0at\u00a0besk\u00e5da!\u00c4n\u00a0de\u00a0stolta\u00a0Stammar\u00a0som\u00a0st\u00e5\u00a0rad\u00a0i\u00a0rad,Med\u00a0friska\u00a0blad!\u00c4n\u00a0den\u00a0lugna\u00a0VikenSom\u00a0g\u00e5r\u00a0fram?\u00a0\u2014\u00a0\u00c5h\u00a0ja!\u00c4n\u00a0p\u00e5\u00a0l\u00e5ngt\u00a0h\u00e5ll\u00a0mellan\u00a0diken\u00c5krarna!\u00c4\u2019ke\u00a0det\u00a0gudomligt?\u00a0\u2014\u00a0Dessa\u00a0\u00c4ngarna?Gudomliga!\u00a0Gudomliga! Sk\u00e5l\u00a0och\u00a0god\u00a0middag\u00a0i\u00a0F\u00f6nstret\u00a0min\u00a0sk\u00f6na!H\u00f6r\u00a0huru\u00a0klockorna\u00a0h\u00f6rs\u00a0fr\u00e5n\u00a0Stan.Och\u00a0se\u00a0hur\u00a0dammet\u00a0bortskymmer\u00a0det\u00a0gr\u00f6naMellan\u00a0Calescher\u00a0och\u00a0vagnar\u00a0p\u00e5\u00a0plan.R\u00e4ck\u00a0mig\u00a0ur\u00a0f\u00f6nstret\u00a0d\u00e4r\u00a0du\u00a0ser\u00a0mig\u00a0stanna,S\u00f6mnig\u00a0i\u00a0sadeln,\u00a0min\u00a0Cousine,Primo\u00a0en\u00a0Skorpa,\u00a0Secundo\u00a0en\u00a0kannaHoglands\u00a0vin.\u00c4\u2019ke\u00a0det\u00a0Gudomligt\u00a0&amp;c. Nu\u00a0ledes\u00a0Hingsten\u00a0i\u00a0spiltan,\u00a0min\u00a0Ulla,Gn\u00e4ggande,\u00a0stampande,\u00a0i\u00a0galopp.\u00c4n\u00a0uti\u00a0stalld\u00f6rn\u00a0dess\u00a0\u00f6gon\u00a0de\u00a0rullaStolt\u00a0opp\u00a0till\u00a0f\u00f6nstret,\u00a0till\u00a0dig\u00a0just\u00a0dit\u00a0opp.Du\u00a0all\u00a0naturen\u00a0upeldar\u00a0i\u00a0l\u00e5gaMed\u00a0dina\u00a0\u00f6gons\u00a0varma\u00a0pr\u00e5l.Klang!\u00a0ner\u00a0vid\u00a0grinden,\u00a0i\u00a0varmaste\u00a0r\u00e5ga,Klang,\u00a0din\u00a0sk\u00e5l!\u00c4\u2019ke\u00a0det\u00a0Gudomligt\u00a0&amp;c. L\u00e4s dikten p\u00e5 Litteraturbanken Termer och begrepp Uppgift, Gymnasium Gymnasium Just den h\u00e4r dikten \u00e4r inte kopplad till n\u00e5gon specifik uppgift, utan h\u00e4r skall du v\u00e4lja ett av f\u00f6rslagen p\u00e5 sidan \u201d6 s\u00e4tt att analysera dikter\u201d som [&hellip;]<\/p>\n","protected":false},"author":5,"featured_media":0,"parent":0,"menu_order":0,"comment_status":"closed","ping_status":"closed","template":"","meta":{"ocean_post_layout":"full-screen","ocean_both_sidebars_style":"","ocean_both_sidebars_content_width":0,"ocean_both_sidebars_sidebars_width":0,"ocean_sidebar":"0","ocean_second_sidebar":"0","ocean_disable_margins":"enable","ocean_add_body_class":"","ocean_shortcode_before_top_bar":"","ocean_shortcode_after_top_bar":"","ocean_shortcode_before_header":"","ocean_shortcode_after_header":"","ocean_has_shortcode":"","ocean_shortcode_after_title":"","ocean_shortcode_before_footer_widgets":"","ocean_shortcode_after_footer_widgets":"","ocean_shortcode_before_footer_bottom":"","ocean_shortcode_after_footer_bottom":"","ocean_display_top_bar":"default","ocean_display_header":"default","ocean_header_style":"","ocean_center_header_left_menu":"0","ocean_custom_header_template":"0","ocean_custom_logo":0,"ocean_custom_retina_logo":0,"ocean_custom_logo_max_width":0,"ocean_custom_logo_tablet_max_width":0,"ocean_custom_logo_mobile_max_width":0,"ocean_custom_logo_max_height":0,"ocean_custom_logo_tablet_max_height":0,"ocean_custom_logo_mobile_max_height":0,"ocean_header_custom_menu":"0","ocean_menu_typo_font_family":"0","ocean_menu_typo_font_subset":"","ocean_menu_typo_font_size":0,"ocean_menu_typo_font_size_tablet":0,"ocean_menu_typo_font_size_mobile":0,"ocean_menu_typo_font_size_unit":"px","ocean_menu_typo_font_weight":"","ocean_menu_typo_font_weight_tablet":"","ocean_menu_typo_font_weight_mobile":"","ocean_menu_typo_transform":"","ocean_menu_typo_transform_tablet":"","ocean_menu_typo_transform_mobile":"","ocean_menu_typo_line_height":0,"ocean_menu_typo_line_height_tablet":0,"ocean_menu_typo_line_height_mobile":0,"ocean_menu_typo_line_height_unit":"","ocean_menu_typo_spacing":0,"ocean_menu_typo_spacing_tablet":0,"ocean_menu_typo_spacing_mobile":0,"ocean_menu_typo_spacing_unit":"","ocean_menu_link_color":"","ocean_menu_link_color_hover":"","ocean_menu_link_color_active":"","ocean_menu_link_background":"","ocean_menu_link_hover_background":"","ocean_menu_link_active_background":"","ocean_menu_social_links_bg":"","ocean_menu_social_hover_links_bg":"","ocean_menu_social_links_color":"","ocean_menu_social_hover_links_color":"","ocean_disable_title":"on","ocean_disable_heading":"default","ocean_post_title":"","ocean_post_subheading":"","ocean_post_title_style":"","ocean_post_title_background_color":"","ocean_post_title_background":0,"ocean_post_title_bg_image_position":"","ocean_post_title_bg_image_attachment":"","ocean_post_title_bg_image_repeat":"","ocean_post_title_bg_image_size":"","ocean_post_title_height":0,"ocean_post_title_bg_overlay":0.5,"ocean_post_title_bg_overlay_color":"","ocean_disable_breadcrumbs":"default","ocean_breadcrumbs_color":"","ocean_breadcrumbs_separator_color":"","ocean_breadcrumbs_links_color":"","ocean_breadcrumbs_links_hover_color":"","ocean_display_footer_widgets":"default","ocean_display_footer_bottom":"default","ocean_custom_footer_template":"0","footnotes":""},"class_list":["post-10051","page","type-page","status-publish","hentry","entry"],"_links":{"self":[{"href":"https:\/\/litteraturbanken.se\/skolan\/wp-json\/wp\/v2\/pages\/10051","targetHints":{"allow":["GET"]}}],"collection":[{"href":"https:\/\/litteraturbanken.se\/skolan\/wp-json\/wp\/v2\/pages"}],"about":[{"href":"https:\/\/litteraturbanken.se\/skolan\/wp-json\/wp\/v2\/types\/page"}],"author":[{"embeddable":true,"href":"https:\/\/litteraturbanken.se\/skolan\/wp-json\/wp\/v2\/users\/5"}],"replies":[{"embeddable":true,"href":"https:\/\/litteraturbanken.se\/skolan\/wp-json\/wp\/v2\/comments?post=10051"}],"version-history":[{"count":22,"href":"https:\/\/litteraturbanken.se\/skolan\/wp-json\/wp\/v2\/pages\/10051\/revisions"}],"predecessor-version":[{"id":20330,"href":"https:\/\/litteraturbanken.se\/skolan\/wp-json\/wp\/v2\/pages\/10051\/revisions\/20330"}],"wp:attachment":[{"href":"https:\/\/litteraturbanken.se\/skolan\/wp-json\/wp\/v2\/media?parent=10051"}],"curies":[{"name":"wp","href":"https:\/\/api.w.org\/{rel}","templated":true}]}}