{"id":10133,"date":"2018-12-25T15:00:55","date_gmt":"2018-12-25T14:00:55","guid":{"rendered":"https:\/\/litteraturbanken.se\/skoladev\/?page_id=10133"},"modified":"2020-02-11T11:46:06","modified_gmt":"2020-02-11T10:46:06","slug":"poesi-forfattare-erik-axel-karlfeldt-fem-farliga-f","status":"publish","type":"page","link":"https:\/\/litteraturbanken.se\/skolan\/poesi-forfattare-erik-axel-karlfeldt-fem-farliga-f\/","title":{"rendered":"Poesi\/F\u00f6rfattare\/Erik Axel Karlfeldt\/Fem farliga F"},"content":{"rendered":"\t\t<div data-elementor-type=\"wp-post\" data-elementor-id=\"10133\" class=\"elementor elementor-10133\">\n\t\t\t\t\t\t<section class=\"elementor-section elementor-top-section elementor-element elementor-element-4520e59 elementor-section-boxed elementor-section-height-default elementor-section-height-default\" data-id=\"4520e59\" data-element_type=\"section\" data-e-type=\"section\">\n\t\t\t\t\t\t<div class=\"elementor-container elementor-column-gap-default\">\n\t\t\t\t\t<div class=\"elementor-column elementor-col-100 elementor-top-column elementor-element elementor-element-d1d058d\" data-id=\"d1d058d\" data-element_type=\"column\" data-e-type=\"column\">\n\t\t\t<div class=\"elementor-widget-wrap elementor-element-populated\">\n\t\t\t\t\t\t<div class=\"elementor-element elementor-element-44d9afa elementor-widget elementor-widget-spacer\" data-id=\"44d9afa\" data-element_type=\"widget\" data-e-type=\"widget\" data-widget_type=\"spacer.default\">\n\t\t\t\t<div class=\"elementor-widget-container\">\n\t\t\t\t\t\t\t<div class=\"elementor-spacer\">\n\t\t\t<div class=\"elementor-spacer-inner\"><\/div>\n\t\t<\/div>\n\t\t\t\t\t\t<\/div>\n\t\t\t\t<\/div>\n\t\t\t\t\t<\/div>\n\t\t<\/div>\n\t\t\t\t\t<\/div>\n\t\t<\/section>\n\t\t\t\t<section class=\"elementor-section elementor-inner-section elementor-element elementor-element-10cdc32 elementor-section-boxed elementor-section-height-default elementor-section-height-default\" data-id=\"10cdc32\" data-element_type=\"section\" data-e-type=\"section\">\n\t\t\t\t\t\t<div class=\"elementor-container elementor-column-gap-default\">\n\t\t\t\t\t<div class=\"elementor-column elementor-col-66 elementor-inner-column elementor-element elementor-element-57ed6d5\" data-id=\"57ed6d5\" data-element_type=\"column\" data-e-type=\"column\" data-settings=\"{&quot;background_background&quot;:&quot;classic&quot;}\">\n\t\t\t<div class=\"elementor-widget-wrap elementor-element-populated\">\n\t\t\t\t\t\t<div class=\"elementor-element elementor-element-e2ac17d elementor-widget elementor-widget-heading\" data-id=\"e2ac17d\" data-element_type=\"widget\" data-e-type=\"widget\" data-widget_type=\"heading.default\">\n\t\t\t\t<div class=\"elementor-widget-container\">\n\t\t\t\t\t<h2 class=\"elementor-heading-title elementor-size-default\">Fem farliga F<\/h2>\t\t\t\t<\/div>\n\t\t\t\t<\/div>\n\t\t\t\t<div class=\"elementor-element elementor-element-c575d6f elementor-widget elementor-widget-text-editor\" data-id=\"c575d6f\" data-element_type=\"widget\" data-e-type=\"widget\" data-widget_type=\"text-editor.default\">\n\t\t\t\t<div class=\"elementor-widget-container\">\n\t\t\t\t\t\t\t\t\t<p>Av\u00a0<a href=\"https:\/\/litteraturbanken.se\/skolan\/?page_id=304\"><em>Erik Axel Karlfeldt<\/em><\/a><\/p>\t\t\t\t\t\t\t\t<\/div>\n\t\t\t\t<\/div>\n\t\t\t\t<div class=\"elementor-element elementor-element-b665f72 elementor-widget elementor-widget-text-editor\" data-id=\"b665f72\" data-element_type=\"widget\" data-e-type=\"widget\" data-widget_type=\"text-editor.default\">\n\t\t\t\t<div class=\"elementor-widget-container\">\n\t\t\t\t\t\t\t\t\t<p><strong>Ur:<\/strong>\u00a0<em>Fridolins lustg\u00e5rd\u00a0<\/em>(1901)\u00a0 \u00a0<strong>\u00c5rskurs:<\/strong> Gymnasium\u00a0\u00a0<strong>Tema:<\/strong> Humor och satir<\/p>\t\t\t\t\t\t\t\t<\/div>\n\t\t\t\t<\/div>\n\t\t\t\t<div class=\"elementor-element elementor-element-c14f9f6 elementor-widget elementor-widget-text-editor\" data-id=\"c14f9f6\" data-element_type=\"widget\" data-e-type=\"widget\" data-widget_type=\"text-editor.default\">\n\t\t\t\t<div class=\"elementor-widget-container\">\n\t\t\t\t\t\t\t\t\t<div class=\"titlepage\"><div><div><h3 class=\"title\">I en ung lantmans t\u00e4nkebok.<\/h3><\/div><\/div><\/div><div class=\"literallayout\"><p>Fem\u00a0F\u00a0av\u00a0mycken\u00a0fara,\u00a0som\u00a0hotar\u00a0kropp\u00a0och\u00a0sj\u00e4l,<br \/>jag\u00a0tecknar\u00a0till\u00a0din\u00a0varning,\u00a0o\u00a0yngling,\u00a0och\u00a0ditt\u00a0v\u00e4l;<br \/>ty\u00a0flyr\u00a0du\u00a0deras\u00a0snaror\u00a0och\u00a0vandrar\u00a0stark\u00a0och\u00a0vis,<br \/>s\u00e5\u00a0har\u00a0du\u00a0ro\u00a0i\u00a0livet\u00a0och\u00a0hopp\u00a0om\u00a0paradis.<\/p><p>Det\u00a0f\u00f6rsta\u00a0F\u00a0\u00e4r\u00a0Fogden,\u00a0befallande\u00a0och\u00a0h\u00e5rd;<br \/>han\u00a0lurar\u00a0p\u00e5\u00a0ditt\u00a0v\u00e4lst\u00e5nd,\u00a0din\u00a0arvedel\u00a0och\u00a0g\u00e5rd.<br \/>S\u00f6k\u00a0aldrig\u00a0tvist\u00a0med\u00a0makten,\u00a0men\u00a0giv\u00a0de\u00a0h\u00f6ge\u00a0sitt,<br \/>och\u00a0bruka\u00a0dina\u00a0armar\u00a0och\u00a0v\u00e4rj\u00a0vad\u00a0se\u2019n\u00a0\u00e4r\u00a0ditt!<\/p><p>Det\u00a0andra\u00a0F\u00a0jag\u00a0l\u00e4r\u00a0dig\u00a0\u00e4r\u00a0uttytt\u00a0Fj\u00e4rdingsman,<br \/>ty\u00a0fogdens\u00a0l\u00e5ga\u00a0redskap\u00a0och\u00a0l\u00e4nsmans\u00a0dr\u00e4ng\u00a0\u00e4r\u00a0han.<br \/>Vart\u00a0hastar\u00a0du,\u00a0o\u00a0m\u00e4nniska,\u00a0som\u00a0trotsar\u00a0r\u00e4tt\u00a0och\u00a0lag?<br \/>I\u00a0morgon\u00a0kanske\u00a0m\u00e4sterman,\u00a0om\u00a0fj\u00e4rdingsman\u00a0i\u00a0dag!<\/p><p>Det\u00a0tredje\u00a0F\u00a0\u00e4r\u00a0Flaskan,\u00a0som\u00a0st\u00e5r\u00a0av\u00a0falskhet\u00a0full<br \/>och\u00a0blinkar\u00a0v\u00e4nligt\u00a0mot\u00a0dig,\u00a0n\u00e4r\u00a0du\u00a0\u00f6ppnar\u00a0ditt\u00a0schatull.<br \/>Kom\u00a0s\u00e4llan\u00a0hand\u00a0vid\u00a0korken!\u00a0Regera\u00a0str\u00e4ngt\u00a0din\u00a0buk,<br \/>att\u00a0ej\u00a0ditt\u00a0sinne\u00a0varder\u00a0ont\u00a0och\u00a0din\u00a0lekamen\u00a0sjuk!<\/p><p>Det\u00a0fj\u00e4rde\u00a0F\u00a0\u00e4r\u00a0Flickan,\u00a0s\u00e5\u00a0smilande\u00a0och\u00a0sk\u00f6n;<br \/>hon\u00a0lockar\u00a0dig\u00a0till\u00a0d\u00e5rskap,\u00a0som\u00a0f\u00e5r\u00a0sin\u00a0sv\u00e5ra\u00a0l\u00f6n.<br \/>Ty\u00a0h\u00e5ll\u00a0din\u00a0h\u00e5g\u00a0i\u00a0tuktan,\u00a0och\u00a0vinn\u00a0\u00e5t\u00a0dina\u00a0h\u00e5r<br \/>den\u00a0\u00e4dla\u00a0\u00e4rekransen,\u00a0som\u00a0en\u00a0trofast\u00a0ungkarl\u00a0f\u00e5r!<\/p><p>Det\u00a0femte\u00a0fula\u00a0F:et\u00a0kan\u00a0knappast\u00a0skrivas\u00a0ut,<br \/>men\u00a0det\u00a0har\u00a0horn\u00a0p\u00e5\u00a0kn\u00e4na\u00a0och\u00a0osar\u00a0svavellut;<br \/>och\u00a0alla\u00a0fyra\u00a0F:en,\u00a0som\u00a0h\u00e4r\u00a0f\u00f6rut\u00a0jag\u00a0sagt,<br \/>de\u00a0\u00e4ga\u00a0av\u00a0det\u00a0femte\u00a0sin\u00a0farlighet\u00a0och\u00a0makt.<\/p><\/div>\t\t\t\t\t\t\t\t<\/div>\n\t\t\t\t<\/div>\n\t\t\t\t\t<\/div>\n\t\t<\/div>\n\t\t\t\t<div class=\"elementor-column elementor-col-33 elementor-inner-column elementor-element elementor-element-420f7a6\" data-id=\"420f7a6\" data-element_type=\"column\" data-e-type=\"column\">\n\t\t\t<div class=\"elementor-widget-wrap elementor-element-populated\">\n\t\t\t\t\t\t<div class=\"elementor-element elementor-element-2887b26 elementor-widget elementor-widget-wp-widget-media_audio\" data-id=\"2887b26\" data-element_type=\"widget\" data-e-type=\"widget\" data-widget_type=\"wp-widget-media_audio.default\">\n\t\t\t\t<div class=\"elementor-widget-container\">\n\t\t\t\t\t<h5>Ann Boglind l\u00e4ser \u201dFem farliga F\u201d av Erik Axel Karlfeldt.<\/h5><audio class=\"wp-audio-shortcode\" id=\"audio-10133-1\" preload=\"none\" style=\"width: 100%;\" controls=\"controls\"><source type=\"audio\/mpeg\" src=\"https:\/\/litteraturbanken.se\/skolan\/wp-content\/uploads\/2019\/03\/karlfeldt_femfarligaf_boglind.mp3?_=1\" \/><source type=\"audio\/mpeg\" src=\"https:\/\/litteraturbanken.se\/skolan\/wp-content\/uploads\/2019\/03\/karlfeldt_femfarligaf_boglind.mp3?_=1\" \/><a href=\"https:\/\/litteraturbanken.se\/skolan\/wp-content\/uploads\/2019\/03\/karlfeldt_femfarligaf_boglind.mp3\">https:\/\/litteraturbanken.se\/skolan\/wp-content\/uploads\/2019\/03\/karlfeldt_femfarligaf_boglind.mp3<\/a><\/audio>\t\t\t\t<\/div>\n\t\t\t\t<\/div>\n\t\t\t\t<div class=\"elementor-element elementor-element-fdee5c9 elementor-icon-list--layout-traditional elementor-list-item-link-full_width elementor-widget elementor-widget-icon-list\" data-id=\"fdee5c9\" data-element_type=\"widget\" data-e-type=\"widget\" data-widget_type=\"icon-list.default\">\n\t\t\t\t<div class=\"elementor-widget-container\">\n\t\t\t\t\t\t\t<ul class=\"elementor-icon-list-items\">\n\t\t\t\t\t\t\t<li class=\"elementor-icon-list-item\">\n\t\t\t\t\t\t\t\t\t\t\t<a href=\"https:\/\/litteraturbanken.se\/forfattare\/KarlfeldtEA\/titlar\/FridolinsLustgard\/sida\/73\/etext\" target=\"_blank\">\n\n\t\t\t\t\t\t\t\t\t\t\t\t<span class=\"elementor-icon-list-icon\">\n\t\t\t\t\t\t\t\t\t\t\t\t\t\t\t\t<i class=\"fa fa-file-text-o\" aria-hidden=\"true\"><\/i>\n\t\t\t\t\t\t\t\t\t\t\t\t\t<\/span>\n\t\t\t\t\t\t\t\t\t\t<span class=\"elementor-icon-list-text\">L\u00e4s dikten p\u00e5 Litteraturbanken<\/span>\n\t\t\t\t\t\t\t\t\t\t\t<\/a>\n\t\t\t\t\t\t\t\t\t<\/li>\n\t\t\t\t\t\t\t\t<li class=\"elementor-icon-list-item\">\n\t\t\t\t\t\t\t\t\t\t\t<a href=\"https:\/\/litteraturbanken.se\/skolan\/?page_id=261\" target=\"_blank\">\n\n\t\t\t\t\t\t\t\t\t\t\t\t<span class=\"elementor-icon-list-icon\">\n\t\t\t\t\t\t\t\t\t\t\t\t\t\t\t\t<i class=\"fa fa-file-text-o\" aria-hidden=\"true\"><\/i>\n\t\t\t\t\t\t\t\t\t\t\t\t\t<\/span>\n\t\t\t\t\t\t\t\t\t\t<span class=\"elementor-icon-list-text\">Termer och begrepp<\/span>\n\t\t\t\t\t\t\t\t\t\t\t<\/a>\n\t\t\t\t\t\t\t\t\t<\/li>\n\t\t\t\t\t\t<\/ul>\n\t\t\t\t\t\t<\/div>\n\t\t\t\t<\/div>\n\t\t\t\t<div class=\"elementor-element elementor-element-2e9ae24 elementor-align-center elementor-widget elementor-widget-button\" data-id=\"2e9ae24\" data-element_type=\"widget\" data-e-type=\"widget\" data-widget_type=\"button.default\">\n\t\t\t\t<div class=\"elementor-widget-container\">\n\t\t\t\t\t\t\t\t\t<div class=\"elementor-button-wrapper\">\n\t\t\t\t\t<a class=\"elementor-button elementor-button-link elementor-size-md elementor-animation-grow\" href=\"#uppgiftF-3\">\n\t\t\t\t\t\t<span class=\"elementor-button-content-wrapper\">\n\t\t\t\t\t\t<span class=\"elementor-button-icon\">\n\t\t\t\t\t\t\t\t\t<i class=\"fa fa-pencil\" aria-hidden=\"true\"><\/i>\n\t\t\t\t\t\t\t<\/span>\n\t\t\t\t\t\t\t\t\t<span class=\"elementor-button-text\">Uppgift, Gymnasium<\/span>\n\t\t\t\t\t<\/span>\n\t\t\t\t\t<\/a>\n\t\t\t\t<\/div>\n\t\t\t\t\t\t\t\t<\/div>\n\t\t\t\t<\/div>\n\t\t\t\t<div class=\"elementor-element elementor-element-c5a0a67 elementor-widget elementor-widget-image\" data-id=\"c5a0a67\" data-element_type=\"widget\" data-e-type=\"widget\" data-widget_type=\"image.default\">\n\t\t\t\t<div class=\"elementor-widget-container\">\n\t\t\t\t\t\t\t\t\t\t\t\t\t\t\t<img fetchpriority=\"high\" decoding=\"async\" width=\"300\" height=\"300\" src=\"https:\/\/litteraturbanken.se\/skolan\/wp-content\/uploads\/2019\/03\/lb_skolan_2019_knapp_f\u00f6rfattarbild_karlfeldt_gul-e1553013461938.jpg\" class=\"attachment-full size-full wp-image-13748\" alt=\"\" \/>\t\t\t\t\t\t\t\t\t\t\t\t\t\t\t<\/div>\n\t\t\t\t<\/div>\n\t\t\t\t\t<\/div>\n\t\t<\/div>\n\t\t\t\t\t<\/div>\n\t\t<\/section>\n\t\t\t\t<section class=\"elementor-section elementor-top-section elementor-element elementor-element-17e5b8d elementor-section-boxed elementor-section-height-default elementor-section-height-default\" data-id=\"17e5b8d\" data-element_type=\"section\" data-e-type=\"section\">\n\t\t\t\t\t\t<div class=\"elementor-container elementor-column-gap-default\">\n\t\t\t\t\t<div class=\"elementor-column elementor-col-100 elementor-top-column elementor-element elementor-element-7383e19\" data-id=\"7383e19\" data-element_type=\"column\" data-e-type=\"column\">\n\t\t\t<div class=\"elementor-widget-wrap elementor-element-populated\">\n\t\t\t\t\t\t<div class=\"elementor-element elementor-element-95a00de elementor-widget elementor-widget-spacer\" data-id=\"95a00de\" data-element_type=\"widget\" data-e-type=\"widget\" data-widget_type=\"spacer.default\">\n\t\t\t\t<div class=\"elementor-widget-container\">\n\t\t\t\t\t\t\t<div class=\"elementor-spacer\">\n\t\t\t<div class=\"elementor-spacer-inner\"><\/div>\n\t\t<\/div>\n\t\t\t\t\t\t<\/div>\n\t\t\t\t<\/div>\n\t\t\t\t\t<\/div>\n\t\t<\/div>\n\t\t\t\t\t<\/div>\n\t\t<\/section>\n\t\t\t\t<section class=\"elementor-section elementor-top-section elementor-element elementor-element-54c5691 elementor-section-boxed elementor-section-height-default elementor-section-height-default\" data-id=\"54c5691\" data-element_type=\"section\" data-e-type=\"section\">\n\t\t\t\t\t\t<div class=\"elementor-container elementor-column-gap-default\">\n\t\t\t\t\t<div class=\"elementor-column elementor-col-100 elementor-top-column elementor-element elementor-element-f9c227c\" data-id=\"f9c227c\" data-element_type=\"column\" data-e-type=\"column\" data-settings=\"{&quot;background_background&quot;:&quot;classic&quot;}\">\n\t\t\t<div class=\"elementor-widget-wrap elementor-element-populated\">\n\t\t\t\t\t\t<section class=\"elementor-section elementor-inner-section elementor-element elementor-element-0ab58f4 elementor-section-boxed elementor-section-height-default elementor-section-height-default\" data-id=\"0ab58f4\" data-element_type=\"section\" data-e-type=\"section\">\n\t\t\t\t\t\t<div class=\"elementor-container elementor-column-gap-default\">\n\t\t\t\t\t<div class=\"elementor-column elementor-col-100 elementor-inner-column elementor-element elementor-element-149485c\" data-id=\"149485c\" data-element_type=\"column\" data-e-type=\"column\">\n\t\t\t<div class=\"elementor-widget-wrap elementor-element-populated\">\n\t\t\t\t\t\t<div class=\"elementor-element elementor-element-c49b33b elementor-widget elementor-widget-menu-anchor\" data-id=\"c49b33b\" data-element_type=\"widget\" data-e-type=\"widget\" data-widget_type=\"menu-anchor.default\">\n\t\t\t\t<div class=\"elementor-widget-container\">\n\t\t\t\t\t\t\t<div class=\"elementor-menu-anchor\" id=\"uppgiftF-3\"><\/div>\n\t\t\t\t\t\t<\/div>\n\t\t\t\t<\/div>\n\t\t\t\t<div class=\"elementor-element elementor-element-2b5f89f elementor-view-framed elementor-shape-circle elementor-widget elementor-widget-icon\" data-id=\"2b5f89f\" data-element_type=\"widget\" data-e-type=\"widget\" data-widget_type=\"icon.default\">\n\t\t\t\t<div class=\"elementor-widget-container\">\n\t\t\t\t\t\t\t<div class=\"elementor-icon-wrapper\">\n\t\t\t<div class=\"elementor-icon\">\n\t\t\t\t\t\t\t<i class=\"fa fa-pencil\" aria-hidden=\"true\"><\/i>\n\t\t\t\t\t\t<\/div>\n\t\t<\/div>\n\t\t\t\t\t\t<\/div>\n\t\t\t\t<\/div>\n\t\t\t\t<div class=\"elementor-element elementor-element-04f777d elementor-widget elementor-widget-toggle\" data-id=\"04f777d\" data-element_type=\"widget\" data-e-type=\"widget\" data-widget_type=\"toggle.default\">\n\t\t\t\t<div class=\"elementor-widget-container\">\n\t\t\t\t\t\t\t<div class=\"elementor-toggle\">\n\t\t\t\t\t\t\t<div class=\"elementor-toggle-item\">\n\t\t\t\t\t<div id=\"elementor-tab-title-5201\" class=\"elementor-tab-title\" data-tab=\"1\" role=\"button\" aria-controls=\"elementor-tab-content-5201\" aria-expanded=\"false\">\n\t\t\t\t\t\t\t\t\t\t\t\t<span class=\"elementor-toggle-icon elementor-toggle-icon-left\" aria-hidden=\"true\">\n\t\t\t\t\t\t\t\t\t\t\t\t\t\t\t<i class=\"elementor-toggle-icon-closed fa fa-chevron-right\"><\/i>\n\t\t\t\t\t\t\t\t<i class=\"elementor-toggle-icon-opened fa fa-chevron-down\"><\/i>\n\t\t\t\t\t\t\t\t\t\t\t\t\t<\/span>\n\t\t\t\t\t\t\t\t\t\t\t\t<a class=\"elementor-toggle-title\" tabindex=\"0\">Gymnasium<\/a>\n\t\t\t\t\t<\/div>\n\n\t\t\t\t\t<div id=\"elementor-tab-content-5201\" class=\"elementor-tab-content elementor-clearfix\" data-tab=\"1\" role=\"region\" aria-labelledby=\"elementor-tab-title-5201\"><h3>Samtala om dikten<\/h3><p>1 L\u00e4s dikten<\/p><p>2 Samtala om vilka farligheter som en ung man idag b\u00f6r varnas f\u00f6r.<\/p><p>3 \u00c4r n\u00e5gon av Karlfeldts farligheter aktuell idag?<\/p><\/div>\n\t\t\t\t<\/div>\n\t\t\t\t\t\t\t\t<\/div>\n\t\t\t\t\t\t<\/div>\n\t\t\t\t<\/div>\n\t\t\t\t\t<\/div>\n\t\t<\/div>\n\t\t\t\t\t<\/div>\n\t\t<\/section>\n\t\t\t\t\t<\/div>\n\t\t<\/div>\n\t\t\t\t\t<\/div>\n\t\t<\/section>\n\t\t\t\t<section class=\"elementor-section elementor-top-section elementor-element elementor-element-a37f48b elementor-section-boxed elementor-section-height-default elementor-section-height-default\" data-id=\"a37f48b\" data-element_type=\"section\" data-e-type=\"section\">\n\t\t\t\t\t\t<div class=\"elementor-container elementor-column-gap-default\">\n\t\t\t\t\t<div class=\"elementor-column elementor-col-100 elementor-top-column elementor-element elementor-element-fa3ad7a\" data-id=\"fa3ad7a\" data-element_type=\"column\" data-e-type=\"column\">\n\t\t\t<div class=\"elementor-widget-wrap elementor-element-populated\">\n\t\t\t\t\t\t<div class=\"elementor-element elementor-element-b74f15d elementor-widget elementor-widget-spacer\" data-id=\"b74f15d\" data-element_type=\"widget\" data-e-type=\"widget\" data-widget_type=\"spacer.default\">\n\t\t\t\t<div class=\"elementor-widget-container\">\n\t\t\t\t\t\t\t<div class=\"elementor-spacer\">\n\t\t\t<div class=\"elementor-spacer-inner\"><\/div>\n\t\t<\/div>\n\t\t\t\t\t\t<\/div>\n\t\t\t\t<\/div>\n\t\t\t\t\t<\/div>\n\t\t<\/div>\n\t\t\t\t\t<\/div>\n\t\t<\/section>\n\t\t\t\t<\/div>\n\t\t","protected":false},"excerpt":{"rendered":"<p>Fem farliga F Av\u00a0Erik Axel Karlfeldt Ur:\u00a0Fridolins lustg\u00e5rd\u00a0(1901)\u00a0 \u00a0\u00c5rskurs: Gymnasium\u00a0\u00a0Tema: Humor och satir I en ung lantmans t\u00e4nkebok. Fem\u00a0F\u00a0av\u00a0mycken\u00a0fara,\u00a0som\u00a0hotar\u00a0kropp\u00a0och\u00a0sj\u00e4l,jag\u00a0tecknar\u00a0till\u00a0din\u00a0varning,\u00a0o\u00a0yngling,\u00a0och\u00a0ditt\u00a0v\u00e4l;ty\u00a0flyr\u00a0du\u00a0deras\u00a0snaror\u00a0och\u00a0vandrar\u00a0stark\u00a0och\u00a0vis,s\u00e5\u00a0har\u00a0du\u00a0ro\u00a0i\u00a0livet\u00a0och\u00a0hopp\u00a0om\u00a0paradis. Det\u00a0f\u00f6rsta\u00a0F\u00a0\u00e4r\u00a0Fogden,\u00a0befallande\u00a0och\u00a0h\u00e5rd;han\u00a0lurar\u00a0p\u00e5\u00a0ditt\u00a0v\u00e4lst\u00e5nd,\u00a0din\u00a0arvedel\u00a0och\u00a0g\u00e5rd.S\u00f6k\u00a0aldrig\u00a0tvist\u00a0med\u00a0makten,\u00a0men\u00a0giv\u00a0de\u00a0h\u00f6ge\u00a0sitt,och\u00a0bruka\u00a0dina\u00a0armar\u00a0och\u00a0v\u00e4rj\u00a0vad\u00a0se\u2019n\u00a0\u00e4r\u00a0ditt! Det\u00a0andra\u00a0F\u00a0jag\u00a0l\u00e4r\u00a0dig\u00a0\u00e4r\u00a0uttytt\u00a0Fj\u00e4rdingsman,ty\u00a0fogdens\u00a0l\u00e5ga\u00a0redskap\u00a0och\u00a0l\u00e4nsmans\u00a0dr\u00e4ng\u00a0\u00e4r\u00a0han.Vart\u00a0hastar\u00a0du,\u00a0o\u00a0m\u00e4nniska,\u00a0som\u00a0trotsar\u00a0r\u00e4tt\u00a0och\u00a0lag?I\u00a0morgon\u00a0kanske\u00a0m\u00e4sterman,\u00a0om\u00a0fj\u00e4rdingsman\u00a0i\u00a0dag! Det\u00a0tredje\u00a0F\u00a0\u00e4r\u00a0Flaskan,\u00a0som\u00a0st\u00e5r\u00a0av\u00a0falskhet\u00a0fulloch\u00a0blinkar\u00a0v\u00e4nligt\u00a0mot\u00a0dig,\u00a0n\u00e4r\u00a0du\u00a0\u00f6ppnar\u00a0ditt\u00a0schatull.Kom\u00a0s\u00e4llan\u00a0hand\u00a0vid\u00a0korken!\u00a0Regera\u00a0str\u00e4ngt\u00a0din\u00a0buk,att\u00a0ej\u00a0ditt\u00a0sinne\u00a0varder\u00a0ont\u00a0och\u00a0din\u00a0lekamen\u00a0sjuk! Det\u00a0fj\u00e4rde\u00a0F\u00a0\u00e4r\u00a0Flickan,\u00a0s\u00e5\u00a0smilande\u00a0och\u00a0sk\u00f6n;hon\u00a0lockar\u00a0dig\u00a0till\u00a0d\u00e5rskap,\u00a0som\u00a0f\u00e5r\u00a0sin\u00a0sv\u00e5ra\u00a0l\u00f6n.Ty\u00a0h\u00e5ll\u00a0din\u00a0h\u00e5g\u00a0i\u00a0tuktan,\u00a0och\u00a0vinn\u00a0\u00e5t\u00a0dina\u00a0h\u00e5rden\u00a0\u00e4dla\u00a0\u00e4rekransen,\u00a0som\u00a0en\u00a0trofast\u00a0ungkarl\u00a0f\u00e5r! Det\u00a0femte\u00a0fula\u00a0F:et\u00a0kan\u00a0knappast\u00a0skrivas\u00a0ut,men\u00a0det\u00a0har\u00a0horn\u00a0p\u00e5\u00a0kn\u00e4na\u00a0och\u00a0osar\u00a0svavellut;och\u00a0alla\u00a0fyra\u00a0F:en,\u00a0som\u00a0h\u00e4r\u00a0f\u00f6rut\u00a0jag\u00a0sagt,de\u00a0\u00e4ga\u00a0av\u00a0det\u00a0femte\u00a0sin\u00a0farlighet\u00a0och\u00a0makt. L\u00e4s dikten p\u00e5 Litteraturbanken Termer och begrepp Uppgift, Gymnasium Gymnasium Samtala om dikten 1 L\u00e4s dikten 2 Samtala om vilka farligheter som en ung man idag b\u00f6r varnas f\u00f6r. 3 \u00c4r [&hellip;]<\/p>\n","protected":false},"author":5,"featured_media":0,"parent":0,"menu_order":0,"comment_status":"closed","ping_status":"closed","template":"","meta":{"ocean_post_layout":"full-screen","ocean_both_sidebars_style":"","ocean_both_sidebars_content_width":0,"ocean_both_sidebars_sidebars_width":0,"ocean_sidebar":"0","ocean_second_sidebar":"0","ocean_disable_margins":"enable","ocean_add_body_class":"","ocean_shortcode_before_top_bar":"","ocean_shortcode_after_top_bar":"","ocean_shortcode_before_header":"","ocean_shortcode_after_header":"","ocean_has_shortcode":"","ocean_shortcode_after_title":"","ocean_shortcode_before_footer_widgets":"","ocean_shortcode_after_footer_widgets":"","ocean_shortcode_before_footer_bottom":"","ocean_shortcode_after_footer_bottom":"","ocean_display_top_bar":"default","ocean_display_header":"default","ocean_header_style":"","ocean_center_header_left_menu":"0","ocean_custom_header_template":"0","ocean_custom_logo":0,"ocean_custom_retina_logo":0,"ocean_custom_logo_max_width":0,"ocean_custom_logo_tablet_max_width":0,"ocean_custom_logo_mobile_max_width":0,"ocean_custom_logo_max_height":0,"ocean_custom_logo_tablet_max_height":0,"ocean_custom_logo_mobile_max_height":0,"ocean_header_custom_menu":"0","ocean_menu_typo_font_family":"0","ocean_menu_typo_font_subset":"","ocean_menu_typo_font_size":0,"ocean_menu_typo_font_size_tablet":0,"ocean_menu_typo_font_size_mobile":0,"ocean_menu_typo_font_size_unit":"px","ocean_menu_typo_font_weight":"","ocean_menu_typo_font_weight_tablet":"","ocean_menu_typo_font_weight_mobile":"","ocean_menu_typo_transform":"","ocean_menu_typo_transform_tablet":"","ocean_menu_typo_transform_mobile":"","ocean_menu_typo_line_height":0,"ocean_menu_typo_line_height_tablet":0,"ocean_menu_typo_line_height_mobile":0,"ocean_menu_typo_line_height_unit":"","ocean_menu_typo_spacing":0,"ocean_menu_typo_spacing_tablet":0,"ocean_menu_typo_spacing_mobile":0,"ocean_menu_typo_spacing_unit":"","ocean_menu_link_color":"","ocean_menu_link_color_hover":"","ocean_menu_link_color_active":"","ocean_menu_link_background":"","ocean_menu_link_hover_background":"","ocean_menu_link_active_background":"","ocean_menu_social_links_bg":"","ocean_menu_social_hover_links_bg":"","ocean_menu_social_links_color":"","ocean_menu_social_hover_links_color":"","ocean_disable_title":"on","ocean_disable_heading":"default","ocean_post_title":"","ocean_post_subheading":"","ocean_post_title_style":"","ocean_post_title_background_color":"","ocean_post_title_background":0,"ocean_post_title_bg_image_position":"","ocean_post_title_bg_image_attachment":"","ocean_post_title_bg_image_repeat":"","ocean_post_title_bg_image_size":"","ocean_post_title_height":0,"ocean_post_title_bg_overlay":0.5,"ocean_post_title_bg_overlay_color":"","ocean_disable_breadcrumbs":"default","ocean_breadcrumbs_color":"","ocean_breadcrumbs_separator_color":"","ocean_breadcrumbs_links_color":"","ocean_breadcrumbs_links_hover_color":"","ocean_display_footer_widgets":"default","ocean_display_footer_bottom":"default","ocean_custom_footer_template":"0","footnotes":""},"class_list":["post-10133","page","type-page","status-publish","hentry","entry"],"_links":{"self":[{"href":"https:\/\/litteraturbanken.se\/skolan\/wp-json\/wp\/v2\/pages\/10133","targetHints":{"allow":["GET"]}}],"collection":[{"href":"https:\/\/litteraturbanken.se\/skolan\/wp-json\/wp\/v2\/pages"}],"about":[{"href":"https:\/\/litteraturbanken.se\/skolan\/wp-json\/wp\/v2\/types\/page"}],"author":[{"embeddable":true,"href":"https:\/\/litteraturbanken.se\/skolan\/wp-json\/wp\/v2\/users\/5"}],"replies":[{"embeddable":true,"href":"https:\/\/litteraturbanken.se\/skolan\/wp-json\/wp\/v2\/comments?post=10133"}],"version-history":[{"count":19,"href":"https:\/\/litteraturbanken.se\/skolan\/wp-json\/wp\/v2\/pages\/10133\/revisions"}],"predecessor-version":[{"id":19955,"href":"https:\/\/litteraturbanken.se\/skolan\/wp-json\/wp\/v2\/pages\/10133\/revisions\/19955"}],"wp:attachment":[{"href":"https:\/\/litteraturbanken.se\/skolan\/wp-json\/wp\/v2\/media?parent=10133"}],"curies":[{"name":"wp","href":"https:\/\/api.w.org\/{rel}","templated":true}]}}