{"id":10255,"date":"2018-12-25T16:52:05","date_gmt":"2018-12-25T15:52:05","guid":{"rendered":"https:\/\/litteraturbanken.se\/skoladev\/?page_id=10255"},"modified":"2020-02-13T09:35:00","modified_gmt":"2020-02-13T08:35:00","slug":"poesi-forfattare-hedvig-charlotta-nordenflycht-over-en-hyacint","status":"publish","type":"page","link":"https:\/\/litteraturbanken.se\/skolan\/poesi-forfattare-hedvig-charlotta-nordenflycht-over-en-hyacint\/","title":{"rendered":"Poesi\/F\u00f6rfattare\/Hedvig Charlotta Nordenflycht\/\u00d6ver en hyacint"},"content":{"rendered":"\t\t<div data-elementor-type=\"wp-post\" data-elementor-id=\"10255\" class=\"elementor elementor-10255\">\n\t\t\t\t\t\t<section class=\"elementor-section elementor-top-section elementor-element elementor-element-d5ade2f elementor-section-boxed elementor-section-height-default elementor-section-height-default\" data-id=\"d5ade2f\" data-element_type=\"section\" data-e-type=\"section\">\n\t\t\t\t\t\t<div class=\"elementor-container elementor-column-gap-default\">\n\t\t\t\t\t<div class=\"elementor-column elementor-col-100 elementor-top-column elementor-element elementor-element-44a14f6\" data-id=\"44a14f6\" data-element_type=\"column\" data-e-type=\"column\">\n\t\t\t<div class=\"elementor-widget-wrap elementor-element-populated\">\n\t\t\t\t\t\t<div class=\"elementor-element elementor-element-96486e0 elementor-widget elementor-widget-spacer\" data-id=\"96486e0\" data-element_type=\"widget\" data-e-type=\"widget\" data-widget_type=\"spacer.default\">\n\t\t\t\t<div class=\"elementor-widget-container\">\n\t\t\t\t\t\t\t<div class=\"elementor-spacer\">\n\t\t\t<div class=\"elementor-spacer-inner\"><\/div>\n\t\t<\/div>\n\t\t\t\t\t\t<\/div>\n\t\t\t\t<\/div>\n\t\t\t\t\t<\/div>\n\t\t<\/div>\n\t\t\t\t\t<\/div>\n\t\t<\/section>\n\t\t\t\t<section class=\"elementor-section elementor-inner-section elementor-element elementor-element-f7b82d3 elementor-section-boxed elementor-section-height-default elementor-section-height-default\" data-id=\"f7b82d3\" data-element_type=\"section\" data-e-type=\"section\">\n\t\t\t\t\t\t<div class=\"elementor-container elementor-column-gap-default\">\n\t\t\t\t\t<div class=\"elementor-column elementor-col-66 elementor-inner-column elementor-element elementor-element-b36b2f3\" data-id=\"b36b2f3\" data-element_type=\"column\" data-e-type=\"column\" data-settings=\"{&quot;background_background&quot;:&quot;classic&quot;}\">\n\t\t\t<div class=\"elementor-widget-wrap elementor-element-populated\">\n\t\t\t\t\t\t<div class=\"elementor-element elementor-element-bb6623f elementor-widget elementor-widget-heading\" data-id=\"bb6623f\" data-element_type=\"widget\" data-e-type=\"widget\" data-widget_type=\"heading.default\">\n\t\t\t\t<div class=\"elementor-widget-container\">\n\t\t\t\t\t<h2 class=\"elementor-heading-title elementor-size-default\">\u00d6ver en hyacint<\/h2>\t\t\t\t<\/div>\n\t\t\t\t<\/div>\n\t\t\t\t<div class=\"elementor-element elementor-element-19036aa elementor-widget elementor-widget-text-editor\" data-id=\"19036aa\" data-element_type=\"widget\" data-e-type=\"widget\" data-widget_type=\"text-editor.default\">\n\t\t\t\t<div class=\"elementor-widget-container\">\n\t\t\t\t\t\t\t\t\t<p>Av <a href=\"https:\/\/litteraturbanken.se\/skolan\/?page_id=5933\"><em>Hedvig Charlotta Nordenflycht<\/em><\/a><\/p>\t\t\t\t\t\t\t\t<\/div>\n\t\t\t\t<\/div>\n\t\t\t\t<div class=\"elementor-element elementor-element-ffe5ecb elementor-widget elementor-widget-text-editor\" data-id=\"ffe5ecb\" data-element_type=\"widget\" data-e-type=\"widget\" data-widget_type=\"text-editor.default\">\n\t\t\t\t<div class=\"elementor-widget-container\">\n\t\t\t\t\t\t\t\t\t<p><strong>Ur:<\/strong>\u00a0S<em>krifter <\/em><span class=\"ng-binding\" aria-hidden=\"false\">(1996) \u00a0 \u00a0<strong>\u00c5rskurs:<\/strong> Gymnasium \u00a0 \u00a0<strong>Tema:<\/strong> 1700-tal, K\u00e4rlek, Olycklig k\u00e4rlek<\/span><\/p>\t\t\t\t\t\t\t\t<\/div>\n\t\t\t\t<\/div>\n\t\t\t\t<div class=\"elementor-element elementor-element-5036836 elementor-widget elementor-widget-text-editor\" data-id=\"5036836\" data-element_type=\"widget\" data-e-type=\"widget\" data-widget_type=\"text-editor.default\">\n\t\t\t\t<div class=\"elementor-widget-container\">\n\t\t\t\t\t\t\t\t\t<div class=\"_head b center chaptername\"><div class=\"titlepage\"><div><div><h3 class=\"title\">TILL \u2013 \u2013 \u2013<\/h3><\/div><\/div><\/div><div class=\"literallayout\"><p>Du\u00a0rara\u00a0\u00f6rt\u00a0som\u00a0ej\u00a0din\u00a0like<br \/>I\u00a0f\u00e4rg,\u00a0i\u00a0glans,\u00a0i\u00a0t\u00e4ckhet\u00a0har,<br \/>Bland\u00a0all\u00a0din\u00a0sl\u00e4kt\u00a0i\u00a0Floras\u00a0rike<br \/>Din\u00a0f\u00e4gring\u00a0mest\u00a0mitt\u00a0\u00f6ga\u00a0drar:<br \/>P\u00e5\u00a0dina\u00a0blad\u00a0Naturen\u00a0spelar,<br \/>I\u00a0konst,\u00a0i\u00a0prakt\u00a0hon\u00a0yttrar\u00a0sig,<br \/>Den\u00a0fina\u00a0balsam-lukt\u00a0du\u00a0delar,<br \/>F\u00f6rn\u00f6jer\u00a0och\u00a0f\u00f6rtjusar\u00a0mig.<br \/><br \/>Med\u00a0trogen\u00a0omsorg\u00a0jag\u00a0dig\u00a0sk\u00f6ter,<br \/>En\u00a0lindrig\u00a0luft\u00a0du\u00a0andas\u00a0f\u00e5r,<br \/>En\u00a0h\u00e4ftig\u00a0il\u00a0dig\u00a0aldrig\u00a0m\u00f6ter,<br \/>F\u00f6r\u00a0hetta,\u00a0k\u00f6ld\u00a0du\u00a0s\u00e4ker\u00a0st\u00e5r.<br \/>Ett\u00a0livligt\u00a0v\u00e4der\u00a0p\u00e5\u00a0dig\u00a0fl\u00e4ktar,<br \/>Som\u00a0tr\u00e4nger\u00a0genom\u00a0blad\u00a0och\u00a0knopp<br \/>Och\u00a0n\u00e4r\u00a0av\u00a0v\u00e4rma\u00a0du\u00a0f\u00f6rsm\u00e4ktar<br \/>En\u00a0kylig\u00a0flod\u00a0dig\u00a0friskar\u00a0opp.<br \/><br \/>Men\u00a0liksom\u00a0du\u00a0min\u00a0hydda\u00a0pryder<br \/>Och\u00a0dig\u00a0i\u00a0all\u00a0din\u00a0t\u00e4ckhet\u00a0ter,<br \/>En\u00a0grym\u00a0f\u00f6rvandlings\u00a0lag\u00a0du\u00a0lyder<br \/>Du\u00a0vissnar,\u00a0d\u00f6r\u00a0och\u00a0finns\u00a0ej\u00a0mer.<br \/>Du\u00a0hastigt\u00a0all\u00a0min\u00a0m\u00f6da\u00a0gl\u00f6mmer<br \/>Och\u00a0ledsnar\u00a0vid\u00a0min\u00a0\u00f6mma\u00a0v\u00e5rd,<br \/>Bland\u00a0ringa\u00a0stoft\u00a0din\u00a0f\u00e4gring\u00a0g\u00f6mmer,<br \/>Du\u00a0\u00e4r\u00a0ju\u00a0otacksam\u00a0och\u00a0h\u00e5rd?<br \/><br \/>Men\u00a0skall\u00a0jag\u00a0p\u00e5\u00a0en\u00a0blomma\u00a0klandra,<br \/>Det\u00a0veka\u00a0v\u00e4sen\u00a0klaga\u00a0an,<br \/>Dess\u00a0\u00f6de\u00a0\u00e4r\u00a0att\u00a0sig\u00a0f\u00f6randra,<br \/>Hon\u00a0m\u00e5ste\u00a0vara\u00a0som\u00a0hon\u00a0kan.<br \/>Hon\u00a0\u00e4r\u00a0ett\u00a0gr\u00e4s,\u00a0hon\u00a0skall\u00a0f\u00f6rfalna,<br \/>Jag\u00a0intet\u00a0agg\u00a0till\u00a0henne\u00a0b\u00e4r.<br \/>S\u00e5\u00a0ser\u00a0jag\u00a0ock\u00a0ditt\u00a0hj\u00e4rta\u00a0kallna<br \/>Det\u00a0m\u00e5ste\u00a0vara\u00a0som\u00a0det\u00a0\u00e4r.<\/p><\/div><\/div>\t\t\t\t\t\t\t\t<\/div>\n\t\t\t\t<\/div>\n\t\t\t\t\t<\/div>\n\t\t<\/div>\n\t\t\t\t<div class=\"elementor-column elementor-col-33 elementor-inner-column elementor-element elementor-element-9d63e06\" data-id=\"9d63e06\" data-element_type=\"column\" data-e-type=\"column\">\n\t\t\t<div class=\"elementor-widget-wrap elementor-element-populated\">\n\t\t\t\t\t\t<div class=\"elementor-element elementor-element-6e8afb3 elementor-widget elementor-widget-wp-widget-media_audio\" data-id=\"6e8afb3\" data-element_type=\"widget\" data-e-type=\"widget\" data-widget_type=\"wp-widget-media_audio.default\">\n\t\t\t\t<div class=\"elementor-widget-container\">\n\t\t\t\t\t<h5>Agneta Pleijel l\u00e4ser \u201d\u00d6ver en Hyacint\u201d.<\/h5><audio class=\"wp-audio-shortcode\" id=\"audio-10255-1\" preload=\"none\" style=\"width: 100%;\" controls=\"controls\"><source type=\"audio\/mpeg\" src=\"https:\/\/litteraturbanken.se\/red\/ljud\/pleijel\/nordenflycht_ofverenhyacint_pleijel.mp3?_=1\" \/><source type=\"audio\/mpeg\" src=\"https:\/\/litteraturbanken.se\/red\/ljud\/pleijel\/nordenflycht_ofverenhyacint_pleijel.mp3?_=1\" \/><a href=\"https:\/\/litteraturbanken.se\/red\/ljud\/pleijel\/nordenflycht_ofverenhyacint_pleijel.mp3\">https:\/\/litteraturbanken.se\/red\/ljud\/pleijel\/nordenflycht_ofverenhyacint_pleijel.mp3<\/a><\/audio>\t\t\t\t<\/div>\n\t\t\t\t<\/div>\n\t\t\t\t<div class=\"elementor-element elementor-element-8dcecb0 elementor-icon-list--layout-traditional elementor-list-item-link-full_width elementor-widget elementor-widget-icon-list\" data-id=\"8dcecb0\" data-element_type=\"widget\" data-e-type=\"widget\" data-widget_type=\"icon-list.default\">\n\t\t\t\t<div class=\"elementor-widget-container\">\n\t\t\t\t\t\t\t<ul class=\"elementor-icon-list-items\">\n\t\t\t\t\t\t\t<li class=\"elementor-icon-list-item\">\n\t\t\t\t\t\t\t\t\t\t\t<a href=\"https:\/\/litteraturbanken.se\/forfattare\/NordenflychtHC\/titlar\/Skrifter\/sida\/170\/faksimil\" target=\"_blank\">\n\n\t\t\t\t\t\t\t\t\t\t\t\t<span class=\"elementor-icon-list-icon\">\n\t\t\t\t\t\t\t\t\t\t\t\t\t\t\t\t<i class=\"fa fa-file-text-o\" aria-hidden=\"true\"><\/i>\n\t\t\t\t\t\t\t\t\t\t\t\t\t<\/span>\n\t\t\t\t\t\t\t\t\t\t<span class=\"elementor-icon-list-text\">L\u00e4s dikten p\u00e5 Litteraturbanken<\/span>\n\t\t\t\t\t\t\t\t\t\t\t<\/a>\n\t\t\t\t\t\t\t\t\t<\/li>\n\t\t\t\t\t\t\t\t<li class=\"elementor-icon-list-item\">\n\t\t\t\t\t\t\t\t\t\t\t<a href=\"https:\/\/litteraturbanken.se\/skolan\/?page_id=261\" target=\"_blank\">\n\n\t\t\t\t\t\t\t\t\t\t\t\t<span class=\"elementor-icon-list-icon\">\n\t\t\t\t\t\t\t\t\t\t\t\t\t\t\t\t<i class=\"fa fa-file-text-o\" aria-hidden=\"true\"><\/i>\n\t\t\t\t\t\t\t\t\t\t\t\t\t<\/span>\n\t\t\t\t\t\t\t\t\t\t<span class=\"elementor-icon-list-text\">Termer och begrepp<\/span>\n\t\t\t\t\t\t\t\t\t\t\t<\/a>\n\t\t\t\t\t\t\t\t\t<\/li>\n\t\t\t\t\t\t<\/ul>\n\t\t\t\t\t\t<\/div>\n\t\t\t\t<\/div>\n\t\t\t\t<div class=\"elementor-element elementor-element-df34698 elementor-align-center elementor-widget elementor-widget-button\" data-id=\"df34698\" data-element_type=\"widget\" data-e-type=\"widget\" data-widget_type=\"button.default\">\n\t\t\t\t<div class=\"elementor-widget-container\">\n\t\t\t\t\t\t\t\t\t<div class=\"elementor-button-wrapper\">\n\t\t\t\t\t<a class=\"elementor-button elementor-button-link elementor-size-md elementor-animation-grow\" href=\"#uppgift\">\n\t\t\t\t\t\t<span class=\"elementor-button-content-wrapper\">\n\t\t\t\t\t\t<span class=\"elementor-button-icon\">\n\t\t\t\t\t\t\t\t\t<i class=\"fa fa-pencil\" aria-hidden=\"true\"><\/i>\n\t\t\t\t\t\t\t<\/span>\n\t\t\t\t\t\t\t\t\t<span class=\"elementor-button-text\">Uppgift, Gymnasium<\/span>\n\t\t\t\t\t<\/span>\n\t\t\t\t\t<\/a>\n\t\t\t\t<\/div>\n\t\t\t\t\t\t\t\t<\/div>\n\t\t\t\t<\/div>\n\t\t\t\t<div class=\"elementor-element elementor-element-5889cb3 elementor-widget elementor-widget-image\" data-id=\"5889cb3\" data-element_type=\"widget\" data-e-type=\"widget\" data-widget_type=\"image.default\">\n\t\t\t\t<div class=\"elementor-widget-container\">\n\t\t\t\t\t\t\t\t\t\t\t\t\t\t\t<img fetchpriority=\"high\" decoding=\"async\" width=\"300\" height=\"300\" src=\"https:\/\/litteraturbanken.se\/skolan\/wp-content\/uploads\/2019\/03\/lb_skolan_2019_knapp_f\u00f6rfattarbild_nordenflycht_gul-e1553013336154.jpg\" class=\"attachment-full size-full wp-image-13767\" alt=\"\" \/>\t\t\t\t\t\t\t\t\t\t\t\t\t\t\t<\/div>\n\t\t\t\t<\/div>\n\t\t\t\t\t<\/div>\n\t\t<\/div>\n\t\t\t\t\t<\/div>\n\t\t<\/section>\n\t\t\t\t<section class=\"elementor-section elementor-top-section elementor-element elementor-element-ac68735 elementor-section-boxed elementor-section-height-default elementor-section-height-default\" data-id=\"ac68735\" data-element_type=\"section\" data-e-type=\"section\">\n\t\t\t\t\t\t<div class=\"elementor-container elementor-column-gap-default\">\n\t\t\t\t\t<div class=\"elementor-column elementor-col-100 elementor-top-column elementor-element elementor-element-5fbff5d\" data-id=\"5fbff5d\" data-element_type=\"column\" data-e-type=\"column\">\n\t\t\t<div class=\"elementor-widget-wrap elementor-element-populated\">\n\t\t\t\t\t\t<div class=\"elementor-element elementor-element-1da235d elementor-widget elementor-widget-spacer\" data-id=\"1da235d\" data-element_type=\"widget\" data-e-type=\"widget\" data-widget_type=\"spacer.default\">\n\t\t\t\t<div class=\"elementor-widget-container\">\n\t\t\t\t\t\t\t<div class=\"elementor-spacer\">\n\t\t\t<div class=\"elementor-spacer-inner\"><\/div>\n\t\t<\/div>\n\t\t\t\t\t\t<\/div>\n\t\t\t\t<\/div>\n\t\t\t\t\t<\/div>\n\t\t<\/div>\n\t\t\t\t\t<\/div>\n\t\t<\/section>\n\t\t\t\t<section class=\"elementor-section elementor-top-section elementor-element elementor-element-04d912b elementor-section-boxed elementor-section-height-default elementor-section-height-default\" data-id=\"04d912b\" data-element_type=\"section\" data-e-type=\"section\">\n\t\t\t\t\t\t<div class=\"elementor-container elementor-column-gap-default\">\n\t\t\t\t\t<div class=\"elementor-column elementor-col-100 elementor-top-column elementor-element elementor-element-49479e1\" data-id=\"49479e1\" data-element_type=\"column\" data-e-type=\"column\" data-settings=\"{&quot;background_background&quot;:&quot;classic&quot;}\">\n\t\t\t<div class=\"elementor-widget-wrap elementor-element-populated\">\n\t\t\t\t\t\t<section class=\"elementor-section elementor-inner-section elementor-element elementor-element-bd6e23e elementor-section-boxed elementor-section-height-default elementor-section-height-default\" data-id=\"bd6e23e\" data-element_type=\"section\" data-e-type=\"section\">\n\t\t\t\t\t\t<div class=\"elementor-container elementor-column-gap-default\">\n\t\t\t\t\t<div class=\"elementor-column elementor-col-100 elementor-inner-column elementor-element elementor-element-5f6e2d5\" data-id=\"5f6e2d5\" data-element_type=\"column\" data-e-type=\"column\">\n\t\t\t<div class=\"elementor-widget-wrap elementor-element-populated\">\n\t\t\t\t\t\t<div class=\"elementor-element elementor-element-7070b12 elementor-widget elementor-widget-menu-anchor\" data-id=\"7070b12\" data-element_type=\"widget\" data-e-type=\"widget\" data-widget_type=\"menu-anchor.default\">\n\t\t\t\t<div class=\"elementor-widget-container\">\n\t\t\t\t\t\t\t<div class=\"elementor-menu-anchor\" id=\"uppgift\"><\/div>\n\t\t\t\t\t\t<\/div>\n\t\t\t\t<\/div>\n\t\t\t\t<div class=\"elementor-element elementor-element-e595c19 elementor-view-framed elementor-shape-circle elementor-widget elementor-widget-icon\" data-id=\"e595c19\" data-element_type=\"widget\" data-e-type=\"widget\" data-widget_type=\"icon.default\">\n\t\t\t\t<div class=\"elementor-widget-container\">\n\t\t\t\t\t\t\t<div class=\"elementor-icon-wrapper\">\n\t\t\t<div class=\"elementor-icon\">\n\t\t\t\t\t\t\t<i class=\"fa fa-pencil\" aria-hidden=\"true\"><\/i>\n\t\t\t\t\t\t<\/div>\n\t\t<\/div>\n\t\t\t\t\t\t<\/div>\n\t\t\t\t<\/div>\n\t\t\t\t<div class=\"elementor-element elementor-element-887e583 elementor-widget elementor-widget-toggle\" data-id=\"887e583\" data-element_type=\"widget\" data-e-type=\"widget\" data-widget_type=\"toggle.default\">\n\t\t\t\t<div class=\"elementor-widget-container\">\n\t\t\t\t\t\t\t<div class=\"elementor-toggle\">\n\t\t\t\t\t\t\t<div class=\"elementor-toggle-item\">\n\t\t\t\t\t<div id=\"elementor-tab-title-1431\" class=\"elementor-tab-title\" data-tab=\"1\" role=\"button\" aria-controls=\"elementor-tab-content-1431\" aria-expanded=\"false\">\n\t\t\t\t\t\t\t\t\t\t\t\t<span class=\"elementor-toggle-icon elementor-toggle-icon-left\" aria-hidden=\"true\">\n\t\t\t\t\t\t\t\t\t\t\t\t\t\t\t<i class=\"elementor-toggle-icon-closed fa fa-chevron-right\"><\/i>\n\t\t\t\t\t\t\t\t<i class=\"elementor-toggle-icon-opened fa fa-chevron-down\"><\/i>\n\t\t\t\t\t\t\t\t\t\t\t\t\t<\/span>\n\t\t\t\t\t\t\t\t\t\t\t\t<a class=\"elementor-toggle-title\" tabindex=\"0\">Gymnasium<\/a>\n\t\t\t\t\t<\/div>\n\n\t\t\t\t\t<div id=\"elementor-tab-content-1431\" class=\"elementor-tab-content elementor-clearfix\" data-tab=\"1\" role=\"region\" aria-labelledby=\"elementor-tab-title-1431\"><h3>Uppgift<\/h3><p>1 L\u00e4s dikten och fundera \u00f6ver vad den egentligen handlar om.<\/p><p>2 L\u00e4s upp ord och rader som st\u00e4rker din \u00e5sikt.<\/p><p>3 Samtala om vilken k\u00e4nsla som finns i diktens sista rader.<\/p><\/div>\n\t\t\t\t<\/div>\n\t\t\t\t\t\t\t\t<\/div>\n\t\t\t\t\t\t<\/div>\n\t\t\t\t<\/div>\n\t\t\t\t\t<\/div>\n\t\t<\/div>\n\t\t\t\t\t<\/div>\n\t\t<\/section>\n\t\t\t\t\t<\/div>\n\t\t<\/div>\n\t\t\t\t\t<\/div>\n\t\t<\/section>\n\t\t\t\t<section class=\"elementor-section elementor-top-section elementor-element elementor-element-e490be3 elementor-section-boxed elementor-section-height-default elementor-section-height-default\" data-id=\"e490be3\" data-element_type=\"section\" data-e-type=\"section\">\n\t\t\t\t\t\t<div class=\"elementor-container elementor-column-gap-default\">\n\t\t\t\t\t<div class=\"elementor-column elementor-col-100 elementor-top-column elementor-element elementor-element-752fd23\" data-id=\"752fd23\" data-element_type=\"column\" data-e-type=\"column\">\n\t\t\t<div class=\"elementor-widget-wrap elementor-element-populated\">\n\t\t\t\t\t\t<div class=\"elementor-element elementor-element-7529bdc elementor-widget elementor-widget-spacer\" data-id=\"7529bdc\" data-element_type=\"widget\" data-e-type=\"widget\" data-widget_type=\"spacer.default\">\n\t\t\t\t<div class=\"elementor-widget-container\">\n\t\t\t\t\t\t\t<div class=\"elementor-spacer\">\n\t\t\t<div class=\"elementor-spacer-inner\"><\/div>\n\t\t<\/div>\n\t\t\t\t\t\t<\/div>\n\t\t\t\t<\/div>\n\t\t\t\t\t<\/div>\n\t\t<\/div>\n\t\t\t\t\t<\/div>\n\t\t<\/section>\n\t\t\t\t<\/div>\n\t\t","protected":false},"excerpt":{"rendered":"<p>\u00d6ver en hyacint Av Hedvig Charlotta Nordenflycht Ur:\u00a0Skrifter (1996) \u00a0 \u00a0\u00c5rskurs: Gymnasium \u00a0 \u00a0Tema: 1700-tal, K\u00e4rlek, Olycklig k\u00e4rlek TILL \u2013 \u2013 \u2013 Du\u00a0rara\u00a0\u00f6rt\u00a0som\u00a0ej\u00a0din\u00a0likeI\u00a0f\u00e4rg,\u00a0i\u00a0glans,\u00a0i\u00a0t\u00e4ckhet\u00a0har,Bland\u00a0all\u00a0din\u00a0sl\u00e4kt\u00a0i\u00a0Floras\u00a0rikeDin\u00a0f\u00e4gring\u00a0mest\u00a0mitt\u00a0\u00f6ga\u00a0drar:P\u00e5\u00a0dina\u00a0blad\u00a0Naturen\u00a0spelar,I\u00a0konst,\u00a0i\u00a0prakt\u00a0hon\u00a0yttrar\u00a0sig,Den\u00a0fina\u00a0balsam-lukt\u00a0du\u00a0delar,F\u00f6rn\u00f6jer\u00a0och\u00a0f\u00f6rtjusar\u00a0mig. Med\u00a0trogen\u00a0omsorg\u00a0jag\u00a0dig\u00a0sk\u00f6ter,En\u00a0lindrig\u00a0luft\u00a0du\u00a0andas\u00a0f\u00e5r,En\u00a0h\u00e4ftig\u00a0il\u00a0dig\u00a0aldrig\u00a0m\u00f6ter,F\u00f6r\u00a0hetta,\u00a0k\u00f6ld\u00a0du\u00a0s\u00e4ker\u00a0st\u00e5r.Ett\u00a0livligt\u00a0v\u00e4der\u00a0p\u00e5\u00a0dig\u00a0fl\u00e4ktar,Som\u00a0tr\u00e4nger\u00a0genom\u00a0blad\u00a0och\u00a0knoppOch\u00a0n\u00e4r\u00a0av\u00a0v\u00e4rma\u00a0du\u00a0f\u00f6rsm\u00e4ktarEn\u00a0kylig\u00a0flod\u00a0dig\u00a0friskar\u00a0opp. Men\u00a0liksom\u00a0du\u00a0min\u00a0hydda\u00a0pryderOch\u00a0dig\u00a0i\u00a0all\u00a0din\u00a0t\u00e4ckhet\u00a0ter,En\u00a0grym\u00a0f\u00f6rvandlings\u00a0lag\u00a0du\u00a0lyderDu\u00a0vissnar,\u00a0d\u00f6r\u00a0och\u00a0finns\u00a0ej\u00a0mer.Du\u00a0hastigt\u00a0all\u00a0min\u00a0m\u00f6da\u00a0gl\u00f6mmerOch\u00a0ledsnar\u00a0vid\u00a0min\u00a0\u00f6mma\u00a0v\u00e5rd,Bland\u00a0ringa\u00a0stoft\u00a0din\u00a0f\u00e4gring\u00a0g\u00f6mmer,Du\u00a0\u00e4r\u00a0ju\u00a0otacksam\u00a0och\u00a0h\u00e5rd? Men\u00a0skall\u00a0jag\u00a0p\u00e5\u00a0en\u00a0blomma\u00a0klandra,Det\u00a0veka\u00a0v\u00e4sen\u00a0klaga\u00a0an,Dess\u00a0\u00f6de\u00a0\u00e4r\u00a0att\u00a0sig\u00a0f\u00f6randra,Hon\u00a0m\u00e5ste\u00a0vara\u00a0som\u00a0hon\u00a0kan.Hon\u00a0\u00e4r\u00a0ett\u00a0gr\u00e4s,\u00a0hon\u00a0skall\u00a0f\u00f6rfalna,Jag\u00a0intet\u00a0agg\u00a0till\u00a0henne\u00a0b\u00e4r.S\u00e5\u00a0ser\u00a0jag\u00a0ock\u00a0ditt\u00a0hj\u00e4rta\u00a0kallnaDet\u00a0m\u00e5ste\u00a0vara\u00a0som\u00a0det\u00a0\u00e4r. L\u00e4s dikten p\u00e5 Litteraturbanken Termer och begrepp Uppgift, Gymnasium Gymnasium Uppgift 1 L\u00e4s dikten och fundera \u00f6ver vad den egentligen handlar om. 2 L\u00e4s upp ord och rader som [&hellip;]<\/p>\n","protected":false},"author":5,"featured_media":0,"parent":0,"menu_order":0,"comment_status":"closed","ping_status":"closed","template":"","meta":{"ocean_post_layout":"full-screen","ocean_both_sidebars_style":"","ocean_both_sidebars_content_width":0,"ocean_both_sidebars_sidebars_width":0,"ocean_sidebar":"0","ocean_second_sidebar":"0","ocean_disable_margins":"enable","ocean_add_body_class":"","ocean_shortcode_before_top_bar":"","ocean_shortcode_after_top_bar":"","ocean_shortcode_before_header":"","ocean_shortcode_after_header":"","ocean_has_shortcode":"","ocean_shortcode_after_title":"","ocean_shortcode_before_footer_widgets":"","ocean_shortcode_after_footer_widgets":"","ocean_shortcode_before_footer_bottom":"","ocean_shortcode_after_footer_bottom":"","ocean_display_top_bar":"default","ocean_display_header":"default","ocean_header_style":"","ocean_center_header_left_menu":"0","ocean_custom_header_template":"0","ocean_custom_logo":0,"ocean_custom_retina_logo":0,"ocean_custom_logo_max_width":0,"ocean_custom_logo_tablet_max_width":0,"ocean_custom_logo_mobile_max_width":0,"ocean_custom_logo_max_height":0,"ocean_custom_logo_tablet_max_height":0,"ocean_custom_logo_mobile_max_height":0,"ocean_header_custom_menu":"0","ocean_menu_typo_font_family":"0","ocean_menu_typo_font_subset":"","ocean_menu_typo_font_size":0,"ocean_menu_typo_font_size_tablet":0,"ocean_menu_typo_font_size_mobile":0,"ocean_menu_typo_font_size_unit":"px","ocean_menu_typo_font_weight":"","ocean_menu_typo_font_weight_tablet":"","ocean_menu_typo_font_weight_mobile":"","ocean_menu_typo_transform":"","ocean_menu_typo_transform_tablet":"","ocean_menu_typo_transform_mobile":"","ocean_menu_typo_line_height":0,"ocean_menu_typo_line_height_tablet":0,"ocean_menu_typo_line_height_mobile":0,"ocean_menu_typo_line_height_unit":"","ocean_menu_typo_spacing":0,"ocean_menu_typo_spacing_tablet":0,"ocean_menu_typo_spacing_mobile":0,"ocean_menu_typo_spacing_unit":"","ocean_menu_link_color":"","ocean_menu_link_color_hover":"","ocean_menu_link_color_active":"","ocean_menu_link_background":"","ocean_menu_link_hover_background":"","ocean_menu_link_active_background":"","ocean_menu_social_links_bg":"","ocean_menu_social_hover_links_bg":"","ocean_menu_social_links_color":"","ocean_menu_social_hover_links_color":"","ocean_disable_title":"on","ocean_disable_heading":"default","ocean_post_title":"","ocean_post_subheading":"","ocean_post_title_style":"","ocean_post_title_background_color":"","ocean_post_title_background":0,"ocean_post_title_bg_image_position":"","ocean_post_title_bg_image_attachment":"","ocean_post_title_bg_image_repeat":"","ocean_post_title_bg_image_size":"","ocean_post_title_height":0,"ocean_post_title_bg_overlay":0.5,"ocean_post_title_bg_overlay_color":"","ocean_disable_breadcrumbs":"default","ocean_breadcrumbs_color":"","ocean_breadcrumbs_separator_color":"","ocean_breadcrumbs_links_color":"","ocean_breadcrumbs_links_hover_color":"","ocean_display_footer_widgets":"default","ocean_display_footer_bottom":"default","ocean_custom_footer_template":"0","footnotes":""},"class_list":["post-10255","page","type-page","status-publish","hentry","entry"],"_links":{"self":[{"href":"https:\/\/litteraturbanken.se\/skolan\/wp-json\/wp\/v2\/pages\/10255","targetHints":{"allow":["GET"]}}],"collection":[{"href":"https:\/\/litteraturbanken.se\/skolan\/wp-json\/wp\/v2\/pages"}],"about":[{"href":"https:\/\/litteraturbanken.se\/skolan\/wp-json\/wp\/v2\/types\/page"}],"author":[{"embeddable":true,"href":"https:\/\/litteraturbanken.se\/skolan\/wp-json\/wp\/v2\/users\/5"}],"replies":[{"embeddable":true,"href":"https:\/\/litteraturbanken.se\/skolan\/wp-json\/wp\/v2\/comments?post=10255"}],"version-history":[{"count":16,"href":"https:\/\/litteraturbanken.se\/skolan\/wp-json\/wp\/v2\/pages\/10255\/revisions"}],"predecessor-version":[{"id":20127,"href":"https:\/\/litteraturbanken.se\/skolan\/wp-json\/wp\/v2\/pages\/10255\/revisions\/20127"}],"wp:attachment":[{"href":"https:\/\/litteraturbanken.se\/skolan\/wp-json\/wp\/v2\/media?parent=10255"}],"curies":[{"name":"wp","href":"https:\/\/api.w.org\/{rel}","templated":true}]}}