{"id":10387,"date":"2018-12-26T18:08:51","date_gmt":"2018-12-26T17:08:51","guid":{"rendered":"https:\/\/litteraturbanken.se\/skoladev\/?page_id=10387"},"modified":"2021-11-11T13:08:27","modified_gmt":"2021-11-11T12:08:27","slug":"poesi-forfattare-vilhelm-ekelund-som-ett-stjarnfall","status":"publish","type":"page","link":"https:\/\/litteraturbanken.se\/skolan\/poesi-forfattare-vilhelm-ekelund-som-ett-stjarnfall\/","title":{"rendered":"Poesi\/F\u00f6rfattare\/Vilhelm Ekelund\/Som ett stj\u00e4rnfall"},"content":{"rendered":"\t\t<div data-elementor-type=\"wp-post\" data-elementor-id=\"10387\" class=\"elementor elementor-10387\">\n\t\t\t\t\t\t<section class=\"elementor-section elementor-top-section elementor-element elementor-element-e6777fa elementor-section-boxed elementor-section-height-default elementor-section-height-default\" data-id=\"e6777fa\" data-element_type=\"section\" data-e-type=\"section\">\n\t\t\t\t\t\t<div class=\"elementor-container elementor-column-gap-default\">\n\t\t\t\t\t<div class=\"elementor-column elementor-col-100 elementor-top-column elementor-element elementor-element-fca4555\" data-id=\"fca4555\" data-element_type=\"column\" data-e-type=\"column\">\n\t\t\t<div class=\"elementor-widget-wrap elementor-element-populated\">\n\t\t\t\t\t\t<div class=\"elementor-element elementor-element-0b60002 elementor-widget elementor-widget-spacer\" data-id=\"0b60002\" data-element_type=\"widget\" data-e-type=\"widget\" data-widget_type=\"spacer.default\">\n\t\t\t\t<div class=\"elementor-widget-container\">\n\t\t\t\t\t\t\t<div class=\"elementor-spacer\">\n\t\t\t<div class=\"elementor-spacer-inner\"><\/div>\n\t\t<\/div>\n\t\t\t\t\t\t<\/div>\n\t\t\t\t<\/div>\n\t\t\t\t\t<\/div>\n\t\t<\/div>\n\t\t\t\t\t<\/div>\n\t\t<\/section>\n\t\t\t\t<section class=\"elementor-section elementor-inner-section elementor-element elementor-element-f9120f5 elementor-section-boxed elementor-section-height-default elementor-section-height-default\" data-id=\"f9120f5\" data-element_type=\"section\" data-e-type=\"section\">\n\t\t\t\t\t\t<div class=\"elementor-container elementor-column-gap-default\">\n\t\t\t\t\t<div class=\"elementor-column elementor-col-66 elementor-inner-column elementor-element elementor-element-4167782\" data-id=\"4167782\" data-element_type=\"column\" data-e-type=\"column\" data-settings=\"{&quot;background_background&quot;:&quot;classic&quot;}\">\n\t\t\t<div class=\"elementor-widget-wrap elementor-element-populated\">\n\t\t\t\t\t\t<div class=\"elementor-element elementor-element-fefa78f elementor-widget elementor-widget-heading\" data-id=\"fefa78f\" data-element_type=\"widget\" data-e-type=\"widget\" data-widget_type=\"heading.default\">\n\t\t\t\t<div class=\"elementor-widget-container\">\n\t\t\t\t\t<h2 class=\"elementor-heading-title elementor-size-default\">Som ett stj\u00e4rnfall<\/h2>\t\t\t\t<\/div>\n\t\t\t\t<\/div>\n\t\t\t\t<div class=\"elementor-element elementor-element-a3e8cb3 elementor-widget elementor-widget-text-editor\" data-id=\"a3e8cb3\" data-element_type=\"widget\" data-e-type=\"widget\" data-widget_type=\"text-editor.default\">\n\t\t\t\t<div class=\"elementor-widget-container\">\n\t\t\t\t\t\t\t\t\t<p>Av\u00a0<a href=\"https:\/\/litteraturbanken.se\/skolan\/?page_id=93\"><em>Vilhelm Ekelund<\/em><\/a><\/p>\t\t\t\t\t\t\t\t<\/div>\n\t\t\t\t<\/div>\n\t\t\t\t<div class=\"elementor-element elementor-element-a0b431f elementor-widget elementor-widget-text-editor\" data-id=\"a0b431f\" data-element_type=\"widget\" data-e-type=\"widget\" data-widget_type=\"text-editor.default\">\n\t\t\t\t<div class=\"elementor-widget-container\">\n\t\t\t\t\t\t\t\t\t<p><strong>Ur:\u00a0<\/strong> <em>Samlade dikter I\u00a0<\/em>(2004)\u00a0<span style=\"font-size: 15px; letter-spacing: 0.6px;\">\u00a0<\/span><strong>\u00c5rskurs:\u00a0<\/strong>Gymnasium\u00a0\u00a0<strong>Tema:\u00a0<\/strong>K\u00e4rlek, Olycklig k\u00e4rlek<\/p>\t\t\t\t\t\t\t\t<\/div>\n\t\t\t\t<\/div>\n\t\t\t\t<div class=\"elementor-element elementor-element-2c2ed65 elementor-widget elementor-widget-text-editor\" data-id=\"2c2ed65\" data-element_type=\"widget\" data-e-type=\"widget\" data-widget_type=\"text-editor.default\">\n\t\t\t\t<div class=\"elementor-widget-container\">\n\t\t\t\t\t\t\t\t\t<div class=\"_head b center chaptername\"><div class=\"_l\"><div class=\"literallayout\"><div class=\"overlay ng-scope\"><div class=\"ng-scope\" data-size=\"383.000000x595.000000\"><div><span class=\"w\" data-width=\"20.0\"><span id=\"lb9471777_180221\">Som\u00a0<\/span><\/span><span class=\"w\" data-width=\"11.7\"><span id=\"lb9471777_180225\">ett\u00a0<\/span><\/span><span class=\"w\" data-width=\"38.1\"><span id=\"lb9471777_180229\">stj\u00e4rnfall<\/span><\/span><\/div><div><span class=\"w\" data-width=\"16.2\"><span id=\"lb9471777_180233\">ned\u00a0<\/span><\/span><span class=\"w\" data-width=\"2.9\"><span id=\"lb9471777_180237\">i\u00a0<\/span><\/span><span class=\"w\" data-width=\"29.7\"><span id=\"lb9471777_180241\">dunkla\u00a0<\/span><\/span><span class=\"w\" data-width=\"23.5\"><span id=\"lb9471777_180245\">havet<\/span><\/span><\/div><div><span class=\"w\" data-width=\"25.6\"><span id=\"lb9471777_180249\">glider\u00a0<\/span><\/span><span class=\"w\" data-width=\"5.2\"><span id=\"lb9471777_180253\">\u2013<\/span><\/span><\/div><div><span class=\"w\" data-width=\"34.5\"><span id=\"lb9471777_180257\">midnatt\u00a0<\/span><\/span><span class=\"w\" data-width=\"28.3\"><span id=\"lb9471777_180261\">andl\u00f6s<\/span><\/span><span class=\"w\" data-width=\"2.7\"><span id=\"lb9471777_180265\">:<\/span><\/span><\/div><div><span class=\"w\" data-width=\"11.0\"><span id=\"lb9471777_180269\">lik\u00a0<\/span><\/span><span class=\"w\" data-width=\"11.7\"><span id=\"lb9471777_180273\">ett\u00a0<\/span><\/span><span class=\"w\" data-width=\"20.8\"><span id=\"lb9471777_180277\">enda<\/span><\/span><\/div><div><span class=\"w\" data-width=\"25.0\"><span id=\"lb9471777_180281\">stumt\u00a0<\/span><\/span><span class=\"w\" data-width=\"16.0\"><span id=\"lb9471777_180285\">och\u00a0<\/span><\/span><span class=\"w\" data-width=\"42.1\"><span id=\"lb9471777_180289\">sm\u00e4rtfyllt<\/span><\/span><\/div><div><span class=\"w\" data-width=\"15.6\"><span id=\"lb9471777_180293\">\u00f6ga\u00a0<\/span><\/span><span class=\"w\" data-width=\"35.4\"><span id=\"lb9471777_180297\">vakande<\/span><\/span><\/div><div><span class=\"w\" data-width=\"27.9\"><span id=\"lb9471777_180301\">natten\u00a0<\/span><\/span><span class=\"w\" data-width=\"16.0\"><span id=\"lb9471777_180305\">st\u00e5r\u00a0<\/span><\/span><span class=\"w\" data-width=\"16.0\"><span id=\"lb9471777_180309\">och\u00a0<\/span><\/span><span class=\"w\" data-width=\"36.0\"><span id=\"lb9471777_180313\">spejar\u00a0<\/span><span id=\"lb9471777_180314\">\u2026<\/span><\/span><\/div><div><span class=\"w\" data-width=\"18.1\"><span id=\"lb9471777_180318\">som\u00a0<\/span><\/span><span class=\"w\" data-width=\"11.7\"><span id=\"lb9471777_180322\">ett\u00a0<\/span><\/span><span class=\"w\" data-width=\"38.1\"><span id=\"lb9471777_180326\">stj\u00e4rnfall<\/span><\/span><\/div><div><span class=\"w\" data-width=\"14.6\"><span id=\"lb9471777_180330\">f\u00f6ll\u00a0<\/span><\/span><span class=\"w\" data-width=\"11.2\"><span id=\"lb9471777_180334\">du\u00a0<\/span><\/span><span class=\"w\" data-width=\"2.9\"><span id=\"lb9471777_180338\">i\u00a0<\/span><\/span><span class=\"w\" data-width=\"17.3\"><span id=\"lb9471777_180342\">min\u00a0<\/span><\/span><span class=\"w\" data-width=\"16.7\"><span id=\"lb9471777_180346\">sj\u00e4l<\/span><span id=\"lb9471777_180347\">.<\/span><\/span><\/div><\/div><\/div><div class=\"img_area\">\u00a0<\/div><\/div><\/div><\/div>\t\t\t\t\t\t\t\t<\/div>\n\t\t\t\t<\/div>\n\t\t\t\t\t<\/div>\n\t\t<\/div>\n\t\t\t\t<div class=\"elementor-column elementor-col-33 elementor-inner-column elementor-element elementor-element-a4d1c25\" data-id=\"a4d1c25\" data-element_type=\"column\" data-e-type=\"column\">\n\t\t\t<div class=\"elementor-widget-wrap elementor-element-populated\">\n\t\t\t\t\t\t<div class=\"elementor-element elementor-element-31a8efc elementor-widget elementor-widget-wp-widget-media_audio\" data-id=\"31a8efc\" data-element_type=\"widget\" data-e-type=\"widget\" data-widget_type=\"wp-widget-media_audio.default\">\n\t\t\t\t<div class=\"elementor-widget-container\">\n\t\t\t\t\t<h5>Jila Mossaed l\u00e4ser \u201dSom ett stj\u00e4rnfall\u201d av Vilhelm Ekelund.<\/h5><audio class=\"wp-audio-shortcode\" id=\"audio-10387-1\" preload=\"none\" style=\"width: 100%;\" controls=\"controls\"><source type=\"audio\/mpeg\" src=\"https:\/\/litteraturbanken.se\/skolan\/wp-content\/uploads\/2019\/03\/ekelund_somettstjarnfall_mossaed.mp3?_=1\" \/><source type=\"audio\/mpeg\" src=\"https:\/\/litteraturbanken.se\/skolan\/wp-content\/uploads\/2019\/03\/ekelund_somettstjarnfall_mossaed.mp3?_=1\" \/><a href=\"https:\/\/litteraturbanken.se\/skolan\/wp-content\/uploads\/2019\/03\/ekelund_somettstjarnfall_mossaed.mp3\">https:\/\/litteraturbanken.se\/skolan\/wp-content\/uploads\/2019\/03\/ekelund_somettstjarnfall_mossaed.mp3<\/a><\/audio>\t\t\t\t<\/div>\n\t\t\t\t<\/div>\n\t\t\t\t<div class=\"elementor-element elementor-element-29123a8 elementor-icon-list--layout-traditional elementor-list-item-link-full_width elementor-widget elementor-widget-icon-list\" data-id=\"29123a8\" data-element_type=\"widget\" data-e-type=\"widget\" data-widget_type=\"icon-list.default\">\n\t\t\t\t<div class=\"elementor-widget-container\">\n\t\t\t\t\t\t\t<ul class=\"elementor-icon-list-items\">\n\t\t\t\t\t\t\t<li class=\"elementor-icon-list-item\">\n\t\t\t\t\t\t\t\t\t\t\t<a href=\"https:\/\/litteraturbanken.se\/forfattare\/EkelundV\/titlar\/SamladeDikter1\/sida\/213\/faksimil\" target=\"_blank\">\n\n\t\t\t\t\t\t\t\t\t\t\t\t<span class=\"elementor-icon-list-icon\">\n\t\t\t\t\t\t\t\t\t\t\t\t\t\t\t\t<i class=\"fa fa-file-text-o\" aria-hidden=\"true\"><\/i>\n\t\t\t\t\t\t\t\t\t\t\t\t\t<\/span>\n\t\t\t\t\t\t\t\t\t\t<span class=\"elementor-icon-list-text\">L\u00e4s dikten p\u00e5 Litteraturbanken<\/span>\n\t\t\t\t\t\t\t\t\t\t\t<\/a>\n\t\t\t\t\t\t\t\t\t<\/li>\n\t\t\t\t\t\t\t\t<li class=\"elementor-icon-list-item\">\n\t\t\t\t\t\t\t\t\t\t\t<a href=\"https:\/\/litteraturbanken.se\/skolan\/?page_id=261\" target=\"_blank\">\n\n\t\t\t\t\t\t\t\t\t\t\t\t<span class=\"elementor-icon-list-icon\">\n\t\t\t\t\t\t\t\t\t\t\t\t\t\t\t\t<i class=\"fa fa-file-text-o\" aria-hidden=\"true\"><\/i>\n\t\t\t\t\t\t\t\t\t\t\t\t\t<\/span>\n\t\t\t\t\t\t\t\t\t\t<span class=\"elementor-icon-list-text\">Termer och begrepp<\/span>\n\t\t\t\t\t\t\t\t\t\t\t<\/a>\n\t\t\t\t\t\t\t\t\t<\/li>\n\t\t\t\t\t\t<\/ul>\n\t\t\t\t\t\t<\/div>\n\t\t\t\t<\/div>\n\t\t\t\t<div class=\"elementor-element elementor-element-8dba00d elementor-align-center elementor-widget elementor-widget-button\" data-id=\"8dba00d\" data-element_type=\"widget\" data-e-type=\"widget\" data-widget_type=\"button.default\">\n\t\t\t\t<div class=\"elementor-widget-container\">\n\t\t\t\t\t\t\t\t\t<div class=\"elementor-button-wrapper\">\n\t\t\t\t\t<a class=\"elementor-button elementor-button-link elementor-size-md elementor-animation-grow\" href=\"#uppgift\">\n\t\t\t\t\t\t<span class=\"elementor-button-content-wrapper\">\n\t\t\t\t\t\t<span class=\"elementor-button-icon\">\n\t\t\t\t\t\t\t\t\t<i class=\"fa fa-pencil\" aria-hidden=\"true\"><\/i>\n\t\t\t\t\t\t\t<\/span>\n\t\t\t\t\t\t\t\t\t<span class=\"elementor-button-text\">Uppgift, Gymnasium<\/span>\n\t\t\t\t\t<\/span>\n\t\t\t\t\t<\/a>\n\t\t\t\t<\/div>\n\t\t\t\t\t\t\t\t<\/div>\n\t\t\t\t<\/div>\n\t\t\t\t<div class=\"elementor-element elementor-element-0b49d3a elementor-widget elementor-widget-image\" data-id=\"0b49d3a\" data-element_type=\"widget\" data-e-type=\"widget\" data-widget_type=\"image.default\">\n\t\t\t\t<div class=\"elementor-widget-container\">\n\t\t\t\t\t\t\t\t\t\t\t\t\t\t\t<img fetchpriority=\"high\" decoding=\"async\" width=\"300\" height=\"300\" src=\"https:\/\/litteraturbanken.se\/skolan\/wp-content\/uploads\/2019\/03\/lb_skolan_2019_knapp_f\u00f6rfattarbild_ekelund_lila-e1553013755275.jpg\" class=\"attachment-full size-full wp-image-13715\" alt=\"\" \/>\t\t\t\t\t\t\t\t\t\t\t\t\t\t\t<\/div>\n\t\t\t\t<\/div>\n\t\t\t\t\t<\/div>\n\t\t<\/div>\n\t\t\t\t\t<\/div>\n\t\t<\/section>\n\t\t\t\t<section class=\"elementor-section elementor-top-section elementor-element elementor-element-5f0b3dd elementor-section-boxed elementor-section-height-default elementor-section-height-default\" data-id=\"5f0b3dd\" data-element_type=\"section\" data-e-type=\"section\">\n\t\t\t\t\t\t<div class=\"elementor-container elementor-column-gap-default\">\n\t\t\t\t\t<div class=\"elementor-column elementor-col-100 elementor-top-column elementor-element elementor-element-6d7fe12\" data-id=\"6d7fe12\" data-element_type=\"column\" data-e-type=\"column\">\n\t\t\t<div class=\"elementor-widget-wrap elementor-element-populated\">\n\t\t\t\t\t\t<div class=\"elementor-element elementor-element-5447e8c elementor-widget elementor-widget-spacer\" data-id=\"5447e8c\" data-element_type=\"widget\" data-e-type=\"widget\" data-widget_type=\"spacer.default\">\n\t\t\t\t<div class=\"elementor-widget-container\">\n\t\t\t\t\t\t\t<div class=\"elementor-spacer\">\n\t\t\t<div class=\"elementor-spacer-inner\"><\/div>\n\t\t<\/div>\n\t\t\t\t\t\t<\/div>\n\t\t\t\t<\/div>\n\t\t\t\t\t<\/div>\n\t\t<\/div>\n\t\t\t\t\t<\/div>\n\t\t<\/section>\n\t\t\t\t<section class=\"elementor-section elementor-top-section elementor-element elementor-element-2dd07a0 elementor-section-boxed elementor-section-height-default elementor-section-height-default\" data-id=\"2dd07a0\" data-element_type=\"section\" data-e-type=\"section\">\n\t\t\t\t\t\t<div class=\"elementor-container elementor-column-gap-default\">\n\t\t\t\t\t<div class=\"elementor-column elementor-col-100 elementor-top-column elementor-element elementor-element-c709c92\" data-id=\"c709c92\" data-element_type=\"column\" data-e-type=\"column\" data-settings=\"{&quot;background_background&quot;:&quot;classic&quot;}\">\n\t\t\t<div class=\"elementor-widget-wrap elementor-element-populated\">\n\t\t\t\t\t\t<section class=\"elementor-section elementor-inner-section elementor-element elementor-element-a895fc8 elementor-section-boxed elementor-section-height-default elementor-section-height-default\" data-id=\"a895fc8\" data-element_type=\"section\" data-e-type=\"section\">\n\t\t\t\t\t\t<div class=\"elementor-container elementor-column-gap-default\">\n\t\t\t\t\t<div class=\"elementor-column elementor-col-100 elementor-inner-column elementor-element elementor-element-ca8f374\" data-id=\"ca8f374\" data-element_type=\"column\" data-e-type=\"column\">\n\t\t\t<div class=\"elementor-widget-wrap elementor-element-populated\">\n\t\t\t\t\t\t<div class=\"elementor-element elementor-element-bbc7afb elementor-widget elementor-widget-menu-anchor\" data-id=\"bbc7afb\" data-element_type=\"widget\" data-e-type=\"widget\" data-widget_type=\"menu-anchor.default\">\n\t\t\t\t<div class=\"elementor-widget-container\">\n\t\t\t\t\t\t\t<div class=\"elementor-menu-anchor\" id=\"uppgift\"><\/div>\n\t\t\t\t\t\t<\/div>\n\t\t\t\t<\/div>\n\t\t\t\t<div class=\"elementor-element elementor-element-f36a690 elementor-view-framed elementor-shape-circle elementor-widget elementor-widget-icon\" data-id=\"f36a690\" data-element_type=\"widget\" data-e-type=\"widget\" data-widget_type=\"icon.default\">\n\t\t\t\t<div class=\"elementor-widget-container\">\n\t\t\t\t\t\t\t<div class=\"elementor-icon-wrapper\">\n\t\t\t<div class=\"elementor-icon\">\n\t\t\t\t\t\t\t<i class=\"fa fa-pencil\" aria-hidden=\"true\"><\/i>\n\t\t\t\t\t\t<\/div>\n\t\t<\/div>\n\t\t\t\t\t\t<\/div>\n\t\t\t\t<\/div>\n\t\t\t\t<div class=\"elementor-element elementor-element-164b04b elementor-widget elementor-widget-toggle\" data-id=\"164b04b\" data-element_type=\"widget\" data-e-type=\"widget\" data-widget_type=\"toggle.default\">\n\t\t\t\t<div class=\"elementor-widget-container\">\n\t\t\t\t\t\t\t<div class=\"elementor-toggle\">\n\t\t\t\t\t\t\t<div class=\"elementor-toggle-item\">\n\t\t\t\t\t<div id=\"elementor-tab-title-2331\" class=\"elementor-tab-title\" data-tab=\"1\" role=\"button\" aria-controls=\"elementor-tab-content-2331\" aria-expanded=\"false\">\n\t\t\t\t\t\t\t\t\t\t\t\t<span class=\"elementor-toggle-icon elementor-toggle-icon-left\" aria-hidden=\"true\">\n\t\t\t\t\t\t\t\t\t\t\t\t\t\t\t<i class=\"elementor-toggle-icon-closed fa fa-chevron-right\"><\/i>\n\t\t\t\t\t\t\t\t<i class=\"elementor-toggle-icon-opened fa fa-chevron-down\"><\/i>\n\t\t\t\t\t\t\t\t\t\t\t\t\t<\/span>\n\t\t\t\t\t\t\t\t\t\t\t\t<a class=\"elementor-toggle-title\" tabindex=\"0\">Gymnasium<\/a>\n\t\t\t\t\t<\/div>\n\n\t\t\t\t\t<div id=\"elementor-tab-content-2331\" class=\"elementor-tab-content elementor-clearfix\" data-tab=\"1\" role=\"region\" aria-labelledby=\"elementor-tab-title-2331\"><h3>J\u00e4mf\u00f6r<\/h3><p><a href=\"https:\/\/litteraturbanken.se\/skolan\/?page_id=10377\">\u201dBleka sommarskymning\u201d<\/a>, <a href=\"https:\/\/litteraturbanken.se\/skolan\/?page_id=10387&amp;preview_nonce=4c81efc666\">\u201dSom ett stj\u00e4rnfall\u201d<\/a>, <a href=\"https:\/\/litteraturbanken.se\/skolan\/?page_id=10295\">\u201dUppenbaring\u201d<\/a>. L\u00e4s dikterna tillsammans och j\u00e4mf\u00f6r.<\/p><p>1 Vad handlar de om?<\/p><p>2 Vilken uppfattning f\u00e5r man om diktjaget?<\/p><p>3 Vilka likheter finns i form och bildspr\u00e5k?<\/p><p>4 Hur anv\u00e4nds metaforer i dikterna?<\/p><\/div>\n\t\t\t\t<\/div>\n\t\t\t\t\t\t\t\t<\/div>\n\t\t\t\t\t\t<\/div>\n\t\t\t\t<\/div>\n\t\t\t\t\t<\/div>\n\t\t<\/div>\n\t\t\t\t\t<\/div>\n\t\t<\/section>\n\t\t\t\t<div class=\"elementor-element elementor-element-21a69b8 elementor-widget elementor-widget-spacer\" data-id=\"21a69b8\" data-element_type=\"widget\" data-e-type=\"widget\" data-widget_type=\"spacer.default\">\n\t\t\t\t<div class=\"elementor-widget-container\">\n\t\t\t\t\t\t\t<div class=\"elementor-spacer\">\n\t\t\t<div class=\"elementor-spacer-inner\"><\/div>\n\t\t<\/div>\n\t\t\t\t\t\t<\/div>\n\t\t\t\t<\/div>\n\t\t\t\t\t<\/div>\n\t\t<\/div>\n\t\t\t\t\t<\/div>\n\t\t<\/section>\n\t\t\t\t<section class=\"elementor-section elementor-top-section elementor-element elementor-element-09162fd elementor-section-boxed elementor-section-height-default elementor-section-height-default\" data-id=\"09162fd\" data-element_type=\"section\" data-e-type=\"section\">\n\t\t\t\t\t\t<div class=\"elementor-container elementor-column-gap-default\">\n\t\t\t\t\t<div class=\"elementor-column elementor-col-100 elementor-top-column elementor-element elementor-element-c5a887e\" data-id=\"c5a887e\" data-element_type=\"column\" data-e-type=\"column\">\n\t\t\t<div class=\"elementor-widget-wrap elementor-element-populated\">\n\t\t\t\t\t\t<div class=\"elementor-element elementor-element-2453d1d elementor-widget elementor-widget-spacer\" data-id=\"2453d1d\" data-element_type=\"widget\" data-e-type=\"widget\" data-widget_type=\"spacer.default\">\n\t\t\t\t<div class=\"elementor-widget-container\">\n\t\t\t\t\t\t\t<div class=\"elementor-spacer\">\n\t\t\t<div class=\"elementor-spacer-inner\"><\/div>\n\t\t<\/div>\n\t\t\t\t\t\t<\/div>\n\t\t\t\t<\/div>\n\t\t\t\t\t<\/div>\n\t\t<\/div>\n\t\t\t\t\t<\/div>\n\t\t<\/section>\n\t\t\t\t<\/div>\n\t\t","protected":false},"excerpt":{"rendered":"<p>Som ett stj\u00e4rnfall Av\u00a0Vilhelm Ekelund Ur:\u00a0 Samlade dikter I\u00a0(2004)\u00a0\u00a0\u00c5rskurs:\u00a0Gymnasium\u00a0\u00a0Tema:\u00a0K\u00e4rlek, Olycklig k\u00e4rlek Som\u00a0ett\u00a0stj\u00e4rnfallned\u00a0i\u00a0dunkla\u00a0havetglider\u00a0\u2013midnatt\u00a0andl\u00f6s:lik\u00a0ett\u00a0endastumt\u00a0och\u00a0sm\u00e4rtfyllt\u00f6ga\u00a0vakandenatten\u00a0st\u00e5r\u00a0och\u00a0spejar\u00a0\u2026som\u00a0ett\u00a0stj\u00e4rnfallf\u00f6ll\u00a0du\u00a0i\u00a0min\u00a0sj\u00e4l.\u00a0 L\u00e4s dikten p\u00e5 Litteraturbanken Termer och begrepp Uppgift, Gymnasium Gymnasium J\u00e4mf\u00f6r \u201dBleka sommarskymning\u201d, \u201dSom ett stj\u00e4rnfall\u201d, \u201dUppenbaring\u201d. L\u00e4s dikterna tillsammans och j\u00e4mf\u00f6r. 1 Vad handlar de om? 2 Vilken uppfattning f\u00e5r man om diktjaget? 3 Vilka likheter finns i form och bildspr\u00e5k? 4 [&hellip;]<\/p>\n","protected":false},"author":5,"featured_media":0,"parent":0,"menu_order":0,"comment_status":"closed","ping_status":"closed","template":"","meta":{"ocean_post_layout":"full-screen","ocean_both_sidebars_style":"","ocean_both_sidebars_content_width":0,"ocean_both_sidebars_sidebars_width":0,"ocean_sidebar":"0","ocean_second_sidebar":"0","ocean_disable_margins":"enable","ocean_add_body_class":"","ocean_shortcode_before_top_bar":"","ocean_shortcode_after_top_bar":"","ocean_shortcode_before_header":"","ocean_shortcode_after_header":"","ocean_has_shortcode":"","ocean_shortcode_after_title":"","ocean_shortcode_before_footer_widgets":"","ocean_shortcode_after_footer_widgets":"","ocean_shortcode_before_footer_bottom":"","ocean_shortcode_after_footer_bottom":"","ocean_display_top_bar":"default","ocean_display_header":"default","ocean_header_style":"","ocean_center_header_left_menu":"0","ocean_custom_header_template":"0","ocean_custom_logo":0,"ocean_custom_retina_logo":0,"ocean_custom_logo_max_width":0,"ocean_custom_logo_tablet_max_width":0,"ocean_custom_logo_mobile_max_width":0,"ocean_custom_logo_max_height":0,"ocean_custom_logo_tablet_max_height":0,"ocean_custom_logo_mobile_max_height":0,"ocean_header_custom_menu":"0","ocean_menu_typo_font_family":"0","ocean_menu_typo_font_subset":"","ocean_menu_typo_font_size":0,"ocean_menu_typo_font_size_tablet":0,"ocean_menu_typo_font_size_mobile":0,"ocean_menu_typo_font_size_unit":"px","ocean_menu_typo_font_weight":"","ocean_menu_typo_font_weight_tablet":"","ocean_menu_typo_font_weight_mobile":"","ocean_menu_typo_transform":"","ocean_menu_typo_transform_tablet":"","ocean_menu_typo_transform_mobile":"","ocean_menu_typo_line_height":0,"ocean_menu_typo_line_height_tablet":0,"ocean_menu_typo_line_height_mobile":0,"ocean_menu_typo_line_height_unit":"","ocean_menu_typo_spacing":0,"ocean_menu_typo_spacing_tablet":0,"ocean_menu_typo_spacing_mobile":0,"ocean_menu_typo_spacing_unit":"","ocean_menu_link_color":"","ocean_menu_link_color_hover":"","ocean_menu_link_color_active":"","ocean_menu_link_background":"","ocean_menu_link_hover_background":"","ocean_menu_link_active_background":"","ocean_menu_social_links_bg":"","ocean_menu_social_hover_links_bg":"","ocean_menu_social_links_color":"","ocean_menu_social_hover_links_color":"","ocean_disable_title":"on","ocean_disable_heading":"default","ocean_post_title":"","ocean_post_subheading":"","ocean_post_title_style":"","ocean_post_title_background_color":"","ocean_post_title_background":0,"ocean_post_title_bg_image_position":"","ocean_post_title_bg_image_attachment":"","ocean_post_title_bg_image_repeat":"","ocean_post_title_bg_image_size":"","ocean_post_title_height":0,"ocean_post_title_bg_overlay":0.5,"ocean_post_title_bg_overlay_color":"","ocean_disable_breadcrumbs":"default","ocean_breadcrumbs_color":"","ocean_breadcrumbs_separator_color":"","ocean_breadcrumbs_links_color":"","ocean_breadcrumbs_links_hover_color":"","ocean_display_footer_widgets":"default","ocean_display_footer_bottom":"default","ocean_custom_footer_template":"0","footnotes":""},"class_list":["post-10387","page","type-page","status-publish","hentry","entry"],"_links":{"self":[{"href":"https:\/\/litteraturbanken.se\/skolan\/wp-json\/wp\/v2\/pages\/10387","targetHints":{"allow":["GET"]}}],"collection":[{"href":"https:\/\/litteraturbanken.se\/skolan\/wp-json\/wp\/v2\/pages"}],"about":[{"href":"https:\/\/litteraturbanken.se\/skolan\/wp-json\/wp\/v2\/types\/page"}],"author":[{"embeddable":true,"href":"https:\/\/litteraturbanken.se\/skolan\/wp-json\/wp\/v2\/users\/5"}],"replies":[{"embeddable":true,"href":"https:\/\/litteraturbanken.se\/skolan\/wp-json\/wp\/v2\/comments?post=10387"}],"version-history":[{"count":19,"href":"https:\/\/litteraturbanken.se\/skolan\/wp-json\/wp\/v2\/pages\/10387\/revisions"}],"predecessor-version":[{"id":22761,"href":"https:\/\/litteraturbanken.se\/skolan\/wp-json\/wp\/v2\/pages\/10387\/revisions\/22761"}],"wp:attachment":[{"href":"https:\/\/litteraturbanken.se\/skolan\/wp-json\/wp\/v2\/media?parent=10387"}],"curies":[{"name":"wp","href":"https:\/\/api.w.org\/{rel}","templated":true}]}}