{"id":10516,"date":"2018-12-26T20:42:37","date_gmt":"2018-12-26T19:42:37","guid":{"rendered":"https:\/\/litteraturbanken.se\/skoladev\/?page_id=10516"},"modified":"2020-02-11T11:48:17","modified_gmt":"2020-02-11T10:48:17","slug":"poesi-forfattare-erik-axel-karlfeldt-faderna","status":"publish","type":"page","link":"https:\/\/litteraturbanken.se\/skolan\/poesi-forfattare-erik-axel-karlfeldt-faderna\/","title":{"rendered":"Poesi\/F\u00f6rfattare\/Erik Axel Karlfeldt\/F\u00e4derna"},"content":{"rendered":"\t\t<div data-elementor-type=\"wp-post\" data-elementor-id=\"10516\" class=\"elementor elementor-10516\">\n\t\t\t\t\t\t<section class=\"elementor-section elementor-top-section elementor-element elementor-element-abf89eb elementor-section-boxed elementor-section-height-default elementor-section-height-default\" data-id=\"abf89eb\" data-element_type=\"section\" data-e-type=\"section\">\n\t\t\t\t\t\t<div class=\"elementor-container elementor-column-gap-default\">\n\t\t\t\t\t<div class=\"elementor-column elementor-col-100 elementor-top-column elementor-element elementor-element-abd2d84\" data-id=\"abd2d84\" data-element_type=\"column\" data-e-type=\"column\">\n\t\t\t<div class=\"elementor-widget-wrap elementor-element-populated\">\n\t\t\t\t\t\t<div class=\"elementor-element elementor-element-76c0b2e elementor-widget elementor-widget-spacer\" data-id=\"76c0b2e\" data-element_type=\"widget\" data-e-type=\"widget\" data-widget_type=\"spacer.default\">\n\t\t\t\t<div class=\"elementor-widget-container\">\n\t\t\t\t\t\t\t<div class=\"elementor-spacer\">\n\t\t\t<div class=\"elementor-spacer-inner\"><\/div>\n\t\t<\/div>\n\t\t\t\t\t\t<\/div>\n\t\t\t\t<\/div>\n\t\t\t\t\t<\/div>\n\t\t<\/div>\n\t\t\t\t\t<\/div>\n\t\t<\/section>\n\t\t\t\t<section class=\"elementor-section elementor-inner-section elementor-element elementor-element-14a253e elementor-section-boxed elementor-section-height-default elementor-section-height-default\" data-id=\"14a253e\" data-element_type=\"section\" data-e-type=\"section\">\n\t\t\t\t\t\t<div class=\"elementor-container elementor-column-gap-default\">\n\t\t\t\t\t<div class=\"elementor-column elementor-col-66 elementor-inner-column elementor-element elementor-element-acfc925\" data-id=\"acfc925\" data-element_type=\"column\" data-e-type=\"column\" data-settings=\"{&quot;background_background&quot;:&quot;classic&quot;}\">\n\t\t\t<div class=\"elementor-widget-wrap elementor-element-populated\">\n\t\t\t\t\t\t<div class=\"elementor-element elementor-element-4ff1f6e elementor-widget elementor-widget-heading\" data-id=\"4ff1f6e\" data-element_type=\"widget\" data-e-type=\"widget\" data-widget_type=\"heading.default\">\n\t\t\t\t<div class=\"elementor-widget-container\">\n\t\t\t\t\t<h2 class=\"elementor-heading-title elementor-size-default\">F\u00e4derna<\/h2>\t\t\t\t<\/div>\n\t\t\t\t<\/div>\n\t\t\t\t<div class=\"elementor-element elementor-element-7e24234 elementor-widget elementor-widget-text-editor\" data-id=\"7e24234\" data-element_type=\"widget\" data-e-type=\"widget\" data-widget_type=\"text-editor.default\">\n\t\t\t\t<div class=\"elementor-widget-container\">\n\t\t\t\t\t\t\t\t\t<p>Av\u00a0<a href=\"https:\/\/litteraturbanken.se\/skolan\/?page_id=304\"><em>Erik Axel Karlfeldt<\/em><\/a><\/p>\t\t\t\t\t\t\t\t<\/div>\n\t\t\t\t<\/div>\n\t\t\t\t<div class=\"elementor-element elementor-element-e58a5da elementor-widget elementor-widget-text-editor\" data-id=\"e58a5da\" data-element_type=\"widget\" data-e-type=\"widget\" data-widget_type=\"text-editor.default\">\n\t\t\t\t<div class=\"elementor-widget-container\">\n\t\t\t\t\t\t\t\t\t<p><strong>Ur:<\/strong>\u00a0<em>Vildmarks- och k\u00e4rleksvisor\u00a0<\/em>(1895)\u00a0 \u00a0<strong>\u00c5rskurs:<\/strong> Gymnasium\u00a0\u00a0<strong>Tema:<\/strong> R\u00f6tter och historia<\/p>\t\t\t\t\t\t\t\t<\/div>\n\t\t\t\t<\/div>\n\t\t\t\t<div class=\"elementor-element elementor-element-1d54e10 elementor-widget elementor-widget-text-editor\" data-id=\"1d54e10\" data-element_type=\"widget\" data-e-type=\"widget\" data-widget_type=\"text-editor.default\">\n\t\t\t\t<div class=\"elementor-widget-container\">\n\t\t\t\t\t\t\t\t\t<p>Ej\u00a0finns\u00a0deras\u00a0namn\u00a0p\u00e5\u00a0h\u00e4vdens\u00a0blad<br \/>\u2013\u00a0de\u00a0levde\u00a0i\u00a0ringhet\u00a0och\u00a0frid\u00a0\u2013<br \/>men\u00a0jag\u00a0sk\u00f6njer\u00a0\u00e4nd\u00e5\u00a0deras\u00a0l\u00e5nga\u00a0rad<br \/>allt\u00a0upp\u00a0i\u00a0den\u00a0urgr\u00e5\u00a0tid.<br \/>Ja,\u00a0h\u00e4r\u00a0i\u00a0det\u00a0gamla\u00a0J\u00e4rnb\u00e4raland<br \/>de\u00a0br\u00f6to\u00a0\u00e5ker\u00a0p\u00e5\u00a0\u00e4lvens\u00a0strand<br \/>och\u00a0malm\u00a0ur\u00a0gruvan\u00a0bredvid.<br \/>De\u00a0k\u00e4nde\u00a0ej\u00a0tr\u00e4ltj\u00e4nst,\u00a0f\u00f6rstodo\u00a0ej\u00a0krus,<br \/>de\u00a0sutto\u00a0som\u00a0drottar\u00a0i\u00a0eget\u00a0hus<br \/>och\u00a0togo\u00a0sitt\u00a0h\u00f6gtidsrus.<br \/>De\u00a0kysste\u00a0flickor\u00a0i\u00a0livets\u00a0v\u00e5r,<br \/>en\u00a0vart\u00a0deras\u00a0trofasta\u00a0brud.<br \/>De\u00a0\u00e4rade\u00a0kungen,\u00a0de\u00a0fruktade\u00a0Gud<br \/>och\u00a0dogo\u00a0i\u00a0stillhet,\u00a0m\u00e4tta\u00a0av\u00a0\u00e5r.<\/p><p><br \/>Mina\u00a0f\u00e4der!\u00a0I\u00a0sm\u00e4rtans\u00a0och\u00a0frestelsens\u00a0stund<br \/>fick\u00a0jag\u00a0styrka\u00a0vid\u00a0tanken\u00a0p\u00e5\u00a0er.<br \/>Som\u00a0ni\u00a0v\u00e5rdat\u00a0och\u00a0\u00e4lskat\u00a0ert\u00a0\u00e4rvda\u00a0pund,<br \/>vill\u00a0jag\u00a0sm\u00e5le\u00a0n\u00f6jd\u00a0\u00e5t\u00a0vad\u00a0\u00f6det\u00a0ger.<br \/>Vid\u00a0njutningens\u00a0vinkande\u00a0\u00f6verfl\u00f6d<br \/>har\u00a0jag\u00a0t\u00e4nkt\u00a0p\u00e5\u00a0er\u00a0kamp,\u00a0p\u00e5\u00a0ert\u00a0torftiga\u00a0br\u00f6d:<br \/>har\u00a0jag\u00a0r\u00e4tt\u00a0att\u00a0beg\u00e4ra\u00a0mer?<br \/>Det\u00a0har\u00a0svalkat\u00a0som\u00a0bad\u00a0i\u00a0den\u00a0str\u00f6mmande\u00a0\u00e4lv,<br \/>n\u00e4r\u00a0mot\u00a0lustan\u00a0jag\u00a0k\u00e4mpat\u00a0mig\u00a0tr\u00f6tt,<br \/>det\u00a0har\u00a0l\u00e4rt\u00a0mig\u00a0att\u00a0r\u00e4das\u00a0mitt\u00a0eget\u00a0k\u00f6tt<br \/>mer\u00a0\u00e4n\u00a0v\u00e4rldens\u00a0ondska\u00a0och\u00a0satan\u00a0sj\u00e4lv.<\/p><p>Mina\u00a0f\u00e4der,\u00a0jag\u00a0ser\u00a0er\u00a0i\u00a0dr\u00f6mmarnas\u00a0stund<br \/>och\u00a0min\u00a0sj\u00e4l\u00a0blir\u00a0bekl\u00e4md\u00a0och\u00a0vek.<br \/>Jag\u00a0\u00e4r\u00a0ryckt\u00a0som\u00a0en\u00a0\u00f6rt\u00a0ur\u00a0sin\u00a0groningsgrund,<br \/>halvt\u00a0n\u00f6dd,\u00a0halvt\u00a0villig\u00a0er\u00a0sak\u00a0jag\u00a0svek.<br \/>Nu\u00a0f\u00e5ngar\u00a0jag\u00a0toner\u00a0ur\u00a0sommar\u00a0och\u00a0h\u00f6st<br \/>och\u00a0ger\u00a0dem\u00a0visans\u00a0lekande\u00a0r\u00f6st;<br \/>l\u00e5t\u00a0g\u00e5,\u00a0det\u00a0\u00e4r\u00a0ocks\u00e5\u00a0ett\u00a0v\u00e4rv.<br \/>Men\u00a0klingar\u00a0det\u00a0fram\u00a0ur\u00a0min\u00a0dikt\u00a0n\u00e5gon\u00a0g\u00e5ng<br \/>en\u00a0l\u00e5t\u00a0av\u00a0stormsus\u00a0och\u00a0vattuspr\u00e5ng,<br \/>en\u00a0tanke\u00a0manlig\u00a0och\u00a0dj\u00e4rv,<br \/>finns\u00a0d\u00e4r\u00a0l\u00e4rkspel\u00a0och\u00a0v\u00e5rljus\u00a0fr\u00e5n\u00a0fattig\u00a0hed<br \/>och\u00a0suckar\u00a0ur\u00a0milsdjup\u00a0skog\u00a0\u2013<br \/>ni\u00a0ha\u00a0sjungit\u00a0det\u00a0tyst\u00a0genom\u00a0m\u00e5nga\u00a0led<br \/>vid\u00a0yxans\u00a0klang,\u00a0bakom\u00a0fora\u00a0och\u00a0plog.<\/p>\t\t\t\t\t\t\t\t<\/div>\n\t\t\t\t<\/div>\n\t\t\t\t\t<\/div>\n\t\t<\/div>\n\t\t\t\t<div class=\"elementor-column elementor-col-33 elementor-inner-column elementor-element elementor-element-590f2d4\" data-id=\"590f2d4\" data-element_type=\"column\" data-e-type=\"column\">\n\t\t\t<div class=\"elementor-widget-wrap elementor-element-populated\">\n\t\t\t\t\t\t<div class=\"elementor-element elementor-element-a1c0ace elementor-widget elementor-widget-wp-widget-media_audio\" data-id=\"a1c0ace\" data-element_type=\"widget\" data-e-type=\"widget\" data-widget_type=\"wp-widget-media_audio.default\">\n\t\t\t\t<div class=\"elementor-widget-container\">\n\t\t\t\t\t<h5>Paulina Helgeson l\u00e4ser \u201dF\u00e4derna\u201d av Erik Axel Karlfeldt.<\/h5><audio class=\"wp-audio-shortcode\" id=\"audio-10516-1\" preload=\"none\" style=\"width: 100%;\" controls=\"controls\"><source type=\"audio\/mpeg\" src=\"https:\/\/litteraturbanken.se\/skolan\/wp-content\/uploads\/2019\/03\/karlfeldt_faderna_helgeson.mp3?_=1\" \/><source type=\"audio\/mpeg\" src=\"https:\/\/litteraturbanken.se\/skolan\/wp-content\/uploads\/2019\/03\/karlfeldt_faderna_helgeson.mp3?_=1\" \/><a href=\"https:\/\/litteraturbanken.se\/skolan\/wp-content\/uploads\/2019\/03\/karlfeldt_faderna_helgeson.mp3\">https:\/\/litteraturbanken.se\/skolan\/wp-content\/uploads\/2019\/03\/karlfeldt_faderna_helgeson.mp3<\/a><\/audio>\t\t\t\t<\/div>\n\t\t\t\t<\/div>\n\t\t\t\t<div class=\"elementor-element elementor-element-7fc99be elementor-icon-list--layout-traditional elementor-list-item-link-full_width elementor-widget elementor-widget-icon-list\" data-id=\"7fc99be\" data-element_type=\"widget\" data-e-type=\"widget\" data-widget_type=\"icon-list.default\">\n\t\t\t\t<div class=\"elementor-widget-container\">\n\t\t\t\t\t\t\t<ul class=\"elementor-icon-list-items\">\n\t\t\t\t\t\t\t<li class=\"elementor-icon-list-item\">\n\t\t\t\t\t\t\t\t\t\t\t<a href=\"https:\/\/litteraturbanken.se\/forfattare\/KarlfeldtEA\/titlar\/VildmarksOchKarleksvisor\/sida\/3\/etext\" target=\"_blank\">\n\n\t\t\t\t\t\t\t\t\t\t\t\t<span class=\"elementor-icon-list-icon\">\n\t\t\t\t\t\t\t\t\t\t\t\t\t\t\t\t<i class=\"fa fa-file-text-o\" aria-hidden=\"true\"><\/i>\n\t\t\t\t\t\t\t\t\t\t\t\t\t<\/span>\n\t\t\t\t\t\t\t\t\t\t<span class=\"elementor-icon-list-text\">L\u00e4s dikten p\u00e5 Litteraturbanken<\/span>\n\t\t\t\t\t\t\t\t\t\t\t<\/a>\n\t\t\t\t\t\t\t\t\t<\/li>\n\t\t\t\t\t\t\t\t<li class=\"elementor-icon-list-item\">\n\t\t\t\t\t\t\t\t\t\t\t<a href=\"https:\/\/litteraturbanken.se\/skolan\/?page_id=261\" target=\"_blank\">\n\n\t\t\t\t\t\t\t\t\t\t\t\t<span class=\"elementor-icon-list-icon\">\n\t\t\t\t\t\t\t\t\t\t\t\t\t\t\t\t<i class=\"fa fa-file-text-o\" aria-hidden=\"true\"><\/i>\n\t\t\t\t\t\t\t\t\t\t\t\t\t<\/span>\n\t\t\t\t\t\t\t\t\t\t<span class=\"elementor-icon-list-text\">Termer och begrepp<\/span>\n\t\t\t\t\t\t\t\t\t\t\t<\/a>\n\t\t\t\t\t\t\t\t\t<\/li>\n\t\t\t\t\t\t<\/ul>\n\t\t\t\t\t\t<\/div>\n\t\t\t\t<\/div>\n\t\t\t\t<div class=\"elementor-element elementor-element-214c3f1 elementor-align-center elementor-widget elementor-widget-button\" data-id=\"214c3f1\" data-element_type=\"widget\" data-e-type=\"widget\" data-widget_type=\"button.default\">\n\t\t\t\t<div class=\"elementor-widget-container\">\n\t\t\t\t\t\t\t\t\t<div class=\"elementor-button-wrapper\">\n\t\t\t\t\t<a class=\"elementor-button elementor-button-link elementor-size-md elementor-animation-grow\" href=\"#uppgiftF-3\">\n\t\t\t\t\t\t<span class=\"elementor-button-content-wrapper\">\n\t\t\t\t\t\t<span class=\"elementor-button-icon\">\n\t\t\t\t\t\t\t\t\t<i class=\"fa fa-pencil\" aria-hidden=\"true\"><\/i>\n\t\t\t\t\t\t\t<\/span>\n\t\t\t\t\t\t\t\t\t<span class=\"elementor-button-text\">Uppgift, Gymnasium<\/span>\n\t\t\t\t\t<\/span>\n\t\t\t\t\t<\/a>\n\t\t\t\t<\/div>\n\t\t\t\t\t\t\t\t<\/div>\n\t\t\t\t<\/div>\n\t\t\t\t<div class=\"elementor-element elementor-element-e87ada8 elementor-widget elementor-widget-image\" data-id=\"e87ada8\" data-element_type=\"widget\" data-e-type=\"widget\" data-widget_type=\"image.default\">\n\t\t\t\t<div class=\"elementor-widget-container\">\n\t\t\t\t\t\t\t\t\t\t\t\t\t\t\t<img fetchpriority=\"high\" decoding=\"async\" width=\"300\" height=\"300\" src=\"https:\/\/litteraturbanken.se\/skolan\/wp-content\/uploads\/2019\/03\/lb_skolan_2019_knapp_f\u00f6rfattarbild-karlfeldt_r\u00f6d-e1553013449132.jpg\" class=\"attachment-full size-full wp-image-13749\" alt=\"\" \/>\t\t\t\t\t\t\t\t\t\t\t\t\t\t\t<\/div>\n\t\t\t\t<\/div>\n\t\t\t\t\t<\/div>\n\t\t<\/div>\n\t\t\t\t\t<\/div>\n\t\t<\/section>\n\t\t\t\t<section class=\"elementor-section elementor-top-section elementor-element elementor-element-648c65a elementor-section-boxed elementor-section-height-default elementor-section-height-default\" data-id=\"648c65a\" data-element_type=\"section\" data-e-type=\"section\">\n\t\t\t\t\t\t<div class=\"elementor-container elementor-column-gap-default\">\n\t\t\t\t\t<div class=\"elementor-column elementor-col-100 elementor-top-column elementor-element elementor-element-4e25901\" data-id=\"4e25901\" data-element_type=\"column\" data-e-type=\"column\">\n\t\t\t<div class=\"elementor-widget-wrap elementor-element-populated\">\n\t\t\t\t\t\t<div class=\"elementor-element elementor-element-38f12c2 elementor-widget elementor-widget-spacer\" data-id=\"38f12c2\" data-element_type=\"widget\" data-e-type=\"widget\" data-widget_type=\"spacer.default\">\n\t\t\t\t<div class=\"elementor-widget-container\">\n\t\t\t\t\t\t\t<div class=\"elementor-spacer\">\n\t\t\t<div class=\"elementor-spacer-inner\"><\/div>\n\t\t<\/div>\n\t\t\t\t\t\t<\/div>\n\t\t\t\t<\/div>\n\t\t\t\t\t<\/div>\n\t\t<\/div>\n\t\t\t\t\t<\/div>\n\t\t<\/section>\n\t\t\t\t<section class=\"elementor-section elementor-top-section elementor-element elementor-element-d46f89a elementor-section-boxed elementor-section-height-default elementor-section-height-default\" data-id=\"d46f89a\" data-element_type=\"section\" data-e-type=\"section\">\n\t\t\t\t\t\t<div class=\"elementor-container elementor-column-gap-default\">\n\t\t\t\t\t<div class=\"elementor-column elementor-col-100 elementor-top-column elementor-element elementor-element-fdda7c2\" data-id=\"fdda7c2\" data-element_type=\"column\" data-e-type=\"column\" data-settings=\"{&quot;background_background&quot;:&quot;classic&quot;}\">\n\t\t\t<div class=\"elementor-widget-wrap elementor-element-populated\">\n\t\t\t\t\t\t<section class=\"elementor-section elementor-inner-section elementor-element elementor-element-9f44136 elementor-section-boxed elementor-section-height-default elementor-section-height-default\" data-id=\"9f44136\" data-element_type=\"section\" data-e-type=\"section\">\n\t\t\t\t\t\t<div class=\"elementor-container elementor-column-gap-default\">\n\t\t\t\t\t<div class=\"elementor-column elementor-col-100 elementor-inner-column elementor-element elementor-element-2898129\" data-id=\"2898129\" data-element_type=\"column\" data-e-type=\"column\">\n\t\t\t<div class=\"elementor-widget-wrap elementor-element-populated\">\n\t\t\t\t\t\t<div class=\"elementor-element elementor-element-7433218 elementor-widget elementor-widget-menu-anchor\" data-id=\"7433218\" data-element_type=\"widget\" data-e-type=\"widget\" data-widget_type=\"menu-anchor.default\">\n\t\t\t\t<div class=\"elementor-widget-container\">\n\t\t\t\t\t\t\t<div class=\"elementor-menu-anchor\" id=\"uppgiftF-3\"><\/div>\n\t\t\t\t\t\t<\/div>\n\t\t\t\t<\/div>\n\t\t\t\t<div class=\"elementor-element elementor-element-17a8589 elementor-view-framed elementor-shape-circle elementor-widget elementor-widget-icon\" data-id=\"17a8589\" data-element_type=\"widget\" data-e-type=\"widget\" data-widget_type=\"icon.default\">\n\t\t\t\t<div class=\"elementor-widget-container\">\n\t\t\t\t\t\t\t<div class=\"elementor-icon-wrapper\">\n\t\t\t<div class=\"elementor-icon\">\n\t\t\t\t\t\t\t<i class=\"fa fa-pencil\" aria-hidden=\"true\"><\/i>\n\t\t\t\t\t\t<\/div>\n\t\t<\/div>\n\t\t\t\t\t\t<\/div>\n\t\t\t\t<\/div>\n\t\t\t\t<div class=\"elementor-element elementor-element-9f46cbf elementor-widget elementor-widget-toggle\" data-id=\"9f46cbf\" data-element_type=\"widget\" data-e-type=\"widget\" data-widget_type=\"toggle.default\">\n\t\t\t\t<div class=\"elementor-widget-container\">\n\t\t\t\t\t\t\t<div class=\"elementor-toggle\">\n\t\t\t\t\t\t\t<div class=\"elementor-toggle-item\">\n\t\t\t\t\t<div id=\"elementor-tab-title-1671\" class=\"elementor-tab-title\" data-tab=\"1\" role=\"button\" aria-controls=\"elementor-tab-content-1671\" aria-expanded=\"false\">\n\t\t\t\t\t\t\t\t\t\t\t\t<span class=\"elementor-toggle-icon elementor-toggle-icon-left\" aria-hidden=\"true\">\n\t\t\t\t\t\t\t\t\t\t\t\t\t\t\t<i class=\"elementor-toggle-icon-closed fa fa-chevron-right\"><\/i>\n\t\t\t\t\t\t\t\t<i class=\"elementor-toggle-icon-opened fa fa-chevron-down\"><\/i>\n\t\t\t\t\t\t\t\t\t\t\t\t\t<\/span>\n\t\t\t\t\t\t\t\t\t\t\t\t<a class=\"elementor-toggle-title\" tabindex=\"0\">Gymnasium<\/a>\n\t\t\t\t\t<\/div>\n\n\t\t\t\t\t<div id=\"elementor-tab-content-1671\" class=\"elementor-tab-content elementor-clearfix\" data-tab=\"1\" role=\"region\" aria-labelledby=\"elementor-tab-title-1671\"><h3>Samtala om dikten<\/h3><p>1 Diktens jag t\u00e4nker p\u00e5 sina f\u00f6rf\u00e4der. Vad har de arbetat med och med vad arbetar diktens jag?<\/p><p>2 Vad har han f\u00f6r tankar om dem?<\/p><p>3 Vad tror ni att han menar med raderna \u201dJag \u00e4r ryckt som en \u00f6rt ur sin groningsgrund,\/halvt n\u00f6dd, halvt villig er sak jag svek\u201d?<\/p><\/div>\n\t\t\t\t<\/div>\n\t\t\t\t\t\t\t\t<\/div>\n\t\t\t\t\t\t<\/div>\n\t\t\t\t<\/div>\n\t\t\t\t\t<\/div>\n\t\t<\/div>\n\t\t\t\t\t<\/div>\n\t\t<\/section>\n\t\t\t\t\t<\/div>\n\t\t<\/div>\n\t\t\t\t\t<\/div>\n\t\t<\/section>\n\t\t\t\t<section class=\"elementor-section elementor-top-section elementor-element elementor-element-96e37e6 elementor-section-boxed elementor-section-height-default elementor-section-height-default\" data-id=\"96e37e6\" data-element_type=\"section\" data-e-type=\"section\">\n\t\t\t\t\t\t<div class=\"elementor-container elementor-column-gap-default\">\n\t\t\t\t\t<div class=\"elementor-column elementor-col-100 elementor-top-column elementor-element elementor-element-3ebf476\" data-id=\"3ebf476\" data-element_type=\"column\" data-e-type=\"column\">\n\t\t\t<div class=\"elementor-widget-wrap elementor-element-populated\">\n\t\t\t\t\t\t<div class=\"elementor-element elementor-element-c4d0f2d elementor-widget elementor-widget-spacer\" data-id=\"c4d0f2d\" data-element_type=\"widget\" data-e-type=\"widget\" data-widget_type=\"spacer.default\">\n\t\t\t\t<div class=\"elementor-widget-container\">\n\t\t\t\t\t\t\t<div class=\"elementor-spacer\">\n\t\t\t<div class=\"elementor-spacer-inner\"><\/div>\n\t\t<\/div>\n\t\t\t\t\t\t<\/div>\n\t\t\t\t<\/div>\n\t\t\t\t\t<\/div>\n\t\t<\/div>\n\t\t\t\t\t<\/div>\n\t\t<\/section>\n\t\t\t\t<\/div>\n\t\t","protected":false},"excerpt":{"rendered":"<p>F\u00e4derna Av\u00a0Erik Axel Karlfeldt Ur:\u00a0Vildmarks- och k\u00e4rleksvisor\u00a0(1895)\u00a0 \u00a0\u00c5rskurs: Gymnasium\u00a0\u00a0Tema: R\u00f6tter och historia Ej\u00a0finns\u00a0deras\u00a0namn\u00a0p\u00e5\u00a0h\u00e4vdens\u00a0blad\u2013\u00a0de\u00a0levde\u00a0i\u00a0ringhet\u00a0och\u00a0frid\u00a0\u2013men\u00a0jag\u00a0sk\u00f6njer\u00a0\u00e4nd\u00e5\u00a0deras\u00a0l\u00e5nga\u00a0radallt\u00a0upp\u00a0i\u00a0den\u00a0urgr\u00e5\u00a0tid.Ja,\u00a0h\u00e4r\u00a0i\u00a0det\u00a0gamla\u00a0J\u00e4rnb\u00e4ralandde\u00a0br\u00f6to\u00a0\u00e5ker\u00a0p\u00e5\u00a0\u00e4lvens\u00a0strandoch\u00a0malm\u00a0ur\u00a0gruvan\u00a0bredvid.De\u00a0k\u00e4nde\u00a0ej\u00a0tr\u00e4ltj\u00e4nst,\u00a0f\u00f6rstodo\u00a0ej\u00a0krus,de\u00a0sutto\u00a0som\u00a0drottar\u00a0i\u00a0eget\u00a0husoch\u00a0togo\u00a0sitt\u00a0h\u00f6gtidsrus.De\u00a0kysste\u00a0flickor\u00a0i\u00a0livets\u00a0v\u00e5r,en\u00a0vart\u00a0deras\u00a0trofasta\u00a0brud.De\u00a0\u00e4rade\u00a0kungen,\u00a0de\u00a0fruktade\u00a0Gudoch\u00a0dogo\u00a0i\u00a0stillhet,\u00a0m\u00e4tta\u00a0av\u00a0\u00e5r. Mina\u00a0f\u00e4der!\u00a0I\u00a0sm\u00e4rtans\u00a0och\u00a0frestelsens\u00a0stundfick\u00a0jag\u00a0styrka\u00a0vid\u00a0tanken\u00a0p\u00e5\u00a0er.Som\u00a0ni\u00a0v\u00e5rdat\u00a0och\u00a0\u00e4lskat\u00a0ert\u00a0\u00e4rvda\u00a0pund,vill\u00a0jag\u00a0sm\u00e5le\u00a0n\u00f6jd\u00a0\u00e5t\u00a0vad\u00a0\u00f6det\u00a0ger.Vid\u00a0njutningens\u00a0vinkande\u00a0\u00f6verfl\u00f6dhar\u00a0jag\u00a0t\u00e4nkt\u00a0p\u00e5\u00a0er\u00a0kamp,\u00a0p\u00e5\u00a0ert\u00a0torftiga\u00a0br\u00f6d:har\u00a0jag\u00a0r\u00e4tt\u00a0att\u00a0beg\u00e4ra\u00a0mer?Det\u00a0har\u00a0svalkat\u00a0som\u00a0bad\u00a0i\u00a0den\u00a0str\u00f6mmande\u00a0\u00e4lv,n\u00e4r\u00a0mot\u00a0lustan\u00a0jag\u00a0k\u00e4mpat\u00a0mig\u00a0tr\u00f6tt,det\u00a0har\u00a0l\u00e4rt\u00a0mig\u00a0att\u00a0r\u00e4das\u00a0mitt\u00a0eget\u00a0k\u00f6ttmer\u00a0\u00e4n\u00a0v\u00e4rldens\u00a0ondska\u00a0och\u00a0satan\u00a0sj\u00e4lv. Mina\u00a0f\u00e4der,\u00a0jag\u00a0ser\u00a0er\u00a0i\u00a0dr\u00f6mmarnas\u00a0stundoch\u00a0min\u00a0sj\u00e4l\u00a0blir\u00a0bekl\u00e4md\u00a0och\u00a0vek.Jag\u00a0\u00e4r\u00a0ryckt\u00a0som\u00a0en\u00a0\u00f6rt\u00a0ur\u00a0sin\u00a0groningsgrund,halvt\u00a0n\u00f6dd,\u00a0halvt\u00a0villig\u00a0er\u00a0sak\u00a0jag\u00a0svek.Nu\u00a0f\u00e5ngar\u00a0jag\u00a0toner\u00a0ur\u00a0sommar\u00a0och\u00a0h\u00f6stoch\u00a0ger\u00a0dem\u00a0visans\u00a0lekande\u00a0r\u00f6st;l\u00e5t\u00a0g\u00e5,\u00a0det\u00a0\u00e4r\u00a0ocks\u00e5\u00a0ett\u00a0v\u00e4rv.Men\u00a0klingar\u00a0det\u00a0fram\u00a0ur\u00a0min\u00a0dikt\u00a0n\u00e5gon\u00a0g\u00e5ngen\u00a0l\u00e5t\u00a0av\u00a0stormsus\u00a0och\u00a0vattuspr\u00e5ng,en\u00a0tanke\u00a0manlig\u00a0och\u00a0dj\u00e4rv,finns\u00a0d\u00e4r\u00a0l\u00e4rkspel\u00a0och\u00a0v\u00e5rljus\u00a0fr\u00e5n\u00a0fattig\u00a0hedoch\u00a0suckar\u00a0ur\u00a0milsdjup\u00a0skog\u00a0\u2013ni\u00a0ha\u00a0sjungit\u00a0det\u00a0tyst\u00a0genom\u00a0m\u00e5nga\u00a0ledvid\u00a0yxans\u00a0klang,\u00a0bakom\u00a0fora\u00a0och\u00a0plog. L\u00e4s dikten p\u00e5 Litteraturbanken Termer och begrepp Uppgift, Gymnasium Gymnasium Samtala om dikten 1 Diktens jag t\u00e4nker p\u00e5 sina f\u00f6rf\u00e4der. Vad har de arbetat med och med vad arbetar diktens jag? 2 Vad har han f\u00f6r tankar om dem? 3 [&hellip;]<\/p>\n","protected":false},"author":5,"featured_media":0,"parent":0,"menu_order":0,"comment_status":"closed","ping_status":"closed","template":"","meta":{"ocean_post_layout":"full-screen","ocean_both_sidebars_style":"","ocean_both_sidebars_content_width":0,"ocean_both_sidebars_sidebars_width":0,"ocean_sidebar":"0","ocean_second_sidebar":"0","ocean_disable_margins":"enable","ocean_add_body_class":"","ocean_shortcode_before_top_bar":"","ocean_shortcode_after_top_bar":"","ocean_shortcode_before_header":"","ocean_shortcode_after_header":"","ocean_has_shortcode":"","ocean_shortcode_after_title":"","ocean_shortcode_before_footer_widgets":"","ocean_shortcode_after_footer_widgets":"","ocean_shortcode_before_footer_bottom":"","ocean_shortcode_after_footer_bottom":"","ocean_display_top_bar":"default","ocean_display_header":"default","ocean_header_style":"","ocean_center_header_left_menu":"0","ocean_custom_header_template":"0","ocean_custom_logo":0,"ocean_custom_retina_logo":0,"ocean_custom_logo_max_width":0,"ocean_custom_logo_tablet_max_width":0,"ocean_custom_logo_mobile_max_width":0,"ocean_custom_logo_max_height":0,"ocean_custom_logo_tablet_max_height":0,"ocean_custom_logo_mobile_max_height":0,"ocean_header_custom_menu":"0","ocean_menu_typo_font_family":"0","ocean_menu_typo_font_subset":"","ocean_menu_typo_font_size":0,"ocean_menu_typo_font_size_tablet":0,"ocean_menu_typo_font_size_mobile":0,"ocean_menu_typo_font_size_unit":"px","ocean_menu_typo_font_weight":"","ocean_menu_typo_font_weight_tablet":"","ocean_menu_typo_font_weight_mobile":"","ocean_menu_typo_transform":"","ocean_menu_typo_transform_tablet":"","ocean_menu_typo_transform_mobile":"","ocean_menu_typo_line_height":0,"ocean_menu_typo_line_height_tablet":0,"ocean_menu_typo_line_height_mobile":0,"ocean_menu_typo_line_height_unit":"","ocean_menu_typo_spacing":0,"ocean_menu_typo_spacing_tablet":0,"ocean_menu_typo_spacing_mobile":0,"ocean_menu_typo_spacing_unit":"","ocean_menu_link_color":"","ocean_menu_link_color_hover":"","ocean_menu_link_color_active":"","ocean_menu_link_background":"","ocean_menu_link_hover_background":"","ocean_menu_link_active_background":"","ocean_menu_social_links_bg":"","ocean_menu_social_hover_links_bg":"","ocean_menu_social_links_color":"","ocean_menu_social_hover_links_color":"","ocean_disable_title":"on","ocean_disable_heading":"default","ocean_post_title":"","ocean_post_subheading":"","ocean_post_title_style":"","ocean_post_title_background_color":"","ocean_post_title_background":0,"ocean_post_title_bg_image_position":"","ocean_post_title_bg_image_attachment":"","ocean_post_title_bg_image_repeat":"","ocean_post_title_bg_image_size":"","ocean_post_title_height":0,"ocean_post_title_bg_overlay":0.5,"ocean_post_title_bg_overlay_color":"","ocean_disable_breadcrumbs":"default","ocean_breadcrumbs_color":"","ocean_breadcrumbs_separator_color":"","ocean_breadcrumbs_links_color":"","ocean_breadcrumbs_links_hover_color":"","ocean_display_footer_widgets":"default","ocean_display_footer_bottom":"default","ocean_custom_footer_template":"0","footnotes":""},"class_list":["post-10516","page","type-page","status-publish","hentry","entry"],"_links":{"self":[{"href":"https:\/\/litteraturbanken.se\/skolan\/wp-json\/wp\/v2\/pages\/10516","targetHints":{"allow":["GET"]}}],"collection":[{"href":"https:\/\/litteraturbanken.se\/skolan\/wp-json\/wp\/v2\/pages"}],"about":[{"href":"https:\/\/litteraturbanken.se\/skolan\/wp-json\/wp\/v2\/types\/page"}],"author":[{"embeddable":true,"href":"https:\/\/litteraturbanken.se\/skolan\/wp-json\/wp\/v2\/users\/5"}],"replies":[{"embeddable":true,"href":"https:\/\/litteraturbanken.se\/skolan\/wp-json\/wp\/v2\/comments?post=10516"}],"version-history":[{"count":14,"href":"https:\/\/litteraturbanken.se\/skolan\/wp-json\/wp\/v2\/pages\/10516\/revisions"}],"predecessor-version":[{"id":19957,"href":"https:\/\/litteraturbanken.se\/skolan\/wp-json\/wp\/v2\/pages\/10516\/revisions\/19957"}],"wp:attachment":[{"href":"https:\/\/litteraturbanken.se\/skolan\/wp-json\/wp\/v2\/media?parent=10516"}],"curies":[{"name":"wp","href":"https:\/\/api.w.org\/{rel}","templated":true}]}}