{"id":10587,"date":"2018-12-26T21:43:03","date_gmt":"2018-12-26T20:43:03","guid":{"rendered":"https:\/\/litteraturbanken.se\/skoladev\/?page_id=10587"},"modified":"2020-03-02T13:37:41","modified_gmt":"2020-03-02T12:37:41","slug":"poesi-forfattare-frans-michael-franzen-om","status":"publish","type":"page","link":"https:\/\/litteraturbanken.se\/skolan\/poesi-forfattare-frans-michael-franzen-om\/","title":{"rendered":"Poesi\/F\u00f6rfattare\/Frans Michael Franz\u00e9n\/Mer om"},"content":{"rendered":"\t\t<div data-elementor-type=\"wp-post\" data-elementor-id=\"10587\" class=\"elementor elementor-10587\">\n\t\t\t\t\t\t<section class=\"elementor-section elementor-top-section elementor-element elementor-element-a60311e elementor-section-full_width elementor-section-height-default elementor-section-height-default\" data-id=\"a60311e\" data-element_type=\"section\" data-e-type=\"section\" data-settings=\"{&quot;background_background&quot;:&quot;classic&quot;}\">\n\t\t\t\t\t\t<div class=\"elementor-container elementor-column-gap-default\">\n\t\t\t\t\t<div class=\"elementor-column elementor-col-25 elementor-top-column elementor-element elementor-element-3dcab7a\" data-id=\"3dcab7a\" data-element_type=\"column\" data-e-type=\"column\">\n\t\t\t<div class=\"elementor-widget-wrap\">\n\t\t\t\t\t\t\t<\/div>\n\t\t<\/div>\n\t\t\t\t<div class=\"elementor-column elementor-col-25 elementor-top-column elementor-element elementor-element-86962c3\" data-id=\"86962c3\" data-element_type=\"column\" data-e-type=\"column\" data-settings=\"{&quot;background_background&quot;:&quot;classic&quot;}\">\n\t\t\t<div class=\"elementor-widget-wrap elementor-element-populated\">\n\t\t\t\t\t\t<div class=\"elementor-element elementor-element-2e41472 elementor-widget elementor-widget-spacer\" data-id=\"2e41472\" data-element_type=\"widget\" data-e-type=\"widget\" data-widget_type=\"spacer.default\">\n\t\t\t\t<div class=\"elementor-widget-container\">\n\t\t\t\t\t\t\t<div class=\"elementor-spacer\">\n\t\t\t<div class=\"elementor-spacer-inner\"><\/div>\n\t\t<\/div>\n\t\t\t\t\t\t<\/div>\n\t\t\t\t<\/div>\n\t\t\t\t<div class=\"elementor-element elementor-element-25d54d1 elementor-widget elementor-widget-text-editor\" data-id=\"25d54d1\" data-element_type=\"widget\" data-e-type=\"widget\" data-widget_type=\"text-editor.default\">\n\t\t\t\t<div class=\"elementor-widget-container\">\n\t\t\t\t\t\t\t\t\t<h1 class=\"elementor-heading-title elementor-size-default\">Frans Michael Franz\u00e9n<\/h1>\t\t\t\t\t\t\t\t<\/div>\n\t\t\t\t<\/div>\n\t\t\t\t<div class=\"elementor-element elementor-element-e3da69d elementor-widget elementor-widget-text-editor\" data-id=\"e3da69d\" data-element_type=\"widget\" data-e-type=\"widget\" data-widget_type=\"text-editor.default\">\n\t\t\t\t<div class=\"elementor-widget-container\">\n\t\t\t\t\t\t\t\t\t<div class=\"ng-binding\"><div class=\"ng-binding\"><div class=\"ng-binding\"><div class=\"ng-binding\"><p><em>FRANS MICHAEL FRANZ\u00c9N (1772\u20131847) f\u00f6ddes i Ule\u00e5borg och fick sin f\u00f6rsta utbildning vid akademin i \u00c5bo. <\/em><\/p><p><em>Vid Uppsala universitet kom han i kontakt med kantiansk filosofi, och\u00a0Benjamin H\u00f6ijer\u00a0(som ingick i Franz\u00e9ns matlag vid universitetet) blev viktig f\u00f6r Franz\u00e9ns utveckling. Ett genombrott som poet fick Franz\u00e9n genom dikter i Stockholms-Posten 1793\u201394, och efter en l\u00e4ngre resa genom ett av den franska revolutionen pr\u00e4glat Europa \u2013 som f\u00f6r alltid botade Franz\u00e9n fr\u00e5n en ungdomlig revolutionsromantik \u2013 \u00e5terv\u00e4nde han till sin poetiska verksamhet. <\/em><\/p><p>Framg\u00e5ngarna kom nu i t\u00e4t f\u00f6ljd. \u201dS\u00e5ng \u00f6fver grefve Gustaf Philip Creutz\u201d (1797) gav honom\u00a0Svenska Akademiens\u00a0stora pris i skaldekonsten och utgjorde n\u00e5got av en milstope f\u00f6r den samtida litteraturen. Diktens g\u00f6tiska inslag pekade fram\u00e5t, mot g\u00f6ticismen. Men Franz\u00e9n var en anpasslig diktare. En mer vildsint poetisk \u00e5dra, f\u00e4rgad av ett f\u00f6rromantiskt bildspr\u00e5k, l\u00e4t sig villigt tuktas av kraven p\u00e5 ett akademiskt pr\u00e4glat framst\u00e4llningss\u00e4tt.\u00a0<\/p><p>Svenska Akademien\u00a0f\u00f6rblev, p\u00e5 m\u00e5nga s\u00e4tt, Franz\u00e9ns viktigaste l\u00e4sekrets, och han valdes f\u00f6ljdriktigt ocks\u00e5 in som ledamot 1808. Det tidiga 1800-talet var en intensiv period f\u00f6r Franz\u00e9n. Invalet i Akademien f\u00f6regicks av hans pr\u00e4stvigning 1803, och 1811 flyttade han slutligen till Sverige \u2013 ett logiskt steg f\u00f6r en intellektuell vars huvudsakliga uppgifter \u00e4nd\u00e5 utf\u00f6rdes p\u00e5 svensk mark. V\u00e4l i Sverige var det som medlem av psalmbokskommitt\u00e9n (1811\u20131819) och som psalmdiktare Franz\u00e9n gjorde sitt st\u00f6rsta avtryck. J\u00e4msides\u00a0Johan Olof Wallin\u00a0diktade Franz\u00e9n flest nya psalmer till den nya psalmboken; bland andra \u201dBereden v\u00e4g f\u00f6r Herran\u201d. Franz\u00e9n tj\u00e4nade ocks\u00e5 som st\u00e4ndig sekreterare i Svenska Akademien 1824\u20131834, och kr\u00f6nte sin pr\u00e4sterliga bana med att utses till biskop i H\u00e4rn\u00f6sand 1834.<\/p><\/div><div class=\"introauthor\"><em class=\"ng-binding\">Dick Cla\u00e9sson<\/em><\/div><div class=\"source ng-scope\"><p><span class=\"source_header sc ng-scope\">k\u00e4lla<\/span><\/p><ul><li class=\"ng-scope\"><div class=\"source_content ng-binding\"><i>Svenskt biografiskt lexikon<\/i>.<\/div><\/li><\/ul><\/div><\/div><\/div><\/div>\t\t\t\t\t\t\t\t<\/div>\n\t\t\t\t<\/div>\n\t\t\t\t\t<\/div>\n\t\t<\/div>\n\t\t\t\t<div class=\"elementor-column elementor-col-25 elementor-top-column elementor-element elementor-element-3ce623f\" data-id=\"3ce623f\" data-element_type=\"column\" data-e-type=\"column\">\n\t\t\t<div class=\"elementor-widget-wrap elementor-element-populated\">\n\t\t\t\t\t\t<div class=\"elementor-element elementor-element-a71e4ef elementor-widget elementor-widget-spacer\" data-id=\"a71e4ef\" data-element_type=\"widget\" data-e-type=\"widget\" data-widget_type=\"spacer.default\">\n\t\t\t\t<div class=\"elementor-widget-container\">\n\t\t\t\t\t\t\t<div class=\"elementor-spacer\">\n\t\t\t<div class=\"elementor-spacer-inner\"><\/div>\n\t\t<\/div>\n\t\t\t\t\t\t<\/div>\n\t\t\t\t<\/div>\n\t\t\t\t<div class=\"elementor-element elementor-element-b6ff125 elementor-widget elementor-widget-image\" data-id=\"b6ff125\" data-element_type=\"widget\" data-e-type=\"widget\" data-widget_type=\"image.default\">\n\t\t\t\t<div class=\"elementor-widget-container\">\n\t\t\t\t\t\t\t\t\t\t\t\t\t\t\t<img fetchpriority=\"high\" decoding=\"async\" width=\"300\" height=\"300\" src=\"https:\/\/litteraturbanken.se\/skolan\/wp-content\/uploads\/2019\/03\/lb_skolan_2019_knapp_f\u00f6rfattarbild_franzen_gul-e1553013718611.jpg\" class=\"attachment-full size-full wp-image-13721\" alt=\"\" \/>\t\t\t\t\t\t\t\t\t\t\t\t\t\t\t<\/div>\n\t\t\t\t<\/div>\n\t\t\t\t<div class=\"elementor-element elementor-element-0330b22 elementor-widget elementor-widget-spacer\" data-id=\"0330b22\" data-element_type=\"widget\" data-e-type=\"widget\" data-widget_type=\"spacer.default\">\n\t\t\t\t<div class=\"elementor-widget-container\">\n\t\t\t\t\t\t\t<div class=\"elementor-spacer\">\n\t\t\t<div class=\"elementor-spacer-inner\"><\/div>\n\t\t<\/div>\n\t\t\t\t\t\t<\/div>\n\t\t\t\t<\/div>\n\t\t\t\t\t<\/div>\n\t\t<\/div>\n\t\t\t\t<div class=\"elementor-column elementor-col-25 elementor-top-column elementor-element elementor-element-a41b1e2\" data-id=\"a41b1e2\" data-element_type=\"column\" data-e-type=\"column\">\n\t\t\t<div class=\"elementor-widget-wrap elementor-element-populated\">\n\t\t\t\t\t\t<div class=\"elementor-element elementor-element-b2eff02 elementor-widget elementor-widget-spacer\" data-id=\"b2eff02\" data-element_type=\"widget\" data-e-type=\"widget\" data-widget_type=\"spacer.default\">\n\t\t\t\t<div class=\"elementor-widget-container\">\n\t\t\t\t\t\t\t<div class=\"elementor-spacer\">\n\t\t\t<div class=\"elementor-spacer-inner\"><\/div>\n\t\t<\/div>\n\t\t\t\t\t\t<\/div>\n\t\t\t\t<\/div>\n\t\t\t\t<div class=\"elementor-element elementor-element-f30fa7c elementor-widget elementor-widget-spacer\" data-id=\"f30fa7c\" data-element_type=\"widget\" data-e-type=\"widget\" data-widget_type=\"spacer.default\">\n\t\t\t\t<div class=\"elementor-widget-container\">\n\t\t\t\t\t\t\t<div class=\"elementor-spacer\">\n\t\t\t<div class=\"elementor-spacer-inner\"><\/div>\n\t\t<\/div>\n\t\t\t\t\t\t<\/div>\n\t\t\t\t<\/div>\n\t\t\t\t\t<\/div>\n\t\t<\/div>\n\t\t\t\t\t<\/div>\n\t\t<\/section>\n\t\t\t\t<\/div>\n\t\t","protected":false},"excerpt":{"rendered":"<p>Frans Michael Franz\u00e9n FRANS MICHAEL FRANZ\u00c9N (1772\u20131847) f\u00f6ddes i Ule\u00e5borg och fick sin f\u00f6rsta utbildning vid akademin i \u00c5bo. Vid Uppsala universitet kom han i kontakt med kantiansk filosofi, och\u00a0Benjamin H\u00f6ijer\u00a0(som ingick i Franz\u00e9ns matlag vid universitetet) blev viktig f\u00f6r Franz\u00e9ns utveckling. Ett genombrott som poet fick Franz\u00e9n genom dikter i Stockholms-Posten 1793\u201394, och efter [&hellip;]<\/p>\n","protected":false},"author":5,"featured_media":0,"parent":0,"menu_order":0,"comment_status":"closed","ping_status":"closed","template":"","meta":{"ocean_post_layout":"full-screen","ocean_both_sidebars_style":"","ocean_both_sidebars_content_width":0,"ocean_both_sidebars_sidebars_width":0,"ocean_sidebar":"0","ocean_second_sidebar":"0","ocean_disable_margins":"enable","ocean_add_body_class":"","ocean_shortcode_before_top_bar":"","ocean_shortcode_after_top_bar":"","ocean_shortcode_before_header":"","ocean_shortcode_after_header":"","ocean_has_shortcode":"","ocean_shortcode_after_title":"","ocean_shortcode_before_footer_widgets":"","ocean_shortcode_after_footer_widgets":"","ocean_shortcode_before_footer_bottom":"","ocean_shortcode_after_footer_bottom":"","ocean_display_top_bar":"default","ocean_display_header":"default","ocean_header_style":"","ocean_center_header_left_menu":"0","ocean_custom_header_template":"0","ocean_custom_logo":0,"ocean_custom_retina_logo":0,"ocean_custom_logo_max_width":0,"ocean_custom_logo_tablet_max_width":0,"ocean_custom_logo_mobile_max_width":0,"ocean_custom_logo_max_height":0,"ocean_custom_logo_tablet_max_height":0,"ocean_custom_logo_mobile_max_height":0,"ocean_header_custom_menu":"0","ocean_menu_typo_font_family":"0","ocean_menu_typo_font_subset":"","ocean_menu_typo_font_size":0,"ocean_menu_typo_font_size_tablet":0,"ocean_menu_typo_font_size_mobile":0,"ocean_menu_typo_font_size_unit":"px","ocean_menu_typo_font_weight":"","ocean_menu_typo_font_weight_tablet":"","ocean_menu_typo_font_weight_mobile":"","ocean_menu_typo_transform":"","ocean_menu_typo_transform_tablet":"","ocean_menu_typo_transform_mobile":"","ocean_menu_typo_line_height":0,"ocean_menu_typo_line_height_tablet":0,"ocean_menu_typo_line_height_mobile":0,"ocean_menu_typo_line_height_unit":"","ocean_menu_typo_spacing":0,"ocean_menu_typo_spacing_tablet":0,"ocean_menu_typo_spacing_mobile":0,"ocean_menu_typo_spacing_unit":"","ocean_menu_link_color":"","ocean_menu_link_color_hover":"","ocean_menu_link_color_active":"","ocean_menu_link_background":"","ocean_menu_link_hover_background":"","ocean_menu_link_active_background":"","ocean_menu_social_links_bg":"","ocean_menu_social_hover_links_bg":"","ocean_menu_social_links_color":"","ocean_menu_social_hover_links_color":"","ocean_disable_title":"on","ocean_disable_heading":"default","ocean_post_title":"","ocean_post_subheading":"","ocean_post_title_style":"","ocean_post_title_background_color":"","ocean_post_title_background":0,"ocean_post_title_bg_image_position":"","ocean_post_title_bg_image_attachment":"","ocean_post_title_bg_image_repeat":"","ocean_post_title_bg_image_size":"","ocean_post_title_height":0,"ocean_post_title_bg_overlay":0.5,"ocean_post_title_bg_overlay_color":"","ocean_disable_breadcrumbs":"default","ocean_breadcrumbs_color":"","ocean_breadcrumbs_separator_color":"","ocean_breadcrumbs_links_color":"","ocean_breadcrumbs_links_hover_color":"","ocean_display_footer_widgets":"default","ocean_display_footer_bottom":"default","ocean_custom_footer_template":"0","footnotes":""},"class_list":["post-10587","page","type-page","status-publish","hentry","entry"],"_links":{"self":[{"href":"https:\/\/litteraturbanken.se\/skolan\/wp-json\/wp\/v2\/pages\/10587","targetHints":{"allow":["GET"]}}],"collection":[{"href":"https:\/\/litteraturbanken.se\/skolan\/wp-json\/wp\/v2\/pages"}],"about":[{"href":"https:\/\/litteraturbanken.se\/skolan\/wp-json\/wp\/v2\/types\/page"}],"author":[{"embeddable":true,"href":"https:\/\/litteraturbanken.se\/skolan\/wp-json\/wp\/v2\/users\/5"}],"replies":[{"embeddable":true,"href":"https:\/\/litteraturbanken.se\/skolan\/wp-json\/wp\/v2\/comments?post=10587"}],"version-history":[{"count":5,"href":"https:\/\/litteraturbanken.se\/skolan\/wp-json\/wp\/v2\/pages\/10587\/revisions"}],"predecessor-version":[{"id":20383,"href":"https:\/\/litteraturbanken.se\/skolan\/wp-json\/wp\/v2\/pages\/10587\/revisions\/20383"}],"wp:attachment":[{"href":"https:\/\/litteraturbanken.se\/skolan\/wp-json\/wp\/v2\/media?parent=10587"}],"curies":[{"name":"wp","href":"https:\/\/api.w.org\/{rel}","templated":true}]}}