{"id":10593,"date":"2018-12-26T21:48:57","date_gmt":"2018-12-26T20:48:57","guid":{"rendered":"https:\/\/litteraturbanken.se\/skoladev\/?page_id=10593"},"modified":"2020-02-24T14:30:39","modified_gmt":"2020-02-24T13:30:39","slug":"poesi-forfattare-erik-johan-stagnelius-vad-suckar-hacken","status":"publish","type":"page","link":"https:\/\/litteraturbanken.se\/skolan\/poesi-forfattare-erik-johan-stagnelius-vad-suckar-hacken\/","title":{"rendered":"Poesi\/F\u00f6rfattare\/Erik Johan Stagnelius\/Vad suckar h\u00e4cken"},"content":{"rendered":"\t\t<div data-elementor-type=\"wp-post\" data-elementor-id=\"10593\" class=\"elementor elementor-10593\">\n\t\t\t\t\t\t<section class=\"elementor-section elementor-top-section elementor-element elementor-element-04f2616 elementor-section-boxed elementor-section-height-default elementor-section-height-default\" data-id=\"04f2616\" data-element_type=\"section\" data-e-type=\"section\">\n\t\t\t\t\t\t<div class=\"elementor-container elementor-column-gap-default\">\n\t\t\t\t\t<div class=\"elementor-column elementor-col-100 elementor-top-column elementor-element elementor-element-bc172da\" data-id=\"bc172da\" data-element_type=\"column\" data-e-type=\"column\">\n\t\t\t<div class=\"elementor-widget-wrap elementor-element-populated\">\n\t\t\t\t\t\t<div class=\"elementor-element elementor-element-ffabb88 elementor-widget elementor-widget-spacer\" data-id=\"ffabb88\" data-element_type=\"widget\" data-e-type=\"widget\" data-widget_type=\"spacer.default\">\n\t\t\t\t<div class=\"elementor-widget-container\">\n\t\t\t\t\t\t\t<div class=\"elementor-spacer\">\n\t\t\t<div class=\"elementor-spacer-inner\"><\/div>\n\t\t<\/div>\n\t\t\t\t\t\t<\/div>\n\t\t\t\t<\/div>\n\t\t\t\t\t<\/div>\n\t\t<\/div>\n\t\t\t\t\t<\/div>\n\t\t<\/section>\n\t\t\t\t<section class=\"elementor-section elementor-inner-section elementor-element elementor-element-ab860b1 elementor-section-boxed elementor-section-height-default elementor-section-height-default\" data-id=\"ab860b1\" data-element_type=\"section\" data-e-type=\"section\">\n\t\t\t\t\t\t<div class=\"elementor-container elementor-column-gap-default\">\n\t\t\t\t\t<div class=\"elementor-column elementor-col-66 elementor-inner-column elementor-element elementor-element-0d582c7\" data-id=\"0d582c7\" data-element_type=\"column\" data-e-type=\"column\" data-settings=\"{&quot;background_background&quot;:&quot;classic&quot;}\">\n\t\t\t<div class=\"elementor-widget-wrap elementor-element-populated\">\n\t\t\t\t\t\t<div class=\"elementor-element elementor-element-a864c07 elementor-widget elementor-widget-heading\" data-id=\"a864c07\" data-element_type=\"widget\" data-e-type=\"widget\" data-widget_type=\"heading.default\">\n\t\t\t\t<div class=\"elementor-widget-container\">\n\t\t\t\t\t<h2 class=\"elementor-heading-title elementor-size-default\">Vad suckar h\u00e4cken?<\/h2>\t\t\t\t<\/div>\n\t\t\t\t<\/div>\n\t\t\t\t<div class=\"elementor-element elementor-element-a9cc433 elementor-widget elementor-widget-text-editor\" data-id=\"a9cc433\" data-element_type=\"widget\" data-e-type=\"widget\" data-widget_type=\"text-editor.default\">\n\t\t\t\t<div class=\"elementor-widget-container\">\n\t\t\t\t\t\t\t\t\t<p>Av\u00a0<em><a href=\"https:\/\/litteraturbanken.se\/skolan\/?page_id=8981&amp;preview_nonce=87c4a6883e\">Erik Johan Stagnelius<\/a><\/em><\/p>\t\t\t\t\t\t\t\t<\/div>\n\t\t\t\t<\/div>\n\t\t\t\t<div class=\"elementor-element elementor-element-e762dbc elementor-widget elementor-widget-text-editor\" data-id=\"e762dbc\" data-element_type=\"widget\" data-e-type=\"widget\" data-widget_type=\"text-editor.default\">\n\t\t\t\t<div class=\"elementor-widget-container\">\n\t\t\t\t\t\t\t\t\t<p><strong>Ur:<\/strong>\u00a0<em>Samlade skrifter II\u00a0<\/em>(1913)<span style=\"font-size: 15px; letter-spacing: 0.6px;\">\u00a0 \u00a0<\/span><strong>\u00c5rskurs<\/strong>:\u00a0Gymnasium\u00a0 \u00a0<strong>Tema<\/strong>:\u00a0Natur och m\u00e4nniska<\/p>\t\t\t\t\t\t\t\t<\/div>\n\t\t\t\t<\/div>\n\t\t\t\t<div class=\"elementor-element elementor-element-993e39a elementor-widget elementor-widget-text-editor\" data-id=\"993e39a\" data-element_type=\"widget\" data-e-type=\"widget\" data-widget_type=\"text-editor.default\">\n\t\t\t\t<div class=\"elementor-widget-container\">\n\t\t\t\t\t\t\t\t\t<div class=\"_lg\"><div class=\"_l\"><div class=\"literallayout\"><p>Vad\u00a0suckar\u00a0h\u00e4cken?<br \/>Vad\u00a0Nordans\u00a0storm\u00a0som\u00a0i\u00a0tallen\u00a0gnyr?<br \/>Vad\u00a0viskar\u00a0b\u00e4cken<br \/>D\u00e4r\u00a0genom\u00a0dalen\u00a0han\u00a0sakta\u00a0flyr?<br \/>Vad\u00a0talar\u00a0Solen<br \/>D\u00e4r\u00a0\u00f6ver\u00a0polen<br \/>Hon\u00a0majest\u00e4tisk\u00a0g\u00e5r?<br \/>Vad\u00a0andas\u00a0hoppen<br \/>I\u00a0rosenknoppen?<br \/>Vad\u00a0menl\u00f6s\u00a0vilja<br \/>Har\u00a0dalens\u00a0lilja?<br \/>Vad\u00a0t\u00e4nker\u00a0sippan?<br \/>Vad\u00a0menar\u00a0klippan<br \/>D\u00e4r\u00a0hotande\u00a0och\u00a0m\u00f6rk\u00a0hon\u00a0st\u00e5r?<br \/><br \/>Vi\u00a0mena,\u00a0vi\u00a0t\u00e4nka,\u00a0vi\u00a0sucka,\u00a0vi\u00a0tala:<br \/>O\u00a0m\u00e4nska!\u00a0statt\u00a0upp\u00a0ur\u00a0din\u00a0nesliga\u00a0dvala<br \/>Och\u00a0h\u00f6j\u00a0dig\u00a0till\u00a0urlivets\u00a0riken\u00a0igen.<br \/>Om\u00a0sj\u00e4lv\u00a0till\u00a0id\u00e9ernas\u00a0v\u00e4rld\u00a0du\u00a0vill\u00a0flytta,<br \/>I\u00a0ljusets\u00a0id\u00e9er\u00a0fr\u00e5n\u00a0m\u00f6rkrets\u00a0f\u00f6rbytta,<br \/>Som\u00a0Du\u00a0vi\u00a0f\u00f6rklarade\u00a0f\u00f6lja\u00a0dig\u00a0\u00e4n.<br \/><br \/>Du\u00a0sj\u00e4lv\u00a0i\u00a0materiens\u00a0bojor\u00a0dig\u00a0lade:<br \/>Ack!\u00a0samma\u00a0f\u00f6rf\u00e4rliga\u00a0\u00f6de\u00a0vi\u00a0hade,<br \/>Ty\u00a0f\u00f6lja\u00a0vi\u00a0m\u00e5ste\u00a0varthelst\u00a0du\u00a0oss\u00a0f\u00f6r.<br \/>Gemensam\u00a0\u00e4r\u00a0kraften\u00a0som\u00a0magiskt\u00a0oss\u00a0driver,<br \/>Befria\u00a0blott\u00a0tingen\u00a0och\u00a0frigjord\u00a0du\u00a0bliver<br \/>Befria\u00a0dig\u00a0sj\u00e4lv\u00a0och\u00a0du\u00a0fria\u00a0dem\u00a0g\u00f6r.<\/p><\/div><\/div><\/div>\t\t\t\t\t\t\t\t<\/div>\n\t\t\t\t<\/div>\n\t\t\t\t\t<\/div>\n\t\t<\/div>\n\t\t\t\t<div class=\"elementor-column elementor-col-33 elementor-inner-column elementor-element elementor-element-22e0deb\" data-id=\"22e0deb\" data-element_type=\"column\" data-e-type=\"column\">\n\t\t\t<div class=\"elementor-widget-wrap elementor-element-populated\">\n\t\t\t\t\t\t<div class=\"elementor-element elementor-element-f295c0b elementor-widget elementor-widget-wp-widget-media_audio\" data-id=\"f295c0b\" data-element_type=\"widget\" data-e-type=\"widget\" data-widget_type=\"wp-widget-media_audio.default\">\n\t\t\t\t<div class=\"elementor-widget-container\">\n\t\t\t\t\t<h5>Dick Cla\u00e9sson l\u00e4ser \u201dVad suckar h\u00e4cken?\u201d av Erik Johan Stagnelius.<\/h5><audio class=\"wp-audio-shortcode\" id=\"audio-10593-1\" preload=\"none\" style=\"width: 100%;\" controls=\"controls\"><source type=\"audio\/mpeg\" src=\"https:\/\/litteraturbanken.se\/skolan\/wp-content\/uploads\/2019\/03\/stagnelius_hvadsuckarhacken_claesson.mp3?_=1\" \/><source type=\"audio\/mpeg\" src=\"https:\/\/litteraturbanken.se\/skolan\/wp-content\/uploads\/2019\/03\/stagnelius_hvadsuckarhacken_claesson.mp3?_=1\" \/><a href=\"https:\/\/litteraturbanken.se\/skolan\/wp-content\/uploads\/2019\/03\/stagnelius_hvadsuckarhacken_claesson.mp3\">https:\/\/litteraturbanken.se\/skolan\/wp-content\/uploads\/2019\/03\/stagnelius_hvadsuckarhacken_claesson.mp3<\/a><\/audio>\t\t\t\t<\/div>\n\t\t\t\t<\/div>\n\t\t\t\t<div class=\"elementor-element elementor-element-0d439b8 elementor-icon-list--layout-traditional elementor-list-item-link-full_width elementor-widget elementor-widget-icon-list\" data-id=\"0d439b8\" data-element_type=\"widget\" data-e-type=\"widget\" data-widget_type=\"icon-list.default\">\n\t\t\t\t<div class=\"elementor-widget-container\">\n\t\t\t\t\t\t\t<ul class=\"elementor-icon-list-items\">\n\t\t\t\t\t\t\t<li class=\"elementor-icon-list-item\">\n\t\t\t\t\t\t\t\t\t\t\t<a href=\"https:\/\/litteraturbanken.se\/forfattare\/StagneliusEJ\/titlar\/SamladeSkrifter2\/sida\/87\/etext\" target=\"_blank\">\n\n\t\t\t\t\t\t\t\t\t\t\t\t<span class=\"elementor-icon-list-icon\">\n\t\t\t\t\t\t\t\t\t\t\t\t\t\t\t\t<i class=\"fa fa-file-text-o\" aria-hidden=\"true\"><\/i>\n\t\t\t\t\t\t\t\t\t\t\t\t\t<\/span>\n\t\t\t\t\t\t\t\t\t\t<span class=\"elementor-icon-list-text\">L\u00e4s dikten p\u00e5 Litteraturbanken<\/span>\n\t\t\t\t\t\t\t\t\t\t\t<\/a>\n\t\t\t\t\t\t\t\t\t<\/li>\n\t\t\t\t\t\t\t\t<li class=\"elementor-icon-list-item\">\n\t\t\t\t\t\t\t\t\t\t\t<a href=\"https:\/\/litteraturbanken.se\/skolan\/?page_id=261\" target=\"_blank\">\n\n\t\t\t\t\t\t\t\t\t\t\t\t<span class=\"elementor-icon-list-icon\">\n\t\t\t\t\t\t\t\t\t\t\t\t\t\t\t\t<i class=\"fa fa-file-text-o\" aria-hidden=\"true\"><\/i>\n\t\t\t\t\t\t\t\t\t\t\t\t\t<\/span>\n\t\t\t\t\t\t\t\t\t\t<span class=\"elementor-icon-list-text\">Termer och begrepp<\/span>\n\t\t\t\t\t\t\t\t\t\t\t<\/a>\n\t\t\t\t\t\t\t\t\t<\/li>\n\t\t\t\t\t\t<\/ul>\n\t\t\t\t\t\t<\/div>\n\t\t\t\t<\/div>\n\t\t\t\t<div class=\"elementor-element elementor-element-3004bda elementor-align-center elementor-widget elementor-widget-button\" data-id=\"3004bda\" data-element_type=\"widget\" data-e-type=\"widget\" data-widget_type=\"button.default\">\n\t\t\t\t<div class=\"elementor-widget-container\">\n\t\t\t\t\t\t\t\t\t<div class=\"elementor-button-wrapper\">\n\t\t\t\t\t<a class=\"elementor-button elementor-button-link elementor-size-md elementor-animation-grow\" href=\"#uppgiftF-3\">\n\t\t\t\t\t\t<span class=\"elementor-button-content-wrapper\">\n\t\t\t\t\t\t<span class=\"elementor-button-icon\">\n\t\t\t\t\t\t\t\t\t<i class=\"fa fa-pencil\" aria-hidden=\"true\"><\/i>\n\t\t\t\t\t\t\t<\/span>\n\t\t\t\t\t\t\t\t\t<span class=\"elementor-button-text\">Uppgift, Gymnasium<\/span>\n\t\t\t\t\t<\/span>\n\t\t\t\t\t<\/a>\n\t\t\t\t<\/div>\n\t\t\t\t\t\t\t\t<\/div>\n\t\t\t\t<\/div>\n\t\t\t\t<div class=\"elementor-element elementor-element-4efa370 elementor-widget elementor-widget-image\" data-id=\"4efa370\" data-element_type=\"widget\" data-e-type=\"widget\" data-widget_type=\"image.default\">\n\t\t\t\t<div class=\"elementor-widget-container\">\n\t\t\t\t\t\t\t\t\t\t\t\t\t\t\t<img fetchpriority=\"high\" decoding=\"async\" width=\"300\" height=\"300\" src=\"https:\/\/litteraturbanken.se\/skolan\/wp-content\/uploads\/2019\/03\/lb_skolan_2019_knapp_f\u00f6rfattarbild_portr\u00e4ttl\u00f6s_bl\u00e5-e1553013524550.jpg\" class=\"attachment-full size-full wp-image-13741\" alt=\"\" \/>\t\t\t\t\t\t\t\t\t\t\t\t\t\t\t<\/div>\n\t\t\t\t<\/div>\n\t\t\t\t\t<\/div>\n\t\t<\/div>\n\t\t\t\t\t<\/div>\n\t\t<\/section>\n\t\t\t\t<section class=\"elementor-section elementor-top-section elementor-element elementor-element-8324f5b elementor-section-boxed elementor-section-height-default elementor-section-height-default\" data-id=\"8324f5b\" data-element_type=\"section\" data-e-type=\"section\">\n\t\t\t\t\t\t<div class=\"elementor-container elementor-column-gap-default\">\n\t\t\t\t\t<div class=\"elementor-column elementor-col-100 elementor-top-column elementor-element elementor-element-82b286f\" data-id=\"82b286f\" data-element_type=\"column\" data-e-type=\"column\">\n\t\t\t<div class=\"elementor-widget-wrap elementor-element-populated\">\n\t\t\t\t\t\t<div class=\"elementor-element elementor-element-97015f2 elementor-widget elementor-widget-spacer\" data-id=\"97015f2\" data-element_type=\"widget\" data-e-type=\"widget\" data-widget_type=\"spacer.default\">\n\t\t\t\t<div class=\"elementor-widget-container\">\n\t\t\t\t\t\t\t<div class=\"elementor-spacer\">\n\t\t\t<div class=\"elementor-spacer-inner\"><\/div>\n\t\t<\/div>\n\t\t\t\t\t\t<\/div>\n\t\t\t\t<\/div>\n\t\t\t\t\t<\/div>\n\t\t<\/div>\n\t\t\t\t\t<\/div>\n\t\t<\/section>\n\t\t\t\t<section class=\"elementor-section elementor-top-section elementor-element elementor-element-4304e99 elementor-section-boxed elementor-section-height-default elementor-section-height-default\" data-id=\"4304e99\" data-element_type=\"section\" data-e-type=\"section\">\n\t\t\t\t\t\t<div class=\"elementor-container elementor-column-gap-default\">\n\t\t\t\t\t<div class=\"elementor-column elementor-col-100 elementor-top-column elementor-element elementor-element-8673e5b\" data-id=\"8673e5b\" data-element_type=\"column\" data-e-type=\"column\" data-settings=\"{&quot;background_background&quot;:&quot;classic&quot;}\">\n\t\t\t<div class=\"elementor-widget-wrap elementor-element-populated\">\n\t\t\t\t\t\t<section class=\"elementor-section elementor-inner-section elementor-element elementor-element-9fc46cb elementor-section-boxed elementor-section-height-default elementor-section-height-default\" data-id=\"9fc46cb\" data-element_type=\"section\" data-e-type=\"section\">\n\t\t\t\t\t\t<div class=\"elementor-container elementor-column-gap-default\">\n\t\t\t\t\t<div class=\"elementor-column elementor-col-100 elementor-inner-column elementor-element elementor-element-8e9ad72\" data-id=\"8e9ad72\" data-element_type=\"column\" data-e-type=\"column\">\n\t\t\t<div class=\"elementor-widget-wrap elementor-element-populated\">\n\t\t\t\t\t\t<div class=\"elementor-element elementor-element-7d407cd elementor-widget elementor-widget-menu-anchor\" data-id=\"7d407cd\" data-element_type=\"widget\" data-e-type=\"widget\" data-widget_type=\"menu-anchor.default\">\n\t\t\t\t<div class=\"elementor-widget-container\">\n\t\t\t\t\t\t\t<div class=\"elementor-menu-anchor\" id=\"uppgiftF-3\"><\/div>\n\t\t\t\t\t\t<\/div>\n\t\t\t\t<\/div>\n\t\t\t\t<div class=\"elementor-element elementor-element-3bf0819 elementor-view-framed elementor-shape-circle elementor-widget elementor-widget-icon\" data-id=\"3bf0819\" data-element_type=\"widget\" data-e-type=\"widget\" data-widget_type=\"icon.default\">\n\t\t\t\t<div class=\"elementor-widget-container\">\n\t\t\t\t\t\t\t<div class=\"elementor-icon-wrapper\">\n\t\t\t<div class=\"elementor-icon\">\n\t\t\t\t\t\t\t<i class=\"fa fa-pencil\" aria-hidden=\"true\"><\/i>\n\t\t\t\t\t\t<\/div>\n\t\t<\/div>\n\t\t\t\t\t\t<\/div>\n\t\t\t\t<\/div>\n\t\t\t\t<div class=\"elementor-element elementor-element-a27015c elementor-widget elementor-widget-toggle\" data-id=\"a27015c\" data-element_type=\"widget\" data-e-type=\"widget\" data-widget_type=\"toggle.default\">\n\t\t\t\t<div class=\"elementor-widget-container\">\n\t\t\t\t\t\t\t<div class=\"elementor-toggle\">\n\t\t\t\t\t\t\t<div class=\"elementor-toggle-item\">\n\t\t\t\t\t<div id=\"elementor-tab-title-1701\" class=\"elementor-tab-title\" data-tab=\"1\" role=\"button\" aria-controls=\"elementor-tab-content-1701\" aria-expanded=\"false\">\n\t\t\t\t\t\t\t\t\t\t\t\t<span class=\"elementor-toggle-icon elementor-toggle-icon-left\" aria-hidden=\"true\">\n\t\t\t\t\t\t\t\t\t\t\t\t\t\t\t<i class=\"elementor-toggle-icon-closed fa fa-chevron-right\"><\/i>\n\t\t\t\t\t\t\t\t<i class=\"elementor-toggle-icon-opened fa fa-chevron-down\"><\/i>\n\t\t\t\t\t\t\t\t\t\t\t\t\t<\/span>\n\t\t\t\t\t\t\t\t\t\t\t\t<a class=\"elementor-toggle-title\" tabindex=\"0\">Gymnasium<\/a>\n\t\t\t\t\t<\/div>\n\n\t\t\t\t\t<div id=\"elementor-tab-content-1701\" class=\"elementor-tab-content elementor-clearfix\" data-tab=\"1\" role=\"region\" aria-labelledby=\"elementor-tab-title-1701\"><h3>Samtalsfr\u00e5gor<\/h3><p style=\"font-variant-ligatures: normal; font-variant-caps: normal; font-style: normal;\">I diktens f\u00f6rsta strof st\u00e4lls en rad fr\u00e5gor och i de tv\u00e5 f\u00f6ljande stroferna ges svar och l\u00f6sningar p\u00e5 alla fr\u00e5gor. Utifr\u00e5n inneh\u00e5llet i dessa svar, diskutera tillsammans vilka svar man i dag skulle kunna ge p\u00e5 de fr\u00e5gor naturen kan ha anledning att st\u00e4lla sig, vid betraktande av hur m\u00e4nniskor lever.<\/p><\/div>\n\t\t\t\t<\/div>\n\t\t\t\t\t\t\t\t<\/div>\n\t\t\t\t\t\t<\/div>\n\t\t\t\t<\/div>\n\t\t\t\t\t<\/div>\n\t\t<\/div>\n\t\t\t\t\t<\/div>\n\t\t<\/section>\n\t\t\t\t\t<\/div>\n\t\t<\/div>\n\t\t\t\t\t<\/div>\n\t\t<\/section>\n\t\t\t\t<section class=\"elementor-section elementor-top-section elementor-element elementor-element-60a4d0b elementor-section-boxed elementor-section-height-default elementor-section-height-default\" data-id=\"60a4d0b\" data-element_type=\"section\" data-e-type=\"section\">\n\t\t\t\t\t\t<div class=\"elementor-container elementor-column-gap-default\">\n\t\t\t\t\t<div class=\"elementor-column elementor-col-100 elementor-top-column elementor-element elementor-element-989f6e0\" data-id=\"989f6e0\" data-element_type=\"column\" data-e-type=\"column\">\n\t\t\t<div class=\"elementor-widget-wrap elementor-element-populated\">\n\t\t\t\t\t\t<div class=\"elementor-element elementor-element-881cb4e elementor-widget elementor-widget-spacer\" data-id=\"881cb4e\" data-element_type=\"widget\" data-e-type=\"widget\" data-widget_type=\"spacer.default\">\n\t\t\t\t<div class=\"elementor-widget-container\">\n\t\t\t\t\t\t\t<div class=\"elementor-spacer\">\n\t\t\t<div class=\"elementor-spacer-inner\"><\/div>\n\t\t<\/div>\n\t\t\t\t\t\t<\/div>\n\t\t\t\t<\/div>\n\t\t\t\t\t<\/div>\n\t\t<\/div>\n\t\t\t\t\t<\/div>\n\t\t<\/section>\n\t\t\t\t<\/div>\n\t\t","protected":false},"excerpt":{"rendered":"<p>Vad suckar h\u00e4cken? Av\u00a0Erik Johan Stagnelius Ur:\u00a0Samlade skrifter II\u00a0(1913)\u00a0 \u00a0\u00c5rskurs:\u00a0Gymnasium\u00a0 \u00a0Tema:\u00a0Natur och m\u00e4nniska Vad\u00a0suckar\u00a0h\u00e4cken?Vad\u00a0Nordans\u00a0storm\u00a0som\u00a0i\u00a0tallen\u00a0gnyr?Vad\u00a0viskar\u00a0b\u00e4ckenD\u00e4r\u00a0genom\u00a0dalen\u00a0han\u00a0sakta\u00a0flyr?Vad\u00a0talar\u00a0SolenD\u00e4r\u00a0\u00f6ver\u00a0polenHon\u00a0majest\u00e4tisk\u00a0g\u00e5r?Vad\u00a0andas\u00a0hoppenI\u00a0rosenknoppen?Vad\u00a0menl\u00f6s\u00a0viljaHar\u00a0dalens\u00a0lilja?Vad\u00a0t\u00e4nker\u00a0sippan?Vad\u00a0menar\u00a0klippanD\u00e4r\u00a0hotande\u00a0och\u00a0m\u00f6rk\u00a0hon\u00a0st\u00e5r? Vi\u00a0mena,\u00a0vi\u00a0t\u00e4nka,\u00a0vi\u00a0sucka,\u00a0vi\u00a0tala:O\u00a0m\u00e4nska!\u00a0statt\u00a0upp\u00a0ur\u00a0din\u00a0nesliga\u00a0dvalaOch\u00a0h\u00f6j\u00a0dig\u00a0till\u00a0urlivets\u00a0riken\u00a0igen.Om\u00a0sj\u00e4lv\u00a0till\u00a0id\u00e9ernas\u00a0v\u00e4rld\u00a0du\u00a0vill\u00a0flytta,I\u00a0ljusets\u00a0id\u00e9er\u00a0fr\u00e5n\u00a0m\u00f6rkrets\u00a0f\u00f6rbytta,Som\u00a0Du\u00a0vi\u00a0f\u00f6rklarade\u00a0f\u00f6lja\u00a0dig\u00a0\u00e4n. Du\u00a0sj\u00e4lv\u00a0i\u00a0materiens\u00a0bojor\u00a0dig\u00a0lade:Ack!\u00a0samma\u00a0f\u00f6rf\u00e4rliga\u00a0\u00f6de\u00a0vi\u00a0hade,Ty\u00a0f\u00f6lja\u00a0vi\u00a0m\u00e5ste\u00a0varthelst\u00a0du\u00a0oss\u00a0f\u00f6r.Gemensam\u00a0\u00e4r\u00a0kraften\u00a0som\u00a0magiskt\u00a0oss\u00a0driver,Befria\u00a0blott\u00a0tingen\u00a0och\u00a0frigjord\u00a0du\u00a0bliverBefria\u00a0dig\u00a0sj\u00e4lv\u00a0och\u00a0du\u00a0fria\u00a0dem\u00a0g\u00f6r. L\u00e4s dikten p\u00e5 Litteraturbanken Termer och begrepp Uppgift, Gymnasium Gymnasium Samtalsfr\u00e5gor I diktens f\u00f6rsta strof st\u00e4lls en rad fr\u00e5gor och i de tv\u00e5 f\u00f6ljande stroferna ges svar och l\u00f6sningar p\u00e5 alla fr\u00e5gor. Utifr\u00e5n inneh\u00e5llet i dessa svar, diskutera tillsammans [&hellip;]<\/p>\n","protected":false},"author":5,"featured_media":0,"parent":0,"menu_order":0,"comment_status":"closed","ping_status":"closed","template":"","meta":{"ocean_post_layout":"full-screen","ocean_both_sidebars_style":"","ocean_both_sidebars_content_width":0,"ocean_both_sidebars_sidebars_width":0,"ocean_sidebar":"0","ocean_second_sidebar":"0","ocean_disable_margins":"enable","ocean_add_body_class":"","ocean_shortcode_before_top_bar":"","ocean_shortcode_after_top_bar":"","ocean_shortcode_before_header":"","ocean_shortcode_after_header":"","ocean_has_shortcode":"","ocean_shortcode_after_title":"","ocean_shortcode_before_footer_widgets":"","ocean_shortcode_after_footer_widgets":"","ocean_shortcode_before_footer_bottom":"","ocean_shortcode_after_footer_bottom":"","ocean_display_top_bar":"default","ocean_display_header":"default","ocean_header_style":"","ocean_center_header_left_menu":"0","ocean_custom_header_template":"0","ocean_custom_logo":0,"ocean_custom_retina_logo":0,"ocean_custom_logo_max_width":0,"ocean_custom_logo_tablet_max_width":0,"ocean_custom_logo_mobile_max_width":0,"ocean_custom_logo_max_height":0,"ocean_custom_logo_tablet_max_height":0,"ocean_custom_logo_mobile_max_height":0,"ocean_header_custom_menu":"0","ocean_menu_typo_font_family":"0","ocean_menu_typo_font_subset":"","ocean_menu_typo_font_size":0,"ocean_menu_typo_font_size_tablet":0,"ocean_menu_typo_font_size_mobile":0,"ocean_menu_typo_font_size_unit":"px","ocean_menu_typo_font_weight":"","ocean_menu_typo_font_weight_tablet":"","ocean_menu_typo_font_weight_mobile":"","ocean_menu_typo_transform":"","ocean_menu_typo_transform_tablet":"","ocean_menu_typo_transform_mobile":"","ocean_menu_typo_line_height":0,"ocean_menu_typo_line_height_tablet":0,"ocean_menu_typo_line_height_mobile":0,"ocean_menu_typo_line_height_unit":"","ocean_menu_typo_spacing":0,"ocean_menu_typo_spacing_tablet":0,"ocean_menu_typo_spacing_mobile":0,"ocean_menu_typo_spacing_unit":"","ocean_menu_link_color":"","ocean_menu_link_color_hover":"","ocean_menu_link_color_active":"","ocean_menu_link_background":"","ocean_menu_link_hover_background":"","ocean_menu_link_active_background":"","ocean_menu_social_links_bg":"","ocean_menu_social_hover_links_bg":"","ocean_menu_social_links_color":"","ocean_menu_social_hover_links_color":"","ocean_disable_title":"on","ocean_disable_heading":"default","ocean_post_title":"","ocean_post_subheading":"","ocean_post_title_style":"","ocean_post_title_background_color":"","ocean_post_title_background":0,"ocean_post_title_bg_image_position":"","ocean_post_title_bg_image_attachment":"","ocean_post_title_bg_image_repeat":"","ocean_post_title_bg_image_size":"","ocean_post_title_height":0,"ocean_post_title_bg_overlay":0.5,"ocean_post_title_bg_overlay_color":"","ocean_disable_breadcrumbs":"default","ocean_breadcrumbs_color":"","ocean_breadcrumbs_separator_color":"","ocean_breadcrumbs_links_color":"","ocean_breadcrumbs_links_hover_color":"","ocean_display_footer_widgets":"default","ocean_display_footer_bottom":"default","ocean_custom_footer_template":"0","footnotes":""},"class_list":["post-10593","page","type-page","status-publish","hentry","entry"],"_links":{"self":[{"href":"https:\/\/litteraturbanken.se\/skolan\/wp-json\/wp\/v2\/pages\/10593","targetHints":{"allow":["GET"]}}],"collection":[{"href":"https:\/\/litteraturbanken.se\/skolan\/wp-json\/wp\/v2\/pages"}],"about":[{"href":"https:\/\/litteraturbanken.se\/skolan\/wp-json\/wp\/v2\/types\/page"}],"author":[{"embeddable":true,"href":"https:\/\/litteraturbanken.se\/skolan\/wp-json\/wp\/v2\/users\/5"}],"replies":[{"embeddable":true,"href":"https:\/\/litteraturbanken.se\/skolan\/wp-json\/wp\/v2\/comments?post=10593"}],"version-history":[{"count":15,"href":"https:\/\/litteraturbanken.se\/skolan\/wp-json\/wp\/v2\/pages\/10593\/revisions"}],"predecessor-version":[{"id":20218,"href":"https:\/\/litteraturbanken.se\/skolan\/wp-json\/wp\/v2\/pages\/10593\/revisions\/20218"}],"wp:attachment":[{"href":"https:\/\/litteraturbanken.se\/skolan\/wp-json\/wp\/v2\/media?parent=10593"}],"curies":[{"name":"wp","href":"https:\/\/api.w.org\/{rel}","templated":true}]}}