{"id":10629,"date":"2018-12-26T23:25:59","date_gmt":"2018-12-26T22:25:59","guid":{"rendered":"https:\/\/litteraturbanken.se\/skoladev\/?page_id=10629"},"modified":"2020-02-10T13:56:38","modified_gmt":"2020-02-10T12:56:38","slug":"poesi-forfattare-erik-axel-karlfeldt-blommornas-karlek","status":"publish","type":"page","link":"https:\/\/litteraturbanken.se\/skolan\/poesi-forfattare-erik-axel-karlfeldt-blommornas-karlek\/","title":{"rendered":"Poesi\/F\u00f6rfattare\/Erik Axel Karlfeldt\/Blommornas k\u00e4rlek"},"content":{"rendered":"\t\t<div data-elementor-type=\"wp-post\" data-elementor-id=\"10629\" class=\"elementor elementor-10629\">\n\t\t\t\t\t\t<section class=\"elementor-section elementor-top-section elementor-element elementor-element-21a8e58 elementor-section-boxed elementor-section-height-default elementor-section-height-default\" data-id=\"21a8e58\" data-element_type=\"section\" data-e-type=\"section\">\n\t\t\t\t\t\t<div class=\"elementor-container elementor-column-gap-default\">\n\t\t\t\t\t<div class=\"elementor-column elementor-col-100 elementor-top-column elementor-element elementor-element-9e7e074\" data-id=\"9e7e074\" data-element_type=\"column\" data-e-type=\"column\">\n\t\t\t<div class=\"elementor-widget-wrap elementor-element-populated\">\n\t\t\t\t\t\t<div class=\"elementor-element elementor-element-023f5f7 elementor-widget elementor-widget-spacer\" data-id=\"023f5f7\" data-element_type=\"widget\" data-e-type=\"widget\" data-widget_type=\"spacer.default\">\n\t\t\t\t<div class=\"elementor-widget-container\">\n\t\t\t\t\t\t\t<div class=\"elementor-spacer\">\n\t\t\t<div class=\"elementor-spacer-inner\"><\/div>\n\t\t<\/div>\n\t\t\t\t\t\t<\/div>\n\t\t\t\t<\/div>\n\t\t\t\t\t<\/div>\n\t\t<\/div>\n\t\t\t\t\t<\/div>\n\t\t<\/section>\n\t\t\t\t<section class=\"elementor-section elementor-inner-section elementor-element elementor-element-bed6a39 elementor-section-boxed elementor-section-height-default elementor-section-height-default\" data-id=\"bed6a39\" data-element_type=\"section\" data-e-type=\"section\">\n\t\t\t\t\t\t<div class=\"elementor-container elementor-column-gap-default\">\n\t\t\t\t\t<div class=\"elementor-column elementor-col-66 elementor-inner-column elementor-element elementor-element-a01cb60\" data-id=\"a01cb60\" data-element_type=\"column\" data-e-type=\"column\" data-settings=\"{&quot;background_background&quot;:&quot;classic&quot;}\">\n\t\t\t<div class=\"elementor-widget-wrap elementor-element-populated\">\n\t\t\t\t\t\t<div class=\"elementor-element elementor-element-cc57011 elementor-widget elementor-widget-heading\" data-id=\"cc57011\" data-element_type=\"widget\" data-e-type=\"widget\" data-widget_type=\"heading.default\">\n\t\t\t\t<div class=\"elementor-widget-container\">\n\t\t\t\t\t<h2 class=\"elementor-heading-title elementor-size-default\">Blommornas k\u00e4rlek<\/h2>\t\t\t\t<\/div>\n\t\t\t\t<\/div>\n\t\t\t\t<div class=\"elementor-element elementor-element-13c8467 elementor-widget elementor-widget-text-editor\" data-id=\"13c8467\" data-element_type=\"widget\" data-e-type=\"widget\" data-widget_type=\"text-editor.default\">\n\t\t\t\t<div class=\"elementor-widget-container\">\n\t\t\t\t\t\t\t\t\t<p>Av\u00a0<em><a href=\"https:\/\/litteraturbanken.se\/skolan\/?page_id=304\">Erik Axel Karlfeldt<\/a><\/em><\/p>\t\t\t\t\t\t\t\t<\/div>\n\t\t\t\t<\/div>\n\t\t\t\t<div class=\"elementor-element elementor-element-5cdb0d0 elementor-widget elementor-widget-text-editor\" data-id=\"5cdb0d0\" data-element_type=\"widget\" data-e-type=\"widget\" data-widget_type=\"text-editor.default\">\n\t\t\t\t<div class=\"elementor-widget-container\">\n\t\t\t\t\t\t\t\t\t<p><strong>Ur:<\/strong>\u00a0<em>Flora och Bellona<\/em><em>\u00a0<\/em><span style=\"font-size: 15px; letter-spacing: 0.6px;\"><span class=\"ng-binding\" aria-hidden=\"false\">(1918)<\/span>\u00a0<\/span><strong>\u00c5rskurs<\/strong>: Gymnasium\u00a0 \u00a0<strong>Tema<\/strong>: Natur och m\u00e4nniska,\u00a0V\u00e5r<\/p>\t\t\t\t\t\t\t\t<\/div>\n\t\t\t\t<\/div>\n\t\t\t\t<div class=\"elementor-element elementor-element-9e5961a elementor-widget elementor-widget-text-editor\" data-id=\"9e5961a\" data-element_type=\"widget\" data-e-type=\"widget\" data-widget_type=\"text-editor.default\">\n\t\t\t\t<div class=\"elementor-widget-container\">\n\t\t\t\t\t\t\t\t\t<div class=\"_head b center chaptername\"><div class=\"_l\"><div class=\"literallayout\"><div class=\"_l\"><div class=\"titlepage\"><p class=\"title\">(Linn\u00e9: Sponsalia plantarum; <br \/>Delici\u00e6 natur\u00e6.)<\/p><\/div><div class=\"literallayout\"><p>N\u00e4r\u00a0Phoebus\u00a0sk\u00f6n\u00a0Flora\u00a0bes\u00f6ker<br \/>vid\u00a0g\u00f6krop\u00a0fr\u00e5n\u00a0sunnan\u00a0och\u00a0v\u00e4st,<br \/>fr\u00e5n\u00a0tusen\u00a0sm\u00e5\u00a0altar\u00a0det\u00a0r\u00f6ker<br \/>till\u00a0lundarnas\u00a0k\u00e4rleksfest.<\/p><p>I\u00a0backen\u00a0st\u00e5r\u00a0g\u00f6ksk\u00e4llan\u00a0luden<br \/>och\u00a0r\u00f6r\u00a0som\u00a0till\u00a0h\u00f6gtid\u00a0sin\u00a0kl\u00e4pp,<br \/>och\u00a0brudgummen\u00a0bidar\u00a0och\u00a0bruden<br \/>med\u00a0honung\u00a0p\u00e5\u00a0l\u00e4ngtande\u00a0l\u00e4pp.<\/p><p>D\u00e5\u00a0f\u00f6ras\u00a0budskap\u00a0bland\u00a0gr\u00e4sen<br \/>emellan\u00a0de\u00a0\u00e4lskande\u00a0hjon<br \/>av\u00a0l\u00e4tta,\u00a0livr\u00e9kl\u00e4dda\u00a0v\u00e4sen<br \/>och\u00a0m\u00e5ngen\u00a0\u00f6m\u00a0postiljon.<\/p><p>D\u00e4r\u00a0flyga\u00a0doftande\u00a0kyssar<br \/>med\u00a0fj\u00e4rilar,\u00a0humlor\u00a0och\u00a0bin.<br \/>Var\u00a0fl\u00e4kt\u00a0som\u00a0bland\u00a0st\u00e4nglarna\u00a0kryssar<br \/>b\u00e4r\u00a0str\u00e4ngars\u00a0och\u00a0visors\u00a0vin.<\/p><p>Det\u00a0vaggar\u00a0som\u00a0tusen\u00a0sm\u00e5\u00a0s\u00e4ngar<br \/>med\u00a0brokiga\u00a0sparlakan\u00a0p\u00e5,<br \/>d\u00e4r\u00a0Floras\u00a0pigor\u00a0och\u00a0dr\u00e4ngar<br \/>till\u00a0vila\u00a0k\u00e4rligen\u00a0g\u00e5.<\/p><p>Det\u00a0susar\u00a0i\u00a0lundarna\u00a0vida<br \/>en\u00a0bruds\u00e5ng\u00a0om\u00a0ung\u00a0natur.<br \/>De\u00a0hulda\u00a0timmarna\u00a0glida<br \/>p\u00e5\u00a0Floras\u00a0blomsterur\u00a0\u2014<\/p><p>fr\u00e5n\u00a0arla,\u00a0d\u00e5\u00a0n\u00e4ckrosen\u00a0str\u00e4cker<br \/>sin\u00a0krona\u00a0ur\u00a0glimmande\u00a0g\u00f6l,<br \/>tills\u00a0liljan\u00a0mot\u00a0nattsvalkan\u00a0t\u00e4cker<br \/>sitt\u00a0kostliga,\u00a0gyllene\u00a0mj\u00f6l.<\/p><p>Det\u00a0gick\u00a0en\u00a0man\u00a0genom\u00a0lunden,<br \/>en\u00a0from\u00a0naturens\u00a0pr\u00e4st;<br \/>han\u00a0s\u00e5g,\u00a0som\u00a0i\u00a0andakt\u00a0bunden,<br \/>p\u00e5\u00a0blommornas\u00a0k\u00e4rleksfest.<\/p><p>I\u00a0viskande\u00a0br\u00f6llopsringen,<br \/>d\u00e4r\u00a0r\u00f6kelsen\u00a0vajade\u00a0sk\u00e4r,<br \/>han\u00a0lyddes\u00a0till\u00a0anden\u00a0i\u00a0tingen<br \/>och\u00a0k\u00e4nde\u00a0att\u00a0guden\u00a0var\u00a0n\u00e4r\u00a0\u2014<\/p><p>den\u00a0samme\u00a0som\u00a0f\u00e4stets\u00a0grunder<br \/>och\u00a0\u00f6rternas\u00a0v\u00e5rt\u00e4lt\u00a0byggt,<br \/>den\u00a0samme\u00a0i\u00a0\u00e5skvagnens\u00a0dunder<br \/>och\u00a0pollensv\u00e4rmarnas\u00a0flykt,<\/p><p>den\u00a0samme\u00a0i\u00a0stormvindens\u00a0v\u00e5gor<br \/>och\u00a0daggens\u00a0v\u00e4lsignade\u00a0skur,<br \/>i\u00a0m\u00e4nniskohj\u00e4rtats\u00a0l\u00e5gor<br \/>och\u00a0stilla\u00a0blomsteramour.<\/p><\/div><\/div><\/div><\/div><\/div>\t\t\t\t\t\t\t\t<\/div>\n\t\t\t\t<\/div>\n\t\t\t\t\t<\/div>\n\t\t<\/div>\n\t\t\t\t<div class=\"elementor-column elementor-col-33 elementor-inner-column elementor-element elementor-element-1a9379b\" data-id=\"1a9379b\" data-element_type=\"column\" data-e-type=\"column\">\n\t\t\t<div class=\"elementor-widget-wrap elementor-element-populated\">\n\t\t\t\t\t\t<div class=\"elementor-element elementor-element-bf933b7 elementor-widget elementor-widget-wp-widget-media_audio\" data-id=\"bf933b7\" data-element_type=\"widget\" data-e-type=\"widget\" data-widget_type=\"wp-widget-media_audio.default\">\n\t\t\t\t<div class=\"elementor-widget-container\">\n\t\t\t\t\t<h5>Paulina Helgeson l\u00e4ser \u201dBlommornas k\u00e4rlek\u201d av Erik Axel Karlfeldt.<\/h5><audio class=\"wp-audio-shortcode\" id=\"audio-10629-1\" preload=\"none\" style=\"width: 100%;\" controls=\"controls\"><source type=\"audio\/mpeg\" src=\"https:\/\/litteraturbanken.se\/skolan\/wp-content\/uploads\/2019\/04\/karlfeldt_blommornaskarlek_helgeson.mp3?_=1\" \/><source type=\"audio\/mpeg\" src=\"https:\/\/litteraturbanken.se\/skolan\/wp-content\/uploads\/2019\/04\/karlfeldt_blommornaskarlek_helgeson.mp3?_=1\" \/><a href=\"https:\/\/litteraturbanken.se\/skolan\/wp-content\/uploads\/2019\/04\/karlfeldt_blommornaskarlek_helgeson.mp3\">https:\/\/litteraturbanken.se\/skolan\/wp-content\/uploads\/2019\/04\/karlfeldt_blommornaskarlek_helgeson.mp3<\/a><\/audio>\t\t\t\t<\/div>\n\t\t\t\t<\/div>\n\t\t\t\t<div class=\"elementor-element elementor-element-305d316 elementor-icon-list--layout-traditional elementor-list-item-link-full_width elementor-widget elementor-widget-icon-list\" data-id=\"305d316\" data-element_type=\"widget\" data-e-type=\"widget\" data-widget_type=\"icon-list.default\">\n\t\t\t\t<div class=\"elementor-widget-container\">\n\t\t\t\t\t\t\t<ul class=\"elementor-icon-list-items\">\n\t\t\t\t\t\t\t<li class=\"elementor-icon-list-item\">\n\t\t\t\t\t\t\t\t\t\t\t<a href=\"https:\/\/litteraturbanken.se\/forfattare\/KarlfeldtEA\/titlar\/FloraOchBellona\/sida\/7\/etext\" target=\"_blank\">\n\n\t\t\t\t\t\t\t\t\t\t\t\t<span class=\"elementor-icon-list-icon\">\n\t\t\t\t\t\t\t\t\t\t\t\t\t\t\t\t<i class=\"fa fa-file-text-o\" aria-hidden=\"true\"><\/i>\n\t\t\t\t\t\t\t\t\t\t\t\t\t<\/span>\n\t\t\t\t\t\t\t\t\t\t<span class=\"elementor-icon-list-text\">L\u00e4s dikten p\u00e5 Litteraturbanken<\/span>\n\t\t\t\t\t\t\t\t\t\t\t<\/a>\n\t\t\t\t\t\t\t\t\t<\/li>\n\t\t\t\t\t\t\t\t<li class=\"elementor-icon-list-item\">\n\t\t\t\t\t\t\t\t\t\t\t<a href=\"https:\/\/litteraturbanken.se\/skolan\/?page_id=261\" target=\"_blank\">\n\n\t\t\t\t\t\t\t\t\t\t\t\t<span class=\"elementor-icon-list-icon\">\n\t\t\t\t\t\t\t\t\t\t\t\t\t\t\t\t<i class=\"fa fa-file-text-o\" aria-hidden=\"true\"><\/i>\n\t\t\t\t\t\t\t\t\t\t\t\t\t<\/span>\n\t\t\t\t\t\t\t\t\t\t<span class=\"elementor-icon-list-text\">Termer och begrepp<\/span>\n\t\t\t\t\t\t\t\t\t\t\t<\/a>\n\t\t\t\t\t\t\t\t\t<\/li>\n\t\t\t\t\t\t<\/ul>\n\t\t\t\t\t\t<\/div>\n\t\t\t\t<\/div>\n\t\t\t\t<div class=\"elementor-element elementor-element-1c479b6 elementor-align-center elementor-widget elementor-widget-button\" data-id=\"1c479b6\" data-element_type=\"widget\" data-e-type=\"widget\" data-widget_type=\"button.default\">\n\t\t\t\t<div class=\"elementor-widget-container\">\n\t\t\t\t\t\t\t\t\t<div class=\"elementor-button-wrapper\">\n\t\t\t\t\t<a class=\"elementor-button elementor-button-link elementor-size-md elementor-animation-grow\" href=\"#uppgift\">\n\t\t\t\t\t\t<span class=\"elementor-button-content-wrapper\">\n\t\t\t\t\t\t<span class=\"elementor-button-icon\">\n\t\t\t\t\t\t\t\t\t<i class=\"fa fa-pencil\" aria-hidden=\"true\"><\/i>\n\t\t\t\t\t\t\t<\/span>\n\t\t\t\t\t\t\t\t\t<span class=\"elementor-button-text\">Uppgift, Gymnasium<\/span>\n\t\t\t\t\t<\/span>\n\t\t\t\t\t<\/a>\n\t\t\t\t<\/div>\n\t\t\t\t\t\t\t\t<\/div>\n\t\t\t\t<\/div>\n\t\t\t\t<div class=\"elementor-element elementor-element-af219ab elementor-widget elementor-widget-image\" data-id=\"af219ab\" data-element_type=\"widget\" data-e-type=\"widget\" data-widget_type=\"image.default\">\n\t\t\t\t<div class=\"elementor-widget-container\">\n\t\t\t\t\t\t\t\t\t\t\t\t\t\t\t<img fetchpriority=\"high\" decoding=\"async\" width=\"300\" height=\"300\" src=\"https:\/\/litteraturbanken.se\/skolan\/wp-content\/uploads\/2019\/03\/lb_skolan_2019_knapp_f\u00f6rfattarbild-karlfeldt_r\u00f6d-e1553013449132.jpg\" class=\"attachment-full size-full wp-image-13749\" alt=\"\" \/>\t\t\t\t\t\t\t\t\t\t\t\t\t\t\t<\/div>\n\t\t\t\t<\/div>\n\t\t\t\t\t<\/div>\n\t\t<\/div>\n\t\t\t\t\t<\/div>\n\t\t<\/section>\n\t\t\t\t<section class=\"elementor-section elementor-top-section elementor-element elementor-element-796b0f3 elementor-section-boxed elementor-section-height-default elementor-section-height-default\" data-id=\"796b0f3\" data-element_type=\"section\" data-e-type=\"section\">\n\t\t\t\t\t\t<div class=\"elementor-container elementor-column-gap-default\">\n\t\t\t\t\t<div class=\"elementor-column elementor-col-100 elementor-top-column elementor-element elementor-element-ab5e269\" data-id=\"ab5e269\" data-element_type=\"column\" data-e-type=\"column\">\n\t\t\t<div class=\"elementor-widget-wrap elementor-element-populated\">\n\t\t\t\t\t\t<div class=\"elementor-element elementor-element-60d97f6 elementor-widget elementor-widget-spacer\" data-id=\"60d97f6\" data-element_type=\"widget\" data-e-type=\"widget\" data-widget_type=\"spacer.default\">\n\t\t\t\t<div class=\"elementor-widget-container\">\n\t\t\t\t\t\t\t<div class=\"elementor-spacer\">\n\t\t\t<div class=\"elementor-spacer-inner\"><\/div>\n\t\t<\/div>\n\t\t\t\t\t\t<\/div>\n\t\t\t\t<\/div>\n\t\t\t\t\t<\/div>\n\t\t<\/div>\n\t\t\t\t\t<\/div>\n\t\t<\/section>\n\t\t\t\t<section class=\"elementor-section elementor-top-section elementor-element elementor-element-7d72dd4 elementor-section-boxed elementor-section-height-default elementor-section-height-default\" data-id=\"7d72dd4\" data-element_type=\"section\" data-e-type=\"section\">\n\t\t\t\t\t\t<div class=\"elementor-container elementor-column-gap-default\">\n\t\t\t\t\t<div class=\"elementor-column elementor-col-100 elementor-top-column elementor-element elementor-element-0b8fbb9\" data-id=\"0b8fbb9\" data-element_type=\"column\" data-e-type=\"column\" data-settings=\"{&quot;background_background&quot;:&quot;classic&quot;}\">\n\t\t\t<div class=\"elementor-widget-wrap elementor-element-populated\">\n\t\t\t\t\t\t<section class=\"elementor-section elementor-inner-section elementor-element elementor-element-4fcc4a7 elementor-section-boxed elementor-section-height-default elementor-section-height-default\" data-id=\"4fcc4a7\" data-element_type=\"section\" data-e-type=\"section\">\n\t\t\t\t\t\t<div class=\"elementor-container elementor-column-gap-default\">\n\t\t\t\t\t<div class=\"elementor-column elementor-col-100 elementor-inner-column elementor-element elementor-element-c85b431\" data-id=\"c85b431\" data-element_type=\"column\" data-e-type=\"column\">\n\t\t\t<div class=\"elementor-widget-wrap elementor-element-populated\">\n\t\t\t\t\t\t<div class=\"elementor-element elementor-element-0ab1011 elementor-widget elementor-widget-menu-anchor\" data-id=\"0ab1011\" data-element_type=\"widget\" data-e-type=\"widget\" data-widget_type=\"menu-anchor.default\">\n\t\t\t\t<div class=\"elementor-widget-container\">\n\t\t\t\t\t\t\t<div class=\"elementor-menu-anchor\" id=\"uppgift\"><\/div>\n\t\t\t\t\t\t<\/div>\n\t\t\t\t<\/div>\n\t\t\t\t<div class=\"elementor-element elementor-element-7077c56 elementor-view-framed elementor-shape-circle elementor-widget elementor-widget-icon\" data-id=\"7077c56\" data-element_type=\"widget\" data-e-type=\"widget\" data-widget_type=\"icon.default\">\n\t\t\t\t<div class=\"elementor-widget-container\">\n\t\t\t\t\t\t\t<div class=\"elementor-icon-wrapper\">\n\t\t\t<div class=\"elementor-icon\">\n\t\t\t\t\t\t\t<i class=\"fa fa-pencil\" aria-hidden=\"true\"><\/i>\n\t\t\t\t\t\t<\/div>\n\t\t<\/div>\n\t\t\t\t\t\t<\/div>\n\t\t\t\t<\/div>\n\t\t\t\t<div class=\"elementor-element elementor-element-62f0ec3 elementor-widget elementor-widget-toggle\" data-id=\"62f0ec3\" data-element_type=\"widget\" data-e-type=\"widget\" data-widget_type=\"toggle.default\">\n\t\t\t\t<div class=\"elementor-widget-container\">\n\t\t\t\t\t\t\t<div class=\"elementor-toggle\">\n\t\t\t\t\t\t\t<div class=\"elementor-toggle-item\">\n\t\t\t\t\t<div id=\"elementor-tab-title-1031\" class=\"elementor-tab-title\" data-tab=\"1\" role=\"button\" aria-controls=\"elementor-tab-content-1031\" aria-expanded=\"false\">\n\t\t\t\t\t\t\t\t\t\t\t\t<span class=\"elementor-toggle-icon elementor-toggle-icon-left\" aria-hidden=\"true\">\n\t\t\t\t\t\t\t\t\t\t\t\t\t\t\t<i class=\"elementor-toggle-icon-closed fa fa-chevron-right\"><\/i>\n\t\t\t\t\t\t\t\t<i class=\"elementor-toggle-icon-opened fa fa-chevron-down\"><\/i>\n\t\t\t\t\t\t\t\t\t\t\t\t\t<\/span>\n\t\t\t\t\t\t\t\t\t\t\t\t<a class=\"elementor-toggle-title\" tabindex=\"0\">Gymnasium<\/a>\n\t\t\t\t\t<\/div>\n\n\t\t\t\t\t<div id=\"elementor-tab-content-1031\" class=\"elementor-tab-content elementor-clearfix\" data-tab=\"1\" role=\"region\" aria-labelledby=\"elementor-tab-title-1031\"><h3>J\u00e4mf\u00f6r<\/h3>\n<p>Denna dikt kan j\u00e4mf\u00f6ras med Carl Snoilskys&nbsp;<a href=\"https:\/\/litteraturbanken.se\/skolan\/?page_id=10635&amp;preview_nonce=fffa0f7cbd\">\u201dCarolus Linn\u00e6us\u201d<\/a>.<\/p><\/div>\n\t\t\t\t<\/div>\n\t\t\t\t\t\t\t\t<\/div>\n\t\t\t\t\t\t<\/div>\n\t\t\t\t<\/div>\n\t\t\t\t\t<\/div>\n\t\t<\/div>\n\t\t\t\t\t<\/div>\n\t\t<\/section>\n\t\t\t\t<div class=\"elementor-element elementor-element-89878d3 elementor-widget elementor-widget-spacer\" data-id=\"89878d3\" data-element_type=\"widget\" data-e-type=\"widget\" data-widget_type=\"spacer.default\">\n\t\t\t\t<div class=\"elementor-widget-container\">\n\t\t\t\t\t\t\t<div class=\"elementor-spacer\">\n\t\t\t<div class=\"elementor-spacer-inner\"><\/div>\n\t\t<\/div>\n\t\t\t\t\t\t<\/div>\n\t\t\t\t<\/div>\n\t\t\t\t\t<\/div>\n\t\t<\/div>\n\t\t\t\t\t<\/div>\n\t\t<\/section>\n\t\t\t\t<section class=\"elementor-section elementor-top-section elementor-element elementor-element-1841e62 elementor-section-boxed elementor-section-height-default elementor-section-height-default\" data-id=\"1841e62\" data-element_type=\"section\" data-e-type=\"section\">\n\t\t\t\t\t\t<div class=\"elementor-container elementor-column-gap-default\">\n\t\t\t\t\t<div class=\"elementor-column elementor-col-100 elementor-top-column elementor-element elementor-element-830fbad\" data-id=\"830fbad\" data-element_type=\"column\" data-e-type=\"column\">\n\t\t\t<div class=\"elementor-widget-wrap elementor-element-populated\">\n\t\t\t\t\t\t<div class=\"elementor-element elementor-element-a809826 elementor-widget elementor-widget-spacer\" data-id=\"a809826\" data-element_type=\"widget\" data-e-type=\"widget\" data-widget_type=\"spacer.default\">\n\t\t\t\t<div class=\"elementor-widget-container\">\n\t\t\t\t\t\t\t<div class=\"elementor-spacer\">\n\t\t\t<div class=\"elementor-spacer-inner\"><\/div>\n\t\t<\/div>\n\t\t\t\t\t\t<\/div>\n\t\t\t\t<\/div>\n\t\t\t\t\t<\/div>\n\t\t<\/div>\n\t\t\t\t\t<\/div>\n\t\t<\/section>\n\t\t\t\t<\/div>\n\t\t","protected":false},"excerpt":{"rendered":"<p>Blommornas k\u00e4rlek Av\u00a0Erik Axel Karlfeldt Ur:\u00a0Flora och Bellona\u00a0(1918)\u00a0\u00c5rskurs: Gymnasium\u00a0 \u00a0Tema: Natur och m\u00e4nniska,\u00a0V\u00e5r (Linn\u00e9: Sponsalia plantarum; Delici\u00e6 natur\u00e6.) N\u00e4r\u00a0Phoebus\u00a0sk\u00f6n\u00a0Flora\u00a0bes\u00f6kervid\u00a0g\u00f6krop\u00a0fr\u00e5n\u00a0sunnan\u00a0och\u00a0v\u00e4st,fr\u00e5n\u00a0tusen\u00a0sm\u00e5\u00a0altar\u00a0det\u00a0r\u00f6kertill\u00a0lundarnas\u00a0k\u00e4rleksfest. I\u00a0backen\u00a0st\u00e5r\u00a0g\u00f6ksk\u00e4llan\u00a0ludenoch\u00a0r\u00f6r\u00a0som\u00a0till\u00a0h\u00f6gtid\u00a0sin\u00a0kl\u00e4pp,och\u00a0brudgummen\u00a0bidar\u00a0och\u00a0brudenmed\u00a0honung\u00a0p\u00e5\u00a0l\u00e4ngtande\u00a0l\u00e4pp. D\u00e5\u00a0f\u00f6ras\u00a0budskap\u00a0bland\u00a0gr\u00e4senemellan\u00a0de\u00a0\u00e4lskande\u00a0hjonav\u00a0l\u00e4tta,\u00a0livr\u00e9kl\u00e4dda\u00a0v\u00e4senoch\u00a0m\u00e5ngen\u00a0\u00f6m\u00a0postiljon. D\u00e4r\u00a0flyga\u00a0doftande\u00a0kyssarmed\u00a0fj\u00e4rilar,\u00a0humlor\u00a0och\u00a0bin.Var\u00a0fl\u00e4kt\u00a0som\u00a0bland\u00a0st\u00e4nglarna\u00a0kryssarb\u00e4r\u00a0str\u00e4ngars\u00a0och\u00a0visors\u00a0vin. Det\u00a0vaggar\u00a0som\u00a0tusen\u00a0sm\u00e5\u00a0s\u00e4ngarmed\u00a0brokiga\u00a0sparlakan\u00a0p\u00e5,d\u00e4r\u00a0Floras\u00a0pigor\u00a0och\u00a0dr\u00e4ngartill\u00a0vila\u00a0k\u00e4rligen\u00a0g\u00e5. Det\u00a0susar\u00a0i\u00a0lundarna\u00a0vidaen\u00a0bruds\u00e5ng\u00a0om\u00a0ung\u00a0natur.De\u00a0hulda\u00a0timmarna\u00a0glidap\u00e5\u00a0Floras\u00a0blomsterur\u00a0\u2014 fr\u00e5n\u00a0arla,\u00a0d\u00e5\u00a0n\u00e4ckrosen\u00a0str\u00e4ckersin\u00a0krona\u00a0ur\u00a0glimmande\u00a0g\u00f6l,tills\u00a0liljan\u00a0mot\u00a0nattsvalkan\u00a0t\u00e4ckersitt\u00a0kostliga,\u00a0gyllene\u00a0mj\u00f6l. Det\u00a0gick\u00a0en\u00a0man\u00a0genom\u00a0lunden,en\u00a0from\u00a0naturens\u00a0pr\u00e4st;han\u00a0s\u00e5g,\u00a0som\u00a0i\u00a0andakt\u00a0bunden,p\u00e5\u00a0blommornas\u00a0k\u00e4rleksfest. I\u00a0viskande\u00a0br\u00f6llopsringen,d\u00e4r\u00a0r\u00f6kelsen\u00a0vajade\u00a0sk\u00e4r,han\u00a0lyddes\u00a0till\u00a0anden\u00a0i\u00a0tingenoch\u00a0k\u00e4nde\u00a0att\u00a0guden\u00a0var\u00a0n\u00e4r\u00a0\u2014 den\u00a0samme\u00a0som\u00a0f\u00e4stets\u00a0grunderoch\u00a0\u00f6rternas\u00a0v\u00e5rt\u00e4lt\u00a0byggt,den\u00a0samme\u00a0i\u00a0\u00e5skvagnens\u00a0dunderoch\u00a0pollensv\u00e4rmarnas\u00a0flykt, den\u00a0samme\u00a0i\u00a0stormvindens\u00a0v\u00e5goroch\u00a0daggens\u00a0v\u00e4lsignade\u00a0skur,i\u00a0m\u00e4nniskohj\u00e4rtats\u00a0l\u00e5goroch\u00a0stilla\u00a0blomsteramour. L\u00e4s dikten p\u00e5 Litteraturbanken Termer och begrepp Uppgift, Gymnasium Gymnasium J\u00e4mf\u00f6r Denna dikt kan j\u00e4mf\u00f6ras med Carl Snoilskys&nbsp;\u201dCarolus Linn\u00e6us\u201d.<\/p>\n","protected":false},"author":5,"featured_media":0,"parent":0,"menu_order":0,"comment_status":"closed","ping_status":"closed","template":"","meta":{"ocean_post_layout":"full-screen","ocean_both_sidebars_style":"","ocean_both_sidebars_content_width":0,"ocean_both_sidebars_sidebars_width":0,"ocean_sidebar":"0","ocean_second_sidebar":"0","ocean_disable_margins":"enable","ocean_add_body_class":"","ocean_shortcode_before_top_bar":"","ocean_shortcode_after_top_bar":"","ocean_shortcode_before_header":"","ocean_shortcode_after_header":"","ocean_has_shortcode":"","ocean_shortcode_after_title":"","ocean_shortcode_before_footer_widgets":"","ocean_shortcode_after_footer_widgets":"","ocean_shortcode_before_footer_bottom":"","ocean_shortcode_after_footer_bottom":"","ocean_display_top_bar":"default","ocean_display_header":"default","ocean_header_style":"","ocean_center_header_left_menu":"0","ocean_custom_header_template":"0","ocean_custom_logo":0,"ocean_custom_retina_logo":0,"ocean_custom_logo_max_width":0,"ocean_custom_logo_tablet_max_width":0,"ocean_custom_logo_mobile_max_width":0,"ocean_custom_logo_max_height":0,"ocean_custom_logo_tablet_max_height":0,"ocean_custom_logo_mobile_max_height":0,"ocean_header_custom_menu":"0","ocean_menu_typo_font_family":"0","ocean_menu_typo_font_subset":"","ocean_menu_typo_font_size":0,"ocean_menu_typo_font_size_tablet":0,"ocean_menu_typo_font_size_mobile":0,"ocean_menu_typo_font_size_unit":"px","ocean_menu_typo_font_weight":"","ocean_menu_typo_font_weight_tablet":"","ocean_menu_typo_font_weight_mobile":"","ocean_menu_typo_transform":"","ocean_menu_typo_transform_tablet":"","ocean_menu_typo_transform_mobile":"","ocean_menu_typo_line_height":0,"ocean_menu_typo_line_height_tablet":0,"ocean_menu_typo_line_height_mobile":0,"ocean_menu_typo_line_height_unit":"","ocean_menu_typo_spacing":0,"ocean_menu_typo_spacing_tablet":0,"ocean_menu_typo_spacing_mobile":0,"ocean_menu_typo_spacing_unit":"","ocean_menu_link_color":"","ocean_menu_link_color_hover":"","ocean_menu_link_color_active":"","ocean_menu_link_background":"","ocean_menu_link_hover_background":"","ocean_menu_link_active_background":"","ocean_menu_social_links_bg":"","ocean_menu_social_hover_links_bg":"","ocean_menu_social_links_color":"","ocean_menu_social_hover_links_color":"","ocean_disable_title":"on","ocean_disable_heading":"default","ocean_post_title":"","ocean_post_subheading":"","ocean_post_title_style":"","ocean_post_title_background_color":"","ocean_post_title_background":0,"ocean_post_title_bg_image_position":"","ocean_post_title_bg_image_attachment":"","ocean_post_title_bg_image_repeat":"","ocean_post_title_bg_image_size":"","ocean_post_title_height":0,"ocean_post_title_bg_overlay":0.5,"ocean_post_title_bg_overlay_color":"","ocean_disable_breadcrumbs":"default","ocean_breadcrumbs_color":"","ocean_breadcrumbs_separator_color":"","ocean_breadcrumbs_links_color":"","ocean_breadcrumbs_links_hover_color":"","ocean_display_footer_widgets":"default","ocean_display_footer_bottom":"default","ocean_custom_footer_template":"0","footnotes":""},"class_list":["post-10629","page","type-page","status-publish","hentry","entry"],"_links":{"self":[{"href":"https:\/\/litteraturbanken.se\/skolan\/wp-json\/wp\/v2\/pages\/10629","targetHints":{"allow":["GET"]}}],"collection":[{"href":"https:\/\/litteraturbanken.se\/skolan\/wp-json\/wp\/v2\/pages"}],"about":[{"href":"https:\/\/litteraturbanken.se\/skolan\/wp-json\/wp\/v2\/types\/page"}],"author":[{"embeddable":true,"href":"https:\/\/litteraturbanken.se\/skolan\/wp-json\/wp\/v2\/users\/5"}],"replies":[{"embeddable":true,"href":"https:\/\/litteraturbanken.se\/skolan\/wp-json\/wp\/v2\/comments?post=10629"}],"version-history":[{"count":19,"href":"https:\/\/litteraturbanken.se\/skolan\/wp-json\/wp\/v2\/pages\/10629\/revisions"}],"predecessor-version":[{"id":19918,"href":"https:\/\/litteraturbanken.se\/skolan\/wp-json\/wp\/v2\/pages\/10629\/revisions\/19918"}],"wp:attachment":[{"href":"https:\/\/litteraturbanken.se\/skolan\/wp-json\/wp\/v2\/media?parent=10629"}],"curies":[{"name":"wp","href":"https:\/\/api.w.org\/{rel}","templated":true}]}}