{"id":10806,"date":"2018-12-29T09:17:07","date_gmt":"2018-12-29T08:17:07","guid":{"rendered":"https:\/\/litteraturbanken.se\/skoladev\/?page_id=10806"},"modified":"2020-02-13T13:36:21","modified_gmt":"2020-02-13T12:36:21","slug":"poesi-forfattare-johan-ludvig-runeberg-bondgossen","status":"publish","type":"page","link":"https:\/\/litteraturbanken.se\/skolan\/poesi-forfattare-johan-ludvig-runeberg-bondgossen\/","title":{"rendered":"Poesi\/F\u00f6rfattare\/Johan Ludvig Runeberg\/Bondgossen"},"content":{"rendered":"\t\t<div data-elementor-type=\"wp-post\" data-elementor-id=\"10806\" class=\"elementor elementor-10806\">\n\t\t\t\t\t\t<section class=\"elementor-section elementor-top-section elementor-element elementor-element-57f5ac8 elementor-section-boxed elementor-section-height-default elementor-section-height-default\" data-id=\"57f5ac8\" data-element_type=\"section\" data-e-type=\"section\">\n\t\t\t\t\t\t<div class=\"elementor-container elementor-column-gap-default\">\n\t\t\t\t\t<div class=\"elementor-column elementor-col-100 elementor-top-column elementor-element elementor-element-42f913c\" data-id=\"42f913c\" data-element_type=\"column\" data-e-type=\"column\">\n\t\t\t<div class=\"elementor-widget-wrap elementor-element-populated\">\n\t\t\t\t\t\t<div class=\"elementor-element elementor-element-19336c1 elementor-widget elementor-widget-spacer\" data-id=\"19336c1\" data-element_type=\"widget\" data-e-type=\"widget\" data-widget_type=\"spacer.default\">\n\t\t\t\t<div class=\"elementor-widget-container\">\n\t\t\t\t\t\t\t<div class=\"elementor-spacer\">\n\t\t\t<div class=\"elementor-spacer-inner\"><\/div>\n\t\t<\/div>\n\t\t\t\t\t\t<\/div>\n\t\t\t\t<\/div>\n\t\t\t\t\t<\/div>\n\t\t<\/div>\n\t\t\t\t\t<\/div>\n\t\t<\/section>\n\t\t\t\t<section class=\"elementor-section elementor-inner-section elementor-element elementor-element-55b2902 elementor-section-boxed elementor-section-height-default elementor-section-height-default\" data-id=\"55b2902\" data-element_type=\"section\" data-e-type=\"section\">\n\t\t\t\t\t\t<div class=\"elementor-container elementor-column-gap-default\">\n\t\t\t\t\t<div class=\"elementor-column elementor-col-66 elementor-inner-column elementor-element elementor-element-d9816ab\" data-id=\"d9816ab\" data-element_type=\"column\" data-e-type=\"column\" data-settings=\"{&quot;background_background&quot;:&quot;classic&quot;}\">\n\t\t\t<div class=\"elementor-widget-wrap elementor-element-populated\">\n\t\t\t\t\t\t<div class=\"elementor-element elementor-element-7cbd894 elementor-widget elementor-widget-heading\" data-id=\"7cbd894\" data-element_type=\"widget\" data-e-type=\"widget\" data-widget_type=\"heading.default\">\n\t\t\t\t<div class=\"elementor-widget-container\">\n\t\t\t\t\t<h2 class=\"elementor-heading-title elementor-size-default\">Bondgossen<\/h2>\t\t\t\t<\/div>\n\t\t\t\t<\/div>\n\t\t\t\t<div class=\"elementor-element elementor-element-7ae4da0 elementor-widget elementor-widget-text-editor\" data-id=\"7ae4da0\" data-element_type=\"widget\" data-e-type=\"widget\" data-widget_type=\"text-editor.default\">\n\t\t\t\t<div class=\"elementor-widget-container\">\n\t\t\t\t\t\t\t\t\t<p>Av <a href=\"https:\/\/litteraturbanken.se\/skolan\/?page_id=142&amp;preview_nonce=5893baa4b1\"><em>Johan Ludvig Runeberg<\/em><\/a><\/p>\t\t\t\t\t\t\t\t<\/div>\n\t\t\t\t<\/div>\n\t\t\t\t<div class=\"elementor-element elementor-element-18edf43 elementor-widget elementor-widget-text-editor\" data-id=\"18edf43\" data-element_type=\"widget\" data-e-type=\"widget\" data-widget_type=\"text-editor.default\">\n\t\t\t\t<div class=\"elementor-widget-container\">\n\t\t\t\t\t\t\t\t\t<p><strong>Ur:<\/strong>\u00a0Dikter<em>\u00a0<\/em><span style=\"font-size: 15px; letter-spacing: 0.6px;\"><span class=\"ng-binding\" aria-hidden=\"false\">(1998)<\/span>\u00a0<\/span><strong>\u00c5rskurs<\/strong>: Gymnasium \u00a0<strong>Tema<\/strong>:\u00a0 R\u00f6tter och historia<\/p>\t\t\t\t\t\t\t\t<\/div>\n\t\t\t\t<\/div>\n\t\t\t\t<div class=\"elementor-element elementor-element-fef35d3 elementor-widget elementor-widget-text-editor\" data-id=\"fef35d3\" data-element_type=\"widget\" data-e-type=\"widget\" data-widget_type=\"text-editor.default\">\n\t\t\t\t<div class=\"elementor-widget-container\">\n\t\t\t\t\t\t\t\t\t<p>Jag\u00a0huggit\u00a0tills\u00a0min\u00a0kraft\u00a0f\u00f6rg\u00e5tt,<br \/>och\u00a0hugger\u00a0om\u00a0igen,<br \/>och\u00a0yxans\u00a0st\u00e5l\u00a0\u00e4r\u00a0vasst\u00a0och\u00a0gott,<br \/>men\u00a0furan\u00a0st\u00e5r\u00a0dock\u00a0\u00e4n.<br \/><br \/>Min\u00a0arm\u00a0var\u00a0en\u00a0g\u00e5ng\u00a0tung\u00a0och\u00a0stark;<br \/>nu\u00a0\u00e4r\u00a0den\u00a0mer\u00a0ej\u00a0s\u00e5,<br \/>sen\u00a0vintern\u00a0om\u00a0jag\u00a0\u00e4tit\u00a0bark<br \/>och\u00a0druckit\u00a0vatten\u00a0p\u00e5.<br \/><br \/>Ifall\u00a0min\u00a0tj\u00e4nst\u00a0jag\u00a0bytte\u00a0om<br \/>och\u00a0b\u00e4ttre\u00a0f\u00f6r\u00a0mig\u00a0s\u00e5g;<br \/>jag\u00a0kanske\u00a0till\u00a0en\u00a0herre\u00a0kom,<br \/>som\u00a0hade\u00a0br\u00f6d\u00a0av\u00a0r\u00e5g.<br \/><br \/>Kanske\u00a0i\u00a0n\u00e4rmsta\u00a0stad\u00a0jag\u00a0fann<br \/>en\u00a0l\u00f6n\u00a0f\u00f6r\u00a0tro\u00a0och\u00a0flit.\u00a0\u2013<br \/>Jag\u00a0t\u00e4nker\u00a0ofta\u00a0s\u00e5,\u00a0och\u00a0kan<br \/>dock\u00a0icke\u00a0l\u00e4ngta\u00a0dit.<br \/><br \/>St\u00e5r\u00a0fj\u00e4llet\u00a0d\u00e4r\u00a0med\u00a0l\u00f6vprydd\u00a0topp<br \/>och\u00a0ser\u00a0i\u00a0sj\u00f6n\u00a0sin\u00a0bild?<br \/>G\u00e5r\u00a0solen\u00a0d\u00e4r\u00a0s\u00e5\u00a0h\u00e4rlig\u00a0opp,<br \/>och\u00a0g\u00e5r\u00a0den\u00a0ner\u00a0s\u00e5\u00a0mild?<br \/><br \/>Finns\u00a0d\u00e4r\u00a0en\u00a0dal,\u00a0som\u00a0blomdoft\u00a0str\u00f6r,<br \/>en\u00a0mo,\u00a0som\u00a0tallar\u00a0b\u00e4r?<br \/>Och\u00a0hon,\u00a0vars\u00a0vallhorn\u00a0nu\u00a0jag\u00a0h\u00f6r,<br \/>skall\u00a0hon\u00a0v\u00e4l\u00a0finnas\u00a0d\u00e4r?<br \/><br \/>F\u00f6rbi\u00a0far\u00a0molnet\u00a0utan\u00a0skygd,<br \/>till\u00a0vindens\u00a0tidsf\u00f6rdriv\u00a0\u2013<br \/>och,\u00a0utan\u00a0v\u00e4n\u00a0och\u00a0fosterbygd,<br \/>vad\u00a0\u00e4r\u00a0ett\u00a0m\u00e4nskoliv?<br \/><br \/>Kanske\u00a0att\u00a0Gud\u00a0h\u00f6r\u00a0folkets\u00a0r\u00f6st<br \/>och\u00a0lindrar\u00a0landets\u00a0n\u00f6d;<br \/>kanske\u00a0en\u00a0b\u00e4ttre\u00a0sk\u00f6rd\u00a0i\u00a0h\u00f6st<br \/>oss\u00a0ger\u00a0ett\u00a0b\u00e4ttre\u00a0br\u00f6d.<\/p>\t\t\t\t\t\t\t\t<\/div>\n\t\t\t\t<\/div>\n\t\t\t\t\t<\/div>\n\t\t<\/div>\n\t\t\t\t<div class=\"elementor-column elementor-col-33 elementor-inner-column elementor-element elementor-element-85219ac\" data-id=\"85219ac\" data-element_type=\"column\" data-e-type=\"column\">\n\t\t\t<div class=\"elementor-widget-wrap elementor-element-populated\">\n\t\t\t\t\t\t<div class=\"elementor-element elementor-element-ce499d2 elementor-widget elementor-widget-wp-widget-media_audio\" data-id=\"ce499d2\" data-element_type=\"widget\" data-e-type=\"widget\" data-widget_type=\"wp-widget-media_audio.default\">\n\t\t\t\t<div class=\"elementor-widget-container\">\n\t\t\t\t\t<h5>Dick Cla\u00e9sson l\u00e4ser \u201dBondgossen\u201d av Johan Ludvig Runeberg.<\/h5><audio class=\"wp-audio-shortcode\" id=\"audio-10806-1\" preload=\"none\" style=\"width: 100%;\" controls=\"controls\"><source type=\"audio\/mpeg\" src=\"https:\/\/litteraturbanken.se\/skolan\/wp-content\/uploads\/2019\/03\/runeberg_bondgossen_claesson.mp3?_=1\" \/><source type=\"audio\/mpeg\" src=\"https:\/\/litteraturbanken.se\/skolan\/wp-content\/uploads\/2019\/03\/runeberg_bondgossen_claesson.mp3?_=1\" \/><a href=\"https:\/\/litteraturbanken.se\/skolan\/wp-content\/uploads\/2019\/03\/runeberg_bondgossen_claesson.mp3\">https:\/\/litteraturbanken.se\/skolan\/wp-content\/uploads\/2019\/03\/runeberg_bondgossen_claesson.mp3<\/a><\/audio>\t\t\t\t<\/div>\n\t\t\t\t<\/div>\n\t\t\t\t<div class=\"elementor-element elementor-element-d820863 elementor-icon-list--layout-traditional elementor-list-item-link-full_width elementor-widget elementor-widget-icon-list\" data-id=\"d820863\" data-element_type=\"widget\" data-e-type=\"widget\" data-widget_type=\"icon-list.default\">\n\t\t\t\t<div class=\"elementor-widget-container\">\n\t\t\t\t\t\t\t<ul class=\"elementor-icon-list-items\">\n\t\t\t\t\t\t\t<li class=\"elementor-icon-list-item\">\n\t\t\t\t\t\t\t\t\t\t\t<a href=\"https:\/\/litteraturbanken.se\/forfattare\/RunebergJL\/titlar\/Dikter\/sida\/161\/etext\" target=\"_blank\">\n\n\t\t\t\t\t\t\t\t\t\t\t\t<span class=\"elementor-icon-list-icon\">\n\t\t\t\t\t\t\t\t\t\t\t\t\t\t\t\t<i class=\"fa fa-file-text-o\" aria-hidden=\"true\"><\/i>\n\t\t\t\t\t\t\t\t\t\t\t\t\t<\/span>\n\t\t\t\t\t\t\t\t\t\t<span class=\"elementor-icon-list-text\">L\u00e4s dikten p\u00e5 Litteraturbanken<\/span>\n\t\t\t\t\t\t\t\t\t\t\t<\/a>\n\t\t\t\t\t\t\t\t\t<\/li>\n\t\t\t\t\t\t\t\t<li class=\"elementor-icon-list-item\">\n\t\t\t\t\t\t\t\t\t\t\t<a href=\"https:\/\/litteraturbanken.se\/skolan\/?page_id=261\" target=\"_blank\">\n\n\t\t\t\t\t\t\t\t\t\t\t\t<span class=\"elementor-icon-list-icon\">\n\t\t\t\t\t\t\t\t\t\t\t\t\t\t\t\t<i class=\"fa fa-file-text-o\" aria-hidden=\"true\"><\/i>\n\t\t\t\t\t\t\t\t\t\t\t\t\t<\/span>\n\t\t\t\t\t\t\t\t\t\t<span class=\"elementor-icon-list-text\">Termer och begrepp<\/span>\n\t\t\t\t\t\t\t\t\t\t\t<\/a>\n\t\t\t\t\t\t\t\t\t<\/li>\n\t\t\t\t\t\t<\/ul>\n\t\t\t\t\t\t<\/div>\n\t\t\t\t<\/div>\n\t\t\t\t<div class=\"elementor-element elementor-element-a2f36a7 elementor-align-center elementor-widget elementor-widget-button\" data-id=\"a2f36a7\" data-element_type=\"widget\" data-e-type=\"widget\" data-widget_type=\"button.default\">\n\t\t\t\t<div class=\"elementor-widget-container\">\n\t\t\t\t\t\t\t\t\t<div class=\"elementor-button-wrapper\">\n\t\t\t\t\t<a class=\"elementor-button elementor-button-link elementor-size-md elementor-animation-grow\" href=\"#uppgift\">\n\t\t\t\t\t\t<span class=\"elementor-button-content-wrapper\">\n\t\t\t\t\t\t<span class=\"elementor-button-icon\">\n\t\t\t\t\t\t\t\t\t<i class=\"fa fa-pencil\" aria-hidden=\"true\"><\/i>\n\t\t\t\t\t\t\t<\/span>\n\t\t\t\t\t\t\t\t\t<span class=\"elementor-button-text\">Uppgift, Gymnasium<\/span>\n\t\t\t\t\t<\/span>\n\t\t\t\t\t<\/a>\n\t\t\t\t<\/div>\n\t\t\t\t\t\t\t\t<\/div>\n\t\t\t\t<\/div>\n\t\t\t\t<div class=\"elementor-element elementor-element-9b09c5d elementor-widget elementor-widget-image\" data-id=\"9b09c5d\" data-element_type=\"widget\" data-e-type=\"widget\" data-widget_type=\"image.default\">\n\t\t\t\t<div class=\"elementor-widget-container\">\n\t\t\t\t\t\t\t\t\t\t\t\t\t\t\t<img fetchpriority=\"high\" decoding=\"async\" width=\"300\" height=\"300\" src=\"https:\/\/litteraturbanken.se\/skolan\/wp-content\/uploads\/2019\/03\/lb_skolan_2019_knapp_f\u00f6rfattarbild_runeberg_r\u00f6d-e1553013294765.jpg\" class=\"attachment-full size-full wp-image-13774\" alt=\"\" \/>\t\t\t\t\t\t\t\t\t\t\t\t\t\t\t<\/div>\n\t\t\t\t<\/div>\n\t\t\t\t\t<\/div>\n\t\t<\/div>\n\t\t\t\t\t<\/div>\n\t\t<\/section>\n\t\t\t\t<section class=\"elementor-section elementor-top-section elementor-element elementor-element-2907e7f elementor-section-boxed elementor-section-height-default elementor-section-height-default\" data-id=\"2907e7f\" data-element_type=\"section\" data-e-type=\"section\">\n\t\t\t\t\t\t<div class=\"elementor-container elementor-column-gap-default\">\n\t\t\t\t\t<div class=\"elementor-column elementor-col-100 elementor-top-column elementor-element elementor-element-35f320b\" data-id=\"35f320b\" data-element_type=\"column\" data-e-type=\"column\">\n\t\t\t<div class=\"elementor-widget-wrap elementor-element-populated\">\n\t\t\t\t\t\t<div class=\"elementor-element elementor-element-d302e19 elementor-widget elementor-widget-spacer\" data-id=\"d302e19\" data-element_type=\"widget\" data-e-type=\"widget\" data-widget_type=\"spacer.default\">\n\t\t\t\t<div class=\"elementor-widget-container\">\n\t\t\t\t\t\t\t<div class=\"elementor-spacer\">\n\t\t\t<div class=\"elementor-spacer-inner\"><\/div>\n\t\t<\/div>\n\t\t\t\t\t\t<\/div>\n\t\t\t\t<\/div>\n\t\t\t\t\t<\/div>\n\t\t<\/div>\n\t\t\t\t\t<\/div>\n\t\t<\/section>\n\t\t\t\t<section class=\"elementor-section elementor-top-section elementor-element elementor-element-fc2ade5 elementor-section-boxed elementor-section-height-default elementor-section-height-default\" data-id=\"fc2ade5\" data-element_type=\"section\" data-e-type=\"section\">\n\t\t\t\t\t\t<div class=\"elementor-container elementor-column-gap-default\">\n\t\t\t\t\t<div class=\"elementor-column elementor-col-100 elementor-top-column elementor-element elementor-element-033789f\" data-id=\"033789f\" data-element_type=\"column\" data-e-type=\"column\" data-settings=\"{&quot;background_background&quot;:&quot;classic&quot;}\">\n\t\t\t<div class=\"elementor-widget-wrap elementor-element-populated\">\n\t\t\t\t\t\t<section class=\"elementor-section elementor-inner-section elementor-element elementor-element-54776d5 elementor-section-boxed elementor-section-height-default elementor-section-height-default\" data-id=\"54776d5\" data-element_type=\"section\" data-e-type=\"section\">\n\t\t\t\t\t\t<div class=\"elementor-container elementor-column-gap-default\">\n\t\t\t\t\t<div class=\"elementor-column elementor-col-100 elementor-inner-column elementor-element elementor-element-3d18e4d\" data-id=\"3d18e4d\" data-element_type=\"column\" data-e-type=\"column\">\n\t\t\t<div class=\"elementor-widget-wrap elementor-element-populated\">\n\t\t\t\t\t\t<div class=\"elementor-element elementor-element-bea141a elementor-widget elementor-widget-menu-anchor\" data-id=\"bea141a\" data-element_type=\"widget\" data-e-type=\"widget\" data-widget_type=\"menu-anchor.default\">\n\t\t\t\t<div class=\"elementor-widget-container\">\n\t\t\t\t\t\t\t<div class=\"elementor-menu-anchor\" id=\"uppgift\"><\/div>\n\t\t\t\t\t\t<\/div>\n\t\t\t\t<\/div>\n\t\t\t\t<div class=\"elementor-element elementor-element-7d3b79f elementor-view-framed elementor-shape-circle elementor-widget elementor-widget-icon\" data-id=\"7d3b79f\" data-element_type=\"widget\" data-e-type=\"widget\" data-widget_type=\"icon.default\">\n\t\t\t\t<div class=\"elementor-widget-container\">\n\t\t\t\t\t\t\t<div class=\"elementor-icon-wrapper\">\n\t\t\t<div class=\"elementor-icon\">\n\t\t\t\t\t\t\t<i class=\"fa fa-pencil\" aria-hidden=\"true\"><\/i>\n\t\t\t\t\t\t<\/div>\n\t\t<\/div>\n\t\t\t\t\t\t<\/div>\n\t\t\t\t<\/div>\n\t\t\t\t<div class=\"elementor-element elementor-element-7365776 elementor-widget elementor-widget-toggle\" data-id=\"7365776\" data-element_type=\"widget\" data-e-type=\"widget\" data-widget_type=\"toggle.default\">\n\t\t\t\t<div class=\"elementor-widget-container\">\n\t\t\t\t\t\t\t<div class=\"elementor-toggle\">\n\t\t\t\t\t\t\t<div class=\"elementor-toggle-item\">\n\t\t\t\t\t<div id=\"elementor-tab-title-1211\" class=\"elementor-tab-title\" data-tab=\"1\" role=\"button\" aria-controls=\"elementor-tab-content-1211\" aria-expanded=\"false\">\n\t\t\t\t\t\t\t\t\t\t\t\t<span class=\"elementor-toggle-icon elementor-toggle-icon-left\" aria-hidden=\"true\">\n\t\t\t\t\t\t\t\t\t\t\t\t\t\t\t<i class=\"elementor-toggle-icon-closed fa fa-chevron-right\"><\/i>\n\t\t\t\t\t\t\t\t<i class=\"elementor-toggle-icon-opened fa fa-chevron-down\"><\/i>\n\t\t\t\t\t\t\t\t\t\t\t\t\t<\/span>\n\t\t\t\t\t\t\t\t\t\t\t\t<a class=\"elementor-toggle-title\" tabindex=\"0\">Gymnasium<\/a>\n\t\t\t\t\t<\/div>\n\n\t\t\t\t\t<div id=\"elementor-tab-content-1211\" class=\"elementor-tab-content elementor-clearfix\" data-tab=\"1\" role=\"region\" aria-labelledby=\"elementor-tab-title-1211\"><p><span style=\"font-family: 'Roboto Condensed', 'Roboto Condensed'; font-size: 16px; font-style: normal; font-variant-caps: normal;\">Just den h\u00e4r dikten \u00e4r inte kopplad till n\u00e5gon specifik uppgift, utan h\u00e4r skall du v\u00e4lja ett av f\u00f6rslagen p\u00e5 sidan <u><a href=\"https:\/\/litteraturbanken.se\/skolan\/poesi-analysmodeller\/\">\u201d6 s\u00e4tt att analysera dikter\u201d<\/a>.<\/u><\/span><span style=\"font-family: 'Roboto Condensed', 'Roboto Condensed'; font-size: 16px; font-style: normal; font-variant-caps: normal;\">&nbsp; Arbeta sedan med dikten med hj\u00e4lp av n\u00e5gon av metoderna d\u00e4r.<\/span><\/p><\/div>\n\t\t\t\t<\/div>\n\t\t\t\t\t\t\t\t<\/div>\n\t\t\t\t\t\t<\/div>\n\t\t\t\t<\/div>\n\t\t\t\t\t<\/div>\n\t\t<\/div>\n\t\t\t\t\t<\/div>\n\t\t<\/section>\n\t\t\t\t\t<\/div>\n\t\t<\/div>\n\t\t\t\t\t<\/div>\n\t\t<\/section>\n\t\t\t\t<section class=\"elementor-section elementor-top-section elementor-element elementor-element-6fc8333 elementor-section-boxed elementor-section-height-default elementor-section-height-default\" data-id=\"6fc8333\" data-element_type=\"section\" data-e-type=\"section\">\n\t\t\t\t\t\t<div class=\"elementor-container elementor-column-gap-default\">\n\t\t\t\t\t<div class=\"elementor-column elementor-col-100 elementor-top-column elementor-element elementor-element-81343f1\" data-id=\"81343f1\" data-element_type=\"column\" data-e-type=\"column\">\n\t\t\t<div class=\"elementor-widget-wrap elementor-element-populated\">\n\t\t\t\t\t\t<div class=\"elementor-element elementor-element-06fc99d elementor-widget elementor-widget-spacer\" data-id=\"06fc99d\" data-element_type=\"widget\" data-e-type=\"widget\" data-widget_type=\"spacer.default\">\n\t\t\t\t<div class=\"elementor-widget-container\">\n\t\t\t\t\t\t\t<div class=\"elementor-spacer\">\n\t\t\t<div class=\"elementor-spacer-inner\"><\/div>\n\t\t<\/div>\n\t\t\t\t\t\t<\/div>\n\t\t\t\t<\/div>\n\t\t\t\t\t<\/div>\n\t\t<\/div>\n\t\t\t\t\t<\/div>\n\t\t<\/section>\n\t\t\t\t<\/div>\n\t\t","protected":false},"excerpt":{"rendered":"<p>Bondgossen Av Johan Ludvig Runeberg Ur:\u00a0Dikter\u00a0(1998)\u00a0\u00c5rskurs: Gymnasium \u00a0Tema:\u00a0 R\u00f6tter och historia Jag\u00a0huggit\u00a0tills\u00a0min\u00a0kraft\u00a0f\u00f6rg\u00e5tt,och\u00a0hugger\u00a0om\u00a0igen,och\u00a0yxans\u00a0st\u00e5l\u00a0\u00e4r\u00a0vasst\u00a0och\u00a0gott,men\u00a0furan\u00a0st\u00e5r\u00a0dock\u00a0\u00e4n. Min\u00a0arm\u00a0var\u00a0en\u00a0g\u00e5ng\u00a0tung\u00a0och\u00a0stark;nu\u00a0\u00e4r\u00a0den\u00a0mer\u00a0ej\u00a0s\u00e5,sen\u00a0vintern\u00a0om\u00a0jag\u00a0\u00e4tit\u00a0barkoch\u00a0druckit\u00a0vatten\u00a0p\u00e5. Ifall\u00a0min\u00a0tj\u00e4nst\u00a0jag\u00a0bytte\u00a0omoch\u00a0b\u00e4ttre\u00a0f\u00f6r\u00a0mig\u00a0s\u00e5g;jag\u00a0kanske\u00a0till\u00a0en\u00a0herre\u00a0kom,som\u00a0hade\u00a0br\u00f6d\u00a0av\u00a0r\u00e5g. Kanske\u00a0i\u00a0n\u00e4rmsta\u00a0stad\u00a0jag\u00a0fannen\u00a0l\u00f6n\u00a0f\u00f6r\u00a0tro\u00a0och\u00a0flit.\u00a0\u2013Jag\u00a0t\u00e4nker\u00a0ofta\u00a0s\u00e5,\u00a0och\u00a0kandock\u00a0icke\u00a0l\u00e4ngta\u00a0dit. St\u00e5r\u00a0fj\u00e4llet\u00a0d\u00e4r\u00a0med\u00a0l\u00f6vprydd\u00a0toppoch\u00a0ser\u00a0i\u00a0sj\u00f6n\u00a0sin\u00a0bild?G\u00e5r\u00a0solen\u00a0d\u00e4r\u00a0s\u00e5\u00a0h\u00e4rlig\u00a0opp,och\u00a0g\u00e5r\u00a0den\u00a0ner\u00a0s\u00e5\u00a0mild? Finns\u00a0d\u00e4r\u00a0en\u00a0dal,\u00a0som\u00a0blomdoft\u00a0str\u00f6r,en\u00a0mo,\u00a0som\u00a0tallar\u00a0b\u00e4r?Och\u00a0hon,\u00a0vars\u00a0vallhorn\u00a0nu\u00a0jag\u00a0h\u00f6r,skall\u00a0hon\u00a0v\u00e4l\u00a0finnas\u00a0d\u00e4r? F\u00f6rbi\u00a0far\u00a0molnet\u00a0utan\u00a0skygd,till\u00a0vindens\u00a0tidsf\u00f6rdriv\u00a0\u2013och,\u00a0utan\u00a0v\u00e4n\u00a0och\u00a0fosterbygd,vad\u00a0\u00e4r\u00a0ett\u00a0m\u00e4nskoliv? Kanske\u00a0att\u00a0Gud\u00a0h\u00f6r\u00a0folkets\u00a0r\u00f6stoch\u00a0lindrar\u00a0landets\u00a0n\u00f6d;kanske\u00a0en\u00a0b\u00e4ttre\u00a0sk\u00f6rd\u00a0i\u00a0h\u00f6stoss\u00a0ger\u00a0ett\u00a0b\u00e4ttre\u00a0br\u00f6d. L\u00e4s dikten p\u00e5 Litteraturbanken Termer och begrepp Uppgift, Gymnasium Gymnasium Just den h\u00e4r dikten \u00e4r inte kopplad till n\u00e5gon specifik uppgift, utan h\u00e4r skall du v\u00e4lja ett av f\u00f6rslagen p\u00e5 sidan \u201d6 s\u00e4tt att analysera dikter\u201d.&nbsp; [&hellip;]<\/p>\n","protected":false},"author":5,"featured_media":0,"parent":0,"menu_order":0,"comment_status":"closed","ping_status":"closed","template":"","meta":{"ocean_post_layout":"full-screen","ocean_both_sidebars_style":"","ocean_both_sidebars_content_width":0,"ocean_both_sidebars_sidebars_width":0,"ocean_sidebar":"0","ocean_second_sidebar":"0","ocean_disable_margins":"enable","ocean_add_body_class":"","ocean_shortcode_before_top_bar":"","ocean_shortcode_after_top_bar":"","ocean_shortcode_before_header":"","ocean_shortcode_after_header":"","ocean_has_shortcode":"","ocean_shortcode_after_title":"","ocean_shortcode_before_footer_widgets":"","ocean_shortcode_after_footer_widgets":"","ocean_shortcode_before_footer_bottom":"","ocean_shortcode_after_footer_bottom":"","ocean_display_top_bar":"default","ocean_display_header":"default","ocean_header_style":"","ocean_center_header_left_menu":"0","ocean_custom_header_template":"0","ocean_custom_logo":0,"ocean_custom_retina_logo":0,"ocean_custom_logo_max_width":0,"ocean_custom_logo_tablet_max_width":0,"ocean_custom_logo_mobile_max_width":0,"ocean_custom_logo_max_height":0,"ocean_custom_logo_tablet_max_height":0,"ocean_custom_logo_mobile_max_height":0,"ocean_header_custom_menu":"0","ocean_menu_typo_font_family":"0","ocean_menu_typo_font_subset":"","ocean_menu_typo_font_size":0,"ocean_menu_typo_font_size_tablet":0,"ocean_menu_typo_font_size_mobile":0,"ocean_menu_typo_font_size_unit":"px","ocean_menu_typo_font_weight":"","ocean_menu_typo_font_weight_tablet":"","ocean_menu_typo_font_weight_mobile":"","ocean_menu_typo_transform":"","ocean_menu_typo_transform_tablet":"","ocean_menu_typo_transform_mobile":"","ocean_menu_typo_line_height":0,"ocean_menu_typo_line_height_tablet":0,"ocean_menu_typo_line_height_mobile":0,"ocean_menu_typo_line_height_unit":"","ocean_menu_typo_spacing":0,"ocean_menu_typo_spacing_tablet":0,"ocean_menu_typo_spacing_mobile":0,"ocean_menu_typo_spacing_unit":"","ocean_menu_link_color":"","ocean_menu_link_color_hover":"","ocean_menu_link_color_active":"","ocean_menu_link_background":"","ocean_menu_link_hover_background":"","ocean_menu_link_active_background":"","ocean_menu_social_links_bg":"","ocean_menu_social_hover_links_bg":"","ocean_menu_social_links_color":"","ocean_menu_social_hover_links_color":"","ocean_disable_title":"on","ocean_disable_heading":"default","ocean_post_title":"","ocean_post_subheading":"","ocean_post_title_style":"","ocean_post_title_background_color":"","ocean_post_title_background":0,"ocean_post_title_bg_image_position":"","ocean_post_title_bg_image_attachment":"","ocean_post_title_bg_image_repeat":"","ocean_post_title_bg_image_size":"","ocean_post_title_height":0,"ocean_post_title_bg_overlay":0.5,"ocean_post_title_bg_overlay_color":"","ocean_disable_breadcrumbs":"default","ocean_breadcrumbs_color":"","ocean_breadcrumbs_separator_color":"","ocean_breadcrumbs_links_color":"","ocean_breadcrumbs_links_hover_color":"","ocean_display_footer_widgets":"default","ocean_display_footer_bottom":"default","ocean_custom_footer_template":"0","footnotes":""},"class_list":["post-10806","page","type-page","status-publish","hentry","entry"],"_links":{"self":[{"href":"https:\/\/litteraturbanken.se\/skolan\/wp-json\/wp\/v2\/pages\/10806","targetHints":{"allow":["GET"]}}],"collection":[{"href":"https:\/\/litteraturbanken.se\/skolan\/wp-json\/wp\/v2\/pages"}],"about":[{"href":"https:\/\/litteraturbanken.se\/skolan\/wp-json\/wp\/v2\/types\/page"}],"author":[{"embeddable":true,"href":"https:\/\/litteraturbanken.se\/skolan\/wp-json\/wp\/v2\/users\/5"}],"replies":[{"embeddable":true,"href":"https:\/\/litteraturbanken.se\/skolan\/wp-json\/wp\/v2\/comments?post=10806"}],"version-history":[{"count":14,"href":"https:\/\/litteraturbanken.se\/skolan\/wp-json\/wp\/v2\/pages\/10806\/revisions"}],"predecessor-version":[{"id":20146,"href":"https:\/\/litteraturbanken.se\/skolan\/wp-json\/wp\/v2\/pages\/10806\/revisions\/20146"}],"wp:attachment":[{"href":"https:\/\/litteraturbanken.se\/skolan\/wp-json\/wp\/v2\/media?parent=10806"}],"curies":[{"name":"wp","href":"https:\/\/api.w.org\/{rel}","templated":true}]}}