{"id":10839,"date":"2018-12-29T09:42:42","date_gmt":"2018-12-29T08:42:42","guid":{"rendered":"https:\/\/litteraturbanken.se\/skoladev\/?page_id=10839"},"modified":"2020-02-25T11:30:39","modified_gmt":"2020-02-25T10:30:39","slug":"poesi-forfattare-august-strindberg-esplanadsystemet","status":"publish","type":"page","link":"https:\/\/litteraturbanken.se\/skolan\/poesi-forfattare-august-strindberg-esplanadsystemet\/","title":{"rendered":"Poesi\/F\u00f6rfattare\/August Strindberg\/Esplanadsystemet"},"content":{"rendered":"\t\t<div data-elementor-type=\"wp-post\" data-elementor-id=\"10839\" class=\"elementor elementor-10839\">\n\t\t\t\t\t\t<section class=\"elementor-section elementor-top-section elementor-element elementor-element-d16a62c elementor-section-boxed elementor-section-height-default elementor-section-height-default\" data-id=\"d16a62c\" data-element_type=\"section\" data-e-type=\"section\">\n\t\t\t\t\t\t<div class=\"elementor-container elementor-column-gap-default\">\n\t\t\t\t\t<div class=\"elementor-column elementor-col-100 elementor-top-column elementor-element elementor-element-77ad4ad\" data-id=\"77ad4ad\" data-element_type=\"column\" data-e-type=\"column\">\n\t\t\t<div class=\"elementor-widget-wrap elementor-element-populated\">\n\t\t\t\t\t\t<div class=\"elementor-element elementor-element-53442be elementor-widget elementor-widget-spacer\" data-id=\"53442be\" data-element_type=\"widget\" data-e-type=\"widget\" data-widget_type=\"spacer.default\">\n\t\t\t\t<div class=\"elementor-widget-container\">\n\t\t\t\t\t\t\t<div class=\"elementor-spacer\">\n\t\t\t<div class=\"elementor-spacer-inner\"><\/div>\n\t\t<\/div>\n\t\t\t\t\t\t<\/div>\n\t\t\t\t<\/div>\n\t\t\t\t\t<\/div>\n\t\t<\/div>\n\t\t\t\t\t<\/div>\n\t\t<\/section>\n\t\t\t\t<section class=\"elementor-section elementor-inner-section elementor-element elementor-element-e6e170f elementor-section-boxed elementor-section-height-default elementor-section-height-default\" data-id=\"e6e170f\" data-element_type=\"section\" data-e-type=\"section\">\n\t\t\t\t\t\t<div class=\"elementor-container elementor-column-gap-default\">\n\t\t\t\t\t<div class=\"elementor-column elementor-col-66 elementor-inner-column elementor-element elementor-element-f1fa8fb\" data-id=\"f1fa8fb\" data-element_type=\"column\" data-e-type=\"column\" data-settings=\"{&quot;background_background&quot;:&quot;classic&quot;}\">\n\t\t\t<div class=\"elementor-widget-wrap elementor-element-populated\">\n\t\t\t\t\t\t<div class=\"elementor-element elementor-element-0de0466 elementor-widget elementor-widget-heading\" data-id=\"0de0466\" data-element_type=\"widget\" data-e-type=\"widget\" data-widget_type=\"heading.default\">\n\t\t\t\t<div class=\"elementor-widget-container\">\n\t\t\t\t\t<h2 class=\"elementor-heading-title elementor-size-default\">Esplanadsystemet<\/h2>\t\t\t\t<\/div>\n\t\t\t\t<\/div>\n\t\t\t\t<div class=\"elementor-element elementor-element-0782558 elementor-widget elementor-widget-text-editor\" data-id=\"0782558\" data-element_type=\"widget\" data-e-type=\"widget\" data-widget_type=\"text-editor.default\">\n\t\t\t\t<div class=\"elementor-widget-container\">\n\t\t\t\t\t\t\t\t\t<p>Av\u00a0<a href=\"https:\/\/litteraturbanken.se\/skolan\/?page_id=6730\"><em>August Strindberg<\/em><\/a><\/p>\t\t\t\t\t\t\t\t<\/div>\n\t\t\t\t<\/div>\n\t\t\t\t<div class=\"elementor-element elementor-element-b997cf6 elementor-widget elementor-widget-text-editor\" data-id=\"b997cf6\" data-element_type=\"widget\" data-e-type=\"widget\" data-widget_type=\"text-editor.default\">\n\t\t\t\t<div class=\"elementor-widget-container\">\n\t\t\t\t\t\t\t\t\t<p><strong>Ur:\u00a0<\/strong><em>Samlade Verk 15. Dikter p\u00e5 vers och prosa. S\u00f6mng\u00e5ngarn\u00e4tter p\u00e5 vakna dagar (1995)\u00a0 <\/em><strong>\u00c5rskurs<\/strong>:\u00a0Gymnasium\u00a0 <strong>\u00a0Tema<\/strong>:\u00a0R\u00f6tter och historia<\/p>\t\t\t\t\t\t\t\t<\/div>\n\t\t\t\t<\/div>\n\t\t\t\t<div class=\"elementor-element elementor-element-d3993cd elementor-widget elementor-widget-text-editor\" data-id=\"d3993cd\" data-element_type=\"widget\" data-e-type=\"widget\" data-widget_type=\"text-editor.default\">\n\t\t\t\t<div class=\"elementor-widget-container\">\n\t\t\t\t\t\t\t\t\t<p>D\u00e4r\u00a0gamla\u00a0k\u00e5kar\u00a0stodo\u00a0t\u00e4tt<br \/>Och\u00a0skymde\u00a0ljuset\u00a0f\u00f6r\u00a0varandra<br \/>Dit\u00a0s\u00e5gs\u00a0en\u00a0dag\u00a0med\u00a0st\u00e5ng\u00a0och\u00a0spett<br \/>En\u00a0skara\u00a0ungfolk\u00a0muntert\u00a0vandra.<\/p><p>Och\u00a0snart\u00a0i\u00a0sky<br \/>Stod\u00a0damm\u00a0och\u00a0boss,<br \/>D\u00e5\u00a0plank\u00a0och\u00a0l\u00e4kt<br \/>De\u00a0br\u00f6to\u00a0loss.<\/p><p>Det\u00a0murkna\u00a0tr\u00e4t,<br \/>S\u00e5\u00a0torrt\u00a0som\u00a0snus,<br \/>Det\u00a0virvlar\u00a0om<br \/>Med\u00a0kalk\u00a0och\u00a0grus.<\/p><p>Och\u00a0hackan\u00a0h\u00f6gg<br \/>Och\u00a0st\u00e5ngen\u00a0br\u00f6t<br \/>Och\u00a0v\u00e4ggen\u00a0f\u00f6ll<br \/>F\u00f6r\u00a0kraftig\u00a0st\u00f6t.<\/p><p>Och\u00a0skrapan\u00a0rev<br \/>Och\u00a0t\u00e5ngen\u00a0n\u00f6p,<br \/>Att\u00a0taket\u00a0f\u00f6ll<br \/>Och\u00a0skorsten\u00a0st\u00f6p.<br \/><br \/>Fr\u00e5n\u00a0k\u00e5k\u00a0till\u00a0k\u00e5k<br \/>Man\u00a0sig\u00a0beger<br \/>Fr\u00e5n\u00a0syll\u00a0till\u00a0\u00e5s<br \/>Allt\u00a0brytes\u00a0ner.<\/p><p>En\u00a0gammal\u00a0man\u00a0g\u00e5r\u00a0d\u00e4r\u00a0f\u00f6rbi<br \/>Och\u00a0ser\u00a0med\u00a0h\u00e4pnad\u00a0hur\u00a0man\u00a0river.<br \/>Han\u00a0stannar;\u00a0tyckes\u00a0ledsen\u00a0bli,<br \/>N\u00e4r\u00a0bland\u00a0ruinerna\u00a0han\u00a0kliver.<\/p><p>\u201d\u00a0\u2013Vad\u00a0skall\u00a0ni\u00a0bygga\u00a0h\u00e4r\u00a0min\u00a0v\u00e4n?<br \/>Skall\u00a0h\u00e4r\u00a0bli\u00a0nya\u00a0Villastaden?\u201d<br \/>\u201d\u00a0\u2013H\u00e4r\u00a0skall\u00a0ej\u00a0byggas\u00a0upp\u00a0igen;<br \/>H\u00e4r\u00a0r\u00f6jes\u00a0blott\u00a0f\u00f6r\u00a0Esplanaden!\u201d<\/p><p>\u201d\u00a0\u2013Ha!\u00a0Tidens\u00a0sed:\u00a0att\u00a0<span class=\"italic\">riva<\/span>\u00a0hus!<br \/>Men\u00a0bygga\u00a0upp?\u00a0\u2013\u00a0Det\u00a0\u00e4r\u00a0f\u00f6rskr\u00e4ckligt!\u201d<br \/>\u201d\u00a0\u2013H\u00e4r\u00a0rivs\u00a0f\u00f6r\u00a0att\u00a0f\u00e5\u00a0luft\u00a0och\u00a0ljus;<br \/>\u00c4r\u00a0kanske\u00a0inte\u00a0det\u00a0tillr\u00e4ckligt?\u201d<\/p>\t\t\t\t\t\t\t\t<\/div>\n\t\t\t\t<\/div>\n\t\t\t\t\t<\/div>\n\t\t<\/div>\n\t\t\t\t<div class=\"elementor-column elementor-col-33 elementor-inner-column elementor-element elementor-element-590b226\" data-id=\"590b226\" data-element_type=\"column\" data-e-type=\"column\">\n\t\t\t<div class=\"elementor-widget-wrap elementor-element-populated\">\n\t\t\t\t\t\t<div class=\"elementor-element elementor-element-ebd9f3e elementor-widget elementor-widget-wp-widget-media_audio\" data-id=\"ebd9f3e\" data-element_type=\"widget\" data-e-type=\"widget\" data-widget_type=\"wp-widget-media_audio.default\">\n\t\t\t\t<div class=\"elementor-widget-container\">\n\t\t\t\t\t<h5>Paulina Helgeson l\u00e4ser \u201dEsplanadsystemet\u201d av August Strindberg.<\/h5><audio class=\"wp-audio-shortcode\" id=\"audio-10839-1\" preload=\"none\" style=\"width: 100%;\" controls=\"controls\"><source type=\"audio\/mpeg\" src=\"https:\/\/litteraturbanken.se\/skolan\/wp-content\/uploads\/2019\/03\/strindberg_esplanadsystemet_helgeson.mp3?_=1\" \/><source type=\"audio\/mpeg\" src=\"https:\/\/litteraturbanken.se\/skolan\/wp-content\/uploads\/2019\/03\/strindberg_esplanadsystemet_helgeson.mp3?_=1\" \/><a href=\"https:\/\/litteraturbanken.se\/skolan\/wp-content\/uploads\/2019\/03\/strindberg_esplanadsystemet_helgeson.mp3\">https:\/\/litteraturbanken.se\/skolan\/wp-content\/uploads\/2019\/03\/strindberg_esplanadsystemet_helgeson.mp3<\/a><\/audio>\t\t\t\t<\/div>\n\t\t\t\t<\/div>\n\t\t\t\t<div class=\"elementor-element elementor-element-8566186 elementor-icon-list--layout-traditional elementor-list-item-link-full_width elementor-widget elementor-widget-icon-list\" data-id=\"8566186\" data-element_type=\"widget\" data-e-type=\"widget\" data-widget_type=\"icon-list.default\">\n\t\t\t\t<div class=\"elementor-widget-container\">\n\t\t\t\t\t\t\t<ul class=\"elementor-icon-list-items\">\n\t\t\t\t\t\t\t<li class=\"elementor-icon-list-item\">\n\t\t\t\t\t\t\t\t\t\t\t<a href=\"https:\/\/litteraturbanken.se\/forfattare\/StrindbergA\/titlar\/DikterPaVersOchProsa\/sida\/37\/etext\" target=\"_blank\">\n\n\t\t\t\t\t\t\t\t\t\t\t\t<span class=\"elementor-icon-list-icon\">\n\t\t\t\t\t\t\t\t\t\t\t\t\t\t\t\t<i class=\"fa fa-file-text-o\" aria-hidden=\"true\"><\/i>\n\t\t\t\t\t\t\t\t\t\t\t\t\t<\/span>\n\t\t\t\t\t\t\t\t\t\t<span class=\"elementor-icon-list-text\">L\u00e4s dikten p\u00e5 Litteraturbanken<\/span>\n\t\t\t\t\t\t\t\t\t\t\t<\/a>\n\t\t\t\t\t\t\t\t\t<\/li>\n\t\t\t\t\t\t\t\t<li class=\"elementor-icon-list-item\">\n\t\t\t\t\t\t\t\t\t\t\t<a href=\"https:\/\/litteraturbanken.se\/skolan\/?page_id=261\" target=\"_blank\">\n\n\t\t\t\t\t\t\t\t\t\t\t\t<span class=\"elementor-icon-list-icon\">\n\t\t\t\t\t\t\t\t\t\t\t\t\t\t\t\t<i class=\"fa fa-file-text-o\" aria-hidden=\"true\"><\/i>\n\t\t\t\t\t\t\t\t\t\t\t\t\t<\/span>\n\t\t\t\t\t\t\t\t\t\t<span class=\"elementor-icon-list-text\">Termer och begrepp<\/span>\n\t\t\t\t\t\t\t\t\t\t\t<\/a>\n\t\t\t\t\t\t\t\t\t<\/li>\n\t\t\t\t\t\t<\/ul>\n\t\t\t\t\t\t<\/div>\n\t\t\t\t<\/div>\n\t\t\t\t<div class=\"elementor-element elementor-element-6a20d80 elementor-align-center elementor-widget elementor-widget-button\" data-id=\"6a20d80\" data-element_type=\"widget\" data-e-type=\"widget\" data-widget_type=\"button.default\">\n\t\t\t\t<div class=\"elementor-widget-container\">\n\t\t\t\t\t\t\t\t\t<div class=\"elementor-button-wrapper\">\n\t\t\t\t\t<a class=\"elementor-button elementor-button-link elementor-size-md elementor-animation-grow\" href=\"#uppgiftgy\">\n\t\t\t\t\t\t<span class=\"elementor-button-content-wrapper\">\n\t\t\t\t\t\t<span class=\"elementor-button-icon\">\n\t\t\t\t\t\t\t\t\t<i class=\"fa fa-pencil\" aria-hidden=\"true\"><\/i>\n\t\t\t\t\t\t\t<\/span>\n\t\t\t\t\t\t\t\t\t<span class=\"elementor-button-text\">Uppgift, Gymnasium<\/span>\n\t\t\t\t\t<\/span>\n\t\t\t\t\t<\/a>\n\t\t\t\t<\/div>\n\t\t\t\t\t\t\t\t<\/div>\n\t\t\t\t<\/div>\n\t\t\t\t<div class=\"elementor-element elementor-element-4a85ba4 elementor-widget elementor-widget-image\" data-id=\"4a85ba4\" data-element_type=\"widget\" data-e-type=\"widget\" data-widget_type=\"image.default\">\n\t\t\t\t<div class=\"elementor-widget-container\">\n\t\t\t\t\t\t\t\t\t\t\t\t\t\t\t<img fetchpriority=\"high\" decoding=\"async\" width=\"300\" height=\"300\" src=\"https:\/\/litteraturbanken.se\/skolan\/wp-content\/uploads\/2019\/03\/lb_skolan_2019_knapp_f\u00f6rfattarbild_strindberg_rosa-e1553013250660.jpg\" class=\"attachment-full size-full wp-image-13783\" alt=\"\" \/>\t\t\t\t\t\t\t\t\t\t\t\t\t\t\t<\/div>\n\t\t\t\t<\/div>\n\t\t\t\t\t<\/div>\n\t\t<\/div>\n\t\t\t\t\t<\/div>\n\t\t<\/section>\n\t\t\t\t<section class=\"elementor-section elementor-top-section elementor-element elementor-element-c262697 elementor-section-boxed elementor-section-height-default elementor-section-height-default\" data-id=\"c262697\" data-element_type=\"section\" data-e-type=\"section\">\n\t\t\t\t\t\t<div class=\"elementor-container elementor-column-gap-default\">\n\t\t\t\t\t<div class=\"elementor-column elementor-col-100 elementor-top-column elementor-element elementor-element-34b6b25\" data-id=\"34b6b25\" data-element_type=\"column\" data-e-type=\"column\">\n\t\t\t<div class=\"elementor-widget-wrap elementor-element-populated\">\n\t\t\t\t\t\t<div class=\"elementor-element elementor-element-b9ec669 elementor-widget elementor-widget-spacer\" data-id=\"b9ec669\" data-element_type=\"widget\" data-e-type=\"widget\" data-widget_type=\"spacer.default\">\n\t\t\t\t<div class=\"elementor-widget-container\">\n\t\t\t\t\t\t\t<div class=\"elementor-spacer\">\n\t\t\t<div class=\"elementor-spacer-inner\"><\/div>\n\t\t<\/div>\n\t\t\t\t\t\t<\/div>\n\t\t\t\t<\/div>\n\t\t\t\t\t<\/div>\n\t\t<\/div>\n\t\t\t\t\t<\/div>\n\t\t<\/section>\n\t\t\t\t<section class=\"elementor-section elementor-top-section elementor-element elementor-element-6412024 elementor-section-boxed elementor-section-height-default elementor-section-height-default\" data-id=\"6412024\" data-element_type=\"section\" data-e-type=\"section\">\n\t\t\t\t\t\t<div class=\"elementor-container elementor-column-gap-default\">\n\t\t\t\t\t<div class=\"elementor-column elementor-col-100 elementor-top-column elementor-element elementor-element-a9b18e6\" data-id=\"a9b18e6\" data-element_type=\"column\" data-e-type=\"column\" data-settings=\"{&quot;background_background&quot;:&quot;classic&quot;}\">\n\t\t\t<div class=\"elementor-widget-wrap elementor-element-populated\">\n\t\t\t\t\t\t<div class=\"elementor-element elementor-element-31efabf elementor-widget elementor-widget-menu-anchor\" data-id=\"31efabf\" data-element_type=\"widget\" data-e-type=\"widget\" data-widget_type=\"menu-anchor.default\">\n\t\t\t\t<div class=\"elementor-widget-container\">\n\t\t\t\t\t\t\t<div class=\"elementor-menu-anchor\" id=\"uppgiftgy\"><\/div>\n\t\t\t\t\t\t<\/div>\n\t\t\t\t<\/div>\n\t\t\t\t<section class=\"elementor-section elementor-inner-section elementor-element elementor-element-e78666f elementor-section-boxed elementor-section-height-default elementor-section-height-default\" data-id=\"e78666f\" data-element_type=\"section\" data-e-type=\"section\">\n\t\t\t\t\t\t<div class=\"elementor-container elementor-column-gap-default\">\n\t\t\t\t\t<div class=\"elementor-column elementor-col-100 elementor-inner-column elementor-element elementor-element-cc20663\" data-id=\"cc20663\" data-element_type=\"column\" data-e-type=\"column\">\n\t\t\t<div class=\"elementor-widget-wrap elementor-element-populated\">\n\t\t\t\t\t\t<div class=\"elementor-element elementor-element-043b9c5 elementor-view-framed elementor-shape-circle elementor-widget elementor-widget-icon\" data-id=\"043b9c5\" data-element_type=\"widget\" data-e-type=\"widget\" data-widget_type=\"icon.default\">\n\t\t\t\t<div class=\"elementor-widget-container\">\n\t\t\t\t\t\t\t<div class=\"elementor-icon-wrapper\">\n\t\t\t<div class=\"elementor-icon\">\n\t\t\t\t\t\t\t<i class=\"fa fa-pencil\" aria-hidden=\"true\"><\/i>\n\t\t\t\t\t\t<\/div>\n\t\t<\/div>\n\t\t\t\t\t\t<\/div>\n\t\t\t\t<\/div>\n\t\t\t\t\t<\/div>\n\t\t<\/div>\n\t\t\t\t\t<\/div>\n\t\t<\/section>\n\t\t\t\t<div class=\"elementor-element elementor-element-763dbd7 elementor-widget elementor-widget-spacer\" data-id=\"763dbd7\" data-element_type=\"widget\" data-e-type=\"widget\" data-widget_type=\"spacer.default\">\n\t\t\t\t<div class=\"elementor-widget-container\">\n\t\t\t\t\t\t\t<div class=\"elementor-spacer\">\n\t\t\t<div class=\"elementor-spacer-inner\"><\/div>\n\t\t<\/div>\n\t\t\t\t\t\t<\/div>\n\t\t\t\t<\/div>\n\t\t\t\t<div class=\"elementor-element elementor-element-3223ca8 elementor-widget elementor-widget-toggle\" data-id=\"3223ca8\" data-element_type=\"widget\" data-e-type=\"widget\" data-widget_type=\"toggle.default\">\n\t\t\t\t<div class=\"elementor-widget-container\">\n\t\t\t\t\t\t\t<div class=\"elementor-toggle\">\n\t\t\t\t\t\t\t<div class=\"elementor-toggle-item\">\n\t\t\t\t\t<div id=\"elementor-tab-title-5251\" class=\"elementor-tab-title\" data-tab=\"1\" role=\"button\" aria-controls=\"elementor-tab-content-5251\" aria-expanded=\"false\">\n\t\t\t\t\t\t\t\t\t\t\t\t<span class=\"elementor-toggle-icon elementor-toggle-icon-left\" aria-hidden=\"true\">\n\t\t\t\t\t\t\t\t\t\t\t\t\t\t\t<i class=\"elementor-toggle-icon-closed fa fa-chevron-right\"><\/i>\n\t\t\t\t\t\t\t\t<i class=\"elementor-toggle-icon-opened fa fa-chevron-down\"><\/i>\n\t\t\t\t\t\t\t\t\t\t\t\t\t<\/span>\n\t\t\t\t\t\t\t\t\t\t\t\t<a class=\"elementor-toggle-title\" tabindex=\"0\">Gymnasium<\/a>\n\t\t\t\t\t<\/div>\n\n\t\t\t\t\t<div id=\"elementor-tab-content-5251\" class=\"elementor-tab-content elementor-clearfix\" data-tab=\"1\" role=\"region\" aria-labelledby=\"elementor-tab-title-5251\"><h3>Diskutera<\/h3><p>Dikten \u00e4r aktuell \u00e4n idag. M\u00e5nga \u00e4r ber\u00f6rda av hus som rivs och nytt som byggs upp. Samtala om stadsplanering med utg\u00e5ngspunkt i dikten. Det som Strindberg tar fasta p\u00e5 \u00e4r att de gamla husen skymmer ljuset f\u00f6r varandra, medan rivningen inneb\u00e4r att man f\u00e5r \u201dluft och ljus\u201d. Varf\u00f6r river man hus idag?<\/p><\/div>\n\t\t\t\t<\/div>\n\t\t\t\t\t\t\t\t<\/div>\n\t\t\t\t\t\t<\/div>\n\t\t\t\t<\/div>\n\t\t\t\t<div class=\"elementor-element elementor-element-3438a2e elementor-widget elementor-widget-spacer\" data-id=\"3438a2e\" data-element_type=\"widget\" data-e-type=\"widget\" data-widget_type=\"spacer.default\">\n\t\t\t\t<div class=\"elementor-widget-container\">\n\t\t\t\t\t\t\t<div class=\"elementor-spacer\">\n\t\t\t<div class=\"elementor-spacer-inner\"><\/div>\n\t\t<\/div>\n\t\t\t\t\t\t<\/div>\n\t\t\t\t<\/div>\n\t\t\t\t\t<\/div>\n\t\t<\/div>\n\t\t\t\t\t<\/div>\n\t\t<\/section>\n\t\t\t\t<section class=\"elementor-section elementor-top-section elementor-element elementor-element-f730df3 elementor-section-boxed elementor-section-height-default elementor-section-height-default\" data-id=\"f730df3\" data-element_type=\"section\" data-e-type=\"section\">\n\t\t\t\t\t\t<div class=\"elementor-container elementor-column-gap-default\">\n\t\t\t\t\t<div class=\"elementor-column elementor-col-100 elementor-top-column elementor-element elementor-element-5ed0c2b\" data-id=\"5ed0c2b\" data-element_type=\"column\" data-e-type=\"column\">\n\t\t\t<div class=\"elementor-widget-wrap elementor-element-populated\">\n\t\t\t\t\t\t<div class=\"elementor-element elementor-element-ec09a08 elementor-widget elementor-widget-spacer\" data-id=\"ec09a08\" data-element_type=\"widget\" data-e-type=\"widget\" data-widget_type=\"spacer.default\">\n\t\t\t\t<div class=\"elementor-widget-container\">\n\t\t\t\t\t\t\t<div class=\"elementor-spacer\">\n\t\t\t<div class=\"elementor-spacer-inner\"><\/div>\n\t\t<\/div>\n\t\t\t\t\t\t<\/div>\n\t\t\t\t<\/div>\n\t\t\t\t\t<\/div>\n\t\t<\/div>\n\t\t\t\t\t<\/div>\n\t\t<\/section>\n\t\t\t\t<\/div>\n\t\t","protected":false},"excerpt":{"rendered":"<p>Esplanadsystemet Av\u00a0August Strindberg Ur:\u00a0Samlade Verk 15. Dikter p\u00e5 vers och prosa. S\u00f6mng\u00e5ngarn\u00e4tter p\u00e5 vakna dagar (1995)\u00a0 \u00c5rskurs:\u00a0Gymnasium\u00a0 \u00a0Tema:\u00a0R\u00f6tter och historia D\u00e4r\u00a0gamla\u00a0k\u00e5kar\u00a0stodo\u00a0t\u00e4ttOch\u00a0skymde\u00a0ljuset\u00a0f\u00f6r\u00a0varandraDit\u00a0s\u00e5gs\u00a0en\u00a0dag\u00a0med\u00a0st\u00e5ng\u00a0och\u00a0spettEn\u00a0skara\u00a0ungfolk\u00a0muntert\u00a0vandra. Och\u00a0snart\u00a0i\u00a0skyStod\u00a0damm\u00a0och\u00a0boss,D\u00e5\u00a0plank\u00a0och\u00a0l\u00e4ktDe\u00a0br\u00f6to\u00a0loss. Det\u00a0murkna\u00a0tr\u00e4t,S\u00e5\u00a0torrt\u00a0som\u00a0snus,Det\u00a0virvlar\u00a0omMed\u00a0kalk\u00a0och\u00a0grus. Och\u00a0hackan\u00a0h\u00f6ggOch\u00a0st\u00e5ngen\u00a0br\u00f6tOch\u00a0v\u00e4ggen\u00a0f\u00f6llF\u00f6r\u00a0kraftig\u00a0st\u00f6t. Och\u00a0skrapan\u00a0revOch\u00a0t\u00e5ngen\u00a0n\u00f6p,Att\u00a0taket\u00a0f\u00f6llOch\u00a0skorsten\u00a0st\u00f6p. Fr\u00e5n\u00a0k\u00e5k\u00a0till\u00a0k\u00e5kMan\u00a0sig\u00a0begerFr\u00e5n\u00a0syll\u00a0till\u00a0\u00e5sAllt\u00a0brytes\u00a0ner. En\u00a0gammal\u00a0man\u00a0g\u00e5r\u00a0d\u00e4r\u00a0f\u00f6rbiOch\u00a0ser\u00a0med\u00a0h\u00e4pnad\u00a0hur\u00a0man\u00a0river.Han\u00a0stannar;\u00a0tyckes\u00a0ledsen\u00a0bli,N\u00e4r\u00a0bland\u00a0ruinerna\u00a0han\u00a0kliver. \u201d\u00a0\u2013Vad\u00a0skall\u00a0ni\u00a0bygga\u00a0h\u00e4r\u00a0min\u00a0v\u00e4n?Skall\u00a0h\u00e4r\u00a0bli\u00a0nya\u00a0Villastaden?\u201d\u201d\u00a0\u2013H\u00e4r\u00a0skall\u00a0ej\u00a0byggas\u00a0upp\u00a0igen;H\u00e4r\u00a0r\u00f6jes\u00a0blott\u00a0f\u00f6r\u00a0Esplanaden!\u201d \u201d\u00a0\u2013Ha!\u00a0Tidens\u00a0sed:\u00a0att\u00a0riva\u00a0hus!Men\u00a0bygga\u00a0upp?\u00a0\u2013\u00a0Det\u00a0\u00e4r\u00a0f\u00f6rskr\u00e4ckligt!\u201d\u201d\u00a0\u2013H\u00e4r\u00a0rivs\u00a0f\u00f6r\u00a0att\u00a0f\u00e5\u00a0luft\u00a0och\u00a0ljus;\u00c4r\u00a0kanske\u00a0inte\u00a0det\u00a0tillr\u00e4ckligt?\u201d L\u00e4s dikten p\u00e5 Litteraturbanken Termer och begrepp Uppgift, Gymnasium Gymnasium Diskutera Dikten \u00e4r aktuell \u00e4n idag. M\u00e5nga \u00e4r ber\u00f6rda av hus som rivs och nytt som [&hellip;]<\/p>\n","protected":false},"author":5,"featured_media":0,"parent":0,"menu_order":0,"comment_status":"closed","ping_status":"closed","template":"","meta":{"ocean_post_layout":"full-screen","ocean_both_sidebars_style":"","ocean_both_sidebars_content_width":0,"ocean_both_sidebars_sidebars_width":0,"ocean_sidebar":"0","ocean_second_sidebar":"0","ocean_disable_margins":"enable","ocean_add_body_class":"","ocean_shortcode_before_top_bar":"","ocean_shortcode_after_top_bar":"","ocean_shortcode_before_header":"","ocean_shortcode_after_header":"","ocean_has_shortcode":"","ocean_shortcode_after_title":"","ocean_shortcode_before_footer_widgets":"","ocean_shortcode_after_footer_widgets":"","ocean_shortcode_before_footer_bottom":"","ocean_shortcode_after_footer_bottom":"","ocean_display_top_bar":"default","ocean_display_header":"default","ocean_header_style":"","ocean_center_header_left_menu":"0","ocean_custom_header_template":"0","ocean_custom_logo":0,"ocean_custom_retina_logo":0,"ocean_custom_logo_max_width":0,"ocean_custom_logo_tablet_max_width":0,"ocean_custom_logo_mobile_max_width":0,"ocean_custom_logo_max_height":0,"ocean_custom_logo_tablet_max_height":0,"ocean_custom_logo_mobile_max_height":0,"ocean_header_custom_menu":"0","ocean_menu_typo_font_family":"0","ocean_menu_typo_font_subset":"","ocean_menu_typo_font_size":0,"ocean_menu_typo_font_size_tablet":0,"ocean_menu_typo_font_size_mobile":0,"ocean_menu_typo_font_size_unit":"px","ocean_menu_typo_font_weight":"","ocean_menu_typo_font_weight_tablet":"","ocean_menu_typo_font_weight_mobile":"","ocean_menu_typo_transform":"","ocean_menu_typo_transform_tablet":"","ocean_menu_typo_transform_mobile":"","ocean_menu_typo_line_height":0,"ocean_menu_typo_line_height_tablet":0,"ocean_menu_typo_line_height_mobile":0,"ocean_menu_typo_line_height_unit":"","ocean_menu_typo_spacing":0,"ocean_menu_typo_spacing_tablet":0,"ocean_menu_typo_spacing_mobile":0,"ocean_menu_typo_spacing_unit":"","ocean_menu_link_color":"","ocean_menu_link_color_hover":"","ocean_menu_link_color_active":"","ocean_menu_link_background":"","ocean_menu_link_hover_background":"","ocean_menu_link_active_background":"","ocean_menu_social_links_bg":"","ocean_menu_social_hover_links_bg":"","ocean_menu_social_links_color":"","ocean_menu_social_hover_links_color":"","ocean_disable_title":"on","ocean_disable_heading":"default","ocean_post_title":"","ocean_post_subheading":"","ocean_post_title_style":"","ocean_post_title_background_color":"","ocean_post_title_background":0,"ocean_post_title_bg_image_position":"","ocean_post_title_bg_image_attachment":"","ocean_post_title_bg_image_repeat":"","ocean_post_title_bg_image_size":"","ocean_post_title_height":0,"ocean_post_title_bg_overlay":0.5,"ocean_post_title_bg_overlay_color":"","ocean_disable_breadcrumbs":"default","ocean_breadcrumbs_color":"","ocean_breadcrumbs_separator_color":"","ocean_breadcrumbs_links_color":"","ocean_breadcrumbs_links_hover_color":"","ocean_display_footer_widgets":"default","ocean_display_footer_bottom":"default","ocean_custom_footer_template":"0","footnotes":""},"class_list":["post-10839","page","type-page","status-publish","hentry","entry"],"_links":{"self":[{"href":"https:\/\/litteraturbanken.se\/skolan\/wp-json\/wp\/v2\/pages\/10839","targetHints":{"allow":["GET"]}}],"collection":[{"href":"https:\/\/litteraturbanken.se\/skolan\/wp-json\/wp\/v2\/pages"}],"about":[{"href":"https:\/\/litteraturbanken.se\/skolan\/wp-json\/wp\/v2\/types\/page"}],"author":[{"embeddable":true,"href":"https:\/\/litteraturbanken.se\/skolan\/wp-json\/wp\/v2\/users\/5"}],"replies":[{"embeddable":true,"href":"https:\/\/litteraturbanken.se\/skolan\/wp-json\/wp\/v2\/comments?post=10839"}],"version-history":[{"count":16,"href":"https:\/\/litteraturbanken.se\/skolan\/wp-json\/wp\/v2\/pages\/10839\/revisions"}],"predecessor-version":[{"id":20224,"href":"https:\/\/litteraturbanken.se\/skolan\/wp-json\/wp\/v2\/pages\/10839\/revisions\/20224"}],"wp:attachment":[{"href":"https:\/\/litteraturbanken.se\/skolan\/wp-json\/wp\/v2\/media?parent=10839"}],"curies":[{"name":"wp","href":"https:\/\/api.w.org\/{rel}","templated":true}]}}