{"id":10877,"date":"2018-12-29T10:10:45","date_gmt":"2018-12-29T09:10:45","guid":{"rendered":"https:\/\/litteraturbanken.se\/skoladev\/?page_id=10877"},"modified":"2020-02-11T11:44:07","modified_gmt":"2020-02-11T10:44:07","slug":"poesi-forfattare-erik-axel-karlfeldt-en-loskerkarl","status":"publish","type":"page","link":"https:\/\/litteraturbanken.se\/skolan\/poesi-forfattare-erik-axel-karlfeldt-en-loskerkarl\/","title":{"rendered":"Poesi\/F\u00f6rfattare\/Erik Axel Karlfeldt\/En l\u00f6skerkarl"},"content":{"rendered":"\t\t<div data-elementor-type=\"wp-post\" data-elementor-id=\"10877\" class=\"elementor elementor-10877\">\n\t\t\t\t\t\t<section class=\"elementor-section elementor-top-section elementor-element elementor-element-d10d267 elementor-section-boxed elementor-section-height-default elementor-section-height-default\" data-id=\"d10d267\" data-element_type=\"section\" data-e-type=\"section\">\n\t\t\t\t\t\t<div class=\"elementor-container elementor-column-gap-default\">\n\t\t\t\t\t<div class=\"elementor-column elementor-col-100 elementor-top-column elementor-element elementor-element-96b9db5\" data-id=\"96b9db5\" data-element_type=\"column\" data-e-type=\"column\">\n\t\t\t<div class=\"elementor-widget-wrap elementor-element-populated\">\n\t\t\t\t\t\t<div class=\"elementor-element elementor-element-410e000 elementor-widget elementor-widget-spacer\" data-id=\"410e000\" data-element_type=\"widget\" data-e-type=\"widget\" data-widget_type=\"spacer.default\">\n\t\t\t\t<div class=\"elementor-widget-container\">\n\t\t\t\t\t\t\t<div class=\"elementor-spacer\">\n\t\t\t<div class=\"elementor-spacer-inner\"><\/div>\n\t\t<\/div>\n\t\t\t\t\t\t<\/div>\n\t\t\t\t<\/div>\n\t\t\t\t\t<\/div>\n\t\t<\/div>\n\t\t\t\t\t<\/div>\n\t\t<\/section>\n\t\t\t\t<section class=\"elementor-section elementor-inner-section elementor-element elementor-element-1f32966 elementor-section-boxed elementor-section-height-default elementor-section-height-default\" data-id=\"1f32966\" data-element_type=\"section\" data-e-type=\"section\">\n\t\t\t\t\t\t<div class=\"elementor-container elementor-column-gap-default\">\n\t\t\t\t\t<div class=\"elementor-column elementor-col-66 elementor-inner-column elementor-element elementor-element-e373c15\" data-id=\"e373c15\" data-element_type=\"column\" data-e-type=\"column\" data-settings=\"{&quot;background_background&quot;:&quot;classic&quot;}\">\n\t\t\t<div class=\"elementor-widget-wrap elementor-element-populated\">\n\t\t\t\t\t\t<div class=\"elementor-element elementor-element-8c90360 elementor-widget elementor-widget-heading\" data-id=\"8c90360\" data-element_type=\"widget\" data-e-type=\"widget\" data-widget_type=\"heading.default\">\n\t\t\t\t<div class=\"elementor-widget-container\">\n\t\t\t\t\t<h2 class=\"elementor-heading-title elementor-size-default\">En l\u00f6skerkarl<\/h2>\t\t\t\t<\/div>\n\t\t\t\t<\/div>\n\t\t\t\t<div class=\"elementor-element elementor-element-4999855 elementor-widget elementor-widget-text-editor\" data-id=\"4999855\" data-element_type=\"widget\" data-e-type=\"widget\" data-widget_type=\"text-editor.default\">\n\t\t\t\t<div class=\"elementor-widget-container\">\n\t\t\t\t\t\t\t\t\t<p>Av\u00a0<a href=\"https:\/\/litteraturbanken.se\/skolan\/?page_id=304\"><em>Erik Axel Karlfeldt<\/em><\/a><\/p>\t\t\t\t\t\t\t\t<\/div>\n\t\t\t\t<\/div>\n\t\t\t\t<div class=\"elementor-element elementor-element-fab4627 elementor-widget elementor-widget-text-editor\" data-id=\"fab4627\" data-element_type=\"widget\" data-e-type=\"widget\" data-widget_type=\"text-editor.default\">\n\t\t\t\t<div class=\"elementor-widget-container\">\n\t\t\t\t\t\t\t\t\t<p><strong>Ur: <\/strong><em>Fridolins visor<\/em>\u00a0(1898)\u00a0 \u00a0<strong>\u00c5rskurs:<\/strong> Gymnasium\u00a0\u00a0<strong>Tema: <\/strong>R\u00f6tter och historia<\/p>\t\t\t\t\t\t\t\t<\/div>\n\t\t\t\t<\/div>\n\t\t\t\t<div class=\"elementor-element elementor-element-a4382a2 elementor-widget elementor-widget-text-editor\" data-id=\"a4382a2\" data-element_type=\"widget\" data-e-type=\"widget\" data-widget_type=\"text-editor.default\">\n\t\t\t\t<div class=\"elementor-widget-container\">\n\t\t\t\t\t\t\t\t\t<p>Vem\u00a0\u00e4r\u00a0du\u00a0och\u00a0var\u00a0kommer\u00a0du\u00a0fr\u00e5n?<br \/>\u2014\u00a0Det\u00a0vill\u00a0jag\u00a0och\u00a0kan\u00a0jag\u00a0ej\u00a0s\u00e4ga.<br \/>Har\u00a0intet\u00a0hem,\u00a0\u00e4r\u00a0ingen\u00a0mans\u00a0son,<br \/>ej\u00a0hem\u00a0eller\u00a0son\u00a0skall\u00a0jag\u00a0\u00e4ga.<br \/>Jag\u00a0\u00e4r\u00a0en\u00a0fr\u00e4mling\u00a0fj\u00e4rranv\u00e4ga.<br \/><br \/>Vad\u00a0\u00e4r\u00a0din\u00a0tro\u00a0och\u00a0din\u00a0religion?<br \/>\u2014\u00a0Jag\u00a0vet\u00a0blott,\u00a0att\u00a0intet\u00a0jag\u00a0visste,<br \/>och\u00a0var\u00a0jag\u00a0ej\u00a0av\u00a0den\u00a0r\u00e4tta\u00a0tron,<br \/>s\u00e5\u00a0trodde\u00a0jag\u00a0dock\u00a0ej\u00a0miste!<br \/>Gud\u00a0har\u00a0jag\u00a0s\u00f6kt,\u00a0den\u00a0f\u00f6rste\u00a0och\u00a0den\u00a0siste.<br \/><br \/>Hur\u00a0var\u00a0ditt\u00a0liv?\u00a0Det\u00a0var\u00a0storm\u00a0och\u00a0n\u00f6d<br \/>och\u00a0kamp\u00a0i\u00a0en\u00a0enda\u00a0veva;<br \/>det\u00a0var\u00a0g\u00e4ckad\u00a0l\u00e4ngtan\u00a0och\u00a0f\u00e5f\u00e4ng\u00a0gl\u00f6d<br \/>och\u00a0sm\u00e5\u00a0glimtar\u00a0ur\u00a0molnens\u00a0reva.<br \/>Jag\u00a0\u00e4r\u00a0s\u00e5\u00a0glad\u00a0att\u00a0jag\u00a0f\u00e5tt\u00a0leva.<\/p>\t\t\t\t\t\t\t\t<\/div>\n\t\t\t\t<\/div>\n\t\t\t\t\t<\/div>\n\t\t<\/div>\n\t\t\t\t<div class=\"elementor-column elementor-col-33 elementor-inner-column elementor-element elementor-element-275b8af\" data-id=\"275b8af\" data-element_type=\"column\" data-e-type=\"column\">\n\t\t\t<div class=\"elementor-widget-wrap elementor-element-populated\">\n\t\t\t\t\t\t<div class=\"elementor-element elementor-element-834ca27 elementor-widget elementor-widget-wp-widget-media_audio\" data-id=\"834ca27\" data-element_type=\"widget\" data-e-type=\"widget\" data-widget_type=\"wp-widget-media_audio.default\">\n\t\t\t\t<div class=\"elementor-widget-container\">\n\t\t\t\t\t<h5>Paulina Helgeson l\u00e4ser \u201dEn l\u00f6skerkarl\u201d av Erik Axel Karlfeldt.<\/h5><audio class=\"wp-audio-shortcode\" id=\"audio-10877-1\" preload=\"none\" style=\"width: 100%;\" controls=\"controls\"><source type=\"audio\/mpeg\" src=\"https:\/\/litteraturbanken.se\/skolan\/wp-content\/uploads\/2019\/03\/karlfeldt_enloskerkarl_helgeson.mp3?_=1\" \/><source type=\"audio\/mpeg\" src=\"https:\/\/litteraturbanken.se\/skolan\/wp-content\/uploads\/2019\/03\/karlfeldt_enloskerkarl_helgeson.mp3?_=1\" \/><a href=\"https:\/\/litteraturbanken.se\/skolan\/wp-content\/uploads\/2019\/03\/karlfeldt_enloskerkarl_helgeson.mp3\">https:\/\/litteraturbanken.se\/skolan\/wp-content\/uploads\/2019\/03\/karlfeldt_enloskerkarl_helgeson.mp3<\/a><\/audio>\t\t\t\t<\/div>\n\t\t\t\t<\/div>\n\t\t\t\t<div class=\"elementor-element elementor-element-cc50d6e elementor-icon-list--layout-traditional elementor-list-item-link-full_width elementor-widget elementor-widget-icon-list\" data-id=\"cc50d6e\" data-element_type=\"widget\" data-e-type=\"widget\" data-widget_type=\"icon-list.default\">\n\t\t\t\t<div class=\"elementor-widget-container\">\n\t\t\t\t\t\t\t<ul class=\"elementor-icon-list-items\">\n\t\t\t\t\t\t\t<li class=\"elementor-icon-list-item\">\n\t\t\t\t\t\t\t\t\t\t\t<a href=\"https:\/\/litteraturbanken.se\/forfattare\/KarlfeldtEA\/titlar\/FridolinsVisor\/sida\/115\/etext\" target=\"_blank\">\n\n\t\t\t\t\t\t\t\t\t\t\t\t<span class=\"elementor-icon-list-icon\">\n\t\t\t\t\t\t\t\t\t\t\t\t\t\t\t\t<i class=\"fa fa-file-text-o\" aria-hidden=\"true\"><\/i>\n\t\t\t\t\t\t\t\t\t\t\t\t\t<\/span>\n\t\t\t\t\t\t\t\t\t\t<span class=\"elementor-icon-list-text\">L\u00e4s dikten p\u00e5 Litteraturbanken<\/span>\n\t\t\t\t\t\t\t\t\t\t\t<\/a>\n\t\t\t\t\t\t\t\t\t<\/li>\n\t\t\t\t\t\t\t\t<li class=\"elementor-icon-list-item\">\n\t\t\t\t\t\t\t\t\t\t\t<a href=\"https:\/\/litteraturbanken.se\/skolan\/?page_id=261\" target=\"_blank\">\n\n\t\t\t\t\t\t\t\t\t\t\t\t<span class=\"elementor-icon-list-icon\">\n\t\t\t\t\t\t\t\t\t\t\t\t\t\t\t\t<i class=\"fa fa-file-text-o\" aria-hidden=\"true\"><\/i>\n\t\t\t\t\t\t\t\t\t\t\t\t\t<\/span>\n\t\t\t\t\t\t\t\t\t\t<span class=\"elementor-icon-list-text\">Termer och begrepp<\/span>\n\t\t\t\t\t\t\t\t\t\t\t<\/a>\n\t\t\t\t\t\t\t\t\t<\/li>\n\t\t\t\t\t\t<\/ul>\n\t\t\t\t\t\t<\/div>\n\t\t\t\t<\/div>\n\t\t\t\t<div class=\"elementor-element elementor-element-027af4a elementor-align-center elementor-widget elementor-widget-button\" data-id=\"027af4a\" data-element_type=\"widget\" data-e-type=\"widget\" data-widget_type=\"button.default\">\n\t\t\t\t<div class=\"elementor-widget-container\">\n\t\t\t\t\t\t\t\t\t<div class=\"elementor-button-wrapper\">\n\t\t\t\t\t<a class=\"elementor-button elementor-button-link elementor-size-md elementor-animation-grow\" href=\"#uppgiftF-3\">\n\t\t\t\t\t\t<span class=\"elementor-button-content-wrapper\">\n\t\t\t\t\t\t<span class=\"elementor-button-icon\">\n\t\t\t\t\t\t\t\t\t<i class=\"fa fa-pencil\" aria-hidden=\"true\"><\/i>\n\t\t\t\t\t\t\t<\/span>\n\t\t\t\t\t\t\t\t\t<span class=\"elementor-button-text\">Uppgift, Gymnasium<\/span>\n\t\t\t\t\t<\/span>\n\t\t\t\t\t<\/a>\n\t\t\t\t<\/div>\n\t\t\t\t\t\t\t\t<\/div>\n\t\t\t\t<\/div>\n\t\t\t\t<div class=\"elementor-element elementor-element-75fab0c elementor-widget elementor-widget-image\" data-id=\"75fab0c\" data-element_type=\"widget\" data-e-type=\"widget\" data-widget_type=\"image.default\">\n\t\t\t\t<div class=\"elementor-widget-container\">\n\t\t\t\t\t\t\t\t\t\t\t\t\t\t\t<img fetchpriority=\"high\" decoding=\"async\" width=\"300\" height=\"300\" src=\"https:\/\/litteraturbanken.se\/skolan\/wp-content\/uploads\/2019\/03\/lb_skolan_2019_knapp_f\u00f6rfattarbild-karlfeldt_r\u00f6d-e1553013449132.jpg\" class=\"attachment-full size-full wp-image-13749\" alt=\"\" \/>\t\t\t\t\t\t\t\t\t\t\t\t\t\t\t<\/div>\n\t\t\t\t<\/div>\n\t\t\t\t\t<\/div>\n\t\t<\/div>\n\t\t\t\t\t<\/div>\n\t\t<\/section>\n\t\t\t\t<section class=\"elementor-section elementor-top-section elementor-element elementor-element-20165b0 elementor-section-boxed elementor-section-height-default elementor-section-height-default\" data-id=\"20165b0\" data-element_type=\"section\" data-e-type=\"section\">\n\t\t\t\t\t\t<div class=\"elementor-container elementor-column-gap-default\">\n\t\t\t\t\t<div class=\"elementor-column elementor-col-100 elementor-top-column elementor-element elementor-element-10e1c32\" data-id=\"10e1c32\" data-element_type=\"column\" data-e-type=\"column\">\n\t\t\t<div class=\"elementor-widget-wrap elementor-element-populated\">\n\t\t\t\t\t\t<div class=\"elementor-element elementor-element-8423136 elementor-widget elementor-widget-spacer\" data-id=\"8423136\" data-element_type=\"widget\" data-e-type=\"widget\" data-widget_type=\"spacer.default\">\n\t\t\t\t<div class=\"elementor-widget-container\">\n\t\t\t\t\t\t\t<div class=\"elementor-spacer\">\n\t\t\t<div class=\"elementor-spacer-inner\"><\/div>\n\t\t<\/div>\n\t\t\t\t\t\t<\/div>\n\t\t\t\t<\/div>\n\t\t\t\t\t<\/div>\n\t\t<\/div>\n\t\t\t\t\t<\/div>\n\t\t<\/section>\n\t\t\t\t<section class=\"elementor-section elementor-top-section elementor-element elementor-element-c3c7a36 elementor-section-boxed elementor-section-height-default elementor-section-height-default\" data-id=\"c3c7a36\" data-element_type=\"section\" data-e-type=\"section\">\n\t\t\t\t\t\t<div class=\"elementor-container elementor-column-gap-default\">\n\t\t\t\t\t<div class=\"elementor-column elementor-col-100 elementor-top-column elementor-element elementor-element-32866e0\" data-id=\"32866e0\" data-element_type=\"column\" data-e-type=\"column\" data-settings=\"{&quot;background_background&quot;:&quot;classic&quot;}\">\n\t\t\t<div class=\"elementor-widget-wrap elementor-element-populated\">\n\t\t\t\t\t\t<section class=\"elementor-section elementor-inner-section elementor-element elementor-element-9be9d6d elementor-section-boxed elementor-section-height-default elementor-section-height-default\" data-id=\"9be9d6d\" data-element_type=\"section\" data-e-type=\"section\">\n\t\t\t\t\t\t<div class=\"elementor-container elementor-column-gap-default\">\n\t\t\t\t\t<div class=\"elementor-column elementor-col-100 elementor-inner-column elementor-element elementor-element-bd84182\" data-id=\"bd84182\" data-element_type=\"column\" data-e-type=\"column\">\n\t\t\t<div class=\"elementor-widget-wrap elementor-element-populated\">\n\t\t\t\t\t\t<div class=\"elementor-element elementor-element-4c3270d elementor-widget elementor-widget-menu-anchor\" data-id=\"4c3270d\" data-element_type=\"widget\" data-e-type=\"widget\" data-widget_type=\"menu-anchor.default\">\n\t\t\t\t<div class=\"elementor-widget-container\">\n\t\t\t\t\t\t\t<div class=\"elementor-menu-anchor\" id=\"uppgiftF-3\"><\/div>\n\t\t\t\t\t\t<\/div>\n\t\t\t\t<\/div>\n\t\t\t\t<div class=\"elementor-element elementor-element-e27bca2 elementor-view-framed elementor-shape-circle elementor-widget elementor-widget-icon\" data-id=\"e27bca2\" data-element_type=\"widget\" data-e-type=\"widget\" data-widget_type=\"icon.default\">\n\t\t\t\t<div class=\"elementor-widget-container\">\n\t\t\t\t\t\t\t<div class=\"elementor-icon-wrapper\">\n\t\t\t<div class=\"elementor-icon\">\n\t\t\t\t\t\t\t<i class=\"fa fa-pencil\" aria-hidden=\"true\"><\/i>\n\t\t\t\t\t\t<\/div>\n\t\t<\/div>\n\t\t\t\t\t\t<\/div>\n\t\t\t\t<\/div>\n\t\t\t\t<div class=\"elementor-element elementor-element-83ab585 elementor-widget elementor-widget-toggle\" data-id=\"83ab585\" data-element_type=\"widget\" data-e-type=\"widget\" data-widget_type=\"toggle.default\">\n\t\t\t\t<div class=\"elementor-widget-container\">\n\t\t\t\t\t\t\t<div class=\"elementor-toggle\">\n\t\t\t\t\t\t\t<div class=\"elementor-toggle-item\">\n\t\t\t\t\t<div id=\"elementor-tab-title-1381\" class=\"elementor-tab-title\" data-tab=\"1\" role=\"button\" aria-controls=\"elementor-tab-content-1381\" aria-expanded=\"false\">\n\t\t\t\t\t\t\t\t\t\t\t\t<span class=\"elementor-toggle-icon elementor-toggle-icon-left\" aria-hidden=\"true\">\n\t\t\t\t\t\t\t\t\t\t\t\t\t\t\t<i class=\"elementor-toggle-icon-closed fa fa-chevron-right\"><\/i>\n\t\t\t\t\t\t\t\t<i class=\"elementor-toggle-icon-opened fa fa-chevron-down\"><\/i>\n\t\t\t\t\t\t\t\t\t\t\t\t\t<\/span>\n\t\t\t\t\t\t\t\t\t\t\t\t<a class=\"elementor-toggle-title\" tabindex=\"0\">Gymnasium<\/a>\n\t\t\t\t\t<\/div>\n\n\t\t\t\t\t<div id=\"elementor-tab-content-1381\" class=\"elementor-tab-content elementor-clearfix\" data-tab=\"1\" role=\"region\" aria-labelledby=\"elementor-tab-title-1381\"><h3>Samtala om dikten<\/h3><p>1 \u00c4r dikten aktuell idag? Varf\u00f6r\/varf\u00f6r inte?<\/p><p>2 Fundera \u00f6ver vem som fr\u00e5gar och vem som svarar.<\/p><\/div>\n\t\t\t\t<\/div>\n\t\t\t\t\t\t\t\t<\/div>\n\t\t\t\t\t\t<\/div>\n\t\t\t\t<\/div>\n\t\t\t\t\t<\/div>\n\t\t<\/div>\n\t\t\t\t\t<\/div>\n\t\t<\/section>\n\t\t\t\t\t<\/div>\n\t\t<\/div>\n\t\t\t\t\t<\/div>\n\t\t<\/section>\n\t\t\t\t<section class=\"elementor-section elementor-top-section elementor-element elementor-element-1f6e02d elementor-section-boxed elementor-section-height-default elementor-section-height-default\" data-id=\"1f6e02d\" data-element_type=\"section\" data-e-type=\"section\">\n\t\t\t\t\t\t<div class=\"elementor-container elementor-column-gap-default\">\n\t\t\t\t\t<div class=\"elementor-column elementor-col-100 elementor-top-column elementor-element elementor-element-f18b0b2\" data-id=\"f18b0b2\" data-element_type=\"column\" data-e-type=\"column\">\n\t\t\t<div class=\"elementor-widget-wrap elementor-element-populated\">\n\t\t\t\t\t\t<div class=\"elementor-element elementor-element-e1f61c1 elementor-widget elementor-widget-spacer\" data-id=\"e1f61c1\" data-element_type=\"widget\" data-e-type=\"widget\" data-widget_type=\"spacer.default\">\n\t\t\t\t<div class=\"elementor-widget-container\">\n\t\t\t\t\t\t\t<div class=\"elementor-spacer\">\n\t\t\t<div class=\"elementor-spacer-inner\"><\/div>\n\t\t<\/div>\n\t\t\t\t\t\t<\/div>\n\t\t\t\t<\/div>\n\t\t\t\t\t<\/div>\n\t\t<\/div>\n\t\t\t\t\t<\/div>\n\t\t<\/section>\n\t\t\t\t<\/div>\n\t\t","protected":false},"excerpt":{"rendered":"<p>En l\u00f6skerkarl Av\u00a0Erik Axel Karlfeldt Ur: Fridolins visor\u00a0(1898)\u00a0 \u00a0\u00c5rskurs: Gymnasium\u00a0\u00a0Tema: R\u00f6tter och historia Vem\u00a0\u00e4r\u00a0du\u00a0och\u00a0var\u00a0kommer\u00a0du\u00a0fr\u00e5n?\u2014\u00a0Det\u00a0vill\u00a0jag\u00a0och\u00a0kan\u00a0jag\u00a0ej\u00a0s\u00e4ga.Har\u00a0intet\u00a0hem,\u00a0\u00e4r\u00a0ingen\u00a0mans\u00a0son,ej\u00a0hem\u00a0eller\u00a0son\u00a0skall\u00a0jag\u00a0\u00e4ga.Jag\u00a0\u00e4r\u00a0en\u00a0fr\u00e4mling\u00a0fj\u00e4rranv\u00e4ga. Vad\u00a0\u00e4r\u00a0din\u00a0tro\u00a0och\u00a0din\u00a0religion?\u2014\u00a0Jag\u00a0vet\u00a0blott,\u00a0att\u00a0intet\u00a0jag\u00a0visste,och\u00a0var\u00a0jag\u00a0ej\u00a0av\u00a0den\u00a0r\u00e4tta\u00a0tron,s\u00e5\u00a0trodde\u00a0jag\u00a0dock\u00a0ej\u00a0miste!Gud\u00a0har\u00a0jag\u00a0s\u00f6kt,\u00a0den\u00a0f\u00f6rste\u00a0och\u00a0den\u00a0siste. Hur\u00a0var\u00a0ditt\u00a0liv?\u00a0Det\u00a0var\u00a0storm\u00a0och\u00a0n\u00f6doch\u00a0kamp\u00a0i\u00a0en\u00a0enda\u00a0veva;det\u00a0var\u00a0g\u00e4ckad\u00a0l\u00e4ngtan\u00a0och\u00a0f\u00e5f\u00e4ng\u00a0gl\u00f6doch\u00a0sm\u00e5\u00a0glimtar\u00a0ur\u00a0molnens\u00a0reva.Jag\u00a0\u00e4r\u00a0s\u00e5\u00a0glad\u00a0att\u00a0jag\u00a0f\u00e5tt\u00a0leva. L\u00e4s dikten p\u00e5 Litteraturbanken Termer och begrepp Uppgift, Gymnasium Gymnasium Samtala om dikten 1 \u00c4r dikten aktuell idag? Varf\u00f6r\/varf\u00f6r inte? 2 Fundera \u00f6ver vem som fr\u00e5gar och vem som svarar.<\/p>\n","protected":false},"author":5,"featured_media":0,"parent":0,"menu_order":0,"comment_status":"closed","ping_status":"closed","template":"","meta":{"ocean_post_layout":"full-screen","ocean_both_sidebars_style":"","ocean_both_sidebars_content_width":0,"ocean_both_sidebars_sidebars_width":0,"ocean_sidebar":"0","ocean_second_sidebar":"0","ocean_disable_margins":"enable","ocean_add_body_class":"","ocean_shortcode_before_top_bar":"","ocean_shortcode_after_top_bar":"","ocean_shortcode_before_header":"","ocean_shortcode_after_header":"","ocean_has_shortcode":"","ocean_shortcode_after_title":"","ocean_shortcode_before_footer_widgets":"","ocean_shortcode_after_footer_widgets":"","ocean_shortcode_before_footer_bottom":"","ocean_shortcode_after_footer_bottom":"","ocean_display_top_bar":"default","ocean_display_header":"default","ocean_header_style":"","ocean_center_header_left_menu":"0","ocean_custom_header_template":"0","ocean_custom_logo":0,"ocean_custom_retina_logo":0,"ocean_custom_logo_max_width":0,"ocean_custom_logo_tablet_max_width":0,"ocean_custom_logo_mobile_max_width":0,"ocean_custom_logo_max_height":0,"ocean_custom_logo_tablet_max_height":0,"ocean_custom_logo_mobile_max_height":0,"ocean_header_custom_menu":"0","ocean_menu_typo_font_family":"0","ocean_menu_typo_font_subset":"","ocean_menu_typo_font_size":0,"ocean_menu_typo_font_size_tablet":0,"ocean_menu_typo_font_size_mobile":0,"ocean_menu_typo_font_size_unit":"px","ocean_menu_typo_font_weight":"","ocean_menu_typo_font_weight_tablet":"","ocean_menu_typo_font_weight_mobile":"","ocean_menu_typo_transform":"","ocean_menu_typo_transform_tablet":"","ocean_menu_typo_transform_mobile":"","ocean_menu_typo_line_height":0,"ocean_menu_typo_line_height_tablet":0,"ocean_menu_typo_line_height_mobile":0,"ocean_menu_typo_line_height_unit":"","ocean_menu_typo_spacing":0,"ocean_menu_typo_spacing_tablet":0,"ocean_menu_typo_spacing_mobile":0,"ocean_menu_typo_spacing_unit":"","ocean_menu_link_color":"","ocean_menu_link_color_hover":"","ocean_menu_link_color_active":"","ocean_menu_link_background":"","ocean_menu_link_hover_background":"","ocean_menu_link_active_background":"","ocean_menu_social_links_bg":"","ocean_menu_social_hover_links_bg":"","ocean_menu_social_links_color":"","ocean_menu_social_hover_links_color":"","ocean_disable_title":"on","ocean_disable_heading":"default","ocean_post_title":"","ocean_post_subheading":"","ocean_post_title_style":"","ocean_post_title_background_color":"","ocean_post_title_background":0,"ocean_post_title_bg_image_position":"","ocean_post_title_bg_image_attachment":"","ocean_post_title_bg_image_repeat":"","ocean_post_title_bg_image_size":"","ocean_post_title_height":0,"ocean_post_title_bg_overlay":0.5,"ocean_post_title_bg_overlay_color":"","ocean_disable_breadcrumbs":"default","ocean_breadcrumbs_color":"","ocean_breadcrumbs_separator_color":"","ocean_breadcrumbs_links_color":"","ocean_breadcrumbs_links_hover_color":"","ocean_display_footer_widgets":"default","ocean_display_footer_bottom":"default","ocean_custom_footer_template":"0","footnotes":""},"class_list":["post-10877","page","type-page","status-publish","hentry","entry"],"_links":{"self":[{"href":"https:\/\/litteraturbanken.se\/skolan\/wp-json\/wp\/v2\/pages\/10877","targetHints":{"allow":["GET"]}}],"collection":[{"href":"https:\/\/litteraturbanken.se\/skolan\/wp-json\/wp\/v2\/pages"}],"about":[{"href":"https:\/\/litteraturbanken.se\/skolan\/wp-json\/wp\/v2\/types\/page"}],"author":[{"embeddable":true,"href":"https:\/\/litteraturbanken.se\/skolan\/wp-json\/wp\/v2\/users\/5"}],"replies":[{"embeddable":true,"href":"https:\/\/litteraturbanken.se\/skolan\/wp-json\/wp\/v2\/comments?post=10877"}],"version-history":[{"count":16,"href":"https:\/\/litteraturbanken.se\/skolan\/wp-json\/wp\/v2\/pages\/10877\/revisions"}],"predecessor-version":[{"id":19952,"href":"https:\/\/litteraturbanken.se\/skolan\/wp-json\/wp\/v2\/pages\/10877\/revisions\/19952"}],"wp:attachment":[{"href":"https:\/\/litteraturbanken.se\/skolan\/wp-json\/wp\/v2\/media?parent=10877"}],"curies":[{"name":"wp","href":"https:\/\/api.w.org\/{rel}","templated":true}]}}