{"id":10951,"date":"2018-12-29T11:20:30","date_gmt":"2018-12-29T10:20:30","guid":{"rendered":"https:\/\/litteraturbanken.se\/skoladev\/?page_id=10951"},"modified":"2020-02-13T13:53:44","modified_gmt":"2020-02-13T12:53:44","slug":"poesi-forfattare-johan-ludvig-runeberg-den-sjuttonariga","status":"publish","type":"page","link":"https:\/\/litteraturbanken.se\/skolan\/poesi-forfattare-johan-ludvig-runeberg-den-sjuttonariga\/","title":{"rendered":"Poesi\/F\u00f6rfattare\/Johan Ludvig Runeberg\/Den sjutton\u00e5riga"},"content":{"rendered":"\t\t<div data-elementor-type=\"wp-post\" data-elementor-id=\"10951\" class=\"elementor elementor-10951\">\n\t\t\t\t\t\t<section class=\"elementor-section elementor-top-section elementor-element elementor-element-958f43e elementor-section-boxed elementor-section-height-default elementor-section-height-default\" data-id=\"958f43e\" data-element_type=\"section\" data-e-type=\"section\">\n\t\t\t\t\t\t<div class=\"elementor-container elementor-column-gap-default\">\n\t\t\t\t\t<div class=\"elementor-column elementor-col-100 elementor-top-column elementor-element elementor-element-0fd98d6\" data-id=\"0fd98d6\" data-element_type=\"column\" data-e-type=\"column\">\n\t\t\t<div class=\"elementor-widget-wrap elementor-element-populated\">\n\t\t\t\t\t\t<div class=\"elementor-element elementor-element-e1e1d6f elementor-widget elementor-widget-spacer\" data-id=\"e1e1d6f\" data-element_type=\"widget\" data-e-type=\"widget\" data-widget_type=\"spacer.default\">\n\t\t\t\t<div class=\"elementor-widget-container\">\n\t\t\t\t\t\t\t<div class=\"elementor-spacer\">\n\t\t\t<div class=\"elementor-spacer-inner\"><\/div>\n\t\t<\/div>\n\t\t\t\t\t\t<\/div>\n\t\t\t\t<\/div>\n\t\t\t\t\t<\/div>\n\t\t<\/div>\n\t\t\t\t\t<\/div>\n\t\t<\/section>\n\t\t\t\t<section class=\"elementor-section elementor-inner-section elementor-element elementor-element-ba2380b elementor-section-boxed elementor-section-height-default elementor-section-height-default\" data-id=\"ba2380b\" data-element_type=\"section\" data-e-type=\"section\">\n\t\t\t\t\t\t<div class=\"elementor-container elementor-column-gap-default\">\n\t\t\t\t\t<div class=\"elementor-column elementor-col-66 elementor-inner-column elementor-element elementor-element-2cfd369\" data-id=\"2cfd369\" data-element_type=\"column\" data-e-type=\"column\" data-settings=\"{&quot;background_background&quot;:&quot;classic&quot;}\">\n\t\t\t<div class=\"elementor-widget-wrap elementor-element-populated\">\n\t\t\t\t\t\t<div class=\"elementor-element elementor-element-9cb24c8 elementor-widget elementor-widget-heading\" data-id=\"9cb24c8\" data-element_type=\"widget\" data-e-type=\"widget\" data-widget_type=\"heading.default\">\n\t\t\t\t<div class=\"elementor-widget-container\">\n\t\t\t\t\t<h2 class=\"elementor-heading-title elementor-size-default\">Den sjutton\u00e5riga<\/h2>\t\t\t\t<\/div>\n\t\t\t\t<\/div>\n\t\t\t\t<div class=\"elementor-element elementor-element-2449ec9 elementor-widget elementor-widget-text-editor\" data-id=\"2449ec9\" data-element_type=\"widget\" data-e-type=\"widget\" data-widget_type=\"text-editor.default\">\n\t\t\t\t<div class=\"elementor-widget-container\">\n\t\t\t\t\t\t\t\t\t<p>Av <a href=\"https:\/\/litteraturbanken.se\/skolan\/?page_id=142&amp;preview_nonce=5893baa4b1\"><em>Johan Ludvig Runeberg<\/em><\/a><\/p>\t\t\t\t\t\t\t\t<\/div>\n\t\t\t\t<\/div>\n\t\t\t\t<div class=\"elementor-element elementor-element-e91edaa elementor-widget elementor-widget-text-editor\" data-id=\"e91edaa\" data-element_type=\"widget\" data-e-type=\"widget\" data-widget_type=\"text-editor.default\">\n\t\t\t\t<div class=\"elementor-widget-container\">\n\t\t\t\t\t\t\t\t\t<p><strong>Ur:<\/strong>\u00a0Dikter<em>\u00a0<\/em><span style=\"font-size: 15px; letter-spacing: 0.6px;\"><span class=\"ng-binding\" aria-hidden=\"false\">(1998)<\/span>\u00a0<\/span><strong>\u00c5rskurs<\/strong>: Gymnasium \u00a0<strong>Tema<\/strong>:\u00a0\u00c5ngest<\/p>\t\t\t\t\t\t\t\t<\/div>\n\t\t\t\t<\/div>\n\t\t\t\t<div class=\"elementor-element elementor-element-7e97516 elementor-widget elementor-widget-text-editor\" data-id=\"7e97516\" data-element_type=\"widget\" data-e-type=\"widget\" data-widget_type=\"text-editor.default\">\n\t\t\t\t<div class=\"elementor-widget-container\">\n\t\t\t\t\t\t\t\t\t<p>Jag\u00a0vet\u00a0ej\u00a0vad\u00a0jag\u00a0hoppas,<br \/>och\u00a0hoppas\u00a0likafullt,<br \/>mitt\u00a0hj\u00e4rta\u00a0k\u00e4nns\u00a0s\u00e5\u00a0\u00f6dsligt,<br \/>och\u00a0\u00e4r\u00a0\u00e4nd\u00e5\u00a0s\u00e5\u00a0fullt.<br \/>Vart\u00a0syftar\u00a0denna\u00a0oro,<br \/>som\u00a0ej\u00a0ett\u00a0m\u00e5l\u00a0kan\u00a0n\u00e5?<br \/>Vad\u00a0\u00f6nskar\u00a0jag,\u00a0vad\u00a0vill\u00a0jag,<br \/>vad\u00a0t\u00e4nker\u00a0jag\u00a0upp\u00e5?<br \/><br \/>Vid\u00a0s\u00f6mmen\u00a0hela\u00a0dagen<br \/>jag\u00a0sitter\u00a0som\u00a0en\u00a0tr\u00e4l;<br \/>jag\u00a0tycks\u00a0arbeta\u00a0flitigt,<br \/>det\u00a0lider\u00a0ej\u00a0likv\u00e4l.<br \/>Mot\u00a0handen\u00a0sjunker\u00a0pannan,<br \/>och\u00a0n\u00e5len\u00a0gl\u00f6mmes\u00a0d\u00e5.<br \/>Vad\u00a0\u00f6nskar\u00a0jag,\u00a0vad\u00a0vill\u00a0jag,<br \/>vad\u00a0t\u00e4nker\u00a0jag\u00a0upp\u00e5?<br \/><br \/>Jag\u00a0mente:\u00a0v\u00e5ren\u00a0kommer,<br \/>naturens\u00a0dr\u00e4kt\u00a0blir\u00a0ny,<br \/>d\u00e5\u00a0skall\u00a0min\u00a0h\u00e5g\u00a0f\u00f6r\u00e4ndras,<br \/>och\u00a0mitt\u00a0bekymmer\u00a0fly;<br \/>och\u00a0v\u00e5ren\u00a0kom\u00a0och\u00a0sommarn,<br \/>jag\u00a0blev\u00a0mig\u00a0lik\u00a0\u00e4nd\u00e5.<br \/>Vad\u00a0\u00f6nskar\u00a0jag,\u00a0vad\u00a0vill\u00a0jag,<br \/>vad\u00a0t\u00e4nker\u00a0jag\u00a0upp\u00e5?<br \/><br \/>Jag\u00a0\u00e4lskar\u00a0ej,\u00a0som\u00a0fordom,<br \/>min\u00a0sk\u00f6na\u00a0nejds\u00a0behag,<br \/>ju\u00a0mera\u00a0dagen\u00a0klarnar<br \/>dess\u00a0mera\u00a0mulnar\u00a0jag.<br \/>Hur\u00a0skall\u00a0min\u00a0oro\u00a0skingras,<br \/>och\u00a0n\u00e4r\u00a0min\u00a0sorg\u00a0f\u00f6rg\u00e5?<br \/>Vad\u00a0\u00f6nskar\u00a0jag,\u00a0vad\u00a0vill\u00a0jag,<br \/>vad\u00a0t\u00e4nker\u00a0jag\u00a0upp\u00e5?<br \/><br \/>O\u00a0den,\u00a0som\u00a0finge\u00a0vila<br \/>i\u00a0d\u00f6dens\u00a0lugna\u00a0bo,<br \/>kanske\u00a0att\u00a0blott\u00a0i\u00a0graven<br \/>ett\u00a0hj\u00e4rta\u00a0finner\u00a0ro.<br \/>Men\u00a0dock\u00a0hur\u00a0tungt,\u00a0att\u00a0redan<br \/>fr\u00e5n\u00a0sol\u00a0och\u00a0v\u00e4nner\u00a0g\u00e5!<br \/>Vad\u00a0\u00f6nskar\u00a0jag,\u00a0vad\u00a0vill\u00a0jag,<br \/>vad\u00a0t\u00e4nker\u00a0jag\u00a0upp\u00e5?<\/p>\t\t\t\t\t\t\t\t<\/div>\n\t\t\t\t<\/div>\n\t\t\t\t\t<\/div>\n\t\t<\/div>\n\t\t\t\t<div class=\"elementor-column elementor-col-33 elementor-inner-column elementor-element elementor-element-ef4d0af\" data-id=\"ef4d0af\" data-element_type=\"column\" data-e-type=\"column\">\n\t\t\t<div class=\"elementor-widget-wrap elementor-element-populated\">\n\t\t\t\t\t\t<div class=\"elementor-element elementor-element-0e1bd66 elementor-widget elementor-widget-wp-widget-media_audio\" data-id=\"0e1bd66\" data-element_type=\"widget\" data-e-type=\"widget\" data-widget_type=\"wp-widget-media_audio.default\">\n\t\t\t\t<div class=\"elementor-widget-container\">\n\t\t\t\t\t<h5>Paulina Helgeson l\u00e4ser \u201dDen sjutton\u00e5riga\u201d av Johan Ludvig Runeberg.<\/h5><audio class=\"wp-audio-shortcode\" id=\"audio-10951-1\" preload=\"none\" style=\"width: 100%;\" controls=\"controls\"><source type=\"audio\/mpeg\" src=\"https:\/\/litteraturbanken.se\/skolan\/wp-content\/uploads\/2019\/03\/runeberg_densjottona\u030ariga_helgeson.mp3?_=1\" \/><source type=\"audio\/mpeg\" src=\"https:\/\/litteraturbanken.se\/skolan\/wp-content\/uploads\/2019\/03\/runeberg_densjottona\u030ariga_helgeson.mp3?_=1\" \/><a href=\"https:\/\/litteraturbanken.se\/skolan\/wp-content\/uploads\/2019\/03\/runeberg_densjottona\u030ariga_helgeson.mp3\">https:\/\/litteraturbanken.se\/skolan\/wp-content\/uploads\/2019\/03\/runeberg_densjottona\u030ariga_helgeson.mp3<\/a><\/audio>\t\t\t\t<\/div>\n\t\t\t\t<\/div>\n\t\t\t\t<div class=\"elementor-element elementor-element-8898e0e elementor-icon-list--layout-traditional elementor-list-item-link-full_width elementor-widget elementor-widget-icon-list\" data-id=\"8898e0e\" data-element_type=\"widget\" data-e-type=\"widget\" data-widget_type=\"icon-list.default\">\n\t\t\t\t<div class=\"elementor-widget-container\">\n\t\t\t\t\t\t\t<ul class=\"elementor-icon-list-items\">\n\t\t\t\t\t\t\t<li class=\"elementor-icon-list-item\">\n\t\t\t\t\t\t\t\t\t\t\t<a href=\"https:\/\/litteraturbanken.se\/forfattare\/RunebergJL\/titlar\/Dikter\/sida\/184\/etext\" target=\"_blank\">\n\n\t\t\t\t\t\t\t\t\t\t\t\t<span class=\"elementor-icon-list-icon\">\n\t\t\t\t\t\t\t\t\t\t\t\t\t\t\t\t<i class=\"fa fa-file-text-o\" aria-hidden=\"true\"><\/i>\n\t\t\t\t\t\t\t\t\t\t\t\t\t<\/span>\n\t\t\t\t\t\t\t\t\t\t<span class=\"elementor-icon-list-text\">L\u00e4s dikten p\u00e5 Litteraturbanken<\/span>\n\t\t\t\t\t\t\t\t\t\t\t<\/a>\n\t\t\t\t\t\t\t\t\t<\/li>\n\t\t\t\t\t\t\t\t<li class=\"elementor-icon-list-item\">\n\t\t\t\t\t\t\t\t\t\t\t<a href=\"https:\/\/litteraturbanken.se\/skolan\/?page_id=261\" target=\"_blank\">\n\n\t\t\t\t\t\t\t\t\t\t\t\t<span class=\"elementor-icon-list-icon\">\n\t\t\t\t\t\t\t\t\t\t\t\t\t\t\t\t<i class=\"fa fa-file-text-o\" aria-hidden=\"true\"><\/i>\n\t\t\t\t\t\t\t\t\t\t\t\t\t<\/span>\n\t\t\t\t\t\t\t\t\t\t<span class=\"elementor-icon-list-text\">Termer och begrepp<\/span>\n\t\t\t\t\t\t\t\t\t\t\t<\/a>\n\t\t\t\t\t\t\t\t\t<\/li>\n\t\t\t\t\t\t<\/ul>\n\t\t\t\t\t\t<\/div>\n\t\t\t\t<\/div>\n\t\t\t\t<div class=\"elementor-element elementor-element-ee0df2e elementor-align-center elementor-widget elementor-widget-button\" data-id=\"ee0df2e\" data-element_type=\"widget\" data-e-type=\"widget\" data-widget_type=\"button.default\">\n\t\t\t\t<div class=\"elementor-widget-container\">\n\t\t\t\t\t\t\t\t\t<div class=\"elementor-button-wrapper\">\n\t\t\t\t\t<a class=\"elementor-button elementor-button-link elementor-size-md elementor-animation-grow\" href=\"#uppgift\">\n\t\t\t\t\t\t<span class=\"elementor-button-content-wrapper\">\n\t\t\t\t\t\t<span class=\"elementor-button-icon\">\n\t\t\t\t\t\t\t\t\t<i class=\"fa fa-pencil\" aria-hidden=\"true\"><\/i>\n\t\t\t\t\t\t\t<\/span>\n\t\t\t\t\t\t\t\t\t<span class=\"elementor-button-text\">Uppgift, Gymnasium<\/span>\n\t\t\t\t\t<\/span>\n\t\t\t\t\t<\/a>\n\t\t\t\t<\/div>\n\t\t\t\t\t\t\t\t<\/div>\n\t\t\t\t<\/div>\n\t\t\t\t<div class=\"elementor-element elementor-element-4e5fa6f elementor-widget elementor-widget-image\" data-id=\"4e5fa6f\" data-element_type=\"widget\" data-e-type=\"widget\" data-widget_type=\"image.default\">\n\t\t\t\t<div class=\"elementor-widget-container\">\n\t\t\t\t\t\t\t\t\t\t\t\t\t\t\t<img fetchpriority=\"high\" decoding=\"async\" width=\"300\" height=\"300\" src=\"https:\/\/litteraturbanken.se\/skolan\/wp-content\/uploads\/2019\/03\/lb_skolan_2019_knapp_f\u00f6rfattarbild_runeberg_r\u00f6d-e1553013294765.jpg\" class=\"attachment-full size-full wp-image-13774\" alt=\"\" \/>\t\t\t\t\t\t\t\t\t\t\t\t\t\t\t<\/div>\n\t\t\t\t<\/div>\n\t\t\t\t\t<\/div>\n\t\t<\/div>\n\t\t\t\t\t<\/div>\n\t\t<\/section>\n\t\t\t\t<section class=\"elementor-section elementor-top-section elementor-element elementor-element-e2b3997 elementor-section-boxed elementor-section-height-default elementor-section-height-default\" data-id=\"e2b3997\" data-element_type=\"section\" data-e-type=\"section\">\n\t\t\t\t\t\t<div class=\"elementor-container elementor-column-gap-default\">\n\t\t\t\t\t<div class=\"elementor-column elementor-col-100 elementor-top-column elementor-element elementor-element-a30c7a6\" data-id=\"a30c7a6\" data-element_type=\"column\" data-e-type=\"column\">\n\t\t\t<div class=\"elementor-widget-wrap elementor-element-populated\">\n\t\t\t\t\t\t<div class=\"elementor-element elementor-element-1001b8a elementor-widget elementor-widget-spacer\" data-id=\"1001b8a\" data-element_type=\"widget\" data-e-type=\"widget\" data-widget_type=\"spacer.default\">\n\t\t\t\t<div class=\"elementor-widget-container\">\n\t\t\t\t\t\t\t<div class=\"elementor-spacer\">\n\t\t\t<div class=\"elementor-spacer-inner\"><\/div>\n\t\t<\/div>\n\t\t\t\t\t\t<\/div>\n\t\t\t\t<\/div>\n\t\t\t\t\t<\/div>\n\t\t<\/div>\n\t\t\t\t\t<\/div>\n\t\t<\/section>\n\t\t\t\t<section class=\"elementor-section elementor-top-section elementor-element elementor-element-b050cb6 elementor-section-boxed elementor-section-height-default elementor-section-height-default\" data-id=\"b050cb6\" data-element_type=\"section\" data-e-type=\"section\">\n\t\t\t\t\t\t<div class=\"elementor-container elementor-column-gap-default\">\n\t\t\t\t\t<div class=\"elementor-column elementor-col-100 elementor-top-column elementor-element elementor-element-e191e68\" data-id=\"e191e68\" data-element_type=\"column\" data-e-type=\"column\" data-settings=\"{&quot;background_background&quot;:&quot;classic&quot;}\">\n\t\t\t<div class=\"elementor-widget-wrap elementor-element-populated\">\n\t\t\t\t\t\t<section class=\"elementor-section elementor-inner-section elementor-element elementor-element-cffbf93 elementor-section-boxed elementor-section-height-default elementor-section-height-default\" data-id=\"cffbf93\" data-element_type=\"section\" data-e-type=\"section\">\n\t\t\t\t\t\t<div class=\"elementor-container elementor-column-gap-default\">\n\t\t\t\t\t<div class=\"elementor-column elementor-col-100 elementor-inner-column elementor-element elementor-element-d248dff\" data-id=\"d248dff\" data-element_type=\"column\" data-e-type=\"column\">\n\t\t\t<div class=\"elementor-widget-wrap elementor-element-populated\">\n\t\t\t\t\t\t<div class=\"elementor-element elementor-element-701c12d elementor-widget elementor-widget-menu-anchor\" data-id=\"701c12d\" data-element_type=\"widget\" data-e-type=\"widget\" data-widget_type=\"menu-anchor.default\">\n\t\t\t\t<div class=\"elementor-widget-container\">\n\t\t\t\t\t\t\t<div class=\"elementor-menu-anchor\" id=\"uppgift\"><\/div>\n\t\t\t\t\t\t<\/div>\n\t\t\t\t<\/div>\n\t\t\t\t<div class=\"elementor-element elementor-element-f581f6a elementor-view-framed elementor-shape-circle elementor-widget elementor-widget-icon\" data-id=\"f581f6a\" data-element_type=\"widget\" data-e-type=\"widget\" data-widget_type=\"icon.default\">\n\t\t\t\t<div class=\"elementor-widget-container\">\n\t\t\t\t\t\t\t<div class=\"elementor-icon-wrapper\">\n\t\t\t<div class=\"elementor-icon\">\n\t\t\t\t\t\t\t<i class=\"fa fa-pencil\" aria-hidden=\"true\"><\/i>\n\t\t\t\t\t\t<\/div>\n\t\t<\/div>\n\t\t\t\t\t\t<\/div>\n\t\t\t\t<\/div>\n\t\t\t\t<div class=\"elementor-element elementor-element-607f29c elementor-widget elementor-widget-toggle\" data-id=\"607f29c\" data-element_type=\"widget\" data-e-type=\"widget\" data-widget_type=\"toggle.default\">\n\t\t\t\t<div class=\"elementor-widget-container\">\n\t\t\t\t\t\t\t<div class=\"elementor-toggle\">\n\t\t\t\t\t\t\t<div class=\"elementor-toggle-item\">\n\t\t\t\t\t<div id=\"elementor-tab-title-1011\" class=\"elementor-tab-title\" data-tab=\"1\" role=\"button\" aria-controls=\"elementor-tab-content-1011\" aria-expanded=\"false\">\n\t\t\t\t\t\t\t\t\t\t\t\t<span class=\"elementor-toggle-icon elementor-toggle-icon-left\" aria-hidden=\"true\">\n\t\t\t\t\t\t\t\t\t\t\t\t\t\t\t<i class=\"elementor-toggle-icon-closed fa fa-chevron-right\"><\/i>\n\t\t\t\t\t\t\t\t<i class=\"elementor-toggle-icon-opened fa fa-chevron-down\"><\/i>\n\t\t\t\t\t\t\t\t\t\t\t\t\t<\/span>\n\t\t\t\t\t\t\t\t\t\t\t\t<a class=\"elementor-toggle-title\" tabindex=\"0\">Gymnasium<\/a>\n\t\t\t\t\t<\/div>\n\n\t\t\t\t\t<div id=\"elementor-tab-content-1011\" class=\"elementor-tab-content elementor-clearfix\" data-tab=\"1\" role=\"region\" aria-labelledby=\"elementor-tab-title-1011\"><h3>Samtala om dikten<\/h3><p>Dikten beskriver vad vi idag skulle kalla en ton\u00e5rsdepression. Samtala om vad som \u00e4r sjutton\u00e5ringens problem\u00a0<\/p><p>\u00a0<\/p><h3>Skriv<\/h3><p>Skriv ett tr\u00f6stande brev till sjutton\u00e5ringen.<\/p><\/div>\n\t\t\t\t<\/div>\n\t\t\t\t\t\t\t\t<\/div>\n\t\t\t\t\t\t<\/div>\n\t\t\t\t<\/div>\n\t\t\t\t\t<\/div>\n\t\t<\/div>\n\t\t\t\t\t<\/div>\n\t\t<\/section>\n\t\t\t\t\t<\/div>\n\t\t<\/div>\n\t\t\t\t\t<\/div>\n\t\t<\/section>\n\t\t\t\t<section class=\"elementor-section elementor-top-section elementor-element elementor-element-053ab86 elementor-section-boxed elementor-section-height-default elementor-section-height-default\" data-id=\"053ab86\" data-element_type=\"section\" data-e-type=\"section\">\n\t\t\t\t\t\t<div class=\"elementor-container elementor-column-gap-default\">\n\t\t\t\t\t<div class=\"elementor-column elementor-col-100 elementor-top-column elementor-element elementor-element-54baf58\" data-id=\"54baf58\" data-element_type=\"column\" data-e-type=\"column\">\n\t\t\t<div class=\"elementor-widget-wrap elementor-element-populated\">\n\t\t\t\t\t\t<div class=\"elementor-element elementor-element-689ca47 elementor-widget elementor-widget-spacer\" data-id=\"689ca47\" data-element_type=\"widget\" data-e-type=\"widget\" data-widget_type=\"spacer.default\">\n\t\t\t\t<div class=\"elementor-widget-container\">\n\t\t\t\t\t\t\t<div class=\"elementor-spacer\">\n\t\t\t<div class=\"elementor-spacer-inner\"><\/div>\n\t\t<\/div>\n\t\t\t\t\t\t<\/div>\n\t\t\t\t<\/div>\n\t\t\t\t\t<\/div>\n\t\t<\/div>\n\t\t\t\t\t<\/div>\n\t\t<\/section>\n\t\t\t\t<\/div>\n\t\t","protected":false},"excerpt":{"rendered":"<p>Den sjutton\u00e5riga Av Johan Ludvig Runeberg Ur:\u00a0Dikter\u00a0(1998)\u00a0\u00c5rskurs: Gymnasium \u00a0Tema:\u00a0\u00c5ngest Jag\u00a0vet\u00a0ej\u00a0vad\u00a0jag\u00a0hoppas,och\u00a0hoppas\u00a0likafullt,mitt\u00a0hj\u00e4rta\u00a0k\u00e4nns\u00a0s\u00e5\u00a0\u00f6dsligt,och\u00a0\u00e4r\u00a0\u00e4nd\u00e5\u00a0s\u00e5\u00a0fullt.Vart\u00a0syftar\u00a0denna\u00a0oro,som\u00a0ej\u00a0ett\u00a0m\u00e5l\u00a0kan\u00a0n\u00e5?Vad\u00a0\u00f6nskar\u00a0jag,\u00a0vad\u00a0vill\u00a0jag,vad\u00a0t\u00e4nker\u00a0jag\u00a0upp\u00e5? Vid\u00a0s\u00f6mmen\u00a0hela\u00a0dagenjag\u00a0sitter\u00a0som\u00a0en\u00a0tr\u00e4l;jag\u00a0tycks\u00a0arbeta\u00a0flitigt,det\u00a0lider\u00a0ej\u00a0likv\u00e4l.Mot\u00a0handen\u00a0sjunker\u00a0pannan,och\u00a0n\u00e5len\u00a0gl\u00f6mmes\u00a0d\u00e5.Vad\u00a0\u00f6nskar\u00a0jag,\u00a0vad\u00a0vill\u00a0jag,vad\u00a0t\u00e4nker\u00a0jag\u00a0upp\u00e5? Jag\u00a0mente:\u00a0v\u00e5ren\u00a0kommer,naturens\u00a0dr\u00e4kt\u00a0blir\u00a0ny,d\u00e5\u00a0skall\u00a0min\u00a0h\u00e5g\u00a0f\u00f6r\u00e4ndras,och\u00a0mitt\u00a0bekymmer\u00a0fly;och\u00a0v\u00e5ren\u00a0kom\u00a0och\u00a0sommarn,jag\u00a0blev\u00a0mig\u00a0lik\u00a0\u00e4nd\u00e5.Vad\u00a0\u00f6nskar\u00a0jag,\u00a0vad\u00a0vill\u00a0jag,vad\u00a0t\u00e4nker\u00a0jag\u00a0upp\u00e5? Jag\u00a0\u00e4lskar\u00a0ej,\u00a0som\u00a0fordom,min\u00a0sk\u00f6na\u00a0nejds\u00a0behag,ju\u00a0mera\u00a0dagen\u00a0klarnardess\u00a0mera\u00a0mulnar\u00a0jag.Hur\u00a0skall\u00a0min\u00a0oro\u00a0skingras,och\u00a0n\u00e4r\u00a0min\u00a0sorg\u00a0f\u00f6rg\u00e5?Vad\u00a0\u00f6nskar\u00a0jag,\u00a0vad\u00a0vill\u00a0jag,vad\u00a0t\u00e4nker\u00a0jag\u00a0upp\u00e5? O\u00a0den,\u00a0som\u00a0finge\u00a0vilai\u00a0d\u00f6dens\u00a0lugna\u00a0bo,kanske\u00a0att\u00a0blott\u00a0i\u00a0gravenett\u00a0hj\u00e4rta\u00a0finner\u00a0ro.Men\u00a0dock\u00a0hur\u00a0tungt,\u00a0att\u00a0redanfr\u00e5n\u00a0sol\u00a0och\u00a0v\u00e4nner\u00a0g\u00e5!Vad\u00a0\u00f6nskar\u00a0jag,\u00a0vad\u00a0vill\u00a0jag,vad\u00a0t\u00e4nker\u00a0jag\u00a0upp\u00e5? L\u00e4s dikten p\u00e5 Litteraturbanken Termer och begrepp Uppgift, Gymnasium Gymnasium Samtala om dikten Dikten beskriver vad vi idag skulle kalla en ton\u00e5rsdepression. Samtala om vad som \u00e4r sjutton\u00e5ringens problem\u00a0 \u00a0 Skriv Skriv ett tr\u00f6stande brev till sjutton\u00e5ringen.<\/p>\n","protected":false},"author":5,"featured_media":0,"parent":0,"menu_order":0,"comment_status":"closed","ping_status":"closed","template":"","meta":{"ocean_post_layout":"full-screen","ocean_both_sidebars_style":"","ocean_both_sidebars_content_width":0,"ocean_both_sidebars_sidebars_width":0,"ocean_sidebar":"0","ocean_second_sidebar":"0","ocean_disable_margins":"enable","ocean_add_body_class":"","ocean_shortcode_before_top_bar":"","ocean_shortcode_after_top_bar":"","ocean_shortcode_before_header":"","ocean_shortcode_after_header":"","ocean_has_shortcode":"","ocean_shortcode_after_title":"","ocean_shortcode_before_footer_widgets":"","ocean_shortcode_after_footer_widgets":"","ocean_shortcode_before_footer_bottom":"","ocean_shortcode_after_footer_bottom":"","ocean_display_top_bar":"default","ocean_display_header":"default","ocean_header_style":"","ocean_center_header_left_menu":"0","ocean_custom_header_template":"0","ocean_custom_logo":0,"ocean_custom_retina_logo":0,"ocean_custom_logo_max_width":0,"ocean_custom_logo_tablet_max_width":0,"ocean_custom_logo_mobile_max_width":0,"ocean_custom_logo_max_height":0,"ocean_custom_logo_tablet_max_height":0,"ocean_custom_logo_mobile_max_height":0,"ocean_header_custom_menu":"0","ocean_menu_typo_font_family":"0","ocean_menu_typo_font_subset":"","ocean_menu_typo_font_size":0,"ocean_menu_typo_font_size_tablet":0,"ocean_menu_typo_font_size_mobile":0,"ocean_menu_typo_font_size_unit":"px","ocean_menu_typo_font_weight":"","ocean_menu_typo_font_weight_tablet":"","ocean_menu_typo_font_weight_mobile":"","ocean_menu_typo_transform":"","ocean_menu_typo_transform_tablet":"","ocean_menu_typo_transform_mobile":"","ocean_menu_typo_line_height":0,"ocean_menu_typo_line_height_tablet":0,"ocean_menu_typo_line_height_mobile":0,"ocean_menu_typo_line_height_unit":"","ocean_menu_typo_spacing":0,"ocean_menu_typo_spacing_tablet":0,"ocean_menu_typo_spacing_mobile":0,"ocean_menu_typo_spacing_unit":"","ocean_menu_link_color":"","ocean_menu_link_color_hover":"","ocean_menu_link_color_active":"","ocean_menu_link_background":"","ocean_menu_link_hover_background":"","ocean_menu_link_active_background":"","ocean_menu_social_links_bg":"","ocean_menu_social_hover_links_bg":"","ocean_menu_social_links_color":"","ocean_menu_social_hover_links_color":"","ocean_disable_title":"on","ocean_disable_heading":"default","ocean_post_title":"","ocean_post_subheading":"","ocean_post_title_style":"","ocean_post_title_background_color":"","ocean_post_title_background":0,"ocean_post_title_bg_image_position":"","ocean_post_title_bg_image_attachment":"","ocean_post_title_bg_image_repeat":"","ocean_post_title_bg_image_size":"","ocean_post_title_height":0,"ocean_post_title_bg_overlay":0.5,"ocean_post_title_bg_overlay_color":"","ocean_disable_breadcrumbs":"default","ocean_breadcrumbs_color":"","ocean_breadcrumbs_separator_color":"","ocean_breadcrumbs_links_color":"","ocean_breadcrumbs_links_hover_color":"","ocean_display_footer_widgets":"default","ocean_display_footer_bottom":"default","ocean_custom_footer_template":"0","footnotes":""},"class_list":["post-10951","page","type-page","status-publish","hentry","entry"],"_links":{"self":[{"href":"https:\/\/litteraturbanken.se\/skolan\/wp-json\/wp\/v2\/pages\/10951","targetHints":{"allow":["GET"]}}],"collection":[{"href":"https:\/\/litteraturbanken.se\/skolan\/wp-json\/wp\/v2\/pages"}],"about":[{"href":"https:\/\/litteraturbanken.se\/skolan\/wp-json\/wp\/v2\/types\/page"}],"author":[{"embeddable":true,"href":"https:\/\/litteraturbanken.se\/skolan\/wp-json\/wp\/v2\/users\/5"}],"replies":[{"embeddable":true,"href":"https:\/\/litteraturbanken.se\/skolan\/wp-json\/wp\/v2\/comments?post=10951"}],"version-history":[{"count":14,"href":"https:\/\/litteraturbanken.se\/skolan\/wp-json\/wp\/v2\/pages\/10951\/revisions"}],"predecessor-version":[{"id":20150,"href":"https:\/\/litteraturbanken.se\/skolan\/wp-json\/wp\/v2\/pages\/10951\/revisions\/20150"}],"wp:attachment":[{"href":"https:\/\/litteraturbanken.se\/skolan\/wp-json\/wp\/v2\/media?parent=10951"}],"curies":[{"name":"wp","href":"https:\/\/api.w.org\/{rel}","templated":true}]}}