{"id":10958,"date":"2018-12-29T11:29:08","date_gmt":"2018-12-29T10:29:08","guid":{"rendered":"https:\/\/litteraturbanken.se\/skoladev\/?page_id=10958"},"modified":"2020-02-25T11:36:33","modified_gmt":"2020-02-25T10:36:33","slug":"poesi-forfattare-august-strindberg-vid-avenue-de-neuilly","status":"publish","type":"page","link":"https:\/\/litteraturbanken.se\/skolan\/poesi-forfattare-august-strindberg-vid-avenue-de-neuilly\/","title":{"rendered":"Poesi\/F\u00f6rfattare\/August Strindberg\/Vid Avenue de Neuilly"},"content":{"rendered":"\t\t<div data-elementor-type=\"wp-post\" data-elementor-id=\"10958\" class=\"elementor elementor-10958\">\n\t\t\t\t\t\t<section class=\"elementor-section elementor-top-section elementor-element elementor-element-f31908b elementor-section-boxed elementor-section-height-default elementor-section-height-default\" data-id=\"f31908b\" data-element_type=\"section\" data-e-type=\"section\">\n\t\t\t\t\t\t<div class=\"elementor-container elementor-column-gap-default\">\n\t\t\t\t\t<div class=\"elementor-column elementor-col-100 elementor-top-column elementor-element elementor-element-a864a0c\" data-id=\"a864a0c\" data-element_type=\"column\" data-e-type=\"column\">\n\t\t\t<div class=\"elementor-widget-wrap elementor-element-populated\">\n\t\t\t\t\t\t<div class=\"elementor-element elementor-element-ab292de elementor-widget elementor-widget-spacer\" data-id=\"ab292de\" data-element_type=\"widget\" data-e-type=\"widget\" data-widget_type=\"spacer.default\">\n\t\t\t\t<div class=\"elementor-widget-container\">\n\t\t\t\t\t\t\t<div class=\"elementor-spacer\">\n\t\t\t<div class=\"elementor-spacer-inner\"><\/div>\n\t\t<\/div>\n\t\t\t\t\t\t<\/div>\n\t\t\t\t<\/div>\n\t\t\t\t\t<\/div>\n\t\t<\/div>\n\t\t\t\t\t<\/div>\n\t\t<\/section>\n\t\t\t\t<section class=\"elementor-section elementor-inner-section elementor-element elementor-element-9fb586f elementor-section-boxed elementor-section-height-default elementor-section-height-default\" data-id=\"9fb586f\" data-element_type=\"section\" data-e-type=\"section\">\n\t\t\t\t\t\t<div class=\"elementor-container elementor-column-gap-default\">\n\t\t\t\t\t<div class=\"elementor-column elementor-col-66 elementor-inner-column elementor-element elementor-element-51c9911\" data-id=\"51c9911\" data-element_type=\"column\" data-e-type=\"column\" data-settings=\"{&quot;background_background&quot;:&quot;classic&quot;}\">\n\t\t\t<div class=\"elementor-widget-wrap elementor-element-populated\">\n\t\t\t\t\t\t<div class=\"elementor-element elementor-element-2e74fc4 elementor-widget elementor-widget-heading\" data-id=\"2e74fc4\" data-element_type=\"widget\" data-e-type=\"widget\" data-widget_type=\"heading.default\">\n\t\t\t\t<div class=\"elementor-widget-container\">\n\t\t\t\t\t<h2 class=\"elementor-heading-title elementor-size-default\">Vid avenue de Neuilly<\/h2>\t\t\t\t<\/div>\n\t\t\t\t<\/div>\n\t\t\t\t<div class=\"elementor-element elementor-element-4b1fd27 elementor-widget elementor-widget-text-editor\" data-id=\"4b1fd27\" data-element_type=\"widget\" data-e-type=\"widget\" data-widget_type=\"text-editor.default\">\n\t\t\t\t<div class=\"elementor-widget-container\">\n\t\t\t\t\t\t\t\t\t<p>Av\u00a0<a href=\"https:\/\/litteraturbanken.se\/skolan\/?page_id=6730\"><em>August Strindberg<\/em><\/a><\/p>\t\t\t\t\t\t\t\t<\/div>\n\t\t\t\t<\/div>\n\t\t\t\t<div class=\"elementor-element elementor-element-064cbec elementor-widget elementor-widget-text-editor\" data-id=\"064cbec\" data-element_type=\"widget\" data-e-type=\"widget\" data-widget_type=\"text-editor.default\">\n\t\t\t\t<div class=\"elementor-widget-container\">\n\t\t\t\t\t\t\t\t\t<p><strong>Ur:\u00a0<\/strong><em>Samlade Verk 15. Dikter p\u00e5 vers och prosa. S\u00f6mng\u00e5ngarn\u00e4tter p\u00e5 vakna dagar (1995) \u00a0<\/em><strong>\u00c5rskurs<\/strong>:\u00a0Gymnasium\u00a0 \u00a0<strong>Tema<\/strong>:\u00a0\u00c5ngest<\/p>\t\t\t\t\t\t\t\t<\/div>\n\t\t\t\t<\/div>\n\t\t\t\t<div class=\"elementor-element elementor-element-0089e49 elementor-widget elementor-widget-text-editor\" data-id=\"0089e49\" data-element_type=\"widget\" data-e-type=\"widget\" data-widget_type=\"text-editor.default\">\n\t\t\t\t<div class=\"elementor-widget-container\">\n\t\t\t\t\t\t\t\t\t<p>Vid\u00a0avenue\u00a0de\u00a0Neuilly<br \/>D\u00e4r\u00a0ligger\u00a0ett\u00a0slakteri,<br \/>Och\u00a0n\u00e4r\u00a0jag\u00a0g\u00e5r\u00a0till\u00a0staden,<br \/>Jag\u00a0g\u00e5r\u00a0d\u00e4r\u00a0alltid\u00a0f\u00f6rbi.<br \/><br \/>Det\u00a0stora\u00a0\u00f6ppna\u00a0f\u00f6nstret<br \/>Det\u00a0lyser\u00a0av\u00a0blod\u00a0s\u00e5\u00a0r\u00f6tt,<br \/>P\u00e5\u00a0vita\u00a0marmorskivor<br \/>D\u00e4r\u00a0ryker\u00a0nyslaktat\u00a0k\u00f6tt.<br \/><br \/>I\u00a0dag\u00a0d\u00e4r\u00a0h\u00e4ngde\u00a0p\u00e5\u00a0glasd\u00f6rrn<br \/>Ett\u00a0hj\u00e4rta,\u00a0jag\u00a0tror\u00a0av\u00a0kalv,<br \/>Som\u00a0svept\u00a0i\u00a0goffrerat\u00a0papper<br \/>Jag\u00a0tyckte\u00a0i\u00a0k\u00f6lden\u00a0skalv.<br \/><br \/>D\u00e5\u00a0gingo\u00a0hastiga\u00a0tankar<br \/>Till\u00a0gamla\u00a0Norrbro-Basarn,<br \/>D\u00e4r\u00a0lysande\u00a0f\u00f6nsterraden<br \/>Besk\u00e5das\u00a0av\u00a0kvinnor\u00a0och\u00a0barn.<br \/><br \/>D\u00e4r\u00a0h\u00e4nger\u00a0p\u00e5\u00a0bokl\u00e5dsf\u00f6nstret<br \/>En\u00a0tunnkl\u00e4dd\u00a0liten\u00a0bok.<br \/>Det\u00a0\u00e4r\u00a0ett\u00a0urtaget\u00a0hj\u00e4rta<br \/>Som\u00a0dinglar\u00a0d\u00e4r\u00a0p\u00e5\u00a0sin\u00a0krok.<\/p>\t\t\t\t\t\t\t\t<\/div>\n\t\t\t\t<\/div>\n\t\t\t\t\t<\/div>\n\t\t<\/div>\n\t\t\t\t<div class=\"elementor-column elementor-col-33 elementor-inner-column elementor-element elementor-element-55e166a\" data-id=\"55e166a\" data-element_type=\"column\" data-e-type=\"column\">\n\t\t\t<div class=\"elementor-widget-wrap elementor-element-populated\">\n\t\t\t\t\t\t<div class=\"elementor-element elementor-element-1233c6d elementor-widget elementor-widget-wp-widget-media_audio\" data-id=\"1233c6d\" data-element_type=\"widget\" data-e-type=\"widget\" data-widget_type=\"wp-widget-media_audio.default\">\n\t\t\t\t<div class=\"elementor-widget-container\">\n\t\t\t\t\t<h5>Jila Mossaed l\u00e4ser \u201dVid avenue de Neuilly\u201d av August Strindberg.<\/h5><audio class=\"wp-audio-shortcode\" id=\"audio-10958-1\" preload=\"none\" style=\"width: 100%;\" controls=\"controls\"><source type=\"audio\/mpeg\" src=\"https:\/\/litteraturbanken.se\/skolan\/wp-content\/uploads\/2019\/03\/strindberg_vidavenuedeneuilly_mossaed.mp3?_=1\" \/><source type=\"audio\/mpeg\" src=\"https:\/\/litteraturbanken.se\/skolan\/wp-content\/uploads\/2019\/03\/strindberg_vidavenuedeneuilly_mossaed.mp3?_=1\" \/><a href=\"https:\/\/litteraturbanken.se\/skolan\/wp-content\/uploads\/2019\/03\/strindberg_vidavenuedeneuilly_mossaed.mp3\">https:\/\/litteraturbanken.se\/skolan\/wp-content\/uploads\/2019\/03\/strindberg_vidavenuedeneuilly_mossaed.mp3<\/a><\/audio>\t\t\t\t<\/div>\n\t\t\t\t<\/div>\n\t\t\t\t<div class=\"elementor-element elementor-element-3e99921 elementor-icon-list--layout-traditional elementor-list-item-link-full_width elementor-widget elementor-widget-icon-list\" data-id=\"3e99921\" data-element_type=\"widget\" data-e-type=\"widget\" data-widget_type=\"icon-list.default\">\n\t\t\t\t<div class=\"elementor-widget-container\">\n\t\t\t\t\t\t\t<ul class=\"elementor-icon-list-items\">\n\t\t\t\t\t\t\t<li class=\"elementor-icon-list-item\">\n\t\t\t\t\t\t\t\t\t\t\t<a href=\"https:\/\/litteraturbanken.se\/forfattare\/StrindbergA\/titlar\/DikterPaVersOchProsa\/sida\/165\/etext\" target=\"_blank\">\n\n\t\t\t\t\t\t\t\t\t\t\t\t<span class=\"elementor-icon-list-icon\">\n\t\t\t\t\t\t\t\t\t\t\t\t\t\t\t\t<i class=\"fa fa-file-text-o\" aria-hidden=\"true\"><\/i>\n\t\t\t\t\t\t\t\t\t\t\t\t\t<\/span>\n\t\t\t\t\t\t\t\t\t\t<span class=\"elementor-icon-list-text\">L\u00e4s dikten p\u00e5 Litteraturbanken<\/span>\n\t\t\t\t\t\t\t\t\t\t\t<\/a>\n\t\t\t\t\t\t\t\t\t<\/li>\n\t\t\t\t\t\t\t\t<li class=\"elementor-icon-list-item\">\n\t\t\t\t\t\t\t\t\t\t\t<a href=\"https:\/\/litteraturbanken.se\/skolan\/?page_id=261\" target=\"_blank\">\n\n\t\t\t\t\t\t\t\t\t\t\t\t<span class=\"elementor-icon-list-icon\">\n\t\t\t\t\t\t\t\t\t\t\t\t\t\t\t\t<i class=\"fa fa-file-text-o\" aria-hidden=\"true\"><\/i>\n\t\t\t\t\t\t\t\t\t\t\t\t\t<\/span>\n\t\t\t\t\t\t\t\t\t\t<span class=\"elementor-icon-list-text\">Termer och begrepp<\/span>\n\t\t\t\t\t\t\t\t\t\t\t<\/a>\n\t\t\t\t\t\t\t\t\t<\/li>\n\t\t\t\t\t\t<\/ul>\n\t\t\t\t\t\t<\/div>\n\t\t\t\t<\/div>\n\t\t\t\t<div class=\"elementor-element elementor-element-522e721 elementor-align-center elementor-widget elementor-widget-button\" data-id=\"522e721\" data-element_type=\"widget\" data-e-type=\"widget\" data-widget_type=\"button.default\">\n\t\t\t\t<div class=\"elementor-widget-container\">\n\t\t\t\t\t\t\t\t\t<div class=\"elementor-button-wrapper\">\n\t\t\t\t\t<a class=\"elementor-button elementor-button-link elementor-size-md elementor-animation-grow\" href=\"#uppgiftgy\">\n\t\t\t\t\t\t<span class=\"elementor-button-content-wrapper\">\n\t\t\t\t\t\t<span class=\"elementor-button-icon\">\n\t\t\t\t\t\t\t\t\t<i class=\"fa fa-pencil\" aria-hidden=\"true\"><\/i>\n\t\t\t\t\t\t\t<\/span>\n\t\t\t\t\t\t\t\t\t<span class=\"elementor-button-text\">Uppgift, Gymnasium<\/span>\n\t\t\t\t\t<\/span>\n\t\t\t\t\t<\/a>\n\t\t\t\t<\/div>\n\t\t\t\t\t\t\t\t<\/div>\n\t\t\t\t<\/div>\n\t\t\t\t<div class=\"elementor-element elementor-element-6a67086 elementor-widget elementor-widget-image\" data-id=\"6a67086\" data-element_type=\"widget\" data-e-type=\"widget\" data-widget_type=\"image.default\">\n\t\t\t\t<div class=\"elementor-widget-container\">\n\t\t\t\t\t\t\t\t\t\t\t\t\t\t\t<img fetchpriority=\"high\" decoding=\"async\" width=\"300\" height=\"300\" src=\"https:\/\/litteraturbanken.se\/skolan\/wp-content\/uploads\/2019\/03\/lb_skolan_2019_knapp_f\u00f6rfattarbild_strindberg_gr\u00f6n-e1553013241668.jpg\" class=\"attachment-full size-full wp-image-13784\" alt=\"\" \/>\t\t\t\t\t\t\t\t\t\t\t\t\t\t\t<\/div>\n\t\t\t\t<\/div>\n\t\t\t\t\t<\/div>\n\t\t<\/div>\n\t\t\t\t\t<\/div>\n\t\t<\/section>\n\t\t\t\t<section class=\"elementor-section elementor-top-section elementor-element elementor-element-69105ca elementor-section-boxed elementor-section-height-default elementor-section-height-default\" data-id=\"69105ca\" data-element_type=\"section\" data-e-type=\"section\">\n\t\t\t\t\t\t<div class=\"elementor-container elementor-column-gap-default\">\n\t\t\t\t\t<div class=\"elementor-column elementor-col-100 elementor-top-column elementor-element elementor-element-116dcd8\" data-id=\"116dcd8\" data-element_type=\"column\" data-e-type=\"column\">\n\t\t\t<div class=\"elementor-widget-wrap elementor-element-populated\">\n\t\t\t\t\t\t<div class=\"elementor-element elementor-element-7c1e260 elementor-widget elementor-widget-spacer\" data-id=\"7c1e260\" data-element_type=\"widget\" data-e-type=\"widget\" data-widget_type=\"spacer.default\">\n\t\t\t\t<div class=\"elementor-widget-container\">\n\t\t\t\t\t\t\t<div class=\"elementor-spacer\">\n\t\t\t<div class=\"elementor-spacer-inner\"><\/div>\n\t\t<\/div>\n\t\t\t\t\t\t<\/div>\n\t\t\t\t<\/div>\n\t\t\t\t\t<\/div>\n\t\t<\/div>\n\t\t\t\t\t<\/div>\n\t\t<\/section>\n\t\t\t\t<section class=\"elementor-section elementor-top-section elementor-element elementor-element-b61898d elementor-section-boxed elementor-section-height-default elementor-section-height-default\" data-id=\"b61898d\" data-element_type=\"section\" data-e-type=\"section\">\n\t\t\t\t\t\t<div class=\"elementor-container elementor-column-gap-default\">\n\t\t\t\t\t<div class=\"elementor-column elementor-col-100 elementor-top-column elementor-element elementor-element-b2d3b34\" data-id=\"b2d3b34\" data-element_type=\"column\" data-e-type=\"column\" data-settings=\"{&quot;background_background&quot;:&quot;classic&quot;}\">\n\t\t\t<div class=\"elementor-widget-wrap elementor-element-populated\">\n\t\t\t\t\t\t<div class=\"elementor-element elementor-element-68c19ad elementor-widget elementor-widget-menu-anchor\" data-id=\"68c19ad\" data-element_type=\"widget\" data-e-type=\"widget\" data-widget_type=\"menu-anchor.default\">\n\t\t\t\t<div class=\"elementor-widget-container\">\n\t\t\t\t\t\t\t<div class=\"elementor-menu-anchor\" id=\"uppgiftgy\"><\/div>\n\t\t\t\t\t\t<\/div>\n\t\t\t\t<\/div>\n\t\t\t\t<section class=\"elementor-section elementor-inner-section elementor-element elementor-element-09887da elementor-section-boxed elementor-section-height-default elementor-section-height-default\" data-id=\"09887da\" data-element_type=\"section\" data-e-type=\"section\">\n\t\t\t\t\t\t<div class=\"elementor-container elementor-column-gap-default\">\n\t\t\t\t\t<div class=\"elementor-column elementor-col-100 elementor-inner-column elementor-element elementor-element-7018642\" data-id=\"7018642\" data-element_type=\"column\" data-e-type=\"column\">\n\t\t\t<div class=\"elementor-widget-wrap elementor-element-populated\">\n\t\t\t\t\t\t<div class=\"elementor-element elementor-element-ca37b76 elementor-view-framed elementor-shape-circle elementor-widget elementor-widget-icon\" data-id=\"ca37b76\" data-element_type=\"widget\" data-e-type=\"widget\" data-widget_type=\"icon.default\">\n\t\t\t\t<div class=\"elementor-widget-container\">\n\t\t\t\t\t\t\t<div class=\"elementor-icon-wrapper\">\n\t\t\t<div class=\"elementor-icon\">\n\t\t\t\t\t\t\t<i class=\"fa fa-pencil\" aria-hidden=\"true\"><\/i>\n\t\t\t\t\t\t<\/div>\n\t\t<\/div>\n\t\t\t\t\t\t<\/div>\n\t\t\t\t<\/div>\n\t\t\t\t\t<\/div>\n\t\t<\/div>\n\t\t\t\t\t<\/div>\n\t\t<\/section>\n\t\t\t\t<div class=\"elementor-element elementor-element-0e38416 elementor-widget elementor-widget-spacer\" data-id=\"0e38416\" data-element_type=\"widget\" data-e-type=\"widget\" data-widget_type=\"spacer.default\">\n\t\t\t\t<div class=\"elementor-widget-container\">\n\t\t\t\t\t\t\t<div class=\"elementor-spacer\">\n\t\t\t<div class=\"elementor-spacer-inner\"><\/div>\n\t\t<\/div>\n\t\t\t\t\t\t<\/div>\n\t\t\t\t<\/div>\n\t\t\t\t<div class=\"elementor-element elementor-element-2ca803d elementor-widget elementor-widget-toggle\" data-id=\"2ca803d\" data-element_type=\"widget\" data-e-type=\"widget\" data-widget_type=\"toggle.default\">\n\t\t\t\t<div class=\"elementor-widget-container\">\n\t\t\t\t\t\t\t<div class=\"elementor-toggle\">\n\t\t\t\t\t\t\t<div class=\"elementor-toggle-item\">\n\t\t\t\t\t<div id=\"elementor-tab-title-4681\" class=\"elementor-tab-title\" data-tab=\"1\" role=\"button\" aria-controls=\"elementor-tab-content-4681\" aria-expanded=\"false\">\n\t\t\t\t\t\t\t\t\t\t\t\t<span class=\"elementor-toggle-icon elementor-toggle-icon-left\" aria-hidden=\"true\">\n\t\t\t\t\t\t\t\t\t\t\t\t\t\t\t<i class=\"elementor-toggle-icon-closed fa fa-chevron-right\"><\/i>\n\t\t\t\t\t\t\t\t<i class=\"elementor-toggle-icon-opened fa fa-chevron-down\"><\/i>\n\t\t\t\t\t\t\t\t\t\t\t\t\t<\/span>\n\t\t\t\t\t\t\t\t\t\t\t\t<a class=\"elementor-toggle-title\" tabindex=\"0\">Gymnasium<\/a>\n\t\t\t\t\t<\/div>\n\n\t\t\t\t\t<div id=\"elementor-tab-content-4681\" class=\"elementor-tab-content elementor-clearfix\" data-tab=\"1\" role=\"region\" aria-labelledby=\"elementor-tab-title-4681\"><h3>Samtala om dikten<\/h3><p>1 Vad vill Strindberg s\u00e4ga n\u00e4r han liknar sin bok i skyltf\u00f6nstret vid ett \u201durtaget hj\u00e4rta\u201d?<\/p><p>2 Har du haft n\u00e5gon liknande k\u00e4nsla? I s\u00e5 fall i vilket sammanhang?<\/p><\/div>\n\t\t\t\t<\/div>\n\t\t\t\t\t\t\t\t<\/div>\n\t\t\t\t\t\t<\/div>\n\t\t\t\t<\/div>\n\t\t\t\t<div class=\"elementor-element elementor-element-c7adf5c elementor-widget elementor-widget-spacer\" data-id=\"c7adf5c\" data-element_type=\"widget\" data-e-type=\"widget\" data-widget_type=\"spacer.default\">\n\t\t\t\t<div class=\"elementor-widget-container\">\n\t\t\t\t\t\t\t<div class=\"elementor-spacer\">\n\t\t\t<div class=\"elementor-spacer-inner\"><\/div>\n\t\t<\/div>\n\t\t\t\t\t\t<\/div>\n\t\t\t\t<\/div>\n\t\t\t\t\t<\/div>\n\t\t<\/div>\n\t\t\t\t\t<\/div>\n\t\t<\/section>\n\t\t\t\t<section class=\"elementor-section elementor-top-section elementor-element elementor-element-ca091d3 elementor-section-boxed elementor-section-height-default elementor-section-height-default\" data-id=\"ca091d3\" data-element_type=\"section\" data-e-type=\"section\">\n\t\t\t\t\t\t<div class=\"elementor-container elementor-column-gap-default\">\n\t\t\t\t\t<div class=\"elementor-column elementor-col-100 elementor-top-column elementor-element elementor-element-954de6f\" data-id=\"954de6f\" data-element_type=\"column\" data-e-type=\"column\">\n\t\t\t<div class=\"elementor-widget-wrap elementor-element-populated\">\n\t\t\t\t\t\t<div class=\"elementor-element elementor-element-14ade29 elementor-widget elementor-widget-spacer\" data-id=\"14ade29\" data-element_type=\"widget\" data-e-type=\"widget\" data-widget_type=\"spacer.default\">\n\t\t\t\t<div class=\"elementor-widget-container\">\n\t\t\t\t\t\t\t<div class=\"elementor-spacer\">\n\t\t\t<div class=\"elementor-spacer-inner\"><\/div>\n\t\t<\/div>\n\t\t\t\t\t\t<\/div>\n\t\t\t\t<\/div>\n\t\t\t\t\t<\/div>\n\t\t<\/div>\n\t\t\t\t\t<\/div>\n\t\t<\/section>\n\t\t\t\t<\/div>\n\t\t","protected":false},"excerpt":{"rendered":"<p>Vid avenue de Neuilly Av\u00a0August Strindberg Ur:\u00a0Samlade Verk 15. Dikter p\u00e5 vers och prosa. S\u00f6mng\u00e5ngarn\u00e4tter p\u00e5 vakna dagar (1995) \u00a0\u00c5rskurs:\u00a0Gymnasium\u00a0 \u00a0Tema:\u00a0\u00c5ngest Vid\u00a0avenue\u00a0de\u00a0NeuillyD\u00e4r\u00a0ligger\u00a0ett\u00a0slakteri,Och\u00a0n\u00e4r\u00a0jag\u00a0g\u00e5r\u00a0till\u00a0staden,Jag\u00a0g\u00e5r\u00a0d\u00e4r\u00a0alltid\u00a0f\u00f6rbi. Det\u00a0stora\u00a0\u00f6ppna\u00a0f\u00f6nstretDet\u00a0lyser\u00a0av\u00a0blod\u00a0s\u00e5\u00a0r\u00f6tt,P\u00e5\u00a0vita\u00a0marmorskivorD\u00e4r\u00a0ryker\u00a0nyslaktat\u00a0k\u00f6tt. I\u00a0dag\u00a0d\u00e4r\u00a0h\u00e4ngde\u00a0p\u00e5\u00a0glasd\u00f6rrnEtt\u00a0hj\u00e4rta,\u00a0jag\u00a0tror\u00a0av\u00a0kalv,Som\u00a0svept\u00a0i\u00a0goffrerat\u00a0papperJag\u00a0tyckte\u00a0i\u00a0k\u00f6lden\u00a0skalv. D\u00e5\u00a0gingo\u00a0hastiga\u00a0tankarTill\u00a0gamla\u00a0Norrbro-Basarn,D\u00e4r\u00a0lysande\u00a0f\u00f6nsterradenBesk\u00e5das\u00a0av\u00a0kvinnor\u00a0och\u00a0barn. D\u00e4r\u00a0h\u00e4nger\u00a0p\u00e5\u00a0bokl\u00e5dsf\u00f6nstretEn\u00a0tunnkl\u00e4dd\u00a0liten\u00a0bok.Det\u00a0\u00e4r\u00a0ett\u00a0urtaget\u00a0hj\u00e4rtaSom\u00a0dinglar\u00a0d\u00e4r\u00a0p\u00e5\u00a0sin\u00a0krok. L\u00e4s dikten p\u00e5 Litteraturbanken Termer och begrepp Uppgift, Gymnasium Gymnasium Samtala om dikten 1 Vad vill Strindberg s\u00e4ga n\u00e4r han liknar sin bok i skyltf\u00f6nstret vid ett \u201durtaget hj\u00e4rta\u201d? [&hellip;]<\/p>\n","protected":false},"author":5,"featured_media":0,"parent":0,"menu_order":0,"comment_status":"closed","ping_status":"closed","template":"","meta":{"ocean_post_layout":"full-screen","ocean_both_sidebars_style":"","ocean_both_sidebars_content_width":0,"ocean_both_sidebars_sidebars_width":0,"ocean_sidebar":"0","ocean_second_sidebar":"0","ocean_disable_margins":"enable","ocean_add_body_class":"","ocean_shortcode_before_top_bar":"","ocean_shortcode_after_top_bar":"","ocean_shortcode_before_header":"","ocean_shortcode_after_header":"","ocean_has_shortcode":"","ocean_shortcode_after_title":"","ocean_shortcode_before_footer_widgets":"","ocean_shortcode_after_footer_widgets":"","ocean_shortcode_before_footer_bottom":"","ocean_shortcode_after_footer_bottom":"","ocean_display_top_bar":"default","ocean_display_header":"default","ocean_header_style":"","ocean_center_header_left_menu":"0","ocean_custom_header_template":"0","ocean_custom_logo":0,"ocean_custom_retina_logo":0,"ocean_custom_logo_max_width":0,"ocean_custom_logo_tablet_max_width":0,"ocean_custom_logo_mobile_max_width":0,"ocean_custom_logo_max_height":0,"ocean_custom_logo_tablet_max_height":0,"ocean_custom_logo_mobile_max_height":0,"ocean_header_custom_menu":"0","ocean_menu_typo_font_family":"0","ocean_menu_typo_font_subset":"","ocean_menu_typo_font_size":0,"ocean_menu_typo_font_size_tablet":0,"ocean_menu_typo_font_size_mobile":0,"ocean_menu_typo_font_size_unit":"px","ocean_menu_typo_font_weight":"","ocean_menu_typo_font_weight_tablet":"","ocean_menu_typo_font_weight_mobile":"","ocean_menu_typo_transform":"","ocean_menu_typo_transform_tablet":"","ocean_menu_typo_transform_mobile":"","ocean_menu_typo_line_height":0,"ocean_menu_typo_line_height_tablet":0,"ocean_menu_typo_line_height_mobile":0,"ocean_menu_typo_line_height_unit":"","ocean_menu_typo_spacing":0,"ocean_menu_typo_spacing_tablet":0,"ocean_menu_typo_spacing_mobile":0,"ocean_menu_typo_spacing_unit":"","ocean_menu_link_color":"","ocean_menu_link_color_hover":"","ocean_menu_link_color_active":"","ocean_menu_link_background":"","ocean_menu_link_hover_background":"","ocean_menu_link_active_background":"","ocean_menu_social_links_bg":"","ocean_menu_social_hover_links_bg":"","ocean_menu_social_links_color":"","ocean_menu_social_hover_links_color":"","ocean_disable_title":"on","ocean_disable_heading":"default","ocean_post_title":"","ocean_post_subheading":"","ocean_post_title_style":"","ocean_post_title_background_color":"","ocean_post_title_background":0,"ocean_post_title_bg_image_position":"","ocean_post_title_bg_image_attachment":"","ocean_post_title_bg_image_repeat":"","ocean_post_title_bg_image_size":"","ocean_post_title_height":0,"ocean_post_title_bg_overlay":0.5,"ocean_post_title_bg_overlay_color":"","ocean_disable_breadcrumbs":"default","ocean_breadcrumbs_color":"","ocean_breadcrumbs_separator_color":"","ocean_breadcrumbs_links_color":"","ocean_breadcrumbs_links_hover_color":"","ocean_display_footer_widgets":"default","ocean_display_footer_bottom":"default","ocean_custom_footer_template":"0","footnotes":""},"class_list":["post-10958","page","type-page","status-publish","hentry","entry"],"_links":{"self":[{"href":"https:\/\/litteraturbanken.se\/skolan\/wp-json\/wp\/v2\/pages\/10958","targetHints":{"allow":["GET"]}}],"collection":[{"href":"https:\/\/litteraturbanken.se\/skolan\/wp-json\/wp\/v2\/pages"}],"about":[{"href":"https:\/\/litteraturbanken.se\/skolan\/wp-json\/wp\/v2\/types\/page"}],"author":[{"embeddable":true,"href":"https:\/\/litteraturbanken.se\/skolan\/wp-json\/wp\/v2\/users\/5"}],"replies":[{"embeddable":true,"href":"https:\/\/litteraturbanken.se\/skolan\/wp-json\/wp\/v2\/comments?post=10958"}],"version-history":[{"count":16,"href":"https:\/\/litteraturbanken.se\/skolan\/wp-json\/wp\/v2\/pages\/10958\/revisions"}],"predecessor-version":[{"id":20227,"href":"https:\/\/litteraturbanken.se\/skolan\/wp-json\/wp\/v2\/pages\/10958\/revisions\/20227"}],"wp:attachment":[{"href":"https:\/\/litteraturbanken.se\/skolan\/wp-json\/wp\/v2\/media?parent=10958"}],"curies":[{"name":"wp","href":"https:\/\/api.w.org\/{rel}","templated":true}]}}