{"id":11002,"date":"2018-12-29T11:54:32","date_gmt":"2018-12-29T10:54:32","guid":{"rendered":"https:\/\/litteraturbanken.se\/skoladev\/?page_id=11002"},"modified":"2020-03-02T10:48:42","modified_gmt":"2020-03-02T09:48:42","slug":"poesi-forfattare-dan-andersson-jag-har-dromt","status":"publish","type":"page","link":"https:\/\/litteraturbanken.se\/skolan\/poesi-forfattare-dan-andersson-jag-har-dromt\/","title":{"rendered":"Poesi\/F\u00f6rfattare\/Dan Andersson\/Jag har dr\u00f6mt"},"content":{"rendered":"\t\t<div data-elementor-type=\"wp-post\" data-elementor-id=\"11002\" class=\"elementor elementor-11002\">\n\t\t\t\t\t\t<section class=\"elementor-section elementor-top-section elementor-element elementor-element-aa1187f elementor-section-boxed elementor-section-height-default elementor-section-height-default\" data-id=\"aa1187f\" data-element_type=\"section\" data-e-type=\"section\" data-settings=\"{&quot;background_background&quot;:&quot;classic&quot;}\">\n\t\t\t\t\t\t<div class=\"elementor-container elementor-column-gap-default\">\n\t\t\t\t\t<div class=\"elementor-column elementor-col-100 elementor-top-column elementor-element elementor-element-1b5b295\" data-id=\"1b5b295\" data-element_type=\"column\" data-e-type=\"column\">\n\t\t\t<div class=\"elementor-widget-wrap elementor-element-populated\">\n\t\t\t\t\t\t<div class=\"elementor-element elementor-element-508a5dc elementor-widget elementor-widget-spacer\" data-id=\"508a5dc\" data-element_type=\"widget\" data-e-type=\"widget\" data-widget_type=\"spacer.default\">\n\t\t\t\t<div class=\"elementor-widget-container\">\n\t\t\t\t\t\t\t<div class=\"elementor-spacer\">\n\t\t\t<div class=\"elementor-spacer-inner\"><\/div>\n\t\t<\/div>\n\t\t\t\t\t\t<\/div>\n\t\t\t\t<\/div>\n\t\t\t\t\t<\/div>\n\t\t<\/div>\n\t\t\t\t\t<\/div>\n\t\t<\/section>\n\t\t\t\t<section class=\"elementor-section elementor-inner-section elementor-element elementor-element-4a43ced elementor-section-boxed elementor-section-height-default elementor-section-height-default\" data-id=\"4a43ced\" data-element_type=\"section\" data-e-type=\"section\" data-settings=\"{&quot;background_background&quot;:&quot;classic&quot;}\">\n\t\t\t\t\t\t<div class=\"elementor-container elementor-column-gap-default\">\n\t\t\t\t\t<div class=\"elementor-column elementor-col-66 elementor-inner-column elementor-element elementor-element-04433e2\" data-id=\"04433e2\" data-element_type=\"column\" data-e-type=\"column\" data-settings=\"{&quot;background_background&quot;:&quot;classic&quot;}\">\n\t\t\t<div class=\"elementor-widget-wrap elementor-element-populated\">\n\t\t\t\t\t\t<div class=\"elementor-element elementor-element-47e3c13 elementor-widget elementor-widget-heading\" data-id=\"47e3c13\" data-element_type=\"widget\" data-e-type=\"widget\" data-widget_type=\"heading.default\">\n\t\t\t\t<div class=\"elementor-widget-container\">\n\t\t\t\t\t<h2 class=\"elementor-heading-title elementor-size-default\">Jag har dr\u00f6mt<\/h2>\t\t\t\t<\/div>\n\t\t\t\t<\/div>\n\t\t\t\t<div class=\"elementor-element elementor-element-bbe38e4 elementor-widget elementor-widget-text-editor\" data-id=\"bbe38e4\" data-element_type=\"widget\" data-e-type=\"widget\" data-widget_type=\"text-editor.default\">\n\t\t\t\t<div class=\"elementor-widget-container\">\n\t\t\t\t\t\t\t\t\t<p>Av <a href=\"https:\/\/litteraturbanken.se\/skolan\/?page_id=109\"><em>Dan Andersson<\/em><\/a><\/p>\t\t\t\t\t\t\t\t<\/div>\n\t\t\t\t<\/div>\n\t\t\t\t<div class=\"elementor-element elementor-element-4d4bc56 elementor-widget elementor-widget-text-editor\" data-id=\"4d4bc56\" data-element_type=\"widget\" data-e-type=\"widget\" data-widget_type=\"text-editor.default\">\n\t\t\t\t<div class=\"elementor-widget-container\">\n\t\t\t\t\t\t\t\t\t<p><strong>Ur:<\/strong>\u00a0<em>Svarta ballader\u00a0<\/em>(1917)<span style=\"font-size: 15px; letter-spacing: 0.6px;\">\u00a0\u00a0<\/span><span style=\"font-family: Montserrat, sans-serif; font-size: 15px; font-style: normal; font-variant-ligatures: normal; font-variant-caps: normal; letter-spacing: 0.6px; font-weight: 600; text-align: left;\">\u00c5rskurs:<\/span><span style=\"font-family: Montserrat, sans-serif; font-size: 15px; font-style: normal; font-variant-ligatures: normal; font-variant-caps: normal; font-weight: 400; letter-spacing: 0.6px; text-align: left;\">\u00a0<\/span>Gymnasium\u00a0\u00a0<span style=\"font-family: Montserrat, sans-serif; font-size: 15px; font-style: normal; font-variant-ligatures: normal; font-variant-caps: normal; letter-spacing: 0.6px; font-weight: 600;\">Tema:<\/span>\u00a0\u00c5ngest<\/p>\t\t\t\t\t\t\t\t<\/div>\n\t\t\t\t<\/div>\n\t\t\t\t<div class=\"elementor-element elementor-element-edeeba3 elementor-widget elementor-widget-text-editor\" data-id=\"edeeba3\" data-element_type=\"widget\" data-e-type=\"widget\" data-widget_type=\"text-editor.default\">\n\t\t\t\t<div class=\"elementor-widget-container\">\n\t\t\t\t\t\t\t\t\t<p>Jag\u00a0har\u00a0dr\u00f6mt\u00a0jag\u00a0skulle\u00a0sjunga\u00a0vad\u00a0jag\u00a0k\u00e4nner,<br \/>hur\u00a0jag\u00a0hatar,\u00a0hur\u00a0jag\u00a0\u00e4lskar,\u00a0hur\u00a0jag\u00a0bannar,\u00a0hur\u00a0jag\u00a0ber,<br \/>hur\u00a0i\u00a0vanvett\u00a0jag\u00a0flyr\u00a0fr\u00e5n\u00a0mina\u00a0v\u00e4nner,<br \/>och\u00a0i\u00a0m\u00f6rkret\u00a0till\u00a0den\u00a0ok\u00e4nde\u00a0ber.<br \/><br \/>Jag\u00a0har\u00a0dr\u00f6mt\u00a0att\u00a0jag\u00a0en\u00a0visa\u00a0skulle\u00a0sjunga,<br \/>om\u00a0alla\u00a0sj\u00e4larnas\u00a0fasor,\u00a0alla\u00a0himlarnas\u00a0ljus,<br \/>om\u00a0n\u00e4r\u00a0all\u00a0v\u00e4rlden\u00a0jag\u00a0ser\u00a0dansa\u00a0och\u00a0gunga<br \/>och\u00a0darra\u00a0i\u00a0d\u00e5raktigt\u00a0rus.<br \/><br \/>Jag\u00a0har\u00a0dr\u00f6mt,\u00a0att\u00a0n\u00e4r\u00a0alla\u00a0stj\u00e4rnor\u00a0skina,<br \/>\u00f6ver\u00a0vildmark\u00a0som\u00a0viskar,\u00a0vad\u00a0i\u00a0ensamheten\u00a0h\u00e4nt,<br \/>att\u00a0alla\u00a0vindar\u00a0som\u00a0kring\u00a0tj\u00e4rnlanden\u00a0vina,<br \/>skulle\u00a0l\u00e4ra\u00a0mig\u00a0att\u00a0kv\u00e4da\u00a0vad\u00a0jag\u00a0k\u00e4nt.<br \/><br \/>Jag\u00a0har\u00a0dr\u00f6mt\u00a0att\u00a0en\u00a0liten\u00a0liten\u00a0kvinna,<br \/>skulle\u00a0s\u00f6va\u00a0mig\u00a0med\u00a0visor,\u00a0skulle\u00a0smeka\u00a0mig\u00a0med\u00a0skratt,<br \/>och\u00a0n\u00e4r\u00a0allt\u00a0som\u00a0jag\u00a0byggt\u00a0m\u00e5ste\u00a0brinna,<br \/>skulle\u00a0f\u00f6lja\u00a0mig\u00a0i\u00a0elddopets\u00a0natt.<br \/><br \/>Jag\u00a0har\u00a0t\u00e4nkt\u00a0att\u00a0alla\u00a0jagande\u00a0\u00e5ren,<br \/>som\u00a0ha\u00a0d\u00f6dat\u00a0det\u00a0jag\u00a0\u00e4lskat,\u00a0som\u00a0ha\u00a0stulit\u00a0vad\u00a0jag\u00a0f\u00e5tt<br \/>skulle\u00a0l\u00e4ra\u00a0mig\u00a0en\u00a0visa\u00a0om\u00a0v\u00e5ren,<br \/>som\u00a0har\u00a0bott\u00a0hos\u00a0mig\u00a0och\u00a0bl\u00e4ndat\u00a0mig\u00a0och\u00a0g\u00e5tt.<br \/><br \/>Jag\u00a0har\u00a0trott\u00a0att\u00a0alla\u00a0stormarna\u00a0som\u00a0rasat,<br \/>i\u00a0min\u00a0sj\u00e4l\u00a0skulle\u00a0blandas\u00a0till\u00a0en\u00a0vansinnig\u00a0s\u00e5ng.<br \/>Att\u00a0d\u00e4r\u00a0jag\u00a0snavat\u00a0\u00f6ver\u00a0helvetet\u00a0och\u00a0fasat,<br \/>jag\u00a0skulle\u00a0l\u00e4ra\u00a0mig\u00a0dess\u00a0visor\u00a0en\u00a0g\u00e5ng.<br \/><br \/>Men\u00a0se\u00a0mitt\u00a0solur\u00a0mot\u00a0middagen\u00a0skrider,<br \/>och\u00a0aldrig\u00a0har\u00a0jag\u00a0sjungit\u00a0vad\u00a0mitt\u00a0hj\u00e4rta\u00a0har\u00a0bett!<br \/>Skall\u00a0jag\u00a0sjunga\u00a0f\u00f6rst\u00a0i\u00a0d\u00f6dsskuggans\u00a0tider,<br \/>n\u00e4r\u00a0det\u00a0\u00e4ndl\u00f6sa\u00a0m\u00f6rkret\u00a0jag\u00a0har\u00a0sett?<br \/><br \/>Skall\u00a0jag\u00a0leva\u00a0tills\u00a0jag\u00a0l\u00e4rt\u00a0mig\u00a0att\u00a0smida<br \/>alla\u00a0rosor,\u00a0alla\u00a0fasor\u00a0till\u00a0en\u00a0levande\u00a0ked,<br \/>som\u00a0skall\u00a0sk\u00e4lva\u00a0som\u00a0en\u00a0rusig\u00a0och\u00a0glida<br \/>som\u00a0en\u00a0str\u00e5kton\u00a0i\u00a0d\u00f6dsm\u00f6rkret\u00a0ned?<\/p>\t\t\t\t\t\t\t\t<\/div>\n\t\t\t\t<\/div>\n\t\t\t\t\t<\/div>\n\t\t<\/div>\n\t\t\t\t<div class=\"elementor-column elementor-col-33 elementor-inner-column elementor-element elementor-element-1531c96\" data-id=\"1531c96\" data-element_type=\"column\" data-e-type=\"column\">\n\t\t\t<div class=\"elementor-widget-wrap elementor-element-populated\">\n\t\t\t\t\t\t<div class=\"elementor-element elementor-element-cadd2f6 elementor-widget elementor-widget-wp-widget-media_audio\" data-id=\"cadd2f6\" data-element_type=\"widget\" data-e-type=\"widget\" data-widget_type=\"wp-widget-media_audio.default\">\n\t\t\t\t<div class=\"elementor-widget-container\">\n\t\t\t\t\t<h5>Dick Cla\u00e9sson l\u00e4ser \u201dJag har dr\u00f6mt\u201d av Dan Andersson.<\/h5><audio class=\"wp-audio-shortcode\" id=\"audio-11002-1\" preload=\"none\" style=\"width: 100%;\" controls=\"controls\"><source type=\"audio\/mpeg\" src=\"https:\/\/litteraturbanken.se\/skolan\/wp-content\/uploads\/2019\/03\/andersson_jaghardromt_claesson.mp3?_=1\" \/><source type=\"audio\/mpeg\" src=\"https:\/\/litteraturbanken.se\/skolan\/wp-content\/uploads\/2019\/03\/andersson_jaghardromt_claesson.mp3?_=1\" \/><a href=\"https:\/\/litteraturbanken.se\/skolan\/wp-content\/uploads\/2019\/03\/andersson_jaghardromt_claesson.mp3\">https:\/\/litteraturbanken.se\/skolan\/wp-content\/uploads\/2019\/03\/andersson_jaghardromt_claesson.mp3<\/a><\/audio>\t\t\t\t<\/div>\n\t\t\t\t<\/div>\n\t\t\t\t<div class=\"elementor-element elementor-element-f0ea2bf elementor-icon-list--layout-traditional elementor-list-item-link-full_width elementor-widget elementor-widget-icon-list\" data-id=\"f0ea2bf\" data-element_type=\"widget\" data-e-type=\"widget\" data-widget_type=\"icon-list.default\">\n\t\t\t\t<div class=\"elementor-widget-container\">\n\t\t\t\t\t\t\t<ul class=\"elementor-icon-list-items\">\n\t\t\t\t\t\t\t<li class=\"elementor-icon-list-item\">\n\t\t\t\t\t\t\t\t\t\t\t<a href=\"https:\/\/litteraturbanken.se\/forfattare\/AnderssonD\/titlar\/SvartaBallader\/sida\/85\/etext\" target=\"_blank\">\n\n\t\t\t\t\t\t\t\t\t\t\t\t<span class=\"elementor-icon-list-icon\">\n\t\t\t\t\t\t\t\t\t\t\t\t\t\t\t\t<i class=\"fa fa-file-text-o\" aria-hidden=\"true\"><\/i>\n\t\t\t\t\t\t\t\t\t\t\t\t\t<\/span>\n\t\t\t\t\t\t\t\t\t\t<span class=\"elementor-icon-list-text\">L\u00e4s dikten p\u00e5 Litteraturbanken<\/span>\n\t\t\t\t\t\t\t\t\t\t\t<\/a>\n\t\t\t\t\t\t\t\t\t<\/li>\n\t\t\t\t\t\t\t\t<li class=\"elementor-icon-list-item\">\n\t\t\t\t\t\t\t\t\t\t\t<a href=\"https:\/\/litteraturbanken.se\/skolan\/?page_id=261\" target=\"_blank\">\n\n\t\t\t\t\t\t\t\t\t\t\t\t<span class=\"elementor-icon-list-icon\">\n\t\t\t\t\t\t\t\t\t\t\t\t\t\t\t\t<i class=\"fa fa-file-text-o\" aria-hidden=\"true\"><\/i>\n\t\t\t\t\t\t\t\t\t\t\t\t\t<\/span>\n\t\t\t\t\t\t\t\t\t\t<span class=\"elementor-icon-list-text\">Termer och begrepp<\/span>\n\t\t\t\t\t\t\t\t\t\t\t<\/a>\n\t\t\t\t\t\t\t\t\t<\/li>\n\t\t\t\t\t\t<\/ul>\n\t\t\t\t\t\t<\/div>\n\t\t\t\t<\/div>\n\t\t\t\t<div class=\"elementor-element elementor-element-f098b83 elementor-align-center elementor-widget elementor-widget-button\" data-id=\"f098b83\" data-element_type=\"widget\" data-e-type=\"widget\" data-widget_type=\"button.default\">\n\t\t\t\t<div class=\"elementor-widget-container\">\n\t\t\t\t\t\t\t\t\t<div class=\"elementor-button-wrapper\">\n\t\t\t\t\t<a class=\"elementor-button elementor-button-link elementor-size-md elementor-animation-grow\" href=\"#gy\">\n\t\t\t\t\t\t<span class=\"elementor-button-content-wrapper\">\n\t\t\t\t\t\t<span class=\"elementor-button-icon\">\n\t\t\t\t\t\t\t\t\t<i class=\"fa fa-pencil\" aria-hidden=\"true\"><\/i>\n\t\t\t\t\t\t\t<\/span>\n\t\t\t\t\t\t\t\t\t<span class=\"elementor-button-text\">Uppgift, Gymnasium<\/span>\n\t\t\t\t\t<\/span>\n\t\t\t\t\t<\/a>\n\t\t\t\t<\/div>\n\t\t\t\t\t\t\t\t<\/div>\n\t\t\t\t<\/div>\n\t\t\t\t<div class=\"elementor-element elementor-element-61d2b4c elementor-widget elementor-widget-image\" data-id=\"61d2b4c\" data-element_type=\"widget\" data-e-type=\"widget\" data-widget_type=\"image.default\">\n\t\t\t\t<div class=\"elementor-widget-container\">\n\t\t\t\t\t\t\t\t\t\t\t\t\t\t\t<img fetchpriority=\"high\" decoding=\"async\" width=\"300\" height=\"300\" src=\"https:\/\/litteraturbanken.se\/skolan\/wp-content\/uploads\/2019\/02\/lb_skolan_2019_knapp_f\u00f6rfattarbild_danandersson-e1553014713857.jpg\" class=\"attachment-full size-full wp-image-12913\" alt=\"\" \/>\t\t\t\t\t\t\t\t\t\t\t\t\t\t\t<\/div>\n\t\t\t\t<\/div>\n\t\t\t\t\t<\/div>\n\t\t<\/div>\n\t\t\t\t\t<\/div>\n\t\t<\/section>\n\t\t\t\t<section class=\"elementor-section elementor-top-section elementor-element elementor-element-6700ea2 elementor-section-boxed elementor-section-height-default elementor-section-height-default\" data-id=\"6700ea2\" data-element_type=\"section\" data-e-type=\"section\" data-settings=\"{&quot;background_background&quot;:&quot;classic&quot;}\">\n\t\t\t\t\t\t<div class=\"elementor-container elementor-column-gap-default\">\n\t\t\t\t\t<div class=\"elementor-column elementor-col-100 elementor-top-column elementor-element elementor-element-e494ee8\" data-id=\"e494ee8\" data-element_type=\"column\" data-e-type=\"column\">\n\t\t\t<div class=\"elementor-widget-wrap elementor-element-populated\">\n\t\t\t\t\t\t<div class=\"elementor-element elementor-element-c157108 elementor-widget elementor-widget-spacer\" data-id=\"c157108\" data-element_type=\"widget\" data-e-type=\"widget\" data-widget_type=\"spacer.default\">\n\t\t\t\t<div class=\"elementor-widget-container\">\n\t\t\t\t\t\t\t<div class=\"elementor-spacer\">\n\t\t\t<div class=\"elementor-spacer-inner\"><\/div>\n\t\t<\/div>\n\t\t\t\t\t\t<\/div>\n\t\t\t\t<\/div>\n\t\t\t\t\t<\/div>\n\t\t<\/div>\n\t\t\t\t\t<\/div>\n\t\t<\/section>\n\t\t\t\t<section class=\"elementor-section elementor-top-section elementor-element elementor-element-60eecb5 elementor-section-boxed elementor-section-height-default elementor-section-height-default\" data-id=\"60eecb5\" data-element_type=\"section\" data-e-type=\"section\" data-settings=\"{&quot;background_background&quot;:&quot;classic&quot;}\">\n\t\t\t\t\t\t<div class=\"elementor-container elementor-column-gap-default\">\n\t\t\t\t\t<div class=\"elementor-column elementor-col-100 elementor-top-column elementor-element elementor-element-332cfeb\" data-id=\"332cfeb\" data-element_type=\"column\" data-e-type=\"column\" data-settings=\"{&quot;background_background&quot;:&quot;classic&quot;}\">\n\t\t\t<div class=\"elementor-widget-wrap elementor-element-populated\">\n\t\t\t\t\t\t<section class=\"elementor-section elementor-inner-section elementor-element elementor-element-e23f3f6 elementor-section-boxed elementor-section-height-default elementor-section-height-default\" data-id=\"e23f3f6\" data-element_type=\"section\" data-e-type=\"section\">\n\t\t\t\t\t\t<div class=\"elementor-container elementor-column-gap-default\">\n\t\t\t\t\t<div class=\"elementor-column elementor-col-100 elementor-inner-column elementor-element elementor-element-eff3e67\" data-id=\"eff3e67\" data-element_type=\"column\" data-e-type=\"column\">\n\t\t\t<div class=\"elementor-widget-wrap elementor-element-populated\">\n\t\t\t\t\t\t<div class=\"elementor-element elementor-element-c5c03f9 elementor-widget elementor-widget-menu-anchor\" data-id=\"c5c03f9\" data-element_type=\"widget\" data-e-type=\"widget\" data-widget_type=\"menu-anchor.default\">\n\t\t\t\t<div class=\"elementor-widget-container\">\n\t\t\t\t\t\t\t<div class=\"elementor-menu-anchor\" id=\"gy\"><\/div>\n\t\t\t\t\t\t<\/div>\n\t\t\t\t<\/div>\n\t\t\t\t<div class=\"elementor-element elementor-element-bff3952 elementor-view-framed elementor-shape-circle elementor-widget elementor-widget-icon\" data-id=\"bff3952\" data-element_type=\"widget\" data-e-type=\"widget\" data-widget_type=\"icon.default\">\n\t\t\t\t<div class=\"elementor-widget-container\">\n\t\t\t\t\t\t\t<div class=\"elementor-icon-wrapper\">\n\t\t\t<div class=\"elementor-icon\">\n\t\t\t\t\t\t\t<i class=\"fa fa-pencil\" aria-hidden=\"true\"><\/i>\n\t\t\t\t\t\t<\/div>\n\t\t<\/div>\n\t\t\t\t\t\t<\/div>\n\t\t\t\t<\/div>\n\t\t\t\t<div class=\"elementor-element elementor-element-85297ff elementor-widget elementor-widget-toggle\" data-id=\"85297ff\" data-element_type=\"widget\" data-e-type=\"widget\" data-widget_type=\"toggle.default\">\n\t\t\t\t<div class=\"elementor-widget-container\">\n\t\t\t\t\t\t\t<div class=\"elementor-toggle\">\n\t\t\t\t\t\t\t<div class=\"elementor-toggle-item\">\n\t\t\t\t\t<div id=\"elementor-tab-title-1391\" class=\"elementor-tab-title\" data-tab=\"1\" role=\"button\" aria-controls=\"elementor-tab-content-1391\" aria-expanded=\"false\">\n\t\t\t\t\t\t\t\t\t\t\t\t<span class=\"elementor-toggle-icon elementor-toggle-icon-left\" aria-hidden=\"true\">\n\t\t\t\t\t\t\t\t\t\t\t\t\t\t\t<i class=\"elementor-toggle-icon-closed fa fa-chevron-right\"><\/i>\n\t\t\t\t\t\t\t\t<i class=\"elementor-toggle-icon-opened fa fa-chevron-down\"><\/i>\n\t\t\t\t\t\t\t\t\t\t\t\t\t<\/span>\n\t\t\t\t\t\t\t\t\t\t\t\t<a class=\"elementor-toggle-title\" tabindex=\"0\">Gymnasium<\/a>\n\t\t\t\t\t<\/div>\n\n\t\t\t\t\t<div id=\"elementor-tab-content-1391\" class=\"elementor-tab-content elementor-clearfix\" data-tab=\"1\" role=\"region\" aria-labelledby=\"elementor-tab-title-1391\"><p>1. Vilka k\u00e4nslor v\u00e4cker dikten?<\/p><p>2. Vad \u00e4r det diktjaget l\u00e4ngtar efter?<\/p><p>3. De sista tv\u00e5 stroferna \u00e4r fr\u00e5gor. Fundera \u00f6ver vad du skulle kunna svara diktjaget.<\/p><\/div>\n\t\t\t\t<\/div>\n\t\t\t\t\t\t\t\t<\/div>\n\t\t\t\t\t\t<\/div>\n\t\t\t\t<\/div>\n\t\t\t\t\t<\/div>\n\t\t<\/div>\n\t\t\t\t\t<\/div>\n\t\t<\/section>\n\t\t\t\t<div class=\"elementor-element elementor-element-f7cfcf9 elementor-widget elementor-widget-spacer\" data-id=\"f7cfcf9\" data-element_type=\"widget\" data-e-type=\"widget\" data-widget_type=\"spacer.default\">\n\t\t\t\t<div class=\"elementor-widget-container\">\n\t\t\t\t\t\t\t<div class=\"elementor-spacer\">\n\t\t\t<div class=\"elementor-spacer-inner\"><\/div>\n\t\t<\/div>\n\t\t\t\t\t\t<\/div>\n\t\t\t\t<\/div>\n\t\t\t\t\t<\/div>\n\t\t<\/div>\n\t\t\t\t\t<\/div>\n\t\t<\/section>\n\t\t\t\t<section class=\"elementor-section elementor-top-section elementor-element elementor-element-3ef7837 elementor-section-boxed elementor-section-height-default elementor-section-height-default\" data-id=\"3ef7837\" data-element_type=\"section\" data-e-type=\"section\">\n\t\t\t\t\t\t<div class=\"elementor-container elementor-column-gap-default\">\n\t\t\t\t\t<div class=\"elementor-column elementor-col-100 elementor-top-column elementor-element elementor-element-73122a0\" data-id=\"73122a0\" data-element_type=\"column\" data-e-type=\"column\">\n\t\t\t<div class=\"elementor-widget-wrap elementor-element-populated\">\n\t\t\t\t\t\t<div class=\"elementor-element elementor-element-3c46dae elementor-widget elementor-widget-spacer\" data-id=\"3c46dae\" data-element_type=\"widget\" data-e-type=\"widget\" data-widget_type=\"spacer.default\">\n\t\t\t\t<div class=\"elementor-widget-container\">\n\t\t\t\t\t\t\t<div class=\"elementor-spacer\">\n\t\t\t<div class=\"elementor-spacer-inner\"><\/div>\n\t\t<\/div>\n\t\t\t\t\t\t<\/div>\n\t\t\t\t<\/div>\n\t\t\t\t\t<\/div>\n\t\t<\/div>\n\t\t\t\t\t<\/div>\n\t\t<\/section>\n\t\t\t\t<\/div>\n\t\t","protected":false},"excerpt":{"rendered":"<p>Jag har dr\u00f6mt Av Dan Andersson Ur:\u00a0Svarta ballader\u00a0(1917)\u00a0\u00a0\u00c5rskurs:\u00a0Gymnasium\u00a0\u00a0Tema:\u00a0\u00c5ngest Jag\u00a0har\u00a0dr\u00f6mt\u00a0jag\u00a0skulle\u00a0sjunga\u00a0vad\u00a0jag\u00a0k\u00e4nner,hur\u00a0jag\u00a0hatar,\u00a0hur\u00a0jag\u00a0\u00e4lskar,\u00a0hur\u00a0jag\u00a0bannar,\u00a0hur\u00a0jag\u00a0ber,hur\u00a0i\u00a0vanvett\u00a0jag\u00a0flyr\u00a0fr\u00e5n\u00a0mina\u00a0v\u00e4nner,och\u00a0i\u00a0m\u00f6rkret\u00a0till\u00a0den\u00a0ok\u00e4nde\u00a0ber. Jag\u00a0har\u00a0dr\u00f6mt\u00a0att\u00a0jag\u00a0en\u00a0visa\u00a0skulle\u00a0sjunga,om\u00a0alla\u00a0sj\u00e4larnas\u00a0fasor,\u00a0alla\u00a0himlarnas\u00a0ljus,om\u00a0n\u00e4r\u00a0all\u00a0v\u00e4rlden\u00a0jag\u00a0ser\u00a0dansa\u00a0och\u00a0gungaoch\u00a0darra\u00a0i\u00a0d\u00e5raktigt\u00a0rus. Jag\u00a0har\u00a0dr\u00f6mt,\u00a0att\u00a0n\u00e4r\u00a0alla\u00a0stj\u00e4rnor\u00a0skina,\u00f6ver\u00a0vildmark\u00a0som\u00a0viskar,\u00a0vad\u00a0i\u00a0ensamheten\u00a0h\u00e4nt,att\u00a0alla\u00a0vindar\u00a0som\u00a0kring\u00a0tj\u00e4rnlanden\u00a0vina,skulle\u00a0l\u00e4ra\u00a0mig\u00a0att\u00a0kv\u00e4da\u00a0vad\u00a0jag\u00a0k\u00e4nt. Jag\u00a0har\u00a0dr\u00f6mt\u00a0att\u00a0en\u00a0liten\u00a0liten\u00a0kvinna,skulle\u00a0s\u00f6va\u00a0mig\u00a0med\u00a0visor,\u00a0skulle\u00a0smeka\u00a0mig\u00a0med\u00a0skratt,och\u00a0n\u00e4r\u00a0allt\u00a0som\u00a0jag\u00a0byggt\u00a0m\u00e5ste\u00a0brinna,skulle\u00a0f\u00f6lja\u00a0mig\u00a0i\u00a0elddopets\u00a0natt. Jag\u00a0har\u00a0t\u00e4nkt\u00a0att\u00a0alla\u00a0jagande\u00a0\u00e5ren,som\u00a0ha\u00a0d\u00f6dat\u00a0det\u00a0jag\u00a0\u00e4lskat,\u00a0som\u00a0ha\u00a0stulit\u00a0vad\u00a0jag\u00a0f\u00e5ttskulle\u00a0l\u00e4ra\u00a0mig\u00a0en\u00a0visa\u00a0om\u00a0v\u00e5ren,som\u00a0har\u00a0bott\u00a0hos\u00a0mig\u00a0och\u00a0bl\u00e4ndat\u00a0mig\u00a0och\u00a0g\u00e5tt. Jag\u00a0har\u00a0trott\u00a0att\u00a0alla\u00a0stormarna\u00a0som\u00a0rasat,i\u00a0min\u00a0sj\u00e4l\u00a0skulle\u00a0blandas\u00a0till\u00a0en\u00a0vansinnig\u00a0s\u00e5ng.Att\u00a0d\u00e4r\u00a0jag\u00a0snavat\u00a0\u00f6ver\u00a0helvetet\u00a0och\u00a0fasat,jag\u00a0skulle\u00a0l\u00e4ra\u00a0mig\u00a0dess\u00a0visor\u00a0en\u00a0g\u00e5ng. Men\u00a0se\u00a0mitt\u00a0solur\u00a0mot\u00a0middagen\u00a0skrider,och\u00a0aldrig\u00a0har\u00a0jag\u00a0sjungit\u00a0vad\u00a0mitt\u00a0hj\u00e4rta\u00a0har\u00a0bett!Skall\u00a0jag\u00a0sjunga\u00a0f\u00f6rst\u00a0i\u00a0d\u00f6dsskuggans\u00a0tider,n\u00e4r\u00a0det\u00a0\u00e4ndl\u00f6sa\u00a0m\u00f6rkret\u00a0jag\u00a0har\u00a0sett? Skall\u00a0jag\u00a0leva\u00a0tills\u00a0jag\u00a0l\u00e4rt\u00a0mig\u00a0att\u00a0smidaalla\u00a0rosor,\u00a0alla\u00a0fasor\u00a0till\u00a0en\u00a0levande\u00a0ked,som\u00a0skall\u00a0sk\u00e4lva\u00a0som\u00a0en\u00a0rusig\u00a0och\u00a0glidasom\u00a0en\u00a0str\u00e5kton\u00a0i\u00a0d\u00f6dsm\u00f6rkret\u00a0ned? L\u00e4s dikten p\u00e5 Litteraturbanken Termer och begrepp Uppgift, Gymnasium Gymnasium 1. Vilka k\u00e4nslor v\u00e4cker dikten? 2. Vad \u00e4r det diktjaget l\u00e4ngtar efter? 3. De sista tv\u00e5 stroferna \u00e4r fr\u00e5gor. Fundera \u00f6ver vad du skulle kunna svara diktjaget.<\/p>\n","protected":false},"author":5,"featured_media":0,"parent":0,"menu_order":0,"comment_status":"closed","ping_status":"closed","template":"","meta":{"ocean_post_layout":"full-screen","ocean_both_sidebars_style":"","ocean_both_sidebars_content_width":0,"ocean_both_sidebars_sidebars_width":0,"ocean_sidebar":"0","ocean_second_sidebar":"0","ocean_disable_margins":"enable","ocean_add_body_class":"","ocean_shortcode_before_top_bar":"","ocean_shortcode_after_top_bar":"","ocean_shortcode_before_header":"","ocean_shortcode_after_header":"","ocean_has_shortcode":"","ocean_shortcode_after_title":"","ocean_shortcode_before_footer_widgets":"","ocean_shortcode_after_footer_widgets":"","ocean_shortcode_before_footer_bottom":"","ocean_shortcode_after_footer_bottom":"","ocean_display_top_bar":"default","ocean_display_header":"default","ocean_header_style":"","ocean_center_header_left_menu":"0","ocean_custom_header_template":"0","ocean_custom_logo":0,"ocean_custom_retina_logo":0,"ocean_custom_logo_max_width":0,"ocean_custom_logo_tablet_max_width":0,"ocean_custom_logo_mobile_max_width":0,"ocean_custom_logo_max_height":0,"ocean_custom_logo_tablet_max_height":0,"ocean_custom_logo_mobile_max_height":0,"ocean_header_custom_menu":"0","ocean_menu_typo_font_family":"0","ocean_menu_typo_font_subset":"","ocean_menu_typo_font_size":0,"ocean_menu_typo_font_size_tablet":0,"ocean_menu_typo_font_size_mobile":0,"ocean_menu_typo_font_size_unit":"px","ocean_menu_typo_font_weight":"","ocean_menu_typo_font_weight_tablet":"","ocean_menu_typo_font_weight_mobile":"","ocean_menu_typo_transform":"","ocean_menu_typo_transform_tablet":"","ocean_menu_typo_transform_mobile":"","ocean_menu_typo_line_height":0,"ocean_menu_typo_line_height_tablet":0,"ocean_menu_typo_line_height_mobile":0,"ocean_menu_typo_line_height_unit":"","ocean_menu_typo_spacing":0,"ocean_menu_typo_spacing_tablet":0,"ocean_menu_typo_spacing_mobile":0,"ocean_menu_typo_spacing_unit":"","ocean_menu_link_color":"","ocean_menu_link_color_hover":"","ocean_menu_link_color_active":"","ocean_menu_link_background":"","ocean_menu_link_hover_background":"","ocean_menu_link_active_background":"","ocean_menu_social_links_bg":"","ocean_menu_social_hover_links_bg":"","ocean_menu_social_links_color":"","ocean_menu_social_hover_links_color":"","ocean_disable_title":"on","ocean_disable_heading":"default","ocean_post_title":"","ocean_post_subheading":"","ocean_post_title_style":"","ocean_post_title_background_color":"","ocean_post_title_background":0,"ocean_post_title_bg_image_position":"","ocean_post_title_bg_image_attachment":"","ocean_post_title_bg_image_repeat":"","ocean_post_title_bg_image_size":"","ocean_post_title_height":0,"ocean_post_title_bg_overlay":0.5,"ocean_post_title_bg_overlay_color":"","ocean_disable_breadcrumbs":"default","ocean_breadcrumbs_color":"","ocean_breadcrumbs_separator_color":"","ocean_breadcrumbs_links_color":"","ocean_breadcrumbs_links_hover_color":"","ocean_display_footer_widgets":"default","ocean_display_footer_bottom":"default","ocean_custom_footer_template":"0","footnotes":""},"class_list":["post-11002","page","type-page","status-publish","hentry","entry"],"_links":{"self":[{"href":"https:\/\/litteraturbanken.se\/skolan\/wp-json\/wp\/v2\/pages\/11002","targetHints":{"allow":["GET"]}}],"collection":[{"href":"https:\/\/litteraturbanken.se\/skolan\/wp-json\/wp\/v2\/pages"}],"about":[{"href":"https:\/\/litteraturbanken.se\/skolan\/wp-json\/wp\/v2\/types\/page"}],"author":[{"embeddable":true,"href":"https:\/\/litteraturbanken.se\/skolan\/wp-json\/wp\/v2\/users\/5"}],"replies":[{"embeddable":true,"href":"https:\/\/litteraturbanken.se\/skolan\/wp-json\/wp\/v2\/comments?post=11002"}],"version-history":[{"count":21,"href":"https:\/\/litteraturbanken.se\/skolan\/wp-json\/wp\/v2\/pages\/11002\/revisions"}],"predecessor-version":[{"id":20310,"href":"https:\/\/litteraturbanken.se\/skolan\/wp-json\/wp\/v2\/pages\/11002\/revisions\/20310"}],"wp:attachment":[{"href":"https:\/\/litteraturbanken.se\/skolan\/wp-json\/wp\/v2\/media?parent=11002"}],"curies":[{"name":"wp","href":"https:\/\/api.w.org\/{rel}","templated":true}]}}