{"id":11049,"date":"2018-12-29T12:23:40","date_gmt":"2018-12-29T11:23:40","guid":{"rendered":"https:\/\/litteraturbanken.se\/skoladev\/?page_id=11049"},"modified":"2020-03-09T11:28:22","modified_gmt":"2020-03-09T10:28:22","slug":"poesi-forfattare-harriet-lowenhjelm-om","status":"publish","type":"page","link":"https:\/\/litteraturbanken.se\/skolan\/poesi-forfattare-harriet-lowenhjelm-om\/","title":{"rendered":"Poesi\/F\u00f6rfattare\/Harriet L\u00f6wenhjelm\/Mer om"},"content":{"rendered":"\t\t<div data-elementor-type=\"wp-post\" data-elementor-id=\"11049\" class=\"elementor elementor-11049\">\n\t\t\t\t\t\t<section class=\"elementor-section elementor-top-section elementor-element elementor-element-26527c4 elementor-section-full_width elementor-section-height-default elementor-section-height-default\" data-id=\"26527c4\" data-element_type=\"section\" data-e-type=\"section\" data-settings=\"{&quot;background_background&quot;:&quot;classic&quot;}\">\n\t\t\t\t\t\t<div class=\"elementor-container elementor-column-gap-default\">\n\t\t\t\t\t<div class=\"elementor-column elementor-col-25 elementor-top-column elementor-element elementor-element-6c56d98\" data-id=\"6c56d98\" data-element_type=\"column\" data-e-type=\"column\">\n\t\t\t<div class=\"elementor-widget-wrap\">\n\t\t\t\t\t\t\t<\/div>\n\t\t<\/div>\n\t\t\t\t<div class=\"elementor-column elementor-col-25 elementor-top-column elementor-element elementor-element-b614e3f\" data-id=\"b614e3f\" data-element_type=\"column\" data-e-type=\"column\" data-settings=\"{&quot;background_background&quot;:&quot;classic&quot;}\">\n\t\t\t<div class=\"elementor-widget-wrap elementor-element-populated\">\n\t\t\t\t\t\t<div class=\"elementor-element elementor-element-f7edfe5 elementor-widget elementor-widget-spacer\" data-id=\"f7edfe5\" data-element_type=\"widget\" data-e-type=\"widget\" data-widget_type=\"spacer.default\">\n\t\t\t\t<div class=\"elementor-widget-container\">\n\t\t\t\t\t\t\t<div class=\"elementor-spacer\">\n\t\t\t<div class=\"elementor-spacer-inner\"><\/div>\n\t\t<\/div>\n\t\t\t\t\t\t<\/div>\n\t\t\t\t<\/div>\n\t\t\t\t<div class=\"elementor-element elementor-element-5215102 elementor-widget elementor-widget-text-editor\" data-id=\"5215102\" data-element_type=\"widget\" data-e-type=\"widget\" data-widget_type=\"text-editor.default\">\n\t\t\t\t<div class=\"elementor-widget-container\">\n\t\t\t\t\t\t\t\t\t<h1 class=\"ng-binding\">Harriet L\u00f6wenhjelm<\/h1>\t\t\t\t\t\t\t\t<\/div>\n\t\t\t\t<\/div>\n\t\t\t\t<div class=\"elementor-element elementor-element-5645ffe elementor-widget elementor-widget-text-editor\" data-id=\"5645ffe\" data-element_type=\"widget\" data-e-type=\"widget\" data-widget_type=\"text-editor.default\">\n\t\t\t\t<div class=\"elementor-widget-container\">\n\t\t\t\t\t\t\t\t\t<div class=\"ng-binding\"><div class=\"ng-binding\"><div class=\"ng-binding\"><div class=\"ng-binding\"><div class=\"ng-binding\"><p><em>HARRIET L\u00d6WENHJELM (1887\u20131918) kom fr\u00e5n en adlig \u00f6verklassmilj\u00f6 pr\u00e4glad av auktoritet och str\u00e4nghet, men ocks\u00e5 av en grundfast religiositet och ett starkt intresse f\u00f6r konstens alla former. Till sitt lynne var hon livet igenom lekfull, egensinnig och sj\u00e4lvst\u00e4ndig; exemplen d\u00e4rp\u00e5 \u00e4r m\u00e5nga. Med sin bror Crispin lekte hon fantasilekar l\u00e5ngt upp i vuxen \u00e5lder. Efter tv\u00e5 \u00e5r som elev vid Konstakademien avvisades hon 1911 p\u00e5 grund av hennes starka vilja att g\u00e5 sin egen v\u00e4g, vilken tolkades som brist p\u00e5 respekt f\u00f6r auktoriteter. <\/em><\/p><p><em>Efter att tbc konstaterats vistades hon, fr\u00e5n 1914 och fram till sin d\u00f6d, mestadels p\u00e5 sanatorier, varifr\u00e5n hon rymde. Som bildkonstn\u00e4r tog L\u00f6wenhjelm intryck av s\u00e5v\u00e4l \u00e4ldre m\u00e4stare \u2013 Rembrandt, Watteau \u2013 som av sina samtida \u2013\u00a0Arosenius, Engstr\u00f6m. Hennes st\u00f6rsta talang var som tecknare, d\u00e5 fr\u00e4mst i figurstudier och i \u00f6gonblicksbilder i f\u00e5ngandet av en karakt\u00e4r eller en gest. <\/em><\/p><p>Flera av hennes verk har bibliskt inneh\u00e5ll \u2013 hon beh\u00f6ll livet igenom det hon sj\u00e4lv kallade sin barnatro \u2013 och hon dr\u00f6mde om att f\u00e5 g\u00f6ra kyrkm\u00e5lningar. \u00c4ven i sin diktning, vilken ursprungligen utgjorde ett slags f\u00f6rklaringar till hennes bilder, \u00e5terkom L\u00f6wenhjelm till en religi\u00f6s problematik, inspirerad av hennes st\u00e4ndiga l\u00e4sning av Kierkegaard. Dikterna tar d\u00e4r stundvis form av bek\u00e4nnelse och b\u00f6n. Men hon \u00e4gnade sig ocks\u00e5 \u00e5t ordlekande, \u00e5t spex och nonsensdiktning pr\u00e4glad av stilbrytningar och v\u00e4xlingar mellan ljusaste sk\u00e4mt och m\u00f6rkaste allvar. Mest k\u00e4nt bland hennes alster torde vara den av Hjalmar Casserman tonsatta dikten \u201dBeatrice-Aurore\u201d.<\/p><p>Sin egenart och sin s\u00e4rpr\u00e4glade livsk\u00e4nsla slog hon alltid vakt om, s\u00e5v\u00e4l i leken som i dystrare och av sjukdom och maktl\u00f6shet pr\u00e4glade stunder. \u201dHon r\u00f6rde sig\u201d, skriver n\u00e4ra v\u00e4nnen Elsa Bj\u00f6rkman-Goldschmidt, \u201di en sn\u00e5rig gr\u00e4nsterr\u00e4ng mellan barn och vuxen, mellan man och kvinna, mellan sk\u00e4mt och allvar, mellan lek och verklighet.\u201d<\/p><\/div><div class=\"introauthor\"><em class=\"ng-binding\">Lotta Lotass<\/em><\/div><div>\u00a0<\/div><div class=\"source ng-scope\"><p><span class=\"source_header sc ng-scope\">k\u00e4lla:\u00a0<\/span><i>Svenskt biografiskt lexikon<\/i><\/p><\/div><\/div><\/div><\/div><\/div>\t\t\t\t\t\t\t\t<\/div>\n\t\t\t\t<\/div>\n\t\t\t\t\t<\/div>\n\t\t<\/div>\n\t\t\t\t<div class=\"elementor-column elementor-col-25 elementor-top-column elementor-element elementor-element-b75c036\" data-id=\"b75c036\" data-element_type=\"column\" data-e-type=\"column\">\n\t\t\t<div class=\"elementor-widget-wrap elementor-element-populated\">\n\t\t\t\t\t\t<div class=\"elementor-element elementor-element-3d3569b elementor-widget elementor-widget-spacer\" data-id=\"3d3569b\" data-element_type=\"widget\" data-e-type=\"widget\" data-widget_type=\"spacer.default\">\n\t\t\t\t<div class=\"elementor-widget-container\">\n\t\t\t\t\t\t\t<div class=\"elementor-spacer\">\n\t\t\t<div class=\"elementor-spacer-inner\"><\/div>\n\t\t<\/div>\n\t\t\t\t\t\t<\/div>\n\t\t\t\t<\/div>\n\t\t\t\t<div class=\"elementor-element elementor-element-d1cdb0b elementor-widget elementor-widget-image\" data-id=\"d1cdb0b\" data-element_type=\"widget\" data-e-type=\"widget\" data-widget_type=\"image.default\">\n\t\t\t\t<div class=\"elementor-widget-container\">\n\t\t\t\t\t\t\t\t\t\t\t\t\t\t\t<img fetchpriority=\"high\" decoding=\"async\" width=\"300\" height=\"300\" src=\"https:\/\/litteraturbanken.se\/skolan\/wp-content\/uploads\/2019\/03\/lb_skolan_2019_knapp_f\u00f6rfattarbild_l\u00f6wenhjelm_gr\u00f6n-e1553013326332.jpg\" class=\"attachment-full size-full wp-image-13769\" alt=\"\" \/>\t\t\t\t\t\t\t\t\t\t\t\t\t\t\t<\/div>\n\t\t\t\t<\/div>\n\t\t\t\t<div class=\"elementor-element elementor-element-ed7dd5f elementor-widget elementor-widget-spacer\" data-id=\"ed7dd5f\" data-element_type=\"widget\" data-e-type=\"widget\" data-widget_type=\"spacer.default\">\n\t\t\t\t<div class=\"elementor-widget-container\">\n\t\t\t\t\t\t\t<div class=\"elementor-spacer\">\n\t\t\t<div class=\"elementor-spacer-inner\"><\/div>\n\t\t<\/div>\n\t\t\t\t\t\t<\/div>\n\t\t\t\t<\/div>\n\t\t\t\t\t<\/div>\n\t\t<\/div>\n\t\t\t\t<div class=\"elementor-column elementor-col-25 elementor-top-column elementor-element elementor-element-fd6f7da\" data-id=\"fd6f7da\" data-element_type=\"column\" data-e-type=\"column\">\n\t\t\t<div class=\"elementor-widget-wrap elementor-element-populated\">\n\t\t\t\t\t\t<div class=\"elementor-element elementor-element-b194074 elementor-widget elementor-widget-spacer\" data-id=\"b194074\" data-element_type=\"widget\" data-e-type=\"widget\" data-widget_type=\"spacer.default\">\n\t\t\t\t<div class=\"elementor-widget-container\">\n\t\t\t\t\t\t\t<div class=\"elementor-spacer\">\n\t\t\t<div class=\"elementor-spacer-inner\"><\/div>\n\t\t<\/div>\n\t\t\t\t\t\t<\/div>\n\t\t\t\t<\/div>\n\t\t\t\t<div class=\"elementor-element elementor-element-e9731b4 elementor-widget elementor-widget-spacer\" data-id=\"e9731b4\" data-element_type=\"widget\" data-e-type=\"widget\" data-widget_type=\"spacer.default\">\n\t\t\t\t<div class=\"elementor-widget-container\">\n\t\t\t\t\t\t\t<div class=\"elementor-spacer\">\n\t\t\t<div class=\"elementor-spacer-inner\"><\/div>\n\t\t<\/div>\n\t\t\t\t\t\t<\/div>\n\t\t\t\t<\/div>\n\t\t\t\t\t<\/div>\n\t\t<\/div>\n\t\t\t\t\t<\/div>\n\t\t<\/section>\n\t\t\t\t<\/div>\n\t\t","protected":false},"excerpt":{"rendered":"<p>Harriet L\u00f6wenhjelm HARRIET L\u00d6WENHJELM (1887\u20131918) kom fr\u00e5n en adlig \u00f6verklassmilj\u00f6 pr\u00e4glad av auktoritet och str\u00e4nghet, men ocks\u00e5 av en grundfast religiositet och ett starkt intresse f\u00f6r konstens alla former. Till sitt lynne var hon livet igenom lekfull, egensinnig och sj\u00e4lvst\u00e4ndig; exemplen d\u00e4rp\u00e5 \u00e4r m\u00e5nga. Med sin bror Crispin lekte hon fantasilekar l\u00e5ngt upp i vuxen [&hellip;]<\/p>\n","protected":false},"author":5,"featured_media":0,"parent":0,"menu_order":0,"comment_status":"closed","ping_status":"closed","template":"","meta":{"ocean_post_layout":"full-screen","ocean_both_sidebars_style":"","ocean_both_sidebars_content_width":0,"ocean_both_sidebars_sidebars_width":0,"ocean_sidebar":"0","ocean_second_sidebar":"0","ocean_disable_margins":"enable","ocean_add_body_class":"","ocean_shortcode_before_top_bar":"","ocean_shortcode_after_top_bar":"","ocean_shortcode_before_header":"","ocean_shortcode_after_header":"","ocean_has_shortcode":"","ocean_shortcode_after_title":"","ocean_shortcode_before_footer_widgets":"","ocean_shortcode_after_footer_widgets":"","ocean_shortcode_before_footer_bottom":"","ocean_shortcode_after_footer_bottom":"","ocean_display_top_bar":"default","ocean_display_header":"default","ocean_header_style":"","ocean_center_header_left_menu":"0","ocean_custom_header_template":"0","ocean_custom_logo":0,"ocean_custom_retina_logo":0,"ocean_custom_logo_max_width":0,"ocean_custom_logo_tablet_max_width":0,"ocean_custom_logo_mobile_max_width":0,"ocean_custom_logo_max_height":0,"ocean_custom_logo_tablet_max_height":0,"ocean_custom_logo_mobile_max_height":0,"ocean_header_custom_menu":"0","ocean_menu_typo_font_family":"0","ocean_menu_typo_font_subset":"","ocean_menu_typo_font_size":0,"ocean_menu_typo_font_size_tablet":0,"ocean_menu_typo_font_size_mobile":0,"ocean_menu_typo_font_size_unit":"px","ocean_menu_typo_font_weight":"","ocean_menu_typo_font_weight_tablet":"","ocean_menu_typo_font_weight_mobile":"","ocean_menu_typo_transform":"","ocean_menu_typo_transform_tablet":"","ocean_menu_typo_transform_mobile":"","ocean_menu_typo_line_height":0,"ocean_menu_typo_line_height_tablet":0,"ocean_menu_typo_line_height_mobile":0,"ocean_menu_typo_line_height_unit":"","ocean_menu_typo_spacing":0,"ocean_menu_typo_spacing_tablet":0,"ocean_menu_typo_spacing_mobile":0,"ocean_menu_typo_spacing_unit":"","ocean_menu_link_color":"","ocean_menu_link_color_hover":"","ocean_menu_link_color_active":"","ocean_menu_link_background":"","ocean_menu_link_hover_background":"","ocean_menu_link_active_background":"","ocean_menu_social_links_bg":"","ocean_menu_social_hover_links_bg":"","ocean_menu_social_links_color":"","ocean_menu_social_hover_links_color":"","ocean_disable_title":"on","ocean_disable_heading":"default","ocean_post_title":"","ocean_post_subheading":"","ocean_post_title_style":"","ocean_post_title_background_color":"","ocean_post_title_background":0,"ocean_post_title_bg_image_position":"","ocean_post_title_bg_image_attachment":"","ocean_post_title_bg_image_repeat":"","ocean_post_title_bg_image_size":"","ocean_post_title_height":0,"ocean_post_title_bg_overlay":0.5,"ocean_post_title_bg_overlay_color":"","ocean_disable_breadcrumbs":"default","ocean_breadcrumbs_color":"","ocean_breadcrumbs_separator_color":"","ocean_breadcrumbs_links_color":"","ocean_breadcrumbs_links_hover_color":"","ocean_display_footer_widgets":"default","ocean_display_footer_bottom":"default","ocean_custom_footer_template":"0","footnotes":""},"class_list":["post-11049","page","type-page","status-publish","hentry","entry"],"_links":{"self":[{"href":"https:\/\/litteraturbanken.se\/skolan\/wp-json\/wp\/v2\/pages\/11049","targetHints":{"allow":["GET"]}}],"collection":[{"href":"https:\/\/litteraturbanken.se\/skolan\/wp-json\/wp\/v2\/pages"}],"about":[{"href":"https:\/\/litteraturbanken.se\/skolan\/wp-json\/wp\/v2\/types\/page"}],"author":[{"embeddable":true,"href":"https:\/\/litteraturbanken.se\/skolan\/wp-json\/wp\/v2\/users\/5"}],"replies":[{"embeddable":true,"href":"https:\/\/litteraturbanken.se\/skolan\/wp-json\/wp\/v2\/comments?post=11049"}],"version-history":[{"count":8,"href":"https:\/\/litteraturbanken.se\/skolan\/wp-json\/wp\/v2\/pages\/11049\/revisions"}],"predecessor-version":[{"id":20492,"href":"https:\/\/litteraturbanken.se\/skolan\/wp-json\/wp\/v2\/pages\/11049\/revisions\/20492"}],"wp:attachment":[{"href":"https:\/\/litteraturbanken.se\/skolan\/wp-json\/wp\/v2\/media?parent=11049"}],"curies":[{"name":"wp","href":"https:\/\/api.w.org\/{rel}","templated":true}]}}