{"id":11137,"date":"2018-12-29T13:24:04","date_gmt":"2018-12-29T12:24:04","guid":{"rendered":"https:\/\/litteraturbanken.se\/skoladev\/?page_id=11137"},"modified":"2020-05-06T09:00:03","modified_gmt":"2020-05-06T07:00:03","slug":"poesi-forfattare-dan-andersson-till-min-syster","status":"publish","type":"page","link":"https:\/\/litteraturbanken.se\/skolan\/poesi-forfattare-dan-andersson-till-min-syster\/","title":{"rendered":"Poesi\/F\u00f6rfattare\/Dan Andersson\/Till min syster"},"content":{"rendered":"\t\t<div data-elementor-type=\"wp-post\" data-elementor-id=\"11137\" class=\"elementor elementor-11137\">\n\t\t\t\t\t\t<section class=\"elementor-section elementor-top-section elementor-element elementor-element-1266338 elementor-section-boxed elementor-section-height-default elementor-section-height-default\" data-id=\"1266338\" data-element_type=\"section\" data-e-type=\"section\" data-settings=\"{&quot;background_background&quot;:&quot;classic&quot;}\">\n\t\t\t\t\t\t<div class=\"elementor-container elementor-column-gap-default\">\n\t\t\t\t\t<div class=\"elementor-column elementor-col-100 elementor-top-column elementor-element elementor-element-1dc43dd\" data-id=\"1dc43dd\" data-element_type=\"column\" data-e-type=\"column\">\n\t\t\t<div class=\"elementor-widget-wrap elementor-element-populated\">\n\t\t\t\t\t\t<div class=\"elementor-element elementor-element-d4d121b elementor-widget elementor-widget-spacer\" data-id=\"d4d121b\" data-element_type=\"widget\" data-e-type=\"widget\" data-widget_type=\"spacer.default\">\n\t\t\t\t<div class=\"elementor-widget-container\">\n\t\t\t\t\t\t\t<div class=\"elementor-spacer\">\n\t\t\t<div class=\"elementor-spacer-inner\"><\/div>\n\t\t<\/div>\n\t\t\t\t\t\t<\/div>\n\t\t\t\t<\/div>\n\t\t\t\t\t<\/div>\n\t\t<\/div>\n\t\t\t\t\t<\/div>\n\t\t<\/section>\n\t\t\t\t<section class=\"elementor-section elementor-inner-section elementor-element elementor-element-de1d6a9 elementor-section-boxed elementor-section-height-default elementor-section-height-default\" data-id=\"de1d6a9\" data-element_type=\"section\" data-e-type=\"section\" data-settings=\"{&quot;background_background&quot;:&quot;classic&quot;}\">\n\t\t\t\t\t\t<div class=\"elementor-container elementor-column-gap-default\">\n\t\t\t\t\t<div class=\"elementor-column elementor-col-66 elementor-inner-column elementor-element elementor-element-691fbbb\" data-id=\"691fbbb\" data-element_type=\"column\" data-e-type=\"column\" data-settings=\"{&quot;background_background&quot;:&quot;classic&quot;}\">\n\t\t\t<div class=\"elementor-widget-wrap elementor-element-populated\">\n\t\t\t\t\t\t<div class=\"elementor-element elementor-element-18da5ca elementor-widget elementor-widget-heading\" data-id=\"18da5ca\" data-element_type=\"widget\" data-e-type=\"widget\" data-widget_type=\"heading.default\">\n\t\t\t\t<div class=\"elementor-widget-container\">\n\t\t\t\t\t<h2 class=\"elementor-heading-title elementor-size-default\">Till min syster<\/h2>\t\t\t\t<\/div>\n\t\t\t\t<\/div>\n\t\t\t\t<div class=\"elementor-element elementor-element-bebbbd0 elementor-widget elementor-widget-text-editor\" data-id=\"bebbbd0\" data-element_type=\"widget\" data-e-type=\"widget\" data-widget_type=\"text-editor.default\">\n\t\t\t\t<div class=\"elementor-widget-container\">\n\t\t\t\t\t\t\t\t\t<p>Av <a href=\"https:\/\/litteraturbanken.se\/skolan\/?page_id=109\"><em>Dan Andersson<\/em><\/a><\/p>\t\t\t\t\t\t\t\t<\/div>\n\t\t\t\t<\/div>\n\t\t\t\t<div class=\"elementor-element elementor-element-018d574 elementor-widget elementor-widget-text-editor\" data-id=\"018d574\" data-element_type=\"widget\" data-e-type=\"widget\" data-widget_type=\"text-editor.default\">\n\t\t\t\t<div class=\"elementor-widget-container\">\n\t\t\t\t\t\t\t\t\t<p><strong>Ur:<\/strong>\u00a0<em>Svarta ballader\u00a0<\/em>(1917)<span style=\"font-size: 15px; letter-spacing: 0.6px;\">\u00a0\u00a0<\/span><strong>\u00c5rskurs:<\/strong>\u00a0Gymnasium\u00a0\u00a0<strong>Tema:<\/strong>\u00a0V\u00e5r<\/p>\t\t\t\t\t\t\t\t<\/div>\n\t\t\t\t<\/div>\n\t\t\t\t<div class=\"elementor-element elementor-element-a9751a2 elementor-widget elementor-widget-text-editor\" data-id=\"a9751a2\" data-element_type=\"widget\" data-e-type=\"widget\" data-widget_type=\"text-editor.default\">\n\t\t\t\t<div class=\"elementor-widget-container\">\n\t\t\t\t\t\t\t\t\t<div class=\"titlepage\"><div class=\"titlepage\"><p class=\"title highlight\">Nu\u00a0spelar\u00a0v\u00e5rens\u00a0ljumma\u00a0vind\u00a0i\u00a0myrens\u00a0gula\u00a0starr,<br \/>och\u00a0sakta\u00a0stiga\u00a0sagorna\u00a0kring\u00a0\u00f6n\u00a0i\u00a0Berga\u00a0fors.<br \/>F\u00f6rl\u00e5t\u00a0ett\u00a0st\u00e4nk\u00a0av\u00a0bitter\u00a0fr\u00f6jd,\u00a0en\u00a0visa\u00a0till\u00a0gitarr,<br \/>det\u00a0starka\u00a0oss\u00a0till\u00a0l\u00e4kedom\u00a0likt\u00a0strandens\u00a0unga\u00a0pors.<br \/><br \/>En\u00a0s\u00e5ng\u00a0till\u00a0d\u00e4j,\u00a0min\u00a0syster,\u00a0n\u00e4r\u00a0all\u00a0marken\u00a0v\u00e4ntar\u00a0v\u00e5r!<br \/>Luossas\u00a0ljunghed\u00a0surrar\u00a0yr\u00a0av\u00a0vind\u00a0och\u00a0vilda\u00a0bin.<br \/>D\u00e4r\u00a0l\u00e4rde\u00a0vi\u00a0oss\u00a0tunga\u00a0steg\u00a0i\u00a0v\u00e5ra\u00a0yngsta\u00a0\u00e5r,<br \/>och\u00a0ingen\u00a0vet\u00a0hur\u00a0djupt\u00a0vi\u00a0drack\u00a0v\u00e5r\u00a0barndoms\u00a0beska\u00a0vin.<br \/><br \/>Men\u00a0h\u00e4rlig,\u00a0h\u00e4rlig\u00a0v\u00e5ren\u00a0kom\u00a0vart\u00a0\u00e5r\u00a0i\u00a0rosor\u00a0kl\u00e4dd,<br \/>fast\u00a0sorgens\u00a0skymning\u00a0s\u00f6kte\u00a0oss\u00a0och\u00a0blekte\u00a0kindens\u00a0f\u00e4rg.<br \/>En\u00a0dag\u00a0p\u00e5\u00a0kn\u00e4\u00a0f\u00f6r\u00a0Konungen,\u00a0en\u00a0natt\u00a0f\u00f6r\u00a0skuggan\u00a0r\u00e4dd,<br \/>och\u00a0sedan\u00a0drack\u00a0du\u00a0salighet\u00a0ur\u00a0flod\u00a0och\u00a0fj\u00e4ll\u00a0och\u00a0berg.<br \/><br \/>Kom\u00a0ut,\u00a0n\u00e4r\u00a0stormen\u00a0viner\u00a0vild\u00a0i\u00a0apel,\u00a0pil\u00a0och\u00a0h\u00e4gg!<br \/>Se,\u00a0v\u00e5rens\u00a0himlar\u00a0brinna\u00a0till\u00a0Guds\u00a0och\u00a0stj\u00e4rnors\u00a0lov!<br \/>Och\u00a0n\u00e4r\u00a0du\u00a0s\u00f6vts\u00a0till\u00a0dr\u00f6mmar\u00a0av\u00a0resedan\u00a0vid\u00a0din\u00a0v\u00e4gg,<br \/>all\u00a0\u00e4ngens\u00a0rosor\u00a0ropa,\u00a0kom\u00a0ut\u00a0till\u00a0oss\u00a0och\u00a0sov!<\/p><\/div><\/div>\t\t\t\t\t\t\t\t<\/div>\n\t\t\t\t<\/div>\n\t\t\t\t\t<\/div>\n\t\t<\/div>\n\t\t\t\t<div class=\"elementor-column elementor-col-33 elementor-inner-column elementor-element elementor-element-35903d3\" data-id=\"35903d3\" data-element_type=\"column\" data-e-type=\"column\">\n\t\t\t<div class=\"elementor-widget-wrap elementor-element-populated\">\n\t\t\t\t\t\t<div class=\"elementor-element elementor-element-875cae2 elementor-widget elementor-widget-wp-widget-media_audio\" data-id=\"875cae2\" data-element_type=\"widget\" data-e-type=\"widget\" data-widget_type=\"wp-widget-media_audio.default\">\n\t\t\t\t<div class=\"elementor-widget-container\">\n\t\t\t\t\t<h5>Dan Berglund l\u00e4ser \u201dTill min syster\u201d av Dan Andersson.<\/h5><audio class=\"wp-audio-shortcode\" id=\"audio-11137-1\" preload=\"none\" style=\"width: 100%;\" controls=\"controls\"><source type=\"audio\/mpeg\" src=\"https:\/\/litteraturbanken.se\/skolan\/wp-content\/uploads\/2020\/05\/andersson_tillminsyster_berglund.mp3?_=1\" \/><source type=\"audio\/mpeg\" src=\"https:\/\/litteraturbanken.se\/skolan\/wp-content\/uploads\/2020\/05\/andersson_tillminsyster_berglund.mp3?_=1\" \/><a href=\"https:\/\/litteraturbanken.se\/skolan\/wp-content\/uploads\/2020\/05\/andersson_tillminsyster_berglund.mp3\">https:\/\/litteraturbanken.se\/skolan\/wp-content\/uploads\/2020\/05\/andersson_tillminsyster_berglund.mp3<\/a><\/audio>\t\t\t\t<\/div>\n\t\t\t\t<\/div>\n\t\t\t\t<div class=\"elementor-element elementor-element-3225797 elementor-widget elementor-widget-wp-widget-media_audio\" data-id=\"3225797\" data-element_type=\"widget\" data-e-type=\"widget\" data-widget_type=\"wp-widget-media_audio.default\">\n\t\t\t\t<div class=\"elementor-widget-container\">\n\t\t\t\t\t<h5>Dick Cla\u00e9sson l\u00e4ser \u201dTill min syster\u201d av Dan Andersson.<\/h5><audio class=\"wp-audio-shortcode\" id=\"audio-11137-2\" preload=\"none\" style=\"width: 100%;\" controls=\"controls\"><source type=\"audio\/mpeg\" src=\"https:\/\/litteraturbanken.se\/skolan\/wp-content\/uploads\/2019\/03\/andersson_tillminsyster_claesson.mp3?_=2\" \/><source type=\"audio\/mpeg\" src=\"https:\/\/litteraturbanken.se\/skolan\/wp-content\/uploads\/2019\/03\/andersson_tillminsyster_claesson.mp3?_=2\" \/><a href=\"https:\/\/litteraturbanken.se\/skolan\/wp-content\/uploads\/2019\/03\/andersson_tillminsyster_claesson.mp3\">https:\/\/litteraturbanken.se\/skolan\/wp-content\/uploads\/2019\/03\/andersson_tillminsyster_claesson.mp3<\/a><\/audio>\t\t\t\t<\/div>\n\t\t\t\t<\/div>\n\t\t\t\t<div class=\"elementor-element elementor-element-a1ece14 elementor-icon-list--layout-traditional elementor-list-item-link-full_width elementor-widget elementor-widget-icon-list\" data-id=\"a1ece14\" data-element_type=\"widget\" data-e-type=\"widget\" data-widget_type=\"icon-list.default\">\n\t\t\t\t<div class=\"elementor-widget-container\">\n\t\t\t\t\t\t\t<ul class=\"elementor-icon-list-items\">\n\t\t\t\t\t\t\t<li class=\"elementor-icon-list-item\">\n\t\t\t\t\t\t\t\t\t\t\t<a href=\"https:\/\/litteraturbanken.se\/forfattare\/AnderssonD\/titlar\/SvartaBallader\/sida\/43\/etext\" target=\"_blank\">\n\n\t\t\t\t\t\t\t\t\t\t\t\t<span class=\"elementor-icon-list-icon\">\n\t\t\t\t\t\t\t\t\t\t\t\t\t\t\t\t<i class=\"fa fa-file-text-o\" aria-hidden=\"true\"><\/i>\n\t\t\t\t\t\t\t\t\t\t\t\t\t<\/span>\n\t\t\t\t\t\t\t\t\t\t<span class=\"elementor-icon-list-text\">L\u00e4s dikten p\u00e5 Litteraturbanken<\/span>\n\t\t\t\t\t\t\t\t\t\t\t<\/a>\n\t\t\t\t\t\t\t\t\t<\/li>\n\t\t\t\t\t\t\t\t<li class=\"elementor-icon-list-item\">\n\t\t\t\t\t\t\t\t\t\t\t<a href=\"https:\/\/litteraturbanken.se\/skolan\/?page_id=261\" target=\"_blank\">\n\n\t\t\t\t\t\t\t\t\t\t\t\t<span class=\"elementor-icon-list-icon\">\n\t\t\t\t\t\t\t\t\t\t\t\t\t\t\t\t<i class=\"fa fa-file-text-o\" aria-hidden=\"true\"><\/i>\n\t\t\t\t\t\t\t\t\t\t\t\t\t<\/span>\n\t\t\t\t\t\t\t\t\t\t<span class=\"elementor-icon-list-text\">Termer och begrepp<\/span>\n\t\t\t\t\t\t\t\t\t\t\t<\/a>\n\t\t\t\t\t\t\t\t\t<\/li>\n\t\t\t\t\t\t<\/ul>\n\t\t\t\t\t\t<\/div>\n\t\t\t\t<\/div>\n\t\t\t\t<div class=\"elementor-element elementor-element-296e3b7 elementor-align-center elementor-widget elementor-widget-button\" data-id=\"296e3b7\" data-element_type=\"widget\" data-e-type=\"widget\" data-widget_type=\"button.default\">\n\t\t\t\t<div class=\"elementor-widget-container\">\n\t\t\t\t\t\t\t\t\t<div class=\"elementor-button-wrapper\">\n\t\t\t\t\t<a class=\"elementor-button elementor-button-link elementor-size-md elementor-animation-grow\" href=\"#gy\">\n\t\t\t\t\t\t<span class=\"elementor-button-content-wrapper\">\n\t\t\t\t\t\t<span class=\"elementor-button-icon\">\n\t\t\t\t\t\t\t\t\t<i class=\"fa fa-pencil\" aria-hidden=\"true\"><\/i>\n\t\t\t\t\t\t\t<\/span>\n\t\t\t\t\t\t\t\t\t<span class=\"elementor-button-text\">Uppgift, Gymnasium<\/span>\n\t\t\t\t\t<\/span>\n\t\t\t\t\t<\/a>\n\t\t\t\t<\/div>\n\t\t\t\t\t\t\t\t<\/div>\n\t\t\t\t<\/div>\n\t\t\t\t<div class=\"elementor-element elementor-element-74bdc9f elementor-widget elementor-widget-image\" data-id=\"74bdc9f\" data-element_type=\"widget\" data-e-type=\"widget\" data-widget_type=\"image.default\">\n\t\t\t\t<div class=\"elementor-widget-container\">\n\t\t\t\t\t\t\t\t\t\t\t\t\t\t\t<img fetchpriority=\"high\" decoding=\"async\" width=\"300\" height=\"300\" src=\"https:\/\/litteraturbanken.se\/skolan\/wp-content\/uploads\/2019\/02\/lb_skolan_2019_knapp_f\u00f6rfattarbild_danandersson-e1553014713857.jpg\" class=\"attachment-full size-full wp-image-12913\" alt=\"\" \/>\t\t\t\t\t\t\t\t\t\t\t\t\t\t\t<\/div>\n\t\t\t\t<\/div>\n\t\t\t\t\t<\/div>\n\t\t<\/div>\n\t\t\t\t\t<\/div>\n\t\t<\/section>\n\t\t\t\t<section class=\"elementor-section elementor-top-section elementor-element elementor-element-4b88db4 elementor-section-boxed elementor-section-height-default elementor-section-height-default\" data-id=\"4b88db4\" data-element_type=\"section\" data-e-type=\"section\" data-settings=\"{&quot;background_background&quot;:&quot;classic&quot;}\">\n\t\t\t\t\t\t<div class=\"elementor-container elementor-column-gap-default\">\n\t\t\t\t\t<div class=\"elementor-column elementor-col-100 elementor-top-column elementor-element elementor-element-6522027\" data-id=\"6522027\" data-element_type=\"column\" data-e-type=\"column\">\n\t\t\t<div class=\"elementor-widget-wrap elementor-element-populated\">\n\t\t\t\t\t\t<div class=\"elementor-element elementor-element-47c050c elementor-widget elementor-widget-spacer\" data-id=\"47c050c\" data-element_type=\"widget\" data-e-type=\"widget\" data-widget_type=\"spacer.default\">\n\t\t\t\t<div class=\"elementor-widget-container\">\n\t\t\t\t\t\t\t<div class=\"elementor-spacer\">\n\t\t\t<div class=\"elementor-spacer-inner\"><\/div>\n\t\t<\/div>\n\t\t\t\t\t\t<\/div>\n\t\t\t\t<\/div>\n\t\t\t\t\t<\/div>\n\t\t<\/div>\n\t\t\t\t\t<\/div>\n\t\t<\/section>\n\t\t\t\t<section class=\"elementor-section elementor-top-section elementor-element elementor-element-68c311b elementor-section-boxed elementor-section-height-default elementor-section-height-default\" data-id=\"68c311b\" data-element_type=\"section\" data-e-type=\"section\" data-settings=\"{&quot;background_background&quot;:&quot;classic&quot;}\">\n\t\t\t\t\t\t<div class=\"elementor-container elementor-column-gap-default\">\n\t\t\t\t\t<div class=\"elementor-column elementor-col-100 elementor-top-column elementor-element elementor-element-36ef935\" data-id=\"36ef935\" data-element_type=\"column\" data-e-type=\"column\" data-settings=\"{&quot;background_background&quot;:&quot;classic&quot;}\">\n\t\t\t<div class=\"elementor-widget-wrap elementor-element-populated\">\n\t\t\t\t\t\t<section class=\"elementor-section elementor-inner-section elementor-element elementor-element-bcef75c elementor-section-boxed elementor-section-height-default elementor-section-height-default\" data-id=\"bcef75c\" data-element_type=\"section\" data-e-type=\"section\">\n\t\t\t\t\t\t<div class=\"elementor-container elementor-column-gap-default\">\n\t\t\t\t\t<div class=\"elementor-column elementor-col-100 elementor-inner-column elementor-element elementor-element-6f2b09c\" data-id=\"6f2b09c\" data-element_type=\"column\" data-e-type=\"column\">\n\t\t\t<div class=\"elementor-widget-wrap elementor-element-populated\">\n\t\t\t\t\t\t<div class=\"elementor-element elementor-element-549afb0 elementor-widget elementor-widget-menu-anchor\" data-id=\"549afb0\" data-element_type=\"widget\" data-e-type=\"widget\" data-widget_type=\"menu-anchor.default\">\n\t\t\t\t<div class=\"elementor-widget-container\">\n\t\t\t\t\t\t\t<div class=\"elementor-menu-anchor\" id=\"gy\"><\/div>\n\t\t\t\t\t\t<\/div>\n\t\t\t\t<\/div>\n\t\t\t\t<div class=\"elementor-element elementor-element-6815f6a elementor-view-framed elementor-shape-circle elementor-widget elementor-widget-icon\" data-id=\"6815f6a\" data-element_type=\"widget\" data-e-type=\"widget\" data-widget_type=\"icon.default\">\n\t\t\t\t<div class=\"elementor-widget-container\">\n\t\t\t\t\t\t\t<div class=\"elementor-icon-wrapper\">\n\t\t\t<div class=\"elementor-icon\">\n\t\t\t\t\t\t\t<i class=\"fa fa-pencil\" aria-hidden=\"true\"><\/i>\n\t\t\t\t\t\t<\/div>\n\t\t<\/div>\n\t\t\t\t\t\t<\/div>\n\t\t\t\t<\/div>\n\t\t\t\t<div class=\"elementor-element elementor-element-8885676 elementor-widget elementor-widget-toggle\" data-id=\"8885676\" data-element_type=\"widget\" data-e-type=\"widget\" data-widget_type=\"toggle.default\">\n\t\t\t\t<div class=\"elementor-widget-container\">\n\t\t\t\t\t\t\t<div class=\"elementor-toggle\">\n\t\t\t\t\t\t\t<div class=\"elementor-toggle-item\">\n\t\t\t\t\t<div id=\"elementor-tab-title-1431\" class=\"elementor-tab-title\" data-tab=\"1\" role=\"button\" aria-controls=\"elementor-tab-content-1431\" aria-expanded=\"false\">\n\t\t\t\t\t\t\t\t\t\t\t\t<span class=\"elementor-toggle-icon elementor-toggle-icon-left\" aria-hidden=\"true\">\n\t\t\t\t\t\t\t\t\t\t\t\t\t\t\t<i class=\"elementor-toggle-icon-closed fa fa-chevron-right\"><\/i>\n\t\t\t\t\t\t\t\t<i class=\"elementor-toggle-icon-opened fa fa-chevron-down\"><\/i>\n\t\t\t\t\t\t\t\t\t\t\t\t\t<\/span>\n\t\t\t\t\t\t\t\t\t\t\t\t<a class=\"elementor-toggle-title\" tabindex=\"0\">Gymnasium<\/a>\n\t\t\t\t\t<\/div>\n\n\t\t\t\t\t<div id=\"elementor-tab-content-1431\" class=\"elementor-tab-content elementor-clearfix\" data-tab=\"1\" role=\"region\" aria-labelledby=\"elementor-tab-title-1431\"><h2>Om dikten<\/h2><p>Dikten har tonsatts.<\/p><h3><span style=\"font-weight: normal;\"><span style=\"font-family: 'Roboto Condensed', 'Roboto Condensed'; font-size: 16px; font-style: normal; font-variant-caps: normal;\">Just den h\u00e4r dikten \u00e4r inte kopplad till n\u00e5gon specifik uppgift, utan h\u00e4r skall du v\u00e4lja ett av f\u00f6rslagen p\u00e5 sidan \u201d6 s\u00e4tt att analysera dikter\u201d som finns h\u00e4r:\u00a0<\/span><a style=\"font-family: 'Roboto Condensed', 'Roboto Condensed'; font-size: 16px; font-style: normal; font-variant-caps: normal;\" href=\"https:\/\/litteraturbanken.se\/skolan\/poesi-analysmodeller\/\" target=\"_blank\" rel=\"noopener\">https:\/\/litteraturbanken.se\/skolan\/poesi-analysmodeller\/<\/a><span style=\"font-family: 'Roboto Condensed', 'Roboto Condensed'; font-size: 16px; font-style: normal; font-variant-caps: normal;\">\u00a0 Arbeta sedan med dikten med hj\u00e4lp av n\u00e5gon av metoderna d\u00e4r.<\/span><\/span><\/h3><\/div>\n\t\t\t\t<\/div>\n\t\t\t\t\t\t\t\t<\/div>\n\t\t\t\t\t\t<\/div>\n\t\t\t\t<\/div>\n\t\t\t\t\t<\/div>\n\t\t<\/div>\n\t\t\t\t\t<\/div>\n\t\t<\/section>\n\t\t\t\t<div class=\"elementor-element elementor-element-7c32093 elementor-widget elementor-widget-spacer\" data-id=\"7c32093\" data-element_type=\"widget\" data-e-type=\"widget\" data-widget_type=\"spacer.default\">\n\t\t\t\t<div class=\"elementor-widget-container\">\n\t\t\t\t\t\t\t<div class=\"elementor-spacer\">\n\t\t\t<div class=\"elementor-spacer-inner\"><\/div>\n\t\t<\/div>\n\t\t\t\t\t\t<\/div>\n\t\t\t\t<\/div>\n\t\t\t\t\t<\/div>\n\t\t<\/div>\n\t\t\t\t\t<\/div>\n\t\t<\/section>\n\t\t\t\t<section class=\"elementor-section elementor-top-section elementor-element elementor-element-f861d0a elementor-section-boxed elementor-section-height-default elementor-section-height-default\" data-id=\"f861d0a\" data-element_type=\"section\" data-e-type=\"section\">\n\t\t\t\t\t\t<div class=\"elementor-container elementor-column-gap-default\">\n\t\t\t\t\t<div class=\"elementor-column elementor-col-100 elementor-top-column elementor-element elementor-element-d72c0c4\" data-id=\"d72c0c4\" data-element_type=\"column\" data-e-type=\"column\">\n\t\t\t<div class=\"elementor-widget-wrap elementor-element-populated\">\n\t\t\t\t\t\t<div class=\"elementor-element elementor-element-a760771 elementor-widget elementor-widget-spacer\" data-id=\"a760771\" data-element_type=\"widget\" data-e-type=\"widget\" data-widget_type=\"spacer.default\">\n\t\t\t\t<div class=\"elementor-widget-container\">\n\t\t\t\t\t\t\t<div class=\"elementor-spacer\">\n\t\t\t<div class=\"elementor-spacer-inner\"><\/div>\n\t\t<\/div>\n\t\t\t\t\t\t<\/div>\n\t\t\t\t<\/div>\n\t\t\t\t\t<\/div>\n\t\t<\/div>\n\t\t\t\t\t<\/div>\n\t\t<\/section>\n\t\t\t\t<\/div>\n\t\t","protected":false},"excerpt":{"rendered":"<p>Till min syster Av Dan Andersson Ur:\u00a0Svarta ballader\u00a0(1917)\u00a0\u00a0\u00c5rskurs:\u00a0Gymnasium\u00a0\u00a0Tema:\u00a0V\u00e5r Nu\u00a0spelar\u00a0v\u00e5rens\u00a0ljumma\u00a0vind\u00a0i\u00a0myrens\u00a0gula\u00a0starr,och\u00a0sakta\u00a0stiga\u00a0sagorna\u00a0kring\u00a0\u00f6n\u00a0i\u00a0Berga\u00a0fors.F\u00f6rl\u00e5t\u00a0ett\u00a0st\u00e4nk\u00a0av\u00a0bitter\u00a0fr\u00f6jd,\u00a0en\u00a0visa\u00a0till\u00a0gitarr,det\u00a0starka\u00a0oss\u00a0till\u00a0l\u00e4kedom\u00a0likt\u00a0strandens\u00a0unga\u00a0pors. En\u00a0s\u00e5ng\u00a0till\u00a0d\u00e4j,\u00a0min\u00a0syster,\u00a0n\u00e4r\u00a0all\u00a0marken\u00a0v\u00e4ntar\u00a0v\u00e5r!Luossas\u00a0ljunghed\u00a0surrar\u00a0yr\u00a0av\u00a0vind\u00a0och\u00a0vilda\u00a0bin.D\u00e4r\u00a0l\u00e4rde\u00a0vi\u00a0oss\u00a0tunga\u00a0steg\u00a0i\u00a0v\u00e5ra\u00a0yngsta\u00a0\u00e5r,och\u00a0ingen\u00a0vet\u00a0hur\u00a0djupt\u00a0vi\u00a0drack\u00a0v\u00e5r\u00a0barndoms\u00a0beska\u00a0vin. Men\u00a0h\u00e4rlig,\u00a0h\u00e4rlig\u00a0v\u00e5ren\u00a0kom\u00a0vart\u00a0\u00e5r\u00a0i\u00a0rosor\u00a0kl\u00e4dd,fast\u00a0sorgens\u00a0skymning\u00a0s\u00f6kte\u00a0oss\u00a0och\u00a0blekte\u00a0kindens\u00a0f\u00e4rg.En\u00a0dag\u00a0p\u00e5\u00a0kn\u00e4\u00a0f\u00f6r\u00a0Konungen,\u00a0en\u00a0natt\u00a0f\u00f6r\u00a0skuggan\u00a0r\u00e4dd,och\u00a0sedan\u00a0drack\u00a0du\u00a0salighet\u00a0ur\u00a0flod\u00a0och\u00a0fj\u00e4ll\u00a0och\u00a0berg. Kom\u00a0ut,\u00a0n\u00e4r\u00a0stormen\u00a0viner\u00a0vild\u00a0i\u00a0apel,\u00a0pil\u00a0och\u00a0h\u00e4gg!Se,\u00a0v\u00e5rens\u00a0himlar\u00a0brinna\u00a0till\u00a0Guds\u00a0och\u00a0stj\u00e4rnors\u00a0lov!Och\u00a0n\u00e4r\u00a0du\u00a0s\u00f6vts\u00a0till\u00a0dr\u00f6mmar\u00a0av\u00a0resedan\u00a0vid\u00a0din\u00a0v\u00e4gg,all\u00a0\u00e4ngens\u00a0rosor\u00a0ropa,\u00a0kom\u00a0ut\u00a0till\u00a0oss\u00a0och\u00a0sov! L\u00e4s dikten p\u00e5 Litteraturbanken Termer och begrepp Uppgift, Gymnasium Gymnasium Om dikten Dikten har tonsatts. Just den h\u00e4r dikten \u00e4r inte kopplad till n\u00e5gon specifik uppgift, utan h\u00e4r skall du v\u00e4lja ett av f\u00f6rslagen p\u00e5 sidan \u201d6 s\u00e4tt att analysera dikter\u201d som finns [&hellip;]<\/p>\n","protected":false},"author":5,"featured_media":0,"parent":0,"menu_order":0,"comment_status":"closed","ping_status":"closed","template":"","meta":{"ocean_post_layout":"full-screen","ocean_both_sidebars_style":"","ocean_both_sidebars_content_width":0,"ocean_both_sidebars_sidebars_width":0,"ocean_sidebar":"0","ocean_second_sidebar":"0","ocean_disable_margins":"enable","ocean_add_body_class":"","ocean_shortcode_before_top_bar":"","ocean_shortcode_after_top_bar":"","ocean_shortcode_before_header":"","ocean_shortcode_after_header":"","ocean_has_shortcode":"","ocean_shortcode_after_title":"","ocean_shortcode_before_footer_widgets":"","ocean_shortcode_after_footer_widgets":"","ocean_shortcode_before_footer_bottom":"","ocean_shortcode_after_footer_bottom":"","ocean_display_top_bar":"default","ocean_display_header":"default","ocean_header_style":"","ocean_center_header_left_menu":"0","ocean_custom_header_template":"0","ocean_custom_logo":0,"ocean_custom_retina_logo":0,"ocean_custom_logo_max_width":0,"ocean_custom_logo_tablet_max_width":0,"ocean_custom_logo_mobile_max_width":0,"ocean_custom_logo_max_height":0,"ocean_custom_logo_tablet_max_height":0,"ocean_custom_logo_mobile_max_height":0,"ocean_header_custom_menu":"0","ocean_menu_typo_font_family":"0","ocean_menu_typo_font_subset":"","ocean_menu_typo_font_size":0,"ocean_menu_typo_font_size_tablet":0,"ocean_menu_typo_font_size_mobile":0,"ocean_menu_typo_font_size_unit":"px","ocean_menu_typo_font_weight":"","ocean_menu_typo_font_weight_tablet":"","ocean_menu_typo_font_weight_mobile":"","ocean_menu_typo_transform":"","ocean_menu_typo_transform_tablet":"","ocean_menu_typo_transform_mobile":"","ocean_menu_typo_line_height":0,"ocean_menu_typo_line_height_tablet":0,"ocean_menu_typo_line_height_mobile":0,"ocean_menu_typo_line_height_unit":"","ocean_menu_typo_spacing":0,"ocean_menu_typo_spacing_tablet":0,"ocean_menu_typo_spacing_mobile":0,"ocean_menu_typo_spacing_unit":"","ocean_menu_link_color":"","ocean_menu_link_color_hover":"","ocean_menu_link_color_active":"","ocean_menu_link_background":"","ocean_menu_link_hover_background":"","ocean_menu_link_active_background":"","ocean_menu_social_links_bg":"","ocean_menu_social_hover_links_bg":"","ocean_menu_social_links_color":"","ocean_menu_social_hover_links_color":"","ocean_disable_title":"on","ocean_disable_heading":"default","ocean_post_title":"","ocean_post_subheading":"","ocean_post_title_style":"","ocean_post_title_background_color":"","ocean_post_title_background":0,"ocean_post_title_bg_image_position":"","ocean_post_title_bg_image_attachment":"","ocean_post_title_bg_image_repeat":"","ocean_post_title_bg_image_size":"","ocean_post_title_height":0,"ocean_post_title_bg_overlay":0.5,"ocean_post_title_bg_overlay_color":"","ocean_disable_breadcrumbs":"default","ocean_breadcrumbs_color":"","ocean_breadcrumbs_separator_color":"","ocean_breadcrumbs_links_color":"","ocean_breadcrumbs_links_hover_color":"","ocean_display_footer_widgets":"default","ocean_display_footer_bottom":"default","ocean_custom_footer_template":"0","footnotes":""},"class_list":["post-11137","page","type-page","status-publish","hentry","entry"],"_links":{"self":[{"href":"https:\/\/litteraturbanken.se\/skolan\/wp-json\/wp\/v2\/pages\/11137","targetHints":{"allow":["GET"]}}],"collection":[{"href":"https:\/\/litteraturbanken.se\/skolan\/wp-json\/wp\/v2\/pages"}],"about":[{"href":"https:\/\/litteraturbanken.se\/skolan\/wp-json\/wp\/v2\/types\/page"}],"author":[{"embeddable":true,"href":"https:\/\/litteraturbanken.se\/skolan\/wp-json\/wp\/v2\/users\/5"}],"replies":[{"embeddable":true,"href":"https:\/\/litteraturbanken.se\/skolan\/wp-json\/wp\/v2\/comments?post=11137"}],"version-history":[{"count":20,"href":"https:\/\/litteraturbanken.se\/skolan\/wp-json\/wp\/v2\/pages\/11137\/revisions"}],"predecessor-version":[{"id":20995,"href":"https:\/\/litteraturbanken.se\/skolan\/wp-json\/wp\/v2\/pages\/11137\/revisions\/20995"}],"wp:attachment":[{"href":"https:\/\/litteraturbanken.se\/skolan\/wp-json\/wp\/v2\/media?parent=11137"}],"curies":[{"name":"wp","href":"https:\/\/api.w.org\/{rel}","templated":true}]}}