{"id":11223,"date":"2018-12-29T14:22:36","date_gmt":"2018-12-29T13:22:36","guid":{"rendered":"https:\/\/litteraturbanken.se\/skoladev\/?page_id=11223"},"modified":"2020-03-01T17:07:06","modified_gmt":"2020-03-01T16:07:06","slug":"poesi-forfattare-johan-ludvig-runeberg-till-en-fagel","status":"publish","type":"page","link":"https:\/\/litteraturbanken.se\/skolan\/poesi-forfattare-johan-ludvig-runeberg-till-en-fagel\/","title":{"rendered":"Poesi\/F\u00f6rfattare\/Johan Ludvig Runeberg\/Till en f\u00e5gel"},"content":{"rendered":"\t\t<div data-elementor-type=\"wp-post\" data-elementor-id=\"11223\" class=\"elementor elementor-11223\">\n\t\t\t\t\t\t<section class=\"elementor-section elementor-top-section elementor-element elementor-element-8816796 elementor-section-boxed elementor-section-height-default elementor-section-height-default\" data-id=\"8816796\" data-element_type=\"section\" data-e-type=\"section\">\n\t\t\t\t\t\t<div class=\"elementor-container elementor-column-gap-default\">\n\t\t\t\t\t<div class=\"elementor-column elementor-col-100 elementor-top-column elementor-element elementor-element-24f24b1\" data-id=\"24f24b1\" data-element_type=\"column\" data-e-type=\"column\">\n\t\t\t<div class=\"elementor-widget-wrap elementor-element-populated\">\n\t\t\t\t\t\t<div class=\"elementor-element elementor-element-22c4511 elementor-widget elementor-widget-spacer\" data-id=\"22c4511\" data-element_type=\"widget\" data-e-type=\"widget\" data-widget_type=\"spacer.default\">\n\t\t\t\t<div class=\"elementor-widget-container\">\n\t\t\t\t\t\t\t<div class=\"elementor-spacer\">\n\t\t\t<div class=\"elementor-spacer-inner\"><\/div>\n\t\t<\/div>\n\t\t\t\t\t\t<\/div>\n\t\t\t\t<\/div>\n\t\t\t\t\t<\/div>\n\t\t<\/div>\n\t\t\t\t\t<\/div>\n\t\t<\/section>\n\t\t\t\t<section class=\"elementor-section elementor-inner-section elementor-element elementor-element-82a3757 elementor-section-boxed elementor-section-height-default elementor-section-height-default\" data-id=\"82a3757\" data-element_type=\"section\" data-e-type=\"section\">\n\t\t\t\t\t\t<div class=\"elementor-container elementor-column-gap-default\">\n\t\t\t\t\t<div class=\"elementor-column elementor-col-66 elementor-inner-column elementor-element elementor-element-309b1af\" data-id=\"309b1af\" data-element_type=\"column\" data-e-type=\"column\" data-settings=\"{&quot;background_background&quot;:&quot;classic&quot;}\">\n\t\t\t<div class=\"elementor-widget-wrap elementor-element-populated\">\n\t\t\t\t\t\t<div class=\"elementor-element elementor-element-8d689fc elementor-widget elementor-widget-heading\" data-id=\"8d689fc\" data-element_type=\"widget\" data-e-type=\"widget\" data-widget_type=\"heading.default\">\n\t\t\t\t<div class=\"elementor-widget-container\">\n\t\t\t\t\t<h2 class=\"elementor-heading-title elementor-size-default\">Till en f\u00e5gel<\/h2>\t\t\t\t<\/div>\n\t\t\t\t<\/div>\n\t\t\t\t<div class=\"elementor-element elementor-element-a10844e elementor-widget elementor-widget-text-editor\" data-id=\"a10844e\" data-element_type=\"widget\" data-e-type=\"widget\" data-widget_type=\"text-editor.default\">\n\t\t\t\t<div class=\"elementor-widget-container\">\n\t\t\t\t\t\t\t\t\t<p>Av <a href=\"https:\/\/litteraturbanken.se\/skolan\/?page_id=142&amp;preview_nonce=5893baa4b1\"><em>Johan Ludvig Runeberg<\/em><\/a><\/p>\t\t\t\t\t\t\t\t<\/div>\n\t\t\t\t<\/div>\n\t\t\t\t<div class=\"elementor-element elementor-element-f6358bb elementor-widget elementor-widget-text-editor\" data-id=\"f6358bb\" data-element_type=\"widget\" data-e-type=\"widget\" data-widget_type=\"text-editor.default\">\n\t\t\t\t<div class=\"elementor-widget-container\">\n\t\t\t\t\t\t\t\t\t<p><strong>Ur:<\/strong> <em>Dikter\u00a0<\/em>(1998)<span style=\"font-size: 15px; letter-spacing: 0.6px;\">\u00a0\u00a0<\/span><strong>\u00c5rskurs<\/strong>:\u00a0F\u20133,\u00a04\u20136 <strong>\u00a0Tema<\/strong>:\u00a0Sommar<\/p>\t\t\t\t\t\t\t\t<\/div>\n\t\t\t\t<\/div>\n\t\t\t\t<div class=\"elementor-element elementor-element-068cc2a elementor-widget elementor-widget-text-editor\" data-id=\"068cc2a\" data-element_type=\"widget\" data-e-type=\"widget\" data-widget_type=\"text-editor.default\">\n\t\t\t\t<div class=\"elementor-widget-container\">\n\t\t\t\t\t\t\t\t\t<p>S\u00e4g\u00a0mig,\u00a0du\u00a0lilla\u00a0f\u00e5gel,<br \/>d\u00e4r\u00a0mellan\u00a0almens\u00a0blad,<br \/>hur\u00a0kan\u00a0du\u00a0st\u00e4ndigt\u00a0sjunga,<br \/>och\u00a0st\u00e4ndigt\u00a0vara\u00a0glad?<br \/>Jag\u00a0h\u00f6r\u00a0din\u00a0r\u00f6st\u00a0var\u00a0morgon,<br \/>jag\u00a0h\u00f6r\u00a0den\u00a0varje\u00a0kv\u00e4ll,<br \/>men\u00a0lika\u00a0ren\u00a0\u00e4r\u00a0st\u00e4mman<br \/>och\u00a0tonen\u00a0lika\u00a0s\u00e4ll.<\/p><p>Ditt\u00a0f\u00f6rr\u00e5d\u00a0\u00e4r\u00a0s\u00e5\u00a0ringa,<br \/>din\u00a0boning\u00a0\u00e4r\u00a0s\u00e5\u00a0tr\u00e5ng,<br \/>dock\u00a0ser\u00a0du\u00a0mot\u00a0din\u00a0hydda,<br \/>och\u00a0sjunger\u00a0varje\u00a0g\u00e5ng.<br \/>Du\u00a0samlar\u00a0inga\u00a0sk\u00f6rdar,<br \/>och\u00a0inga\u00a0kan\u00a0du\u00a0s\u00e5,<br \/>du\u00a0vet\u00a0ej\u00a0morgondagen<br \/>och\u00a0\u00e4r\u00a0s\u00e5\u00a0n\u00f6jd\u00a0\u00e4nd\u00e5.<\/p><p>Hur\u00a0ges\u00a0det\u00a0icke\u00a0m\u00e5ngen,<br \/>som\u00a0gods\u00a0och\u00a0h\u00e5vor\u00a0f\u00e5tt,<br \/>som\u00a0land\u00a0och\u00a0riken\u00a0\u00e4ger,<br \/>och\u00a0bor\u00a0i\u00a0gyllne\u00a0slott;<br \/>men\u00a0h\u00e4lsar\u00a0dock\u00a0med\u00a0suckar<br \/>och\u00a0t\u00e5rbegjuten\u00a0blick<br \/>den\u00a0sol,\u00a0vars\u00a0uppg\u00e5ngs\u00a0timma<br \/>nu\u00a0nyss\u00a0din\u00a0lovs\u00e5ng\u00a0fick!<\/p><p>Hur\u00a0skulle\u00a0icke\u00a0m\u00e4nskan<br \/>din\u00a0ringa\u00a0lott\u00a0f\u00f6rsm\u00e5,<br \/>och\u00a0hon\u00a0den\u00a0otacksamma<br \/>\u00e4r\u00a0mindre\u00a0n\u00f6jd\u00a0\u00e4nd\u00e5.<br \/>Ditt\u00a0sp\u00e4da\u00a0hj\u00e4rta\u00a0krossa,<br \/>det\u00a0stode\u00a0henne\u00a0fritt;<br \/>dock\u00a0prisar\u00a0du\u00a0ditt\u00a0\u00f6de,<br \/>och\u00a0hon\u00a0f\u00f6rbannar\u00a0sitt.<\/p><p>Vi\u00a0blickar\u00a0hon\u00a0mot\u00a0h\u00f6jden<br \/>s\u00e5\u00a0knotande,\u00a0s\u00e5\u00a0kallt?<br \/>Vad\u00a0\u00e4gde\u00a0hon\u00a0att\u00a0fordra<br \/>d\u00e5\u00a0Skaparen\u00a0gav\u00a0allt?<br \/>D\u00e5\u00a0jordens\u00a0gl\u00e4dje\u00a0ligger<br \/>f\u00f6r\u00a0hennes\u00a0f\u00f6tter\u00a0ner,<br \/>vi\u00a0ser\u00a0hon\u00a0stolt\u00a0p\u00e5\u00a0slaven<br \/>och\u00a0suckar\u00a0efter\u00a0mer?<\/p><p>Nej!\u00a0sjung\u00a0du,\u00a0lilla\u00a0f\u00e5gel,<br \/>om\u00a0njutning\u00a0varje\u00a0g\u00e5ng,<br \/>och\u00a0aldrig\u00a0skall\u00a0jag\u00a0blanda<br \/>en\u00a0klagan\u00a0med\u00a0din\u00a0s\u00e5ng.<br \/>Kom,\u00a0bygg\u00a0ditt\u00a0bo\u00a0var\u00a0sommar<br \/>invid\u00a0mitt\u00a0tj\u00e4ll\u00a0\u00e4nnu,<br \/>och\u00a0l\u00e4r\u00a0mig\u00a0kv\u00e4ll\u00a0och\u00a0morgon<br \/>att\u00a0vara\u00a0s\u00e4ll\u00a0som\u00a0du.<\/p>\t\t\t\t\t\t\t\t<\/div>\n\t\t\t\t<\/div>\n\t\t\t\t\t<\/div>\n\t\t<\/div>\n\t\t\t\t<div class=\"elementor-column elementor-col-33 elementor-inner-column elementor-element elementor-element-4eb11b7\" data-id=\"4eb11b7\" data-element_type=\"column\" data-e-type=\"column\">\n\t\t\t<div class=\"elementor-widget-wrap elementor-element-populated\">\n\t\t\t\t\t\t<div class=\"elementor-element elementor-element-7dbab39 elementor-widget elementor-widget-wp-widget-media_audio\" data-id=\"7dbab39\" data-element_type=\"widget\" data-e-type=\"widget\" data-widget_type=\"wp-widget-media_audio.default\">\n\t\t\t\t<div class=\"elementor-widget-container\">\n\t\t\t\t\t<h5>Anna Nordlund l\u00e4ser \u201dTill en f\u00e5gel\u201d av Johan Ludvig Runeberg.<\/h5><audio class=\"wp-audio-shortcode\" id=\"audio-11223-1\" preload=\"none\" style=\"width: 100%;\" controls=\"controls\"><source type=\"audio\/mpeg\" src=\"https:\/\/litteraturbanken.se\/skolan\/wp-content\/uploads\/2019\/03\/runeberg_tillenfagel_nordlund.mp3?_=1\" \/><source type=\"audio\/mpeg\" src=\"https:\/\/litteraturbanken.se\/skolan\/wp-content\/uploads\/2019\/03\/runeberg_tillenfagel_nordlund.mp3?_=1\" \/><a href=\"https:\/\/litteraturbanken.se\/skolan\/wp-content\/uploads\/2019\/03\/runeberg_tillenfagel_nordlund.mp3\">https:\/\/litteraturbanken.se\/skolan\/wp-content\/uploads\/2019\/03\/runeberg_tillenfagel_nordlund.mp3<\/a><\/audio>\t\t\t\t<\/div>\n\t\t\t\t<\/div>\n\t\t\t\t<div class=\"elementor-element elementor-element-1ea1326 elementor-icon-list--layout-traditional elementor-list-item-link-full_width elementor-widget elementor-widget-icon-list\" data-id=\"1ea1326\" data-element_type=\"widget\" data-e-type=\"widget\" data-widget_type=\"icon-list.default\">\n\t\t\t\t<div class=\"elementor-widget-container\">\n\t\t\t\t\t\t\t<ul class=\"elementor-icon-list-items\">\n\t\t\t\t\t\t\t<li class=\"elementor-icon-list-item\">\n\t\t\t\t\t\t\t\t\t\t\t<a href=\"https:\/\/litteraturbanken.se\/forfattare\/RunebergJL\/titlar\/Dikter\/sida\/19\/etext\" target=\"_blank\">\n\n\t\t\t\t\t\t\t\t\t\t\t\t<span class=\"elementor-icon-list-icon\">\n\t\t\t\t\t\t\t\t\t\t\t\t\t\t\t\t<i class=\"fa fa-file-text-o\" aria-hidden=\"true\"><\/i>\n\t\t\t\t\t\t\t\t\t\t\t\t\t<\/span>\n\t\t\t\t\t\t\t\t\t\t<span class=\"elementor-icon-list-text\">L\u00e4s dikten p\u00e5 Litteraturbanken<\/span>\n\t\t\t\t\t\t\t\t\t\t\t<\/a>\n\t\t\t\t\t\t\t\t\t<\/li>\n\t\t\t\t\t\t\t\t<li class=\"elementor-icon-list-item\">\n\t\t\t\t\t\t\t\t\t\t\t<a href=\"https:\/\/litteraturbanken.se\/skolan\/?page_id=261\" target=\"_blank\">\n\n\t\t\t\t\t\t\t\t\t\t\t\t<span class=\"elementor-icon-list-icon\">\n\t\t\t\t\t\t\t\t\t\t\t\t\t\t\t\t<i class=\"fa fa-file-text-o\" aria-hidden=\"true\"><\/i>\n\t\t\t\t\t\t\t\t\t\t\t\t\t<\/span>\n\t\t\t\t\t\t\t\t\t\t<span class=\"elementor-icon-list-text\">Termer och begrepp<\/span>\n\t\t\t\t\t\t\t\t\t\t\t<\/a>\n\t\t\t\t\t\t\t\t\t<\/li>\n\t\t\t\t\t\t<\/ul>\n\t\t\t\t\t\t<\/div>\n\t\t\t\t<\/div>\n\t\t\t\t<div class=\"elementor-element elementor-element-ec96792 elementor-align-center elementor-widget elementor-widget-button\" data-id=\"ec96792\" data-element_type=\"widget\" data-e-type=\"widget\" data-widget_type=\"button.default\">\n\t\t\t\t<div class=\"elementor-widget-container\">\n\t\t\t\t\t\t\t\t\t<div class=\"elementor-button-wrapper\">\n\t\t\t\t\t<a class=\"elementor-button elementor-button-link elementor-size-md elementor-animation-grow\" href=\"#uppgiftF-3\">\n\t\t\t\t\t\t<span class=\"elementor-button-content-wrapper\">\n\t\t\t\t\t\t<span class=\"elementor-button-icon\">\n\t\t\t\t\t\t\t\t\t<i class=\"fa fa-pencil\" aria-hidden=\"true\"><\/i>\n\t\t\t\t\t\t\t<\/span>\n\t\t\t\t\t\t\t\t\t<span class=\"elementor-button-text\">Uppgift, \u00e5k F\u20133<\/span>\n\t\t\t\t\t<\/span>\n\t\t\t\t\t<\/a>\n\t\t\t\t<\/div>\n\t\t\t\t\t\t\t\t<\/div>\n\t\t\t\t<\/div>\n\t\t\t\t<div class=\"elementor-element elementor-element-ead62e3 elementor-align-center elementor-widget elementor-widget-button\" data-id=\"ead62e3\" data-element_type=\"widget\" data-e-type=\"widget\" data-widget_type=\"button.default\">\n\t\t\t\t<div class=\"elementor-widget-container\">\n\t\t\t\t\t\t\t\t\t<div class=\"elementor-button-wrapper\">\n\t\t\t\t\t<a class=\"elementor-button elementor-button-link elementor-size-md elementor-animation-grow\" href=\"#uppgift4-6\">\n\t\t\t\t\t\t<span class=\"elementor-button-content-wrapper\">\n\t\t\t\t\t\t<span class=\"elementor-button-icon\">\n\t\t\t\t\t\t\t\t\t<i class=\"fa fa-pencil\" aria-hidden=\"true\"><\/i>\n\t\t\t\t\t\t\t<\/span>\n\t\t\t\t\t\t\t\t\t<span class=\"elementor-button-text\">Uppgift, \u00e5k 4\u20136<\/span>\n\t\t\t\t\t<\/span>\n\t\t\t\t\t<\/a>\n\t\t\t\t<\/div>\n\t\t\t\t\t\t\t\t<\/div>\n\t\t\t\t<\/div>\n\t\t\t\t<div class=\"elementor-element elementor-element-fedb67e elementor-widget elementor-widget-image\" data-id=\"fedb67e\" data-element_type=\"widget\" data-e-type=\"widget\" data-widget_type=\"image.default\">\n\t\t\t\t<div class=\"elementor-widget-container\">\n\t\t\t\t\t\t\t\t\t\t\t\t\t\t\t<img fetchpriority=\"high\" decoding=\"async\" width=\"300\" height=\"300\" src=\"https:\/\/litteraturbanken.se\/skolan\/wp-content\/uploads\/2019\/03\/lb_skolan_2019_knapp_f\u00f6rfattarbild_runeberg_r\u00f6d-e1553013294765.jpg\" class=\"attachment-full size-full wp-image-13774\" alt=\"\" \/>\t\t\t\t\t\t\t\t\t\t\t\t\t\t\t<\/div>\n\t\t\t\t<\/div>\n\t\t\t\t\t<\/div>\n\t\t<\/div>\n\t\t\t\t\t<\/div>\n\t\t<\/section>\n\t\t\t\t<section class=\"elementor-section elementor-top-section elementor-element elementor-element-16942e0 elementor-section-boxed elementor-section-height-default elementor-section-height-default\" data-id=\"16942e0\" data-element_type=\"section\" data-e-type=\"section\">\n\t\t\t\t\t\t<div class=\"elementor-container elementor-column-gap-default\">\n\t\t\t\t\t<div class=\"elementor-column elementor-col-100 elementor-top-column elementor-element elementor-element-bdf09c3\" data-id=\"bdf09c3\" data-element_type=\"column\" data-e-type=\"column\">\n\t\t\t<div class=\"elementor-widget-wrap elementor-element-populated\">\n\t\t\t\t\t\t<div class=\"elementor-element elementor-element-a73f281 elementor-widget elementor-widget-spacer\" data-id=\"a73f281\" data-element_type=\"widget\" data-e-type=\"widget\" data-widget_type=\"spacer.default\">\n\t\t\t\t<div class=\"elementor-widget-container\">\n\t\t\t\t\t\t\t<div class=\"elementor-spacer\">\n\t\t\t<div class=\"elementor-spacer-inner\"><\/div>\n\t\t<\/div>\n\t\t\t\t\t\t<\/div>\n\t\t\t\t<\/div>\n\t\t\t\t\t<\/div>\n\t\t<\/div>\n\t\t\t\t\t<\/div>\n\t\t<\/section>\n\t\t\t\t<section class=\"elementor-section elementor-top-section elementor-element elementor-element-75f0964 elementor-section-boxed elementor-section-height-default elementor-section-height-default\" data-id=\"75f0964\" data-element_type=\"section\" data-e-type=\"section\">\n\t\t\t\t\t\t<div class=\"elementor-container elementor-column-gap-default\">\n\t\t\t\t\t<div class=\"elementor-column elementor-col-100 elementor-top-column elementor-element elementor-element-3fb3477\" data-id=\"3fb3477\" data-element_type=\"column\" data-e-type=\"column\" data-settings=\"{&quot;background_background&quot;:&quot;classic&quot;}\">\n\t\t\t<div class=\"elementor-widget-wrap elementor-element-populated\">\n\t\t\t\t\t\t<div class=\"elementor-element elementor-element-c5a6dd1 elementor-widget elementor-widget-menu-anchor\" data-id=\"c5a6dd1\" data-element_type=\"widget\" data-e-type=\"widget\" data-widget_type=\"menu-anchor.default\">\n\t\t\t\t<div class=\"elementor-widget-container\">\n\t\t\t\t\t\t\t<div class=\"elementor-menu-anchor\" id=\"uppgiftF-3\"><\/div>\n\t\t\t\t\t\t<\/div>\n\t\t\t\t<\/div>\n\t\t\t\t<section class=\"elementor-section elementor-inner-section elementor-element elementor-element-b2a1e49 elementor-section-boxed elementor-section-height-default elementor-section-height-default\" data-id=\"b2a1e49\" data-element_type=\"section\" data-e-type=\"section\">\n\t\t\t\t\t\t<div class=\"elementor-container elementor-column-gap-default\">\n\t\t\t\t\t<div class=\"elementor-column elementor-col-100 elementor-inner-column elementor-element elementor-element-7cad9c1\" data-id=\"7cad9c1\" data-element_type=\"column\" data-e-type=\"column\">\n\t\t\t<div class=\"elementor-widget-wrap elementor-element-populated\">\n\t\t\t\t\t\t<div class=\"elementor-element elementor-element-dbd4962 elementor-view-framed elementor-shape-circle elementor-widget elementor-widget-icon\" data-id=\"dbd4962\" data-element_type=\"widget\" data-e-type=\"widget\" data-widget_type=\"icon.default\">\n\t\t\t\t<div class=\"elementor-widget-container\">\n\t\t\t\t\t\t\t<div class=\"elementor-icon-wrapper\">\n\t\t\t<div class=\"elementor-icon\">\n\t\t\t\t\t\t\t<i class=\"fa fa-pencil\" aria-hidden=\"true\"><\/i>\n\t\t\t\t\t\t<\/div>\n\t\t<\/div>\n\t\t\t\t\t\t<\/div>\n\t\t\t\t<\/div>\n\t\t\t\t<div class=\"elementor-element elementor-element-081df15 elementor-widget elementor-widget-menu-anchor\" data-id=\"081df15\" data-element_type=\"widget\" data-e-type=\"widget\" data-widget_type=\"menu-anchor.default\">\n\t\t\t\t<div class=\"elementor-widget-container\">\n\t\t\t\t\t\t\t<div class=\"elementor-menu-anchor\" id=\"uppgift4-6\"><\/div>\n\t\t\t\t\t\t<\/div>\n\t\t\t\t<\/div>\n\t\t\t\t<div class=\"elementor-element elementor-element-5eb9751 elementor-widget elementor-widget-toggle\" data-id=\"5eb9751\" data-element_type=\"widget\" data-e-type=\"widget\" data-widget_type=\"toggle.default\">\n\t\t\t\t<div class=\"elementor-widget-container\">\n\t\t\t\t\t\t\t<div class=\"elementor-toggle\">\n\t\t\t\t\t\t\t<div class=\"elementor-toggle-item\">\n\t\t\t\t\t<div id=\"elementor-tab-title-9931\" class=\"elementor-tab-title\" data-tab=\"1\" role=\"button\" aria-controls=\"elementor-tab-content-9931\" aria-expanded=\"false\">\n\t\t\t\t\t\t\t\t\t\t\t\t<span class=\"elementor-toggle-icon elementor-toggle-icon-left\" aria-hidden=\"true\">\n\t\t\t\t\t\t\t\t\t\t\t\t\t\t\t<i class=\"elementor-toggle-icon-closed fa fa-chevron-right\"><\/i>\n\t\t\t\t\t\t\t\t<i class=\"elementor-toggle-icon-opened fa fa-chevron-down\"><\/i>\n\t\t\t\t\t\t\t\t\t\t\t\t\t<\/span>\n\t\t\t\t\t\t\t\t\t\t\t\t<a class=\"elementor-toggle-title\" tabindex=\"0\">\u00c5rskurs F\u20133<\/a>\n\t\t\t\t\t<\/div>\n\n\t\t\t\t\t<div id=\"elementor-tab-content-9931\" class=\"elementor-tab-content elementor-clearfix\" data-tab=\"1\" role=\"region\" aria-labelledby=\"elementor-tab-title-9931\"><h3>Samtala om dikten<\/h3><p>1 Vem \u00e4r jaget i denna dikt?<\/p><p>2 I dikten j\u00e4mf\u00f6rs m\u00e4nniskornas och f\u00e5glarnas liv. Vad tror ni att diktaren vill s\u00e4ga med denna dikt?<\/p><\/div>\n\t\t\t\t<\/div>\n\t\t\t\t\t\t\t\t<\/div>\n\t\t\t\t\t\t<\/div>\n\t\t\t\t<\/div>\n\t\t\t\t<div class=\"elementor-element elementor-element-0d5bd2b elementor-widget elementor-widget-toggle\" data-id=\"0d5bd2b\" data-element_type=\"widget\" data-e-type=\"widget\" data-widget_type=\"toggle.default\">\n\t\t\t\t<div class=\"elementor-widget-container\">\n\t\t\t\t\t\t\t<div class=\"elementor-toggle\">\n\t\t\t\t\t\t\t<div class=\"elementor-toggle-item\">\n\t\t\t\t\t<div id=\"elementor-tab-title-1401\" class=\"elementor-tab-title\" data-tab=\"1\" role=\"button\" aria-controls=\"elementor-tab-content-1401\" aria-expanded=\"false\">\n\t\t\t\t\t\t\t\t\t\t\t\t<span class=\"elementor-toggle-icon elementor-toggle-icon-left\" aria-hidden=\"true\">\n\t\t\t\t\t\t\t\t\t\t\t\t\t\t\t<i class=\"elementor-toggle-icon-closed fa fa-chevron-right\"><\/i>\n\t\t\t\t\t\t\t\t<i class=\"elementor-toggle-icon-opened fa fa-chevron-down\"><\/i>\n\t\t\t\t\t\t\t\t\t\t\t\t\t<\/span>\n\t\t\t\t\t\t\t\t\t\t\t\t<a class=\"elementor-toggle-title\" tabindex=\"0\">\u00c5rskurs 4\u20136<\/a>\n\t\t\t\t\t<\/div>\n\n\t\t\t\t\t<div id=\"elementor-tab-content-1401\" class=\"elementor-tab-content elementor-clearfix\" data-tab=\"1\" role=\"region\" aria-labelledby=\"elementor-tab-title-1401\"><h3>Samtala om dikten<\/h3><p>1 Vem \u00e4r jaget i denna dikt?<\/p><p>2 I dikten j\u00e4mf\u00f6rs m\u00e4nniskornas och f\u00e5glarnas liv. Vad tror ni att diktaren vill s\u00e4ga med denna dikt?<\/p><\/div>\n\t\t\t\t<\/div>\n\t\t\t\t\t\t\t\t<\/div>\n\t\t\t\t\t\t<\/div>\n\t\t\t\t<\/div>\n\t\t\t\t\t<\/div>\n\t\t<\/div>\n\t\t\t\t\t<\/div>\n\t\t<\/section>\n\t\t\t\t<div class=\"elementor-element elementor-element-a97b65f elementor-widget elementor-widget-spacer\" data-id=\"a97b65f\" data-element_type=\"widget\" data-e-type=\"widget\" data-widget_type=\"spacer.default\">\n\t\t\t\t<div class=\"elementor-widget-container\">\n\t\t\t\t\t\t\t<div class=\"elementor-spacer\">\n\t\t\t<div class=\"elementor-spacer-inner\"><\/div>\n\t\t<\/div>\n\t\t\t\t\t\t<\/div>\n\t\t\t\t<\/div>\n\t\t\t\t\t<\/div>\n\t\t<\/div>\n\t\t\t\t\t<\/div>\n\t\t<\/section>\n\t\t\t\t<section class=\"elementor-section elementor-top-section elementor-element elementor-element-a314feb elementor-section-boxed elementor-section-height-default elementor-section-height-default\" data-id=\"a314feb\" data-element_type=\"section\" data-e-type=\"section\">\n\t\t\t\t\t\t<div class=\"elementor-container elementor-column-gap-default\">\n\t\t\t\t\t<div class=\"elementor-column elementor-col-100 elementor-top-column elementor-element elementor-element-552301e\" data-id=\"552301e\" data-element_type=\"column\" data-e-type=\"column\">\n\t\t\t<div class=\"elementor-widget-wrap elementor-element-populated\">\n\t\t\t\t\t\t<div class=\"elementor-element elementor-element-dc34c05 elementor-widget elementor-widget-spacer\" data-id=\"dc34c05\" data-element_type=\"widget\" data-e-type=\"widget\" data-widget_type=\"spacer.default\">\n\t\t\t\t<div class=\"elementor-widget-container\">\n\t\t\t\t\t\t\t<div class=\"elementor-spacer\">\n\t\t\t<div class=\"elementor-spacer-inner\"><\/div>\n\t\t<\/div>\n\t\t\t\t\t\t<\/div>\n\t\t\t\t<\/div>\n\t\t\t\t\t<\/div>\n\t\t<\/div>\n\t\t\t\t\t<\/div>\n\t\t<\/section>\n\t\t\t\t<\/div>\n\t\t","protected":false},"excerpt":{"rendered":"<p>Till en f\u00e5gel Av Johan Ludvig Runeberg Ur: Dikter\u00a0(1998)\u00a0\u00a0\u00c5rskurs:\u00a0F\u20133,\u00a04\u20136 \u00a0Tema:\u00a0Sommar S\u00e4g\u00a0mig,\u00a0du\u00a0lilla\u00a0f\u00e5gel,d\u00e4r\u00a0mellan\u00a0almens\u00a0blad,hur\u00a0kan\u00a0du\u00a0st\u00e4ndigt\u00a0sjunga,och\u00a0st\u00e4ndigt\u00a0vara\u00a0glad?Jag\u00a0h\u00f6r\u00a0din\u00a0r\u00f6st\u00a0var\u00a0morgon,jag\u00a0h\u00f6r\u00a0den\u00a0varje\u00a0kv\u00e4ll,men\u00a0lika\u00a0ren\u00a0\u00e4r\u00a0st\u00e4mmanoch\u00a0tonen\u00a0lika\u00a0s\u00e4ll. Ditt\u00a0f\u00f6rr\u00e5d\u00a0\u00e4r\u00a0s\u00e5\u00a0ringa,din\u00a0boning\u00a0\u00e4r\u00a0s\u00e5\u00a0tr\u00e5ng,dock\u00a0ser\u00a0du\u00a0mot\u00a0din\u00a0hydda,och\u00a0sjunger\u00a0varje\u00a0g\u00e5ng.Du\u00a0samlar\u00a0inga\u00a0sk\u00f6rdar,och\u00a0inga\u00a0kan\u00a0du\u00a0s\u00e5,du\u00a0vet\u00a0ej\u00a0morgondagenoch\u00a0\u00e4r\u00a0s\u00e5\u00a0n\u00f6jd\u00a0\u00e4nd\u00e5. Hur\u00a0ges\u00a0det\u00a0icke\u00a0m\u00e5ngen,som\u00a0gods\u00a0och\u00a0h\u00e5vor\u00a0f\u00e5tt,som\u00a0land\u00a0och\u00a0riken\u00a0\u00e4ger,och\u00a0bor\u00a0i\u00a0gyllne\u00a0slott;men\u00a0h\u00e4lsar\u00a0dock\u00a0med\u00a0suckaroch\u00a0t\u00e5rbegjuten\u00a0blickden\u00a0sol,\u00a0vars\u00a0uppg\u00e5ngs\u00a0timmanu\u00a0nyss\u00a0din\u00a0lovs\u00e5ng\u00a0fick! Hur\u00a0skulle\u00a0icke\u00a0m\u00e4nskandin\u00a0ringa\u00a0lott\u00a0f\u00f6rsm\u00e5,och\u00a0hon\u00a0den\u00a0otacksamma\u00e4r\u00a0mindre\u00a0n\u00f6jd\u00a0\u00e4nd\u00e5.Ditt\u00a0sp\u00e4da\u00a0hj\u00e4rta\u00a0krossa,det\u00a0stode\u00a0henne\u00a0fritt;dock\u00a0prisar\u00a0du\u00a0ditt\u00a0\u00f6de,och\u00a0hon\u00a0f\u00f6rbannar\u00a0sitt. Vi\u00a0blickar\u00a0hon\u00a0mot\u00a0h\u00f6jdens\u00e5\u00a0knotande,\u00a0s\u00e5\u00a0kallt?Vad\u00a0\u00e4gde\u00a0hon\u00a0att\u00a0fordrad\u00e5\u00a0Skaparen\u00a0gav\u00a0allt?D\u00e5\u00a0jordens\u00a0gl\u00e4dje\u00a0liggerf\u00f6r\u00a0hennes\u00a0f\u00f6tter\u00a0ner,vi\u00a0ser\u00a0hon\u00a0stolt\u00a0p\u00e5\u00a0slavenoch\u00a0suckar\u00a0efter\u00a0mer? Nej!\u00a0sjung\u00a0du,\u00a0lilla\u00a0f\u00e5gel,om\u00a0njutning\u00a0varje\u00a0g\u00e5ng,och\u00a0aldrig\u00a0skall\u00a0jag\u00a0blandaen\u00a0klagan\u00a0med\u00a0din\u00a0s\u00e5ng.Kom,\u00a0bygg\u00a0ditt\u00a0bo\u00a0var\u00a0sommarinvid\u00a0mitt\u00a0tj\u00e4ll\u00a0\u00e4nnu,och\u00a0l\u00e4r\u00a0mig\u00a0kv\u00e4ll\u00a0och\u00a0morgonatt\u00a0vara\u00a0s\u00e4ll\u00a0som\u00a0du. L\u00e4s dikten p\u00e5 Litteraturbanken Termer och begrepp Uppgift, \u00e5k F\u20133 Uppgift, \u00e5k 4\u20136 \u00c5rskurs F\u20133 Samtala om dikten 1 Vem \u00e4r jaget i denna dikt? 2 I dikten j\u00e4mf\u00f6rs m\u00e4nniskornas och f\u00e5glarnas liv. Vad tror ni att diktaren vill [&hellip;]<\/p>\n","protected":false},"author":5,"featured_media":0,"parent":0,"menu_order":0,"comment_status":"closed","ping_status":"closed","template":"","meta":{"ocean_post_layout":"full-screen","ocean_both_sidebars_style":"","ocean_both_sidebars_content_width":0,"ocean_both_sidebars_sidebars_width":0,"ocean_sidebar":"0","ocean_second_sidebar":"0","ocean_disable_margins":"enable","ocean_add_body_class":"","ocean_shortcode_before_top_bar":"","ocean_shortcode_after_top_bar":"","ocean_shortcode_before_header":"","ocean_shortcode_after_header":"","ocean_has_shortcode":"","ocean_shortcode_after_title":"","ocean_shortcode_before_footer_widgets":"","ocean_shortcode_after_footer_widgets":"","ocean_shortcode_before_footer_bottom":"","ocean_shortcode_after_footer_bottom":"","ocean_display_top_bar":"default","ocean_display_header":"default","ocean_header_style":"","ocean_center_header_left_menu":"0","ocean_custom_header_template":"0","ocean_custom_logo":0,"ocean_custom_retina_logo":0,"ocean_custom_logo_max_width":0,"ocean_custom_logo_tablet_max_width":0,"ocean_custom_logo_mobile_max_width":0,"ocean_custom_logo_max_height":0,"ocean_custom_logo_tablet_max_height":0,"ocean_custom_logo_mobile_max_height":0,"ocean_header_custom_menu":"0","ocean_menu_typo_font_family":"0","ocean_menu_typo_font_subset":"","ocean_menu_typo_font_size":0,"ocean_menu_typo_font_size_tablet":0,"ocean_menu_typo_font_size_mobile":0,"ocean_menu_typo_font_size_unit":"px","ocean_menu_typo_font_weight":"","ocean_menu_typo_font_weight_tablet":"","ocean_menu_typo_font_weight_mobile":"","ocean_menu_typo_transform":"","ocean_menu_typo_transform_tablet":"","ocean_menu_typo_transform_mobile":"","ocean_menu_typo_line_height":0,"ocean_menu_typo_line_height_tablet":0,"ocean_menu_typo_line_height_mobile":0,"ocean_menu_typo_line_height_unit":"","ocean_menu_typo_spacing":0,"ocean_menu_typo_spacing_tablet":0,"ocean_menu_typo_spacing_mobile":0,"ocean_menu_typo_spacing_unit":"","ocean_menu_link_color":"","ocean_menu_link_color_hover":"","ocean_menu_link_color_active":"","ocean_menu_link_background":"","ocean_menu_link_hover_background":"","ocean_menu_link_active_background":"","ocean_menu_social_links_bg":"","ocean_menu_social_hover_links_bg":"","ocean_menu_social_links_color":"","ocean_menu_social_hover_links_color":"","ocean_disable_title":"on","ocean_disable_heading":"default","ocean_post_title":"","ocean_post_subheading":"","ocean_post_title_style":"","ocean_post_title_background_color":"","ocean_post_title_background":0,"ocean_post_title_bg_image_position":"","ocean_post_title_bg_image_attachment":"","ocean_post_title_bg_image_repeat":"","ocean_post_title_bg_image_size":"","ocean_post_title_height":0,"ocean_post_title_bg_overlay":0.5,"ocean_post_title_bg_overlay_color":"","ocean_disable_breadcrumbs":"default","ocean_breadcrumbs_color":"","ocean_breadcrumbs_separator_color":"","ocean_breadcrumbs_links_color":"","ocean_breadcrumbs_links_hover_color":"","ocean_display_footer_widgets":"default","ocean_display_footer_bottom":"default","ocean_custom_footer_template":"0","footnotes":""},"class_list":["post-11223","page","type-page","status-publish","hentry","entry"],"_links":{"self":[{"href":"https:\/\/litteraturbanken.se\/skolan\/wp-json\/wp\/v2\/pages\/11223","targetHints":{"allow":["GET"]}}],"collection":[{"href":"https:\/\/litteraturbanken.se\/skolan\/wp-json\/wp\/v2\/pages"}],"about":[{"href":"https:\/\/litteraturbanken.se\/skolan\/wp-json\/wp\/v2\/types\/page"}],"author":[{"embeddable":true,"href":"https:\/\/litteraturbanken.se\/skolan\/wp-json\/wp\/v2\/users\/5"}],"replies":[{"embeddable":true,"href":"https:\/\/litteraturbanken.se\/skolan\/wp-json\/wp\/v2\/comments?post=11223"}],"version-history":[{"count":17,"href":"https:\/\/litteraturbanken.se\/skolan\/wp-json\/wp\/v2\/pages\/11223\/revisions"}],"predecessor-version":[{"id":20277,"href":"https:\/\/litteraturbanken.se\/skolan\/wp-json\/wp\/v2\/pages\/11223\/revisions\/20277"}],"wp:attachment":[{"href":"https:\/\/litteraturbanken.se\/skolan\/wp-json\/wp\/v2\/media?parent=11223"}],"curies":[{"name":"wp","href":"https:\/\/api.w.org\/{rel}","templated":true}]}}