{"id":11781,"date":"2019-01-17T23:47:20","date_gmt":"2019-01-17T22:47:20","guid":{"rendered":"https:\/\/litteraturbanken.se\/skoladev\/?page_id=11781"},"modified":"2020-06-22T13:56:00","modified_gmt":"2020-06-22T11:56:00","slug":"poesi-forfattare-erik-johan-stagnelius-amanda","status":"publish","type":"page","link":"https:\/\/litteraturbanken.se\/skolan\/poesi-forfattare-erik-johan-stagnelius-amanda\/","title":{"rendered":"Poesi\/F\u00f6rfattare\/Erik Johan Stagnelius\/Amanda"},"content":{"rendered":"\t\t<div data-elementor-type=\"wp-post\" data-elementor-id=\"11781\" class=\"elementor elementor-11781\">\n\t\t\t\t\t\t<section class=\"elementor-section elementor-top-section elementor-element elementor-element-67f2591 elementor-section-boxed elementor-section-height-default elementor-section-height-default\" data-id=\"67f2591\" data-element_type=\"section\" data-e-type=\"section\">\n\t\t\t\t\t\t<div class=\"elementor-container elementor-column-gap-default\">\n\t\t\t\t\t<div class=\"elementor-column elementor-col-100 elementor-top-column elementor-element elementor-element-77762b9\" data-id=\"77762b9\" data-element_type=\"column\" data-e-type=\"column\">\n\t\t\t<div class=\"elementor-widget-wrap elementor-element-populated\">\n\t\t\t\t\t\t<div class=\"elementor-element elementor-element-2bfcc27 elementor-widget elementor-widget-spacer\" data-id=\"2bfcc27\" data-element_type=\"widget\" data-e-type=\"widget\" data-widget_type=\"spacer.default\">\n\t\t\t\t<div class=\"elementor-widget-container\">\n\t\t\t\t\t\t\t<div class=\"elementor-spacer\">\n\t\t\t<div class=\"elementor-spacer-inner\"><\/div>\n\t\t<\/div>\n\t\t\t\t\t\t<\/div>\n\t\t\t\t<\/div>\n\t\t\t\t\t<\/div>\n\t\t<\/div>\n\t\t\t\t\t<\/div>\n\t\t<\/section>\n\t\t\t\t<section class=\"elementor-section elementor-inner-section elementor-element elementor-element-99efeb6 elementor-section-boxed elementor-section-height-default elementor-section-height-default\" data-id=\"99efeb6\" data-element_type=\"section\" data-e-type=\"section\">\n\t\t\t\t\t\t<div class=\"elementor-container elementor-column-gap-default\">\n\t\t\t\t\t<div class=\"elementor-column elementor-col-66 elementor-inner-column elementor-element elementor-element-49d79e7\" data-id=\"49d79e7\" data-element_type=\"column\" data-e-type=\"column\" data-settings=\"{&quot;background_background&quot;:&quot;classic&quot;}\">\n\t\t\t<div class=\"elementor-widget-wrap elementor-element-populated\">\n\t\t\t\t\t\t<div class=\"elementor-element elementor-element-c58208b elementor-widget elementor-widget-heading\" data-id=\"c58208b\" data-element_type=\"widget\" data-e-type=\"widget\" data-widget_type=\"heading.default\">\n\t\t\t\t<div class=\"elementor-widget-container\">\n\t\t\t\t\t<h2 class=\"elementor-heading-title elementor-size-default\">Amanda<\/h2>\t\t\t\t<\/div>\n\t\t\t\t<\/div>\n\t\t\t\t<div class=\"elementor-element elementor-element-117d980 elementor-widget elementor-widget-text-editor\" data-id=\"117d980\" data-element_type=\"widget\" data-e-type=\"widget\" data-widget_type=\"text-editor.default\">\n\t\t\t\t<div class=\"elementor-widget-container\">\n\t\t\t\t\t\t\t\t\t<p>Av\u00a0<em><a href=\"https:\/\/litteraturbanken.se\/skolan\/?page_id=8981&amp;preview_nonce=87c4a6883e\">Erik Johan Stagnelius<\/a><\/em><\/p>\t\t\t\t\t\t\t\t<\/div>\n\t\t\t\t<\/div>\n\t\t\t\t<div class=\"elementor-element elementor-element-46e27b2 elementor-widget elementor-widget-text-editor\" data-id=\"46e27b2\" data-element_type=\"widget\" data-e-type=\"widget\" data-widget_type=\"text-editor.default\">\n\t\t\t\t<div class=\"elementor-widget-container\">\n\t\t\t\t\t\t\t\t\t<p><strong>Ur:<\/strong>\u00a0<em>Samlade skrifter I\u00a0<\/em>(1965)<span style=\"font-size: 15px; letter-spacing: 0.6px;\">\u00a0 \u00a0<\/span><strong>\u00c5rskurs<\/strong>:\u00a0Gymnasium \u00a0 <strong>Tema:<\/strong> Olycklig k\u00e4rlek \u00a0<\/p>\t\t\t\t\t\t\t\t<\/div>\n\t\t\t\t<\/div>\n\t\t\t\t<div class=\"elementor-element elementor-element-38cee8d elementor-widget elementor-widget-text-editor\" data-id=\"38cee8d\" data-element_type=\"widget\" data-e-type=\"widget\" data-widget_type=\"text-editor.default\">\n\t\t\t\t<div class=\"elementor-widget-container\">\n\t\t\t\t\t\t\t\t\t<div class=\"_lg\"><div class=\"_l\"><p>I\u00a0blomman,\u00a0i\u00a0Solen<br \/>Amanda\u00a0jag\u00a0ser.<br \/>Kring\u00a0jorden,\u00a0kring\u00a0polen<br \/>Hon\u00a0str\u00e5lar,\u00a0hon\u00a0ler.<br \/>I\u00a0rosornas\u00a0anda,<br \/>I\u00a0v\u00e5rvindens\u00a0pust,<br \/>I\u00a0druvornas\u00a0must<br \/>Jag\u00a0k\u00e4nner\u00a0Amanda.<br \/><br \/>N\u00e4r\u00a0gullharpan\u00a0klingar,<br \/>N\u00e4r\u00a0V\u00e4stan\u00a0sig\u00a0r\u00f6r<br \/>Med\u00a0susande\u00a0vingar,<br \/>Amanda\u00a0jag\u00a0h\u00f6r.<br \/>Allt,\u00a0\u00c4ngel,\u00a0bestr\u00e5lar<br \/>Din\u00a0himlagestalt,<br \/>Lik\u00a0Skaparns\u00a0i\u00a0allt<br \/>Din\u00a0gudom\u00a0sig\u00a0m\u00e5lar.<br \/><br \/>Se!\u00a0sj\u00e4larne\u00a0ila,<br \/>Vid\u00a0d\u00f6d\u00e4ngelns\u00a0bud,<br \/>Till\u00a0gyllene\u00a0vila<br \/>I\u00a0famnen\u00a0av\u00a0Gud.<br \/>Se!\u00a0floderna\u00a0hasta<br \/>Med\u00a0skummande\u00a0fart.<br \/>I\u00a0havet\u00a0de\u00a0snart<br \/>Sig\u00a0d\u00e5nande\u00a0kasta.<br \/><br \/>Men\u00a0aldrig\u00a0min\u00a0tr\u00e5nad<br \/>Till\u00a0m\u00e5let\u00a0skall\u00a0n\u00e5.<br \/>Blek,\u00a0suckande,\u00a0h\u00e5nad,<br \/>Jag\u00a0enslig\u00a0skall\u00a0g\u00e5,<br \/>Skall\u00a0evigt,\u00a0Gudinna!<br \/>Lik\u00a0stj\u00e4rnan\u00a0dig\u00a0se<br \/>H\u00f6gt\u00a0\u00f6ver\u00a0mig\u00a0le<br \/>Och\u00a0aldrig\u00a0dig\u00a0hinna.<\/p><\/div><\/div>\t\t\t\t\t\t\t\t<\/div>\n\t\t\t\t<\/div>\n\t\t\t\t\t<\/div>\n\t\t<\/div>\n\t\t\t\t<div class=\"elementor-column elementor-col-33 elementor-inner-column elementor-element elementor-element-38e1e88\" data-id=\"38e1e88\" data-element_type=\"column\" data-e-type=\"column\">\n\t\t\t<div class=\"elementor-widget-wrap elementor-element-populated\">\n\t\t\t\t\t\t<div class=\"elementor-element elementor-element-0e243d4 elementor-widget elementor-widget-wp-widget-media_audio\" data-id=\"0e243d4\" data-element_type=\"widget\" data-e-type=\"widget\" data-widget_type=\"wp-widget-media_audio.default\">\n\t\t\t\t<div class=\"elementor-widget-container\">\n\t\t\t\t\t<h5>Dan Berglund l\u00e4ser &#8221;Amanda&#8221; av Erik Johan Stagnelius<\/h5><audio class=\"wp-audio-shortcode\" id=\"audio-11781-1\" preload=\"none\" style=\"width: 100%;\" controls=\"controls\"><source type=\"audio\/mpeg\" src=\"https:\/\/litteraturbanken.se\/skolan\/wp-content\/uploads\/2020\/05\/stagnelius_amanda_berglund.mp3?_=1\" \/><source type=\"audio\/mpeg\" src=\"https:\/\/litteraturbanken.se\/skolan\/wp-content\/uploads\/2020\/05\/stagnelius_amanda_berglund.mp3?_=1\" \/><a href=\"https:\/\/litteraturbanken.se\/skolan\/wp-content\/uploads\/2020\/05\/stagnelius_amanda_berglund.mp3\">https:\/\/litteraturbanken.se\/skolan\/wp-content\/uploads\/2020\/05\/stagnelius_amanda_berglund.mp3<\/a><\/audio>\t\t\t\t<\/div>\n\t\t\t\t<\/div>\n\t\t\t\t<div class=\"elementor-element elementor-element-d468ac6 elementor-icon-list--layout-traditional elementor-list-item-link-full_width elementor-widget elementor-widget-icon-list\" data-id=\"d468ac6\" data-element_type=\"widget\" data-e-type=\"widget\" data-widget_type=\"icon-list.default\">\n\t\t\t\t<div class=\"elementor-widget-container\">\n\t\t\t\t\t\t\t<ul class=\"elementor-icon-list-items\">\n\t\t\t\t\t\t\t<li class=\"elementor-icon-list-item\">\n\t\t\t\t\t\t\t\t\t\t\t<a href=\"https:\/\/litteraturbanken.se\/forfattare\/StagneliusEJ\/titlar\/SamladeSkrifter1\/sida\/149\/etext\" target=\"_blank\">\n\n\t\t\t\t\t\t\t\t\t\t\t\t<span class=\"elementor-icon-list-icon\">\n\t\t\t\t\t\t\t\t\t\t\t\t\t\t\t\t<i class=\"fa fa-file-text-o\" aria-hidden=\"true\"><\/i>\n\t\t\t\t\t\t\t\t\t\t\t\t\t<\/span>\n\t\t\t\t\t\t\t\t\t\t<span class=\"elementor-icon-list-text\">L\u00e4s dikten p\u00e5 Litteraturbanken<\/span>\n\t\t\t\t\t\t\t\t\t\t\t<\/a>\n\t\t\t\t\t\t\t\t\t<\/li>\n\t\t\t\t\t\t\t\t<li class=\"elementor-icon-list-item\">\n\t\t\t\t\t\t\t\t\t\t\t<a href=\"https:\/\/litteraturbanken.se\/skolan\/?page_id=261\" target=\"_blank\">\n\n\t\t\t\t\t\t\t\t\t\t\t\t<span class=\"elementor-icon-list-icon\">\n\t\t\t\t\t\t\t\t\t\t\t\t\t\t\t\t<i class=\"fa fa-file-text-o\" aria-hidden=\"true\"><\/i>\n\t\t\t\t\t\t\t\t\t\t\t\t\t<\/span>\n\t\t\t\t\t\t\t\t\t\t<span class=\"elementor-icon-list-text\">Termer och begrepp<\/span>\n\t\t\t\t\t\t\t\t\t\t\t<\/a>\n\t\t\t\t\t\t\t\t\t<\/li>\n\t\t\t\t\t\t<\/ul>\n\t\t\t\t\t\t<\/div>\n\t\t\t\t<\/div>\n\t\t\t\t<div class=\"elementor-element elementor-element-ce4a218 elementor-align-center elementor-widget elementor-widget-button\" data-id=\"ce4a218\" data-element_type=\"widget\" data-e-type=\"widget\" data-widget_type=\"button.default\">\n\t\t\t\t<div class=\"elementor-widget-container\">\n\t\t\t\t\t\t\t\t\t<div class=\"elementor-button-wrapper\">\n\t\t\t\t\t<a class=\"elementor-button elementor-button-link elementor-size-md elementor-animation-grow\" href=\"#uppgiftF-3\">\n\t\t\t\t\t\t<span class=\"elementor-button-content-wrapper\">\n\t\t\t\t\t\t<span class=\"elementor-button-icon\">\n\t\t\t\t\t\t\t\t\t<i class=\"fa fa-pencil\" aria-hidden=\"true\"><\/i>\n\t\t\t\t\t\t\t<\/span>\n\t\t\t\t\t\t\t\t\t<span class=\"elementor-button-text\">Uppgift, Gymnasium<\/span>\n\t\t\t\t\t<\/span>\n\t\t\t\t\t<\/a>\n\t\t\t\t<\/div>\n\t\t\t\t\t\t\t\t<\/div>\n\t\t\t\t<\/div>\n\t\t\t\t<div class=\"elementor-element elementor-element-3862699 elementor-widget elementor-widget-image\" data-id=\"3862699\" data-element_type=\"widget\" data-e-type=\"widget\" data-widget_type=\"image.default\">\n\t\t\t\t<div class=\"elementor-widget-container\">\n\t\t\t\t\t\t\t\t\t\t\t\t\t\t\t<img fetchpriority=\"high\" decoding=\"async\" width=\"300\" height=\"300\" src=\"https:\/\/litteraturbanken.se\/skolan\/wp-content\/uploads\/2019\/03\/lb_skolan_2019_knapp_f\u00f6rfattarbild_portr\u00e4ttl\u00f6s_bl\u00e5-e1553013524550.jpg\" class=\"attachment-full size-full wp-image-13741\" alt=\"\" \/>\t\t\t\t\t\t\t\t\t\t\t\t\t\t\t<\/div>\n\t\t\t\t<\/div>\n\t\t\t\t\t<\/div>\n\t\t<\/div>\n\t\t\t\t\t<\/div>\n\t\t<\/section>\n\t\t\t\t<section class=\"elementor-section elementor-top-section elementor-element elementor-element-498d3dc elementor-section-boxed elementor-section-height-default elementor-section-height-default\" data-id=\"498d3dc\" data-element_type=\"section\" data-e-type=\"section\">\n\t\t\t\t\t\t<div class=\"elementor-container elementor-column-gap-default\">\n\t\t\t\t\t<div class=\"elementor-column elementor-col-100 elementor-top-column elementor-element elementor-element-e3ba8d3\" data-id=\"e3ba8d3\" data-element_type=\"column\" data-e-type=\"column\">\n\t\t\t<div class=\"elementor-widget-wrap elementor-element-populated\">\n\t\t\t\t\t\t<div class=\"elementor-element elementor-element-ee22e08 elementor-widget elementor-widget-spacer\" data-id=\"ee22e08\" data-element_type=\"widget\" data-e-type=\"widget\" data-widget_type=\"spacer.default\">\n\t\t\t\t<div class=\"elementor-widget-container\">\n\t\t\t\t\t\t\t<div class=\"elementor-spacer\">\n\t\t\t<div class=\"elementor-spacer-inner\"><\/div>\n\t\t<\/div>\n\t\t\t\t\t\t<\/div>\n\t\t\t\t<\/div>\n\t\t\t\t\t<\/div>\n\t\t<\/div>\n\t\t\t\t\t<\/div>\n\t\t<\/section>\n\t\t\t\t<section class=\"elementor-section elementor-top-section elementor-element elementor-element-aad82a7 elementor-section-boxed elementor-section-height-default elementor-section-height-default\" data-id=\"aad82a7\" data-element_type=\"section\" data-e-type=\"section\">\n\t\t\t\t\t\t<div class=\"elementor-container elementor-column-gap-default\">\n\t\t\t\t\t<div class=\"elementor-column elementor-col-100 elementor-top-column elementor-element elementor-element-33b8a5c\" data-id=\"33b8a5c\" data-element_type=\"column\" data-e-type=\"column\" data-settings=\"{&quot;background_background&quot;:&quot;classic&quot;}\">\n\t\t\t<div class=\"elementor-widget-wrap elementor-element-populated\">\n\t\t\t\t\t\t<section class=\"elementor-section elementor-inner-section elementor-element elementor-element-30d3b15 elementor-section-boxed elementor-section-height-default elementor-section-height-default\" data-id=\"30d3b15\" data-element_type=\"section\" data-e-type=\"section\">\n\t\t\t\t\t\t<div class=\"elementor-container elementor-column-gap-default\">\n\t\t\t\t\t<div class=\"elementor-column elementor-col-100 elementor-inner-column elementor-element elementor-element-0a6b261\" data-id=\"0a6b261\" data-element_type=\"column\" data-e-type=\"column\">\n\t\t\t<div class=\"elementor-widget-wrap elementor-element-populated\">\n\t\t\t\t\t\t<div class=\"elementor-element elementor-element-14b4685 elementor-widget elementor-widget-menu-anchor\" data-id=\"14b4685\" data-element_type=\"widget\" data-e-type=\"widget\" data-widget_type=\"menu-anchor.default\">\n\t\t\t\t<div class=\"elementor-widget-container\">\n\t\t\t\t\t\t\t<div class=\"elementor-menu-anchor\" id=\"uppgiftF-3\"><\/div>\n\t\t\t\t\t\t<\/div>\n\t\t\t\t<\/div>\n\t\t\t\t<div class=\"elementor-element elementor-element-27b7d47 elementor-view-framed elementor-shape-circle elementor-widget elementor-widget-icon\" data-id=\"27b7d47\" data-element_type=\"widget\" data-e-type=\"widget\" data-widget_type=\"icon.default\">\n\t\t\t\t<div class=\"elementor-widget-container\">\n\t\t\t\t\t\t\t<div class=\"elementor-icon-wrapper\">\n\t\t\t<div class=\"elementor-icon\">\n\t\t\t\t\t\t\t<i class=\"fa fa-pencil\" aria-hidden=\"true\"><\/i>\n\t\t\t\t\t\t<\/div>\n\t\t<\/div>\n\t\t\t\t\t\t<\/div>\n\t\t\t\t<\/div>\n\t\t\t\t<div class=\"elementor-element elementor-element-f35e818 elementor-widget elementor-widget-toggle\" data-id=\"f35e818\" data-element_type=\"widget\" data-e-type=\"widget\" data-widget_type=\"toggle.default\">\n\t\t\t\t<div class=\"elementor-widget-container\">\n\t\t\t\t\t\t\t<div class=\"elementor-toggle\">\n\t\t\t\t\t\t\t<div class=\"elementor-toggle-item\">\n\t\t\t\t\t<div id=\"elementor-tab-title-2551\" class=\"elementor-tab-title\" data-tab=\"1\" role=\"button\" aria-controls=\"elementor-tab-content-2551\" aria-expanded=\"false\">\n\t\t\t\t\t\t\t\t\t\t\t\t<span class=\"elementor-toggle-icon elementor-toggle-icon-left\" aria-hidden=\"true\">\n\t\t\t\t\t\t\t\t\t\t\t\t\t\t\t<i class=\"elementor-toggle-icon-closed fa fa-chevron-right\"><\/i>\n\t\t\t\t\t\t\t\t<i class=\"elementor-toggle-icon-opened fa fa-chevron-down\"><\/i>\n\t\t\t\t\t\t\t\t\t\t\t\t\t<\/span>\n\t\t\t\t\t\t\t\t\t\t\t\t<a class=\"elementor-toggle-title\" tabindex=\"0\">Gymnasium<\/a>\n\t\t\t\t\t<\/div>\n\n\t\t\t\t\t<div id=\"elementor-tab-content-2551\" class=\"elementor-tab-content elementor-clearfix\" data-tab=\"1\" role=\"region\" aria-labelledby=\"elementor-tab-title-2551\"><h3>Samtalsfr\u00e5gor<\/h3><p style=\"font-variant-ligatures: normal; font-variant-caps: normal; font-style: normal;\">1 Diskutera hur Amanda beskrivs och vem ni tror att Amanda \u00e4r.<\/p><p style=\"font-variant-ligatures: normal; font-variant-caps: normal; font-style: normal;\">2 Hur beskrivs diktjaget?<\/p><p style=\"font-variant-ligatures: normal; font-variant-caps: normal; font-style: normal;\">3 Vem tror ni att diktjaget \u00e4r?<\/p><\/div>\n\t\t\t\t<\/div>\n\t\t\t\t\t\t\t\t<\/div>\n\t\t\t\t\t\t<\/div>\n\t\t\t\t<\/div>\n\t\t\t\t\t<\/div>\n\t\t<\/div>\n\t\t\t\t\t<\/div>\n\t\t<\/section>\n\t\t\t\t\t<\/div>\n\t\t<\/div>\n\t\t\t\t\t<\/div>\n\t\t<\/section>\n\t\t\t\t<section class=\"elementor-section elementor-top-section elementor-element elementor-element-3fd7684 elementor-section-boxed elementor-section-height-default elementor-section-height-default\" data-id=\"3fd7684\" data-element_type=\"section\" data-e-type=\"section\">\n\t\t\t\t\t\t<div class=\"elementor-container elementor-column-gap-default\">\n\t\t\t\t\t<div class=\"elementor-column elementor-col-100 elementor-top-column elementor-element elementor-element-ed94b07\" data-id=\"ed94b07\" data-element_type=\"column\" data-e-type=\"column\">\n\t\t\t<div class=\"elementor-widget-wrap elementor-element-populated\">\n\t\t\t\t\t\t<div class=\"elementor-element elementor-element-97e6428 elementor-widget elementor-widget-spacer\" data-id=\"97e6428\" data-element_type=\"widget\" data-e-type=\"widget\" data-widget_type=\"spacer.default\">\n\t\t\t\t<div class=\"elementor-widget-container\">\n\t\t\t\t\t\t\t<div class=\"elementor-spacer\">\n\t\t\t<div class=\"elementor-spacer-inner\"><\/div>\n\t\t<\/div>\n\t\t\t\t\t\t<\/div>\n\t\t\t\t<\/div>\n\t\t\t\t\t<\/div>\n\t\t<\/div>\n\t\t\t\t\t<\/div>\n\t\t<\/section>\n\t\t\t\t<\/div>\n\t\t","protected":false},"excerpt":{"rendered":"<p>Amanda Av\u00a0Erik Johan Stagnelius Ur:\u00a0Samlade skrifter I\u00a0(1965)\u00a0 \u00a0\u00c5rskurs:\u00a0Gymnasium \u00a0 Tema: Olycklig k\u00e4rlek \u00a0 I\u00a0blomman,\u00a0i\u00a0SolenAmanda\u00a0jag\u00a0ser.Kring\u00a0jorden,\u00a0kring\u00a0polenHon\u00a0str\u00e5lar,\u00a0hon\u00a0ler.I\u00a0rosornas\u00a0anda,I\u00a0v\u00e5rvindens\u00a0pust,I\u00a0druvornas\u00a0mustJag\u00a0k\u00e4nner\u00a0Amanda. N\u00e4r\u00a0gullharpan\u00a0klingar,N\u00e4r\u00a0V\u00e4stan\u00a0sig\u00a0r\u00f6rMed\u00a0susande\u00a0vingar,Amanda\u00a0jag\u00a0h\u00f6r.Allt,\u00a0\u00c4ngel,\u00a0bestr\u00e5larDin\u00a0himlagestalt,Lik\u00a0Skaparns\u00a0i\u00a0alltDin\u00a0gudom\u00a0sig\u00a0m\u00e5lar. Se!\u00a0sj\u00e4larne\u00a0ila,Vid\u00a0d\u00f6d\u00e4ngelns\u00a0bud,Till\u00a0gyllene\u00a0vilaI\u00a0famnen\u00a0av\u00a0Gud.Se!\u00a0floderna\u00a0hastaMed\u00a0skummande\u00a0fart.I\u00a0havet\u00a0de\u00a0snartSig\u00a0d\u00e5nande\u00a0kasta. Men\u00a0aldrig\u00a0min\u00a0tr\u00e5nadTill\u00a0m\u00e5let\u00a0skall\u00a0n\u00e5.Blek,\u00a0suckande,\u00a0h\u00e5nad,Jag\u00a0enslig\u00a0skall\u00a0g\u00e5,Skall\u00a0evigt,\u00a0Gudinna!Lik\u00a0stj\u00e4rnan\u00a0dig\u00a0seH\u00f6gt\u00a0\u00f6ver\u00a0mig\u00a0leOch\u00a0aldrig\u00a0dig\u00a0hinna. L\u00e4s dikten p\u00e5 Litteraturbanken Termer och begrepp Uppgift, Gymnasium Gymnasium Samtalsfr\u00e5gor 1 Diskutera hur Amanda beskrivs och vem ni tror att Amanda \u00e4r. 2 Hur beskrivs diktjaget? 3 Vem tror ni att diktjaget \u00e4r?<\/p>\n","protected":false},"author":5,"featured_media":0,"parent":0,"menu_order":0,"comment_status":"closed","ping_status":"closed","template":"","meta":{"ocean_post_layout":"full-screen","ocean_both_sidebars_style":"","ocean_both_sidebars_content_width":0,"ocean_both_sidebars_sidebars_width":0,"ocean_sidebar":"0","ocean_second_sidebar":"0","ocean_disable_margins":"enable","ocean_add_body_class":"","ocean_shortcode_before_top_bar":"","ocean_shortcode_after_top_bar":"","ocean_shortcode_before_header":"","ocean_shortcode_after_header":"","ocean_has_shortcode":"","ocean_shortcode_after_title":"","ocean_shortcode_before_footer_widgets":"","ocean_shortcode_after_footer_widgets":"","ocean_shortcode_before_footer_bottom":"","ocean_shortcode_after_footer_bottom":"","ocean_display_top_bar":"default","ocean_display_header":"default","ocean_header_style":"","ocean_center_header_left_menu":"0","ocean_custom_header_template":"0","ocean_custom_logo":0,"ocean_custom_retina_logo":0,"ocean_custom_logo_max_width":0,"ocean_custom_logo_tablet_max_width":0,"ocean_custom_logo_mobile_max_width":0,"ocean_custom_logo_max_height":0,"ocean_custom_logo_tablet_max_height":0,"ocean_custom_logo_mobile_max_height":0,"ocean_header_custom_menu":"0","ocean_menu_typo_font_family":"0","ocean_menu_typo_font_subset":"","ocean_menu_typo_font_size":0,"ocean_menu_typo_font_size_tablet":0,"ocean_menu_typo_font_size_mobile":0,"ocean_menu_typo_font_size_unit":"px","ocean_menu_typo_font_weight":"","ocean_menu_typo_font_weight_tablet":"","ocean_menu_typo_font_weight_mobile":"","ocean_menu_typo_transform":"","ocean_menu_typo_transform_tablet":"","ocean_menu_typo_transform_mobile":"","ocean_menu_typo_line_height":0,"ocean_menu_typo_line_height_tablet":0,"ocean_menu_typo_line_height_mobile":0,"ocean_menu_typo_line_height_unit":"","ocean_menu_typo_spacing":0,"ocean_menu_typo_spacing_tablet":0,"ocean_menu_typo_spacing_mobile":0,"ocean_menu_typo_spacing_unit":"","ocean_menu_link_color":"","ocean_menu_link_color_hover":"","ocean_menu_link_color_active":"","ocean_menu_link_background":"","ocean_menu_link_hover_background":"","ocean_menu_link_active_background":"","ocean_menu_social_links_bg":"","ocean_menu_social_hover_links_bg":"","ocean_menu_social_links_color":"","ocean_menu_social_hover_links_color":"","ocean_disable_title":"on","ocean_disable_heading":"default","ocean_post_title":"","ocean_post_subheading":"","ocean_post_title_style":"","ocean_post_title_background_color":"","ocean_post_title_background":0,"ocean_post_title_bg_image_position":"","ocean_post_title_bg_image_attachment":"","ocean_post_title_bg_image_repeat":"","ocean_post_title_bg_image_size":"","ocean_post_title_height":0,"ocean_post_title_bg_overlay":0.5,"ocean_post_title_bg_overlay_color":"","ocean_disable_breadcrumbs":"default","ocean_breadcrumbs_color":"","ocean_breadcrumbs_separator_color":"","ocean_breadcrumbs_links_color":"","ocean_breadcrumbs_links_hover_color":"","ocean_display_footer_widgets":"default","ocean_display_footer_bottom":"default","ocean_custom_footer_template":"0","footnotes":""},"class_list":["post-11781","page","type-page","status-publish","hentry","entry"],"_links":{"self":[{"href":"https:\/\/litteraturbanken.se\/skolan\/wp-json\/wp\/v2\/pages\/11781","targetHints":{"allow":["GET"]}}],"collection":[{"href":"https:\/\/litteraturbanken.se\/skolan\/wp-json\/wp\/v2\/pages"}],"about":[{"href":"https:\/\/litteraturbanken.se\/skolan\/wp-json\/wp\/v2\/types\/page"}],"author":[{"embeddable":true,"href":"https:\/\/litteraturbanken.se\/skolan\/wp-json\/wp\/v2\/users\/5"}],"replies":[{"embeddable":true,"href":"https:\/\/litteraturbanken.se\/skolan\/wp-json\/wp\/v2\/comments?post=11781"}],"version-history":[{"count":15,"href":"https:\/\/litteraturbanken.se\/skolan\/wp-json\/wp\/v2\/pages\/11781\/revisions"}],"predecessor-version":[{"id":21480,"href":"https:\/\/litteraturbanken.se\/skolan\/wp-json\/wp\/v2\/pages\/11781\/revisions\/21480"}],"wp:attachment":[{"href":"https:\/\/litteraturbanken.se\/skolan\/wp-json\/wp\/v2\/media?parent=11781"}],"curies":[{"name":"wp","href":"https:\/\/api.w.org\/{rel}","templated":true}]}}