{"id":11794,"date":"2019-01-18T00:00:40","date_gmt":"2019-01-17T23:00:40","guid":{"rendered":"https:\/\/litteraturbanken.se\/skoladev\/?page_id=11794"},"modified":"2020-03-09T16:26:15","modified_gmt":"2020-03-09T15:26:15","slug":"poesi-forfattare-thomas-thorild-om","status":"publish","type":"page","link":"https:\/\/litteraturbanken.se\/skolan\/poesi-forfattare-thomas-thorild-om\/","title":{"rendered":"Poesi\/F\u00f6rfattare\/Thomas Thorild\/Mer om"},"content":{"rendered":"\t\t<div data-elementor-type=\"wp-post\" data-elementor-id=\"11794\" class=\"elementor elementor-11794\">\n\t\t\t\t\t\t<section class=\"elementor-section elementor-top-section elementor-element elementor-element-5a34f2e elementor-section-full_width elementor-section-height-default elementor-section-height-default\" data-id=\"5a34f2e\" data-element_type=\"section\" data-e-type=\"section\" data-settings=\"{&quot;background_background&quot;:&quot;classic&quot;}\">\n\t\t\t\t\t\t<div class=\"elementor-container elementor-column-gap-default\">\n\t\t\t\t\t<div class=\"elementor-column elementor-col-25 elementor-top-column elementor-element elementor-element-de37a35\" data-id=\"de37a35\" data-element_type=\"column\" data-e-type=\"column\">\n\t\t\t<div class=\"elementor-widget-wrap\">\n\t\t\t\t\t\t\t<\/div>\n\t\t<\/div>\n\t\t\t\t<div class=\"elementor-column elementor-col-25 elementor-top-column elementor-element elementor-element-867eae0\" data-id=\"867eae0\" data-element_type=\"column\" data-e-type=\"column\" data-settings=\"{&quot;background_background&quot;:&quot;classic&quot;}\">\n\t\t\t<div class=\"elementor-widget-wrap elementor-element-populated\">\n\t\t\t\t\t\t<div class=\"elementor-element elementor-element-b993a3c elementor-widget elementor-widget-spacer\" data-id=\"b993a3c\" data-element_type=\"widget\" data-e-type=\"widget\" data-widget_type=\"spacer.default\">\n\t\t\t\t<div class=\"elementor-widget-container\">\n\t\t\t\t\t\t\t<div class=\"elementor-spacer\">\n\t\t\t<div class=\"elementor-spacer-inner\"><\/div>\n\t\t<\/div>\n\t\t\t\t\t\t<\/div>\n\t\t\t\t<\/div>\n\t\t\t\t<div class=\"elementor-element elementor-element-7482de9 elementor-widget elementor-widget-text-editor\" data-id=\"7482de9\" data-element_type=\"widget\" data-e-type=\"widget\" data-widget_type=\"text-editor.default\">\n\t\t\t\t<div class=\"elementor-widget-container\">\n\t\t\t\t\t\t\t\t\t<h1 class=\"ng-binding\">Thomas Thorild<\/h1>\t\t\t\t\t\t\t\t<\/div>\n\t\t\t\t<\/div>\n\t\t\t\t<div class=\"elementor-element elementor-element-d5727e3 elementor-widget elementor-widget-text-editor\" data-id=\"d5727e3\" data-element_type=\"widget\" data-e-type=\"widget\" data-widget_type=\"text-editor.default\">\n\t\t\t\t<div class=\"elementor-widget-container\">\n\t\t\t\t\t\t\t\t\t<div class=\"introtext content show_more\"><div class=\"ng-binding\"><p><em>THOMAS THORILD (1759\u20131808) best\u00e4mde sig tidigt f\u00f6r att bli geni. <\/em><\/p><p><em>Han efterstr\u00e4vade en alltigenom f\u00f6r\u00e4ndrad syn p\u00e5 litteraturen och f\u00f6rfattarrollen och kom h\u00e4rvid att kalla sig, inte f\u00f6r skald utan f\u00f6r \u201dAutor\u201d \u2013 \u201den pr\u00e4st i Naturens heliga sanning\u201d. Litteraturen var en alltf\u00f6r allvarig sak f\u00f6r att l\u00e4mnas \u00e5t rimsmeder och konversat\u00f6rer. Endast geniet \u2013 den stridande, kraftfulla sanningss\u00f6karen p\u00e5 det litter\u00e4ra f\u00e4ltet \u2013 kunde fullt ut vara dess tj\u00e4nare och hade d\u00e5 \u00e4ven r\u00e4tt att fritt s\u00f6ka sitt uttryck och sitt formspr\u00e5k. <\/em><\/p><p><em>Den fattige, f\u00f6r\u00e4ldral\u00f6se Thorild, som helt p\u00e5 egen hand skaffat sig utbildning och plats p\u00e5 den kulturella arenan, adlade sitt utanf\u00f6rskap till storhet med en ny poesi i sak som i sin opolerade styrka, virila kraft och m\u00e4ktiga ordmusik fullst\u00e4ndigt br\u00f6t med tidens r\u00e5dande konventioner.<\/em><\/p><p>Thorild blev h\u00e4r, tillsammans med v\u00e4nnen Bengt Lidner, en romantikens pionj\u00e4r i Sverige. Han skisserade ocks\u00e5 sin helt egna kanon i l\u00e4rodikten\u00a0<i>Passionerna\u00a0<\/i>(1785) d\u00e4r de stora andarna har namn som Ossian, Klopstock, Newton, Rousseau. H\u00e4r f\u00f6rmedlas k\u00e4nslan av ett v\u00e4ldigt, odelbart Vara, vars kraft genomstr\u00f6mmar ting, varelser och ord. Dikten f\u00f6ranledde en strid med\u00a0Kellgren\u00a0vilken kallade Thorilds egensinniga hexameter f\u00f6r ett \u201dversslag, stridande mot den i vitterheten allm\u00e4nt godk\u00e4nda smaken\u201d. Kellgren s\u00e5g dock poetiska l\u00f6ften i Thorilds diktning, om \u00e4n han ej fullt kunde omfatta dess villkorsl\u00f6sa krav p\u00e5 tv\u00e5ngsl\u00f6shet och frihet.<\/p><p>I dialogdikten\u00a0<i>Harmen\u00a0<\/i>(1787) \u00e4r Thorilds uttryck lika ot\u00e4mjeligt och starkt. D\u00e4r m\u00f6ter diktaren guden Thor, som ger honom del av sin ljungeld och g\u00f6r honom till en trotsets f\u00f6respr\u00e5kare. Egensinnig och okuvlig \u00e4r ocks\u00e5\u00a0<i>En Critik \u00f6fver critiker<\/i>\u00a0(1791) d\u00e4r Thorild l\u00e4gger fram grundlagarna f\u00f6r granskning av litter\u00e4ra arbeten: att veta vad man skall d\u00f6ma, att d\u00f6ma allt efter dess art och grad, att veta att ingenting g\u00f6rs f\u00f6r sina fels skull utan f\u00f6r sitt v\u00e4rdes skull. Skriften \u00e4r \u00e4ven ett angrepp p\u00e5 den tidigare tr\u00e4tobrodern Kellgren, vars kritiska g\u00e4rning Thorild s\u00e5g som kitslig och missriktad, och med vilken han nu kom att utk\u00e4mpa \u00e4nnu en strid.<\/p><p>\u00c4ven inom politiken var Thorild starkt engagerad f\u00f6r det han s\u00e5g som f\u00f6rnuft, sanning och r\u00e4tt. Han blev en av den franska revolutionens mest \u00f6vertygade anh\u00e4ngare i Sverige och menade att riksdagen borde ers\u00e4ttas av en \u201dtribunal f\u00f6r upplysning och f\u00f6rb\u00e4ttring\u201d. Efter kungamordet 1792 ledde Thorilds publikationer i frihetsfr\u00e5gan till h\u00e4ktning och f\u00f6rh\u00f6r. Han d\u00f6mdes till fyra \u00e5rs landsf\u00f6rvisning, under vilken han skrev det filosofiska verket\u00a0<i>Maximum seu Archimetria<\/i>\u00a0(1799), en kritik av Kant och den idealistiska filosofin.<\/p><p>Thorilds mest k\u00e4nda devis \u2013 \u201dT\u00e4nka fritt, \u00e4r stort; men t\u00e4nka r\u00e4tt, \u00e4r st\u00f6rre\u201d \u2013 st\u00e5r idag i guldskrift \u00f6ver ing\u00e5ngen till Uppsala universitets aula. I en tillbakablick \u00f6ver sitt liv sammanfattar Thorild sin traktan och ambition: \u201dJag hade blott\u00a0<i>en<\/i>\u00a0stor och of\u00f6r\u00e4nderlig tanke i Livet: \u2019Att\u00a0<i>F\u00f6rklara hela Naturen<\/i>, och\u00a0<i>Reformera hela V\u00e4rlden<\/i>\u2019\u201d.<\/p><\/div><div class=\"introauthor\"><em class=\"ng-binding\">Lotta Lotass<\/em><\/div><div class=\"source ng-scope\"><p><span class=\"source_header sc ng-scope\" style=\"box-sizing: border-box; font-family: 'Requiem Text SC A', 'Requiem Text SC B'; text-transform: lowercase !important; margin-top: 1.5em; margin-bottom: 0.5em; vertical-align: top; display: inline-block;\">k\u00e4llor<\/span><\/p><ul><li class=\"ng-scope\"><div class=\"source_content ng-binding\"><i>Svenskt biografiskt lexikon<\/i><\/div><\/li><li class=\"ng-scope\"><div class=\"source_content ng-binding\"><i>Den svenska litteraturen. II: Upplysning och romantik 1718\u20131830<\/i>, red. Lars L\u00f6nnroth &amp; Sven Delblanc<\/div><\/li><\/ul><\/div><\/div>\t\t\t\t\t\t\t\t<\/div>\n\t\t\t\t<\/div>\n\t\t\t\t\t<\/div>\n\t\t<\/div>\n\t\t\t\t<div class=\"elementor-column elementor-col-25 elementor-top-column elementor-element elementor-element-ac63cc1\" data-id=\"ac63cc1\" data-element_type=\"column\" data-e-type=\"column\">\n\t\t\t<div class=\"elementor-widget-wrap elementor-element-populated\">\n\t\t\t\t\t\t<div class=\"elementor-element elementor-element-3b518c8 elementor-widget elementor-widget-spacer\" data-id=\"3b518c8\" data-element_type=\"widget\" data-e-type=\"widget\" data-widget_type=\"spacer.default\">\n\t\t\t\t<div class=\"elementor-widget-container\">\n\t\t\t\t\t\t\t<div class=\"elementor-spacer\">\n\t\t\t<div class=\"elementor-spacer-inner\"><\/div>\n\t\t<\/div>\n\t\t\t\t\t\t<\/div>\n\t\t\t\t<\/div>\n\t\t\t\t<div class=\"elementor-element elementor-element-ebe0c6f elementor-widget elementor-widget-image\" data-id=\"ebe0c6f\" data-element_type=\"widget\" data-e-type=\"widget\" data-widget_type=\"image.default\">\n\t\t\t\t<div class=\"elementor-widget-container\">\n\t\t\t\t\t\t\t\t\t\t\t\t\t\t\t<img fetchpriority=\"high\" decoding=\"async\" width=\"300\" height=\"300\" src=\"https:\/\/litteraturbanken.se\/skolan\/wp-content\/uploads\/2019\/03\/lb_skolan_2019_knapp_f\u00f6rfattarbild_thorild_gr\u00f6n-e1553013161137.jpg\" class=\"attachment-full size-full wp-image-13794\" alt=\"\" \/>\t\t\t\t\t\t\t\t\t\t\t\t\t\t\t<\/div>\n\t\t\t\t<\/div>\n\t\t\t\t<div class=\"elementor-element elementor-element-a7afb2e elementor-widget elementor-widget-spacer\" data-id=\"a7afb2e\" data-element_type=\"widget\" data-e-type=\"widget\" data-widget_type=\"spacer.default\">\n\t\t\t\t<div class=\"elementor-widget-container\">\n\t\t\t\t\t\t\t<div class=\"elementor-spacer\">\n\t\t\t<div class=\"elementor-spacer-inner\"><\/div>\n\t\t<\/div>\n\t\t\t\t\t\t<\/div>\n\t\t\t\t<\/div>\n\t\t\t\t\t<\/div>\n\t\t<\/div>\n\t\t\t\t<div class=\"elementor-column elementor-col-25 elementor-top-column elementor-element elementor-element-d55b3f3\" data-id=\"d55b3f3\" data-element_type=\"column\" data-e-type=\"column\">\n\t\t\t<div class=\"elementor-widget-wrap elementor-element-populated\">\n\t\t\t\t\t\t<div class=\"elementor-element elementor-element-46348a6 elementor-widget elementor-widget-spacer\" data-id=\"46348a6\" data-element_type=\"widget\" data-e-type=\"widget\" data-widget_type=\"spacer.default\">\n\t\t\t\t<div class=\"elementor-widget-container\">\n\t\t\t\t\t\t\t<div class=\"elementor-spacer\">\n\t\t\t<div class=\"elementor-spacer-inner\"><\/div>\n\t\t<\/div>\n\t\t\t\t\t\t<\/div>\n\t\t\t\t<\/div>\n\t\t\t\t<div class=\"elementor-element elementor-element-18d0811 elementor-widget elementor-widget-spacer\" data-id=\"18d0811\" data-element_type=\"widget\" data-e-type=\"widget\" data-widget_type=\"spacer.default\">\n\t\t\t\t<div class=\"elementor-widget-container\">\n\t\t\t\t\t\t\t<div class=\"elementor-spacer\">\n\t\t\t<div class=\"elementor-spacer-inner\"><\/div>\n\t\t<\/div>\n\t\t\t\t\t\t<\/div>\n\t\t\t\t<\/div>\n\t\t\t\t\t<\/div>\n\t\t<\/div>\n\t\t\t\t\t<\/div>\n\t\t<\/section>\n\t\t\t\t<\/div>\n\t\t","protected":false},"excerpt":{"rendered":"<p>Thomas Thorild THOMAS THORILD (1759\u20131808) best\u00e4mde sig tidigt f\u00f6r att bli geni. Han efterstr\u00e4vade en alltigenom f\u00f6r\u00e4ndrad syn p\u00e5 litteraturen och f\u00f6rfattarrollen och kom h\u00e4rvid att kalla sig, inte f\u00f6r skald utan f\u00f6r \u201dAutor\u201d \u2013 \u201den pr\u00e4st i Naturens heliga sanning\u201d. Litteraturen var en alltf\u00f6r allvarig sak f\u00f6r att l\u00e4mnas \u00e5t rimsmeder och konversat\u00f6rer. Endast [&hellip;]<\/p>\n","protected":false},"author":5,"featured_media":0,"parent":0,"menu_order":0,"comment_status":"closed","ping_status":"closed","template":"","meta":{"ocean_post_layout":"full-screen","ocean_both_sidebars_style":"","ocean_both_sidebars_content_width":0,"ocean_both_sidebars_sidebars_width":0,"ocean_sidebar":"0","ocean_second_sidebar":"0","ocean_disable_margins":"enable","ocean_add_body_class":"","ocean_shortcode_before_top_bar":"","ocean_shortcode_after_top_bar":"","ocean_shortcode_before_header":"","ocean_shortcode_after_header":"","ocean_has_shortcode":"","ocean_shortcode_after_title":"","ocean_shortcode_before_footer_widgets":"","ocean_shortcode_after_footer_widgets":"","ocean_shortcode_before_footer_bottom":"","ocean_shortcode_after_footer_bottom":"","ocean_display_top_bar":"default","ocean_display_header":"default","ocean_header_style":"","ocean_center_header_left_menu":"0","ocean_custom_header_template":"0","ocean_custom_logo":0,"ocean_custom_retina_logo":0,"ocean_custom_logo_max_width":0,"ocean_custom_logo_tablet_max_width":0,"ocean_custom_logo_mobile_max_width":0,"ocean_custom_logo_max_height":0,"ocean_custom_logo_tablet_max_height":0,"ocean_custom_logo_mobile_max_height":0,"ocean_header_custom_menu":"0","ocean_menu_typo_font_family":"0","ocean_menu_typo_font_subset":"","ocean_menu_typo_font_size":0,"ocean_menu_typo_font_size_tablet":0,"ocean_menu_typo_font_size_mobile":0,"ocean_menu_typo_font_size_unit":"px","ocean_menu_typo_font_weight":"","ocean_menu_typo_font_weight_tablet":"","ocean_menu_typo_font_weight_mobile":"","ocean_menu_typo_transform":"","ocean_menu_typo_transform_tablet":"","ocean_menu_typo_transform_mobile":"","ocean_menu_typo_line_height":0,"ocean_menu_typo_line_height_tablet":0,"ocean_menu_typo_line_height_mobile":0,"ocean_menu_typo_line_height_unit":"","ocean_menu_typo_spacing":0,"ocean_menu_typo_spacing_tablet":0,"ocean_menu_typo_spacing_mobile":0,"ocean_menu_typo_spacing_unit":"","ocean_menu_link_color":"","ocean_menu_link_color_hover":"","ocean_menu_link_color_active":"","ocean_menu_link_background":"","ocean_menu_link_hover_background":"","ocean_menu_link_active_background":"","ocean_menu_social_links_bg":"","ocean_menu_social_hover_links_bg":"","ocean_menu_social_links_color":"","ocean_menu_social_hover_links_color":"","ocean_disable_title":"on","ocean_disable_heading":"default","ocean_post_title":"","ocean_post_subheading":"","ocean_post_title_style":"","ocean_post_title_background_color":"","ocean_post_title_background":0,"ocean_post_title_bg_image_position":"","ocean_post_title_bg_image_attachment":"","ocean_post_title_bg_image_repeat":"","ocean_post_title_bg_image_size":"","ocean_post_title_height":0,"ocean_post_title_bg_overlay":0.5,"ocean_post_title_bg_overlay_color":"","ocean_disable_breadcrumbs":"default","ocean_breadcrumbs_color":"","ocean_breadcrumbs_separator_color":"","ocean_breadcrumbs_links_color":"","ocean_breadcrumbs_links_hover_color":"","ocean_display_footer_widgets":"default","ocean_display_footer_bottom":"default","ocean_custom_footer_template":"0","footnotes":""},"class_list":["post-11794","page","type-page","status-publish","hentry","entry"],"_links":{"self":[{"href":"https:\/\/litteraturbanken.se\/skolan\/wp-json\/wp\/v2\/pages\/11794","targetHints":{"allow":["GET"]}}],"collection":[{"href":"https:\/\/litteraturbanken.se\/skolan\/wp-json\/wp\/v2\/pages"}],"about":[{"href":"https:\/\/litteraturbanken.se\/skolan\/wp-json\/wp\/v2\/types\/page"}],"author":[{"embeddable":true,"href":"https:\/\/litteraturbanken.se\/skolan\/wp-json\/wp\/v2\/users\/5"}],"replies":[{"embeddable":true,"href":"https:\/\/litteraturbanken.se\/skolan\/wp-json\/wp\/v2\/comments?post=11794"}],"version-history":[{"count":8,"href":"https:\/\/litteraturbanken.se\/skolan\/wp-json\/wp\/v2\/pages\/11794\/revisions"}],"predecessor-version":[{"id":20519,"href":"https:\/\/litteraturbanken.se\/skolan\/wp-json\/wp\/v2\/pages\/11794\/revisions\/20519"}],"wp:attachment":[{"href":"https:\/\/litteraturbanken.se\/skolan\/wp-json\/wp\/v2\/media?parent=11794"}],"curies":[{"name":"wp","href":"https:\/\/api.w.org\/{rel}","templated":true}]}}