{"id":11807,"date":"2019-01-18T00:10:30","date_gmt":"2019-01-17T23:10:30","guid":{"rendered":"https:\/\/litteraturbanken.se\/skoladev\/?page_id=11807"},"modified":"2020-06-10T13:03:17","modified_gmt":"2020-06-10T11:03:17","slug":"poesi-forfattare-johan-olof-wallin-var-halsad-skona-morgonstund","status":"publish","type":"page","link":"https:\/\/litteraturbanken.se\/skolan\/poesi-forfattare-johan-olof-wallin-var-halsad-skona-morgonstund\/","title":{"rendered":"Poesi\/F\u00f6rfattare\/Johan Olof Wallin\/Var h\u00e4lsad sk\u00f6na morgonstund"},"content":{"rendered":"\t\t<div data-elementor-type=\"wp-post\" data-elementor-id=\"11807\" class=\"elementor elementor-11807\">\n\t\t\t\t\t\t<section class=\"elementor-section elementor-top-section elementor-element elementor-element-54311bd elementor-section-boxed elementor-section-height-default elementor-section-height-default\" data-id=\"54311bd\" data-element_type=\"section\" data-e-type=\"section\">\n\t\t\t\t\t\t<div class=\"elementor-container elementor-column-gap-default\">\n\t\t\t\t\t<div class=\"elementor-column elementor-col-100 elementor-top-column elementor-element elementor-element-779d1f4\" data-id=\"779d1f4\" data-element_type=\"column\" data-e-type=\"column\">\n\t\t\t<div class=\"elementor-widget-wrap elementor-element-populated\">\n\t\t\t\t\t\t<div class=\"elementor-element elementor-element-10bf586 elementor-widget elementor-widget-spacer\" data-id=\"10bf586\" data-element_type=\"widget\" data-e-type=\"widget\" data-widget_type=\"spacer.default\">\n\t\t\t\t<div class=\"elementor-widget-container\">\n\t\t\t\t\t\t\t<div class=\"elementor-spacer\">\n\t\t\t<div class=\"elementor-spacer-inner\"><\/div>\n\t\t<\/div>\n\t\t\t\t\t\t<\/div>\n\t\t\t\t<\/div>\n\t\t\t\t\t<\/div>\n\t\t<\/div>\n\t\t\t\t\t<\/div>\n\t\t<\/section>\n\t\t\t\t<section class=\"elementor-section elementor-inner-section elementor-element elementor-element-526fe89 elementor-section-boxed elementor-section-height-default elementor-section-height-default\" data-id=\"526fe89\" data-element_type=\"section\" data-e-type=\"section\">\n\t\t\t\t\t\t<div class=\"elementor-container elementor-column-gap-default\">\n\t\t\t\t\t<div class=\"elementor-column elementor-col-66 elementor-inner-column elementor-element elementor-element-d101fc3\" data-id=\"d101fc3\" data-element_type=\"column\" data-e-type=\"column\" data-settings=\"{&quot;background_background&quot;:&quot;classic&quot;}\">\n\t\t\t<div class=\"elementor-widget-wrap elementor-element-populated\">\n\t\t\t\t\t\t<div class=\"elementor-element elementor-element-236270e elementor-widget elementor-widget-heading\" data-id=\"236270e\" data-element_type=\"widget\" data-e-type=\"widget\" data-widget_type=\"heading.default\">\n\t\t\t\t<div class=\"elementor-widget-container\">\n\t\t\t\t\t<h2 class=\"elementor-heading-title elementor-size-default\">Var h\u00e4lsad sk\u00f6na morgonstund<\/h2>\t\t\t\t<\/div>\n\t\t\t\t<\/div>\n\t\t\t\t<div class=\"elementor-element elementor-element-fbf812b elementor-widget elementor-widget-text-editor\" data-id=\"fbf812b\" data-element_type=\"widget\" data-e-type=\"widget\" data-widget_type=\"text-editor.default\">\n\t\t\t\t<div class=\"elementor-widget-container\">\n\t\t\t\t\t\t\t\t\t<p>Av <em><a href=\"https:\/\/litteraturbanken.se\/skolan\/?page_id=6677&amp;preview_nonce=cf76428e07\">Johan Olof Wallin<\/a><\/em><\/p>\t\t\t\t\t\t\t\t<\/div>\n\t\t\t\t<\/div>\n\t\t\t\t<div class=\"elementor-element elementor-element-edc0526 elementor-widget elementor-widget-text-editor\" data-id=\"edc0526\" data-element_type=\"widget\" data-e-type=\"widget\" data-widget_type=\"text-editor.default\">\n\t\t\t\t<div class=\"elementor-widget-container\">\n\t\t\t\t\t\t\t\t\t<p><strong>Ur:<\/strong>\u00a0<em>Den gamla psalmboken. Ett urval ur 1695, 1819 och 1937 \u00e5rs psalmb\u00f6cker<\/em>\u00a0(1819\/2001) \u00a0 \u00a0<span style=\"font-size: 15px; letter-spacing: 0.6px;\">\u00a0<strong>\u00c5rskurs:<\/strong>\u00a0Gymnasium \u00a0 <strong>Tema:<\/strong> Gud och m\u00e4nniska, Vinter och jul<\/span><\/p>\t\t\t\t\t\t\t\t<\/div>\n\t\t\t\t<\/div>\n\t\t\t\t<div class=\"elementor-element elementor-element-8773572 elementor-widget elementor-widget-text-editor\" data-id=\"8773572\" data-element_type=\"widget\" data-e-type=\"widget\" data-widget_type=\"text-editor.default\">\n\t\t\t\t<div class=\"elementor-widget-container\">\n\t\t\t\t\t\t\t\t\t<div class=\"titlepage\"><p>Var\u00a0h\u00e4lsad,\u00a0sk\u00f6na\u00a0morgonstund,<br \/>Som av Profeters\u00a0helga\u00a0mun<br \/>\u00c4r\u00a0oss\u00a0beb\u00e5dad\u00a0vorden!<br \/>Du\u00a0stora\u00a0dag,\u00a0du\u00a0s\u00e4lla\u00a0dag,<br \/>P\u00e5\u00a0vilken\u00a0himlens\u00a0v\u00e4lbehag<br \/>\u00c4nnu\u00a0bes\u00f6ker\u00a0jorden!<br \/>Unga<br \/>Sjunga<br \/>Med\u00a0de\u00a0gamla;<br \/>Sig\u00a0f\u00f6rsamla<br \/>Jordens\u00a0b\u00f6ner<br \/>Kring\u00a0den\u00a0st\u00f6rste\u00a0av\u00a0dess\u00a0s\u00f6ner.<\/p><p>Guds\u00a0v\u00e4sens\u00a0avbild,\u00a0och\u00a0likv\u00e4l<br \/>En\u00a0M\u00e4nsko-son,\u00a0p\u00e5\u00a0det\u00a0var\u00a0sj\u00e4l<br \/>M\u00e5\u00a0glad\u00a0till\u00a0honom\u00a0l\u00e4nda,<br \/>Han\u00a0kommer,\u00a0f\u00f6ljd\u00a0av\u00a0frid\u00a0och\u00a0hopp,<br \/>De\u00a0villade\u00a0att\u00a0s\u00f6ka\u00a0opp<br \/>Och\u00a0hj\u00e4lpa\u00a0de\u00a0el\u00e4nda,<br \/>V\u00e4rma,<br \/>N\u00e4rma<br \/>Till\u00a0varandra<br \/>Dem,\u00a0som\u00a0vandra<br \/>K\u00e4rleksl\u00f6sa,<br \/>Och\u00a0ur\u00a0usla\u00a0brunnar\u00a0\u00f6sa.<\/p><p>Han\u00a0t\u00e5rar\u00a0f\u00e4lla\u00a0skall,\u00a0som\u00a0vi,<br \/>F\u00f6rst\u00e5\u00a0v\u00e5r\u00a0n\u00f6d\u00a0och\u00a0st\u00e5\u00a0oss\u00a0bi<br \/>Med\u00a0kraften\u00a0av\u00a0sin\u00a0Anda\u00a0;<br \/>F\u00f6rkunna\u00a0oss\u00a0sin\u00a0Faders\u00a0r\u00e5d<br \/>Och\u00a0s\u00f6tman\u00a0av\u00a0en\u00a0evig\u00a0n\u00e5d<br \/>I\u00a0sorgekalken\u00a0blanda,<br \/>Strida,<br \/>Lida<br \/>D\u00f6dsens\u00a0sm\u00e4rta,<br \/>Att\u00a0v\u00e5rt\u00a0hj\u00e4rta<br \/>Frid\u00a0m\u00e5\u00a0vinna<br \/>Och\u00a0en\u00a0\u00f6ppnad\u00a0himmel\u00a0finna.<\/p><p>Han\u00a0kommer,\u00a0till\u00a0v\u00e5r\u00a0fr\u00e4lsning\u00a0s\u00e4nd,<br \/>Och\u00a0n\u00e5dens\u00a0sol,\u00a0av\u00a0honom\u00a0t\u00e4nd,<br \/>Skall\u00a0sig\u00a0ej\u00a0mera\u00a0d\u00f6lja.<br \/>Han\u00a0sj\u00e4lv\u00a0v\u00e5r\u00a0herde\u00a0vara\u00a0vill,<br \/>Att\u00a0vi\u00a0m\u00e5\u00a0honom\u00a0h\u00f6ra\u00a0till<br \/>Och\u00a0honom\u00a0efterf\u00f6lja,<br \/>N\u00f6jda,<br \/>H\u00f6jda<br \/>\u00d6ver\u00a0tiden,<br \/>Och,\u00a0i\u00a0friden<br \/>Av\u00a0hans\u00a0rike,<br \/>En\u00a0g\u00e5ng\u00a0varda\u00a0honom\u00a0like.<\/p><\/div>\t\t\t\t\t\t\t\t<\/div>\n\t\t\t\t<\/div>\n\t\t\t\t\t<\/div>\n\t\t<\/div>\n\t\t\t\t<div class=\"elementor-column elementor-col-33 elementor-inner-column elementor-element elementor-element-43fcd65\" data-id=\"43fcd65\" data-element_type=\"column\" data-e-type=\"column\">\n\t\t\t<div class=\"elementor-widget-wrap elementor-element-populated\">\n\t\t\t\t\t\t<div class=\"elementor-element elementor-element-4b7b1c7 elementor-widget elementor-widget-wp-widget-media_audio\" data-id=\"4b7b1c7\" data-element_type=\"widget\" data-e-type=\"widget\" data-widget_type=\"wp-widget-media_audio.default\">\n\t\t\t\t<div class=\"elementor-widget-container\">\n\t\t\t\t\t<h5>Th\u00e9r\u00e8se Hagedorn-Oskarsson l\u00e4ser &#8221;Var h\u00e4lsad sk\u00f6na morgonstund&#8221; av Johan Olof Wallin<\/h5><audio class=\"wp-audio-shortcode\" id=\"audio-11807-1\" preload=\"none\" style=\"width: 100%;\" controls=\"controls\"><source type=\"audio\/mpeg\" src=\"https:\/\/litteraturbanken.se\/skolan\/wp-content\/uploads\/2020\/05\/wallin_varhalsadskonamorgonstund_tho.mp3?_=1\" \/><source type=\"audio\/mpeg\" src=\"https:\/\/litteraturbanken.se\/skolan\/wp-content\/uploads\/2020\/05\/wallin_varhalsadskonamorgonstund_tho.mp3?_=1\" \/><a href=\"https:\/\/litteraturbanken.se\/skolan\/wp-content\/uploads\/2020\/05\/wallin_varhalsadskonamorgonstund_tho.mp3\">https:\/\/litteraturbanken.se\/skolan\/wp-content\/uploads\/2020\/05\/wallin_varhalsadskonamorgonstund_tho.mp3<\/a><\/audio>\t\t\t\t<\/div>\n\t\t\t\t<\/div>\n\t\t\t\t<div class=\"elementor-element elementor-element-e980b44 elementor-icon-list--layout-traditional elementor-list-item-link-full_width elementor-widget elementor-widget-icon-list\" data-id=\"e980b44\" data-element_type=\"widget\" data-e-type=\"widget\" data-widget_type=\"icon-list.default\">\n\t\t\t\t<div class=\"elementor-widget-container\">\n\t\t\t\t\t\t\t<ul class=\"elementor-icon-list-items\">\n\t\t\t\t\t\t\t<li class=\"elementor-icon-list-item\">\n\t\t\t\t\t\t\t\t\t\t\t<a href=\"https:\/\/litteraturbanken.se\/forfattare\/Anonym\/titlar\/GamlaPsalmboken\/sida\/148\/faksimil\" target=\"_blank\">\n\n\t\t\t\t\t\t\t\t\t\t\t\t<span class=\"elementor-icon-list-icon\">\n\t\t\t\t\t\t\t\t\t\t\t\t\t\t\t\t<i class=\"fa fa-file-text-o\" aria-hidden=\"true\"><\/i>\n\t\t\t\t\t\t\t\t\t\t\t\t\t<\/span>\n\t\t\t\t\t\t\t\t\t\t<span class=\"elementor-icon-list-text\">L\u00e4s dikten p\u00e5 Litteraturbanken<\/span>\n\t\t\t\t\t\t\t\t\t\t\t<\/a>\n\t\t\t\t\t\t\t\t\t<\/li>\n\t\t\t\t\t\t\t\t<li class=\"elementor-icon-list-item\">\n\t\t\t\t\t\t\t\t\t\t\t<a href=\"https:\/\/litteraturbanken.se\/skolan\/?page_id=261\" target=\"_blank\">\n\n\t\t\t\t\t\t\t\t\t\t\t\t<span class=\"elementor-icon-list-icon\">\n\t\t\t\t\t\t\t\t\t\t\t\t\t\t\t\t<i class=\"fa fa-file-text-o\" aria-hidden=\"true\"><\/i>\n\t\t\t\t\t\t\t\t\t\t\t\t\t<\/span>\n\t\t\t\t\t\t\t\t\t\t<span class=\"elementor-icon-list-text\">Termer och begrepp<\/span>\n\t\t\t\t\t\t\t\t\t\t\t<\/a>\n\t\t\t\t\t\t\t\t\t<\/li>\n\t\t\t\t\t\t<\/ul>\n\t\t\t\t\t\t<\/div>\n\t\t\t\t<\/div>\n\t\t\t\t<div class=\"elementor-element elementor-element-5f69456 elementor-align-center elementor-widget elementor-widget-button\" data-id=\"5f69456\" data-element_type=\"widget\" data-e-type=\"widget\" data-widget_type=\"button.default\">\n\t\t\t\t<div class=\"elementor-widget-container\">\n\t\t\t\t\t\t\t\t\t<div class=\"elementor-button-wrapper\">\n\t\t\t\t\t<a class=\"elementor-button elementor-button-link elementor-size-md elementor-animation-grow\" href=\"#uppgift\">\n\t\t\t\t\t\t<span class=\"elementor-button-content-wrapper\">\n\t\t\t\t\t\t<span class=\"elementor-button-icon\">\n\t\t\t\t\t\t\t\t\t<i class=\"fa fa-pencil\" aria-hidden=\"true\"><\/i>\n\t\t\t\t\t\t\t<\/span>\n\t\t\t\t\t\t\t\t\t<span class=\"elementor-button-text\">Uppgift, Gymnasium<\/span>\n\t\t\t\t\t<\/span>\n\t\t\t\t\t<\/a>\n\t\t\t\t<\/div>\n\t\t\t\t\t\t\t\t<\/div>\n\t\t\t\t<\/div>\n\t\t\t\t<div class=\"elementor-element elementor-element-6093c4a elementor-widget elementor-widget-image\" data-id=\"6093c4a\" data-element_type=\"widget\" data-e-type=\"widget\" data-widget_type=\"image.default\">\n\t\t\t\t<div class=\"elementor-widget-container\">\n\t\t\t\t\t\t\t\t\t\t\t\t\t\t\t<img fetchpriority=\"high\" decoding=\"async\" width=\"300\" height=\"300\" src=\"https:\/\/litteraturbanken.se\/skolan\/wp-content\/uploads\/2019\/03\/lb_skolan_2019_knapp_f\u00f6rfattarbild_wallin_r\u00f6d-e1553013152675.jpg\" class=\"attachment-full size-full wp-image-13796\" alt=\"\" \/>\t\t\t\t\t\t\t\t\t\t\t\t\t\t\t<\/div>\n\t\t\t\t<\/div>\n\t\t\t\t\t<\/div>\n\t\t<\/div>\n\t\t\t\t\t<\/div>\n\t\t<\/section>\n\t\t\t\t<section class=\"elementor-section elementor-top-section elementor-element elementor-element-6840755 elementor-section-boxed elementor-section-height-default elementor-section-height-default\" data-id=\"6840755\" data-element_type=\"section\" data-e-type=\"section\">\n\t\t\t\t\t\t<div class=\"elementor-container elementor-column-gap-default\">\n\t\t\t\t\t<div class=\"elementor-column elementor-col-100 elementor-top-column elementor-element elementor-element-6b417a2\" data-id=\"6b417a2\" data-element_type=\"column\" data-e-type=\"column\">\n\t\t\t<div class=\"elementor-widget-wrap elementor-element-populated\">\n\t\t\t\t\t\t<div class=\"elementor-element elementor-element-83b4d30 elementor-widget elementor-widget-spacer\" data-id=\"83b4d30\" data-element_type=\"widget\" data-e-type=\"widget\" data-widget_type=\"spacer.default\">\n\t\t\t\t<div class=\"elementor-widget-container\">\n\t\t\t\t\t\t\t<div class=\"elementor-spacer\">\n\t\t\t<div class=\"elementor-spacer-inner\"><\/div>\n\t\t<\/div>\n\t\t\t\t\t\t<\/div>\n\t\t\t\t<\/div>\n\t\t\t\t\t<\/div>\n\t\t<\/div>\n\t\t\t\t\t<\/div>\n\t\t<\/section>\n\t\t\t\t<section class=\"elementor-section elementor-top-section elementor-element elementor-element-9f7063d elementor-section-boxed elementor-section-height-default elementor-section-height-default\" data-id=\"9f7063d\" data-element_type=\"section\" data-e-type=\"section\">\n\t\t\t\t\t\t<div class=\"elementor-container elementor-column-gap-default\">\n\t\t\t\t\t<div class=\"elementor-column elementor-col-100 elementor-top-column elementor-element elementor-element-8c51edc\" data-id=\"8c51edc\" data-element_type=\"column\" data-e-type=\"column\" data-settings=\"{&quot;background_background&quot;:&quot;classic&quot;}\">\n\t\t\t<div class=\"elementor-widget-wrap elementor-element-populated\">\n\t\t\t\t\t\t<div class=\"elementor-element elementor-element-0cd383f elementor-widget elementor-widget-menu-anchor\" data-id=\"0cd383f\" data-element_type=\"widget\" data-e-type=\"widget\" data-widget_type=\"menu-anchor.default\">\n\t\t\t\t<div class=\"elementor-widget-container\">\n\t\t\t\t\t\t\t<div class=\"elementor-menu-anchor\" id=\"uppgift\"><\/div>\n\t\t\t\t\t\t<\/div>\n\t\t\t\t<\/div>\n\t\t\t\t<section class=\"elementor-section elementor-inner-section elementor-element elementor-element-61cd185 elementor-section-boxed elementor-section-height-default elementor-section-height-default\" data-id=\"61cd185\" data-element_type=\"section\" data-e-type=\"section\">\n\t\t\t\t\t\t<div class=\"elementor-container elementor-column-gap-default\">\n\t\t\t\t\t<div class=\"elementor-column elementor-col-100 elementor-inner-column elementor-element elementor-element-3df98b3\" data-id=\"3df98b3\" data-element_type=\"column\" data-e-type=\"column\">\n\t\t\t<div class=\"elementor-widget-wrap elementor-element-populated\">\n\t\t\t\t\t\t<div class=\"elementor-element elementor-element-933e419 elementor-view-framed elementor-shape-circle elementor-widget elementor-widget-icon\" data-id=\"933e419\" data-element_type=\"widget\" data-e-type=\"widget\" data-widget_type=\"icon.default\">\n\t\t\t\t<div class=\"elementor-widget-container\">\n\t\t\t\t\t\t\t<div class=\"elementor-icon-wrapper\">\n\t\t\t<div class=\"elementor-icon\">\n\t\t\t\t\t\t\t<i class=\"fa fa-pencil\" aria-hidden=\"true\"><\/i>\n\t\t\t\t\t\t<\/div>\n\t\t<\/div>\n\t\t\t\t\t\t<\/div>\n\t\t\t\t<\/div>\n\t\t\t\t<div class=\"elementor-element elementor-element-c94a260 elementor-widget elementor-widget-toggle\" data-id=\"c94a260\" data-element_type=\"widget\" data-e-type=\"widget\" data-widget_type=\"toggle.default\">\n\t\t\t\t<div class=\"elementor-widget-container\">\n\t\t\t\t\t\t\t<div class=\"elementor-toggle\">\n\t\t\t\t\t\t\t<div class=\"elementor-toggle-item\">\n\t\t\t\t\t<div id=\"elementor-tab-title-2111\" class=\"elementor-tab-title\" data-tab=\"1\" role=\"button\" aria-controls=\"elementor-tab-content-2111\" aria-expanded=\"false\">\n\t\t\t\t\t\t\t\t\t\t\t\t<span class=\"elementor-toggle-icon elementor-toggle-icon-left\" aria-hidden=\"true\">\n\t\t\t\t\t\t\t\t\t\t\t\t\t\t\t<i class=\"elementor-toggle-icon-closed fa fa-chevron-right\"><\/i>\n\t\t\t\t\t\t\t\t<i class=\"elementor-toggle-icon-opened fa fa-chevron-down\"><\/i>\n\t\t\t\t\t\t\t\t\t\t\t\t\t<\/span>\n\t\t\t\t\t\t\t\t\t\t\t\t<a class=\"elementor-toggle-title\" tabindex=\"0\">Gymnasium<\/a>\n\t\t\t\t\t<\/div>\n\n\t\t\t\t\t<div id=\"elementor-tab-content-2111\" class=\"elementor-tab-content elementor-clearfix\" data-tab=\"1\" role=\"region\" aria-labelledby=\"elementor-tab-title-2111\"><h3>Om dikten<\/h3>\n<h3><span style=\"font-size: 16px; font-weight: normal;\">Dikten \u00e4r en psalm och finns i Svenska Psalmboken (1986) \u2013 psalm nr 119. Dikten skrevs \u00e5r 1819.<\/span><\/h3>\n<h3><span style=\"font-weight: normal;\"><span style=\"font-family: 'Roboto Condensed', 'Roboto Condensed'; font-size: 16px; font-style: normal; font-variant-caps: normal;\">Just den h\u00e4r dikten \u00e4r inte kopplad till n\u00e5gon specifik uppgift, utan h\u00e4r skall du v\u00e4lja ett av f\u00f6rslagen p\u00e5 sidan <a href=\"https:\/\/litteraturbanken.se\/skolan\/poesi-analysmodeller\/\"><u>\u201d6 s\u00e4tt att analysera dikter\u201d<\/u><\/a> .<\/span><span style=\"font-family: 'Roboto Condensed', 'Roboto Condensed'; font-size: 16px; font-style: normal; font-variant-caps: normal;\">&nbsp; Arbeta sedan med dikten med hj\u00e4lp av n\u00e5gon av metoderna d\u00e4r.<\/span><\/span><\/h3><\/div>\n\t\t\t\t<\/div>\n\t\t\t\t\t\t\t\t<\/div>\n\t\t\t\t\t\t<\/div>\n\t\t\t\t<\/div>\n\t\t\t\t\t<\/div>\n\t\t<\/div>\n\t\t\t\t\t<\/div>\n\t\t<\/section>\n\t\t\t\t<div class=\"elementor-element elementor-element-061b3d2 elementor-widget elementor-widget-spacer\" data-id=\"061b3d2\" data-element_type=\"widget\" data-e-type=\"widget\" data-widget_type=\"spacer.default\">\n\t\t\t\t<div class=\"elementor-widget-container\">\n\t\t\t\t\t\t\t<div class=\"elementor-spacer\">\n\t\t\t<div class=\"elementor-spacer-inner\"><\/div>\n\t\t<\/div>\n\t\t\t\t\t\t<\/div>\n\t\t\t\t<\/div>\n\t\t\t\t\t<\/div>\n\t\t<\/div>\n\t\t\t\t\t<\/div>\n\t\t<\/section>\n\t\t\t\t<section class=\"elementor-section elementor-top-section elementor-element elementor-element-363b3ff elementor-section-boxed elementor-section-height-default elementor-section-height-default\" data-id=\"363b3ff\" data-element_type=\"section\" data-e-type=\"section\">\n\t\t\t\t\t\t<div class=\"elementor-container elementor-column-gap-default\">\n\t\t\t\t\t<div class=\"elementor-column elementor-col-100 elementor-top-column elementor-element elementor-element-ce46219\" data-id=\"ce46219\" data-element_type=\"column\" data-e-type=\"column\">\n\t\t\t<div class=\"elementor-widget-wrap elementor-element-populated\">\n\t\t\t\t\t\t<div class=\"elementor-element elementor-element-1904f9c elementor-widget elementor-widget-spacer\" data-id=\"1904f9c\" data-element_type=\"widget\" data-e-type=\"widget\" data-widget_type=\"spacer.default\">\n\t\t\t\t<div class=\"elementor-widget-container\">\n\t\t\t\t\t\t\t<div class=\"elementor-spacer\">\n\t\t\t<div class=\"elementor-spacer-inner\"><\/div>\n\t\t<\/div>\n\t\t\t\t\t\t<\/div>\n\t\t\t\t<\/div>\n\t\t\t\t\t<\/div>\n\t\t<\/div>\n\t\t\t\t\t<\/div>\n\t\t<\/section>\n\t\t\t\t<\/div>\n\t\t","protected":false},"excerpt":{"rendered":"<p>Var h\u00e4lsad sk\u00f6na morgonstund Av Johan Olof Wallin Ur:\u00a0Den gamla psalmboken. Ett urval ur 1695, 1819 och 1937 \u00e5rs psalmb\u00f6cker\u00a0(1819\/2001) \u00a0 \u00a0\u00a0\u00c5rskurs:\u00a0Gymnasium \u00a0 Tema: Gud och m\u00e4nniska, Vinter och jul Var\u00a0h\u00e4lsad,\u00a0sk\u00f6na\u00a0morgonstund,Som av Profeters\u00a0helga\u00a0mun\u00c4r\u00a0oss\u00a0beb\u00e5dad\u00a0vorden!Du\u00a0stora\u00a0dag,\u00a0du\u00a0s\u00e4lla\u00a0dag,P\u00e5\u00a0vilken\u00a0himlens\u00a0v\u00e4lbehag\u00c4nnu\u00a0bes\u00f6ker\u00a0jorden!UngaSjungaMed\u00a0de\u00a0gamla;Sig\u00a0f\u00f6rsamlaJordens\u00a0b\u00f6nerKring\u00a0den\u00a0st\u00f6rste\u00a0av\u00a0dess\u00a0s\u00f6ner. Guds\u00a0v\u00e4sens\u00a0avbild,\u00a0och\u00a0likv\u00e4lEn\u00a0M\u00e4nsko-son,\u00a0p\u00e5\u00a0det\u00a0var\u00a0sj\u00e4lM\u00e5\u00a0glad\u00a0till\u00a0honom\u00a0l\u00e4nda,Han\u00a0kommer,\u00a0f\u00f6ljd\u00a0av\u00a0frid\u00a0och\u00a0hopp,De\u00a0villade\u00a0att\u00a0s\u00f6ka\u00a0oppOch\u00a0hj\u00e4lpa\u00a0de\u00a0el\u00e4nda,V\u00e4rma,N\u00e4rmaTill\u00a0varandraDem,\u00a0som\u00a0vandraK\u00e4rleksl\u00f6sa,Och\u00a0ur\u00a0usla\u00a0brunnar\u00a0\u00f6sa. Han\u00a0t\u00e5rar\u00a0f\u00e4lla\u00a0skall,\u00a0som\u00a0vi,F\u00f6rst\u00e5\u00a0v\u00e5r\u00a0n\u00f6d\u00a0och\u00a0st\u00e5\u00a0oss\u00a0biMed\u00a0kraften\u00a0av\u00a0sin\u00a0Anda\u00a0;F\u00f6rkunna\u00a0oss\u00a0sin\u00a0Faders\u00a0r\u00e5dOch\u00a0s\u00f6tman\u00a0av\u00a0en\u00a0evig\u00a0n\u00e5dI\u00a0sorgekalken\u00a0blanda,Strida,LidaD\u00f6dsens\u00a0sm\u00e4rta,Att\u00a0v\u00e5rt\u00a0hj\u00e4rtaFrid\u00a0m\u00e5\u00a0vinnaOch\u00a0en\u00a0\u00f6ppnad\u00a0himmel\u00a0finna. Han\u00a0kommer,\u00a0till\u00a0v\u00e5r\u00a0fr\u00e4lsning\u00a0s\u00e4nd,Och\u00a0n\u00e5dens\u00a0sol,\u00a0av\u00a0honom\u00a0t\u00e4nd,Skall\u00a0sig\u00a0ej\u00a0mera\u00a0d\u00f6lja.Han\u00a0sj\u00e4lv\u00a0v\u00e5r\u00a0herde\u00a0vara\u00a0vill,Att\u00a0vi\u00a0m\u00e5\u00a0honom\u00a0h\u00f6ra\u00a0tillOch\u00a0honom\u00a0efterf\u00f6lja,N\u00f6jda,H\u00f6jda\u00d6ver\u00a0tiden,Och,\u00a0i\u00a0fridenAv\u00a0hans\u00a0rike,En\u00a0g\u00e5ng\u00a0varda\u00a0honom\u00a0like. L\u00e4s dikten p\u00e5 Litteraturbanken Termer och begrepp Uppgift, Gymnasium Gymnasium Om dikten Dikten \u00e4r en psalm och finns i [&hellip;]<\/p>\n","protected":false},"author":5,"featured_media":0,"parent":0,"menu_order":0,"comment_status":"closed","ping_status":"closed","template":"","meta":{"ocean_post_layout":"full-screen","ocean_both_sidebars_style":"","ocean_both_sidebars_content_width":0,"ocean_both_sidebars_sidebars_width":0,"ocean_sidebar":"0","ocean_second_sidebar":"0","ocean_disable_margins":"enable","ocean_add_body_class":"","ocean_shortcode_before_top_bar":"","ocean_shortcode_after_top_bar":"","ocean_shortcode_before_header":"","ocean_shortcode_after_header":"","ocean_has_shortcode":"","ocean_shortcode_after_title":"","ocean_shortcode_before_footer_widgets":"","ocean_shortcode_after_footer_widgets":"","ocean_shortcode_before_footer_bottom":"","ocean_shortcode_after_footer_bottom":"","ocean_display_top_bar":"default","ocean_display_header":"default","ocean_header_style":"","ocean_center_header_left_menu":"0","ocean_custom_header_template":"0","ocean_custom_logo":0,"ocean_custom_retina_logo":0,"ocean_custom_logo_max_width":0,"ocean_custom_logo_tablet_max_width":0,"ocean_custom_logo_mobile_max_width":0,"ocean_custom_logo_max_height":0,"ocean_custom_logo_tablet_max_height":0,"ocean_custom_logo_mobile_max_height":0,"ocean_header_custom_menu":"0","ocean_menu_typo_font_family":"0","ocean_menu_typo_font_subset":"","ocean_menu_typo_font_size":0,"ocean_menu_typo_font_size_tablet":0,"ocean_menu_typo_font_size_mobile":0,"ocean_menu_typo_font_size_unit":"px","ocean_menu_typo_font_weight":"","ocean_menu_typo_font_weight_tablet":"","ocean_menu_typo_font_weight_mobile":"","ocean_menu_typo_transform":"","ocean_menu_typo_transform_tablet":"","ocean_menu_typo_transform_mobile":"","ocean_menu_typo_line_height":0,"ocean_menu_typo_line_height_tablet":0,"ocean_menu_typo_line_height_mobile":0,"ocean_menu_typo_line_height_unit":"","ocean_menu_typo_spacing":0,"ocean_menu_typo_spacing_tablet":0,"ocean_menu_typo_spacing_mobile":0,"ocean_menu_typo_spacing_unit":"","ocean_menu_link_color":"","ocean_menu_link_color_hover":"","ocean_menu_link_color_active":"","ocean_menu_link_background":"","ocean_menu_link_hover_background":"","ocean_menu_link_active_background":"","ocean_menu_social_links_bg":"","ocean_menu_social_hover_links_bg":"","ocean_menu_social_links_color":"","ocean_menu_social_hover_links_color":"","ocean_disable_title":"on","ocean_disable_heading":"default","ocean_post_title":"","ocean_post_subheading":"","ocean_post_title_style":"","ocean_post_title_background_color":"","ocean_post_title_background":0,"ocean_post_title_bg_image_position":"","ocean_post_title_bg_image_attachment":"","ocean_post_title_bg_image_repeat":"","ocean_post_title_bg_image_size":"","ocean_post_title_height":0,"ocean_post_title_bg_overlay":0.5,"ocean_post_title_bg_overlay_color":"","ocean_disable_breadcrumbs":"default","ocean_breadcrumbs_color":"","ocean_breadcrumbs_separator_color":"","ocean_breadcrumbs_links_color":"","ocean_breadcrumbs_links_hover_color":"","ocean_display_footer_widgets":"default","ocean_display_footer_bottom":"default","ocean_custom_footer_template":"0","footnotes":""},"class_list":["post-11807","page","type-page","status-publish","hentry","entry"],"_links":{"self":[{"href":"https:\/\/litteraturbanken.se\/skolan\/wp-json\/wp\/v2\/pages\/11807","targetHints":{"allow":["GET"]}}],"collection":[{"href":"https:\/\/litteraturbanken.se\/skolan\/wp-json\/wp\/v2\/pages"}],"about":[{"href":"https:\/\/litteraturbanken.se\/skolan\/wp-json\/wp\/v2\/types\/page"}],"author":[{"embeddable":true,"href":"https:\/\/litteraturbanken.se\/skolan\/wp-json\/wp\/v2\/users\/5"}],"replies":[{"embeddable":true,"href":"https:\/\/litteraturbanken.se\/skolan\/wp-json\/wp\/v2\/comments?post=11807"}],"version-history":[{"count":22,"href":"https:\/\/litteraturbanken.se\/skolan\/wp-json\/wp\/v2\/pages\/11807\/revisions"}],"predecessor-version":[{"id":21368,"href":"https:\/\/litteraturbanken.se\/skolan\/wp-json\/wp\/v2\/pages\/11807\/revisions\/21368"}],"wp:attachment":[{"href":"https:\/\/litteraturbanken.se\/skolan\/wp-json\/wp\/v2\/media?parent=11807"}],"curies":[{"name":"wp","href":"https:\/\/api.w.org\/{rel}","templated":true}]}}