{"id":12280,"date":"2019-02-11T09:54:20","date_gmt":"2019-02-11T08:54:20","guid":{"rendered":"https:\/\/litteraturbanken.se\/skoladev\/?page_id=12280"},"modified":"2020-07-02T16:36:49","modified_gmt":"2020-07-02T14:36:49","slug":"att-lasa-lagerlof-med-yngre-elever","status":"publish","type":"page","link":"https:\/\/litteraturbanken.se\/skolan\/att-lasa-lagerlof-med-yngre-elever\/","title":{"rendered":"Prosa\/F\u00f6rfattare\/Selma Lagerl\u00f6f\/Att l\u00e4sa Lagerl\u00f6f med yngre elever"},"content":{"rendered":"\t\t<div data-elementor-type=\"wp-post\" data-elementor-id=\"12280\" class=\"elementor elementor-12280\">\n\t\t\t\t\t\t<section class=\"elementor-section elementor-top-section elementor-element elementor-element-41958bf elementor-section-boxed elementor-section-height-default elementor-section-height-default\" data-id=\"41958bf\" data-element_type=\"section\" data-e-type=\"section\">\n\t\t\t\t\t\t<div class=\"elementor-container elementor-column-gap-default\">\n\t\t\t\t\t<div class=\"elementor-column elementor-col-100 elementor-top-column elementor-element elementor-element-c92f364\" data-id=\"c92f364\" data-element_type=\"column\" data-e-type=\"column\">\n\t\t\t<div class=\"elementor-widget-wrap\">\n\t\t\t\t\t\t\t<\/div>\n\t\t<\/div>\n\t\t\t\t\t<\/div>\n\t\t<\/section>\n\t\t\t\t<section class=\"elementor-section elementor-top-section elementor-element elementor-element-2172f19 elementor-section-full_width elementor-section-height-default elementor-section-height-default\" data-id=\"2172f19\" data-element_type=\"section\" data-e-type=\"section\" data-settings=\"{&quot;background_background&quot;:&quot;classic&quot;}\">\n\t\t\t\t\t\t<div class=\"elementor-container elementor-column-gap-default\">\n\t\t\t\t\t<div class=\"elementor-column elementor-col-25 elementor-top-column elementor-element elementor-element-ac489d6\" data-id=\"ac489d6\" data-element_type=\"column\" data-e-type=\"column\">\n\t\t\t<div class=\"elementor-widget-wrap\">\n\t\t\t\t\t\t\t<\/div>\n\t\t<\/div>\n\t\t\t\t<div class=\"elementor-column elementor-col-25 elementor-top-column elementor-element elementor-element-75b825f\" data-id=\"75b825f\" data-element_type=\"column\" data-e-type=\"column\" data-settings=\"{&quot;background_background&quot;:&quot;classic&quot;}\">\n\t\t\t<div class=\"elementor-widget-wrap elementor-element-populated\">\n\t\t\t\t\t\t<div class=\"elementor-element elementor-element-5862e8f elementor-icon-list--layout-inline elementor-list-item-link-full_width elementor-widget elementor-widget-icon-list\" data-id=\"5862e8f\" data-element_type=\"widget\" data-e-type=\"widget\" data-widget_type=\"icon-list.default\">\n\t\t\t\t<div class=\"elementor-widget-container\">\n\t\t\t\t\t\t\t<ul class=\"elementor-icon-list-items elementor-inline-items\">\n\t\t\t\t\t\t\t<li class=\"elementor-icon-list-item elementor-inline-item\">\n\t\t\t\t\t\t\t\t\t\t\t<a href=\"https:\/\/litteraturbanken.se\/skolan\/wp-content\/uploads\/2019\/02\/LasaLagerlofF-5Lararsidan-5.pdf\" target=\"_blank\">\n\n\t\t\t\t\t\t\t\t\t\t\t\t<span class=\"elementor-icon-list-icon\">\n\t\t\t\t\t\t\t\t\t\t\t\t\t\t\t\t<i class=\"fa fa-file-text-o\" aria-hidden=\"true\"><\/i>\n\t\t\t\t\t\t\t\t\t\t\t\t\t<\/span>\n\t\t\t\t\t\t\t\t\t\t<span class=\"elementor-icon-list-text\">PDF<\/span>\n\t\t\t\t\t\t\t\t\t\t\t<\/a>\n\t\t\t\t\t\t\t\t\t<\/li>\n\t\t\t\t\t\t<\/ul>\n\t\t\t\t\t\t<\/div>\n\t\t\t\t<\/div>\n\t\t\t\t<div class=\"elementor-element elementor-element-ebf5222 elementor-widget elementor-widget-spacer\" data-id=\"ebf5222\" data-element_type=\"widget\" data-e-type=\"widget\" data-widget_type=\"spacer.default\">\n\t\t\t\t<div class=\"elementor-widget-container\">\n\t\t\t\t\t\t\t<div class=\"elementor-spacer\">\n\t\t\t<div class=\"elementor-spacer-inner\"><\/div>\n\t\t<\/div>\n\t\t\t\t\t\t<\/div>\n\t\t\t\t<\/div>\n\t\t\t\t<div class=\"elementor-element elementor-element-7b4ea60 elementor-widget elementor-widget-text-editor\" data-id=\"7b4ea60\" data-element_type=\"widget\" data-e-type=\"widget\" data-widget_type=\"text-editor.default\">\n\t\t\t\t<div class=\"elementor-widget-container\">\n\t\t\t\t\t\t\t\t\t<h1 class=\"elementor-heading-title elementor-size-default\">Att l\u00e4sa Selma Lagerl\u00f6f med yngre elever<\/h1>\t\t\t\t\t\t\t\t<\/div>\n\t\t\t\t<\/div>\n\t\t\t\t<div class=\"elementor-element elementor-element-bbf0c15 elementor-widget elementor-widget-text-editor\" data-id=\"bbf0c15\" data-element_type=\"widget\" data-e-type=\"widget\" data-widget_type=\"text-editor.default\">\n\t\t\t\t<div class=\"elementor-widget-container\">\n\t\t\t\t\t\t\t\t\t<h4>Inneh\u00e5ll:<\/h4><ul><li><span style=\"color: #000000;\">Den heliga natten \u2013 se nedan<\/span><\/li><li><a href=\"https:\/\/litteraturbanken.se\/skolan\/att-lasa-lagerlof-med-yngre-elever-2\/\">F\u00e5gel R\u00f6dbr\u00f6st<\/a>\u00a0<\/li><li><a href=\"https:\/\/litteraturbanken.se\/skolan\/att-lasa-lagerlof-med-yngre-elever-2\/\">Flykten till Egypten<\/a>\u00a0<\/li><li><a href=\"https:\/\/litteraturbanken.se\/skolan\/att-lasa-lagerlof-med-yngre-elever-3\/\">Legenden om f\u00e5gelboet<\/a>\u00a0<\/li><li><a href=\"https:\/\/litteraturbanken.se\/skolan\/att-lasa-lagerlof-med-yngre-elever-3\/\">En julg\u00e4st<\/a>\u00a0<\/li><li><a href=\"https:\/\/litteraturbanken.se\/skolan\/att-lasa-lagerlof-med-yngre-elever-3\/\">Julklappsboken<\/a>\u00a0<\/li><li><a href=\"https:\/\/litteraturbanken.se\/skolan\/att-lasa-lagerlof-med-yngre-elever-4\/\">Bortbytingen<\/a>\u00a0<\/li><li><a href=\"https:\/\/litteraturbanken.se\/skolan\/att-lasa-lagerlof-med-yngre-elever-4\/\">Valdemar Attedag brandskattar Visby<\/a><\/li><li><a href=\"https:\/\/litteraturbanken.se\/skolan\/att-lasa-lagerlof-med-yngre-elever-5\/\">Nils Holgerssons underbara resa genom Sverige<\/a><\/li><\/ul>\t\t\t\t\t\t\t\t<\/div>\n\t\t\t\t<\/div>\n\t\t\t\t<div class=\"elementor-element elementor-element-c1f6836 elementor-widget elementor-widget-text-editor\" data-id=\"c1f6836\" data-element_type=\"widget\" data-e-type=\"widget\" data-widget_type=\"text-editor.default\">\n\t\t\t\t<div class=\"elementor-widget-container\">\n\t\t\t\t\t\t\t\t\t<div class=\"titlepage ng-scope\"><div><div><p class=\"title\"><span class=\"personname\">Selma Lagerl\u00f6f<\/span>\u00a0skrev \u00e4ven f\u00f6r yngre barn och h\u00e4r ges n\u00e5gra f\u00f6rslag p\u00e5 teman och texter att l\u00e4sa tillsammans med skolans yngsta elever fr\u00e5n f\u00f6rskoleklass upp till \u00e5rskurs 5. <span style=\"color: #ff6600;\"><a style=\"color: #ff6600;\" href=\"https:\/\/litteraturbanken.se\/skolan\/?page_id=3644&amp;preview_nonce=ff9deacd7f\"><span style=\"text-decoration: underline;\">En allm\u00e4n orientering i att l\u00e4sa Lagerl\u00f6f i skolan finns\u00a0h\u00e4r.<\/span><\/a><\/span><\/p><p class=\"title\">\u00a0<\/p><\/div><\/div><\/div><div class=\"sect2 ng-scope\"><div class=\"titlepage\"><div><div><h3 class=\"title\"><a id=\"DenHeligaNatten\"><\/a>\u201dDen heliga natten\u201d<\/h3><\/div><\/div><\/div><p><a href=\"https:\/\/litteraturbanken.se\/skolan\/?page_id=1103\">\u201dDen heliga natten\u201d<\/a>\u00a0g\u00e5r att h\u00f6gl\u00e4sa redan fr\u00e5n f\u00f6rskoleklass, dels som en introduktion till vem\u00a0<span class=\"personname\">Selma Lagerl\u00f6f<\/span>\u00a0var och dels som underlag f\u00f6r att samtala om julen och julfirande f\u00f6rr och nu.<\/p><p>Ber\u00e4ttelsen ing\u00e5r i samlingen\u00a0<em><span class=\"italic\">Kristuslegender<\/span><\/em>\u00a0(1904). Den har ocks\u00e5 getts ut i flera skolantologier och som bilderbok med fina illustrationer av\u00a0<span class=\"personname\">Ilon Wikland<\/span>\u00a0(2003), som ocks\u00e5 illustrerat m\u00e5nga av\u00a0<span class=\"personname\">Astrid Lindgrens<\/span>\u00a0ber\u00e4ttelser. Bilderboken kan l\u00e4sas\u00a0<a href=\"https:\/\/litteraturbanken.se\/skolan\/?page_id=1103\">h\u00e4r<\/a>\u00a0och projiceras som storbok, s\u00e5 att barnen hela tiden ser bilderna vid h\u00f6gl\u00e4sningen. Ber\u00e4ttelsen handlar om n\u00e4r\u00a0<span class=\"personname\">Selma Lagerl\u00f6f<\/span>\u00a0var fem \u00e5r och hennes farmor dog. Den handlar ocks\u00e5 om hur\u00a0<span class=\"personname\">Selma Lagerl\u00f6f\u00a0<\/span>som barn fick h\u00f6ra ber\u00e4ttelsen om den heliga julnatten av sin farmor. Sj\u00e4lva ber\u00e4ttelsen om julnatten \u00e5terber\u00e4ttas ocks\u00e5. Ytterligare en ber\u00e4ttelseniv\u00e5 och ett tidsplan i ber\u00e4ttelsen f\u00f6rs in n\u00e4r f\u00f6rfattaren ber\u00e4ttar om hur hon kom att t\u00e4nka p\u00e5 denna ber\u00e4ttelse som hon h\u00f6rde i sin barndom n\u00e4r hon skulle samla in ber\u00e4ttelser till sin ber\u00e4ttelsesamling om Jesus liv.<\/p><p>Inled g\u00e4rna med att ber\u00e4tta om\u00a0<span class=\"personname\">Selma Lagerl\u00f6f<\/span>\u00a0och n\u00e4r hon levde genom att koppla till barnens egen familjehistoria cirka fem generationer tillbaka i tiden. Konkretisera 1860-talet, d\u00e5 ber\u00e4ttelsens utspelas, genom att fr\u00e5ga barnen om vi idag kan k\u00e4nna m\u00e4nniskor som k\u00e4nt m\u00e4nniskor som var barn p\u00e5 1860-talet. Fr\u00e5ga eventuellt ocks\u00e5 om n\u00e4r de tror att\u00a0<span class=\"personname\">Selma Lagerl\u00f6fs<\/span>\u00a0farmor f\u00f6ddes. Fr\u00e5ga om n\u00e5gon vet n\u00e4r deras egen farmor eller mormor f\u00f6ddes. G\u00f6r med hj\u00e4lp av dessa uppgifter en tidslinje tillsammans med barnen med mark\u00f6rer exempelvis f\u00f6r slutet av 1700-talet, 1858 d\u00e5\u00a0<span class=\"personname\">Lagerl\u00f6f\u00a0<\/span>f\u00f6ddes, 1904 d\u00e5 ber\u00e4ttelsen skrevs och 1940 n\u00e4r\u00a0<span class=\"personname\">Selma Lagerl\u00f6f<\/span>\u00a0dog. Skriv ocks\u00e5 in n\u00e5gra av barnens far\/morf\u00f6r\u00e4ldrars och f\u00f6r\u00e4ldrars f\u00f6delse\u00e5r samt barnens f\u00f6delse\u00e5r och avsluta med \u00e5rets \u00e5r.<\/p><p>En m\u00f6jlighet \u00e4r ocks\u00e5 att koppla till Nobeldagen den 10 december och ber\u00e4tta att\u00a0<span class=\"personname\">Selma Lagerl\u00f6f<\/span>\u00a01909 var den f\u00f6rsta svensken som fick Nobelpriset i litteratur och att barnen nu ska f\u00e5 h\u00f6ra en ber\u00e4ttelse som hon har skrivit.<\/p><p>Efter att barnen har h\u00f6rt ber\u00e4ttelsen b\u00f6rja g\u00e4rna samtalet med att fr\u00e5ga hur m\u00e5nga ber\u00e4ttelser det finns i den h\u00e4r ber\u00e4ttelsen. Samtala ocks\u00e5 om p\u00e5 vilka olika tidsplan de olika ber\u00e4ttelserna utspelas. Utred tillsammans vad de olika ber\u00e4ttelserna handlar om och p\u00e5 vilka olika tidsplan de r\u00f6r sig. \u00c5terknyt till en tidslinje genom att fr\u00e5ga n\u00e4r ber\u00e4ttelsen om den heliga natten utspelas. Fr\u00e5ga vad \u00e5r 0 \u00e4r. Ber\u00e4tta om hur vi anger tid i form av tusental, hundratal och tiotal.<\/p><p>Ingenstans i ber\u00e4ttelsen s\u00e4gs uttryckligen att det lilla nyf\u00f6dda barnet som beh\u00f6ver eld \u00e4r Jesusbarnet. Fr\u00e5ga barnen vem de tror att den nyf\u00f6dda \u00e4r och varf\u00f6r de tror s\u00e5. Fundera ocks\u00e5 \u00f6ver om det kan handla om ett annat barn som r\u00e5kade f\u00f6das samma natt.<\/p><p>J\u00e4mf\u00f6r eventuellt\u00a0<a href=\"https:\/\/litteraturbanken.se\/skolan\/?page_id=1103\">\u201dDen heliga natten\u201d<\/a>\u00a0med hur det ber\u00e4ttas om Jesus f\u00f6delse i\u00a0<a class=\"ulink\" href=\"https:\/\/litteraturbanken.se\/#!\/forfattare\/Anonym\/titlar\/Bibel2000\/sida\/1\/etext\" target=\"_blank\" rel=\"noopener\"><em>Bibeln<\/em><\/a>\u00a0och <em>Koranen<\/em>. Notera likheter och skillnader och samtala om hur de tror att\u00a0<span class=\"personname\">Selma Lagerl\u00f6fs<\/span>\u00a0farmor kan ha inspirerats till sin ber\u00e4ttelse. Led eventuellt samtalet vidare till att handla om Jesus som historisk person och om Jesus betydelse f\u00f6r kristendomen, islam och judendomen. Ber\u00e4tta om kristendomens f\u00f6rh\u00e5llande till judendom och islam och julens betydelse i kristendomen.<\/p><p>Samtala om begreppet inspiration. Fr\u00e5ga barnen om de sj\u00e4lva har upplevt att julnatten skulle vara speciell. Ge eventuellt till uppgift att med inspiration fr\u00e5n\u00a0<span class=\"personname\">Lagerl\u00f6fs<\/span>\u00a0ber\u00e4ttelse och\/eller egna upplevelser skriva och\/eller rita om en julnatt d\u00e4r de sj\u00e4lva \u00e4r n\u00e4rvarande i ber\u00e4ttelsen.<\/p><p>Ge barnen i uppgift att \u00e5terber\u00e4tta\u00a0<a href=\"https:\/\/litteraturbanken.se\/skolan\/?page_id=1103\">\u201dDen heliga natten\u201d<\/a>\u00a0med hj\u00e4lp av Ilon Wiklands bilder. Exempelvis kan barnen antingen enskilt eller i par ansvara f\u00f6r en bild var och f\u00f6rbereda hur de ska ber\u00e4tta med utg\u00e5ngspunkt i den.<\/p><\/div>\t\t\t\t\t\t\t\t<\/div>\n\t\t\t\t<\/div>\n\t\t\t\t<div class=\"elementor-element elementor-element-b9259cd elementor-widget elementor-widget-spacer\" data-id=\"b9259cd\" data-element_type=\"widget\" data-e-type=\"widget\" data-widget_type=\"spacer.default\">\n\t\t\t\t<div class=\"elementor-widget-container\">\n\t\t\t\t\t\t\t<div class=\"elementor-spacer\">\n\t\t\t<div class=\"elementor-spacer-inner\"><\/div>\n\t\t<\/div>\n\t\t\t\t\t\t<\/div>\n\t\t\t\t<\/div>\n\t\t\t\t<section class=\"elementor-section elementor-inner-section elementor-element elementor-element-d8c7f0f elementor-section-boxed elementor-section-height-default elementor-section-height-default\" data-id=\"d8c7f0f\" data-element_type=\"section\" data-e-type=\"section\">\n\t\t\t\t\t\t<div class=\"elementor-container elementor-column-gap-default\">\n\t\t\t\t\t<div class=\"elementor-column elementor-col-50 elementor-inner-column elementor-element elementor-element-36da42c\" data-id=\"36da42c\" data-element_type=\"column\" data-e-type=\"column\">\n\t\t\t<div class=\"elementor-widget-wrap\">\n\t\t\t\t\t\t\t<\/div>\n\t\t<\/div>\n\t\t\t\t<div class=\"elementor-column elementor-col-50 elementor-inner-column elementor-element elementor-element-edddae0\" data-id=\"edddae0\" data-element_type=\"column\" data-e-type=\"column\">\n\t\t\t<div class=\"elementor-widget-wrap elementor-element-populated\">\n\t\t\t\t\t\t<div class=\"elementor-element elementor-element-71ed004 elementor-view-default elementor-widget elementor-widget-icon\" data-id=\"71ed004\" data-element_type=\"widget\" data-e-type=\"widget\" data-widget_type=\"icon.default\">\n\t\t\t\t<div class=\"elementor-widget-container\">\n\t\t\t\t\t\t\t<div class=\"elementor-icon-wrapper\">\n\t\t\t<a class=\"elementor-icon\" href=\"https:\/\/litteraturbanken.se\/skolan\/?page_id=12286&#038;preview_nonce=e0a375627b\">\n\t\t\t\t\t\t\t<i class=\"fa fa-chevron-right\" aria-hidden=\"true\"><\/i>\n\t\t\t\t\t\t<\/a>\n\t\t<\/div>\n\t\t\t\t\t\t<\/div>\n\t\t\t\t<\/div>\n\t\t\t\t\t<\/div>\n\t\t<\/div>\n\t\t\t\t\t<\/div>\n\t\t<\/section>\n\t\t\t\t\t<\/div>\n\t\t<\/div>\n\t\t\t\t<div class=\"elementor-column elementor-col-25 elementor-top-column elementor-element elementor-element-eae7c8a\" data-id=\"eae7c8a\" data-element_type=\"column\" data-e-type=\"column\">\n\t\t\t<div class=\"elementor-widget-wrap elementor-element-populated\">\n\t\t\t\t\t\t<div class=\"elementor-element elementor-element-8a85334 elementor-widget elementor-widget-spacer\" data-id=\"8a85334\" data-element_type=\"widget\" data-e-type=\"widget\" data-widget_type=\"spacer.default\">\n\t\t\t\t<div class=\"elementor-widget-container\">\n\t\t\t\t\t\t\t<div class=\"elementor-spacer\">\n\t\t\t<div class=\"elementor-spacer-inner\"><\/div>\n\t\t<\/div>\n\t\t\t\t\t\t<\/div>\n\t\t\t\t<\/div>\n\t\t\t\t<div class=\"elementor-element elementor-element-5eb2a78 elementor-widget elementor-widget-image\" data-id=\"5eb2a78\" data-element_type=\"widget\" data-e-type=\"widget\" data-widget_type=\"image.default\">\n\t\t\t\t<div class=\"elementor-widget-container\">\n\t\t\t\t\t\t\t\t\t\t\t\t\t\t\t<img fetchpriority=\"high\" decoding=\"async\" width=\"727\" height=\"1024\" src=\"https:\/\/litteraturbanken.se\/skolan\/wp-content\/uploads\/2018\/08\/Atelje_Jaeger_-_Selma_Lagerl\u00f6f_1928-727x1024.jpeg\" class=\"attachment-large size-large wp-image-4469\" alt=\"\" srcset=\"https:\/\/litteraturbanken.se\/skolan\/wp-content\/uploads\/2018\/08\/Atelje_Jaeger_-_Selma_Lagerl\u00f6f_1928-727x1024.jpeg 727w, https:\/\/litteraturbanken.se\/skolan\/wp-content\/uploads\/2018\/08\/Atelje_Jaeger_-_Selma_Lagerl\u00f6f_1928-213x300.jpeg 213w, https:\/\/litteraturbanken.se\/skolan\/wp-content\/uploads\/2018\/08\/Atelje_Jaeger_-_Selma_Lagerl\u00f6f_1928-768x1081.jpeg 768w\" sizes=\"(max-width: 727px) 100vw, 727px\" \/>\t\t\t\t\t\t\t\t\t\t\t\t\t\t\t<\/div>\n\t\t\t\t<\/div>\n\t\t\t\t<div class=\"elementor-element elementor-element-b5cc04a elementor-widget elementor-widget-spacer\" data-id=\"b5cc04a\" data-element_type=\"widget\" data-e-type=\"widget\" data-widget_type=\"spacer.default\">\n\t\t\t\t<div class=\"elementor-widget-container\">\n\t\t\t\t\t\t\t<div class=\"elementor-spacer\">\n\t\t\t<div class=\"elementor-spacer-inner\"><\/div>\n\t\t<\/div>\n\t\t\t\t\t\t<\/div>\n\t\t\t\t<\/div>\n\t\t\t\t\t<\/div>\n\t\t<\/div>\n\t\t\t\t<div class=\"elementor-column elementor-col-25 elementor-top-column elementor-element elementor-element-39ef3dc\" data-id=\"39ef3dc\" data-element_type=\"column\" data-e-type=\"column\">\n\t\t\t<div class=\"elementor-widget-wrap elementor-element-populated\">\n\t\t\t\t\t\t<div class=\"elementor-element elementor-element-4238d79 elementor-widget elementor-widget-spacer\" data-id=\"4238d79\" data-element_type=\"widget\" data-e-type=\"widget\" data-widget_type=\"spacer.default\">\n\t\t\t\t<div class=\"elementor-widget-container\">\n\t\t\t\t\t\t\t<div class=\"elementor-spacer\">\n\t\t\t<div class=\"elementor-spacer-inner\"><\/div>\n\t\t<\/div>\n\t\t\t\t\t\t<\/div>\n\t\t\t\t<\/div>\n\t\t\t\t<div class=\"elementor-element elementor-element-9b2555c elementor-widget elementor-widget-spacer\" data-id=\"9b2555c\" data-element_type=\"widget\" data-e-type=\"widget\" data-widget_type=\"spacer.default\">\n\t\t\t\t<div class=\"elementor-widget-container\">\n\t\t\t\t\t\t\t<div class=\"elementor-spacer\">\n\t\t\t<div class=\"elementor-spacer-inner\"><\/div>\n\t\t<\/div>\n\t\t\t\t\t\t<\/div>\n\t\t\t\t<\/div>\n\t\t\t\t\t<\/div>\n\t\t<\/div>\n\t\t\t\t\t<\/div>\n\t\t<\/section>\n\t\t\t\t<\/div>\n\t\t","protected":false},"excerpt":{"rendered":"<p>PDF Att l\u00e4sa Selma Lagerl\u00f6f med yngre elever Inneh\u00e5ll: Den heliga natten \u2013 se nedan F\u00e5gel R\u00f6dbr\u00f6st\u00a0 Flykten till Egypten\u00a0 Legenden om f\u00e5gelboet\u00a0 En julg\u00e4st\u00a0 Julklappsboken\u00a0 Bortbytingen\u00a0 Valdemar Attedag brandskattar Visby Nils Holgerssons underbara resa genom Sverige Selma Lagerl\u00f6f\u00a0skrev \u00e4ven f\u00f6r yngre barn och h\u00e4r ges n\u00e5gra f\u00f6rslag p\u00e5 teman och texter att l\u00e4sa tillsammans [&hellip;]<\/p>\n","protected":false},"author":5,"featured_media":0,"parent":0,"menu_order":0,"comment_status":"closed","ping_status":"closed","template":"","meta":{"ocean_post_layout":"full-screen","ocean_both_sidebars_style":"","ocean_both_sidebars_content_width":0,"ocean_both_sidebars_sidebars_width":0,"ocean_sidebar":"0","ocean_second_sidebar":"0","ocean_disable_margins":"enable","ocean_add_body_class":"","ocean_shortcode_before_top_bar":"","ocean_shortcode_after_top_bar":"","ocean_shortcode_before_header":"","ocean_shortcode_after_header":"","ocean_has_shortcode":"","ocean_shortcode_after_title":"","ocean_shortcode_before_footer_widgets":"","ocean_shortcode_after_footer_widgets":"","ocean_shortcode_before_footer_bottom":"","ocean_shortcode_after_footer_bottom":"","ocean_display_top_bar":"default","ocean_display_header":"default","ocean_header_style":"","ocean_center_header_left_menu":"0","ocean_custom_header_template":"0","ocean_custom_logo":0,"ocean_custom_retina_logo":0,"ocean_custom_logo_max_width":0,"ocean_custom_logo_tablet_max_width":0,"ocean_custom_logo_mobile_max_width":0,"ocean_custom_logo_max_height":0,"ocean_custom_logo_tablet_max_height":0,"ocean_custom_logo_mobile_max_height":0,"ocean_header_custom_menu":"0","ocean_menu_typo_font_family":"0","ocean_menu_typo_font_subset":"","ocean_menu_typo_font_size":0,"ocean_menu_typo_font_size_tablet":0,"ocean_menu_typo_font_size_mobile":0,"ocean_menu_typo_font_size_unit":"px","ocean_menu_typo_font_weight":"","ocean_menu_typo_font_weight_tablet":"","ocean_menu_typo_font_weight_mobile":"","ocean_menu_typo_transform":"","ocean_menu_typo_transform_tablet":"","ocean_menu_typo_transform_mobile":"","ocean_menu_typo_line_height":0,"ocean_menu_typo_line_height_tablet":0,"ocean_menu_typo_line_height_mobile":0,"ocean_menu_typo_line_height_unit":"","ocean_menu_typo_spacing":0,"ocean_menu_typo_spacing_tablet":0,"ocean_menu_typo_spacing_mobile":0,"ocean_menu_typo_spacing_unit":"","ocean_menu_link_color":"","ocean_menu_link_color_hover":"","ocean_menu_link_color_active":"","ocean_menu_link_background":"","ocean_menu_link_hover_background":"","ocean_menu_link_active_background":"","ocean_menu_social_links_bg":"","ocean_menu_social_hover_links_bg":"","ocean_menu_social_links_color":"","ocean_menu_social_hover_links_color":"","ocean_disable_title":"on","ocean_disable_heading":"default","ocean_post_title":"","ocean_post_subheading":"","ocean_post_title_style":"","ocean_post_title_background_color":"","ocean_post_title_background":0,"ocean_post_title_bg_image_position":"","ocean_post_title_bg_image_attachment":"","ocean_post_title_bg_image_repeat":"","ocean_post_title_bg_image_size":"","ocean_post_title_height":0,"ocean_post_title_bg_overlay":0.5,"ocean_post_title_bg_overlay_color":"","ocean_disable_breadcrumbs":"default","ocean_breadcrumbs_color":"","ocean_breadcrumbs_separator_color":"","ocean_breadcrumbs_links_color":"","ocean_breadcrumbs_links_hover_color":"","ocean_display_footer_widgets":"default","ocean_display_footer_bottom":"default","ocean_custom_footer_template":"0","footnotes":""},"class_list":["post-12280","page","type-page","status-publish","hentry","entry"],"_links":{"self":[{"href":"https:\/\/litteraturbanken.se\/skolan\/wp-json\/wp\/v2\/pages\/12280","targetHints":{"allow":["GET"]}}],"collection":[{"href":"https:\/\/litteraturbanken.se\/skolan\/wp-json\/wp\/v2\/pages"}],"about":[{"href":"https:\/\/litteraturbanken.se\/skolan\/wp-json\/wp\/v2\/types\/page"}],"author":[{"embeddable":true,"href":"https:\/\/litteraturbanken.se\/skolan\/wp-json\/wp\/v2\/users\/5"}],"replies":[{"embeddable":true,"href":"https:\/\/litteraturbanken.se\/skolan\/wp-json\/wp\/v2\/comments?post=12280"}],"version-history":[{"count":18,"href":"https:\/\/litteraturbanken.se\/skolan\/wp-json\/wp\/v2\/pages\/12280\/revisions"}],"predecessor-version":[{"id":21617,"href":"https:\/\/litteraturbanken.se\/skolan\/wp-json\/wp\/v2\/pages\/12280\/revisions\/21617"}],"wp:attachment":[{"href":"https:\/\/litteraturbanken.se\/skolan\/wp-json\/wp\/v2\/media?parent=12280"}],"curies":[{"name":"wp","href":"https:\/\/api.w.org\/{rel}","templated":true}]}}