{"id":12286,"date":"2019-02-11T10:08:16","date_gmt":"2019-02-11T09:08:16","guid":{"rendered":"https:\/\/litteraturbanken.se\/skoladev\/?page_id=12286"},"modified":"2020-06-30T12:23:54","modified_gmt":"2020-06-30T10:23:54","slug":"att-lasa-lagerlof-med-yngre-elever-2","status":"publish","type":"page","link":"https:\/\/litteraturbanken.se\/skolan\/att-lasa-lagerlof-med-yngre-elever-2\/","title":{"rendered":"Prosa\/F\u00f6rfattare\/Selma Lagerl\u00f6f\/Att l\u00e4sa Lagerl\u00f6f med yngre elever 2"},"content":{"rendered":"\t\t<div data-elementor-type=\"wp-post\" data-elementor-id=\"12286\" class=\"elementor elementor-12286\">\n\t\t\t\t\t\t<section class=\"elementor-section elementor-top-section elementor-element elementor-element-5394d7e elementor-section-boxed elementor-section-height-default elementor-section-height-default\" data-id=\"5394d7e\" data-element_type=\"section\" data-e-type=\"section\">\n\t\t\t\t\t\t<div class=\"elementor-container elementor-column-gap-default\">\n\t\t\t\t\t<div class=\"elementor-column elementor-col-100 elementor-top-column elementor-element elementor-element-795ffc7\" data-id=\"795ffc7\" data-element_type=\"column\" data-e-type=\"column\">\n\t\t\t<div class=\"elementor-widget-wrap\">\n\t\t\t\t\t\t\t<\/div>\n\t\t<\/div>\n\t\t\t\t\t<\/div>\n\t\t<\/section>\n\t\t\t\t<section class=\"elementor-section elementor-top-section elementor-element elementor-element-812f9d8 elementor-section-full_width elementor-section-height-default elementor-section-height-default\" data-id=\"812f9d8\" data-element_type=\"section\" data-e-type=\"section\" data-settings=\"{&quot;background_background&quot;:&quot;classic&quot;}\">\n\t\t\t\t\t\t<div class=\"elementor-container elementor-column-gap-default\">\n\t\t\t\t\t<div class=\"elementor-column elementor-col-25 elementor-top-column elementor-element elementor-element-4cb4372\" data-id=\"4cb4372\" data-element_type=\"column\" data-e-type=\"column\">\n\t\t\t<div class=\"elementor-widget-wrap\">\n\t\t\t\t\t\t\t<\/div>\n\t\t<\/div>\n\t\t\t\t<div class=\"elementor-column elementor-col-25 elementor-top-column elementor-element elementor-element-089dcd8\" data-id=\"089dcd8\" data-element_type=\"column\" data-e-type=\"column\" data-settings=\"{&quot;background_background&quot;:&quot;classic&quot;}\">\n\t\t\t<div class=\"elementor-widget-wrap elementor-element-populated\">\n\t\t\t\t\t\t<div class=\"elementor-element elementor-element-82bf558 elementor-icon-list--layout-inline elementor-list-item-link-full_width elementor-widget elementor-widget-icon-list\" data-id=\"82bf558\" data-element_type=\"widget\" data-e-type=\"widget\" data-widget_type=\"icon-list.default\">\n\t\t\t\t<div class=\"elementor-widget-container\">\n\t\t\t\t\t\t\t<ul class=\"elementor-icon-list-items elementor-inline-items\">\n\t\t\t\t\t\t\t<li class=\"elementor-icon-list-item elementor-inline-item\">\n\t\t\t\t\t\t\t\t\t\t\t<a href=\"https:\/\/litteraturbanken.se\/skolan\/wp-content\/uploads\/2019\/02\/LasaLagerlofF-5Lararsidan-5.pdf\" target=\"_blank\">\n\n\t\t\t\t\t\t\t\t\t\t\t\t<span class=\"elementor-icon-list-icon\">\n\t\t\t\t\t\t\t\t\t\t\t\t\t\t\t\t<i class=\"fa fa-file-text-o\" aria-hidden=\"true\"><\/i>\n\t\t\t\t\t\t\t\t\t\t\t\t\t<\/span>\n\t\t\t\t\t\t\t\t\t\t<span class=\"elementor-icon-list-text\">PDF<\/span>\n\t\t\t\t\t\t\t\t\t\t\t<\/a>\n\t\t\t\t\t\t\t\t\t<\/li>\n\t\t\t\t\t\t<\/ul>\n\t\t\t\t\t\t<\/div>\n\t\t\t\t<\/div>\n\t\t\t\t<div class=\"elementor-element elementor-element-c65b645 elementor-widget elementor-widget-spacer\" data-id=\"c65b645\" data-element_type=\"widget\" data-e-type=\"widget\" data-widget_type=\"spacer.default\">\n\t\t\t\t<div class=\"elementor-widget-container\">\n\t\t\t\t\t\t\t<div class=\"elementor-spacer\">\n\t\t\t<div class=\"elementor-spacer-inner\"><\/div>\n\t\t<\/div>\n\t\t\t\t\t\t<\/div>\n\t\t\t\t<\/div>\n\t\t\t\t<div class=\"elementor-element elementor-element-f335f6f elementor-widget elementor-widget-text-editor\" data-id=\"f335f6f\" data-element_type=\"widget\" data-e-type=\"widget\" data-widget_type=\"text-editor.default\">\n\t\t\t\t<div class=\"elementor-widget-container\">\n\t\t\t\t\t\t\t\t\t<h1 class=\"elementor-heading-title elementor-size-default\">Att l\u00e4sa Selma Lagerl\u00f6f med yngre elever<\/h1>\t\t\t\t\t\t\t\t<\/div>\n\t\t\t\t<\/div>\n\t\t\t\t<div class=\"elementor-element elementor-element-765da20 elementor-widget elementor-widget-text-editor\" data-id=\"765da20\" data-element_type=\"widget\" data-e-type=\"widget\" data-widget_type=\"text-editor.default\">\n\t\t\t\t<div class=\"elementor-widget-container\">\n\t\t\t\t\t\t\t\t\t<div class=\"titlepage ng-scope\"><div><div>\u00a0<\/div><\/div><\/div><div class=\"sect2 ng-scope\"><h2>Andra ber\u00e4ttelser med biblisk anknytning<\/h2><\/div><div class=\"sect2 ng-scope\"><p>F\u00f6rutom\u00a0<a href=\"https:\/\/litteraturbanken.se\/skolan\/?page_id=1103\">\u201dDen heliga natten\u201d<\/a>\u00a0har\u00a0<span class=\"personname\">Selma Lagerl\u00f6f<\/span>\u00a0skrivit ytterligare ett par ber\u00e4ttelser som l\u00e4mpar sig v\u00e4l att h\u00f6gl\u00e4sa i \u00e5rskurserna 1\u20133 i anslutning till undervisning om centrala ber\u00e4ttelser i Bibeln och deras inneb\u00f6rd. Dessa \u00e4r\u00a0<a href=\"https:\/\/litteraturbanken.se\/skolan\/?page_id=4775&amp;preview_nonce=13a8b3f48c\">\u201dFlykten till Egypten\u201d<\/a>\u00a0och\u00a0<a href=\"https:\/\/litteraturbanken.se\/skolan\/?page_id=7713&amp;preview_nonce=cedd5d2aab\">\u201dF\u00e5gel R\u00f6dbr\u00f6st\u201d<\/a>.<\/p><div class=\"sect3\"><div class=\"titlepage\"><div><div><h3 class=\"title\">\u201dF\u00e5gel R\u00f6dbr\u00f6st\u201d<\/h3><\/div><\/div><\/div><p><a class=\"ulink\" href=\"https:\/\/litteraturbanken.se\/#!\/forfattare\/LagerlofS\/titlar\/Kristuslegender\/sida\/173\/etext\" target=\"_blank\" rel=\"noopener\">\u201dF\u00e5gel R\u00f6dbr\u00f6st\u201d<\/a>\u00a0\u00e4r tryckt i\u00a0<em><span class=\"italic\">Kristuslegender<\/span><\/em>\u00a0(1904), men \u00e4r snarare en djurber\u00e4ttelse eller\u00a0<em class=\"glossterm\">fabel<\/em>, eftersom den handlar om djur som t\u00e4nker, talar och handlar som m\u00e4nniskor och man kan dra en etisk och moralisk slutsats av texten. Den ing\u00e5r i samma tradition som\u00a0<span class=\"personname\">Rudyard Kiplings<\/span>\u00a0<em><span class=\"italic\">Just s\u00e5-historier<\/span><\/em>\u00a0som kom ut tv\u00e5 \u00e5r tidigare.\u00a0<span class=\"personname\">Kiplings\u00a0<\/span>historier ber\u00e4ttar hur elefanten fick sin l\u00e5nga snabel, hur leoparden fick sina fl\u00e4ckar o s v.\u00a0<span class=\"personname\">Lagerl\u00f6fs<\/span>\u00a0legend har en mer kristen ton med Gud som en aktiv samtalspartner till f\u00e5geln. En god l\u00e4sf\u00f6rberedelse kan vara att l\u00e4sa n\u00e5gon av\u00a0<span class=\"personname\">Kiplings<\/span>\u00a0<em>Just s\u00e5-historier<\/em>, g\u00e4rna en av dem som\u00a0<span class=\"personname\">Lars Klinting<\/span>\u00a0har illustrerat. Har man tid kan eleverna f\u00e5 skriva egna \u201dJust s\u00e5-historier\u201d, d v s. t\u00e4nka ut djur som har ett lite annorlunda utseende och skriva en f\u00f6rklaring till hur det har f\u00e5tt sitt utseende.<\/p><p>Eleverna kan f\u00e5 i uppgift att ta reda p\u00e5 hur en steglits ser ut, f\u00f6r att f\u00f6rst\u00e5 uttrycket att steglitsen fick sin f\u00e4rg genom att V\u00e5r herre torkade av sina penslar med olika f\u00e4rger p\u00e5 f\u00e5geln.<\/p><p>De kan ocks\u00e5 ta fram en bild av en r\u00f6dhake s\u00e5 att de ser den r\u00f6da f\u00e4rgen p\u00e5 f\u00e5gelns br\u00f6st.<\/p><p><a href=\"https:\/\/litteraturbanken.se\/skolan\/?page_id=7713&amp;preview_nonce=cedd5d2aab\">\u201dF\u00e5gel R\u00f6dbr\u00f6st\u201d<\/a>\u00a0l\u00e4ses sedan h\u00f6gt av l\u00e4raren fram till meningen \u201dJag har kallat dig R\u00f6dbr\u00f6st och R\u00f6dbr\u00f6st ska du heta, men du f\u00e5r sj\u00e4lv se till att du kan f\u00f6rtj\u00e4na dina r\u00f6da br\u00f6stfj\u00e4drar.\u201d H\u00e4r kan eleverna f\u00e5 i uppgift att spekulera i hur f\u00e5geln f\u00e5r sin r\u00f6da f\u00e4rg och skriva ner det. Eleverna kan l\u00e4sa upp sina olika f\u00f6rslag och diskutera dem tillsammans innan l\u00e4raren l\u00e4ser f\u00e4rdigt texten.<\/p><div class=\"sidebar_parent\"><p>Avslutningen kr\u00e4ver en hel del f\u00f6rklaring och samtal och eleverna kommer s\u00e4kert med m\u00e5nga fr\u00e5gor kring korsf\u00e4stelse och Kristus.<\/p><div class=\"sidebar\"><div class=\"titlepage\">\u00a0<\/div><p>\u201dF\u00e5gel R\u00f6dbr\u00f6st\u201d finns i\u00a0<em><span class=\"italic\">Arena antologi 3<\/span><\/em>\u00a0(2007), red.\u00a0<span class=\"personname\">Lena Nor\u00e9e\u00a0<\/span>och\u00a0<span class=\"personname\">Ulrika Lund\u00e9n<\/span>.<\/p><p>I boken\u00a0<em><span class=\"italic\">Selma Lagerl\u00f6f i m\u00e5ngfaldens klassrum<\/span><\/em>\u00a0(2011) beskriver didaktikforskaren\u00a0<span class=\"personname\">Gunilla Molloy\u00a0<\/span>hur erfarna l\u00e4rare arbetar med texter av\u00a0<span class=\"personname\">Selma Lagerl\u00f6f<\/span>, bland annat <a href=\"https:\/\/litteraturbanken.se\/skolan\/?page_id=7631&amp;preview_nonce=ed399f04c5\">\u201dBortbytingen\u201d<\/a> i en fj\u00e4rdeklass och <a href=\"https:\/\/litteraturbanken.se\/skolan\/?page_id=7713&amp;preview_nonce=cedd5d2aab\">\u201dF\u00e5gel R\u00f6dbr\u00f6st\u201d<\/a> i en sj\u00e4tteklass.<\/p><\/div><\/div><\/div><div class=\"sect3\"><div class=\"titlepage\"><div><div><h3 class=\"title\">\u201dFlykten till Egypten\u201d<\/h3><\/div><\/div><\/div><p><a href=\"https:\/\/litteraturbanken.se\/skolan\/?page_id=4775&amp;preview_nonce=13a8b3f48c\">\u201dFlykten till Egypten\u201d<\/a>\u00a0i\u00a0<em><span class=\"italic\">Drottningar i Kungah\u00e4lla j\u00e4mte andra ber\u00e4ttelser\u00a0<\/span><\/em>(1899) handlar om hur Josef och Maria \u00e4r p\u00e5 flykt undan kung Herodes, som ville d\u00f6da alla pojkar under tv\u00e5 \u00e5rs \u00e5lder i Betlehem, n\u00e4r Jesus blivit f\u00f6dd. L\u00e4s ber\u00e4ttelsen h\u00f6gt och l\u00e5t eleverna illustrera novellen. Fundera tillsammans \u00f6ver vad det \u00e4r som ber\u00e4ttas och vem det \u00e4r som ber\u00e4ttar: vem var barnet? Vem var kung Herodes, drottningen av Saba och kung Salomo? L\u00e4s sedan om flykten till Egypten i <em>Bibel f\u00f6r barn<\/em> och reflektera tillsammans \u00f6ver skillnader och likheter mellan s\u00e4tten att ber\u00e4tta samma historia.<\/p><p>Eleverna kan ocks\u00e5 f\u00e5 till uppgift att sj\u00e4lva f\u00f6rest\u00e4lla sig att de \u00e4r ett tr\u00e4d som st\u00e5r antingen i en park eller i en skog d\u00e4r m\u00e4nniskor passerar och skriva och ber\u00e4tta vad de ser och vad de t\u00e4nker.<\/p><\/div><\/div>\t\t\t\t\t\t\t\t<\/div>\n\t\t\t\t<\/div>\n\t\t\t\t<div class=\"elementor-element elementor-element-67c54d2 elementor-widget elementor-widget-spacer\" data-id=\"67c54d2\" data-element_type=\"widget\" data-e-type=\"widget\" data-widget_type=\"spacer.default\">\n\t\t\t\t<div class=\"elementor-widget-container\">\n\t\t\t\t\t\t\t<div class=\"elementor-spacer\">\n\t\t\t<div class=\"elementor-spacer-inner\"><\/div>\n\t\t<\/div>\n\t\t\t\t\t\t<\/div>\n\t\t\t\t<\/div>\n\t\t\t\t<section class=\"elementor-section elementor-inner-section elementor-element elementor-element-37ef5cb elementor-section-boxed elementor-section-height-default elementor-section-height-default\" data-id=\"37ef5cb\" data-element_type=\"section\" data-e-type=\"section\">\n\t\t\t\t\t\t<div class=\"elementor-container elementor-column-gap-default\">\n\t\t\t\t\t<div class=\"elementor-column elementor-col-50 elementor-inner-column elementor-element elementor-element-3e5faf6\" data-id=\"3e5faf6\" data-element_type=\"column\" data-e-type=\"column\">\n\t\t\t<div class=\"elementor-widget-wrap elementor-element-populated\">\n\t\t\t\t\t\t<div class=\"elementor-element elementor-element-d68afbd elementor-view-default elementor-widget elementor-widget-icon\" data-id=\"d68afbd\" data-element_type=\"widget\" data-e-type=\"widget\" data-widget_type=\"icon.default\">\n\t\t\t\t<div class=\"elementor-widget-container\">\n\t\t\t\t\t\t\t<div class=\"elementor-icon-wrapper\">\n\t\t\t<a class=\"elementor-icon\" href=\"https:\/\/litteraturbanken.se\/skolan\/?page_id=12280&#038;preview_nonce=8a4a3d99c9\">\n\t\t\t\t\t\t\t<i class=\"fa fa-chevron-left\" aria-hidden=\"true\"><\/i>\n\t\t\t\t\t\t<\/a>\n\t\t<\/div>\n\t\t\t\t\t\t<\/div>\n\t\t\t\t<\/div>\n\t\t\t\t\t<\/div>\n\t\t<\/div>\n\t\t\t\t<div class=\"elementor-column elementor-col-50 elementor-inner-column elementor-element elementor-element-5439559\" data-id=\"5439559\" data-element_type=\"column\" data-e-type=\"column\">\n\t\t\t<div class=\"elementor-widget-wrap elementor-element-populated\">\n\t\t\t\t\t\t<div class=\"elementor-element elementor-element-66bbd6b elementor-view-default elementor-widget elementor-widget-icon\" data-id=\"66bbd6b\" data-element_type=\"widget\" data-e-type=\"widget\" data-widget_type=\"icon.default\">\n\t\t\t\t<div class=\"elementor-widget-container\">\n\t\t\t\t\t\t\t<div class=\"elementor-icon-wrapper\">\n\t\t\t<a class=\"elementor-icon\" href=\"https:\/\/litteraturbanken.se\/skolan\/?page_id=12298\">\n\t\t\t\t\t\t\t<i class=\"fa fa-chevron-right\" aria-hidden=\"true\"><\/i>\n\t\t\t\t\t\t<\/a>\n\t\t<\/div>\n\t\t\t\t\t\t<\/div>\n\t\t\t\t<\/div>\n\t\t\t\t\t<\/div>\n\t\t<\/div>\n\t\t\t\t\t<\/div>\n\t\t<\/section>\n\t\t\t\t\t<\/div>\n\t\t<\/div>\n\t\t\t\t<div class=\"elementor-column elementor-col-25 elementor-top-column elementor-element elementor-element-2ae1e55\" data-id=\"2ae1e55\" data-element_type=\"column\" data-e-type=\"column\">\n\t\t\t<div class=\"elementor-widget-wrap elementor-element-populated\">\n\t\t\t\t\t\t<div class=\"elementor-element elementor-element-4c691e2 elementor-widget elementor-widget-spacer\" data-id=\"4c691e2\" data-element_type=\"widget\" data-e-type=\"widget\" data-widget_type=\"spacer.default\">\n\t\t\t\t<div class=\"elementor-widget-container\">\n\t\t\t\t\t\t\t<div class=\"elementor-spacer\">\n\t\t\t<div class=\"elementor-spacer-inner\"><\/div>\n\t\t<\/div>\n\t\t\t\t\t\t<\/div>\n\t\t\t\t<\/div>\n\t\t\t\t<div class=\"elementor-element elementor-element-bfd0a5b elementor-widget elementor-widget-image\" data-id=\"bfd0a5b\" data-element_type=\"widget\" data-e-type=\"widget\" data-widget_type=\"image.default\">\n\t\t\t\t<div class=\"elementor-widget-container\">\n\t\t\t\t\t\t\t\t\t\t\t\t\t\t\t<img fetchpriority=\"high\" decoding=\"async\" width=\"727\" height=\"1024\" src=\"https:\/\/litteraturbanken.se\/skolan\/wp-content\/uploads\/2018\/08\/Atelje_Jaeger_-_Selma_Lagerl\u00f6f_1928-727x1024.jpeg\" class=\"attachment-large size-large wp-image-4469\" alt=\"\" srcset=\"https:\/\/litteraturbanken.se\/skolan\/wp-content\/uploads\/2018\/08\/Atelje_Jaeger_-_Selma_Lagerl\u00f6f_1928-727x1024.jpeg 727w, https:\/\/litteraturbanken.se\/skolan\/wp-content\/uploads\/2018\/08\/Atelje_Jaeger_-_Selma_Lagerl\u00f6f_1928-213x300.jpeg 213w, https:\/\/litteraturbanken.se\/skolan\/wp-content\/uploads\/2018\/08\/Atelje_Jaeger_-_Selma_Lagerl\u00f6f_1928-768x1081.jpeg 768w\" sizes=\"(max-width: 727px) 100vw, 727px\" \/>\t\t\t\t\t\t\t\t\t\t\t\t\t\t\t<\/div>\n\t\t\t\t<\/div>\n\t\t\t\t<div class=\"elementor-element elementor-element-c606d46 elementor-widget elementor-widget-spacer\" data-id=\"c606d46\" data-element_type=\"widget\" data-e-type=\"widget\" data-widget_type=\"spacer.default\">\n\t\t\t\t<div class=\"elementor-widget-container\">\n\t\t\t\t\t\t\t<div class=\"elementor-spacer\">\n\t\t\t<div class=\"elementor-spacer-inner\"><\/div>\n\t\t<\/div>\n\t\t\t\t\t\t<\/div>\n\t\t\t\t<\/div>\n\t\t\t\t\t<\/div>\n\t\t<\/div>\n\t\t\t\t<div class=\"elementor-column elementor-col-25 elementor-top-column elementor-element elementor-element-1bee6cc\" data-id=\"1bee6cc\" data-element_type=\"column\" data-e-type=\"column\">\n\t\t\t<div class=\"elementor-widget-wrap elementor-element-populated\">\n\t\t\t\t\t\t<div class=\"elementor-element elementor-element-6a8fbb6 elementor-widget elementor-widget-spacer\" data-id=\"6a8fbb6\" data-element_type=\"widget\" data-e-type=\"widget\" data-widget_type=\"spacer.default\">\n\t\t\t\t<div class=\"elementor-widget-container\">\n\t\t\t\t\t\t\t<div class=\"elementor-spacer\">\n\t\t\t<div class=\"elementor-spacer-inner\"><\/div>\n\t\t<\/div>\n\t\t\t\t\t\t<\/div>\n\t\t\t\t<\/div>\n\t\t\t\t<div class=\"elementor-element elementor-element-208254a elementor-widget elementor-widget-spacer\" data-id=\"208254a\" data-element_type=\"widget\" data-e-type=\"widget\" data-widget_type=\"spacer.default\">\n\t\t\t\t<div class=\"elementor-widget-container\">\n\t\t\t\t\t\t\t<div class=\"elementor-spacer\">\n\t\t\t<div class=\"elementor-spacer-inner\"><\/div>\n\t\t<\/div>\n\t\t\t\t\t\t<\/div>\n\t\t\t\t<\/div>\n\t\t\t\t\t<\/div>\n\t\t<\/div>\n\t\t\t\t\t<\/div>\n\t\t<\/section>\n\t\t\t\t<\/div>\n\t\t","protected":false},"excerpt":{"rendered":"<p>PDF Att l\u00e4sa Selma Lagerl\u00f6f med yngre elever \u00a0 Andra ber\u00e4ttelser med biblisk anknytning F\u00f6rutom\u00a0\u201dDen heliga natten\u201d\u00a0har\u00a0Selma Lagerl\u00f6f\u00a0skrivit ytterligare ett par ber\u00e4ttelser som l\u00e4mpar sig v\u00e4l att h\u00f6gl\u00e4sa i \u00e5rskurserna 1\u20133 i anslutning till undervisning om centrala ber\u00e4ttelser i Bibeln och deras inneb\u00f6rd. Dessa \u00e4r\u00a0\u201dFlykten till Egypten\u201d\u00a0och\u00a0\u201dF\u00e5gel R\u00f6dbr\u00f6st\u201d. \u201dF\u00e5gel R\u00f6dbr\u00f6st\u201d \u201dF\u00e5gel R\u00f6dbr\u00f6st\u201d\u00a0\u00e4r tryckt i\u00a0Kristuslegender\u00a0(1904), men [&hellip;]<\/p>\n","protected":false},"author":5,"featured_media":0,"parent":0,"menu_order":0,"comment_status":"closed","ping_status":"closed","template":"","meta":{"ocean_post_layout":"full-screen","ocean_both_sidebars_style":"","ocean_both_sidebars_content_width":0,"ocean_both_sidebars_sidebars_width":0,"ocean_sidebar":"0","ocean_second_sidebar":"0","ocean_disable_margins":"enable","ocean_add_body_class":"","ocean_shortcode_before_top_bar":"","ocean_shortcode_after_top_bar":"","ocean_shortcode_before_header":"","ocean_shortcode_after_header":"","ocean_has_shortcode":"","ocean_shortcode_after_title":"","ocean_shortcode_before_footer_widgets":"","ocean_shortcode_after_footer_widgets":"","ocean_shortcode_before_footer_bottom":"","ocean_shortcode_after_footer_bottom":"","ocean_display_top_bar":"default","ocean_display_header":"default","ocean_header_style":"","ocean_center_header_left_menu":"0","ocean_custom_header_template":"0","ocean_custom_logo":0,"ocean_custom_retina_logo":0,"ocean_custom_logo_max_width":0,"ocean_custom_logo_tablet_max_width":0,"ocean_custom_logo_mobile_max_width":0,"ocean_custom_logo_max_height":0,"ocean_custom_logo_tablet_max_height":0,"ocean_custom_logo_mobile_max_height":0,"ocean_header_custom_menu":"0","ocean_menu_typo_font_family":"0","ocean_menu_typo_font_subset":"","ocean_menu_typo_font_size":0,"ocean_menu_typo_font_size_tablet":0,"ocean_menu_typo_font_size_mobile":0,"ocean_menu_typo_font_size_unit":"px","ocean_menu_typo_font_weight":"","ocean_menu_typo_font_weight_tablet":"","ocean_menu_typo_font_weight_mobile":"","ocean_menu_typo_transform":"","ocean_menu_typo_transform_tablet":"","ocean_menu_typo_transform_mobile":"","ocean_menu_typo_line_height":0,"ocean_menu_typo_line_height_tablet":0,"ocean_menu_typo_line_height_mobile":0,"ocean_menu_typo_line_height_unit":"","ocean_menu_typo_spacing":0,"ocean_menu_typo_spacing_tablet":0,"ocean_menu_typo_spacing_mobile":0,"ocean_menu_typo_spacing_unit":"","ocean_menu_link_color":"","ocean_menu_link_color_hover":"","ocean_menu_link_color_active":"","ocean_menu_link_background":"","ocean_menu_link_hover_background":"","ocean_menu_link_active_background":"","ocean_menu_social_links_bg":"","ocean_menu_social_hover_links_bg":"","ocean_menu_social_links_color":"","ocean_menu_social_hover_links_color":"","ocean_disable_title":"on","ocean_disable_heading":"default","ocean_post_title":"","ocean_post_subheading":"","ocean_post_title_style":"","ocean_post_title_background_color":"","ocean_post_title_background":0,"ocean_post_title_bg_image_position":"","ocean_post_title_bg_image_attachment":"","ocean_post_title_bg_image_repeat":"","ocean_post_title_bg_image_size":"","ocean_post_title_height":0,"ocean_post_title_bg_overlay":0.5,"ocean_post_title_bg_overlay_color":"","ocean_disable_breadcrumbs":"default","ocean_breadcrumbs_color":"","ocean_breadcrumbs_separator_color":"","ocean_breadcrumbs_links_color":"","ocean_breadcrumbs_links_hover_color":"","ocean_display_footer_widgets":"default","ocean_display_footer_bottom":"default","ocean_custom_footer_template":"0","footnotes":""},"class_list":["post-12286","page","type-page","status-publish","hentry","entry"],"_links":{"self":[{"href":"https:\/\/litteraturbanken.se\/skolan\/wp-json\/wp\/v2\/pages\/12286","targetHints":{"allow":["GET"]}}],"collection":[{"href":"https:\/\/litteraturbanken.se\/skolan\/wp-json\/wp\/v2\/pages"}],"about":[{"href":"https:\/\/litteraturbanken.se\/skolan\/wp-json\/wp\/v2\/types\/page"}],"author":[{"embeddable":true,"href":"https:\/\/litteraturbanken.se\/skolan\/wp-json\/wp\/v2\/users\/5"}],"replies":[{"embeddable":true,"href":"https:\/\/litteraturbanken.se\/skolan\/wp-json\/wp\/v2\/comments?post=12286"}],"version-history":[{"count":16,"href":"https:\/\/litteraturbanken.se\/skolan\/wp-json\/wp\/v2\/pages\/12286\/revisions"}],"predecessor-version":[{"id":21589,"href":"https:\/\/litteraturbanken.se\/skolan\/wp-json\/wp\/v2\/pages\/12286\/revisions\/21589"}],"wp:attachment":[{"href":"https:\/\/litteraturbanken.se\/skolan\/wp-json\/wp\/v2\/media?parent=12286"}],"curies":[{"name":"wp","href":"https:\/\/api.w.org\/{rel}","templated":true}]}}