{"id":12298,"date":"2019-02-11T10:21:46","date_gmt":"2019-02-11T09:21:46","guid":{"rendered":"https:\/\/litteraturbanken.se\/skoladev\/?page_id=12298"},"modified":"2020-06-24T13:19:31","modified_gmt":"2020-06-24T11:19:31","slug":"att-lasa-lagerlof-med-yngre-elever-3","status":"publish","type":"page","link":"https:\/\/litteraturbanken.se\/skolan\/att-lasa-lagerlof-med-yngre-elever-3\/","title":{"rendered":"Prosa\/F\u00f6rfattare\/Selma Lagerl\u00f6f\/Att l\u00e4sa Lagerl\u00f6f med yngre elever 3"},"content":{"rendered":"\t\t<div data-elementor-type=\"wp-post\" data-elementor-id=\"12298\" class=\"elementor elementor-12298\">\n\t\t\t\t\t\t<section class=\"elementor-section elementor-top-section elementor-element elementor-element-5ded2cd elementor-section-boxed elementor-section-height-default elementor-section-height-default\" data-id=\"5ded2cd\" data-element_type=\"section\" data-e-type=\"section\">\n\t\t\t\t\t\t<div class=\"elementor-container elementor-column-gap-default\">\n\t\t\t\t\t<div class=\"elementor-column elementor-col-100 elementor-top-column elementor-element elementor-element-1ad23b5\" data-id=\"1ad23b5\" data-element_type=\"column\" data-e-type=\"column\">\n\t\t\t<div class=\"elementor-widget-wrap\">\n\t\t\t\t\t\t\t<\/div>\n\t\t<\/div>\n\t\t\t\t\t<\/div>\n\t\t<\/section>\n\t\t\t\t<section class=\"elementor-section elementor-top-section elementor-element elementor-element-bfc9509 elementor-section-full_width elementor-section-height-default elementor-section-height-default\" data-id=\"bfc9509\" data-element_type=\"section\" data-e-type=\"section\" data-settings=\"{&quot;background_background&quot;:&quot;classic&quot;}\">\n\t\t\t\t\t\t<div class=\"elementor-container elementor-column-gap-default\">\n\t\t\t\t\t<div class=\"elementor-column elementor-col-25 elementor-top-column elementor-element elementor-element-e36e512\" data-id=\"e36e512\" data-element_type=\"column\" data-e-type=\"column\">\n\t\t\t<div class=\"elementor-widget-wrap\">\n\t\t\t\t\t\t\t<\/div>\n\t\t<\/div>\n\t\t\t\t<div class=\"elementor-column elementor-col-25 elementor-top-column elementor-element elementor-element-c723dd3\" data-id=\"c723dd3\" data-element_type=\"column\" data-e-type=\"column\" data-settings=\"{&quot;background_background&quot;:&quot;classic&quot;}\">\n\t\t\t<div class=\"elementor-widget-wrap elementor-element-populated\">\n\t\t\t\t\t\t<div class=\"elementor-element elementor-element-751bdca elementor-icon-list--layout-inline elementor-list-item-link-full_width elementor-widget elementor-widget-icon-list\" data-id=\"751bdca\" data-element_type=\"widget\" data-e-type=\"widget\" data-widget_type=\"icon-list.default\">\n\t\t\t\t<div class=\"elementor-widget-container\">\n\t\t\t\t\t\t\t<ul class=\"elementor-icon-list-items elementor-inline-items\">\n\t\t\t\t\t\t\t<li class=\"elementor-icon-list-item elementor-inline-item\">\n\t\t\t\t\t\t\t\t\t\t\t<a href=\"https:\/\/litteraturbanken.se\/skolan\/wp-content\/uploads\/2019\/02\/LasaLagerlofF-5Lararsidan-5.pdf\" target=\"_blank\">\n\n\t\t\t\t\t\t\t\t\t\t\t\t<span class=\"elementor-icon-list-icon\">\n\t\t\t\t\t\t\t\t\t\t\t\t\t\t\t\t<i class=\"fa fa-file-text-o\" aria-hidden=\"true\"><\/i>\n\t\t\t\t\t\t\t\t\t\t\t\t\t<\/span>\n\t\t\t\t\t\t\t\t\t\t<span class=\"elementor-icon-list-text\">PDF<\/span>\n\t\t\t\t\t\t\t\t\t\t\t<\/a>\n\t\t\t\t\t\t\t\t\t<\/li>\n\t\t\t\t\t\t<\/ul>\n\t\t\t\t\t\t<\/div>\n\t\t\t\t<\/div>\n\t\t\t\t<div class=\"elementor-element elementor-element-8fab101 elementor-widget elementor-widget-spacer\" data-id=\"8fab101\" data-element_type=\"widget\" data-e-type=\"widget\" data-widget_type=\"spacer.default\">\n\t\t\t\t<div class=\"elementor-widget-container\">\n\t\t\t\t\t\t\t<div class=\"elementor-spacer\">\n\t\t\t<div class=\"elementor-spacer-inner\"><\/div>\n\t\t<\/div>\n\t\t\t\t\t\t<\/div>\n\t\t\t\t<\/div>\n\t\t\t\t<div class=\"elementor-element elementor-element-89e6767 elementor-widget elementor-widget-text-editor\" data-id=\"89e6767\" data-element_type=\"widget\" data-e-type=\"widget\" data-widget_type=\"text-editor.default\">\n\t\t\t\t<div class=\"elementor-widget-container\">\n\t\t\t\t\t\t\t\t\t<h1 class=\"elementor-heading-title elementor-size-default\">Att l\u00e4sa Selma Lagerl\u00f6f med yngre elever<\/h1>\t\t\t\t\t\t\t\t<\/div>\n\t\t\t\t<\/div>\n\t\t\t\t<div class=\"elementor-element elementor-element-ce3bd46 elementor-widget elementor-widget-text-editor\" data-id=\"ce3bd46\" data-element_type=\"widget\" data-e-type=\"widget\" data-widget_type=\"text-editor.default\">\n\t\t\t\t<div class=\"elementor-widget-container\">\n\t\t\t\t\t\t\t\t\t<div class=\"titlepage ng-scope\"><h3>\u00a0<\/h3><h3>\u201dLegenden om f\u00e5gelboet\u201d<\/h3><\/div><div class=\"sect2 ng-scope\"><div class=\"sect3\"><p><a href=\"https:\/\/litteraturbanken.se\/skolan\/?page_id=7736&amp;preview_nonce=fa9ec8b124\">\u201dLegenden om f\u00e5gelboet\u201d<\/a>\u00a0i\u00a0<em><span class=\"italic\">Osynliga l\u00e4nkar<\/span><\/em>\u00a0(1894) \u00e4r inte en ber\u00e4ttelse med motiv fr\u00e5n Bibeln, men den har ett kristet motiv. Fundera tillsammans \u00f6ver vad en\u00a0<em class=\"glossterm\">legend<\/em>\u00a0\u00e4r och hur legend skiljer sig fr\u00e5n\u00a0<em class=\"glossterm\">saga<\/em>\u00a0och\u00a0<em class=\"glossterm\">s\u00e4gen<\/em>. L\u00e4s ber\u00e4ttelsen h\u00f6gt och fundera tillsammans \u00f6ver vad vill\u00a0<span class=\"personname\">Lagerl\u00f6f<\/span>\u00a0s\u00e4ga med Legenden om f\u00e5gelboet. Hur f\u00f6r\u00e4ndras Hattu? L\u00e5t eleverna illustrera ber\u00e4ttelsen med en serie teckningar.<\/p><\/div><\/div><div class=\"sect2 ng-scope\"><div class=\"titlepage\"><div><div><h2>\u00a0<\/h2><h2 class=\"title\">Julfirande<\/h2><\/div><\/div><\/div><p>P\u00e5 temat jul finns ut\u00f6ver\u00a0<a href=\"https:\/\/litteraturbanken.se\/skolan\/?page_id=1103\">\u201dDen heliga natten\u201d<\/a>\u00a0ytterligare ett par ber\u00e4ttelser som passar att l\u00e4sa h\u00f6gt med barn i \u00e5rskurs 2\u20135.<\/p><div class=\"sect3\"><div class=\"titlepage\"><div><div><h3>\u00a0<\/h3><h3 class=\"title\">\u201dEn julg\u00e4st\u201d<\/h3><\/div><\/div><\/div><p>I\u00a0<a href=\"https:\/\/litteraturbanken.se\/skolan\/?page_id=7671&amp;preview_nonce=12c1e0bd11\">\u201dEn julg\u00e4st\u201d<\/a>\u00a0i\u00a0<em><span class=\"italic\">Osynliga l\u00e4nkar<\/span><\/em>\u00a0(1894) skildras julf\u00f6rberedelserna p\u00e5 en liten herrg\u00e5rd ungef\u00e4r vid den tiden d\u00e5\u00a0<span class=\"personname\">Selma Lagerl\u00f6fs<\/span>\u00a0pappa var liten. Pappan i familjen heter Liljekrona och ska f\u00f6rest\u00e4lla\u00a0<span class=\"personname\">Selma Lagerl\u00f6fs<\/span>\u00a0egen farfar. Till herrg\u00e5rden kommer en ov\u00e4lkommen g\u00e4st, lille Ruster. Liljekrona och Ruster finns ocks\u00e5 med i den f\u00f6rsta romanen som\u00a0<span class=\"personname\">Selma Lagerl\u00f6f<\/span>\u00a0skrev,\u00a0<em><a href=\"https:\/\/litteraturbanken.se\/skolan\/?page_id=1275&amp;preview_nonce=2f97d1b014\"><span class=\"italic\">G\u00f6sta Berlings saga<\/span><\/a><\/em>\u00a0(1891). I den romanen skildras hur de lever tillsammans med sina kamrater p\u00e5 den stora herrg\u00e5rden Ekeby.<\/p><p>L\u00e4s ber\u00e4ttelsen h\u00f6gt. Fundera \u00f6ver varf\u00f6r Ruster blivit s\u00e5 olycklig. Samtala om varf\u00f6r man inte vill ha Ruster i huset \u00f6ver julen och vad det \u00e4r som g\u00f6r att han \u00e4nd\u00e5 till slut f\u00e5r vara med och fira jul. Hur f\u00f6r\u00e4ndras Ruster? L\u00e5t ocks\u00e5 barnen fundera \u00f6ver om de upplevt en liknande situation. Samtala ocks\u00e5 om hur barn p\u00e5 den h\u00e4r tiden fick l\u00e4ra sig l\u00e4sa och skriva och om det fanns skolor f\u00f6r alla barn.<\/p><\/div><div class=\"sect3\"><div class=\"titlepage\"><div><div><h3>\u00a0<\/h3><h3 class=\"title\">\u201dJulklappsboken\u201d<\/h3><\/div><\/div><\/div><p>I\u00a0<a href=\"https:\/\/litteraturbanken.se\/skolan\/?page_id=7724&amp;preview_nonce=47818cad72\">\u201dJulklappsboken\u201d<\/a>\u00a0beskriver\u00a0<span class=\"personname\">Selma Lagerl\u00f6f<\/span>\u00a0hur hon som barn l\u00e4ngtade efter att f\u00e5 en viss julklapp. N\u00e4r hon till slut f\u00e5r den blir den till en b\u00f6rjan en stor besvikelse. Samtala om hur flickan hanterar sin besvikelse och l\u00e5t barnen fundera \u00f6ver om de upplevt n\u00e5got liknande.\u00a0<\/p><\/div><\/div>\t\t\t\t\t\t\t\t<\/div>\n\t\t\t\t<\/div>\n\t\t\t\t<div class=\"elementor-element elementor-element-f89b9e9 elementor-widget elementor-widget-spacer\" data-id=\"f89b9e9\" data-element_type=\"widget\" data-e-type=\"widget\" data-widget_type=\"spacer.default\">\n\t\t\t\t<div class=\"elementor-widget-container\">\n\t\t\t\t\t\t\t<div class=\"elementor-spacer\">\n\t\t\t<div class=\"elementor-spacer-inner\"><\/div>\n\t\t<\/div>\n\t\t\t\t\t\t<\/div>\n\t\t\t\t<\/div>\n\t\t\t\t<section class=\"elementor-section elementor-inner-section elementor-element elementor-element-0e4de69 elementor-section-boxed elementor-section-height-default elementor-section-height-default\" data-id=\"0e4de69\" data-element_type=\"section\" data-e-type=\"section\">\n\t\t\t\t\t\t<div class=\"elementor-container elementor-column-gap-default\">\n\t\t\t\t\t<div class=\"elementor-column elementor-col-50 elementor-inner-column elementor-element elementor-element-d4bdfa2\" data-id=\"d4bdfa2\" data-element_type=\"column\" data-e-type=\"column\">\n\t\t\t<div class=\"elementor-widget-wrap elementor-element-populated\">\n\t\t\t\t\t\t<div class=\"elementor-element elementor-element-aa55fce elementor-view-default elementor-widget elementor-widget-icon\" data-id=\"aa55fce\" data-element_type=\"widget\" data-e-type=\"widget\" data-widget_type=\"icon.default\">\n\t\t\t\t<div class=\"elementor-widget-container\">\n\t\t\t\t\t\t\t<div class=\"elementor-icon-wrapper\">\n\t\t\t<a class=\"elementor-icon\" href=\"https:\/\/litteraturbanken.se\/skolan\/?page_id=12286&#038;preview_nonce=e0a375627b\">\n\t\t\t\t\t\t\t<i class=\"fa fa-chevron-left\" aria-hidden=\"true\"><\/i>\n\t\t\t\t\t\t<\/a>\n\t\t<\/div>\n\t\t\t\t\t\t<\/div>\n\t\t\t\t<\/div>\n\t\t\t\t\t<\/div>\n\t\t<\/div>\n\t\t\t\t<div class=\"elementor-column elementor-col-50 elementor-inner-column elementor-element elementor-element-49dcc66\" data-id=\"49dcc66\" data-element_type=\"column\" data-e-type=\"column\">\n\t\t\t<div class=\"elementor-widget-wrap elementor-element-populated\">\n\t\t\t\t\t\t<div class=\"elementor-element elementor-element-60f3770 elementor-view-default elementor-widget elementor-widget-icon\" data-id=\"60f3770\" data-element_type=\"widget\" data-e-type=\"widget\" data-widget_type=\"icon.default\">\n\t\t\t\t<div class=\"elementor-widget-container\">\n\t\t\t\t\t\t\t<div class=\"elementor-icon-wrapper\">\n\t\t\t<a class=\"elementor-icon\" href=\"https:\/\/litteraturbanken.se\/skolan\/?page_id=12311\">\n\t\t\t\t\t\t\t<i class=\"fa fa-chevron-right\" aria-hidden=\"true\"><\/i>\n\t\t\t\t\t\t<\/a>\n\t\t<\/div>\n\t\t\t\t\t\t<\/div>\n\t\t\t\t<\/div>\n\t\t\t\t\t<\/div>\n\t\t<\/div>\n\t\t\t\t\t<\/div>\n\t\t<\/section>\n\t\t\t\t\t<\/div>\n\t\t<\/div>\n\t\t\t\t<div class=\"elementor-column elementor-col-25 elementor-top-column elementor-element elementor-element-9710317\" data-id=\"9710317\" data-element_type=\"column\" data-e-type=\"column\">\n\t\t\t<div class=\"elementor-widget-wrap elementor-element-populated\">\n\t\t\t\t\t\t<div class=\"elementor-element elementor-element-8f7938f elementor-widget elementor-widget-spacer\" data-id=\"8f7938f\" data-element_type=\"widget\" data-e-type=\"widget\" data-widget_type=\"spacer.default\">\n\t\t\t\t<div class=\"elementor-widget-container\">\n\t\t\t\t\t\t\t<div class=\"elementor-spacer\">\n\t\t\t<div class=\"elementor-spacer-inner\"><\/div>\n\t\t<\/div>\n\t\t\t\t\t\t<\/div>\n\t\t\t\t<\/div>\n\t\t\t\t<div class=\"elementor-element elementor-element-faf115c elementor-widget elementor-widget-image\" data-id=\"faf115c\" data-element_type=\"widget\" data-e-type=\"widget\" data-widget_type=\"image.default\">\n\t\t\t\t<div class=\"elementor-widget-container\">\n\t\t\t\t\t\t\t\t\t\t\t\t\t\t\t<img fetchpriority=\"high\" decoding=\"async\" width=\"727\" height=\"1024\" src=\"https:\/\/litteraturbanken.se\/skolan\/wp-content\/uploads\/2018\/08\/Atelje_Jaeger_-_Selma_Lagerl\u00f6f_1928-727x1024.jpeg\" class=\"attachment-large size-large wp-image-4469\" alt=\"\" srcset=\"https:\/\/litteraturbanken.se\/skolan\/wp-content\/uploads\/2018\/08\/Atelje_Jaeger_-_Selma_Lagerl\u00f6f_1928-727x1024.jpeg 727w, https:\/\/litteraturbanken.se\/skolan\/wp-content\/uploads\/2018\/08\/Atelje_Jaeger_-_Selma_Lagerl\u00f6f_1928-213x300.jpeg 213w, https:\/\/litteraturbanken.se\/skolan\/wp-content\/uploads\/2018\/08\/Atelje_Jaeger_-_Selma_Lagerl\u00f6f_1928-768x1081.jpeg 768w\" sizes=\"(max-width: 727px) 100vw, 727px\" \/>\t\t\t\t\t\t\t\t\t\t\t\t\t\t\t<\/div>\n\t\t\t\t<\/div>\n\t\t\t\t<div class=\"elementor-element elementor-element-9892d3d elementor-widget elementor-widget-spacer\" data-id=\"9892d3d\" data-element_type=\"widget\" data-e-type=\"widget\" data-widget_type=\"spacer.default\">\n\t\t\t\t<div class=\"elementor-widget-container\">\n\t\t\t\t\t\t\t<div class=\"elementor-spacer\">\n\t\t\t<div class=\"elementor-spacer-inner\"><\/div>\n\t\t<\/div>\n\t\t\t\t\t\t<\/div>\n\t\t\t\t<\/div>\n\t\t\t\t\t<\/div>\n\t\t<\/div>\n\t\t\t\t<div class=\"elementor-column elementor-col-25 elementor-top-column elementor-element elementor-element-e52e3b0\" data-id=\"e52e3b0\" data-element_type=\"column\" data-e-type=\"column\">\n\t\t\t<div class=\"elementor-widget-wrap elementor-element-populated\">\n\t\t\t\t\t\t<div class=\"elementor-element elementor-element-ac2155a elementor-widget elementor-widget-spacer\" data-id=\"ac2155a\" data-element_type=\"widget\" data-e-type=\"widget\" data-widget_type=\"spacer.default\">\n\t\t\t\t<div class=\"elementor-widget-container\">\n\t\t\t\t\t\t\t<div class=\"elementor-spacer\">\n\t\t\t<div class=\"elementor-spacer-inner\"><\/div>\n\t\t<\/div>\n\t\t\t\t\t\t<\/div>\n\t\t\t\t<\/div>\n\t\t\t\t<div class=\"elementor-element elementor-element-f9792f6 elementor-widget elementor-widget-spacer\" data-id=\"f9792f6\" data-element_type=\"widget\" data-e-type=\"widget\" data-widget_type=\"spacer.default\">\n\t\t\t\t<div class=\"elementor-widget-container\">\n\t\t\t\t\t\t\t<div class=\"elementor-spacer\">\n\t\t\t<div class=\"elementor-spacer-inner\"><\/div>\n\t\t<\/div>\n\t\t\t\t\t\t<\/div>\n\t\t\t\t<\/div>\n\t\t\t\t\t<\/div>\n\t\t<\/div>\n\t\t\t\t\t<\/div>\n\t\t<\/section>\n\t\t\t\t<\/div>\n\t\t","protected":false},"excerpt":{"rendered":"<p>PDF Att l\u00e4sa Selma Lagerl\u00f6f med yngre elever \u00a0 \u201dLegenden om f\u00e5gelboet\u201d \u201dLegenden om f\u00e5gelboet\u201d\u00a0i\u00a0Osynliga l\u00e4nkar\u00a0(1894) \u00e4r inte en ber\u00e4ttelse med motiv fr\u00e5n Bibeln, men den har ett kristet motiv. Fundera tillsammans \u00f6ver vad en\u00a0legend\u00a0\u00e4r och hur legend skiljer sig fr\u00e5n\u00a0saga\u00a0och\u00a0s\u00e4gen. L\u00e4s ber\u00e4ttelsen h\u00f6gt och fundera tillsammans \u00f6ver vad vill\u00a0Lagerl\u00f6f\u00a0s\u00e4ga med Legenden om f\u00e5gelboet. Hur [&hellip;]<\/p>\n","protected":false},"author":5,"featured_media":0,"parent":0,"menu_order":0,"comment_status":"closed","ping_status":"closed","template":"","meta":{"ocean_post_layout":"full-screen","ocean_both_sidebars_style":"","ocean_both_sidebars_content_width":0,"ocean_both_sidebars_sidebars_width":0,"ocean_sidebar":"0","ocean_second_sidebar":"0","ocean_disable_margins":"enable","ocean_add_body_class":"","ocean_shortcode_before_top_bar":"","ocean_shortcode_after_top_bar":"","ocean_shortcode_before_header":"","ocean_shortcode_after_header":"","ocean_has_shortcode":"","ocean_shortcode_after_title":"","ocean_shortcode_before_footer_widgets":"","ocean_shortcode_after_footer_widgets":"","ocean_shortcode_before_footer_bottom":"","ocean_shortcode_after_footer_bottom":"","ocean_display_top_bar":"default","ocean_display_header":"default","ocean_header_style":"","ocean_center_header_left_menu":"0","ocean_custom_header_template":"0","ocean_custom_logo":0,"ocean_custom_retina_logo":0,"ocean_custom_logo_max_width":0,"ocean_custom_logo_tablet_max_width":0,"ocean_custom_logo_mobile_max_width":0,"ocean_custom_logo_max_height":0,"ocean_custom_logo_tablet_max_height":0,"ocean_custom_logo_mobile_max_height":0,"ocean_header_custom_menu":"0","ocean_menu_typo_font_family":"0","ocean_menu_typo_font_subset":"","ocean_menu_typo_font_size":0,"ocean_menu_typo_font_size_tablet":0,"ocean_menu_typo_font_size_mobile":0,"ocean_menu_typo_font_size_unit":"px","ocean_menu_typo_font_weight":"","ocean_menu_typo_font_weight_tablet":"","ocean_menu_typo_font_weight_mobile":"","ocean_menu_typo_transform":"","ocean_menu_typo_transform_tablet":"","ocean_menu_typo_transform_mobile":"","ocean_menu_typo_line_height":0,"ocean_menu_typo_line_height_tablet":0,"ocean_menu_typo_line_height_mobile":0,"ocean_menu_typo_line_height_unit":"","ocean_menu_typo_spacing":0,"ocean_menu_typo_spacing_tablet":0,"ocean_menu_typo_spacing_mobile":0,"ocean_menu_typo_spacing_unit":"","ocean_menu_link_color":"","ocean_menu_link_color_hover":"","ocean_menu_link_color_active":"","ocean_menu_link_background":"","ocean_menu_link_hover_background":"","ocean_menu_link_active_background":"","ocean_menu_social_links_bg":"","ocean_menu_social_hover_links_bg":"","ocean_menu_social_links_color":"","ocean_menu_social_hover_links_color":"","ocean_disable_title":"on","ocean_disable_heading":"default","ocean_post_title":"","ocean_post_subheading":"","ocean_post_title_style":"","ocean_post_title_background_color":"","ocean_post_title_background":0,"ocean_post_title_bg_image_position":"","ocean_post_title_bg_image_attachment":"","ocean_post_title_bg_image_repeat":"","ocean_post_title_bg_image_size":"","ocean_post_title_height":0,"ocean_post_title_bg_overlay":0.5,"ocean_post_title_bg_overlay_color":"","ocean_disable_breadcrumbs":"default","ocean_breadcrumbs_color":"","ocean_breadcrumbs_separator_color":"","ocean_breadcrumbs_links_color":"","ocean_breadcrumbs_links_hover_color":"","ocean_display_footer_widgets":"default","ocean_display_footer_bottom":"default","ocean_custom_footer_template":"0","footnotes":""},"class_list":["post-12298","page","type-page","status-publish","hentry","entry"],"_links":{"self":[{"href":"https:\/\/litteraturbanken.se\/skolan\/wp-json\/wp\/v2\/pages\/12298","targetHints":{"allow":["GET"]}}],"collection":[{"href":"https:\/\/litteraturbanken.se\/skolan\/wp-json\/wp\/v2\/pages"}],"about":[{"href":"https:\/\/litteraturbanken.se\/skolan\/wp-json\/wp\/v2\/types\/page"}],"author":[{"embeddable":true,"href":"https:\/\/litteraturbanken.se\/skolan\/wp-json\/wp\/v2\/users\/5"}],"replies":[{"embeddable":true,"href":"https:\/\/litteraturbanken.se\/skolan\/wp-json\/wp\/v2\/comments?post=12298"}],"version-history":[{"count":16,"href":"https:\/\/litteraturbanken.se\/skolan\/wp-json\/wp\/v2\/pages\/12298\/revisions"}],"predecessor-version":[{"id":21599,"href":"https:\/\/litteraturbanken.se\/skolan\/wp-json\/wp\/v2\/pages\/12298\/revisions\/21599"}],"wp:attachment":[{"href":"https:\/\/litteraturbanken.se\/skolan\/wp-json\/wp\/v2\/media?parent=12298"}],"curies":[{"name":"wp","href":"https:\/\/api.w.org\/{rel}","templated":true}]}}