{"id":12311,"date":"2019-02-11T10:47:27","date_gmt":"2019-02-11T09:47:27","guid":{"rendered":"https:\/\/litteraturbanken.se\/skoladev\/?page_id=12311"},"modified":"2020-06-26T14:01:14","modified_gmt":"2020-06-26T12:01:14","slug":"att-lasa-lagerlof-med-yngre-elever-4","status":"publish","type":"page","link":"https:\/\/litteraturbanken.se\/skolan\/att-lasa-lagerlof-med-yngre-elever-4\/","title":{"rendered":"Prosa\/F\u00f6rfattare\/Selma Lagerl\u00f6f\/Att l\u00e4sa Lagerl\u00f6f med yngre elever 4"},"content":{"rendered":"\t\t<div data-elementor-type=\"wp-post\" data-elementor-id=\"12311\" class=\"elementor elementor-12311\">\n\t\t\t\t\t\t<section class=\"elementor-section elementor-top-section elementor-element elementor-element-70c1e61 elementor-section-boxed elementor-section-height-default elementor-section-height-default\" data-id=\"70c1e61\" data-element_type=\"section\" data-e-type=\"section\">\n\t\t\t\t\t\t<div class=\"elementor-container elementor-column-gap-default\">\n\t\t\t\t\t<div class=\"elementor-column elementor-col-100 elementor-top-column elementor-element elementor-element-023695b\" data-id=\"023695b\" data-element_type=\"column\" data-e-type=\"column\">\n\t\t\t<div class=\"elementor-widget-wrap\">\n\t\t\t\t\t\t\t<\/div>\n\t\t<\/div>\n\t\t\t\t\t<\/div>\n\t\t<\/section>\n\t\t\t\t<section class=\"elementor-section elementor-top-section elementor-element elementor-element-c4ae0c0 elementor-section-full_width elementor-section-height-default elementor-section-height-default\" data-id=\"c4ae0c0\" data-element_type=\"section\" data-e-type=\"section\" data-settings=\"{&quot;background_background&quot;:&quot;classic&quot;}\">\n\t\t\t\t\t\t<div class=\"elementor-container elementor-column-gap-default\">\n\t\t\t\t\t<div class=\"elementor-column elementor-col-25 elementor-top-column elementor-element elementor-element-00d666e\" data-id=\"00d666e\" data-element_type=\"column\" data-e-type=\"column\">\n\t\t\t<div class=\"elementor-widget-wrap\">\n\t\t\t\t\t\t\t<\/div>\n\t\t<\/div>\n\t\t\t\t<div class=\"elementor-column elementor-col-25 elementor-top-column elementor-element elementor-element-2c1be9d\" data-id=\"2c1be9d\" data-element_type=\"column\" data-e-type=\"column\" data-settings=\"{&quot;background_background&quot;:&quot;classic&quot;}\">\n\t\t\t<div class=\"elementor-widget-wrap elementor-element-populated\">\n\t\t\t\t\t\t<div class=\"elementor-element elementor-element-a30d111 elementor-icon-list--layout-inline elementor-list-item-link-full_width elementor-widget elementor-widget-icon-list\" data-id=\"a30d111\" data-element_type=\"widget\" data-e-type=\"widget\" data-widget_type=\"icon-list.default\">\n\t\t\t\t<div class=\"elementor-widget-container\">\n\t\t\t\t\t\t\t<ul class=\"elementor-icon-list-items elementor-inline-items\">\n\t\t\t\t\t\t\t<li class=\"elementor-icon-list-item elementor-inline-item\">\n\t\t\t\t\t\t\t\t\t\t\t<a href=\"https:\/\/litteraturbanken.se\/skolan\/wp-content\/uploads\/2019\/02\/LasaLagerlofF-5Lararsidan-5.pdf\" target=\"_blank\">\n\n\t\t\t\t\t\t\t\t\t\t\t\t<span class=\"elementor-icon-list-icon\">\n\t\t\t\t\t\t\t\t\t\t\t\t\t\t\t\t<i class=\"fa fa-file-text-o\" aria-hidden=\"true\"><\/i>\n\t\t\t\t\t\t\t\t\t\t\t\t\t<\/span>\n\t\t\t\t\t\t\t\t\t\t<span class=\"elementor-icon-list-text\">PDF<\/span>\n\t\t\t\t\t\t\t\t\t\t\t<\/a>\n\t\t\t\t\t\t\t\t\t<\/li>\n\t\t\t\t\t\t<\/ul>\n\t\t\t\t\t\t<\/div>\n\t\t\t\t<\/div>\n\t\t\t\t<div class=\"elementor-element elementor-element-58c9b38 elementor-widget elementor-widget-spacer\" data-id=\"58c9b38\" data-element_type=\"widget\" data-e-type=\"widget\" data-widget_type=\"spacer.default\">\n\t\t\t\t<div class=\"elementor-widget-container\">\n\t\t\t\t\t\t\t<div class=\"elementor-spacer\">\n\t\t\t<div class=\"elementor-spacer-inner\"><\/div>\n\t\t<\/div>\n\t\t\t\t\t\t<\/div>\n\t\t\t\t<\/div>\n\t\t\t\t<div class=\"elementor-element elementor-element-1143ef3 elementor-widget elementor-widget-text-editor\" data-id=\"1143ef3\" data-element_type=\"widget\" data-e-type=\"widget\" data-widget_type=\"text-editor.default\">\n\t\t\t\t<div class=\"elementor-widget-container\">\n\t\t\t\t\t\t\t\t\t<h1 class=\"elementor-heading-title elementor-size-default\">Att l\u00e4sa Selma Lagerl\u00f6f med yngre elever<\/h1>\t\t\t\t\t\t\t\t<\/div>\n\t\t\t\t<\/div>\n\t\t\t\t<div class=\"elementor-element elementor-element-c859c2f elementor-widget elementor-widget-text-editor\" data-id=\"c859c2f\" data-element_type=\"widget\" data-e-type=\"widget\" data-widget_type=\"text-editor.default\">\n\t\t\t\t<div class=\"elementor-widget-container\">\n\t\t\t\t\t\t\t\t\t<div class=\"titlepage ng-scope\">\u00a0<\/div><div class=\"sect2 ng-scope\"><div class=\"sect3\">\u00a0<\/div><div class=\"sect3\"><div class=\"titlepage\"><div><div><h3 class=\"title\">\u201dBortbytingen\u201d<\/h3><\/div><\/div><\/div><p>I anslutning till temaarbete om nordisk folktro och sagov\u00e4sen passar det bra att l\u00e4sa\u00a0<a href=\"https:\/\/litteraturbanken.se\/skolan\/?page_id=7631&amp;preview_nonce=ed399f04c5\">\u201dBortbytingen\u201d\u00a0<\/a>som finns i\u00a0<em><span class=\"italic\">Troll och m\u00e4nniskor 1<\/span><\/em>\u00a0(1915). F\u00f6re l\u00e4sningen kan man b\u00f6rja prata om troll. Eleverna f\u00e5r i uppgift att beskriva hur troll ser ut och m\u00e5la troll. Klassen kan titta p\u00e5 klassiska bilder av\u00a0troll, som exempelvis de som\u00a0<span class=\"personname\">John Bauer<\/span>\u00a0m\u00e5lat. Sedan kan man g\u00e5 \u00f6ver till att tala om vilka egenskaper troll har, hur de brukar handla i sagor. \u00c4r de onda eller goda i sagorna?<\/p><p>L\u00e4s f\u00f6rsta stycket i ber\u00e4ttelsen h\u00f6gt och fundera sedan tillsammans \u00f6ver vad det \u00e4r f\u00f6r slags ber\u00e4ttelse. Samtala om genrerna\u00a0<em class=\"glossterm\">saga<\/em>\u00a0och\u00a0<em class=\"glossterm\">konstsaga<\/em>.<\/p><p>Forts\u00e4tt h\u00f6gl\u00e4sningen och stanna upp efter kvinnans replik: \u201dDet \u00e4r ju i alla fall ett barn. Jag kan inte l\u00e5ta det ligga h\u00e4r till mat f\u00f6r vargarna.\u201d Diskutera vad eleverna sj\u00e4lva skulle ha gjort i den situationen och hur de tror att mannen och kvinnan i novellen g\u00f6r.<\/p><p>Forts\u00e4tt att l\u00e4sa hela ber\u00e4ttelsen och samtala sedan om hur olika mannen och kvinnan ser p\u00e5 och behandlar trollungen. Vad tycker eleverna om mannens olika s\u00e4tt att bli av med barnet? M\u00e4nniskobarnet ber\u00e4ttar att trollmamman behandlat det p\u00e5 samma s\u00e4tt som kvinnan behandlat trollbarnet. Vad vill\u00a0<span class=\"personname\">Selma Lagerl\u00f6f<\/span>\u00a0s\u00e4ga med det?<\/p><p>Vad menar mannen med orden: \u201dH\u00e4r \u00e4r v\u00e5r son. Han har v\u00e4nt tillbaka till oss och det \u00e4r du och ingen annan som har r\u00e4ddat honom\u201d?<\/p><p><span class=\"personname\">Selma Lagerl\u00f6f<\/span>\u00a0skriver inte n\u00e5got om vart trollbarnet tar v\u00e4gen. Be eleverna fundera och fantisera om vad som h\u00e4nder med det!<\/p><div class=\"sidebar_parent\"><p>Fundera tillsammans \u00f6ver vilka ord som beskriver trollbarnet och vilka ord som beskriver m\u00e4nniskobarnet? Vilka ord \u00e4r positiva och vilka uppfattar vi som negativa?<\/p><div class=\"sidebar\"><div class=\"titlepage\">\u00a0<\/div><p>\u201dBortbytingen\u201d finns i\u00a0<span class=\"italic\"><em>Ess i svenska<\/em>\u00a0<\/span>(2009), red.\u00a0<span class=\"personname\">Annika Lyberg Mogensen<\/span>.<\/p><\/div><\/div><\/div><div class=\"sect3\"><div class=\"titlepage\"><div><div><h3 class=\"title\">\u201dValdemar Atterdag brandskattar Visby\u201d<\/h3><\/div><\/div><\/div><p>Ber\u00e4ttelsen\u00a0<a href=\"https:\/\/litteraturbanken.se\/skolan\/?page_id=7770&amp;preview_nonce=738155dc3a\">\u201dValdemar Atterdag brandskattar Visby\u201d<\/a>\u00a0i\u00a0<em><span class=\"italic\">Osynliga l\u00e4nkar\u00a0<\/span><\/em>(1894) skildrar den danska kungen Valdemar IV Atterdags er\u00f6vring av Visby \u00e5r 1361 och utg\u00e5r fr\u00e5n en m\u00e5lning av den k\u00e4nda historiem\u00e5laren\u00a0<span class=\"personname\">Carl Gustaf Hellqvist<\/span>\u00a0fr\u00e5n \u00e5r 1882. M\u00e5lningen finns p\u00e5 Nationalmuseum i Stockholm och du kan l\u00e4sa mer om m\u00e5lningen\u00a0<a href=\"http:\/\/collection.nationalmuseum.se\/eMP\/eMuseumPlus?service=ExternalInterface&amp;module=collection&amp;objectId=18434&amp;viewType=detailView\" target=\"_blank\" rel=\"noopener\"><span style=\"text-decoration: underline;\">H\u00c4R<\/span><\/a>.\u00a0<\/p><p>Fundera igenom om du vill visa eleverna m\u00e5lningen f\u00f6re eller efter l\u00e4sningen av ber\u00e4ttelsen.<\/p><p>Man kan s\u00e4ga att beskrivningen av hur\u00a0<span class=\"personname\">Lagerl\u00f6f<\/span>\u00a0ser tavlan utg\u00f6r en\u00a0<em class=\"glossterm\">ramber\u00e4ttelse<\/em>. L\u00e4s inledningen h\u00f6gt. F\u00f6rklara vad en ramber\u00e4ttelse \u00e4r och diskutera vilken funktion ramber\u00e4ttelsen fyller.<\/p><p>L\u00e4s forts\u00e4ttningen av ber\u00e4ttelsen h\u00f6gt och samtala sedan tillsammans om hur f\u00f6rfattaren g\u00f6r tavlan levande. F\u00f6rs\u00f6k att f\u00e5nga in dessa saker:<\/p><div class=\"itemizedlist\"><ul class=\"itemizedlist\"><li class=\"listitem\"><p>Skriven i jagform<\/p><\/li><li class=\"listitem\"><p>Noggrann beskrivning av personer och milj\u00f6 \u2013 exemplifiera ur texten!<\/p><\/li><li class=\"listitem\"><p>Zoomar in sk\u00f6ldb\u00e4raren och l\u00e5ter honom tala \u2013 citera ur texten!<\/p><\/li><li class=\"listitem\"><p>St\u00e4ller fr\u00e5gan varf\u00f6r visbyborna inte vill ge guldet f\u00f6r sin \u00e4lskade stad \u2013 citera ur texten!<\/p><\/li><li class=\"listitem\"><p>Fokuserar p\u00e5 den unga kvinnan som varit kungens k\u00e4resta och finner guldsmedsges\u00e4llen som en v\u00e4pnad herre n\u00e4r hon i smyg \u00f6ppnar stadsporten f\u00f6r kungen \u2013 citera ur texten!<\/p><\/li><li class=\"listitem\"><p>F\u00f6rfattaren fantiserar vidare vad som h\u00e4nt om konstn\u00e4ren f\u00f6ljt med personerna ner till hamnen \u2013 citera ur texten!<\/p><\/li><\/ul><\/div><p>L\u00e5t eleverna m\u00e5la h\u00e4ndelserna som\u00a0<span class=\"personname\">Lagerl\u00f6f<\/span>\u00a0beskriver med utg\u00e5ngspunkt fr\u00e5n texten och j\u00e4mf\u00f6r sedan med hur scenen framst\u00e4lls i Hellqvists m\u00e5lning.<\/p><p>Ge eleverna i uppgift att h\u00e4rma\u00a0<span class=\"personname\">Lagerl\u00f6fs<\/span>\u00a0ber\u00e4ttarteknik och skriva en ber\u00e4ttelse utifr\u00e5n en annan historiem\u00e5lning, till exempel Gustaf Cederstr\u00f6ms Karl XIIs likf\u00e4rd, som ocks\u00e5 finns att se p\u00e5\u00a0<span style=\"text-decoration: underline;\"><a class=\"ulink\" href=\"http:\/\/nationalmuseum.se\/\" target=\"_blank\" rel=\"noopener\">Nationalmuseum.se<\/a><\/span>.<\/p><\/div><\/div>\t\t\t\t\t\t\t\t<\/div>\n\t\t\t\t<\/div>\n\t\t\t\t<div class=\"elementor-element elementor-element-59393ed elementor-widget elementor-widget-spacer\" data-id=\"59393ed\" data-element_type=\"widget\" data-e-type=\"widget\" data-widget_type=\"spacer.default\">\n\t\t\t\t<div class=\"elementor-widget-container\">\n\t\t\t\t\t\t\t<div class=\"elementor-spacer\">\n\t\t\t<div class=\"elementor-spacer-inner\"><\/div>\n\t\t<\/div>\n\t\t\t\t\t\t<\/div>\n\t\t\t\t<\/div>\n\t\t\t\t<section class=\"elementor-section elementor-inner-section elementor-element elementor-element-69ee916 elementor-section-boxed elementor-section-height-default elementor-section-height-default\" data-id=\"69ee916\" data-element_type=\"section\" data-e-type=\"section\">\n\t\t\t\t\t\t<div class=\"elementor-container elementor-column-gap-default\">\n\t\t\t\t\t<div class=\"elementor-column elementor-col-50 elementor-inner-column elementor-element elementor-element-6b35319\" data-id=\"6b35319\" data-element_type=\"column\" data-e-type=\"column\">\n\t\t\t<div class=\"elementor-widget-wrap elementor-element-populated\">\n\t\t\t\t\t\t<div class=\"elementor-element elementor-element-cfcbc59 elementor-view-default elementor-widget elementor-widget-icon\" data-id=\"cfcbc59\" data-element_type=\"widget\" data-e-type=\"widget\" data-widget_type=\"icon.default\">\n\t\t\t\t<div class=\"elementor-widget-container\">\n\t\t\t\t\t\t\t<div class=\"elementor-icon-wrapper\">\n\t\t\t<a class=\"elementor-icon\" href=\"https:\/\/litteraturbanken.se\/skolan\/?page_id=12298&#038;preview_nonce=69cdc7a199\">\n\t\t\t\t\t\t\t<i class=\"fa fa-chevron-left\" aria-hidden=\"true\"><\/i>\n\t\t\t\t\t\t<\/a>\n\t\t<\/div>\n\t\t\t\t\t\t<\/div>\n\t\t\t\t<\/div>\n\t\t\t\t\t<\/div>\n\t\t<\/div>\n\t\t\t\t<div class=\"elementor-column elementor-col-50 elementor-inner-column elementor-element elementor-element-c04558c\" data-id=\"c04558c\" data-element_type=\"column\" data-e-type=\"column\">\n\t\t\t<div class=\"elementor-widget-wrap elementor-element-populated\">\n\t\t\t\t\t\t<div class=\"elementor-element elementor-element-19eb422 elementor-view-default elementor-widget elementor-widget-icon\" data-id=\"19eb422\" data-element_type=\"widget\" data-e-type=\"widget\" data-widget_type=\"icon.default\">\n\t\t\t\t<div class=\"elementor-widget-container\">\n\t\t\t\t\t\t\t<div class=\"elementor-icon-wrapper\">\n\t\t\t<a class=\"elementor-icon\" href=\"https:\/\/litteraturbanken.se\/skolan\/?page_id=12318\">\n\t\t\t\t\t\t\t<i class=\"fa fa-chevron-right\" aria-hidden=\"true\"><\/i>\n\t\t\t\t\t\t<\/a>\n\t\t<\/div>\n\t\t\t\t\t\t<\/div>\n\t\t\t\t<\/div>\n\t\t\t\t\t<\/div>\n\t\t<\/div>\n\t\t\t\t\t<\/div>\n\t\t<\/section>\n\t\t\t\t\t<\/div>\n\t\t<\/div>\n\t\t\t\t<div class=\"elementor-column elementor-col-25 elementor-top-column elementor-element elementor-element-7fb5f54\" data-id=\"7fb5f54\" data-element_type=\"column\" data-e-type=\"column\">\n\t\t\t<div class=\"elementor-widget-wrap elementor-element-populated\">\n\t\t\t\t\t\t<div class=\"elementor-element elementor-element-e8cd751 elementor-widget elementor-widget-spacer\" data-id=\"e8cd751\" data-element_type=\"widget\" data-e-type=\"widget\" data-widget_type=\"spacer.default\">\n\t\t\t\t<div class=\"elementor-widget-container\">\n\t\t\t\t\t\t\t<div class=\"elementor-spacer\">\n\t\t\t<div class=\"elementor-spacer-inner\"><\/div>\n\t\t<\/div>\n\t\t\t\t\t\t<\/div>\n\t\t\t\t<\/div>\n\t\t\t\t<div class=\"elementor-element elementor-element-df1ca29 elementor-widget elementor-widget-image\" data-id=\"df1ca29\" data-element_type=\"widget\" data-e-type=\"widget\" data-widget_type=\"image.default\">\n\t\t\t\t<div class=\"elementor-widget-container\">\n\t\t\t\t\t\t\t\t\t\t\t\t\t\t\t<img fetchpriority=\"high\" decoding=\"async\" width=\"727\" height=\"1024\" src=\"https:\/\/litteraturbanken.se\/skolan\/wp-content\/uploads\/2018\/08\/Atelje_Jaeger_-_Selma_Lagerl\u00f6f_1928-727x1024.jpeg\" class=\"attachment-large size-large wp-image-4469\" alt=\"\" srcset=\"https:\/\/litteraturbanken.se\/skolan\/wp-content\/uploads\/2018\/08\/Atelje_Jaeger_-_Selma_Lagerl\u00f6f_1928-727x1024.jpeg 727w, https:\/\/litteraturbanken.se\/skolan\/wp-content\/uploads\/2018\/08\/Atelje_Jaeger_-_Selma_Lagerl\u00f6f_1928-213x300.jpeg 213w, https:\/\/litteraturbanken.se\/skolan\/wp-content\/uploads\/2018\/08\/Atelje_Jaeger_-_Selma_Lagerl\u00f6f_1928-768x1081.jpeg 768w\" sizes=\"(max-width: 727px) 100vw, 727px\" \/>\t\t\t\t\t\t\t\t\t\t\t\t\t\t\t<\/div>\n\t\t\t\t<\/div>\n\t\t\t\t<div class=\"elementor-element elementor-element-6b0114b elementor-widget elementor-widget-spacer\" data-id=\"6b0114b\" data-element_type=\"widget\" data-e-type=\"widget\" data-widget_type=\"spacer.default\">\n\t\t\t\t<div class=\"elementor-widget-container\">\n\t\t\t\t\t\t\t<div class=\"elementor-spacer\">\n\t\t\t<div class=\"elementor-spacer-inner\"><\/div>\n\t\t<\/div>\n\t\t\t\t\t\t<\/div>\n\t\t\t\t<\/div>\n\t\t\t\t\t<\/div>\n\t\t<\/div>\n\t\t\t\t<div class=\"elementor-column elementor-col-25 elementor-top-column elementor-element elementor-element-9cbff05\" data-id=\"9cbff05\" data-element_type=\"column\" data-e-type=\"column\">\n\t\t\t<div class=\"elementor-widget-wrap elementor-element-populated\">\n\t\t\t\t\t\t<div class=\"elementor-element elementor-element-29ede1b elementor-widget elementor-widget-spacer\" data-id=\"29ede1b\" data-element_type=\"widget\" data-e-type=\"widget\" data-widget_type=\"spacer.default\">\n\t\t\t\t<div class=\"elementor-widget-container\">\n\t\t\t\t\t\t\t<div class=\"elementor-spacer\">\n\t\t\t<div class=\"elementor-spacer-inner\"><\/div>\n\t\t<\/div>\n\t\t\t\t\t\t<\/div>\n\t\t\t\t<\/div>\n\t\t\t\t<div class=\"elementor-element elementor-element-be59461 elementor-widget elementor-widget-spacer\" data-id=\"be59461\" data-element_type=\"widget\" data-e-type=\"widget\" data-widget_type=\"spacer.default\">\n\t\t\t\t<div class=\"elementor-widget-container\">\n\t\t\t\t\t\t\t<div class=\"elementor-spacer\">\n\t\t\t<div class=\"elementor-spacer-inner\"><\/div>\n\t\t<\/div>\n\t\t\t\t\t\t<\/div>\n\t\t\t\t<\/div>\n\t\t\t\t\t<\/div>\n\t\t<\/div>\n\t\t\t\t\t<\/div>\n\t\t<\/section>\n\t\t\t\t<\/div>\n\t\t","protected":false},"excerpt":{"rendered":"<p>PDF Att l\u00e4sa Selma Lagerl\u00f6f med yngre elever \u00a0\u00a0 \u201dBortbytingen\u201d I anslutning till temaarbete om nordisk folktro och sagov\u00e4sen passar det bra att l\u00e4sa\u00a0\u201dBortbytingen\u201d\u00a0som finns i\u00a0Troll och m\u00e4nniskor 1\u00a0(1915). F\u00f6re l\u00e4sningen kan man b\u00f6rja prata om troll. Eleverna f\u00e5r i uppgift att beskriva hur troll ser ut och m\u00e5la troll. Klassen kan titta p\u00e5 klassiska [&hellip;]<\/p>\n","protected":false},"author":5,"featured_media":0,"parent":0,"menu_order":0,"comment_status":"closed","ping_status":"closed","template":"","meta":{"ocean_post_layout":"full-screen","ocean_both_sidebars_style":"","ocean_both_sidebars_content_width":0,"ocean_both_sidebars_sidebars_width":0,"ocean_sidebar":"0","ocean_second_sidebar":"0","ocean_disable_margins":"enable","ocean_add_body_class":"","ocean_shortcode_before_top_bar":"","ocean_shortcode_after_top_bar":"","ocean_shortcode_before_header":"","ocean_shortcode_after_header":"","ocean_has_shortcode":"","ocean_shortcode_after_title":"","ocean_shortcode_before_footer_widgets":"","ocean_shortcode_after_footer_widgets":"","ocean_shortcode_before_footer_bottom":"","ocean_shortcode_after_footer_bottom":"","ocean_display_top_bar":"default","ocean_display_header":"default","ocean_header_style":"","ocean_center_header_left_menu":"0","ocean_custom_header_template":"0","ocean_custom_logo":0,"ocean_custom_retina_logo":0,"ocean_custom_logo_max_width":0,"ocean_custom_logo_tablet_max_width":0,"ocean_custom_logo_mobile_max_width":0,"ocean_custom_logo_max_height":0,"ocean_custom_logo_tablet_max_height":0,"ocean_custom_logo_mobile_max_height":0,"ocean_header_custom_menu":"0","ocean_menu_typo_font_family":"0","ocean_menu_typo_font_subset":"","ocean_menu_typo_font_size":0,"ocean_menu_typo_font_size_tablet":0,"ocean_menu_typo_font_size_mobile":0,"ocean_menu_typo_font_size_unit":"px","ocean_menu_typo_font_weight":"","ocean_menu_typo_font_weight_tablet":"","ocean_menu_typo_font_weight_mobile":"","ocean_menu_typo_transform":"","ocean_menu_typo_transform_tablet":"","ocean_menu_typo_transform_mobile":"","ocean_menu_typo_line_height":0,"ocean_menu_typo_line_height_tablet":0,"ocean_menu_typo_line_height_mobile":0,"ocean_menu_typo_line_height_unit":"","ocean_menu_typo_spacing":0,"ocean_menu_typo_spacing_tablet":0,"ocean_menu_typo_spacing_mobile":0,"ocean_menu_typo_spacing_unit":"","ocean_menu_link_color":"","ocean_menu_link_color_hover":"","ocean_menu_link_color_active":"","ocean_menu_link_background":"","ocean_menu_link_hover_background":"","ocean_menu_link_active_background":"","ocean_menu_social_links_bg":"","ocean_menu_social_hover_links_bg":"","ocean_menu_social_links_color":"","ocean_menu_social_hover_links_color":"","ocean_disable_title":"on","ocean_disable_heading":"default","ocean_post_title":"","ocean_post_subheading":"","ocean_post_title_style":"","ocean_post_title_background_color":"","ocean_post_title_background":0,"ocean_post_title_bg_image_position":"","ocean_post_title_bg_image_attachment":"","ocean_post_title_bg_image_repeat":"","ocean_post_title_bg_image_size":"","ocean_post_title_height":0,"ocean_post_title_bg_overlay":0.5,"ocean_post_title_bg_overlay_color":"","ocean_disable_breadcrumbs":"default","ocean_breadcrumbs_color":"","ocean_breadcrumbs_separator_color":"","ocean_breadcrumbs_links_color":"","ocean_breadcrumbs_links_hover_color":"","ocean_display_footer_widgets":"default","ocean_display_footer_bottom":"default","ocean_custom_footer_template":"0","footnotes":""},"class_list":["post-12311","page","type-page","status-publish","hentry","entry"],"_links":{"self":[{"href":"https:\/\/litteraturbanken.se\/skolan\/wp-json\/wp\/v2\/pages\/12311","targetHints":{"allow":["GET"]}}],"collection":[{"href":"https:\/\/litteraturbanken.se\/skolan\/wp-json\/wp\/v2\/pages"}],"about":[{"href":"https:\/\/litteraturbanken.se\/skolan\/wp-json\/wp\/v2\/types\/page"}],"author":[{"embeddable":true,"href":"https:\/\/litteraturbanken.se\/skolan\/wp-json\/wp\/v2\/users\/5"}],"replies":[{"embeddable":true,"href":"https:\/\/litteraturbanken.se\/skolan\/wp-json\/wp\/v2\/comments?post=12311"}],"version-history":[{"count":17,"href":"https:\/\/litteraturbanken.se\/skolan\/wp-json\/wp\/v2\/pages\/12311\/revisions"}],"predecessor-version":[{"id":21671,"href":"https:\/\/litteraturbanken.se\/skolan\/wp-json\/wp\/v2\/pages\/12311\/revisions\/21671"}],"wp:attachment":[{"href":"https:\/\/litteraturbanken.se\/skolan\/wp-json\/wp\/v2\/media?parent=12311"}],"curies":[{"name":"wp","href":"https:\/\/api.w.org\/{rel}","templated":true}]}}