{"id":12318,"date":"2019-02-11T10:50:07","date_gmt":"2019-02-11T09:50:07","guid":{"rendered":"https:\/\/litteraturbanken.se\/skoladev\/?page_id=12318"},"modified":"2020-06-29T17:17:12","modified_gmt":"2020-06-29T15:17:12","slug":"att-lasa-lagerlof-med-yngre-elever-5","status":"publish","type":"page","link":"https:\/\/litteraturbanken.se\/skolan\/att-lasa-lagerlof-med-yngre-elever-5\/","title":{"rendered":"Prosa\/F\u00f6rfattare\/Selma Lagerl\u00f6f\/Att l\u00e4sa Lagerl\u00f6f med yngre elever 5"},"content":{"rendered":"\t\t<div data-elementor-type=\"wp-post\" data-elementor-id=\"12318\" class=\"elementor elementor-12318\">\n\t\t\t\t\t\t<section class=\"elementor-section elementor-top-section elementor-element elementor-element-55fa7b5 elementor-section-boxed elementor-section-height-default elementor-section-height-default\" data-id=\"55fa7b5\" data-element_type=\"section\" data-e-type=\"section\">\n\t\t\t\t\t\t<div class=\"elementor-container elementor-column-gap-default\">\n\t\t\t\t\t<div class=\"elementor-column elementor-col-100 elementor-top-column elementor-element elementor-element-c3d7769\" data-id=\"c3d7769\" data-element_type=\"column\" data-e-type=\"column\">\n\t\t\t<div class=\"elementor-widget-wrap\">\n\t\t\t\t\t\t\t<\/div>\n\t\t<\/div>\n\t\t\t\t\t<\/div>\n\t\t<\/section>\n\t\t\t\t<section class=\"elementor-section elementor-top-section elementor-element elementor-element-7cfd51e elementor-section-full_width elementor-section-height-default elementor-section-height-default\" data-id=\"7cfd51e\" data-element_type=\"section\" data-e-type=\"section\" data-settings=\"{&quot;background_background&quot;:&quot;classic&quot;}\">\n\t\t\t\t\t\t<div class=\"elementor-container elementor-column-gap-default\">\n\t\t\t\t\t<div class=\"elementor-column elementor-col-25 elementor-top-column elementor-element elementor-element-8be6145\" data-id=\"8be6145\" data-element_type=\"column\" data-e-type=\"column\">\n\t\t\t<div class=\"elementor-widget-wrap\">\n\t\t\t\t\t\t\t<\/div>\n\t\t<\/div>\n\t\t\t\t<div class=\"elementor-column elementor-col-25 elementor-top-column elementor-element elementor-element-031d83e\" data-id=\"031d83e\" data-element_type=\"column\" data-e-type=\"column\" data-settings=\"{&quot;background_background&quot;:&quot;classic&quot;}\">\n\t\t\t<div class=\"elementor-widget-wrap elementor-element-populated\">\n\t\t\t\t\t\t<div class=\"elementor-element elementor-element-6c0c89c elementor-icon-list--layout-inline elementor-list-item-link-full_width elementor-widget elementor-widget-icon-list\" data-id=\"6c0c89c\" data-element_type=\"widget\" data-e-type=\"widget\" data-widget_type=\"icon-list.default\">\n\t\t\t\t<div class=\"elementor-widget-container\">\n\t\t\t\t\t\t\t<ul class=\"elementor-icon-list-items elementor-inline-items\">\n\t\t\t\t\t\t\t<li class=\"elementor-icon-list-item elementor-inline-item\">\n\t\t\t\t\t\t\t\t\t\t\t<a href=\"https:\/\/litteraturbanken.se\/skolan\/wp-content\/uploads\/2019\/02\/LasaLagerlofF-5Lararsidan-5.pdf\" target=\"_blank\">\n\n\t\t\t\t\t\t\t\t\t\t\t\t<span class=\"elementor-icon-list-icon\">\n\t\t\t\t\t\t\t\t\t\t\t\t\t\t\t\t<i class=\"fa fa-file-text-o\" aria-hidden=\"true\"><\/i>\n\t\t\t\t\t\t\t\t\t\t\t\t\t<\/span>\n\t\t\t\t\t\t\t\t\t\t<span class=\"elementor-icon-list-text\">PDF: \"Att l\u00e4sa Selma Lagerl\u00f6f med yngre elever\"<\/span>\n\t\t\t\t\t\t\t\t\t\t\t<\/a>\n\t\t\t\t\t\t\t\t\t<\/li>\n\t\t\t\t\t\t\t\t<li class=\"elementor-icon-list-item elementor-inline-item\">\n\t\t\t\t\t\t\t\t\t\t\t<a href=\"https:\/\/litteraturbanken.se\/skolan\/wp-content\/uploads\/2018\/10\/MarbackaLarare.pdf\" target=\"_blank\">\n\n\t\t\t\t\t\t\t\t\t\t\t\t<span class=\"elementor-icon-list-icon\">\n\t\t\t\t\t\t\t\t\t\t\t\t\t\t\t\t<i class=\"fa fa-file-text-o\" aria-hidden=\"true\"><\/i>\n\t\t\t\t\t\t\t\t\t\t\t\t\t<\/span>\n\t\t\t\t\t\t\t\t\t\t<span class=\"elementor-icon-list-text\">PDF: L\u00e4shandledning f\u00f6r \"M\u00e5rbackasviten\"<\/span>\n\t\t\t\t\t\t\t\t\t\t\t<\/a>\n\t\t\t\t\t\t\t\t\t<\/li>\n\t\t\t\t\t\t<\/ul>\n\t\t\t\t\t\t<\/div>\n\t\t\t\t<\/div>\n\t\t\t\t<div class=\"elementor-element elementor-element-c19d403 elementor-widget elementor-widget-spacer\" data-id=\"c19d403\" data-element_type=\"widget\" data-e-type=\"widget\" data-widget_type=\"spacer.default\">\n\t\t\t\t<div class=\"elementor-widget-container\">\n\t\t\t\t\t\t\t<div class=\"elementor-spacer\">\n\t\t\t<div class=\"elementor-spacer-inner\"><\/div>\n\t\t<\/div>\n\t\t\t\t\t\t<\/div>\n\t\t\t\t<\/div>\n\t\t\t\t<div class=\"elementor-element elementor-element-9cb3a7e elementor-widget elementor-widget-text-editor\" data-id=\"9cb3a7e\" data-element_type=\"widget\" data-e-type=\"widget\" data-widget_type=\"text-editor.default\">\n\t\t\t\t<div class=\"elementor-widget-container\">\n\t\t\t\t\t\t\t\t\t<h1 class=\"elementor-heading-title elementor-size-default\">Att l\u00e4sa Selma Lagerl\u00f6f med yngre elever<\/h1>\t\t\t\t\t\t\t\t<\/div>\n\t\t\t\t<\/div>\n\t\t\t\t<div class=\"elementor-element elementor-element-4ea4b77 elementor-widget elementor-widget-text-editor\" data-id=\"4ea4b77\" data-element_type=\"widget\" data-e-type=\"widget\" data-widget_type=\"text-editor.default\">\n\t\t\t\t<div class=\"elementor-widget-container\">\n\t\t\t\t\t\t\t\t\t<div class=\"titlepage ng-scope\">\u00a0<\/div><div class=\"sect2 ng-scope\"><div class=\"sect3\">\u00a0<\/div><\/div><div class=\"sect2 ng-scope\"><div class=\"titlepage\"><div><div><h2 class=\"title\"><em>Nils Holgerssons underbara resa genom Sverige<\/em><\/h2><\/div><\/div><\/div><p>Ett l\u00e4ngre h\u00f6gl\u00e4sningsprojekt f\u00f6r \u00e5rskurserna 3\u20135 \u00e4r\u00a0<a href=\"https:\/\/litteraturbanken.se\/skolan\/?page_id=1059&amp;preview_nonce=cf5e1400dd\"><em><span class=\"italic\">Nils Holgerssons underbara resa genom Sverige<\/span><\/em><\/a>. Inled med att ber\u00e4tta f\u00f6r eleverna om\u00a0<span class=\"personname\">Selma Lagerl\u00f6f<\/span>\u00a0och l\u00e4seboksprojektet. Du kan l\u00e4sa mer om det\u00a0<a href=\"https:\/\/litteraturbanken.se\/red\/skola\/pdf\/NilsHolgerssonFordjupning.pdf\">h\u00e4r<\/a>\u00a0. Boken var ett best\u00e4llningsverk och var t\u00e4nkt som en geografibok f\u00f6r skolan, men den \u00e4r ocks\u00e5 en \u00e4ventyrsber\u00e4ttelse och den anv\u00e4ndes l\u00e4nge som l\u00e4sebok f\u00f6r 9\u201310-\u00e5ringar i svenska skolan. Boken kom ut i tv\u00e5 delar \u00e5r 1906 och 1907 och det \u00e4r ocks\u00e5 d\u00e5 som handlingen utspelas. Allts\u00e5 \u00e4r det Sverige som det s\u00e5g ut f\u00f6r \u00f6ver 100 \u00e5r sedan som beskrivs i boken. De sista svenskar som har minnen av boken som l\u00e4sebok och geografibok i skolan gick i skolan p\u00e5 1960-talet. Anv\u00e4nd g\u00e4rna en tidslinje f\u00f6r att tydligg\u00f6ra f\u00f6r eleverna n\u00e4r boken skrevs och hur l\u00e4nge sen det var som man hade den som l\u00e4sebok i skolan.<\/p><p>Ber\u00e4tta att boken har blivit en av de mest \u00f6versatta och l\u00e4sta svenska b\u00f6ckerna v\u00e4rlden \u00f6ver.\u00a0<a href=\"https:\/\/litteraturbanken.se\/skolan\/?page_id=1059&amp;preview_nonce=cf5e1400dd\"><em><span class=\"italic\">Nils Holgerssons underbara resa genom Sverige<\/span><\/em><\/a>\u00a0finns \u00f6versatt till ett fyrtiotal spr\u00e5k. Den finns ocks\u00e5 som tecknad barnfilm och som l\u00e5ngfilm. Fundera tillsammans med eleverna \u00f6ver vad det kan vara som har gjort boken s\u00e5 k\u00e4nd. F\u00f6rs\u00f6k att f\u00e5 tag p\u00e5 flera olika \u00f6vers\u00e4ttningar ett bibliotek och titta p\u00e5 dem. Kanske n\u00e5gon i klassen kan l\u00e4sa n\u00e5got av spr\u00e5ken och ber\u00e4tta hur \u00f6vers\u00e4ttningen f\u00f6rh\u00e5ller sig till den svenska texten.<\/p><p>L\u00e4s d\u00e4refter kapitlet\u00a0\u201dEn liten herrg\u00e5rd\u201d. D\u00e4r ber\u00e4ttar\u00a0<span class=\"personname\">Selma Lagerl\u00f6f<\/span>\u00a0om sin egen barndom. Samtala om varf\u00f6r\u00a0<span class=\"personname\">Selma Lagerl\u00f6f\u00a0<\/span>h\u00e4r ber\u00e4ttar om hur hon hade det n\u00e4r hon var barn. Fundera tillsammans \u00f6ver om det \u00e4r viktigt att veta n\u00e5got om hur m\u00e4nniskor hade det f\u00f6rr.<\/p><p>I kapitlet\u00a0\u201dEn liten herrg\u00e5rd\u201d\u00a0vill\u00a0<span class=\"personname\">Selma Lagerl\u00f6f<\/span>\u00a0inte bara ber\u00e4tta om n\u00e4r hon var barn. Kapitlet \u00e4r ocks\u00e5 ett slags metakapitel. Med det menas att kapitlet handlar om sj\u00e4lva boken och dess tillkomst. Precis som i hela den tjocka boken beskrivs i det h\u00e4r lilla kapitlet en resa. Fundera tillsammans med eleverna \u00f6ver vad det \u00e4r f\u00f6r en resa? Hur f\u00f6r\u00e4ndras den m\u00e4nniska som g\u00f6r resan i detta kapitel?<\/p><p>N\u00e4r hon kommit fram till sitt \u00f6dsliga barndomshem m\u00f6ts hon av en flock duvor. Fundera tillsammans \u00f6ver vad de h\u00e4r duvorna betyder f\u00f6r henne. Hon m\u00f6ter ocks\u00e5 Nils i tr\u00e4dg\u00e5rden. Vem tror hon att Nils \u00e4r? Varf\u00f6r blir hon inte f\u00f6rv\u00e5nad? P\u00e5 vilket s\u00e4tt f\u00e5r hon nu hj\u00e4lp av Nils?<\/p><p>Allra sist i kapitlet beskrivs en tanke hon f\u00e5r om att Nils ber\u00e4ttelse \u00e4r hennes fars svar p\u00e5 det hon bett om. Vad var det hon bad sin far om i det bud hon skickade till honom med duvorna tidigare i kapitlet? Fundera tillsammans hur ni tror hon menar att Nils ber\u00e4ttelse inte bara ska hj\u00e4lpa henne att skriva boken som hon har lovat, utan ocks\u00e5 hj\u00e4lpa henne med hennes heml\u00e4ngtan? Fr\u00e5ga eleverna om de tror att det var s\u00e5 h\u00e4r det gick till n\u00e4r\u00a0<span class=\"personname\">Selma Lagerl\u00f6f<\/span>fick id\u00e9n till boken?<\/p><p>Att l\u00e4sa hela\u00a0<span class=\"italic\">Nils Holgersson<\/span>\u00a0\u00e4r ett tidskr\u00e4vande arbete.\u00a0<span class=\"personname\">Lars Klinting<\/span>\u00a0har illustrerat en f\u00f6rkortad upplaga av\u00a0<span class=\"italic\">Nils Holgerssons underbara resa genom Sverige<\/span>. Denna passar att l\u00e4sa h\u00f6gt f\u00f6r de yngre eleverna och visa bilderna. L\u00e5na ocks\u00e5 p\u00e5 biblioteket n\u00e5gra olika illustrerade upplagor av\u00a0<span class=\"italic\">Nils Holgerssons underbara resa genom Sverige<\/span>\u00a0och j\u00e4mf\u00f6r illustrationerna.<\/p><p>L\u00e5t eleverna anv\u00e4nda kartbok f\u00f6r att f\u00f6lja med p\u00e5 Nils resa.<\/p><p>Under l\u00e4sningens g\u00e5ng reflektera s\u00e4rskilt \u00f6ver hur den 14-\u00e5rige \u201dv\u00e4rstingen\u201d Nils m\u00e5ste visa sig b\u00e5de sn\u00e4ll och hj\u00e4lpsam f\u00f6r att f\u00e5 f\u00f6lja med p\u00e5 resan med g\u00e4ssen. Vilka olika pr\u00f6vningar uts\u00e4tts han f\u00f6r? Hur f\u00f6r\u00e4ndras han?<\/p><p>Samtala ocks\u00e5 om f\u00f6rh\u00e5llandet mellan m\u00e4nniskor och djur i boken och l\u00e5t eleverna g\u00f6ra kopplingar till sina egna erfarenheter.<\/p><p>N\u00e4r Nils blir m\u00e4nniska igen m\u00e5ste han skiljas fr\u00e5n g\u00e4ssen och kan inte l\u00e4ngre f\u00f6rst\u00e5 vad de s\u00e4ger. Men innan dess har Akka sagt n\u00e5got mycket viktigt till honom. Det sker i b\u00f6rjan av\u00a0n\u00e4st sist kapitlet, n\u00e5got som hon l\u00e4nge t\u00e4nkt s\u00e4ga till honom. L\u00e4s g\u00e4rna det h\u00f6gt i originalversionen. Samtala med eleverna om hur Nils reagerar Nils p\u00e5 Akkas v\u00e4djan? Hur skulle du reagera om du vore Nils?<\/p><p>Det finns flera ber\u00e4ttelser i boken som beskriver milj\u00f6f\u00f6rst\u00f6ring och hur sv\u00e5rt djuren har det p\u00e5 grund av m\u00e4nniskor. Fundera tillsammans med eleverna p\u00e5 om ni tycker att m\u00e4nniskor har lyssnat till Akkas v\u00e4djan under de drygt 100 \u00e5r som g\u00e5tt?<\/p><p>Parallellt med h\u00f6gl\u00e4sningsprojektet kan eleverna eventuellt sj\u00e4lva l\u00e4sa\u00a0<span class=\"personname\">Lars Westmans<\/span>\u00a0bok\u00a0<em><span class=\"italic\">Pojken och Tigern<\/span><\/em>\u00a0(1986), som \u00e4r en l\u00e4sebok f\u00f6r \u00e5rskurserna 3 och 4 i Natur &amp; Kulturs l\u00e4sebokspaket\u00a0<span class=\"italic\">L\u00e4s med oss<\/span>\u00a0och finns utgiven med olika sv\u00e5righetsgrad. Samtala i s\u00e5 fall om likheter och skillnader och hur\u00a0<em><span class=\"italic\">Pojken och Tigern<\/span><\/em>\u00a0parafraserar\u00a0<em><span class=\"italic\">Nils Holgerssons underbara resa genom Sverige<\/span><\/em>, det vill s\u00e4ga \u00e4r skriven p\u00e5 ungef\u00e4r samma s\u00e4tt, med ungef\u00e4r samma slags handling, men med ett omarbetat och bearbetat inneh\u00e5ll.<\/p><p>F\u00f6r elever som vill veta mer om\u00a0<span class=\"personname\">Lagerl\u00f6f<\/span>\u00a0finns tv\u00e5 seriealbum av\u00a0<span class=\"personname\">Maria Bergstr\u00f6m<\/span>\u00a0m. fl.\u00a0<em><span class=\"italic\">Selma ber\u00e4ttar<\/span><\/em>\u00a0(KulturPoolen i Falun 2009) skildrar\u00a0<span class=\"personname\">Selma Lagerl\u00f6fs<\/span>\u00a0liv i Falun under perioden d\u00e5 hon skrev <em>Nils Holgersson<\/em>. Hon ber\u00e4ttar h\u00e4r ocks\u00e5 om den sjuka flickan Meli f\u00f6r sina syskonbarn.\u00a0<em><span class=\"italic\">Lill-Selma p\u00e5 M\u00e5rbacka<\/span><\/em>\u00a0(KulturPoolen i Falun 2008) skildrar barndomen och uppv\u00e4xten och bygger p\u00e5\u00a0<a href=\"https:\/\/litteraturbanken.se\/skolan\/?page_id=1253\">\u201dTv\u00e5 sp\u00e5domar\u201d<\/a>\u00a0i\u00a0<span class=\"italic\">Troll och m\u00e4nniskor 1<\/span>\u00a0samt avsnitt ur\u00a0<a href=\"https:\/\/litteraturbanken.se\/skolan\/?page_id=1263&amp;preview_nonce=d80e15ed44\"><em><span class=\"italic\">M\u00e5rbacka<\/span><\/em><\/a>\u00a0och\u00a0<a href=\"https:\/\/litteraturbanken.se\/skolan\/?page_id=7877&amp;preview_nonce=c5c219eaed\"><em><span class=\"italic\">Ett barns memoarer<\/span><\/em><\/a>.<\/p><p>Delar av Lagerl\u00f6fs sj\u00e4lvbiografiska b\u00f6cker\u00a0<a href=\"https:\/\/litteraturbanken.se\/skolan\/?page_id=1263&amp;preview_nonce=d80e15ed44\"><em><span class=\"italic\">M\u00e5rbacka<\/span><\/em><\/a>\u00a0och\u00a0<a href=\"https:\/\/litteraturbanken.se\/skolan\/?page_id=7877&amp;preview_nonce=c5c219eaed\"><em><span class=\"italic\">Ett barns memoarer<\/span><\/em><\/a>\u00a0g\u00e5r att l\u00e4sa h\u00f6gt f\u00f6r barn i \u00e5rskurs 3-5, se\u00a0<span style=\"text-decoration: underline; color: #ff6600;\"><a style=\"color: #ff6600;\" href=\"https:\/\/litteraturbanken.se\/skolan\/wp-content\/uploads\/2018\/10\/MarbackaLarare.pdf\">L\u00e4shandledning f\u00f6r M\u00e5rbackasviten<\/a>.<\/span><\/p><\/div>\t\t\t\t\t\t\t\t<\/div>\n\t\t\t\t<\/div>\n\t\t\t\t<div class=\"elementor-element elementor-element-ce7e08a elementor-widget elementor-widget-spacer\" data-id=\"ce7e08a\" data-element_type=\"widget\" data-e-type=\"widget\" data-widget_type=\"spacer.default\">\n\t\t\t\t<div class=\"elementor-widget-container\">\n\t\t\t\t\t\t\t<div class=\"elementor-spacer\">\n\t\t\t<div class=\"elementor-spacer-inner\"><\/div>\n\t\t<\/div>\n\t\t\t\t\t\t<\/div>\n\t\t\t\t<\/div>\n\t\t\t\t<section class=\"elementor-section elementor-inner-section elementor-element elementor-element-b714b4c elementor-section-boxed elementor-section-height-default elementor-section-height-default\" data-id=\"b714b4c\" data-element_type=\"section\" data-e-type=\"section\">\n\t\t\t\t\t\t<div class=\"elementor-container elementor-column-gap-default\">\n\t\t\t\t\t<div class=\"elementor-column elementor-col-50 elementor-inner-column elementor-element elementor-element-5c12554\" data-id=\"5c12554\" data-element_type=\"column\" data-e-type=\"column\">\n\t\t\t<div class=\"elementor-widget-wrap elementor-element-populated\">\n\t\t\t\t\t\t<div class=\"elementor-element elementor-element-b4697cb elementor-view-default elementor-widget elementor-widget-icon\" data-id=\"b4697cb\" data-element_type=\"widget\" data-e-type=\"widget\" data-widget_type=\"icon.default\">\n\t\t\t\t<div class=\"elementor-widget-container\">\n\t\t\t\t\t\t\t<div class=\"elementor-icon-wrapper\">\n\t\t\t<a class=\"elementor-icon\" href=\"https:\/\/litteraturbanken.se\/skolan\/?page_id=12311&#038;preview_nonce=2ec0c90448\">\n\t\t\t\t\t\t\t<i class=\"fa fa-chevron-left\" aria-hidden=\"true\"><\/i>\n\t\t\t\t\t\t<\/a>\n\t\t<\/div>\n\t\t\t\t\t\t<\/div>\n\t\t\t\t<\/div>\n\t\t\t\t\t<\/div>\n\t\t<\/div>\n\t\t\t\t<div class=\"elementor-column elementor-col-50 elementor-inner-column elementor-element elementor-element-254a099\" data-id=\"254a099\" data-element_type=\"column\" data-e-type=\"column\">\n\t\t\t<div class=\"elementor-widget-wrap\">\n\t\t\t\t\t\t\t<\/div>\n\t\t<\/div>\n\t\t\t\t\t<\/div>\n\t\t<\/section>\n\t\t\t\t\t<\/div>\n\t\t<\/div>\n\t\t\t\t<div class=\"elementor-column elementor-col-25 elementor-top-column elementor-element elementor-element-c369b9a\" data-id=\"c369b9a\" data-element_type=\"column\" data-e-type=\"column\">\n\t\t\t<div class=\"elementor-widget-wrap elementor-element-populated\">\n\t\t\t\t\t\t<div class=\"elementor-element elementor-element-6096df2 elementor-widget elementor-widget-spacer\" data-id=\"6096df2\" data-element_type=\"widget\" data-e-type=\"widget\" data-widget_type=\"spacer.default\">\n\t\t\t\t<div class=\"elementor-widget-container\">\n\t\t\t\t\t\t\t<div class=\"elementor-spacer\">\n\t\t\t<div class=\"elementor-spacer-inner\"><\/div>\n\t\t<\/div>\n\t\t\t\t\t\t<\/div>\n\t\t\t\t<\/div>\n\t\t\t\t<div class=\"elementor-element elementor-element-adef121 elementor-widget elementor-widget-image\" data-id=\"adef121\" data-element_type=\"widget\" data-e-type=\"widget\" data-widget_type=\"image.default\">\n\t\t\t\t<div class=\"elementor-widget-container\">\n\t\t\t\t\t\t\t\t\t\t\t\t\t\t\t<img fetchpriority=\"high\" decoding=\"async\" width=\"727\" height=\"1024\" src=\"https:\/\/litteraturbanken.se\/skolan\/wp-content\/uploads\/2018\/08\/Atelje_Jaeger_-_Selma_Lagerl\u00f6f_1928-727x1024.jpeg\" class=\"attachment-large size-large wp-image-4469\" alt=\"\" srcset=\"https:\/\/litteraturbanken.se\/skolan\/wp-content\/uploads\/2018\/08\/Atelje_Jaeger_-_Selma_Lagerl\u00f6f_1928-727x1024.jpeg 727w, https:\/\/litteraturbanken.se\/skolan\/wp-content\/uploads\/2018\/08\/Atelje_Jaeger_-_Selma_Lagerl\u00f6f_1928-213x300.jpeg 213w, https:\/\/litteraturbanken.se\/skolan\/wp-content\/uploads\/2018\/08\/Atelje_Jaeger_-_Selma_Lagerl\u00f6f_1928-768x1081.jpeg 768w\" sizes=\"(max-width: 727px) 100vw, 727px\" \/>\t\t\t\t\t\t\t\t\t\t\t\t\t\t\t<\/div>\n\t\t\t\t<\/div>\n\t\t\t\t<div class=\"elementor-element elementor-element-2a7e37c elementor-widget elementor-widget-spacer\" data-id=\"2a7e37c\" data-element_type=\"widget\" data-e-type=\"widget\" data-widget_type=\"spacer.default\">\n\t\t\t\t<div class=\"elementor-widget-container\">\n\t\t\t\t\t\t\t<div class=\"elementor-spacer\">\n\t\t\t<div class=\"elementor-spacer-inner\"><\/div>\n\t\t<\/div>\n\t\t\t\t\t\t<\/div>\n\t\t\t\t<\/div>\n\t\t\t\t\t<\/div>\n\t\t<\/div>\n\t\t\t\t<div class=\"elementor-column elementor-col-25 elementor-top-column elementor-element elementor-element-78f41df\" data-id=\"78f41df\" data-element_type=\"column\" data-e-type=\"column\">\n\t\t\t<div class=\"elementor-widget-wrap elementor-element-populated\">\n\t\t\t\t\t\t<div class=\"elementor-element elementor-element-83383da elementor-widget elementor-widget-spacer\" data-id=\"83383da\" data-element_type=\"widget\" data-e-type=\"widget\" data-widget_type=\"spacer.default\">\n\t\t\t\t<div class=\"elementor-widget-container\">\n\t\t\t\t\t\t\t<div class=\"elementor-spacer\">\n\t\t\t<div class=\"elementor-spacer-inner\"><\/div>\n\t\t<\/div>\n\t\t\t\t\t\t<\/div>\n\t\t\t\t<\/div>\n\t\t\t\t<div class=\"elementor-element elementor-element-16be39d elementor-widget elementor-widget-spacer\" data-id=\"16be39d\" data-element_type=\"widget\" data-e-type=\"widget\" data-widget_type=\"spacer.default\">\n\t\t\t\t<div class=\"elementor-widget-container\">\n\t\t\t\t\t\t\t<div class=\"elementor-spacer\">\n\t\t\t<div class=\"elementor-spacer-inner\"><\/div>\n\t\t<\/div>\n\t\t\t\t\t\t<\/div>\n\t\t\t\t<\/div>\n\t\t\t\t\t<\/div>\n\t\t<\/div>\n\t\t\t\t\t<\/div>\n\t\t<\/section>\n\t\t\t\t<\/div>\n\t\t","protected":false},"excerpt":{"rendered":"<p>PDF: &#8221;Att l\u00e4sa Selma Lagerl\u00f6f med yngre elever&#8221; PDF: L\u00e4shandledning f\u00f6r &#8221;M\u00e5rbackasviten&#8221; Att l\u00e4sa Selma Lagerl\u00f6f med yngre elever \u00a0\u00a0 Nils Holgerssons underbara resa genom Sverige Ett l\u00e4ngre h\u00f6gl\u00e4sningsprojekt f\u00f6r \u00e5rskurserna 3\u20135 \u00e4r\u00a0Nils Holgerssons underbara resa genom Sverige. Inled med att ber\u00e4tta f\u00f6r eleverna om\u00a0Selma Lagerl\u00f6f\u00a0och l\u00e4seboksprojektet. Du kan l\u00e4sa mer om det\u00a0h\u00e4r\u00a0. Boken var [&hellip;]<\/p>\n","protected":false},"author":5,"featured_media":0,"parent":0,"menu_order":0,"comment_status":"closed","ping_status":"closed","template":"","meta":{"ocean_post_layout":"full-screen","ocean_both_sidebars_style":"","ocean_both_sidebars_content_width":0,"ocean_both_sidebars_sidebars_width":0,"ocean_sidebar":"0","ocean_second_sidebar":"0","ocean_disable_margins":"enable","ocean_add_body_class":"","ocean_shortcode_before_top_bar":"","ocean_shortcode_after_top_bar":"","ocean_shortcode_before_header":"","ocean_shortcode_after_header":"","ocean_has_shortcode":"","ocean_shortcode_after_title":"","ocean_shortcode_before_footer_widgets":"","ocean_shortcode_after_footer_widgets":"","ocean_shortcode_before_footer_bottom":"","ocean_shortcode_after_footer_bottom":"","ocean_display_top_bar":"default","ocean_display_header":"default","ocean_header_style":"","ocean_center_header_left_menu":"0","ocean_custom_header_template":"0","ocean_custom_logo":0,"ocean_custom_retina_logo":0,"ocean_custom_logo_max_width":0,"ocean_custom_logo_tablet_max_width":0,"ocean_custom_logo_mobile_max_width":0,"ocean_custom_logo_max_height":0,"ocean_custom_logo_tablet_max_height":0,"ocean_custom_logo_mobile_max_height":0,"ocean_header_custom_menu":"0","ocean_menu_typo_font_family":"0","ocean_menu_typo_font_subset":"","ocean_menu_typo_font_size":0,"ocean_menu_typo_font_size_tablet":0,"ocean_menu_typo_font_size_mobile":0,"ocean_menu_typo_font_size_unit":"px","ocean_menu_typo_font_weight":"","ocean_menu_typo_font_weight_tablet":"","ocean_menu_typo_font_weight_mobile":"","ocean_menu_typo_transform":"","ocean_menu_typo_transform_tablet":"","ocean_menu_typo_transform_mobile":"","ocean_menu_typo_line_height":0,"ocean_menu_typo_line_height_tablet":0,"ocean_menu_typo_line_height_mobile":0,"ocean_menu_typo_line_height_unit":"","ocean_menu_typo_spacing":0,"ocean_menu_typo_spacing_tablet":0,"ocean_menu_typo_spacing_mobile":0,"ocean_menu_typo_spacing_unit":"","ocean_menu_link_color":"","ocean_menu_link_color_hover":"","ocean_menu_link_color_active":"","ocean_menu_link_background":"","ocean_menu_link_hover_background":"","ocean_menu_link_active_background":"","ocean_menu_social_links_bg":"","ocean_menu_social_hover_links_bg":"","ocean_menu_social_links_color":"","ocean_menu_social_hover_links_color":"","ocean_disable_title":"on","ocean_disable_heading":"default","ocean_post_title":"","ocean_post_subheading":"","ocean_post_title_style":"","ocean_post_title_background_color":"","ocean_post_title_background":0,"ocean_post_title_bg_image_position":"","ocean_post_title_bg_image_attachment":"","ocean_post_title_bg_image_repeat":"","ocean_post_title_bg_image_size":"","ocean_post_title_height":0,"ocean_post_title_bg_overlay":0.5,"ocean_post_title_bg_overlay_color":"","ocean_disable_breadcrumbs":"default","ocean_breadcrumbs_color":"","ocean_breadcrumbs_separator_color":"","ocean_breadcrumbs_links_color":"","ocean_breadcrumbs_links_hover_color":"","ocean_display_footer_widgets":"default","ocean_display_footer_bottom":"default","ocean_custom_footer_template":"0","footnotes":""},"class_list":["post-12318","page","type-page","status-publish","hentry","entry"],"_links":{"self":[{"href":"https:\/\/litteraturbanken.se\/skolan\/wp-json\/wp\/v2\/pages\/12318","targetHints":{"allow":["GET"]}}],"collection":[{"href":"https:\/\/litteraturbanken.se\/skolan\/wp-json\/wp\/v2\/pages"}],"about":[{"href":"https:\/\/litteraturbanken.se\/skolan\/wp-json\/wp\/v2\/types\/page"}],"author":[{"embeddable":true,"href":"https:\/\/litteraturbanken.se\/skolan\/wp-json\/wp\/v2\/users\/5"}],"replies":[{"embeddable":true,"href":"https:\/\/litteraturbanken.se\/skolan\/wp-json\/wp\/v2\/comments?post=12318"}],"version-history":[{"count":10,"href":"https:\/\/litteraturbanken.se\/skolan\/wp-json\/wp\/v2\/pages\/12318\/revisions"}],"predecessor-version":[{"id":21577,"href":"https:\/\/litteraturbanken.se\/skolan\/wp-json\/wp\/v2\/pages\/12318\/revisions\/21577"}],"wp:attachment":[{"href":"https:\/\/litteraturbanken.se\/skolan\/wp-json\/wp\/v2\/media?parent=12318"}],"curies":[{"name":"wp","href":"https:\/\/api.w.org\/{rel}","templated":true}]}}