{"id":12471,"date":"2019-02-11T18:38:40","date_gmt":"2019-02-11T17:38:40","guid":{"rendered":"https:\/\/litteraturbanken.se\/skoladev\/?page_id=12471"},"modified":"2021-08-10T11:32:34","modified_gmt":"2021-08-10T09:32:34","slug":"didaktik-och-metodik-2","status":"publish","type":"page","link":"https:\/\/litteraturbanken.se\/skolan\/didaktik-och-metodik-2\/","title":{"rendered":"Didaktik och metodik 2"},"content":{"rendered":"\t\t<div data-elementor-type=\"wp-post\" data-elementor-id=\"12471\" class=\"elementor elementor-12471\">\n\t\t\t\t\t\t<section class=\"elementor-section elementor-top-section elementor-element elementor-element-8512660 elementor-section-boxed elementor-section-height-default elementor-section-height-default\" data-id=\"8512660\" data-element_type=\"section\" data-e-type=\"section\" data-settings=\"{&quot;background_background&quot;:&quot;classic&quot;}\">\n\t\t\t\t\t\t<div class=\"elementor-container elementor-column-gap-default\">\n\t\t\t\t\t<div class=\"elementor-column elementor-col-100 elementor-top-column elementor-element elementor-element-1911fe5\" data-id=\"1911fe5\" data-element_type=\"column\" data-e-type=\"column\">\n\t\t\t<div class=\"elementor-widget-wrap elementor-element-populated\">\n\t\t\t\t\t\t<div class=\"elementor-element elementor-element-75cee9b elementor-widget elementor-widget-spacer\" data-id=\"75cee9b\" data-element_type=\"widget\" data-e-type=\"widget\" data-widget_type=\"spacer.default\">\n\t\t\t\t<div class=\"elementor-widget-container\">\n\t\t\t\t\t\t\t<div class=\"elementor-spacer\">\n\t\t\t<div class=\"elementor-spacer-inner\"><\/div>\n\t\t<\/div>\n\t\t\t\t\t\t<\/div>\n\t\t\t\t<\/div>\n\t\t\t\t\t<\/div>\n\t\t<\/div>\n\t\t\t\t\t<\/div>\n\t\t<\/section>\n\t\t\t\t<section class=\"elementor-section elementor-inner-section elementor-element elementor-element-3e68bd0 elementor-section-boxed elementor-section-height-default elementor-section-height-default\" data-id=\"3e68bd0\" data-element_type=\"section\" data-e-type=\"section\" data-settings=\"{&quot;background_background&quot;:&quot;classic&quot;}\">\n\t\t\t\t\t\t<div class=\"elementor-container elementor-column-gap-default\">\n\t\t\t\t\t<div class=\"elementor-column elementor-col-50 elementor-inner-column elementor-element elementor-element-b4dc596\" data-id=\"b4dc596\" data-element_type=\"column\" data-e-type=\"column\" data-settings=\"{&quot;background_background&quot;:&quot;classic&quot;}\">\n\t\t\t<div class=\"elementor-widget-wrap elementor-element-populated\">\n\t\t\t\t\t\t<div class=\"elementor-element elementor-element-678ecdd elementor-widget elementor-widget-spacer\" data-id=\"678ecdd\" data-element_type=\"widget\" data-e-type=\"widget\" data-widget_type=\"spacer.default\">\n\t\t\t\t<div class=\"elementor-widget-container\">\n\t\t\t\t\t\t\t<div class=\"elementor-spacer\">\n\t\t\t<div class=\"elementor-spacer-inner\"><\/div>\n\t\t<\/div>\n\t\t\t\t\t\t<\/div>\n\t\t\t\t<\/div>\n\t\t\t\t<div class=\"elementor-element elementor-element-1659938 elementor-icon-list--layout-traditional elementor-list-item-link-full_width elementor-widget elementor-widget-icon-list\" data-id=\"1659938\" data-element_type=\"widget\" data-e-type=\"widget\" data-widget_type=\"icon-list.default\">\n\t\t\t\t<div class=\"elementor-widget-container\">\n\t\t\t\t\t\t\t<ul class=\"elementor-icon-list-items\">\n\t\t\t\t\t\t\t<li class=\"elementor-icon-list-item\">\n\t\t\t\t\t\t\t\t\t\t\t<a href=\"https:\/\/litteraturbanken.se\/skolan\/wp-content\/uploads\/2018\/12\/DidaktikOchMetodik.pdf\" target=\"_blank\">\n\n\t\t\t\t\t\t\t\t\t\t\t\t<span class=\"elementor-icon-list-icon\">\n\t\t\t\t\t\t\t\t\t\t\t\t\t\t\t\t<i class=\"fa fa-file-text-o\" aria-hidden=\"true\"><\/i>\n\t\t\t\t\t\t\t\t\t\t\t\t\t<\/span>\n\t\t\t\t\t\t\t\t\t\t<span class=\"elementor-icon-list-text\">H\u00e4mta och l\u00e4s som PDF<\/span>\n\t\t\t\t\t\t\t\t\t\t\t<\/a>\n\t\t\t\t\t\t\t\t\t<\/li>\n\t\t\t\t\t\t<\/ul>\n\t\t\t\t\t\t<\/div>\n\t\t\t\t<\/div>\n\t\t\t\t<div class=\"elementor-element elementor-element-ff36f91 elementor-widget elementor-widget-spacer\" data-id=\"ff36f91\" data-element_type=\"widget\" data-e-type=\"widget\" data-widget_type=\"spacer.default\">\n\t\t\t\t<div class=\"elementor-widget-container\">\n\t\t\t\t\t\t\t<div class=\"elementor-spacer\">\n\t\t\t<div class=\"elementor-spacer-inner\"><\/div>\n\t\t<\/div>\n\t\t\t\t\t\t<\/div>\n\t\t\t\t<\/div>\n\t\t\t\t<div class=\"elementor-element elementor-element-4a20ecd elementor-widget elementor-widget-text-editor\" data-id=\"4a20ecd\" data-element_type=\"widget\" data-e-type=\"widget\" data-widget_type=\"text-editor.default\">\n\t\t\t\t<div class=\"elementor-widget-container\">\n\t\t\t\t\t\t\t\t\t<p><strong>Inneh\u00e5llsf\u00f6rteckning<\/strong><\/p>\t\t\t\t\t\t\t\t<\/div>\n\t\t\t\t<\/div>\n\t\t\t\t<div class=\"elementor-element elementor-element-2f14d3f elementor-widget elementor-widget-text-editor\" data-id=\"2f14d3f\" data-element_type=\"widget\" data-e-type=\"widget\" data-widget_type=\"text-editor.default\">\n\t\t\t\t<div class=\"elementor-widget-container\">\n\t\t\t\t\t\t\t\t\t<p><a href=\"https:\/\/litteraturbanken.se\/skolan\/?page_id=254&amp;preview_nonce=08b9ea98ef\"><strong>Del 1. Introduktion<\/strong><\/a><\/p>\t\t\t\t\t\t\t\t<\/div>\n\t\t\t\t<\/div>\n\t\t\t\t<div class=\"elementor-element elementor-element-66cb6d4 elementor-widget elementor-widget-text-editor\" data-id=\"66cb6d4\" data-element_type=\"widget\" data-e-type=\"widget\" data-widget_type=\"text-editor.default\">\n\t\t\t\t<div class=\"elementor-widget-container\">\n\t\t\t\t\t\t\t\t\t<p><a href=\"https:\/\/litteraturbanken.se\/skolan\/?page_id=12471\"><strong>Del 2. Litteratursamtal<\/strong><\/a><\/p><p><a href=\"#1\">Gemensam l\u00e4sning<\/a><\/p><p><a href=\"#2\">Litteratursamtal<\/a><\/p>\t\t\t\t\t\t\t\t<\/div>\n\t\t\t\t<\/div>\n\t\t\t\t<div class=\"elementor-element elementor-element-d4673cb elementor-widget elementor-widget-text-editor\" data-id=\"d4673cb\" data-element_type=\"widget\" data-e-type=\"widget\" data-widget_type=\"text-editor.default\">\n\t\t\t\t<div class=\"elementor-widget-container\">\n\t\t\t\t\t\t\t\t\t<p><a href=\"https:\/\/litteraturbanken.se\/skolan\/?page_id=12485\"><strong>Del 3 Genrel\u00e4sning, motivstudier m.m.<\/strong><\/a><\/p>\t\t\t\t\t\t\t\t<\/div>\n\t\t\t\t<\/div>\n\t\t\t\t<div class=\"elementor-element elementor-element-03194b1 elementor-widget elementor-widget-text-editor\" data-id=\"03194b1\" data-element_type=\"widget\" data-e-type=\"widget\" data-widget_type=\"text-editor.default\">\n\t\t\t\t<div class=\"elementor-widget-container\">\n\t\t\t\t\t\t\t\t\t<p><a href=\"https:\/\/litteraturbanken.se\/skolan\/?page_id=12492\"><strong>Del 4. Metodiska id\u00e9er<\/strong><\/a><\/p>\t\t\t\t\t\t\t\t<\/div>\n\t\t\t\t<\/div>\n\t\t\t\t<div class=\"elementor-element elementor-element-22f7095 elementor-widget elementor-widget-text-editor\" data-id=\"22f7095\" data-element_type=\"widget\" data-e-type=\"widget\" data-widget_type=\"text-editor.default\">\n\t\t\t\t<div class=\"elementor-widget-container\">\n\t\t\t\t\t\t\t\t\t<p><a href=\"https:\/\/litteraturbanken.se\/skolan\/?page_id=12498\"><strong>Del 5. Analysmodeller<\/strong><\/a><\/p>\t\t\t\t\t\t\t\t<\/div>\n\t\t\t\t<\/div>\n\t\t\t\t<div class=\"elementor-element elementor-element-318a29f elementor-widget elementor-widget-text-editor\" data-id=\"318a29f\" data-element_type=\"widget\" data-e-type=\"widget\" data-widget_type=\"text-editor.default\">\n\t\t\t\t<div class=\"elementor-widget-container\">\n\t\t\t\t\t\t\t\t\t<p><a href=\"https:\/\/litteraturbanken.se\/skolan\/?page_id=12506\"><strong>Litteraturlista<\/strong><\/a><\/p>\t\t\t\t\t\t\t\t<\/div>\n\t\t\t\t<\/div>\n\t\t\t\t\t<\/div>\n\t\t<\/div>\n\t\t\t\t<div class=\"elementor-column elementor-col-50 elementor-inner-column elementor-element elementor-element-fcdf189\" data-id=\"fcdf189\" data-element_type=\"column\" data-e-type=\"column\" data-settings=\"{&quot;background_background&quot;:&quot;classic&quot;}\">\n\t\t\t<div class=\"elementor-widget-wrap elementor-element-populated\">\n\t\t\t\t\t\t<div class=\"elementor-element elementor-element-0da8dfe elementor-widget elementor-widget-text-editor\" data-id=\"0da8dfe\" data-element_type=\"widget\" data-e-type=\"widget\" data-widget_type=\"text-editor.default\">\n\t\t\t\t<div class=\"elementor-widget-container\">\n\t\t\t\t\t\t\t\t\t<h1>VARF\u00d6R SKA MAN L\u00c4SA KLASSIKER I SKOLAN?<\/h1>\t\t\t\t\t\t\t\t<\/div>\n\t\t\t\t<\/div>\n\t\t\t\t<div class=\"elementor-element elementor-element-5dccf8d elementor-widget elementor-widget-spacer\" data-id=\"5dccf8d\" data-element_type=\"widget\" data-e-type=\"widget\" data-widget_type=\"spacer.default\">\n\t\t\t\t<div class=\"elementor-widget-container\">\n\t\t\t\t\t\t\t<div class=\"elementor-spacer\">\n\t\t\t<div class=\"elementor-spacer-inner\"><\/div>\n\t\t<\/div>\n\t\t\t\t\t\t<\/div>\n\t\t\t\t<\/div>\n\t\t\t\t<div class=\"elementor-element elementor-element-34533de elementor-widget elementor-widget-menu-anchor\" data-id=\"34533de\" data-element_type=\"widget\" data-e-type=\"widget\" data-widget_type=\"menu-anchor.default\">\n\t\t\t\t<div class=\"elementor-widget-container\">\n\t\t\t\t\t\t\t<div class=\"elementor-menu-anchor\" id=\"1\"><\/div>\n\t\t\t\t\t\t<\/div>\n\t\t\t\t<\/div>\n\t\t\t\t<div class=\"elementor-element elementor-element-f60a4c1 elementor-widget elementor-widget-text-editor\" data-id=\"f60a4c1\" data-element_type=\"widget\" data-e-type=\"widget\" data-widget_type=\"text-editor.default\">\n\t\t\t\t<div class=\"elementor-widget-container\">\n\t\t\t\t\t\t\t\t\t<h1>Del 2. Litteratursamtal<\/h1>\t\t\t\t\t\t\t\t<\/div>\n\t\t\t\t<\/div>\n\t\t\t\t<div class=\"elementor-element elementor-element-449660d elementor-widget elementor-widget-spacer\" data-id=\"449660d\" data-element_type=\"widget\" data-e-type=\"widget\" data-widget_type=\"spacer.default\">\n\t\t\t\t<div class=\"elementor-widget-container\">\n\t\t\t\t\t\t\t<div class=\"elementor-spacer\">\n\t\t\t<div class=\"elementor-spacer-inner\"><\/div>\n\t\t<\/div>\n\t\t\t\t\t\t<\/div>\n\t\t\t\t<\/div>\n\t\t\t\t<div class=\"elementor-element elementor-element-0a52f92 elementor-widget elementor-widget-text-editor\" data-id=\"0a52f92\" data-element_type=\"widget\" data-e-type=\"widget\" data-widget_type=\"text-editor.default\">\n\t\t\t\t<div class=\"elementor-widget-container\">\n\t\t\t\t\t\t\t\t\t<h3>Gemensam l\u00e4sning<\/h3><p>M\u00e5nga av v\u00e5ra undervisningsf\u00f6rslag f\u00f6ruts\u00e4tter ett gemensamt arbete under l\u00e4rarens ledning. Det finns m\u00e5nga f\u00f6rdelar med att l\u00e4sa texter gemensamt i skolan. L\u00e4sningen blir en social aktivitet och eleverna blir medvetna om att l\u00e4supplevelsen och -f\u00f6rst\u00e5elsen kan f\u00f6rdjupas genom samtal och samarbete. N\u00e4r alla har l\u00e4st samma text kan l\u00e4raren tillsammans med eleverna initiera olika aktiviteter med utg\u00e5ngspunkt i texten, s\u00e5 att l\u00e4sningen \u00e5tf\u00f6ljs av samtal, skrivande, lyssnande samt eventuellt dramatiserande, m\u00e5lande, filmtittande, faktas\u00f6kning etc. L\u00e4raren l\u00e4mnar inte eleverna i sticket utan finns d\u00e4r som ett st\u00f6d. Genom att hj\u00e4lpa eleverna att planera l\u00e4sningen och s\u00e4tta upp delm\u00e5l \u00e4r det st\u00f6rre chans att alla elever tar sig genom boken med beh\u00e5llning.<\/p>\t\t\t\t\t\t\t\t<\/div>\n\t\t\t\t<\/div>\n\t\t\t\t<div class=\"elementor-element elementor-element-b91d25b elementor-widget elementor-widget-menu-anchor\" data-id=\"b91d25b\" data-element_type=\"widget\" data-e-type=\"widget\" data-widget_type=\"menu-anchor.default\">\n\t\t\t\t<div class=\"elementor-widget-container\">\n\t\t\t\t\t\t\t<div class=\"elementor-menu-anchor\" id=\"2\"><\/div>\n\t\t\t\t\t\t<\/div>\n\t\t\t\t<\/div>\n\t\t\t\t<div class=\"elementor-element elementor-element-2017693 elementor-widget elementor-widget-spacer\" data-id=\"2017693\" data-element_type=\"widget\" data-e-type=\"widget\" data-widget_type=\"spacer.default\">\n\t\t\t\t<div class=\"elementor-widget-container\">\n\t\t\t\t\t\t\t<div class=\"elementor-spacer\">\n\t\t\t<div class=\"elementor-spacer-inner\"><\/div>\n\t\t<\/div>\n\t\t\t\t\t\t<\/div>\n\t\t\t\t<\/div>\n\t\t\t\t<div class=\"elementor-element elementor-element-146a490 elementor-widget elementor-widget-text-editor\" data-id=\"146a490\" data-element_type=\"widget\" data-e-type=\"widget\" data-widget_type=\"text-editor.default\">\n\t\t\t\t<div class=\"elementor-widget-container\">\n\t\t\t\t\t\t\t\t\t<h3>Litteratursamtal<\/h3><p>M\u00e5nga av Litteraturbankens Skolas textuppgifter utmynnar i att eleverna ska samtala och diskutera med varandra. Detta \u00e4r s\u00e4rskilt angel\u00e4get vid l\u00e4sning av \u00e4ldre texter, eftersom eleverna d\u00e5 \u00f6var sin f\u00f6rm\u00e5ga att skapa mening i texten (Tengberg 2011:25). Samtalen kan b\u00f6rja med att reda ut vad texten handlar om och vad texten har att s\u00e4ga eleverna personligen f\u00f6r att g\u00e5 vidare med att diskutera\u00a0motiv,\u00a0symboler\u00a0etc. Genom att lyssna p\u00e5 varandra uppt\u00e4cker eleverna att det finns flera s\u00e4tt att l\u00e4sa en text och de blir medvetna om l\u00e4sarens aktiva medverkan f\u00f6r att skapa mening i en text.<\/p><p>\u00a0Samtalen blir aktivare och perspektivrikare om de f\u00f6reg\u00e5s av ett reflekterande skrivande, antingen helt spontant eller med utg\u00e5ngspunkt i n\u00e5gra \u00f6ppna fr\u00e5gest\u00e4llningar.<\/p><p>Aidan Chambers modell f\u00f6r boksamtal (1998 och 2011) har sin utg\u00e5ngspunkt i att litteratursamtalet ska utg\u00e5 fr\u00e5n elevernas tankar, genom att l\u00e4sarna med +, &#8211; och ? markerar vad de gillar, ogillar och vad de undrar \u00f6ver, n\u00e4r de l\u00e4ser en text. Chambers visar ocks\u00e5 hur l\u00e4raren genom att skriva upp elevernas gillanden, ogillanden och fr\u00e5gor p\u00e5 tavlan g\u00f6r allas tankar synliga, samtidigt som textens m\u00f6nster blir synligt. Han framh\u00e5ller l\u00e4rarens roll som samtalsledare och ger f\u00f6rslag p\u00e5 fr\u00e5gor att st\u00e4lla n\u00e4r samtalet riskerar att ebba ut. L\u00e4raren m\u00e5ste vara f\u00f6rberedd och kunna texten v\u00e4l, samtidigt som han eller hon inte ska styra samtalet.<\/p><p>Det \u00e4r viktigt att samtalet inte blir ett f\u00f6rh\u00f6r, utan att de fr\u00e5gor som st\u00e4lls \u00e4r \u00f6ppna och autentiska, dvs. att de inte har ett svar som l\u00e4raren redan fr\u00e5n b\u00f6rjan sitter inne med. Olga Dysthe beskriver i sin bok\u00a0<em>Det flerst\u00e4mmiga klassrummet<\/em>\u00a0(1996) hur l\u00e4raren kan f\u00e5 allas st\u00e4mmor att bli h\u00f6rda, genom att elevernas svar f\u00f6ljs upp och integreras i det fortsatta samtalet \u2013 till skillnad fr\u00e5n ett vanligt fr\u00e5ga-svar-f\u00f6rh\u00f6rsliknande samtal. Det finns flera studier som visar att faktabaserade fr\u00e5gor, d\u00e4r svaren finns tydligt i texten, och fr\u00e5gor som endast kr\u00e4ver korta svar inte alls utvecklar elevernas litter\u00e4ra f\u00f6rst\u00e5else (Tengberg 2011:161). Michael Tengberg har unders\u00f6kt hur textsamtal fungerar i skolan och funnit att l\u00e4rarna har h\u00f6ga f\u00f6rv\u00e4ntningar, men att det inte \u00e4r l\u00e4tt att f\u00e5 samtalen att fungera. Eleverna talar inte s\u00e5 mycket med varandra utan svarar mest p\u00e5 l\u00e4rarens fr\u00e5gor (2011:163). L\u00e4raren har ocks\u00e5 en tendens att vara styrd av sina egna f\u00f6rberedda fr\u00e5gor. Det \u00e4r naturligtvis en balansg\u00e5ng mellan att vara spontan och att vara f\u00f6rberedd. Chambers id\u00e9, att b\u00f6rja med vad eleverna har fastnat f\u00f6r och sedan g\u00e5 \u00f6ver till sina egna fr\u00e5gor kring det som inte kommit upp, \u00e4r en god strategi. L\u00e4rarens uppgift \u00e4r att f\u00e5 alla att v\u00e5ga s\u00e4ga n\u00e5got och att lyssna p\u00e5 varandra genom att uppmuntra och ber\u00f6mma inl\u00e4gg, samt sj\u00e4lv h\u00e4nvisa till vad eleverna har sagt, f\u00f6r att f\u00e5 samtalet att flyta. Det \u00e4r ocks\u00e5 viktigt att f\u00f6rmedla k\u00e4nslan av att det inte finns bara ett r\u00e4tt svar, och att st\u00e4lla fr\u00e5gor som f\u00e5r eleverna att t\u00e4nka efter. Tengberg ger exempel p\u00e5 faktaorienterade fr\u00e5gor:\u00a0<i>\u201dVilka handlar det om? Var utspelar sig novellen? N\u00e4r utspelar den sig?\u201d<\/i>, och st\u00e4ller dem mot de upplevelseorienterade fr\u00e5gorna:\u00a0<i>\u201dK\u00e4nner ni igen er i n\u00e5t? Var det n\u00e5t som var konstigt? Var det n\u00e5t ni gillade?\u201d<\/i>(2011:181). I den senare typen av fr\u00e5gor kan det helt naturligt inte finnas ett enda r\u00e4tt svar utan eleverna blir aktiva och medskapande.<\/p><p>Om samtalen sker i mindre grupper kan ju l\u00e4raren om\u00f6jligt vara med i alla elevgrupper. F\u00f6r att \u00e4nd\u00e5 kunna f\u00f6lja hur samtalen fungerar och utvecklas och f\u00f6r att f\u00f6lja och l\u00e4ra k\u00e4nna elevernas tankar kring de l\u00e4sta texterna kan eleverna turas om att vara protokollf\u00f6rare.<\/p><p>M\u00e5nga l\u00e4rare tycker att det \u00e4r sv\u00e5rt att bed\u00f6ma och betygs\u00e4tta muntliga elevprestationer. Birgitta Bommarco och Suzanne Parmenius Sv\u00e4rd ger ett par f\u00f6rslag (2013:96).<\/p><p>Det ena f\u00f6rslaget s\u00e4tter upp fyra kriterier f\u00f6r vad eleverna ska kunna:<\/p><p>De ska<\/p><ul><li>kunna artikulera sin egen respons och lita p\u00e5 v\u00e4rdet av den<\/li><li>kunna utveckla, utvidga och argumentera f\u00f6r sina svar<\/li><li>kunna dra slutsatser av den symboliska inneb\u00f6rden i en text<\/li><li>kunna se likheter och olikheter mellan sin egen och andras respons<\/li><\/ul><p>Bommarco och Parmenius Sv\u00e4rd h\u00e4nvisar ocks\u00e5 till Langers bed\u00f6mningskriterier (2005:120). L\u00e4s ocks\u00e5 Katarina Eriksson Barajas\u00a0<em>Boksamtalets dilemman och m\u00f6jligheter<\/em>\u00a0(2012) och Eva Hultins kapitel \u201dDet ovanliga i vanliga klassrumssamtal \u2013 Om skilda villkor f\u00f6r elevers deltagande i samtal om litteratur\u201d i Lotta Bergman m.fl.\u00a0<em>Makt, mening, motst\u00e5nd: litteraturundervisningens dilemman och m\u00f6jligheter\u00a0<\/em>(2009).<\/p>\t\t\t\t\t\t\t\t<\/div>\n\t\t\t\t<\/div>\n\t\t\t\t<div class=\"elementor-element elementor-element-ccdae02 elementor-widget elementor-widget-spacer\" data-id=\"ccdae02\" data-element_type=\"widget\" data-e-type=\"widget\" data-widget_type=\"spacer.default\">\n\t\t\t\t<div class=\"elementor-widget-container\">\n\t\t\t\t\t\t\t<div class=\"elementor-spacer\">\n\t\t\t<div class=\"elementor-spacer-inner\"><\/div>\n\t\t<\/div>\n\t\t\t\t\t\t<\/div>\n\t\t\t\t<\/div>\n\t\t\t\t\t<\/div>\n\t\t<\/div>\n\t\t\t\t\t<\/div>\n\t\t<\/section>\n\t\t\t\t<section class=\"elementor-section elementor-top-section elementor-element elementor-element-c0dd094 elementor-section-boxed elementor-section-height-default elementor-section-height-default\" data-id=\"c0dd094\" data-element_type=\"section\" data-e-type=\"section\" data-settings=\"{&quot;background_background&quot;:&quot;classic&quot;}\">\n\t\t\t\t\t\t<div class=\"elementor-container elementor-column-gap-default\">\n\t\t\t\t\t<div class=\"elementor-column elementor-col-50 elementor-top-column elementor-element elementor-element-a49fa7b\" data-id=\"a49fa7b\" data-element_type=\"column\" data-e-type=\"column\">\n\t\t\t<div class=\"elementor-widget-wrap elementor-element-populated\">\n\t\t\t\t\t\t<div class=\"elementor-element elementor-element-71646a2 elementor-view-default elementor-widget elementor-widget-icon\" data-id=\"71646a2\" data-element_type=\"widget\" data-e-type=\"widget\" data-widget_type=\"icon.default\">\n\t\t\t\t<div class=\"elementor-widget-container\">\n\t\t\t\t\t\t\t<div class=\"elementor-icon-wrapper\">\n\t\t\t<a class=\"elementor-icon\" href=\"https:\/\/litteraturbanken.se\/skolan\/?page_id=254&#038;preview_nonce=08b9ea98ef\">\n\t\t\t\t\t\t\t<i class=\"fa fa-chevron-left\" aria-hidden=\"true\"><\/i>\n\t\t\t\t\t\t<\/a>\n\t\t<\/div>\n\t\t\t\t\t\t<\/div>\n\t\t\t\t<\/div>\n\t\t\t\t\t<\/div>\n\t\t<\/div>\n\t\t\t\t<div class=\"elementor-column elementor-col-50 elementor-top-column elementor-element elementor-element-c68f3c5\" data-id=\"c68f3c5\" data-element_type=\"column\" data-e-type=\"column\">\n\t\t\t<div class=\"elementor-widget-wrap elementor-element-populated\">\n\t\t\t\t\t\t<div class=\"elementor-element elementor-element-efc9d59 elementor-view-default elementor-widget elementor-widget-icon\" data-id=\"efc9d59\" data-element_type=\"widget\" data-e-type=\"widget\" data-widget_type=\"icon.default\">\n\t\t\t\t<div class=\"elementor-widget-container\">\n\t\t\t\t\t\t\t<div class=\"elementor-icon-wrapper\">\n\t\t\t<a class=\"elementor-icon\" href=\"https:\/\/litteraturbanken.se\/skolan\/?page_id=12485\">\n\t\t\t\t\t\t\t<i class=\"fa fa-chevron-right\" aria-hidden=\"true\"><\/i>\n\t\t\t\t\t\t<\/a>\n\t\t<\/div>\n\t\t\t\t\t\t<\/div>\n\t\t\t\t<\/div>\n\t\t\t\t\t<\/div>\n\t\t<\/div>\n\t\t\t\t\t<\/div>\n\t\t<\/section>\n\t\t\t\t<\/div>\n\t\t","protected":false},"excerpt":{"rendered":"<p>H\u00e4mta och l\u00e4s som PDF Inneh\u00e5llsf\u00f6rteckning Del 1. Introduktion Del 2. Litteratursamtal Gemensam l\u00e4sning Litteratursamtal Del 3 Genrel\u00e4sning, motivstudier m.m. Del 4. Metodiska id\u00e9er Del 5. Analysmodeller Litteraturlista VARF\u00d6R SKA MAN L\u00c4SA KLASSIKER I SKOLAN? Del 2. Litteratursamtal Gemensam l\u00e4sning M\u00e5nga av v\u00e5ra undervisningsf\u00f6rslag f\u00f6ruts\u00e4tter ett gemensamt arbete under l\u00e4rarens ledning. Det finns m\u00e5nga f\u00f6rdelar [&hellip;]<\/p>\n","protected":false},"author":5,"featured_media":0,"parent":0,"menu_order":0,"comment_status":"closed","ping_status":"closed","template":"","meta":{"ocean_post_layout":"full-screen","ocean_both_sidebars_style":"","ocean_both_sidebars_content_width":0,"ocean_both_sidebars_sidebars_width":0,"ocean_sidebar":"0","ocean_second_sidebar":"0","ocean_disable_margins":"enable","ocean_add_body_class":"","ocean_shortcode_before_top_bar":"","ocean_shortcode_after_top_bar":"","ocean_shortcode_before_header":"","ocean_shortcode_after_header":"","ocean_has_shortcode":"","ocean_shortcode_after_title":"","ocean_shortcode_before_footer_widgets":"","ocean_shortcode_after_footer_widgets":"","ocean_shortcode_before_footer_bottom":"","ocean_shortcode_after_footer_bottom":"","ocean_display_top_bar":"default","ocean_display_header":"default","ocean_header_style":"","ocean_center_header_left_menu":"0","ocean_custom_header_template":"0","ocean_custom_logo":0,"ocean_custom_retina_logo":0,"ocean_custom_logo_max_width":0,"ocean_custom_logo_tablet_max_width":0,"ocean_custom_logo_mobile_max_width":0,"ocean_custom_logo_max_height":0,"ocean_custom_logo_tablet_max_height":0,"ocean_custom_logo_mobile_max_height":0,"ocean_header_custom_menu":"0","ocean_menu_typo_font_family":"0","ocean_menu_typo_font_subset":"","ocean_menu_typo_font_size":0,"ocean_menu_typo_font_size_tablet":0,"ocean_menu_typo_font_size_mobile":0,"ocean_menu_typo_font_size_unit":"px","ocean_menu_typo_font_weight":"","ocean_menu_typo_font_weight_tablet":"","ocean_menu_typo_font_weight_mobile":"","ocean_menu_typo_transform":"","ocean_menu_typo_transform_tablet":"","ocean_menu_typo_transform_mobile":"","ocean_menu_typo_line_height":0,"ocean_menu_typo_line_height_tablet":0,"ocean_menu_typo_line_height_mobile":0,"ocean_menu_typo_line_height_unit":"","ocean_menu_typo_spacing":0,"ocean_menu_typo_spacing_tablet":0,"ocean_menu_typo_spacing_mobile":0,"ocean_menu_typo_spacing_unit":"","ocean_menu_link_color":"","ocean_menu_link_color_hover":"","ocean_menu_link_color_active":"","ocean_menu_link_background":"","ocean_menu_link_hover_background":"","ocean_menu_link_active_background":"","ocean_menu_social_links_bg":"","ocean_menu_social_hover_links_bg":"","ocean_menu_social_links_color":"","ocean_menu_social_hover_links_color":"","ocean_disable_title":"on","ocean_disable_heading":"default","ocean_post_title":"","ocean_post_subheading":"","ocean_post_title_style":"","ocean_post_title_background_color":"","ocean_post_title_background":0,"ocean_post_title_bg_image_position":"","ocean_post_title_bg_image_attachment":"","ocean_post_title_bg_image_repeat":"","ocean_post_title_bg_image_size":"","ocean_post_title_height":0,"ocean_post_title_bg_overlay":0.5,"ocean_post_title_bg_overlay_color":"","ocean_disable_breadcrumbs":"default","ocean_breadcrumbs_color":"","ocean_breadcrumbs_separator_color":"","ocean_breadcrumbs_links_color":"","ocean_breadcrumbs_links_hover_color":"","ocean_display_footer_widgets":"default","ocean_display_footer_bottom":"default","ocean_custom_footer_template":"0","footnotes":""},"class_list":["post-12471","page","type-page","status-publish","hentry","entry"],"_links":{"self":[{"href":"https:\/\/litteraturbanken.se\/skolan\/wp-json\/wp\/v2\/pages\/12471","targetHints":{"allow":["GET"]}}],"collection":[{"href":"https:\/\/litteraturbanken.se\/skolan\/wp-json\/wp\/v2\/pages"}],"about":[{"href":"https:\/\/litteraturbanken.se\/skolan\/wp-json\/wp\/v2\/types\/page"}],"author":[{"embeddable":true,"href":"https:\/\/litteraturbanken.se\/skolan\/wp-json\/wp\/v2\/users\/5"}],"replies":[{"embeddable":true,"href":"https:\/\/litteraturbanken.se\/skolan\/wp-json\/wp\/v2\/comments?post=12471"}],"version-history":[{"count":23,"href":"https:\/\/litteraturbanken.se\/skolan\/wp-json\/wp\/v2\/pages\/12471\/revisions"}],"predecessor-version":[{"id":22039,"href":"https:\/\/litteraturbanken.se\/skolan\/wp-json\/wp\/v2\/pages\/12471\/revisions\/22039"}],"wp:attachment":[{"href":"https:\/\/litteraturbanken.se\/skolan\/wp-json\/wp\/v2\/media?parent=12471"}],"curies":[{"name":"wp","href":"https:\/\/api.w.org\/{rel}","templated":true}]}}