{"id":12506,"date":"2019-02-11T19:00:26","date_gmt":"2019-02-11T18:00:26","guid":{"rendered":"https:\/\/litteraturbanken.se\/skoladev\/?page_id=12506"},"modified":"2023-09-27T11:11:45","modified_gmt":"2023-09-27T09:11:45","slug":"didaktik-och-metodik-6","status":"publish","type":"page","link":"https:\/\/litteraturbanken.se\/skolan\/didaktik-och-metodik-6\/","title":{"rendered":"Didaktik och metodik 6"},"content":{"rendered":"\t\t<div data-elementor-type=\"wp-post\" data-elementor-id=\"12506\" class=\"elementor elementor-12506\">\n\t\t\t\t\t\t<section class=\"elementor-section elementor-top-section elementor-element elementor-element-84ffffa elementor-section-boxed elementor-section-height-default elementor-section-height-default\" data-id=\"84ffffa\" data-element_type=\"section\" data-e-type=\"section\" data-settings=\"{&quot;background_background&quot;:&quot;classic&quot;}\">\n\t\t\t\t\t\t<div class=\"elementor-container elementor-column-gap-default\">\n\t\t\t\t\t<div class=\"elementor-column elementor-col-100 elementor-top-column elementor-element elementor-element-dcc79fd\" data-id=\"dcc79fd\" data-element_type=\"column\" data-e-type=\"column\">\n\t\t\t<div class=\"elementor-widget-wrap elementor-element-populated\">\n\t\t\t\t\t\t<div class=\"elementor-element elementor-element-d530735 elementor-widget elementor-widget-spacer\" data-id=\"d530735\" data-element_type=\"widget\" data-e-type=\"widget\" data-widget_type=\"spacer.default\">\n\t\t\t\t<div class=\"elementor-widget-container\">\n\t\t\t\t\t\t\t<div class=\"elementor-spacer\">\n\t\t\t<div class=\"elementor-spacer-inner\"><\/div>\n\t\t<\/div>\n\t\t\t\t\t\t<\/div>\n\t\t\t\t<\/div>\n\t\t\t\t\t<\/div>\n\t\t<\/div>\n\t\t\t\t\t<\/div>\n\t\t<\/section>\n\t\t\t\t<section class=\"elementor-section elementor-inner-section elementor-element elementor-element-252de93 elementor-section-boxed elementor-section-height-default elementor-section-height-default\" data-id=\"252de93\" data-element_type=\"section\" data-e-type=\"section\" data-settings=\"{&quot;background_background&quot;:&quot;classic&quot;}\">\n\t\t\t\t\t\t<div class=\"elementor-container elementor-column-gap-default\">\n\t\t\t\t\t<div class=\"elementor-column elementor-col-50 elementor-inner-column elementor-element elementor-element-8098033\" data-id=\"8098033\" data-element_type=\"column\" data-e-type=\"column\" data-settings=\"{&quot;background_background&quot;:&quot;classic&quot;}\">\n\t\t\t<div class=\"elementor-widget-wrap elementor-element-populated\">\n\t\t\t\t\t\t<div class=\"elementor-element elementor-element-94f4a86 elementor-widget elementor-widget-spacer\" data-id=\"94f4a86\" data-element_type=\"widget\" data-e-type=\"widget\" data-widget_type=\"spacer.default\">\n\t\t\t\t<div class=\"elementor-widget-container\">\n\t\t\t\t\t\t\t<div class=\"elementor-spacer\">\n\t\t\t<div class=\"elementor-spacer-inner\"><\/div>\n\t\t<\/div>\n\t\t\t\t\t\t<\/div>\n\t\t\t\t<\/div>\n\t\t\t\t<div class=\"elementor-element elementor-element-0452482 elementor-icon-list--layout-traditional elementor-list-item-link-full_width elementor-widget elementor-widget-icon-list\" data-id=\"0452482\" data-element_type=\"widget\" data-e-type=\"widget\" data-widget_type=\"icon-list.default\">\n\t\t\t\t<div class=\"elementor-widget-container\">\n\t\t\t\t\t\t\t<ul class=\"elementor-icon-list-items\">\n\t\t\t\t\t\t\t<li class=\"elementor-icon-list-item\">\n\t\t\t\t\t\t\t\t\t\t\t<a href=\"https:\/\/litteraturbanken.se\/skolan\/wp-content\/uploads\/2018\/12\/DidaktikOchMetodik.pdf\" target=\"_blank\">\n\n\t\t\t\t\t\t\t\t\t\t\t\t<span class=\"elementor-icon-list-icon\">\n\t\t\t\t\t\t\t\t\t\t\t\t\t\t\t\t<i class=\"fa fa-file-text-o\" aria-hidden=\"true\"><\/i>\n\t\t\t\t\t\t\t\t\t\t\t\t\t<\/span>\n\t\t\t\t\t\t\t\t\t\t<span class=\"elementor-icon-list-text\">H\u00e4mta och l\u00e4s som PDF<\/span>\n\t\t\t\t\t\t\t\t\t\t\t<\/a>\n\t\t\t\t\t\t\t\t\t<\/li>\n\t\t\t\t\t\t<\/ul>\n\t\t\t\t\t\t<\/div>\n\t\t\t\t<\/div>\n\t\t\t\t<div class=\"elementor-element elementor-element-f0d29cc elementor-widget elementor-widget-spacer\" data-id=\"f0d29cc\" data-element_type=\"widget\" data-e-type=\"widget\" data-widget_type=\"spacer.default\">\n\t\t\t\t<div class=\"elementor-widget-container\">\n\t\t\t\t\t\t\t<div class=\"elementor-spacer\">\n\t\t\t<div class=\"elementor-spacer-inner\"><\/div>\n\t\t<\/div>\n\t\t\t\t\t\t<\/div>\n\t\t\t\t<\/div>\n\t\t\t\t<div class=\"elementor-element elementor-element-9e4856f elementor-widget elementor-widget-text-editor\" data-id=\"9e4856f\" data-element_type=\"widget\" data-e-type=\"widget\" data-widget_type=\"text-editor.default\">\n\t\t\t\t<div class=\"elementor-widget-container\">\n\t\t\t\t\t\t\t\t\t<p><strong>Inneh\u00e5llsf\u00f6rteckning<\/strong><\/p>\t\t\t\t\t\t\t\t<\/div>\n\t\t\t\t<\/div>\n\t\t\t\t<div class=\"elementor-element elementor-element-6dd423c elementor-widget elementor-widget-text-editor\" data-id=\"6dd423c\" data-element_type=\"widget\" data-e-type=\"widget\" data-widget_type=\"text-editor.default\">\n\t\t\t\t<div class=\"elementor-widget-container\">\n\t\t\t\t\t\t\t\t\t<p><a href=\"https:\/\/litteraturbanken.se\/skolan\/?page_id=254&amp;preview_nonce=08b9ea98ef\"><strong>Del 1. Introduktion<\/strong><\/a><\/p>\t\t\t\t\t\t\t\t<\/div>\n\t\t\t\t<\/div>\n\t\t\t\t<div class=\"elementor-element elementor-element-923a7ca elementor-widget elementor-widget-text-editor\" data-id=\"923a7ca\" data-element_type=\"widget\" data-e-type=\"widget\" data-widget_type=\"text-editor.default\">\n\t\t\t\t<div class=\"elementor-widget-container\">\n\t\t\t\t\t\t\t\t\t<p><strong><a href=\"https:\/\/litteraturbanken.se\/skolan\/?page_id=12471\">Del 2. Litteratursamtal<\/a><\/strong><\/p>\t\t\t\t\t\t\t\t<\/div>\n\t\t\t\t<\/div>\n\t\t\t\t<div class=\"elementor-element elementor-element-396ee96 elementor-widget elementor-widget-text-editor\" data-id=\"396ee96\" data-element_type=\"widget\" data-e-type=\"widget\" data-widget_type=\"text-editor.default\">\n\t\t\t\t<div class=\"elementor-widget-container\">\n\t\t\t\t\t\t\t\t\t<p><strong><a href=\"https:\/\/litteraturbanken.se\/skolan\/?page_id=12485\">Del 3 Genrel\u00e4sning, motivstudier m.m.<\/a><\/strong><\/p>\t\t\t\t\t\t\t\t<\/div>\n\t\t\t\t<\/div>\n\t\t\t\t<div class=\"elementor-element elementor-element-9030331 elementor-widget elementor-widget-text-editor\" data-id=\"9030331\" data-element_type=\"widget\" data-e-type=\"widget\" data-widget_type=\"text-editor.default\">\n\t\t\t\t<div class=\"elementor-widget-container\">\n\t\t\t\t\t\t\t\t\t<p><a href=\"https:\/\/litteraturbanken.se\/skolan\/?page_id=12492\"><strong>Del 4. Metodiska id\u00e9er<\/strong><\/a><\/p>\t\t\t\t\t\t\t\t<\/div>\n\t\t\t\t<\/div>\n\t\t\t\t<div class=\"elementor-element elementor-element-2158a9c elementor-widget elementor-widget-text-editor\" data-id=\"2158a9c\" data-element_type=\"widget\" data-e-type=\"widget\" data-widget_type=\"text-editor.default\">\n\t\t\t\t<div class=\"elementor-widget-container\">\n\t\t\t\t\t\t\t\t\t<p><strong><a href=\"https:\/\/litteraturbanken.se\/skolan\/?page_id=12498\">Del 5. Analysmodeller<\/a><\/strong><\/p>\t\t\t\t\t\t\t\t<\/div>\n\t\t\t\t<\/div>\n\t\t\t\t<div class=\"elementor-element elementor-element-db8073d elementor-widget elementor-widget-text-editor\" data-id=\"db8073d\" data-element_type=\"widget\" data-e-type=\"widget\" data-widget_type=\"text-editor.default\">\n\t\t\t\t<div class=\"elementor-widget-container\">\n\t\t\t\t\t\t\t\t\t<p><a href=\"https:\/\/litteraturbanken.se\/skolan\/?page_id=12506\"><strong>Litteraturlista<\/strong><\/a><\/p>\t\t\t\t\t\t\t\t<\/div>\n\t\t\t\t<\/div>\n\t\t\t\t\t<\/div>\n\t\t<\/div>\n\t\t\t\t<div class=\"elementor-column elementor-col-50 elementor-inner-column elementor-element elementor-element-a9b7420\" data-id=\"a9b7420\" data-element_type=\"column\" data-e-type=\"column\" data-settings=\"{&quot;background_background&quot;:&quot;classic&quot;}\">\n\t\t\t<div class=\"elementor-widget-wrap elementor-element-populated\">\n\t\t\t\t\t\t<div class=\"elementor-element elementor-element-66e907f elementor-widget elementor-widget-text-editor\" data-id=\"66e907f\" data-element_type=\"widget\" data-e-type=\"widget\" data-widget_type=\"text-editor.default\">\n\t\t\t\t<div class=\"elementor-widget-container\">\n\t\t\t\t\t\t\t\t\t<h1>VARF\u00d6R SKA MAN L\u00c4SA KLASSIKER I SKOLAN?<\/h1>\t\t\t\t\t\t\t\t<\/div>\n\t\t\t\t<\/div>\n\t\t\t\t<div class=\"elementor-element elementor-element-1e5f6fa elementor-widget elementor-widget-spacer\" data-id=\"1e5f6fa\" data-element_type=\"widget\" data-e-type=\"widget\" data-widget_type=\"spacer.default\">\n\t\t\t\t<div class=\"elementor-widget-container\">\n\t\t\t\t\t\t\t<div class=\"elementor-spacer\">\n\t\t\t<div class=\"elementor-spacer-inner\"><\/div>\n\t\t<\/div>\n\t\t\t\t\t\t<\/div>\n\t\t\t\t<\/div>\n\t\t\t\t<div class=\"elementor-element elementor-element-4cad610 elementor-widget elementor-widget-text-editor\" data-id=\"4cad610\" data-element_type=\"widget\" data-e-type=\"widget\" data-widget_type=\"text-editor.default\">\n\t\t\t\t<div class=\"elementor-widget-container\">\n\t\t\t\t\t\t\t\t\t<h1>Litteraturlista<\/h1>\t\t\t\t\t\t\t\t<\/div>\n\t\t\t\t<\/div>\n\t\t\t\t<div class=\"elementor-element elementor-element-3c85807 elementor-widget elementor-widget-text-editor\" data-id=\"3c85807\" data-element_type=\"widget\" data-e-type=\"widget\" data-widget_type=\"text-editor.default\">\n\t\t\t\t<div class=\"elementor-widget-container\">\n\t\t\t\t\t\t\t\t\t<ul>\n<li>\n<p>Boglind, Ann &amp; Nordenstam, Anna (2015).&nbsp;<i>Fr\u00e5n fabler till manga 1. Litteraturhistoriska och didaktiska perspektiv p\u00e5 barnlitteratur.<\/i>&nbsp;Malm\u00f6: Gleerups f\u00f6rlag.<\/p>\n<\/li>\n<li>\n<p>Boglind, Ann &amp; Nordenstam, Anna (2016).&nbsp;<i>Fr\u00e5n fabler till manga 2. Litteraturhistoriska och didaktiska perspektiv p\u00e5 ungdomslitteratur.<\/i>&nbsp;Malm\u00f6: Gleerups f\u00f6rlag.<\/p>\n<\/li>\n<li>\n<p>Bommarco, Birgitta &amp; Parmenius-Sv\u00e4rd, Suzanne (2013).&nbsp;<i>L\u00e4sning, skrivande, samtal. Textarbete i svenska p\u00e5 gymnasiet.<\/i>&nbsp;Lund: Studentlitteratur.<\/p>\n<\/li>\n<li>\n<p>Brudholm, Merete (2002).&nbsp;<i>L\u00e6seforst\u00e5else:hvorfor of hvordan?&nbsp;<\/i>K\u00f6penhamn: Alinea.<\/p>\n<\/li>\n<li>\n<p>Chambers, Aidan (1994).&nbsp;<i>B\u00f6cker inom oss. Om boksamtal.<\/i>&nbsp;Stockholm: Norstedts.<\/p>\n<\/li>\n<li>\n<p>Chambers, Aidan (2011).&nbsp;<i>B\u00f6cker inom och omkring oss.<\/i>&nbsp;Stockholm: X publishing.<\/p>\n<\/li>\n<li>\n<p>Danska kulturdepartementets hemsida:&nbsp;<a href=\"http:\/\/www.kulturkanon.dk\/litteraturkanon\/\" target=\"_blank\" rel=\"noopener\">Litteraturkanon.<\/a><\/p>\n<\/li>\n<li>\n<p>Dysthe, Olga (1996).&nbsp;<i>Det flerst\u00e4mmiga klassrummet. Att skriva och samtala f\u00f6r att l\u00e4ra.<\/i>&nbsp;Lund: Studentlitteratur.<\/p>\n<\/li>\n<li>\n<p>Eriksson Barajas, Katarina (2012).&nbsp;<i>Boksamtalets dilemman och m\u00f6jligheter.&nbsp;<\/i>Stockholm: Liber.<\/p>\n<\/li>\n<li>\n<p>Hoel, L\u00f8kensgard Torlaug (2001).&nbsp;<i>Skriva och samtala. L\u00e4rande genom responsgrupper.<\/i>&nbsp;Lund: Studentlitteratur.<\/p>\n<\/li>\n<li>\n<p>Hultin, Eva (2009). \u201dDet ovanliga i vanliga klassrum. Om skilda villkor f\u00f6r elevers deltagande i samtal om litteratur\u201d i&nbsp;<i>Makt mening och motst\u00e5nd. Litteraturundervisningens dilemman och m\u00f6jligheter.<\/i>&nbsp;Red. Lotta Bergman, Eva Hultin, Gunilla Molloy, Stefan Lundstr\u00f6m Stockholm: Liber.<\/p>\n<\/li>\n<li>\n<p>Iser, Wolfgang (1978).&nbsp;<i>The Act of Reading. A theory of Aesthetic Response.&nbsp;<\/i>Baltimore and London: The John Hopkins University Press.<\/p>\n<\/li>\n<li>\n<p>Keene, Ellin Oliver, Zimmermann, Susan (2003).&nbsp;<i>Tankens mosaik. Om m\u00f6tet mellan text och l\u00e4sare.<\/i>&nbsp;G\u00f6teborg: Daidalos.<\/p>\n<\/li>\n<li>\n<p>Labov, William (1972).&nbsp;<i>Language in the inner city. Studies in the Black English Vernacular.<\/i>&nbsp;Philadelphia: University of Pennsylvania.<\/p>\n<\/li>\n<li>\n<p>Langer, Judith (2005).&nbsp;<i>Litter\u00e4ra f\u00f6rest\u00e4llningsv\u00e4rldar. Litteraturundervisning och litter\u00e4r f\u00f6rst\u00e5else.<\/i>&nbsp;G\u00f6teborg: Daidalos.<\/p>\n<\/li>\n<li>\n<p>Langer, Judith (2011).&nbsp;<i>Envisioning literature: literary understanding and literary instruction.<\/i>&nbsp;New York: Teachers College Press.<\/p>\n<\/li>\n<li>\n<p><i>Lgr 11. L\u00e4roplan f\u00f6r grundskolan, f\u00f6rskoleklassen och frditidshemmet.<\/i>&nbsp;Stockholm: Skolverket.<\/p>\n<\/li>\n<li>\n<p><i>Lgy 11. L\u00e4roplan, examensm\u00e5l och gymnasiegemensamma \u00e4mnen f\u00f6r gymnasieskolan 2011.<\/i>&nbsp;Stockholm: Skolverket.<\/p>\n<\/li>\n<li>\n<p>Lundqvist, Ulla (1984).&nbsp;<i>Litteraturundervisning: modeller och uppslag f\u00f6r l\u00e4rare.<\/i>&nbsp;Stockholm: Liber.<\/p>\n<\/li>\n<li>\n<p>Lundqvist, Ulla (1995).&nbsp;<i>L\u00e4sa, tolka, f\u00f6rst\u00e5. Litteraturpedagogiska modeller.&nbsp;<\/i>Stockholm: Almqvist &amp; Wiksell.<\/p>\n<\/li>\n<li>\n<p>McCormick, Kathleen (1994).&nbsp;<i>The Culture of Reading and the Teaching of English.<\/i>&nbsp;Manchester: Manchester University Press.<\/p>\n<\/li>\n<li>\n<p>Miall, David S. (2006).&nbsp;<i>Literary Reading. Empirical &amp; Theoretical Studies.<\/i>New York: Peter Lang Publishing.<\/p>\n<\/li>\n<li>\n<p>Molloy, Gunilla (2002).&nbsp;<i>L\u00e4raren, Litteraturen, Eleven. En studie om l\u00e4sning av sk\u00f6nlitteratur p\u00e5 h\u00f6gstadiet.<\/i>&nbsp;Akademisk avhandling. Stockholm: L\u00e4rarh\u00f6gskolan 2002.<\/p>\n<\/li>\n<li>\n<p>Nussbaum, Marta (1995).&nbsp;<i>Poetic Justice: the Literary Imagination and Public Life.<\/i>&nbsp;Boston: Beacon Press.<\/p>\n<\/li>\n<li>\n<p>Olin-Scheller, Christina (2011).&nbsp;<i>Mellan Dante och Big Brother. En studie om gymnasieelevers textv\u00e4rldar.<\/i>&nbsp;Akademisk avhandling. Karlstad: Karlstad universitet.<\/p>\n<\/li>\n<li>\n<p>Oscar K, Karreb\u00e6k Dorte (2011).&nbsp;<i>Shakespeares Hamlet.<\/i>&nbsp;G\u00f6teborg: Daidalos.<\/p>\n<\/li>\n<li>\n<p>Persson, Magnus (2007).&nbsp;<i>Varf\u00f6r l\u00e4sa litteratur? Om litteraturundervisning efter den kulturella v\u00e4ndningen.<\/i>&nbsp;Lund: Studentlitteratur.<\/p>\n<\/li>\n<li>\n<p>Persson, Magnus (2012).&nbsp;<i>Den goda boken. Samtida f\u00f6rest\u00e4llningar om litteratur och l\u00e4sning.<\/i>&nbsp;Lund: Studentlitteratur.<\/p>\n<\/li>\n<li>\n<p>Reichenberg, Monica (2008).&nbsp;<i>V\u00e4gar till l\u00e4sf\u00f6rst\u00e5else. Texten, l\u00e4saren och samtalet.<\/i>&nbsp;Stockholm: Natur &amp; Kultur.<\/p>\n<\/li>\n<li>\n<p>Rosenblatt, Louise (2002).&nbsp;<i>Litteraturl\u00e4sning som utforskning och uppt\u00e4cktsresa.<\/i>&nbsp;Lund: Studentlitteratur.<\/p>\n<\/li>\n<li>\n<p>Stam, Robert (2004).&nbsp;<i>Literature through film. Realism, Magic, and the Art of Adaption.<\/i>&nbsp;Oxford: Blackwell Publishing.<\/p>\n<\/li>\n<li>\n<p>Stam, Robert (2005). \u201dIntroduction\u201d i&nbsp;<i>Literature and film. A Guide to the Theory and Practise of Film Adaption.<\/i>&nbsp;Red. Robert Stam &amp; Alessandra Roengo. Oxford: Blackwell Publishing.<\/p>\n<\/li>\n<li>\n<p>Tengberg, Michael (2011).&nbsp;<i>Samtalets m\u00f6jligheter. Om litteratursamtal och litteraturreception i skolan.<\/i>&nbsp;Akademisk avhandling. Stockholm\/Stehag: Brutus \u00d6stlings Bokf\u00f6rlag Symposion.<\/p><\/li><li><p><span style=\"font-size: 17px;\">Torell, \u00d6rjan (2002).&nbsp;<\/span><i style=\"font-size: 17px;\">Hur g\u00f6r man en litteraturl\u00e4sare? Om skolans litteraturundervisning i Sverige, Ryssland och Finland.<\/i><span style=\"font-size: 17px;\">&nbsp;H\u00e4rn\u00f6sand: Institutionen f\u00f6r humaniora, Mittuniversitetet.<\/span><\/p><\/li><\/ul>\t\t\t\t\t\t\t\t<\/div>\n\t\t\t\t<\/div>\n\t\t\t\t\t<\/div>\n\t\t<\/div>\n\t\t\t\t\t<\/div>\n\t\t<\/section>\n\t\t\t\t<section class=\"elementor-section elementor-top-section elementor-element elementor-element-12308a6 elementor-section-boxed elementor-section-height-default elementor-section-height-default\" data-id=\"12308a6\" data-element_type=\"section\" data-e-type=\"section\" data-settings=\"{&quot;background_background&quot;:&quot;classic&quot;}\">\n\t\t\t\t\t\t<div class=\"elementor-container elementor-column-gap-default\">\n\t\t\t\t\t<div class=\"elementor-column elementor-col-50 elementor-top-column elementor-element elementor-element-37951b5\" data-id=\"37951b5\" data-element_type=\"column\" data-e-type=\"column\">\n\t\t\t<div class=\"elementor-widget-wrap elementor-element-populated\">\n\t\t\t\t\t\t<div class=\"elementor-element elementor-element-aef9ec8 elementor-view-default elementor-widget elementor-widget-icon\" data-id=\"aef9ec8\" data-element_type=\"widget\" data-e-type=\"widget\" data-widget_type=\"icon.default\">\n\t\t\t\t<div class=\"elementor-widget-container\">\n\t\t\t\t\t\t\t<div class=\"elementor-icon-wrapper\">\n\t\t\t<a class=\"elementor-icon\" href=\"https:\/\/litteraturbanken.se\/skolan\/?page_id=12498&#038;preview_nonce=6f2ed1992e\">\n\t\t\t\t\t\t\t<i class=\"fa fa-chevron-left\" aria-hidden=\"true\"><\/i>\n\t\t\t\t\t\t<\/a>\n\t\t<\/div>\n\t\t\t\t\t\t<\/div>\n\t\t\t\t<\/div>\n\t\t\t\t\t<\/div>\n\t\t<\/div>\n\t\t\t\t<div class=\"elementor-column elementor-col-50 elementor-top-column elementor-element elementor-element-327fd95\" data-id=\"327fd95\" data-element_type=\"column\" data-e-type=\"column\">\n\t\t\t<div class=\"elementor-widget-wrap\">\n\t\t\t\t\t\t\t<\/div>\n\t\t<\/div>\n\t\t\t\t\t<\/div>\n\t\t<\/section>\n\t\t\t\t<\/div>\n\t\t","protected":false},"excerpt":{"rendered":"<p>H\u00e4mta och l\u00e4s som PDF Inneh\u00e5llsf\u00f6rteckning Del 1. Introduktion Del 2. Litteratursamtal Del 3 Genrel\u00e4sning, motivstudier m.m. Del 4. Metodiska id\u00e9er Del 5. Analysmodeller Litteraturlista VARF\u00d6R SKA MAN L\u00c4SA KLASSIKER I SKOLAN? Litteraturlista Boglind, Ann &amp; Nordenstam, Anna (2015).&nbsp;Fr\u00e5n fabler till manga 1. Litteraturhistoriska och didaktiska perspektiv p\u00e5 barnlitteratur.&nbsp;Malm\u00f6: Gleerups f\u00f6rlag. Boglind, Ann &amp; Nordenstam, [&hellip;]<\/p>\n","protected":false},"author":5,"featured_media":0,"parent":0,"menu_order":0,"comment_status":"closed","ping_status":"closed","template":"","meta":{"ocean_post_layout":"full-screen","ocean_both_sidebars_style":"","ocean_both_sidebars_content_width":0,"ocean_both_sidebars_sidebars_width":0,"ocean_sidebar":"0","ocean_second_sidebar":"0","ocean_disable_margins":"enable","ocean_add_body_class":"","ocean_shortcode_before_top_bar":"","ocean_shortcode_after_top_bar":"","ocean_shortcode_before_header":"","ocean_shortcode_after_header":"","ocean_has_shortcode":"","ocean_shortcode_after_title":"","ocean_shortcode_before_footer_widgets":"","ocean_shortcode_after_footer_widgets":"","ocean_shortcode_before_footer_bottom":"","ocean_shortcode_after_footer_bottom":"","ocean_display_top_bar":"default","ocean_display_header":"default","ocean_header_style":"","ocean_center_header_left_menu":"0","ocean_custom_header_template":"0","ocean_custom_logo":0,"ocean_custom_retina_logo":0,"ocean_custom_logo_max_width":0,"ocean_custom_logo_tablet_max_width":0,"ocean_custom_logo_mobile_max_width":0,"ocean_custom_logo_max_height":0,"ocean_custom_logo_tablet_max_height":0,"ocean_custom_logo_mobile_max_height":0,"ocean_header_custom_menu":"0","ocean_menu_typo_font_family":"0","ocean_menu_typo_font_subset":"","ocean_menu_typo_font_size":0,"ocean_menu_typo_font_size_tablet":0,"ocean_menu_typo_font_size_mobile":0,"ocean_menu_typo_font_size_unit":"px","ocean_menu_typo_font_weight":"","ocean_menu_typo_font_weight_tablet":"","ocean_menu_typo_font_weight_mobile":"","ocean_menu_typo_transform":"","ocean_menu_typo_transform_tablet":"","ocean_menu_typo_transform_mobile":"","ocean_menu_typo_line_height":0,"ocean_menu_typo_line_height_tablet":0,"ocean_menu_typo_line_height_mobile":0,"ocean_menu_typo_line_height_unit":"","ocean_menu_typo_spacing":0,"ocean_menu_typo_spacing_tablet":0,"ocean_menu_typo_spacing_mobile":0,"ocean_menu_typo_spacing_unit":"","ocean_menu_link_color":"","ocean_menu_link_color_hover":"","ocean_menu_link_color_active":"","ocean_menu_link_background":"","ocean_menu_link_hover_background":"","ocean_menu_link_active_background":"","ocean_menu_social_links_bg":"","ocean_menu_social_hover_links_bg":"","ocean_menu_social_links_color":"","ocean_menu_social_hover_links_color":"","ocean_disable_title":"on","ocean_disable_heading":"default","ocean_post_title":"","ocean_post_subheading":"","ocean_post_title_style":"","ocean_post_title_background_color":"","ocean_post_title_background":0,"ocean_post_title_bg_image_position":"","ocean_post_title_bg_image_attachment":"","ocean_post_title_bg_image_repeat":"","ocean_post_title_bg_image_size":"","ocean_post_title_height":0,"ocean_post_title_bg_overlay":0.5,"ocean_post_title_bg_overlay_color":"","ocean_disable_breadcrumbs":"default","ocean_breadcrumbs_color":"","ocean_breadcrumbs_separator_color":"","ocean_breadcrumbs_links_color":"","ocean_breadcrumbs_links_hover_color":"","ocean_display_footer_widgets":"default","ocean_display_footer_bottom":"default","ocean_custom_footer_template":"0","footnotes":""},"class_list":["post-12506","page","type-page","status-publish","hentry","entry"],"_links":{"self":[{"href":"https:\/\/litteraturbanken.se\/skolan\/wp-json\/wp\/v2\/pages\/12506","targetHints":{"allow":["GET"]}}],"collection":[{"href":"https:\/\/litteraturbanken.se\/skolan\/wp-json\/wp\/v2\/pages"}],"about":[{"href":"https:\/\/litteraturbanken.se\/skolan\/wp-json\/wp\/v2\/types\/page"}],"author":[{"embeddable":true,"href":"https:\/\/litteraturbanken.se\/skolan\/wp-json\/wp\/v2\/users\/5"}],"replies":[{"embeddable":true,"href":"https:\/\/litteraturbanken.se\/skolan\/wp-json\/wp\/v2\/comments?post=12506"}],"version-history":[{"count":13,"href":"https:\/\/litteraturbanken.se\/skolan\/wp-json\/wp\/v2\/pages\/12506\/revisions"}],"predecessor-version":[{"id":23389,"href":"https:\/\/litteraturbanken.se\/skolan\/wp-json\/wp\/v2\/pages\/12506\/revisions\/23389"}],"wp:attachment":[{"href":"https:\/\/litteraturbanken.se\/skolan\/wp-json\/wp\/v2\/media?parent=12506"}],"curies":[{"name":"wp","href":"https:\/\/api.w.org\/{rel}","templated":true}]}}