{"id":1311,"date":"2018-06-27T08:34:20","date_gmt":"2018-06-27T06:34:20","guid":{"rendered":"https:\/\/litteraturbanken.se\/skoladev\/?page_id=1311"},"modified":"2021-08-10T11:26:28","modified_gmt":"2021-08-10T09:26:28","slug":"om-lb-skola","status":"publish","type":"page","link":"https:\/\/litteraturbanken.se\/skolan\/om-lb-skola\/","title":{"rendered":"Om LB skola"},"content":{"rendered":"\t\t<div data-elementor-type=\"wp-post\" data-elementor-id=\"1311\" class=\"elementor elementor-1311\">\n\t\t\t\t\t\t<section class=\"elementor-section elementor-top-section elementor-element elementor-element-06cc997 elementor-section-boxed elementor-section-height-default elementor-section-height-default\" data-id=\"06cc997\" data-element_type=\"section\" data-e-type=\"section\" data-settings=\"{&quot;background_background&quot;:&quot;classic&quot;}\">\n\t\t\t\t\t\t<div class=\"elementor-container elementor-column-gap-default\">\n\t\t\t\t\t<div class=\"elementor-column elementor-col-100 elementor-top-column elementor-element elementor-element-b6b3df8\" data-id=\"b6b3df8\" data-element_type=\"column\" data-e-type=\"column\">\n\t\t\t<div class=\"elementor-widget-wrap elementor-element-populated\">\n\t\t\t\t\t\t<div class=\"elementor-element elementor-element-4cb5e90 elementor-widget elementor-widget-spacer\" data-id=\"4cb5e90\" data-element_type=\"widget\" data-e-type=\"widget\" data-widget_type=\"spacer.default\">\n\t\t\t\t<div class=\"elementor-widget-container\">\n\t\t\t\t\t\t\t<div class=\"elementor-spacer\">\n\t\t\t<div class=\"elementor-spacer-inner\"><\/div>\n\t\t<\/div>\n\t\t\t\t\t\t<\/div>\n\t\t\t\t<\/div>\n\t\t\t\t\t<\/div>\n\t\t<\/div>\n\t\t\t\t\t<\/div>\n\t\t<\/section>\n\t\t\t\t<section class=\"elementor-section elementor-top-section elementor-element elementor-element-492da60 elementor-section-content-middle elementor-section-boxed elementor-section-height-default elementor-section-height-default\" data-id=\"492da60\" data-element_type=\"section\" data-e-type=\"section\" data-settings=\"{&quot;background_background&quot;:&quot;classic&quot;}\">\n\t\t\t\t\t\t\t<div class=\"elementor-background-overlay\"><\/div>\n\t\t\t\t\t\t\t<div class=\"elementor-container elementor-column-gap-no\">\n\t\t\t\t\t<div class=\"elementor-column elementor-col-50 elementor-top-column elementor-element elementor-element-8ac90eb\" data-id=\"8ac90eb\" data-element_type=\"column\" data-e-type=\"column\" data-settings=\"{&quot;background_background&quot;:&quot;classic&quot;}\">\n\t\t\t<div class=\"elementor-widget-wrap elementor-element-populated\">\n\t\t\t\t\t\t<div class=\"elementor-element elementor-element-94b2ad9 elementor-widget elementor-widget-heading\" data-id=\"94b2ad9\" data-element_type=\"widget\" data-e-type=\"widget\" data-widget_type=\"heading.default\">\n\t\t\t\t<div class=\"elementor-widget-container\">\n\t\t\t\t\t<h3 class=\"elementor-heading-title elementor-size-default\">V\u00e4lkommen till Litteraturbankens Skola!\u200b<\/h3>\t\t\t\t<\/div>\n\t\t\t\t<\/div>\n\t\t\t\t<div class=\"elementor-element elementor-element-fc1173f elementor-widget elementor-widget-text-editor\" data-id=\"fc1173f\" data-element_type=\"widget\" data-e-type=\"widget\" data-widget_type=\"text-editor.default\">\n\t\t\t\t<div class=\"elementor-widget-container\">\n\t\t\t\t\t\t\t\t\t<p>Vi tror p\u00e5 en litteraturl\u00e4sning i klassrummet d\u00e4r de flesta texterna l\u00e4ses gemensamt och i samverkan mellan l\u00e4rare och elever i exempelvis samtal och loggskrivande. Samverkande arbetss\u00e4tt \u00e4r extra viktigt vid arbete med \u00e4ldre och med mer avancerade texter. Elevernas l\u00e4sutveckling gynnas av ett n\u00e4ra samspel med en v\u00e4gledande l\u00e4rare och med varandra under l\u00e4rarens ledning. Eleverna beh\u00f6ver ha f\u00f6rebilder som modellerar l\u00e4sstrategier och de beh\u00f6ver h\u00f6ra hur andra m\u00e4nniskor uppfattar en text, f\u00f6r att f\u00f6rst\u00e5 att texter kan l\u00e4sas och tolkas p\u00e5 flera olika s\u00e4tt.<\/p>\t\t\t\t\t\t\t\t<\/div>\n\t\t\t\t<\/div>\n\t\t\t\t<div class=\"elementor-element elementor-element-80cd6fc elementor-widget elementor-widget-spacer\" data-id=\"80cd6fc\" data-element_type=\"widget\" data-e-type=\"widget\" data-widget_type=\"spacer.default\">\n\t\t\t\t<div class=\"elementor-widget-container\">\n\t\t\t\t\t\t\t<div class=\"elementor-spacer\">\n\t\t\t<div class=\"elementor-spacer-inner\"><\/div>\n\t\t<\/div>\n\t\t\t\t\t\t<\/div>\n\t\t\t\t<\/div>\n\t\t\t\t\t<\/div>\n\t\t<\/div>\n\t\t\t\t<div class=\"elementor-column elementor-col-50 elementor-top-column elementor-element elementor-element-608c3dc\" data-id=\"608c3dc\" data-element_type=\"column\" data-e-type=\"column\">\n\t\t\t<div class=\"elementor-widget-wrap elementor-element-populated\">\n\t\t\t\t\t\t<div class=\"elementor-element elementor-element-07c1a95 elementor-hidden-tablet elementor-hidden-phone elementor-widget elementor-widget-image\" data-id=\"07c1a95\" data-element_type=\"widget\" data-e-type=\"widget\" data-widget_type=\"image.default\">\n\t\t\t\t<div class=\"elementor-widget-container\">\n\t\t\t\t\t\t\t\t\t\t\t\t\t\t\t<img fetchpriority=\"high\" decoding=\"async\" width=\"1024\" height=\"848\" src=\"https:\/\/litteraturbanken.se\/skolan\/wp-content\/uploads\/2019\/03\/lb_skolan_2019_stortema_5-1024x848.jpg\" class=\"attachment-large size-large wp-image-16629\" alt=\"\" srcset=\"https:\/\/litteraturbanken.se\/skolan\/wp-content\/uploads\/2019\/03\/lb_skolan_2019_stortema_5-1024x848.jpg 1024w, https:\/\/litteraturbanken.se\/skolan\/wp-content\/uploads\/2019\/03\/lb_skolan_2019_stortema_5-300x249.jpg 300w, https:\/\/litteraturbanken.se\/skolan\/wp-content\/uploads\/2019\/03\/lb_skolan_2019_stortema_5-768x636.jpg 768w, https:\/\/litteraturbanken.se\/skolan\/wp-content\/uploads\/2019\/03\/lb_skolan_2019_stortema_5-e1553678153266.jpg 600w\" sizes=\"(max-width: 1024px) 100vw, 1024px\" \/>\t\t\t\t\t\t\t\t\t\t\t\t\t\t\t<\/div>\n\t\t\t\t<\/div>\n\t\t\t\t\t<\/div>\n\t\t<\/div>\n\t\t\t\t\t<\/div>\n\t\t<\/section>\n\t\t\t\t<section class=\"elementor-section elementor-top-section elementor-element elementor-element-1fe8695 elementor-section-content-middle elementor-section-boxed elementor-section-height-default elementor-section-height-default\" data-id=\"1fe8695\" data-element_type=\"section\" data-e-type=\"section\" data-settings=\"{&quot;background_background&quot;:&quot;classic&quot;,&quot;shape_divider_bottom&quot;:&quot;curve&quot;}\">\n\t\t\t\t\t\t\t<div class=\"elementor-background-overlay\"><\/div>\n\t\t\t\t\t\t<div class=\"elementor-shape elementor-shape-bottom\" aria-hidden=\"true\" data-negative=\"false\">\n\t\t\t<svg xmlns=\"http:\/\/www.w3.org\/2000\/svg\" viewBox=\"0 0 1000 100\" preserveAspectRatio=\"none\">\n    <path class=\"elementor-shape-fill\" d=\"M1000,4.3V0H0v4.3C0.9,23.1,126.7,99.2,500,100S1000,22.7,1000,4.3z\"\/>\n<\/svg>\t\t<\/div>\n\t\t\t\t\t<div class=\"elementor-container elementor-column-gap-no\">\n\t\t\t\t\t<div class=\"elementor-column elementor-col-33 elementor-top-column elementor-element elementor-element-4036e93\" data-id=\"4036e93\" data-element_type=\"column\" data-e-type=\"column\">\n\t\t\t<div class=\"elementor-widget-wrap\">\n\t\t\t\t\t\t\t<\/div>\n\t\t<\/div>\n\t\t\t\t<div class=\"elementor-column elementor-col-33 elementor-top-column elementor-element elementor-element-2453d80\" data-id=\"2453d80\" data-element_type=\"column\" data-e-type=\"column\" data-settings=\"{&quot;background_background&quot;:&quot;classic&quot;}\">\n\t\t\t<div class=\"elementor-widget-wrap elementor-element-populated\">\n\t\t\t\t\t\t<div class=\"elementor-element elementor-element-730b18e elementor-widget elementor-widget-spacer\" data-id=\"730b18e\" data-element_type=\"widget\" data-e-type=\"widget\" data-widget_type=\"spacer.default\">\n\t\t\t\t<div class=\"elementor-widget-container\">\n\t\t\t\t\t\t\t<div class=\"elementor-spacer\">\n\t\t\t<div class=\"elementor-spacer-inner\"><\/div>\n\t\t<\/div>\n\t\t\t\t\t\t<\/div>\n\t\t\t\t<\/div>\n\t\t\t\t<div class=\"elementor-element elementor-element-cc8ef65 elementor-widget elementor-widget-heading\" data-id=\"cc8ef65\" data-element_type=\"widget\" data-e-type=\"widget\" data-widget_type=\"heading.default\">\n\t\t\t\t<div class=\"elementor-widget-container\">\n\t\t\t\t\t<h3 class=\"elementor-heading-title elementor-size-default\">Vilka riktar vi oss till?<\/h3>\t\t\t\t<\/div>\n\t\t\t\t<\/div>\n\t\t\t\t<div class=\"elementor-element elementor-element-cb0d786 elementor-widget elementor-widget-text-editor\" data-id=\"cb0d786\" data-element_type=\"widget\" data-e-type=\"widget\" data-widget_type=\"text-editor.default\">\n\t\t\t\t<div class=\"elementor-widget-container\">\n\t\t\t\t\t\t\t\t\t<p>Litteraturbankens Skola \u00e4r en resurs f\u00f6r l\u00e4rare och elever, bibliotekarier och alla litteraturl\u00e4sare: den \u00e4r t\u00e4nkt att fungera som l\u00e4sarens v\u00e4gledning till det svenska litteraturarvet. H\u00e4r finns pedagogiska introduktioner, \u00f6versikter, uppgifter och l\u00e4shandledningar.<\/p>\t\t\t\t\t\t\t\t<\/div>\n\t\t\t\t<\/div>\n\t\t\t\t\t<\/div>\n\t\t<\/div>\n\t\t\t\t<div class=\"elementor-column elementor-col-33 elementor-top-column elementor-element elementor-element-330357d\" data-id=\"330357d\" data-element_type=\"column\" data-e-type=\"column\" data-settings=\"{&quot;background_background&quot;:&quot;classic&quot;}\">\n\t\t\t<div class=\"elementor-widget-wrap\">\n\t\t\t\t\t\t\t<\/div>\n\t\t<\/div>\n\t\t\t\t\t<\/div>\n\t\t<\/section>\n\t\t\t\t<section class=\"elementor-section elementor-top-section elementor-element elementor-element-118cdf52 elementor-section-boxed elementor-section-height-default elementor-section-height-default\" data-id=\"118cdf52\" data-element_type=\"section\" data-e-type=\"section\" data-settings=\"{&quot;background_background&quot;:&quot;classic&quot;}\">\n\t\t\t\t\t\t<div class=\"elementor-container elementor-column-gap-default\">\n\t\t\t\t\t<div class=\"elementor-column elementor-col-100 elementor-top-column elementor-element elementor-element-48386d7e\" data-id=\"48386d7e\" data-element_type=\"column\" data-e-type=\"column\">\n\t\t\t<div class=\"elementor-widget-wrap elementor-element-populated\">\n\t\t\t\t\t\t<div class=\"elementor-element elementor-element-130addf elementor-widget elementor-widget-spacer\" data-id=\"130addf\" data-element_type=\"widget\" data-e-type=\"widget\" data-widget_type=\"spacer.default\">\n\t\t\t\t<div class=\"elementor-widget-container\">\n\t\t\t\t\t\t\t<div class=\"elementor-spacer\">\n\t\t\t<div class=\"elementor-spacer-inner\"><\/div>\n\t\t<\/div>\n\t\t\t\t\t\t<\/div>\n\t\t\t\t<\/div>\n\t\t\t\t<div class=\"elementor-element elementor-element-16d688a7 elementor-widget elementor-widget-heading\" data-id=\"16d688a7\" data-element_type=\"widget\" data-e-type=\"widget\" data-widget_type=\"heading.default\">\n\t\t\t\t<div class=\"elementor-widget-container\">\n\t\t\t\t\t<h3 class=\"elementor-heading-title elementor-size-large\">F\u00f6rfattare<\/h3>\t\t\t\t<\/div>\n\t\t\t\t<\/div>\n\t\t\t\t<section class=\"elementor-section elementor-inner-section elementor-element elementor-element-50ee5f58 elementor-section-boxed elementor-section-height-default elementor-section-height-default\" data-id=\"50ee5f58\" data-element_type=\"section\" data-e-type=\"section\">\n\t\t\t\t\t\t<div class=\"elementor-container elementor-column-gap-no\">\n\t\t\t\t\t<div class=\"elementor-column elementor-col-50 elementor-inner-column elementor-element elementor-element-43df5bfd\" data-id=\"43df5bfd\" data-element_type=\"column\" data-e-type=\"column\" data-settings=\"{&quot;background_background&quot;:&quot;classic&quot;}\">\n\t\t\t<div class=\"elementor-widget-wrap elementor-element-populated\">\n\t\t\t\t\t\t<div class=\"elementor-element elementor-element-d44f6fe elementor-widget elementor-widget-image\" data-id=\"d44f6fe\" data-element_type=\"widget\" data-e-type=\"widget\" data-widget_type=\"image.default\">\n\t\t\t\t<div class=\"elementor-widget-container\">\n\t\t\t\t\t\t\t\t\t\t\t\t\t\t\t<img decoding=\"async\" width=\"2667\" height=\"3955\" src=\"https:\/\/litteraturbanken.se\/skolan\/wp-content\/uploads\/2019\/08\/IMG_9930-e1580752440766.jpg\" class=\"attachment-full size-full wp-image-18809\" alt=\"\" \/>\t\t\t\t\t\t\t\t\t\t\t\t\t\t\t<\/div>\n\t\t\t\t<\/div>\n\t\t\t\t<div class=\"elementor-element elementor-element-6d8407c6 elementor-widget elementor-widget-heading\" data-id=\"6d8407c6\" data-element_type=\"widget\" data-e-type=\"widget\" data-widget_type=\"heading.default\">\n\t\t\t\t<div class=\"elementor-widget-container\">\n\t\t\t\t\t<h2 class=\"elementor-heading-title elementor-size-large\">Ann Boglind<\/h2>\t\t\t\t<\/div>\n\t\t\t\t<\/div>\n\t\t\t\t<div class=\"elementor-element elementor-element-55b49cfb elementor-widget elementor-widget-text-editor\" data-id=\"55b49cfb\" data-element_type=\"widget\" data-e-type=\"widget\" data-widget_type=\"text-editor.default\">\n\t\t\t\t<div class=\"elementor-widget-container\">\n\t\t\t\t\t\t\t\t\t<div><div id=\"x_divtagdefaultwrapper\" dir=\"ltr\"><div><div>ANN BOGLIND har varit universitetslektor i svensk\u00e4mnets didaktik p\u00e5 Institutionen f\u00f6r litteratur, id\u00e9historia och religion vid G\u00f6teborgs universitet. Hon har l\u00e5ng erfarenhet av att undervisa i svenska fr\u00e4mst p\u00e5 h\u00f6gstadiet. 2017 var hon huvudpedagog f\u00f6r L\u00e4sr\u00f6relsens projekt <em>Ber\u00e4ttelser som f\u00f6r\u00e4ndrar<\/em>\u00a0\u00a0och arbetar nu som pedagogisk utvecklare i projektet <em>Intensivsvenska<\/em> med Svenska Akademien som huvudman. Hon har skrivit l\u00e4rob\u00f6cker och givit ut antologier i svenska f\u00f6r b\u00e5de mellan- och h\u00f6gstadiet. Hennes senaste utgivningar \u00e4r h\u00f6gskolekursboken\u00a0<em>Fr\u00e5n fabler till manga 1-2. Litteraturhistoria och didaktiska perspektiv p\u00e5 barn- och ungdomslitteratur<\/em>\u00a0(2015, 2016) tillsammans med Anna Nordenstam p\u00e5 Gleerups f\u00f6rlag samt antologin\u00a0<em>L\u00e4sandets lust och magi<\/em>\u00a0(2012) p\u00e5 Brombergs f\u00f6rlag. Hon \u00e4r ocks\u00e5, tillsammans med Per Holmberg och Anna Nordenstam, redakt\u00f6r f\u00f6r och medf\u00f6rfattare i antologin\u00a0<em>M\u00f6tesplatser. Texter f\u00f6r svensk\u00e4mnet<\/em>\u00a0(2014).<\/div><div>\u00a0<\/div><div>Ann Boglind har tillsammans med\u00a0Anna Nordlund\u00a0utarbetat\u00a0Litteraturbankens Skola.<\/div><\/div><\/div><\/div>\t\t\t\t\t\t\t\t<\/div>\n\t\t\t\t<\/div>\n\t\t\t\t\t<\/div>\n\t\t<\/div>\n\t\t\t\t<div class=\"elementor-column elementor-col-50 elementor-inner-column elementor-element elementor-element-48b94fe\" data-id=\"48b94fe\" data-element_type=\"column\" data-e-type=\"column\" data-settings=\"{&quot;background_background&quot;:&quot;classic&quot;}\">\n\t\t\t<div class=\"elementor-widget-wrap elementor-element-populated\">\n\t\t\t\t\t\t<div class=\"elementor-element elementor-element-630f15eb elementor-widget elementor-widget-image\" data-id=\"630f15eb\" data-element_type=\"widget\" data-e-type=\"widget\" data-widget_type=\"image.default\">\n\t\t\t\t<div class=\"elementor-widget-container\">\n\t\t\t\t\t\t\t\t\t\t\t\t\t\t\t<img decoding=\"async\" width=\"353\" height=\"530\" src=\"https:\/\/litteraturbanken.se\/skolan\/wp-content\/uploads\/2019\/03\/DSC6055-e1553018278628.jpeg\" class=\"attachment-full size-full wp-image-13549\" alt=\"\" \/>\t\t\t\t\t\t\t\t\t\t\t\t\t\t\t<\/div>\n\t\t\t\t<\/div>\n\t\t\t\t<div class=\"elementor-element elementor-element-50cfda0f elementor-widget elementor-widget-heading\" data-id=\"50cfda0f\" data-element_type=\"widget\" data-e-type=\"widget\" data-widget_type=\"heading.default\">\n\t\t\t\t<div class=\"elementor-widget-container\">\n\t\t\t\t\t<h2 class=\"elementor-heading-title elementor-size-large\">Anna Nordlund<\/h2>\t\t\t\t<\/div>\n\t\t\t\t<\/div>\n\t\t\t\t<div class=\"elementor-element elementor-element-356bc979 elementor-widget elementor-widget-text-editor\" data-id=\"356bc979\" data-element_type=\"widget\" data-e-type=\"widget\" data-widget_type=\"text-editor.default\">\n\t\t\t\t<div class=\"elementor-widget-container\">\n\t\t\t\t\t\t\t\t\t<div><div id=\"x_divtagdefaultwrapper\" dir=\"ltr\"><div><div>ANNA NORDLUND \u00e4r universitetslektor i didaktik med s\u00e4rskild inriktning svenska p\u00e5 institutionen f\u00f6r pedagogik, didaktik och utbildningsstudier vid Uppsala universitet. Hon disputerade i litteraturvetenskap \u00e5r 2005 p\u00e5 avhandlingen\u00a0<em>Selma Lagerl\u00f6fs underbara resa genom den svenska litteraturhistorien<\/em>\u00a0(utgiven p\u00e5 Brutus \u00d6stlings bokf\u00f6rlag Symposion). D\u00e4refter har hon bland annat haft forskartj\u00e4nst finansierad av Riksbankens jubileumsfond f\u00f6r att f\u00f6rbereda utgivning av Selma Lagerl\u00f6fs samlade skrifter och arbeta med den digitala resursen Selma Lagerl\u00f6f-arkivet, som nu \u00e4r en del av Litteraturbanken. Hon har gett ut tv\u00e5 l\u00e4romedel som v\u00e4nder sig till nyb\u00f6rjarstudenter i litteraturvetenskap: \u00a0<em>Litteraturvetenskaplig analys genom hundra \u00e5r \u2013 \u00e5tta s\u00e4tt att l\u00e4sa G\u00f6sta Berlings saga<\/em>\u00a0(2008) p\u00e5 Liber och\u00a0<em>Varf\u00f6r litteraturvetenskap?<\/em>\u00a0(2013) p\u00e5 Studentlitteratur. Bland de senaste \u00e5rens utgivning finns artiklar om Selma Lagerl\u00f6fs betydelse f\u00f6r den svenska stumfilmens framg\u00e5ngar och biografin\u00a0<em>Selma Lagerl\u00f6f Sveriges modernaste kvinna<\/em>\u00a0(Bokf\u00f6rlaget Max Str\u00f6m 2018).<\/div><div>\u00a0<\/div><div>Anna Nordlund har tillsammans med\u00a0Ann Boglind\u00a0utarbetat\u00a0Litteraturbankens Skola.<\/div><\/div><\/div><\/div>\t\t\t\t\t\t\t\t<\/div>\n\t\t\t\t<\/div>\n\t\t\t\t\t<\/div>\n\t\t<\/div>\n\t\t\t\t\t<\/div>\n\t\t<\/section>\n\t\t\t\t\t<\/div>\n\t\t<\/div>\n\t\t\t\t\t<\/div>\n\t\t<\/section>\n\t\t\t\t<\/div>\n\t\t","protected":false},"excerpt":{"rendered":"<p>V\u00e4lkommen till Litteraturbankens Skola!\u200b Vi tror p\u00e5 en litteraturl\u00e4sning i klassrummet d\u00e4r de flesta texterna l\u00e4ses gemensamt och i samverkan mellan l\u00e4rare och elever i exempelvis samtal och loggskrivande. Samverkande arbetss\u00e4tt \u00e4r extra viktigt vid arbete med \u00e4ldre och med mer avancerade texter. Elevernas l\u00e4sutveckling gynnas av ett n\u00e4ra samspel med en v\u00e4gledande l\u00e4rare och [&hellip;]<\/p>\n","protected":false},"author":5,"featured_media":0,"parent":0,"menu_order":0,"comment_status":"closed","ping_status":"closed","template":"","meta":{"ocean_post_layout":"full-screen","ocean_both_sidebars_style":"","ocean_both_sidebars_content_width":0,"ocean_both_sidebars_sidebars_width":0,"ocean_sidebar":"0","ocean_second_sidebar":"0","ocean_disable_margins":"enable","ocean_add_body_class":"","ocean_shortcode_before_top_bar":"","ocean_shortcode_after_top_bar":"","ocean_shortcode_before_header":"","ocean_shortcode_after_header":"","ocean_has_shortcode":"","ocean_shortcode_after_title":"","ocean_shortcode_before_footer_widgets":"","ocean_shortcode_after_footer_widgets":"","ocean_shortcode_before_footer_bottom":"","ocean_shortcode_after_footer_bottom":"","ocean_display_top_bar":"default","ocean_display_header":"default","ocean_header_style":"","ocean_center_header_left_menu":"0","ocean_custom_header_template":"0","ocean_custom_logo":0,"ocean_custom_retina_logo":0,"ocean_custom_logo_max_width":0,"ocean_custom_logo_tablet_max_width":0,"ocean_custom_logo_mobile_max_width":0,"ocean_custom_logo_max_height":0,"ocean_custom_logo_tablet_max_height":0,"ocean_custom_logo_mobile_max_height":0,"ocean_header_custom_menu":"0","ocean_menu_typo_font_family":"0","ocean_menu_typo_font_subset":"","ocean_menu_typo_font_size":0,"ocean_menu_typo_font_size_tablet":0,"ocean_menu_typo_font_size_mobile":0,"ocean_menu_typo_font_size_unit":"px","ocean_menu_typo_font_weight":"","ocean_menu_typo_font_weight_tablet":"","ocean_menu_typo_font_weight_mobile":"","ocean_menu_typo_transform":"","ocean_menu_typo_transform_tablet":"","ocean_menu_typo_transform_mobile":"","ocean_menu_typo_line_height":0,"ocean_menu_typo_line_height_tablet":0,"ocean_menu_typo_line_height_mobile":0,"ocean_menu_typo_line_height_unit":"","ocean_menu_typo_spacing":0,"ocean_menu_typo_spacing_tablet":0,"ocean_menu_typo_spacing_mobile":0,"ocean_menu_typo_spacing_unit":"","ocean_menu_link_color":"","ocean_menu_link_color_hover":"","ocean_menu_link_color_active":"","ocean_menu_link_background":"","ocean_menu_link_hover_background":"","ocean_menu_link_active_background":"","ocean_menu_social_links_bg":"","ocean_menu_social_hover_links_bg":"","ocean_menu_social_links_color":"","ocean_menu_social_hover_links_color":"","ocean_disable_title":"on","ocean_disable_heading":"default","ocean_post_title":"","ocean_post_subheading":"","ocean_post_title_style":"","ocean_post_title_background_color":"","ocean_post_title_background":0,"ocean_post_title_bg_image_position":"","ocean_post_title_bg_image_attachment":"","ocean_post_title_bg_image_repeat":"","ocean_post_title_bg_image_size":"","ocean_post_title_height":0,"ocean_post_title_bg_overlay":0.5,"ocean_post_title_bg_overlay_color":"","ocean_disable_breadcrumbs":"default","ocean_breadcrumbs_color":"","ocean_breadcrumbs_separator_color":"","ocean_breadcrumbs_links_color":"","ocean_breadcrumbs_links_hover_color":"","ocean_display_footer_widgets":"default","ocean_display_footer_bottom":"default","ocean_custom_footer_template":"0","footnotes":""},"class_list":["post-1311","page","type-page","status-publish","hentry","entry"],"_links":{"self":[{"href":"https:\/\/litteraturbanken.se\/skolan\/wp-json\/wp\/v2\/pages\/1311","targetHints":{"allow":["GET"]}}],"collection":[{"href":"https:\/\/litteraturbanken.se\/skolan\/wp-json\/wp\/v2\/pages"}],"about":[{"href":"https:\/\/litteraturbanken.se\/skolan\/wp-json\/wp\/v2\/types\/page"}],"author":[{"embeddable":true,"href":"https:\/\/litteraturbanken.se\/skolan\/wp-json\/wp\/v2\/users\/5"}],"replies":[{"embeddable":true,"href":"https:\/\/litteraturbanken.se\/skolan\/wp-json\/wp\/v2\/comments?post=1311"}],"version-history":[{"count":73,"href":"https:\/\/litteraturbanken.se\/skolan\/wp-json\/wp\/v2\/pages\/1311\/revisions"}],"predecessor-version":[{"id":22030,"href":"https:\/\/litteraturbanken.se\/skolan\/wp-json\/wp\/v2\/pages\/1311\/revisions\/22030"}],"wp:attachment":[{"href":"https:\/\/litteraturbanken.se\/skolan\/wp-json\/wp\/v2\/media?parent=1311"}],"curies":[{"name":"wp","href":"https:\/\/api.w.org\/{rel}","templated":true}]}}