{"id":21219,"date":"2020-05-27T16:24:05","date_gmt":"2020-05-27T14:24:05","guid":{"rendered":"https:\/\/litteraturbanken.se\/skolan\/?page_id=21219"},"modified":"2020-06-09T12:46:19","modified_gmt":"2020-06-09T10:46:19","slug":"prosa-forfattare-ivar-lo-johansson","status":"publish","type":"page","link":"https:\/\/litteraturbanken.se\/skolan\/prosa-forfattare-ivar-lo-johansson\/","title":{"rendered":"Prosa\/F\u00f6rfattare\/Ivar Lo-Johansson"},"content":{"rendered":"\t\t<div data-elementor-type=\"wp-page\" data-elementor-id=\"21219\" class=\"elementor elementor-21219\">\n\t\t\t\t\t\t<section class=\"elementor-section elementor-top-section elementor-element elementor-element-ed9c253 elementor-section-boxed elementor-section-height-default elementor-section-height-default\" data-id=\"ed9c253\" data-element_type=\"section\" data-e-type=\"section\" data-settings=\"{&quot;background_background&quot;:&quot;classic&quot;}\">\n\t\t\t\t\t\t<div class=\"elementor-container elementor-column-gap-default\">\n\t\t\t\t\t<div class=\"elementor-column elementor-col-25 elementor-top-column elementor-element elementor-element-6c4a3e6\" data-id=\"6c4a3e6\" data-element_type=\"column\" data-e-type=\"column\" data-settings=\"{&quot;background_background&quot;:&quot;classic&quot;}\">\n\t\t\t<div class=\"elementor-widget-wrap\">\n\t\t\t\t\t\t\t<\/div>\n\t\t<\/div>\n\t\t\t\t<div class=\"elementor-column elementor-col-25 elementor-top-column elementor-element elementor-element-8015e24\" data-id=\"8015e24\" data-element_type=\"column\" data-e-type=\"column\" data-settings=\"{&quot;background_background&quot;:&quot;classic&quot;}\">\n\t\t\t<div class=\"elementor-widget-wrap elementor-element-populated\">\n\t\t\t\t\t\t<div class=\"elementor-element elementor-element-dec78e8 elementor-widget elementor-widget-spacer\" data-id=\"dec78e8\" data-element_type=\"widget\" data-e-type=\"widget\" data-widget_type=\"spacer.default\">\n\t\t\t\t<div class=\"elementor-widget-container\">\n\t\t\t\t\t\t\t<div class=\"elementor-spacer\">\n\t\t\t<div class=\"elementor-spacer-inner\"><\/div>\n\t\t<\/div>\n\t\t\t\t\t\t<\/div>\n\t\t\t\t<\/div>\n\t\t\t\t<div class=\"elementor-element elementor-element-fcc2b91 elementor-widget elementor-widget-text-editor\" data-id=\"fcc2b91\" data-element_type=\"widget\" data-e-type=\"widget\" data-widget_type=\"text-editor.default\">\n\t\t\t\t<div class=\"elementor-widget-container\">\n\t\t\t\t\t\t\t\t\t<h1 class=\"elementor-heading-title elementor-size-default\">Ivar Lo-Johansson<\/h1>\t\t\t\t\t\t\t\t<\/div>\n\t\t\t\t<\/div>\n\t\t\t\t<div class=\"elementor-element elementor-element-679dcd9 elementor-widget elementor-widget-text-editor\" data-id=\"679dcd9\" data-element_type=\"widget\" data-e-type=\"widget\" data-widget_type=\"text-editor.default\">\n\t\t\t\t<div class=\"elementor-widget-container\">\n\t\t\t\t\t\t\t\t\t<div class=\"ng-binding\"><p>IVAR LO-JOHANSSON (1901\u20131990) f\u00f6ddes i en statarfamilj och b\u00f6rjade sin skribentbana som medarbetare i V\u00e4sterhaninge folkh\u00f6gskolas elevtidning. Han begav sig ut p\u00e5 skrivande resor runt om i Europa och debutboken blev\u00a0<i>Vagabondliv i Frankrike<\/i> (1927) som f\u00f6ljdes av reportageb\u00f6ckerna <i>Kolet i v\u00e5ld<\/i> (1928), <i>Nederstigen i d\u00f6dsriket\u00a0<\/i>(1929), <i>Zigenare<\/i> (1929) och <i>Mina st\u00e4ders ansikten<\/i> (1930). Reseb\u00f6ckerna uppm\u00e4rksammades f\u00f6r sina slagkraftiga bilder av arbetartillvaro och fattigdom och Lo-Johansson fick ocks\u00e5 m\u00f6jlighet att ge ut n\u00e5gra ungdomsnoveller \u2013 <i>Ett lag historier<\/i> (1928).<\/p><p>Efter \u00e5ren som vagabond i Europa gav han 1931 ut sin enda diktsamling \u2013 <i>Ur klyvnadens tid<\/i> \u2013 och debuterade \u00e5ret d\u00e4rp\u00e5 som romanf\u00f6rfattare med den tragiska k\u00e4rlekshistorien <i>M\u00e5na \u00e4r d\u00f6d<\/i>. Med sin n\u00e4sta roman \u2013 <a href=\"\/forfattare\/Lo-JohanssonI\/titlar\/GodnattJord\/etext\"><i>Godnatt, jord<\/i><\/a> (1933) \u2013 p\u00e5b\u00f6rjade Ivar Lo-Johansson sina skildringar av statarna, av den h\u00e5rda och fattiga milj\u00f6 han sj\u00e4lv v\u00e4xt upp i. Huvudpersonen Mikaels frihetsl\u00e4ngtan drar som en strid understr\u00f6m genom romanens ink\u00e4nnande skildringar av statarkollektivet, f\u00f6rs\u00f6ken till frig\u00f6relse, hopp och uppgivenhet. Realismen i ber\u00e4ttelsen om jordproletariatet inm\u00e4ngs med skir symbolik i ett l\u00f6digt och lysande bildspr\u00e5k.<\/p><p>I novellsamlingen <a href=\"\/forfattare\/Lo-JohanssonI\/titlar\/StatarnaI\/etext\"><i>Statarna<\/i><\/a> (2 band, 1936\u201337) forts\u00e4tter Lo-Johansson att skriva godsarbetarklassens historia. H\u00e4r str\u00e4cks tidsspannet ut till tv\u00e5 hundra \u00e5r och statarnas situation analyseras utifr\u00e5n politiska och socialpsykologiska st\u00e5ndpunkter. Med romanen <a href=\"\/forfattare\/Lo-JohanssonI\/titlar\/Kungsgatan\/etext\"><i>Kungsgatan<\/i><\/a> (1935) f\u00f6ljer Lo-Johansson de ungdomar som fr\u00e5n landsbygden beger sig till storstaden f\u00f6r att s\u00f6ka ett b\u00e4ttre \u00f6de. I <i>Bara en mor<\/i> (1939), hans vid tiden mest hyllade roman, skildrar han statarhustruns, av det slitsamma livet, nedbrutna dr\u00f6mmar. Kollektivromanen <i>Traktorn<\/i> (1943) \u00e4r en sorges\u00e5ng, i krigets skugga, \u00f6ver hoppet om framsteg och utveckling.<\/p><p>\u00c5r 1944 avskaffades statarsystemet, mycket tack vare prolet\u00e4rf\u00f6rfattarnas \u2013 och fr\u00e4mst bland dem Ivar Lo-Johansson \u2013 agiterande via sina skrifter. Med romanen <i>Geniet<\/i> (1947), om skrivandets ensamhet, b\u00f6rjar Lo-Johanssons mer uttalat sj\u00e4lvbiografiska f\u00f6rfattarskap. Med <i>Analfabeten<\/i> (1951), en bok om f\u00f6rfattarens far, inleds en svit om \u00e5tta b\u00f6cker (utgivna 1951\u201360) kallade \u201den prolet\u00e4rf\u00f6rfattares sj\u00e4lvbiografi\u201d d\u00e4r v\u00e4gen fr\u00e5n diktardr\u00f6m till diktarverklighet tecknas. Vid samma tid var Lo-Johansson starkt engagerad i \u00e5ldringsv\u00e5rdsfr\u00e5gan. Under resor runt i Sverige, till de m\u00e5nga \u201densamslotten\u201d \u2013 institutioner d\u00e4r \u00e5ldringar satt borgl\u00f6mda och ensamma \u2013 uppr\u00f6rdes han \u00f6ver de missf\u00f6rh\u00e5llanden han s\u00e5g och inledde en kampanj som fick till resultat att \u00e5ldringsv\u00e5rden sattes under belysning och reformerades. Hans reportage och f\u00f6redrag samlades i boken <i>\u00c5lderdom<\/i> (1949), med fotografier av Sven J\u00e4rl\u00e5s, och <i>\u00c5lderdoms\u2013Sverige<\/i> (1952).<\/p><p>Under 1960\u2013talet skrev Lo-Johansson en svit novellsamlingar, omfattande sju titlar, vilka han kallade <i>Lasternas epos<\/i> eller <i>Passionssviten<\/i>, skildrande just m\u00e4nniskans laster och passioner. D\u00e4rp\u00e5 f\u00f6ljde ytterligare n\u00e5gra novellsamlingar med historiska motiv, bland vilka kan n\u00e4mnas <i>Ordets makt<\/i> (1973), om spr\u00e5ket som befrielse, men ocks\u00e5 som f\u00f6rtryckarinstrument och maktmedel. Lo-Johansson inledde d\u00e4refter, med <i>Pubertet<\/i> (1978) en svit om fyra memoarer, vilken avslutades med <i>Frihet<\/i> (1985).<\/p><\/div><div class=\"introauthor\" style=\"text-align: right;\"><em class=\"ng-binding\">Lotta Lotass<\/em><\/div><div class=\"source ng-scope\"><p><span class=\"source_header sc ng-scope\">k\u00e4lla <\/span><\/p><ul><li class=\"ng-scope\"><div class=\"source_content ng-binding\"><i>Den svenska litteraturen. V: Modernister och arbetardiktare 1920\u20131950<\/i>, red. Lars L\u00f6nnroth &amp; Sven Delblanc<\/div><\/li><\/ul><\/div>\t\t\t\t\t\t\t\t<\/div>\n\t\t\t\t<\/div>\n\t\t\t\t\t<\/div>\n\t\t<\/div>\n\t\t\t\t<div class=\"elementor-column elementor-col-25 elementor-top-column elementor-element elementor-element-1795dc8\" data-id=\"1795dc8\" data-element_type=\"column\" data-e-type=\"column\">\n\t\t\t<div class=\"elementor-widget-wrap elementor-element-populated\">\n\t\t\t\t\t\t<div class=\"elementor-element elementor-element-66c4e07 elementor-widget elementor-widget-spacer\" data-id=\"66c4e07\" data-element_type=\"widget\" data-e-type=\"widget\" data-widget_type=\"spacer.default\">\n\t\t\t\t<div class=\"elementor-widget-container\">\n\t\t\t\t\t\t\t<div class=\"elementor-spacer\">\n\t\t\t<div class=\"elementor-spacer-inner\"><\/div>\n\t\t<\/div>\n\t\t\t\t\t\t<\/div>\n\t\t\t\t<\/div>\n\t\t\t\t<div class=\"elementor-element elementor-element-10279a7 elementor-widget elementor-widget-image\" data-id=\"10279a7\" data-element_type=\"widget\" data-e-type=\"widget\" data-widget_type=\"image.default\">\n\t\t\t\t<div class=\"elementor-widget-container\">\n\t\t\t\t\t\t\t\t\t\t\t\t\t\t\t<img fetchpriority=\"high\" decoding=\"async\" width=\"393\" height=\"550\" src=\"https:\/\/litteraturbanken.se\/skolan\/wp-content\/uploads\/2020\/05\/Lo-JohanssonI_large.jpeg\" class=\"attachment-full size-full wp-image-21221\" alt=\"\" srcset=\"https:\/\/litteraturbanken.se\/skolan\/wp-content\/uploads\/2020\/05\/Lo-JohanssonI_large.jpeg 393w, https:\/\/litteraturbanken.se\/skolan\/wp-content\/uploads\/2020\/05\/Lo-JohanssonI_large-214x300.jpeg 214w\" sizes=\"(max-width: 393px) 100vw, 393px\" \/>\t\t\t\t\t\t\t\t\t\t\t\t\t\t\t<\/div>\n\t\t\t\t<\/div>\n\t\t\t\t<div class=\"elementor-element elementor-element-6882c8c elementor-widget elementor-widget-spacer\" data-id=\"6882c8c\" data-element_type=\"widget\" data-e-type=\"widget\" data-widget_type=\"spacer.default\">\n\t\t\t\t<div class=\"elementor-widget-container\">\n\t\t\t\t\t\t\t<div class=\"elementor-spacer\">\n\t\t\t<div class=\"elementor-spacer-inner\"><\/div>\n\t\t<\/div>\n\t\t\t\t\t\t<\/div>\n\t\t\t\t<\/div>\n\t\t\t\t\t<\/div>\n\t\t<\/div>\n\t\t\t\t<div class=\"elementor-column elementor-col-25 elementor-top-column elementor-element elementor-element-461d80d\" data-id=\"461d80d\" data-element_type=\"column\" data-e-type=\"column\">\n\t\t\t<div class=\"elementor-widget-wrap\">\n\t\t\t\t\t\t\t<\/div>\n\t\t<\/div>\n\t\t\t\t\t<\/div>\n\t\t<\/section>\n\t\t\t\t<section class=\"elementor-section elementor-top-section elementor-element elementor-element-4aeb620 elementor-section-boxed elementor-section-height-default elementor-section-height-default\" data-id=\"4aeb620\" data-element_type=\"section\" data-e-type=\"section\" data-settings=\"{&quot;background_background&quot;:&quot;classic&quot;}\">\n\t\t\t\t\t\t<div class=\"elementor-container elementor-column-gap-default\">\n\t\t\t\t\t<div class=\"elementor-column elementor-col-100 elementor-top-column elementor-element elementor-element-a24693e\" data-id=\"a24693e\" data-element_type=\"column\" data-e-type=\"column\">\n\t\t\t<div class=\"elementor-widget-wrap elementor-element-populated\">\n\t\t\t\t\t\t<div class=\"elementor-element elementor-element-59944f1 elementor-widget elementor-widget-heading\" data-id=\"59944f1\" data-element_type=\"widget\" data-e-type=\"widget\" data-widget_type=\"heading.default\">\n\t\t\t\t<div class=\"elementor-widget-container\">\n\t\t\t\t\t<h3 class=\"elementor-heading-title elementor-size-default\"><div><span data-elementor-setting-key=\"title\" data-pen-placeholder=\"Skriv h\u00e4r...\" style=\"font-style: normal\"><span data-elementor-setting-key=\"title\" data-pen-placeholder=\"Skriv h\u00e4r...\" style=\"font-size: 56px;font-style: normal;font-weight: bold\"><br><\/span><\/span><\/div><span data-elementor-setting-key=\"title\" data-pen-placeholder=\"Skriv h\u00e4r...\" style=\"font-style: normal\"><span data-elementor-setting-key=\"title\" data-pen-placeholder=\"Skriv h\u00e4r...\" style=\"font-size: 56px;font-style: normal;font-weight: bold\">Noveller<\/span><\/span><\/h3>\t\t\t\t<\/div>\n\t\t\t\t<\/div>\n\t\t\t\t<div class=\"elementor-element elementor-element-8c95abb elementor-widget elementor-widget-spacer\" data-id=\"8c95abb\" data-element_type=\"widget\" data-e-type=\"widget\" data-widget_type=\"spacer.default\">\n\t\t\t\t<div class=\"elementor-widget-container\">\n\t\t\t\t\t\t\t<div class=\"elementor-spacer\">\n\t\t\t<div class=\"elementor-spacer-inner\"><\/div>\n\t\t<\/div>\n\t\t\t\t\t\t<\/div>\n\t\t\t\t<\/div>\n\t\t\t\t<section class=\"elementor-section elementor-inner-section elementor-element elementor-element-be6bf84 elementor-section-boxed elementor-section-height-default elementor-section-height-default\" data-id=\"be6bf84\" data-element_type=\"section\" data-e-type=\"section\">\n\t\t\t\t\t\t<div class=\"elementor-container elementor-column-gap-default\">\n\t\t\t\t\t<div class=\"elementor-column elementor-col-25 elementor-inner-column elementor-element elementor-element-d2ba8c4\" data-id=\"d2ba8c4\" data-element_type=\"column\" data-e-type=\"column\" data-settings=\"{&quot;background_background&quot;:&quot;classic&quot;}\">\n\t\t\t<div class=\"elementor-widget-wrap elementor-element-populated\">\n\t\t\t\t\t\t<div class=\"elementor-element elementor-element-e37de61 elementor-widget elementor-widget-image\" data-id=\"e37de61\" data-element_type=\"widget\" data-e-type=\"widget\" data-widget_type=\"image.default\">\n\t\t\t\t<div class=\"elementor-widget-container\">\n\t\t\t\t\t\t\t\t\t\t\t\t\t\t\t\t<a href=\"https:\/\/litteraturbanken.se\/skolan\/noveller-abrodd-och-lilja\/\">\n\t\t\t\t\t\t\t<img decoding=\"async\" width=\"322\" height=\"322\" src=\"https:\/\/litteraturbanken.se\/skolan\/wp-content\/uploads\/2020\/06\/blommor1.jpg\" class=\"attachment-full size-full wp-image-21315\" alt=\"\" srcset=\"https:\/\/litteraturbanken.se\/skolan\/wp-content\/uploads\/2020\/06\/blommor1.jpg 322w, https:\/\/litteraturbanken.se\/skolan\/wp-content\/uploads\/2020\/06\/blommor1-300x300.jpg 300w, https:\/\/litteraturbanken.se\/skolan\/wp-content\/uploads\/2020\/06\/blommor1-150x150.jpg 150w\" sizes=\"(max-width: 322px) 100vw, 322px\" \/>\t\t\t\t\t\t\t\t<\/a>\n\t\t\t\t\t\t\t\t\t\t\t\t\t\t\t<\/div>\n\t\t\t\t<\/div>\n\t\t\t\t<div class=\"elementor-element elementor-element-fcc879f elementor-widget elementor-widget-heading\" data-id=\"fcc879f\" data-element_type=\"widget\" data-e-type=\"widget\" data-widget_type=\"heading.default\">\n\t\t\t\t<div class=\"elementor-widget-container\">\n\t\t\t\t\t<h2 class=\"elementor-heading-title elementor-size-default\"><a href=\"https:\/\/litteraturbanken.se\/skolan\/noveller-abrodd-och-lilja\/\">\u00c5brodd och lilja<\/a><\/h2>\t\t\t\t<\/div>\n\t\t\t\t<\/div>\n\t\t\t\t<div class=\"elementor-element elementor-element-03caaae elementor-widget elementor-widget-text-editor\" data-id=\"03caaae\" data-element_type=\"widget\" data-e-type=\"widget\" data-widget_type=\"text-editor.default\">\n\t\t\t\t<div class=\"elementor-widget-container\">\n\t\t\t\t\t\t\t\t\t<p><strong>F\u00f6rfattare:<\/strong>\u00a0Ivar Lo-Johansson<\/p><p><strong>\u00c5rskurs:<\/strong>\u00a0<a href=\"https:\/\/litteraturbanken.se\/skolan\/arskurs-7-9\/\">7\u20139<\/a>,\u00a0<a href=\"https:\/\/litteraturbanken.se\/skolan\/arskurs-gymnasium\/\">Gymnasium<\/a><\/p><p><strong>Ing\u00e5r i<\/strong> <a href=\"https:\/\/litteraturbanken.se\/forfattare\/AlfredsonC\/titlar\/InMySolitude\/sida\/1\/etext\" target=\"_blank\" rel=\"noopener\"><em>In my solitude<\/em><\/a><\/p>\t\t\t\t\t\t\t\t<\/div>\n\t\t\t\t<\/div>\n\t\t\t\t\t<\/div>\n\t\t<\/div>\n\t\t\t\t<div class=\"elementor-column elementor-col-25 elementor-inner-column elementor-element elementor-element-27c31f9\" data-id=\"27c31f9\" data-element_type=\"column\" data-e-type=\"column\">\n\t\t\t<div class=\"elementor-widget-wrap\">\n\t\t\t\t\t\t\t<\/div>\n\t\t<\/div>\n\t\t\t\t<div class=\"elementor-column elementor-col-25 elementor-inner-column elementor-element elementor-element-d0178aa\" data-id=\"d0178aa\" data-element_type=\"column\" data-e-type=\"column\">\n\t\t\t<div class=\"elementor-widget-wrap\">\n\t\t\t\t\t\t\t<\/div>\n\t\t<\/div>\n\t\t\t\t<div class=\"elementor-column elementor-col-25 elementor-inner-column elementor-element elementor-element-71714b2\" data-id=\"71714b2\" data-element_type=\"column\" data-e-type=\"column\">\n\t\t\t<div class=\"elementor-widget-wrap\">\n\t\t\t\t\t\t\t<\/div>\n\t\t<\/div>\n\t\t\t\t\t<\/div>\n\t\t<\/section>\n\t\t\t\t<div class=\"elementor-element elementor-element-d419a68 elementor-widget elementor-widget-spacer\" data-id=\"d419a68\" data-element_type=\"widget\" data-e-type=\"widget\" data-widget_type=\"spacer.default\">\n\t\t\t\t<div class=\"elementor-widget-container\">\n\t\t\t\t\t\t\t<div class=\"elementor-spacer\">\n\t\t\t<div class=\"elementor-spacer-inner\"><\/div>\n\t\t<\/div>\n\t\t\t\t\t\t<\/div>\n\t\t\t\t<\/div>\n\t\t\t\t<div class=\"elementor-element elementor-element-faf01fc elementor-widget elementor-widget-spacer\" data-id=\"faf01fc\" data-element_type=\"widget\" data-e-type=\"widget\" data-widget_type=\"spacer.default\">\n\t\t\t\t<div class=\"elementor-widget-container\">\n\t\t\t\t\t\t\t<div class=\"elementor-spacer\">\n\t\t\t<div class=\"elementor-spacer-inner\"><\/div>\n\t\t<\/div>\n\t\t\t\t\t\t<\/div>\n\t\t\t\t<\/div>\n\t\t\t\t\t<\/div>\n\t\t<\/div>\n\t\t\t\t\t<\/div>\n\t\t<\/section>\n\t\t\t\t<\/div>\n\t\t","protected":false},"excerpt":{"rendered":"<p>Ivar Lo-Johansson IVAR LO-JOHANSSON (1901\u20131990) f\u00f6ddes i en statarfamilj och b\u00f6rjade sin skribentbana som medarbetare i V\u00e4sterhaninge folkh\u00f6gskolas elevtidning. Han begav sig ut p\u00e5 skrivande resor runt om i Europa och debutboken blev\u00a0Vagabondliv i Frankrike (1927) som f\u00f6ljdes av reportageb\u00f6ckerna Kolet i v\u00e5ld (1928), Nederstigen i d\u00f6dsriket\u00a0(1929), Zigenare (1929) och Mina st\u00e4ders ansikten (1930). Reseb\u00f6ckerna [&hellip;]<\/p>\n","protected":false},"author":8,"featured_media":0,"parent":0,"menu_order":0,"comment_status":"closed","ping_status":"closed","template":"","meta":{"ocean_post_layout":"full-screen","ocean_both_sidebars_style":"","ocean_both_sidebars_content_width":0,"ocean_both_sidebars_sidebars_width":0,"ocean_sidebar":"0","ocean_second_sidebar":"0","ocean_disable_margins":"enable","ocean_add_body_class":"","ocean_shortcode_before_top_bar":"","ocean_shortcode_after_top_bar":"","ocean_shortcode_before_header":"","ocean_shortcode_after_header":"","ocean_has_shortcode":"","ocean_shortcode_after_title":"","ocean_shortcode_before_footer_widgets":"","ocean_shortcode_after_footer_widgets":"","ocean_shortcode_before_footer_bottom":"","ocean_shortcode_after_footer_bottom":"","ocean_display_top_bar":"default","ocean_display_header":"default","ocean_header_style":"","ocean_center_header_left_menu":"0","ocean_custom_header_template":"0","ocean_custom_logo":0,"ocean_custom_retina_logo":0,"ocean_custom_logo_max_width":0,"ocean_custom_logo_tablet_max_width":0,"ocean_custom_logo_mobile_max_width":0,"ocean_custom_logo_max_height":0,"ocean_custom_logo_tablet_max_height":0,"ocean_custom_logo_mobile_max_height":0,"ocean_header_custom_menu":"0","ocean_menu_typo_font_family":"0","ocean_menu_typo_font_subset":"","ocean_menu_typo_font_size":0,"ocean_menu_typo_font_size_tablet":0,"ocean_menu_typo_font_size_mobile":0,"ocean_menu_typo_font_size_unit":"px","ocean_menu_typo_font_weight":"","ocean_menu_typo_font_weight_tablet":"","ocean_menu_typo_font_weight_mobile":"","ocean_menu_typo_transform":"","ocean_menu_typo_transform_tablet":"","ocean_menu_typo_transform_mobile":"","ocean_menu_typo_line_height":0,"ocean_menu_typo_line_height_tablet":0,"ocean_menu_typo_line_height_mobile":0,"ocean_menu_typo_line_height_unit":"","ocean_menu_typo_spacing":0,"ocean_menu_typo_spacing_tablet":0,"ocean_menu_typo_spacing_mobile":0,"ocean_menu_typo_spacing_unit":"","ocean_menu_link_color":"","ocean_menu_link_color_hover":"","ocean_menu_link_color_active":"","ocean_menu_link_background":"","ocean_menu_link_hover_background":"","ocean_menu_link_active_background":"","ocean_menu_social_links_bg":"","ocean_menu_social_hover_links_bg":"","ocean_menu_social_links_color":"","ocean_menu_social_hover_links_color":"","ocean_disable_title":"on","ocean_disable_heading":"default","ocean_post_title":"","ocean_post_subheading":"","ocean_post_title_style":"","ocean_post_title_background_color":"","ocean_post_title_background":0,"ocean_post_title_bg_image_position":"","ocean_post_title_bg_image_attachment":"","ocean_post_title_bg_image_repeat":"","ocean_post_title_bg_image_size":"","ocean_post_title_height":0,"ocean_post_title_bg_overlay":0.5,"ocean_post_title_bg_overlay_color":"","ocean_disable_breadcrumbs":"default","ocean_breadcrumbs_color":"","ocean_breadcrumbs_separator_color":"","ocean_breadcrumbs_links_color":"","ocean_breadcrumbs_links_hover_color":"","ocean_display_footer_widgets":"default","ocean_display_footer_bottom":"default","ocean_custom_footer_template":"0","footnotes":""},"class_list":["post-21219","page","type-page","status-publish","hentry","entry"],"_links":{"self":[{"href":"https:\/\/litteraturbanken.se\/skolan\/wp-json\/wp\/v2\/pages\/21219","targetHints":{"allow":["GET"]}}],"collection":[{"href":"https:\/\/litteraturbanken.se\/skolan\/wp-json\/wp\/v2\/pages"}],"about":[{"href":"https:\/\/litteraturbanken.se\/skolan\/wp-json\/wp\/v2\/types\/page"}],"author":[{"embeddable":true,"href":"https:\/\/litteraturbanken.se\/skolan\/wp-json\/wp\/v2\/users\/8"}],"replies":[{"embeddable":true,"href":"https:\/\/litteraturbanken.se\/skolan\/wp-json\/wp\/v2\/comments?post=21219"}],"version-history":[{"count":6,"href":"https:\/\/litteraturbanken.se\/skolan\/wp-json\/wp\/v2\/pages\/21219\/revisions"}],"predecessor-version":[{"id":21341,"href":"https:\/\/litteraturbanken.se\/skolan\/wp-json\/wp\/v2\/pages\/21219\/revisions\/21341"}],"wp:attachment":[{"href":"https:\/\/litteraturbanken.se\/skolan\/wp-json\/wp\/v2\/media?parent=21219"}],"curies":[{"name":"wp","href":"https:\/\/api.w.org\/{rel}","templated":true}]}}