{"id":21225,"date":"2020-05-27T16:34:18","date_gmt":"2020-05-27T14:34:18","guid":{"rendered":"https:\/\/litteraturbanken.se\/skolan\/?page_id=21225"},"modified":"2020-06-02T10:17:34","modified_gmt":"2020-06-02T08:17:34","slug":"prosa-forfattare-victoria-benedictsson","status":"publish","type":"page","link":"https:\/\/litteraturbanken.se\/skolan\/prosa-forfattare-victoria-benedictsson\/","title":{"rendered":"Prosa\/F\u00f6rfattare\/Victoria Benedictsson"},"content":{"rendered":"\t\t<div data-elementor-type=\"wp-page\" data-elementor-id=\"21225\" class=\"elementor elementor-21225\">\n\t\t\t\t\t\t<section class=\"elementor-section elementor-top-section elementor-element elementor-element-3e6eb7f elementor-section-boxed elementor-section-height-default elementor-section-height-default\" data-id=\"3e6eb7f\" data-element_type=\"section\" data-e-type=\"section\" data-settings=\"{&quot;background_background&quot;:&quot;classic&quot;}\">\n\t\t\t\t\t\t<div class=\"elementor-container elementor-column-gap-default\">\n\t\t\t\t\t<div class=\"elementor-column elementor-col-25 elementor-top-column elementor-element elementor-element-082f3f6\" data-id=\"082f3f6\" data-element_type=\"column\" data-e-type=\"column\" data-settings=\"{&quot;background_background&quot;:&quot;classic&quot;}\">\n\t\t\t<div class=\"elementor-widget-wrap\">\n\t\t\t\t\t\t\t<\/div>\n\t\t<\/div>\n\t\t\t\t<div class=\"elementor-column elementor-col-25 elementor-top-column elementor-element elementor-element-ee74c81\" data-id=\"ee74c81\" data-element_type=\"column\" data-e-type=\"column\" data-settings=\"{&quot;background_background&quot;:&quot;classic&quot;}\">\n\t\t\t<div class=\"elementor-widget-wrap elementor-element-populated\">\n\t\t\t\t\t\t<div class=\"elementor-element elementor-element-038807c elementor-widget elementor-widget-spacer\" data-id=\"038807c\" data-element_type=\"widget\" data-e-type=\"widget\" data-widget_type=\"spacer.default\">\n\t\t\t\t<div class=\"elementor-widget-container\">\n\t\t\t\t\t\t\t<div class=\"elementor-spacer\">\n\t\t\t<div class=\"elementor-spacer-inner\"><\/div>\n\t\t<\/div>\n\t\t\t\t\t\t<\/div>\n\t\t\t\t<\/div>\n\t\t\t\t<div class=\"elementor-element elementor-element-244f2a2 elementor-widget elementor-widget-text-editor\" data-id=\"244f2a2\" data-element_type=\"widget\" data-e-type=\"widget\" data-widget_type=\"text-editor.default\">\n\t\t\t\t<div class=\"elementor-widget-container\">\n\t\t\t\t\t\t\t\t\t<h1 class=\"elementor-heading-title elementor-size-default\">Victoria Benedictsson<\/h1>\t\t\t\t\t\t\t\t<\/div>\n\t\t\t\t<\/div>\n\t\t\t\t<div class=\"elementor-element elementor-element-c8daf08 elementor-widget elementor-widget-text-editor\" data-id=\"c8daf08\" data-element_type=\"widget\" data-e-type=\"widget\" data-widget_type=\"text-editor.default\">\n\t\t\t\t<div class=\"elementor-widget-container\">\n\t\t\t\t\t\t\t\t\t<div class=\"ng-binding\"><p>VICTORIA BENEDICTSSON (1850\u20131888), som skrev under pseudonymen Ernst Ahlgren, tillh\u00f6rde den grupp f\u00f6rfattare som har kallats \u201d\u00e5ttiotalets k\u00e4rna\u201d; hit kan ocks\u00e5 r\u00e4knas bland andra <a href=\"\/forfattare\/LevertinO\">Oscar Levertin<\/a>, <a href=\"\/forfattare\/HanssonO\">Ola Hansson<\/a>, <a href=\"\/forfattare\/LefflerAC\">Anne Charlotte Leffler<\/a> och <a href=\"\/forfattare\/AgrellA\">Alfhild Agrell<\/a>. Nyckelord f\u00f6r denna f\u00f6rfattargeneration var verklighetsskildring, f\u00f6rfattarindividualitet, problemdebatt. En f\u00f6rebild fann man i den danske kritikern och litteraturhistorikern Georg Brandes som myntade termen \u201ddet moderna genombrottet\u201d f\u00f6r den litteratur som skrevs i Norden \u00e5ren f\u00f6re och kring sekelskiftet 1900.<\/p><p>Genom sin n\u00e4ra v\u00e4n <a href=\"\/forfattare\/LundegardA\">Axel Lundeg\u00e5rd<\/a> l\u00e4rde Benedictsson k\u00e4nna Brandes och de tv\u00e5 inledde ett till synes kvalfyllt f\u00f6rh\u00e5llande. I sin dagbok \u2013 <a href=\"\/forfattare\/BenedictssonV\/titlar\/StoraBokenI\/sida\/3\/etext\"><i>Stora boken <\/i><\/a>(utgiven f\u00f6rst 1978\u20131985 i tre volymer) \u2013 skildrar Benedictsson deras relation i ett s\u00e4reget rollspel d\u00e4r Victoria, Ernst Ahlgren och Brandes talar i ett p\u00e5 samma g\u00e5ng h\u00f6gst personligt och djupt tidspr\u00e4glat drama. Kvinnorollen och f\u00f6rfattarrollen v\u00e4xlar och genomlyses i oskrymtade, pregnanta iakttagelser. Just kvinnans kringskurna tillvaro stod ofta i fokus f\u00f6r Benedictssons skrivande.<\/p><p>I debutromanen <a href=\"\/forfattare\/BenedictssonV\/titlar\/Pengar\/sida\/I\/etext\"><i>Pengar<\/i><\/a> (1885) skildras \u00e4ktenskapet som pr\u00e4glat av v\u00e5ld och f\u00f6rtryck. I <a href=\"\/forfattare\/BenedictssonV\/titlar\/FruMarianne\/sida\/I\/etext\"><i>Fru Marianne <\/i><\/a>(1887) finner huvudpersonen en fruktbar livsh\u00e5llning i vardagens alldaglighet och stillsamma gemenskap. Bokens drag av f\u00f6rsoningsskrift provocerade Benedictssons samtida f\u00f6rfattarkollegor som talade f\u00f6r mer radikala h\u00e5llningar. Victoria Benedictsson skrev ocks\u00e5 folklivsber\u00e4ttelser, samlade i <a href=\"\/forfattare\/BenedictssonV\/titlar\/FranSkane\/sida\/I\/etext\"><i>Fr\u00e5n Sk\u00e5ne<\/i><\/a> (1884) och <i>Folklif och sm\u00e5ber\u00e4ttelser<\/i> (1887), samt dramatik d\u00e4r enaktaren <i><span style=\"color: #ff6600;\"><a style=\"color: #ff6600;\" href=\"https:\/\/litteraturbanken.se\/f\u00f6rfattare\/BenedictssonV\/titlar\/ITelefon\/sida\/1\/faksimil\">I telefon<\/a><\/span>\u00a0<\/i>(1887) s\u00e4rskilt kan n\u00e4mnas; en ber\u00e4ttelse om k\u00e4rlek som g\u00e5r i blomning tack vare tidens nya kommunikationsmedel.<\/p><p>Hon l\u00e4mnade hela sin litter\u00e4ra kvarl\u00e5tenskap till v\u00e4nnen Axel Lundeg\u00e5rd, som posthumt fullbordade hennes roman <a href=\"\/forfattare\/BenedictssonV\/titlar\/Modern\/sida\/1\/etext\"><i>Modern<\/i><\/a> (1888) och dramat <a href=\"\/forfattare\/LundegardA\/titlar\/DenBergtagna\/sida\/-4\/etext\"><i>Den bergtagna<\/i><\/a> (1890). Han utgav \u00e4ven <a href=\"\/forfattare\/BenedictssonV\/titlar\/VictoriaBenedictsson\/sida\/I\/etext\"><i>Victoria Benedictsson (Ernst Ahlgren). En sjelfbiografi ur bref och anteckningar<\/i><\/a> (1890) samt skrev romanen <i>Elsa Finne<\/i> (1902) baserad p\u00e5 hennes dagb\u00f6cker, vilken renderade honom h\u00e5rd kritik fr\u00e5n Georg Brandes.<\/p><\/div><div class=\"introauthor\"><em class=\"ng-binding\">Lotta Lotass<\/em><\/div><div class=\"source ng-scope\"><p><span class=\"source_header sc ng-scope\" style=\"box-sizing: inherit; border: 0px solid #e0e0e0; font-family: 'Requiem Text SC A', 'Requiem Text SC B'; text-transform: lowercase !important; margin-top: 1.5em; margin-bottom: 0.5em; vertical-align: top; display: inline-block;\">k\u00e4llor <\/span><\/p><ul><li class=\"ng-scope\"><div class=\"source_content ng-binding\"><i>Svenskt biografiskt lexikon<\/i><\/div><\/li><li class=\"ng-scope\"><div class=\"source_content ng-binding\"><i>Den svenska litteraturen. III: De liberala genombrotten 1830\u20131890<\/i>, red. Lars L\u00f6nnroth &amp; Sven Delblanc<\/div><\/li><\/ul><\/div><div class=\"pseudonym\" aria-hidden=\"false\"><span class=\"sc\">pseudonym<span class=\"\" style=\"box-sizing: inherit; border: 0px solid #e0e0e0;\" aria-hidden=\"false\">er<\/span><\/span> <span class=\"ng-scope\"><em class=\"ng-binding\">Ernst Ahlgren<\/em><span class=\"\" aria-hidden=\"false\">, <\/span><\/span><span class=\"ng-scope\"><em class=\"ng-binding\">\u00bbTardif\u00bb.<\/em><\/span><\/div>\t\t\t\t\t\t\t\t<\/div>\n\t\t\t\t<\/div>\n\t\t\t\t\t<\/div>\n\t\t<\/div>\n\t\t\t\t<div class=\"elementor-column elementor-col-25 elementor-top-column elementor-element elementor-element-7d48099\" data-id=\"7d48099\" data-element_type=\"column\" data-e-type=\"column\">\n\t\t\t<div class=\"elementor-widget-wrap elementor-element-populated\">\n\t\t\t\t\t\t<div class=\"elementor-element elementor-element-4db48b1 elementor-widget elementor-widget-spacer\" data-id=\"4db48b1\" data-element_type=\"widget\" data-e-type=\"widget\" data-widget_type=\"spacer.default\">\n\t\t\t\t<div class=\"elementor-widget-container\">\n\t\t\t\t\t\t\t<div class=\"elementor-spacer\">\n\t\t\t<div class=\"elementor-spacer-inner\"><\/div>\n\t\t<\/div>\n\t\t\t\t\t\t<\/div>\n\t\t\t\t<\/div>\n\t\t\t\t<div class=\"elementor-element elementor-element-16e5048 elementor-widget elementor-widget-image\" data-id=\"16e5048\" data-element_type=\"widget\" data-e-type=\"widget\" data-widget_type=\"image.default\">\n\t\t\t\t<div class=\"elementor-widget-container\">\n\t\t\t\t\t\t\t\t\t\t\t\t\t\t\t<img fetchpriority=\"high\" decoding=\"async\" width=\"356\" height=\"550\" src=\"https:\/\/litteraturbanken.se\/skolan\/wp-content\/uploads\/2020\/05\/BenedictssonV_large.jpeg\" class=\"attachment-full size-full wp-image-21228\" alt=\"\" srcset=\"https:\/\/litteraturbanken.se\/skolan\/wp-content\/uploads\/2020\/05\/BenedictssonV_large.jpeg 356w, https:\/\/litteraturbanken.se\/skolan\/wp-content\/uploads\/2020\/05\/BenedictssonV_large-194x300.jpeg 194w\" sizes=\"(max-width: 356px) 100vw, 356px\" \/>\t\t\t\t\t\t\t\t\t\t\t\t\t\t\t<\/div>\n\t\t\t\t<\/div>\n\t\t\t\t<div class=\"elementor-element elementor-element-193e3a1 elementor-widget elementor-widget-spacer\" data-id=\"193e3a1\" data-element_type=\"widget\" data-e-type=\"widget\" data-widget_type=\"spacer.default\">\n\t\t\t\t<div class=\"elementor-widget-container\">\n\t\t\t\t\t\t\t<div class=\"elementor-spacer\">\n\t\t\t<div class=\"elementor-spacer-inner\"><\/div>\n\t\t<\/div>\n\t\t\t\t\t\t<\/div>\n\t\t\t\t<\/div>\n\t\t\t\t<section class=\"elementor-section elementor-inner-section elementor-element elementor-element-94a1bad elementor-section-boxed elementor-section-height-default elementor-section-height-default\" data-id=\"94a1bad\" data-element_type=\"section\" data-e-type=\"section\">\n\t\t\t\t\t\t<div class=\"elementor-container elementor-column-gap-default\">\n\t\t\t\t\t<div class=\"elementor-column elementor-col-100 elementor-inner-column elementor-element elementor-element-b143ee3\" data-id=\"b143ee3\" data-element_type=\"column\" data-e-type=\"column\">\n\t\t\t<div class=\"elementor-widget-wrap elementor-element-populated\">\n\t\t\t\t\t\t<div class=\"elementor-element elementor-element-dc08491 elementor-widget elementor-widget-text-editor\" data-id=\"dc08491\" data-element_type=\"widget\" data-e-type=\"widget\" data-widget_type=\"text-editor.default\">\n\t\t\t\t<div class=\"elementor-widget-container\">\n\t\t\t\t\t\t\t\t\t<p><span style=\"color: #ff6600;\"><strong>Lyssna till &#8221;I telefon&#8221; av Victoria Benedictsson:<\/strong><\/span><\/p>\t\t\t\t\t\t\t\t<\/div>\n\t\t\t\t<\/div>\n\t\t\t\t<div class=\"elementor-element elementor-element-10957b7 elementor-widget elementor-widget-wp-widget-media_audio\" data-id=\"10957b7\" data-element_type=\"widget\" data-e-type=\"widget\" data-widget_type=\"wp-widget-media_audio.default\">\n\t\t\t\t<div class=\"elementor-widget-container\">\n\t\t\t\t\t<h5>Ellen Hartmann i enaktaren &#8221;I telefon&#8221; av Victoria Benedictsson, inspelad 1929<\/h5><audio class=\"wp-audio-shortcode\" id=\"audio-21225-1\" preload=\"none\" style=\"width: 100%;\" controls=\"controls\"><source type=\"audio\/mpeg\" src=\"https:\/\/litteraturbanken.se\/skolan\/wp-content\/uploads\/2020\/05\/soderberg_enstockholmskronika_soderberg.mp3?_=1\" \/><source type=\"audio\/mpeg\" src=\"https:\/\/litteraturbanken.se\/skolan\/wp-content\/uploads\/2020\/05\/soderberg_enstockholmskronika_soderberg.mp3?_=1\" \/><a href=\"https:\/\/litteraturbanken.se\/skolan\/wp-content\/uploads\/2020\/05\/soderberg_enstockholmskronika_soderberg.mp3\">https:\/\/litteraturbanken.se\/skolan\/wp-content\/uploads\/2020\/05\/soderberg_enstockholmskronika_soderberg.mp3<\/a><\/audio>\t\t\t\t<\/div>\n\t\t\t\t<\/div>\n\t\t\t\t\t<\/div>\n\t\t<\/div>\n\t\t\t\t\t<\/div>\n\t\t<\/section>\n\t\t\t\t\t<\/div>\n\t\t<\/div>\n\t\t\t\t<div class=\"elementor-column elementor-col-25 elementor-top-column elementor-element elementor-element-f259c78\" data-id=\"f259c78\" data-element_type=\"column\" data-e-type=\"column\">\n\t\t\t<div class=\"elementor-widget-wrap\">\n\t\t\t\t\t\t\t<\/div>\n\t\t<\/div>\n\t\t\t\t\t<\/div>\n\t\t<\/section>\n\t\t\t\t<section class=\"elementor-section elementor-top-section elementor-element elementor-element-e5b9526 elementor-section-boxed elementor-section-height-default elementor-section-height-default\" data-id=\"e5b9526\" data-element_type=\"section\" data-e-type=\"section\" data-settings=\"{&quot;background_background&quot;:&quot;classic&quot;}\">\n\t\t\t\t\t\t<div class=\"elementor-container elementor-column-gap-default\">\n\t\t\t\t\t<div class=\"elementor-column elementor-col-100 elementor-top-column elementor-element elementor-element-f71370d\" data-id=\"f71370d\" data-element_type=\"column\" data-e-type=\"column\">\n\t\t\t<div class=\"elementor-widget-wrap elementor-element-populated\">\n\t\t\t\t\t\t<div class=\"elementor-element elementor-element-3ede398 elementor-widget elementor-widget-heading\" data-id=\"3ede398\" data-element_type=\"widget\" data-e-type=\"widget\" data-widget_type=\"heading.default\">\n\t\t\t\t<div class=\"elementor-widget-container\">\n\t\t\t\t\t<h3 class=\"elementor-heading-title elementor-size-default\"><div><span data-elementor-setting-key=\"title\" data-pen-placeholder=\"Skriv h\u00e4r...\" style=\"font-style: normal\"><span data-elementor-setting-key=\"title\" data-pen-placeholder=\"Skriv h\u00e4r...\" style=\"font-size: 56px;font-style: normal;font-weight: bold\"><br><\/span><\/span><\/div><span data-elementor-setting-key=\"title\" data-pen-placeholder=\"Skriv h\u00e4r...\" style=\"font-style: normal\"><span data-elementor-setting-key=\"title\" data-pen-placeholder=\"Skriv h\u00e4r...\" style=\"font-size: 56px;font-style: normal;font-weight: bold\">Noveller<\/span><\/span><\/h3>\t\t\t\t<\/div>\n\t\t\t\t<\/div>\n\t\t\t\t<div class=\"elementor-element elementor-element-24c75cd elementor-widget elementor-widget-spacer\" data-id=\"24c75cd\" data-element_type=\"widget\" data-e-type=\"widget\" data-widget_type=\"spacer.default\">\n\t\t\t\t<div class=\"elementor-widget-container\">\n\t\t\t\t\t\t\t<div class=\"elementor-spacer\">\n\t\t\t<div class=\"elementor-spacer-inner\"><\/div>\n\t\t<\/div>\n\t\t\t\t\t\t<\/div>\n\t\t\t\t<\/div>\n\t\t\t\t<section class=\"elementor-section elementor-inner-section elementor-element elementor-element-622bb34 elementor-section-boxed elementor-section-height-default elementor-section-height-default\" data-id=\"622bb34\" data-element_type=\"section\" data-e-type=\"section\">\n\t\t\t\t\t\t<div class=\"elementor-container elementor-column-gap-default\">\n\t\t\t\t\t<div class=\"elementor-column elementor-col-25 elementor-inner-column elementor-element elementor-element-14e7686\" data-id=\"14e7686\" data-element_type=\"column\" data-e-type=\"column\" data-settings=\"{&quot;background_background&quot;:&quot;classic&quot;}\">\n\t\t\t<div class=\"elementor-widget-wrap elementor-element-populated\">\n\t\t\t\t\t\t<div class=\"elementor-element elementor-element-6b5be86 elementor-widget elementor-widget-image\" data-id=\"6b5be86\" data-element_type=\"widget\" data-e-type=\"widget\" data-widget_type=\"image.default\">\n\t\t\t\t<div class=\"elementor-widget-container\">\n\t\t\t\t\t\t\t\t\t\t\t\t\t\t\t\t<a href=\"https:\/\/litteraturbanken.se\/skolan\/noveller-ur-morkret\/\">\n\t\t\t\t\t\t\t<img decoding=\"async\" width=\"300\" height=\"300\" src=\"https:\/\/litteraturbanken.se\/skolan\/wp-content\/uploads\/2019\/09\/Ur-m\u00f6rkret-300x300.jpg\" class=\"attachment-full size-full wp-image-19089\" alt=\"\" srcset=\"https:\/\/litteraturbanken.se\/skolan\/wp-content\/uploads\/2019\/09\/Ur-m\u00f6rkret-300x300.jpg 300w, https:\/\/litteraturbanken.se\/skolan\/wp-content\/uploads\/2019\/09\/Ur-m\u00f6rkret-300x300-150x150.jpg 150w\" sizes=\"(max-width: 300px) 100vw, 300px\" \/>\t\t\t\t\t\t\t\t<\/a>\n\t\t\t\t\t\t\t\t\t\t\t\t\t\t\t<\/div>\n\t\t\t\t<\/div>\n\t\t\t\t<div class=\"elementor-element elementor-element-cb9ee8a elementor-widget elementor-widget-heading\" data-id=\"cb9ee8a\" data-element_type=\"widget\" data-e-type=\"widget\" data-widget_type=\"heading.default\">\n\t\t\t\t<div class=\"elementor-widget-container\">\n\t\t\t\t\t<h2 class=\"elementor-heading-title elementor-size-default\"><a href=\"https:\/\/litteraturbanken.se\/skolan\/noveller-ur-morkret\/\">Ur m\u00f6rkret<\/a><\/h2>\t\t\t\t<\/div>\n\t\t\t\t<\/div>\n\t\t\t\t<div class=\"elementor-element elementor-element-2b741bc elementor-widget elementor-widget-text-editor\" data-id=\"2b741bc\" data-element_type=\"widget\" data-e-type=\"widget\" data-widget_type=\"text-editor.default\">\n\t\t\t\t<div class=\"elementor-widget-container\">\n\t\t\t\t\t\t\t\t\t<p><strong>F\u00f6rfattare:<\/strong>\u00a0Victoria Benedictsson<\/p><p><strong>\u00c5rskurs:<\/strong>\u00a0<a href=\"https:\/\/litteraturbanken.se\/skolan\/arskurs-7-9\/\">7\u20139<\/a>,\u00a0<a href=\"https:\/\/litteraturbanken.se\/skolan\/arskurs-gymnasium\/\">Gymnasium<\/a><\/p><p><strong>Ing\u00e5r i<\/strong> <a href=\"https:\/\/litteraturbanken.se\/forfattare\/AlfredsonC\/titlar\/InMySolitude\/sida\/1\/etext\" target=\"_blank\" rel=\"noopener\"><em>In my solitude<\/em><\/a><\/p>\t\t\t\t\t\t\t\t<\/div>\n\t\t\t\t<\/div>\n\t\t\t\t\t<\/div>\n\t\t<\/div>\n\t\t\t\t<div class=\"elementor-column elementor-col-25 elementor-inner-column elementor-element elementor-element-2d10e4f\" data-id=\"2d10e4f\" data-element_type=\"column\" data-e-type=\"column\">\n\t\t\t<div class=\"elementor-widget-wrap\">\n\t\t\t\t\t\t\t<\/div>\n\t\t<\/div>\n\t\t\t\t<div class=\"elementor-column elementor-col-25 elementor-inner-column elementor-element elementor-element-da4c22c\" data-id=\"da4c22c\" data-element_type=\"column\" data-e-type=\"column\">\n\t\t\t<div class=\"elementor-widget-wrap\">\n\t\t\t\t\t\t\t<\/div>\n\t\t<\/div>\n\t\t\t\t<div class=\"elementor-column elementor-col-25 elementor-inner-column elementor-element elementor-element-08a86ff\" data-id=\"08a86ff\" data-element_type=\"column\" data-e-type=\"column\">\n\t\t\t<div class=\"elementor-widget-wrap\">\n\t\t\t\t\t\t\t<\/div>\n\t\t<\/div>\n\t\t\t\t\t<\/div>\n\t\t<\/section>\n\t\t\t\t<div class=\"elementor-element elementor-element-fe1f40c elementor-widget elementor-widget-spacer\" data-id=\"fe1f40c\" data-element_type=\"widget\" data-e-type=\"widget\" data-widget_type=\"spacer.default\">\n\t\t\t\t<div class=\"elementor-widget-container\">\n\t\t\t\t\t\t\t<div class=\"elementor-spacer\">\n\t\t\t<div class=\"elementor-spacer-inner\"><\/div>\n\t\t<\/div>\n\t\t\t\t\t\t<\/div>\n\t\t\t\t<\/div>\n\t\t\t\t<div class=\"elementor-element elementor-element-f7ebace elementor-widget elementor-widget-spacer\" data-id=\"f7ebace\" data-element_type=\"widget\" data-e-type=\"widget\" data-widget_type=\"spacer.default\">\n\t\t\t\t<div class=\"elementor-widget-container\">\n\t\t\t\t\t\t\t<div class=\"elementor-spacer\">\n\t\t\t<div class=\"elementor-spacer-inner\"><\/div>\n\t\t<\/div>\n\t\t\t\t\t\t<\/div>\n\t\t\t\t<\/div>\n\t\t\t\t\t<\/div>\n\t\t<\/div>\n\t\t\t\t\t<\/div>\n\t\t<\/section>\n\t\t\t\t<\/div>\n\t\t","protected":false},"excerpt":{"rendered":"<p>Victoria Benedictsson VICTORIA BENEDICTSSON (1850\u20131888), som skrev under pseudonymen Ernst Ahlgren, tillh\u00f6rde den grupp f\u00f6rfattare som har kallats \u201d\u00e5ttiotalets k\u00e4rna\u201d; hit kan ocks\u00e5 r\u00e4knas bland andra Oscar Levertin, Ola Hansson, Anne Charlotte Leffler och Alfhild Agrell. Nyckelord f\u00f6r denna f\u00f6rfattargeneration var verklighetsskildring, f\u00f6rfattarindividualitet, problemdebatt. En f\u00f6rebild fann man i den danske kritikern och litteraturhistorikern Georg [&hellip;]<\/p>\n","protected":false},"author":8,"featured_media":0,"parent":0,"menu_order":0,"comment_status":"closed","ping_status":"closed","template":"","meta":{"ocean_post_layout":"full-screen","ocean_both_sidebars_style":"","ocean_both_sidebars_content_width":0,"ocean_both_sidebars_sidebars_width":0,"ocean_sidebar":"0","ocean_second_sidebar":"0","ocean_disable_margins":"enable","ocean_add_body_class":"","ocean_shortcode_before_top_bar":"","ocean_shortcode_after_top_bar":"","ocean_shortcode_before_header":"","ocean_shortcode_after_header":"","ocean_has_shortcode":"","ocean_shortcode_after_title":"","ocean_shortcode_before_footer_widgets":"","ocean_shortcode_after_footer_widgets":"","ocean_shortcode_before_footer_bottom":"","ocean_shortcode_after_footer_bottom":"","ocean_display_top_bar":"default","ocean_display_header":"default","ocean_header_style":"","ocean_center_header_left_menu":"0","ocean_custom_header_template":"0","ocean_custom_logo":0,"ocean_custom_retina_logo":0,"ocean_custom_logo_max_width":0,"ocean_custom_logo_tablet_max_width":0,"ocean_custom_logo_mobile_max_width":0,"ocean_custom_logo_max_height":0,"ocean_custom_logo_tablet_max_height":0,"ocean_custom_logo_mobile_max_height":0,"ocean_header_custom_menu":"0","ocean_menu_typo_font_family":"0","ocean_menu_typo_font_subset":"","ocean_menu_typo_font_size":0,"ocean_menu_typo_font_size_tablet":0,"ocean_menu_typo_font_size_mobile":0,"ocean_menu_typo_font_size_unit":"px","ocean_menu_typo_font_weight":"","ocean_menu_typo_font_weight_tablet":"","ocean_menu_typo_font_weight_mobile":"","ocean_menu_typo_transform":"","ocean_menu_typo_transform_tablet":"","ocean_menu_typo_transform_mobile":"","ocean_menu_typo_line_height":0,"ocean_menu_typo_line_height_tablet":0,"ocean_menu_typo_line_height_mobile":0,"ocean_menu_typo_line_height_unit":"","ocean_menu_typo_spacing":0,"ocean_menu_typo_spacing_tablet":0,"ocean_menu_typo_spacing_mobile":0,"ocean_menu_typo_spacing_unit":"","ocean_menu_link_color":"","ocean_menu_link_color_hover":"","ocean_menu_link_color_active":"","ocean_menu_link_background":"","ocean_menu_link_hover_background":"","ocean_menu_link_active_background":"","ocean_menu_social_links_bg":"","ocean_menu_social_hover_links_bg":"","ocean_menu_social_links_color":"","ocean_menu_social_hover_links_color":"","ocean_disable_title":"on","ocean_disable_heading":"default","ocean_post_title":"","ocean_post_subheading":"","ocean_post_title_style":"","ocean_post_title_background_color":"","ocean_post_title_background":0,"ocean_post_title_bg_image_position":"","ocean_post_title_bg_image_attachment":"","ocean_post_title_bg_image_repeat":"","ocean_post_title_bg_image_size":"","ocean_post_title_height":0,"ocean_post_title_bg_overlay":0.5,"ocean_post_title_bg_overlay_color":"","ocean_disable_breadcrumbs":"default","ocean_breadcrumbs_color":"","ocean_breadcrumbs_separator_color":"","ocean_breadcrumbs_links_color":"","ocean_breadcrumbs_links_hover_color":"","ocean_display_footer_widgets":"default","ocean_display_footer_bottom":"default","ocean_custom_footer_template":"0","footnotes":""},"class_list":["post-21225","page","type-page","status-publish","hentry","entry"],"_links":{"self":[{"href":"https:\/\/litteraturbanken.se\/skolan\/wp-json\/wp\/v2\/pages\/21225","targetHints":{"allow":["GET"]}}],"collection":[{"href":"https:\/\/litteraturbanken.se\/skolan\/wp-json\/wp\/v2\/pages"}],"about":[{"href":"https:\/\/litteraturbanken.se\/skolan\/wp-json\/wp\/v2\/types\/page"}],"author":[{"embeddable":true,"href":"https:\/\/litteraturbanken.se\/skolan\/wp-json\/wp\/v2\/users\/8"}],"replies":[{"embeddable":true,"href":"https:\/\/litteraturbanken.se\/skolan\/wp-json\/wp\/v2\/comments?post=21225"}],"version-history":[{"count":9,"href":"https:\/\/litteraturbanken.se\/skolan\/wp-json\/wp\/v2\/pages\/21225\/revisions"}],"predecessor-version":[{"id":21262,"href":"https:\/\/litteraturbanken.se\/skolan\/wp-json\/wp\/v2\/pages\/21225\/revisions\/21262"}],"wp:attachment":[{"href":"https:\/\/litteraturbanken.se\/skolan\/wp-json\/wp\/v2\/media?parent=21225"}],"curies":[{"name":"wp","href":"https:\/\/api.w.org\/{rel}","templated":true}]}}