{"id":21248,"date":"2020-06-01T14:40:30","date_gmt":"2020-06-01T12:40:30","guid":{"rendered":"https:\/\/litteraturbanken.se\/skolan\/?page_id=21248"},"modified":"2020-06-02T10:17:52","modified_gmt":"2020-06-02T08:17:52","slug":"prosa-forfattare-helena-nyblom","status":"publish","type":"page","link":"https:\/\/litteraturbanken.se\/skolan\/prosa-forfattare-helena-nyblom\/","title":{"rendered":"Prosa\/F\u00f6rfattare\/Helena Nyblom"},"content":{"rendered":"\t\t<div data-elementor-type=\"wp-page\" data-elementor-id=\"21248\" class=\"elementor elementor-21248\">\n\t\t\t\t\t\t<section class=\"elementor-section elementor-top-section elementor-element elementor-element-1ca90b1 elementor-section-boxed elementor-section-height-default elementor-section-height-default\" data-id=\"1ca90b1\" data-element_type=\"section\" data-e-type=\"section\" data-settings=\"{&quot;background_background&quot;:&quot;classic&quot;}\">\n\t\t\t\t\t\t<div class=\"elementor-container elementor-column-gap-default\">\n\t\t\t\t\t<div class=\"elementor-column elementor-col-25 elementor-top-column elementor-element elementor-element-ac62c50\" data-id=\"ac62c50\" data-element_type=\"column\" data-e-type=\"column\" data-settings=\"{&quot;background_background&quot;:&quot;classic&quot;}\">\n\t\t\t<div class=\"elementor-widget-wrap\">\n\t\t\t\t\t\t\t<\/div>\n\t\t<\/div>\n\t\t\t\t<div class=\"elementor-column elementor-col-25 elementor-top-column elementor-element elementor-element-fe16178\" data-id=\"fe16178\" data-element_type=\"column\" data-e-type=\"column\" data-settings=\"{&quot;background_background&quot;:&quot;classic&quot;}\">\n\t\t\t<div class=\"elementor-widget-wrap elementor-element-populated\">\n\t\t\t\t\t\t<div class=\"elementor-element elementor-element-d86aba4 elementor-widget elementor-widget-spacer\" data-id=\"d86aba4\" data-element_type=\"widget\" data-e-type=\"widget\" data-widget_type=\"spacer.default\">\n\t\t\t\t<div class=\"elementor-widget-container\">\n\t\t\t\t\t\t\t<div class=\"elementor-spacer\">\n\t\t\t<div class=\"elementor-spacer-inner\"><\/div>\n\t\t<\/div>\n\t\t\t\t\t\t<\/div>\n\t\t\t\t<\/div>\n\t\t\t\t<div class=\"elementor-element elementor-element-1834efc elementor-widget elementor-widget-text-editor\" data-id=\"1834efc\" data-element_type=\"widget\" data-e-type=\"widget\" data-widget_type=\"text-editor.default\">\n\t\t\t\t<div class=\"elementor-widget-container\">\n\t\t\t\t\t\t\t\t\t<h1 class=\"elementor-heading-title elementor-size-default\">Helena Nyblom<\/h1>\t\t\t\t\t\t\t\t<\/div>\n\t\t\t\t<\/div>\n\t\t\t\t<div class=\"elementor-element elementor-element-a3aad71 elementor-widget elementor-widget-text-editor\" data-id=\"a3aad71\" data-element_type=\"widget\" data-e-type=\"widget\" data-widget_type=\"text-editor.default\">\n\t\t\t\t<div class=\"elementor-widget-container\">\n\t\t\t\t\t\t\t\t\t<div class=\"ng-binding\"><div class=\"ng-binding\"><p>HELENA NYBLOM (1843\u20131926) f\u00f6ddes i Danmark men flyttade till Sverige 1864 efter gifterm\u00e5l med Carl Rupert Nyblom. Hennes f\u00f6rfattarskap omfattar m\u00e5ngtaliga noveller, f\u00f6rst pulicerade i <i>Ny illustrerad tidning<\/i>, samt flera diktsamlingar. I lyriken kom hennes stora musikaliska beg\u00e5vning till uttryck i ett sorgf\u00e4lligt arbete med rytm och melodi. Hennes dikter kom ocks\u00e5 att inspirera flera samtida tons\u00e4ttare, bland dem Wilhelm Peterson-Berger och Emil Sj\u00f6gren. Hon skrev \u00e4ven romaner, ungdomsb\u00f6cker och dramer av vilka det mest k\u00e4nda torde vara <i>Det ringer!<\/i> (1910); en, som hon sj\u00e4lv sade, drift med det meningsl\u00f6sa telefonsamh\u00e4llet.<\/p><p>Nyblom var d\u00e4rtill verksam som kulturskribent och kritiker i <i>Ord och Bild<\/i>, <i>Idun<\/i>, med flera tidskrifter. Sina st\u00f6rsta framg\u00e5ngar n\u00e5dde hon som f\u00f6rfattare av konstsagor. D\u00e4r kom hennes, av det impressionistiska m\u00e5leriet inspirerade, f\u00f6rfattarskap att fullt nyttja en rik palett av naturk\u00e4nsla, fantasi och frihetsl\u00e4ngtan. Bland hennes sagosamlingar kan n\u00e4mnas <i>Det var en g\u00e5ng<\/i> (1897\u201398), <i>En sagokrans<\/i> (1903) och <i>Ja och nej\u00a0<\/i>(1908), vilka alla n\u00e5dde stora l\u00e4sekretsar, s\u00e5v\u00e4l inom som utom Sverige<\/p><\/div><div class=\"introauthor\" style=\"text-align: right;\"><em class=\"ng-binding\">Lotta Lotass<\/em><\/div><div class=\"source ng-scope\"><p><span class=\"source_header sc ng-scope\">k\u00e4lla <\/span><\/p><ul><li class=\"ng-scope\"><div class=\"source_content ng-binding\"><i>Svenskt biografiskt lexikon<\/i><\/div><\/li><\/ul><\/div><div class=\"pseudonym\" aria-hidden=\"false\"><span class=\"sc\">pseudonym <span class=\"ng-scope\"><em class=\"ng-binding\">H. A.<\/em><\/span><\/span><\/div><div class=\"other_name\" aria-hidden=\"false\"><span class=\"sc\">andra namn<\/span> <span class=\"ng-scope\"><em class=\"ng-binding\">Helena Roed<\/em><\/span><\/div><\/div><div aria-hidden=\"false\">\u00a0<\/div><div aria-hidden=\"false\">\u00a0<\/div><div aria-hidden=\"false\">\u00a0<\/div><div aria-hidden=\"false\">\u00a0<\/div>\t\t\t\t\t\t\t\t<\/div>\n\t\t\t\t<\/div>\n\t\t\t\t\t<\/div>\n\t\t<\/div>\n\t\t\t\t<div class=\"elementor-column elementor-col-25 elementor-top-column elementor-element elementor-element-515f701\" data-id=\"515f701\" data-element_type=\"column\" data-e-type=\"column\">\n\t\t\t<div class=\"elementor-widget-wrap elementor-element-populated\">\n\t\t\t\t\t\t<div class=\"elementor-element elementor-element-81464cb elementor-widget elementor-widget-spacer\" data-id=\"81464cb\" data-element_type=\"widget\" data-e-type=\"widget\" data-widget_type=\"spacer.default\">\n\t\t\t\t<div class=\"elementor-widget-container\">\n\t\t\t\t\t\t\t<div class=\"elementor-spacer\">\n\t\t\t<div class=\"elementor-spacer-inner\"><\/div>\n\t\t<\/div>\n\t\t\t\t\t\t<\/div>\n\t\t\t\t<\/div>\n\t\t\t\t<div class=\"elementor-element elementor-element-39cd0cb elementor-widget elementor-widget-image\" data-id=\"39cd0cb\" data-element_type=\"widget\" data-e-type=\"widget\" data-widget_type=\"image.default\">\n\t\t\t\t<div class=\"elementor-widget-container\">\n\t\t\t\t\t\t\t\t\t\t\t\t\t\t\t<img fetchpriority=\"high\" decoding=\"async\" width=\"800\" height=\"1295\" src=\"https:\/\/litteraturbanken.se\/skolan\/wp-content\/uploads\/2020\/06\/800px-Swedish_author_Helena_Nyblom_1843-1926.jpg\" class=\"attachment-full size-full wp-image-21252\" alt=\"\" srcset=\"https:\/\/litteraturbanken.se\/skolan\/wp-content\/uploads\/2020\/06\/800px-Swedish_author_Helena_Nyblom_1843-1926.jpg 800w, https:\/\/litteraturbanken.se\/skolan\/wp-content\/uploads\/2020\/06\/800px-Swedish_author_Helena_Nyblom_1843-1926-185x300.jpg 185w, https:\/\/litteraturbanken.se\/skolan\/wp-content\/uploads\/2020\/06\/800px-Swedish_author_Helena_Nyblom_1843-1926-633x1024.jpg 633w, https:\/\/litteraturbanken.se\/skolan\/wp-content\/uploads\/2020\/06\/800px-Swedish_author_Helena_Nyblom_1843-1926-768x1243.jpg 768w\" sizes=\"(max-width: 800px) 100vw, 800px\" \/>\t\t\t\t\t\t\t\t\t\t\t\t\t\t\t<\/div>\n\t\t\t\t<\/div>\n\t\t\t\t<div class=\"elementor-element elementor-element-1312751 elementor-widget elementor-widget-spacer\" data-id=\"1312751\" data-element_type=\"widget\" data-e-type=\"widget\" data-widget_type=\"spacer.default\">\n\t\t\t\t<div class=\"elementor-widget-container\">\n\t\t\t\t\t\t\t<div class=\"elementor-spacer\">\n\t\t\t<div class=\"elementor-spacer-inner\"><\/div>\n\t\t<\/div>\n\t\t\t\t\t\t<\/div>\n\t\t\t\t<\/div>\n\t\t\t\t\t<\/div>\n\t\t<\/div>\n\t\t\t\t<div class=\"elementor-column elementor-col-25 elementor-top-column elementor-element elementor-element-c1b4c38\" data-id=\"c1b4c38\" data-element_type=\"column\" data-e-type=\"column\">\n\t\t\t<div class=\"elementor-widget-wrap\">\n\t\t\t\t\t\t\t<\/div>\n\t\t<\/div>\n\t\t\t\t\t<\/div>\n\t\t<\/section>\n\t\t\t\t<section class=\"elementor-section elementor-top-section elementor-element elementor-element-2dd84ae elementor-section-boxed elementor-section-height-default elementor-section-height-default\" data-id=\"2dd84ae\" data-element_type=\"section\" data-e-type=\"section\" data-settings=\"{&quot;background_background&quot;:&quot;classic&quot;}\">\n\t\t\t\t\t\t<div class=\"elementor-container elementor-column-gap-default\">\n\t\t\t\t\t<div class=\"elementor-column elementor-col-100 elementor-top-column elementor-element elementor-element-3c2b764\" data-id=\"3c2b764\" data-element_type=\"column\" data-e-type=\"column\">\n\t\t\t<div class=\"elementor-widget-wrap elementor-element-populated\">\n\t\t\t\t\t\t<div class=\"elementor-element elementor-element-7aa0348 elementor-widget elementor-widget-heading\" data-id=\"7aa0348\" data-element_type=\"widget\" data-e-type=\"widget\" data-widget_type=\"heading.default\">\n\t\t\t\t<div class=\"elementor-widget-container\">\n\t\t\t\t\t<h3 class=\"elementor-heading-title elementor-size-default\"><div><span data-elementor-setting-key=\"title\" data-pen-placeholder=\"Skriv h\u00e4r...\" style=\"font-style: normal\"><span data-elementor-setting-key=\"title\" data-pen-placeholder=\"Skriv h\u00e4r...\" style=\"font-size: 56px;font-style: normal;font-weight: bold\"><br><\/span><\/span><\/div><span data-elementor-setting-key=\"title\" data-pen-placeholder=\"Skriv h\u00e4r...\" style=\"font-style: normal\"><span data-elementor-setting-key=\"title\" data-pen-placeholder=\"Skriv h\u00e4r...\" style=\"font-size: 56px;font-style: normal;font-weight: bold\">Noveller<\/span><\/span><\/h3>\t\t\t\t<\/div>\n\t\t\t\t<\/div>\n\t\t\t\t<div class=\"elementor-element elementor-element-65cbf1c elementor-widget elementor-widget-spacer\" data-id=\"65cbf1c\" data-element_type=\"widget\" data-e-type=\"widget\" data-widget_type=\"spacer.default\">\n\t\t\t\t<div class=\"elementor-widget-container\">\n\t\t\t\t\t\t\t<div class=\"elementor-spacer\">\n\t\t\t<div class=\"elementor-spacer-inner\"><\/div>\n\t\t<\/div>\n\t\t\t\t\t\t<\/div>\n\t\t\t\t<\/div>\n\t\t\t\t<section class=\"elementor-section elementor-inner-section elementor-element elementor-element-1ba6f0c elementor-section-boxed elementor-section-height-default elementor-section-height-default\" data-id=\"1ba6f0c\" data-element_type=\"section\" data-e-type=\"section\">\n\t\t\t\t\t\t<div class=\"elementor-container elementor-column-gap-default\">\n\t\t\t\t\t<div class=\"elementor-column elementor-col-25 elementor-inner-column elementor-element elementor-element-5a08e0c\" data-id=\"5a08e0c\" data-element_type=\"column\" data-e-type=\"column\" data-settings=\"{&quot;background_background&quot;:&quot;classic&quot;}\">\n\t\t\t<div class=\"elementor-widget-wrap elementor-element-populated\">\n\t\t\t\t\t\t<div class=\"elementor-element elementor-element-4f464a1 elementor-widget elementor-widget-image\" data-id=\"4f464a1\" data-element_type=\"widget\" data-e-type=\"widget\" data-widget_type=\"image.default\">\n\t\t\t\t<div class=\"elementor-widget-container\">\n\t\t\t\t\t\t\t\t\t\t\t\t\t\t\t\t<a href=\"https:\/\/litteraturbanken.se\/skolan\/noveller-skonheten-och-odjuret\/\">\n\t\t\t\t\t\t\t<img decoding=\"async\" width=\"1024\" height=\"1024\" src=\"https:\/\/litteraturbanken.se\/skolan\/wp-content\/uploads\/2019\/09\/Sk\u00f6nheten-och-odjuret-300x300-1.jpg\" class=\"attachment-full size-full wp-image-19153\" alt=\"\" srcset=\"https:\/\/litteraturbanken.se\/skolan\/wp-content\/uploads\/2019\/09\/Sk\u00f6nheten-och-odjuret-300x300-1.jpg 1024w, https:\/\/litteraturbanken.se\/skolan\/wp-content\/uploads\/2019\/09\/Sk\u00f6nheten-och-odjuret-300x300-1-150x150.jpg 150w, https:\/\/litteraturbanken.se\/skolan\/wp-content\/uploads\/2019\/09\/Sk\u00f6nheten-och-odjuret-300x300-1-300x300.jpg 300w, https:\/\/litteraturbanken.se\/skolan\/wp-content\/uploads\/2019\/09\/Sk\u00f6nheten-och-odjuret-300x300-1-768x768.jpg 768w\" sizes=\"(max-width: 1024px) 100vw, 1024px\" \/>\t\t\t\t\t\t\t\t<\/a>\n\t\t\t\t\t\t\t\t\t\t\t\t\t\t\t<\/div>\n\t\t\t\t<\/div>\n\t\t\t\t<div class=\"elementor-element elementor-element-5355f9d elementor-widget elementor-widget-heading\" data-id=\"5355f9d\" data-element_type=\"widget\" data-e-type=\"widget\" data-widget_type=\"heading.default\">\n\t\t\t\t<div class=\"elementor-widget-container\">\n\t\t\t\t\t<h2 class=\"elementor-heading-title elementor-size-default\"><a href=\"https:\/\/litteraturbanken.se\/skolan\/noveller-skonheten-och-odjuret\/\">Sk\u00f6nheten och odjuret<\/a><\/h2>\t\t\t\t<\/div>\n\t\t\t\t<\/div>\n\t\t\t\t<div class=\"elementor-element elementor-element-0946507 elementor-widget elementor-widget-text-editor\" data-id=\"0946507\" data-element_type=\"widget\" data-e-type=\"widget\" data-widget_type=\"text-editor.default\">\n\t\t\t\t<div class=\"elementor-widget-container\">\n\t\t\t\t\t\t\t\t\t<p><strong>F\u00f6rfattare:<\/strong>\u00a0Helena Nyblom<\/p><p><strong>\u00c5rskurs: <\/strong><a href=\"https:\/\/litteraturbanken.se\/skolan\/arskurs-7-9\/\">7\u20139<\/a>,\u00a0<a href=\"https:\/\/litteraturbanken.se\/skolan\/arskurs-gymnasium\/\">Gymnasium<\/a><\/p><p><strong>Ing\u00e5r i<\/strong> <a href=\"https:\/\/litteraturbanken.se\/forfattare\/AlfredsonC\/titlar\/InMySolitude\/sida\/1\/etext\" target=\"_blank\" rel=\"noopener\"><em>In my solitude<\/em><\/a><\/p>\t\t\t\t\t\t\t\t<\/div>\n\t\t\t\t<\/div>\n\t\t\t\t\t<\/div>\n\t\t<\/div>\n\t\t\t\t<div class=\"elementor-column elementor-col-25 elementor-inner-column elementor-element elementor-element-1e59b3f\" data-id=\"1e59b3f\" data-element_type=\"column\" data-e-type=\"column\">\n\t\t\t<div class=\"elementor-widget-wrap\">\n\t\t\t\t\t\t\t<\/div>\n\t\t<\/div>\n\t\t\t\t<div class=\"elementor-column elementor-col-25 elementor-inner-column elementor-element elementor-element-d005ebe\" data-id=\"d005ebe\" data-element_type=\"column\" data-e-type=\"column\">\n\t\t\t<div class=\"elementor-widget-wrap\">\n\t\t\t\t\t\t\t<\/div>\n\t\t<\/div>\n\t\t\t\t<div class=\"elementor-column elementor-col-25 elementor-inner-column elementor-element elementor-element-c5a387e\" data-id=\"c5a387e\" data-element_type=\"column\" data-e-type=\"column\">\n\t\t\t<div class=\"elementor-widget-wrap\">\n\t\t\t\t\t\t\t<\/div>\n\t\t<\/div>\n\t\t\t\t\t<\/div>\n\t\t<\/section>\n\t\t\t\t<div class=\"elementor-element elementor-element-d835494 elementor-widget elementor-widget-spacer\" data-id=\"d835494\" data-element_type=\"widget\" data-e-type=\"widget\" data-widget_type=\"spacer.default\">\n\t\t\t\t<div class=\"elementor-widget-container\">\n\t\t\t\t\t\t\t<div class=\"elementor-spacer\">\n\t\t\t<div class=\"elementor-spacer-inner\"><\/div>\n\t\t<\/div>\n\t\t\t\t\t\t<\/div>\n\t\t\t\t<\/div>\n\t\t\t\t<div class=\"elementor-element elementor-element-e398488 elementor-widget elementor-widget-spacer\" data-id=\"e398488\" data-element_type=\"widget\" data-e-type=\"widget\" data-widget_type=\"spacer.default\">\n\t\t\t\t<div class=\"elementor-widget-container\">\n\t\t\t\t\t\t\t<div class=\"elementor-spacer\">\n\t\t\t<div class=\"elementor-spacer-inner\"><\/div>\n\t\t<\/div>\n\t\t\t\t\t\t<\/div>\n\t\t\t\t<\/div>\n\t\t\t\t\t<\/div>\n\t\t<\/div>\n\t\t\t\t\t<\/div>\n\t\t<\/section>\n\t\t\t\t<\/div>\n\t\t","protected":false},"excerpt":{"rendered":"<p>Helena Nyblom HELENA NYBLOM (1843\u20131926) f\u00f6ddes i Danmark men flyttade till Sverige 1864 efter gifterm\u00e5l med Carl Rupert Nyblom. Hennes f\u00f6rfattarskap omfattar m\u00e5ngtaliga noveller, f\u00f6rst pulicerade i Ny illustrerad tidning, samt flera diktsamlingar. I lyriken kom hennes stora musikaliska beg\u00e5vning till uttryck i ett sorgf\u00e4lligt arbete med rytm och melodi. Hennes dikter kom ocks\u00e5 att [&hellip;]<\/p>\n","protected":false},"author":8,"featured_media":0,"parent":0,"menu_order":0,"comment_status":"closed","ping_status":"closed","template":"","meta":{"ocean_post_layout":"full-screen","ocean_both_sidebars_style":"","ocean_both_sidebars_content_width":0,"ocean_both_sidebars_sidebars_width":0,"ocean_sidebar":"0","ocean_second_sidebar":"0","ocean_disable_margins":"enable","ocean_add_body_class":"","ocean_shortcode_before_top_bar":"","ocean_shortcode_after_top_bar":"","ocean_shortcode_before_header":"","ocean_shortcode_after_header":"","ocean_has_shortcode":"","ocean_shortcode_after_title":"","ocean_shortcode_before_footer_widgets":"","ocean_shortcode_after_footer_widgets":"","ocean_shortcode_before_footer_bottom":"","ocean_shortcode_after_footer_bottom":"","ocean_display_top_bar":"default","ocean_display_header":"default","ocean_header_style":"","ocean_center_header_left_menu":"0","ocean_custom_header_template":"0","ocean_custom_logo":0,"ocean_custom_retina_logo":0,"ocean_custom_logo_max_width":0,"ocean_custom_logo_tablet_max_width":0,"ocean_custom_logo_mobile_max_width":0,"ocean_custom_logo_max_height":0,"ocean_custom_logo_tablet_max_height":0,"ocean_custom_logo_mobile_max_height":0,"ocean_header_custom_menu":"0","ocean_menu_typo_font_family":"0","ocean_menu_typo_font_subset":"","ocean_menu_typo_font_size":0,"ocean_menu_typo_font_size_tablet":0,"ocean_menu_typo_font_size_mobile":0,"ocean_menu_typo_font_size_unit":"px","ocean_menu_typo_font_weight":"","ocean_menu_typo_font_weight_tablet":"","ocean_menu_typo_font_weight_mobile":"","ocean_menu_typo_transform":"","ocean_menu_typo_transform_tablet":"","ocean_menu_typo_transform_mobile":"","ocean_menu_typo_line_height":0,"ocean_menu_typo_line_height_tablet":0,"ocean_menu_typo_line_height_mobile":0,"ocean_menu_typo_line_height_unit":"","ocean_menu_typo_spacing":0,"ocean_menu_typo_spacing_tablet":0,"ocean_menu_typo_spacing_mobile":0,"ocean_menu_typo_spacing_unit":"","ocean_menu_link_color":"","ocean_menu_link_color_hover":"","ocean_menu_link_color_active":"","ocean_menu_link_background":"","ocean_menu_link_hover_background":"","ocean_menu_link_active_background":"","ocean_menu_social_links_bg":"","ocean_menu_social_hover_links_bg":"","ocean_menu_social_links_color":"","ocean_menu_social_hover_links_color":"","ocean_disable_title":"on","ocean_disable_heading":"default","ocean_post_title":"","ocean_post_subheading":"","ocean_post_title_style":"","ocean_post_title_background_color":"","ocean_post_title_background":0,"ocean_post_title_bg_image_position":"","ocean_post_title_bg_image_attachment":"","ocean_post_title_bg_image_repeat":"","ocean_post_title_bg_image_size":"","ocean_post_title_height":0,"ocean_post_title_bg_overlay":0.5,"ocean_post_title_bg_overlay_color":"","ocean_disable_breadcrumbs":"default","ocean_breadcrumbs_color":"","ocean_breadcrumbs_separator_color":"","ocean_breadcrumbs_links_color":"","ocean_breadcrumbs_links_hover_color":"","ocean_display_footer_widgets":"default","ocean_display_footer_bottom":"default","ocean_custom_footer_template":"0","footnotes":""},"class_list":["post-21248","page","type-page","status-publish","hentry","entry"],"_links":{"self":[{"href":"https:\/\/litteraturbanken.se\/skolan\/wp-json\/wp\/v2\/pages\/21248","targetHints":{"allow":["GET"]}}],"collection":[{"href":"https:\/\/litteraturbanken.se\/skolan\/wp-json\/wp\/v2\/pages"}],"about":[{"href":"https:\/\/litteraturbanken.se\/skolan\/wp-json\/wp\/v2\/types\/page"}],"author":[{"embeddable":true,"href":"https:\/\/litteraturbanken.se\/skolan\/wp-json\/wp\/v2\/users\/8"}],"replies":[{"embeddable":true,"href":"https:\/\/litteraturbanken.se\/skolan\/wp-json\/wp\/v2\/comments?post=21248"}],"version-history":[{"count":5,"href":"https:\/\/litteraturbanken.se\/skolan\/wp-json\/wp\/v2\/pages\/21248\/revisions"}],"predecessor-version":[{"id":21263,"href":"https:\/\/litteraturbanken.se\/skolan\/wp-json\/wp\/v2\/pages\/21248\/revisions\/21263"}],"wp:attachment":[{"href":"https:\/\/litteraturbanken.se\/skolan\/wp-json\/wp\/v2\/media?parent=21248"}],"curies":[{"name":"wp","href":"https:\/\/api.w.org\/{rel}","templated":true}]}}