{"id":21254,"date":"2020-06-01T14:51:57","date_gmt":"2020-06-01T12:51:57","guid":{"rendered":"https:\/\/litteraturbanken.se\/skolan\/?page_id=21254"},"modified":"2020-06-02T10:18:05","modified_gmt":"2020-06-02T08:18:05","slug":"prosa-forfattare-maria-sandel","status":"publish","type":"page","link":"https:\/\/litteraturbanken.se\/skolan\/prosa-forfattare-maria-sandel\/","title":{"rendered":"Prosa\/F\u00f6rfattare\/Maria Sandel"},"content":{"rendered":"\t\t<div data-elementor-type=\"wp-page\" data-elementor-id=\"21254\" class=\"elementor elementor-21254\">\n\t\t\t\t\t\t<section class=\"elementor-section elementor-top-section elementor-element elementor-element-0c51f4b elementor-section-boxed elementor-section-height-default elementor-section-height-default\" data-id=\"0c51f4b\" data-element_type=\"section\" data-e-type=\"section\" data-settings=\"{&quot;background_background&quot;:&quot;classic&quot;}\">\n\t\t\t\t\t\t<div class=\"elementor-container elementor-column-gap-default\">\n\t\t\t\t\t<div class=\"elementor-column elementor-col-25 elementor-top-column elementor-element elementor-element-0f22f26\" data-id=\"0f22f26\" data-element_type=\"column\" data-e-type=\"column\" data-settings=\"{&quot;background_background&quot;:&quot;classic&quot;}\">\n\t\t\t<div class=\"elementor-widget-wrap\">\n\t\t\t\t\t\t\t<\/div>\n\t\t<\/div>\n\t\t\t\t<div class=\"elementor-column elementor-col-25 elementor-top-column elementor-element elementor-element-3782021\" data-id=\"3782021\" data-element_type=\"column\" data-e-type=\"column\" data-settings=\"{&quot;background_background&quot;:&quot;classic&quot;}\">\n\t\t\t<div class=\"elementor-widget-wrap elementor-element-populated\">\n\t\t\t\t\t\t<div class=\"elementor-element elementor-element-628d08b elementor-widget elementor-widget-spacer\" data-id=\"628d08b\" data-element_type=\"widget\" data-e-type=\"widget\" data-widget_type=\"spacer.default\">\n\t\t\t\t<div class=\"elementor-widget-container\">\n\t\t\t\t\t\t\t<div class=\"elementor-spacer\">\n\t\t\t<div class=\"elementor-spacer-inner\"><\/div>\n\t\t<\/div>\n\t\t\t\t\t\t<\/div>\n\t\t\t\t<\/div>\n\t\t\t\t<div class=\"elementor-element elementor-element-1a44400 elementor-widget elementor-widget-text-editor\" data-id=\"1a44400\" data-element_type=\"widget\" data-e-type=\"widget\" data-widget_type=\"text-editor.default\">\n\t\t\t\t<div class=\"elementor-widget-container\">\n\t\t\t\t\t\t\t\t\t<h1 class=\"elementor-heading-title elementor-size-default\">Maria Sandel<\/h1>\t\t\t\t\t\t\t\t<\/div>\n\t\t\t\t<\/div>\n\t\t\t\t<div class=\"elementor-element elementor-element-1346258 elementor-widget elementor-widget-text-editor\" data-id=\"1346258\" data-element_type=\"widget\" data-e-type=\"widget\" data-widget_type=\"text-editor.default\">\n\t\t\t\t<div class=\"elementor-widget-container\">\n\t\t\t\t\t\t\t\t\t<div class=\"ng-binding\"><div class=\"ng-binding\"><p>MARIA SANDEL (1870\u20131927) levde hela sitt liv under fattiga omst\u00e4ndigheter. Som ung arbetade hon n\u00e5gra \u00e5r som hembitr\u00e4de i Amerika och debuterade d\u00e5 som skribent med sm\u00e4rre skaldestycken i den svensk-amerikanska tidskriften <i>Nordstjernan<\/i>. Efter att hon \u00e5terv\u00e4nt till Sverige fick hon, liksom sin mor, sin utkomst som trik\u00e5stickerska; ett l\u00e5gavl\u00f6nat arbete som stod fattiga kvinnor till buds. Sandel och hennes mor drev \u00e4ven under en tid en mj\u00f6lkbod p\u00e5 Kungsholmen i Stockholm.<\/p><p>I tjugofem\u00e5rs\u00e5ldern miste hon h\u00f6rseln och drabbades n\u00e5gra \u00e5r d\u00e4refter av en synneds\u00e4ttning vilken endast l\u00e4mnade henne ledsyn. Trots sv\u00e5righeterna i sin livssituation fortsatte Sandel att skriva och att engagera sig socialt och politiskt, framf\u00f6r allt f\u00f6r de ensamst\u00e5ende m\u00f6drarna vilka ofta, till f\u00f6ljd av de l\u00e5ga kvinnol\u00f6nerna, hade att k\u00e4mpa i st\u00f6rsta mis\u00e4r. Sandel sj\u00e4lv bodde, f\u00f6rst tillsammans med sin mor d\u00e4refter ensam i ett rum med kakelugn, i Skogshyddan \u2013 ett omr\u00e5de med n\u00f6dbost\u00e4der f\u00f6r fattiga familjer p\u00e5 Mariebergsgatan \u2013 och visste av egen erfarenhet vad det ville s\u00e4ga att knappt ha mat f\u00f6r dagen.<\/p><p>Hon debuterade i bokform med novellsamlingen <i>Vid sv\u00e4ltgr\u00e4nsen och andra ber\u00e4ttelser<\/i> (1908), d\u00e4r den sociala mis\u00e4ren i arbetarkvarteren skildras med starkt socialt patos. S\u00e5 sker \u00e4ven i hennes f\u00f6rsta roman \u2013 <i>Familjen Vinge. En roman om verkstadsgossar och fabriksflickor<\/i> \u2013 d\u00e4r ett flertal arbetarfamiljer och deras \u00f6den m\u00f6ter l\u00e4saren i kollektivromanens form. Boken utkom 1909 p\u00e5 f\u00f6rlaget Fackf\u00f6reningarnas tryckeriaktiebolag. Sandel l\u00e4mnade \u00e4ven manuset till Bonniers som 1913 \u00e5nyo gav ut romanen, dock f\u00f6rst efter att hon tvingats till omfattande strykningar och \u00e4ndringar. I hennes andra roman \u2013 <a href=\"\/forfattare\/SandelM\/titlar\/Virveln\/sida\/1\/etext\"><i>Virveln<\/i><\/a> (1909), \u00e4ven den en kollektivroman \u2013 \u00e4r storstrejken fond f\u00f6r framst\u00e4llningen.<\/p><p>I sitt senare f\u00f6rfattarskap utvecklade Sandel sin ber\u00e4ttarkonst i mer pessimistisk- naturalistisk riktning och l\u00e4t det enskilda livs\u00f6det oftast st\u00e5 i fokus. Romanen <a href=\"\/forfattare\/SandelM\/titlar\/DropparIFolkhavet\/sida\/3\/etext\"><i>Droppar i folkhavet<\/i><\/a> (1924) \u2013 om en hyresv\u00e4rdinna som tar sig an en ensamst\u00e5ende mor \u2013 har av kritiken setts som hennes fr\u00e4msta.<\/p><p>Genomg\u00e5ende i Sandels f\u00f6rfattarskap \u00e4r individens okr\u00e4nkbarhet och stolthet, och betydelsen av bildning och sj\u00e4lvkontroll f\u00f6r den enskilda m\u00e4nniskans v\u00e4rdighet och sj\u00e4lvaktning. Hon levde som hon l\u00e4rde och skapade sig, trots fattigdom och sjukdom, en obestridlig plats som pionj\u00e4r inom den svenska arbetarlitteraturen.<\/p><\/div><div class=\"introauthor\" style=\"text-align: right;\"><em class=\"ng-binding\">Lotta Lotass<\/em><\/div><div class=\"source ng-scope\"><span class=\"source_header sc ng-scope\">k\u00e4lla <\/span><ul><li class=\"ng-scope\"><div class=\"source_content ng-binding\"><i>Svenskt biografiskt lexikon<\/i><\/div><\/li><\/ul><\/div><\/div>\t\t\t\t\t\t\t\t<\/div>\n\t\t\t\t<\/div>\n\t\t\t\t\t<\/div>\n\t\t<\/div>\n\t\t\t\t<div class=\"elementor-column elementor-col-25 elementor-top-column elementor-element elementor-element-f1e1283\" data-id=\"f1e1283\" data-element_type=\"column\" data-e-type=\"column\">\n\t\t\t<div class=\"elementor-widget-wrap elementor-element-populated\">\n\t\t\t\t\t\t<div class=\"elementor-element elementor-element-9736bcc elementor-widget elementor-widget-spacer\" data-id=\"9736bcc\" data-element_type=\"widget\" data-e-type=\"widget\" data-widget_type=\"spacer.default\">\n\t\t\t\t<div class=\"elementor-widget-container\">\n\t\t\t\t\t\t\t<div class=\"elementor-spacer\">\n\t\t\t<div class=\"elementor-spacer-inner\"><\/div>\n\t\t<\/div>\n\t\t\t\t\t\t<\/div>\n\t\t\t\t<\/div>\n\t\t\t\t<div class=\"elementor-element elementor-element-ea412bd elementor-widget elementor-widget-image\" data-id=\"ea412bd\" data-element_type=\"widget\" data-e-type=\"widget\" data-widget_type=\"image.default\">\n\t\t\t\t<div class=\"elementor-widget-container\">\n\t\t\t\t\t\t\t\t\t\t\t\t\t\t\t<img fetchpriority=\"high\" decoding=\"async\" width=\"403\" height=\"547\" src=\"https:\/\/litteraturbanken.se\/skolan\/wp-content\/uploads\/2020\/06\/SandelM_large.jpeg\" class=\"attachment-full size-full wp-image-21257\" alt=\"\" srcset=\"https:\/\/litteraturbanken.se\/skolan\/wp-content\/uploads\/2020\/06\/SandelM_large.jpeg 403w, https:\/\/litteraturbanken.se\/skolan\/wp-content\/uploads\/2020\/06\/SandelM_large-221x300.jpeg 221w\" sizes=\"(max-width: 403px) 100vw, 403px\" \/>\t\t\t\t\t\t\t\t\t\t\t\t\t\t\t<\/div>\n\t\t\t\t<\/div>\n\t\t\t\t<div class=\"elementor-element elementor-element-b8c7ce4 elementor-widget elementor-widget-spacer\" data-id=\"b8c7ce4\" data-element_type=\"widget\" data-e-type=\"widget\" data-widget_type=\"spacer.default\">\n\t\t\t\t<div class=\"elementor-widget-container\">\n\t\t\t\t\t\t\t<div class=\"elementor-spacer\">\n\t\t\t<div class=\"elementor-spacer-inner\"><\/div>\n\t\t<\/div>\n\t\t\t\t\t\t<\/div>\n\t\t\t\t<\/div>\n\t\t\t\t\t<\/div>\n\t\t<\/div>\n\t\t\t\t<div class=\"elementor-column elementor-col-25 elementor-top-column elementor-element elementor-element-5ce72e5\" data-id=\"5ce72e5\" data-element_type=\"column\" data-e-type=\"column\">\n\t\t\t<div class=\"elementor-widget-wrap\">\n\t\t\t\t\t\t\t<\/div>\n\t\t<\/div>\n\t\t\t\t\t<\/div>\n\t\t<\/section>\n\t\t\t\t<section class=\"elementor-section elementor-top-section elementor-element elementor-element-3d497e5 elementor-section-boxed elementor-section-height-default elementor-section-height-default\" data-id=\"3d497e5\" data-element_type=\"section\" data-e-type=\"section\" data-settings=\"{&quot;background_background&quot;:&quot;classic&quot;}\">\n\t\t\t\t\t\t<div class=\"elementor-container elementor-column-gap-default\">\n\t\t\t\t\t<div class=\"elementor-column elementor-col-100 elementor-top-column elementor-element elementor-element-f9a7051\" data-id=\"f9a7051\" data-element_type=\"column\" data-e-type=\"column\">\n\t\t\t<div class=\"elementor-widget-wrap elementor-element-populated\">\n\t\t\t\t\t\t<div class=\"elementor-element elementor-element-f2765ec elementor-widget elementor-widget-heading\" data-id=\"f2765ec\" data-element_type=\"widget\" data-e-type=\"widget\" data-widget_type=\"heading.default\">\n\t\t\t\t<div class=\"elementor-widget-container\">\n\t\t\t\t\t<h3 class=\"elementor-heading-title elementor-size-default\"><div><span data-elementor-setting-key=\"title\" data-pen-placeholder=\"Skriv h\u00e4r...\" style=\"font-style: normal\"><span data-elementor-setting-key=\"title\" data-pen-placeholder=\"Skriv h\u00e4r...\" style=\"font-size: 56px;font-style: normal;font-weight: bold\"><br><\/span><\/span><\/div><span data-elementor-setting-key=\"title\" data-pen-placeholder=\"Skriv h\u00e4r...\" style=\"font-style: normal\"><span data-elementor-setting-key=\"title\" data-pen-placeholder=\"Skriv h\u00e4r...\" style=\"font-size: 56px;font-style: normal;font-weight: bold\">Noveller<\/span><\/span><\/h3>\t\t\t\t<\/div>\n\t\t\t\t<\/div>\n\t\t\t\t<div class=\"elementor-element elementor-element-a7911d2 elementor-widget elementor-widget-spacer\" data-id=\"a7911d2\" data-element_type=\"widget\" data-e-type=\"widget\" data-widget_type=\"spacer.default\">\n\t\t\t\t<div class=\"elementor-widget-container\">\n\t\t\t\t\t\t\t<div class=\"elementor-spacer\">\n\t\t\t<div class=\"elementor-spacer-inner\"><\/div>\n\t\t<\/div>\n\t\t\t\t\t\t<\/div>\n\t\t\t\t<\/div>\n\t\t\t\t<section class=\"elementor-section elementor-inner-section elementor-element elementor-element-4d05cdd elementor-section-boxed elementor-section-height-default elementor-section-height-default\" data-id=\"4d05cdd\" data-element_type=\"section\" data-e-type=\"section\">\n\t\t\t\t\t\t<div class=\"elementor-container elementor-column-gap-default\">\n\t\t\t\t\t<div class=\"elementor-column elementor-col-25 elementor-inner-column elementor-element elementor-element-4c29c5a\" data-id=\"4c29c5a\" data-element_type=\"column\" data-e-type=\"column\" data-settings=\"{&quot;background_background&quot;:&quot;classic&quot;}\">\n\t\t\t<div class=\"elementor-widget-wrap elementor-element-populated\">\n\t\t\t\t\t\t<div class=\"elementor-element elementor-element-e00f86d elementor-widget elementor-widget-image\" data-id=\"e00f86d\" data-element_type=\"widget\" data-e-type=\"widget\" data-widget_type=\"image.default\">\n\t\t\t\t<div class=\"elementor-widget-container\">\n\t\t\t\t\t\t\t\t\t\t\t\t\t\t\t\t<a href=\"https:\/\/litteraturbanken.se\/skolan\/noveller-enligt-sveriges-rikes-lag\/\">\n\t\t\t\t\t\t\t<img decoding=\"async\" width=\"300\" height=\"300\" src=\"https:\/\/litteraturbanken.se\/skolan\/wp-content\/uploads\/2019\/09\/Enligt-Sveriges-rikes-lag-300x300.jpg\" class=\"attachment-full size-full wp-image-19083\" alt=\"\" srcset=\"https:\/\/litteraturbanken.se\/skolan\/wp-content\/uploads\/2019\/09\/Enligt-Sveriges-rikes-lag-300x300.jpg 300w, https:\/\/litteraturbanken.se\/skolan\/wp-content\/uploads\/2019\/09\/Enligt-Sveriges-rikes-lag-300x300-150x150.jpg 150w\" sizes=\"(max-width: 300px) 100vw, 300px\" \/>\t\t\t\t\t\t\t\t<\/a>\n\t\t\t\t\t\t\t\t\t\t\t\t\t\t\t<\/div>\n\t\t\t\t<\/div>\n\t\t\t\t<div class=\"elementor-element elementor-element-a985116 elementor-widget elementor-widget-heading\" data-id=\"a985116\" data-element_type=\"widget\" data-e-type=\"widget\" data-widget_type=\"heading.default\">\n\t\t\t\t<div class=\"elementor-widget-container\">\n\t\t\t\t\t<h2 class=\"elementor-heading-title elementor-size-default\"><a href=\"https:\/\/litteraturbanken.se\/skolan\/noveller-enligt-sveriges-rikes-lag\/\">Enligt Sveriges rikes lag<\/a><\/h2>\t\t\t\t<\/div>\n\t\t\t\t<\/div>\n\t\t\t\t<div class=\"elementor-element elementor-element-1e3f831 elementor-widget elementor-widget-text-editor\" data-id=\"1e3f831\" data-element_type=\"widget\" data-e-type=\"widget\" data-widget_type=\"text-editor.default\">\n\t\t\t\t<div class=\"elementor-widget-container\">\n\t\t\t\t\t\t\t\t\t<p><strong>F\u00f6rfattare:<\/strong>\u00a0Maria Sandel<\/p><p><strong>\u00c5rskurs:<\/strong>\u00a0<a href=\"https:\/\/litteraturbanken.se\/skolan\/arskurs-gymnasium\/\">Gymnasium<\/a><\/p>\t\t\t\t\t\t\t\t<\/div>\n\t\t\t\t<\/div>\n\t\t\t\t\t<\/div>\n\t\t<\/div>\n\t\t\t\t<div class=\"elementor-column elementor-col-25 elementor-inner-column elementor-element elementor-element-4af933d\" data-id=\"4af933d\" data-element_type=\"column\" data-e-type=\"column\">\n\t\t\t<div class=\"elementor-widget-wrap\">\n\t\t\t\t\t\t\t<\/div>\n\t\t<\/div>\n\t\t\t\t<div class=\"elementor-column elementor-col-25 elementor-inner-column elementor-element elementor-element-81fa3ee\" data-id=\"81fa3ee\" data-element_type=\"column\" data-e-type=\"column\">\n\t\t\t<div class=\"elementor-widget-wrap\">\n\t\t\t\t\t\t\t<\/div>\n\t\t<\/div>\n\t\t\t\t<div class=\"elementor-column elementor-col-25 elementor-inner-column elementor-element elementor-element-d495385\" data-id=\"d495385\" data-element_type=\"column\" data-e-type=\"column\">\n\t\t\t<div class=\"elementor-widget-wrap\">\n\t\t\t\t\t\t\t<\/div>\n\t\t<\/div>\n\t\t\t\t\t<\/div>\n\t\t<\/section>\n\t\t\t\t<div class=\"elementor-element elementor-element-bac8a0e elementor-widget elementor-widget-spacer\" data-id=\"bac8a0e\" data-element_type=\"widget\" data-e-type=\"widget\" data-widget_type=\"spacer.default\">\n\t\t\t\t<div class=\"elementor-widget-container\">\n\t\t\t\t\t\t\t<div class=\"elementor-spacer\">\n\t\t\t<div class=\"elementor-spacer-inner\"><\/div>\n\t\t<\/div>\n\t\t\t\t\t\t<\/div>\n\t\t\t\t<\/div>\n\t\t\t\t<div class=\"elementor-element elementor-element-128ba3a elementor-widget elementor-widget-spacer\" data-id=\"128ba3a\" data-element_type=\"widget\" data-e-type=\"widget\" data-widget_type=\"spacer.default\">\n\t\t\t\t<div class=\"elementor-widget-container\">\n\t\t\t\t\t\t\t<div class=\"elementor-spacer\">\n\t\t\t<div class=\"elementor-spacer-inner\"><\/div>\n\t\t<\/div>\n\t\t\t\t\t\t<\/div>\n\t\t\t\t<\/div>\n\t\t\t\t\t<\/div>\n\t\t<\/div>\n\t\t\t\t\t<\/div>\n\t\t<\/section>\n\t\t\t\t<\/div>\n\t\t","protected":false},"excerpt":{"rendered":"<p>Maria Sandel MARIA SANDEL (1870\u20131927) levde hela sitt liv under fattiga omst\u00e4ndigheter. Som ung arbetade hon n\u00e5gra \u00e5r som hembitr\u00e4de i Amerika och debuterade d\u00e5 som skribent med sm\u00e4rre skaldestycken i den svensk-amerikanska tidskriften Nordstjernan. Efter att hon \u00e5terv\u00e4nt till Sverige fick hon, liksom sin mor, sin utkomst som trik\u00e5stickerska; ett l\u00e5gavl\u00f6nat arbete som stod [&hellip;]<\/p>\n","protected":false},"author":8,"featured_media":0,"parent":0,"menu_order":0,"comment_status":"closed","ping_status":"closed","template":"","meta":{"ocean_post_layout":"full-screen","ocean_both_sidebars_style":"","ocean_both_sidebars_content_width":0,"ocean_both_sidebars_sidebars_width":0,"ocean_sidebar":"0","ocean_second_sidebar":"0","ocean_disable_margins":"enable","ocean_add_body_class":"","ocean_shortcode_before_top_bar":"","ocean_shortcode_after_top_bar":"","ocean_shortcode_before_header":"","ocean_shortcode_after_header":"","ocean_has_shortcode":"","ocean_shortcode_after_title":"","ocean_shortcode_before_footer_widgets":"","ocean_shortcode_after_footer_widgets":"","ocean_shortcode_before_footer_bottom":"","ocean_shortcode_after_footer_bottom":"","ocean_display_top_bar":"default","ocean_display_header":"default","ocean_header_style":"","ocean_center_header_left_menu":"0","ocean_custom_header_template":"0","ocean_custom_logo":0,"ocean_custom_retina_logo":0,"ocean_custom_logo_max_width":0,"ocean_custom_logo_tablet_max_width":0,"ocean_custom_logo_mobile_max_width":0,"ocean_custom_logo_max_height":0,"ocean_custom_logo_tablet_max_height":0,"ocean_custom_logo_mobile_max_height":0,"ocean_header_custom_menu":"0","ocean_menu_typo_font_family":"0","ocean_menu_typo_font_subset":"","ocean_menu_typo_font_size":0,"ocean_menu_typo_font_size_tablet":0,"ocean_menu_typo_font_size_mobile":0,"ocean_menu_typo_font_size_unit":"px","ocean_menu_typo_font_weight":"","ocean_menu_typo_font_weight_tablet":"","ocean_menu_typo_font_weight_mobile":"","ocean_menu_typo_transform":"","ocean_menu_typo_transform_tablet":"","ocean_menu_typo_transform_mobile":"","ocean_menu_typo_line_height":0,"ocean_menu_typo_line_height_tablet":0,"ocean_menu_typo_line_height_mobile":0,"ocean_menu_typo_line_height_unit":"","ocean_menu_typo_spacing":0,"ocean_menu_typo_spacing_tablet":0,"ocean_menu_typo_spacing_mobile":0,"ocean_menu_typo_spacing_unit":"","ocean_menu_link_color":"","ocean_menu_link_color_hover":"","ocean_menu_link_color_active":"","ocean_menu_link_background":"","ocean_menu_link_hover_background":"","ocean_menu_link_active_background":"","ocean_menu_social_links_bg":"","ocean_menu_social_hover_links_bg":"","ocean_menu_social_links_color":"","ocean_menu_social_hover_links_color":"","ocean_disable_title":"on","ocean_disable_heading":"default","ocean_post_title":"","ocean_post_subheading":"","ocean_post_title_style":"","ocean_post_title_background_color":"","ocean_post_title_background":0,"ocean_post_title_bg_image_position":"","ocean_post_title_bg_image_attachment":"","ocean_post_title_bg_image_repeat":"","ocean_post_title_bg_image_size":"","ocean_post_title_height":0,"ocean_post_title_bg_overlay":0.5,"ocean_post_title_bg_overlay_color":"","ocean_disable_breadcrumbs":"default","ocean_breadcrumbs_color":"","ocean_breadcrumbs_separator_color":"","ocean_breadcrumbs_links_color":"","ocean_breadcrumbs_links_hover_color":"","ocean_display_footer_widgets":"default","ocean_display_footer_bottom":"default","ocean_custom_footer_template":"0","footnotes":""},"class_list":["post-21254","page","type-page","status-publish","hentry","entry"],"_links":{"self":[{"href":"https:\/\/litteraturbanken.se\/skolan\/wp-json\/wp\/v2\/pages\/21254","targetHints":{"allow":["GET"]}}],"collection":[{"href":"https:\/\/litteraturbanken.se\/skolan\/wp-json\/wp\/v2\/pages"}],"about":[{"href":"https:\/\/litteraturbanken.se\/skolan\/wp-json\/wp\/v2\/types\/page"}],"author":[{"embeddable":true,"href":"https:\/\/litteraturbanken.se\/skolan\/wp-json\/wp\/v2\/users\/8"}],"replies":[{"embeddable":true,"href":"https:\/\/litteraturbanken.se\/skolan\/wp-json\/wp\/v2\/comments?post=21254"}],"version-history":[{"count":3,"href":"https:\/\/litteraturbanken.se\/skolan\/wp-json\/wp\/v2\/pages\/21254\/revisions"}],"predecessor-version":[{"id":21264,"href":"https:\/\/litteraturbanken.se\/skolan\/wp-json\/wp\/v2\/pages\/21254\/revisions\/21264"}],"wp:attachment":[{"href":"https:\/\/litteraturbanken.se\/skolan\/wp-json\/wp\/v2\/media?parent=21254"}],"curies":[{"name":"wp","href":"https:\/\/api.w.org\/{rel}","templated":true}]}}