{"id":217,"date":"2018-06-21T12:14:12","date_gmt":"2018-06-21T10:14:12","guid":{"rendered":"https:\/\/litteraturbanken.se\/skoladev\/?page_id=217"},"modified":"2020-02-12T16:57:19","modified_gmt":"2020-02-12T15:57:19","slug":"poesi-diktskrivning","status":"publish","type":"page","link":"https:\/\/litteraturbanken.se\/skolan\/poesi-diktskrivning\/","title":{"rendered":"Poesi\/\u00d6vningar&#8230;\/Diktskrivning"},"content":{"rendered":"\t\t<div data-elementor-type=\"wp-post\" data-elementor-id=\"217\" class=\"elementor elementor-217\">\n\t\t\t\t\t\t<section class=\"elementor-section elementor-top-section elementor-element elementor-element-e86a716 elementor-section-boxed elementor-section-height-default elementor-section-height-default\" data-id=\"e86a716\" data-element_type=\"section\" data-e-type=\"section\">\n\t\t\t\t\t\t<div class=\"elementor-container elementor-column-gap-default\">\n\t\t\t\t\t<div class=\"elementor-column elementor-col-100 elementor-top-column elementor-element elementor-element-1958888\" data-id=\"1958888\" data-element_type=\"column\" data-e-type=\"column\">\n\t\t\t<div class=\"elementor-widget-wrap\">\n\t\t\t\t\t\t\t<\/div>\n\t\t<\/div>\n\t\t\t\t\t<\/div>\n\t\t<\/section>\n\t\t\t\t<section class=\"elementor-section elementor-top-section elementor-element elementor-element-6fad572 elementor-section-boxed elementor-section-height-default elementor-section-height-default\" data-id=\"6fad572\" data-element_type=\"section\" data-e-type=\"section\">\n\t\t\t\t\t\t<div class=\"elementor-container elementor-column-gap-default\">\n\t\t\t\t\t<div class=\"elementor-column elementor-col-100 elementor-top-column elementor-element elementor-element-7d7a23a\" data-id=\"7d7a23a\" data-element_type=\"column\" data-e-type=\"column\" data-settings=\"{&quot;background_background&quot;:&quot;classic&quot;}\">\n\t\t\t<div class=\"elementor-widget-wrap elementor-element-populated\">\n\t\t\t\t\t<div class=\"elementor-background-overlay\"><\/div>\n\t\t\t\t\t\t<div class=\"elementor-element elementor-element-c5b7f68 elementor-widget elementor-widget-spacer\" data-id=\"c5b7f68\" data-element_type=\"widget\" data-e-type=\"widget\" data-widget_type=\"spacer.default\">\n\t\t\t\t<div class=\"elementor-widget-container\">\n\t\t\t\t\t\t\t<div class=\"elementor-spacer\">\n\t\t\t<div class=\"elementor-spacer-inner\"><\/div>\n\t\t<\/div>\n\t\t\t\t\t\t<\/div>\n\t\t\t\t<\/div>\n\t\t\t\t<div class=\"elementor-element elementor-element-0d21819 elementor-widget elementor-widget-spacer\" data-id=\"0d21819\" data-element_type=\"widget\" data-e-type=\"widget\" data-widget_type=\"spacer.default\">\n\t\t\t\t<div class=\"elementor-widget-container\">\n\t\t\t\t\t\t\t<div class=\"elementor-spacer\">\n\t\t\t<div class=\"elementor-spacer-inner\"><\/div>\n\t\t<\/div>\n\t\t\t\t\t\t<\/div>\n\t\t\t\t<\/div>\n\t\t\t\t<div class=\"elementor-element elementor-element-21dcc4c elementor-widget elementor-widget-heading\" data-id=\"21dcc4c\" data-element_type=\"widget\" data-e-type=\"widget\" data-widget_type=\"heading.default\">\n\t\t\t\t<div class=\"elementor-widget-container\">\n\t\t\t\t\t<h3 class=\"elementor-heading-title elementor-size-default\">Olika s\u00e4tt att skriva dikter<\/h3>\t\t\t\t<\/div>\n\t\t\t\t<\/div>\n\t\t\t\t<div class=\"elementor-element elementor-element-0053261 elementor-widget elementor-widget-spacer\" data-id=\"0053261\" data-element_type=\"widget\" data-e-type=\"widget\" data-widget_type=\"spacer.default\">\n\t\t\t\t<div class=\"elementor-widget-container\">\n\t\t\t\t\t\t\t<div class=\"elementor-spacer\">\n\t\t\t<div class=\"elementor-spacer-inner\"><\/div>\n\t\t<\/div>\n\t\t\t\t\t\t<\/div>\n\t\t\t\t<\/div>\n\t\t\t\t<section class=\"elementor-section elementor-inner-section elementor-element elementor-element-c6d8943 elementor-section-boxed elementor-section-height-default elementor-section-height-default\" data-id=\"c6d8943\" data-element_type=\"section\" data-e-type=\"section\" data-settings=\"{&quot;background_background&quot;:&quot;classic&quot;}\">\n\t\t\t\t\t\t<div class=\"elementor-container elementor-column-gap-default\">\n\t\t\t\t\t<div class=\"elementor-column elementor-col-100 elementor-inner-column elementor-element elementor-element-5fecc6b\" data-id=\"5fecc6b\" data-element_type=\"column\" data-e-type=\"column\" data-settings=\"{&quot;background_background&quot;:&quot;classic&quot;}\">\n\t\t\t<div class=\"elementor-widget-wrap elementor-element-populated\">\n\t\t\t\t\t\t<div class=\"elementor-element elementor-element-5e37af7 elementor-align-center elementor-widget elementor-widget-button\" data-id=\"5e37af7\" data-element_type=\"widget\" data-e-type=\"widget\" data-widget_type=\"button.default\">\n\t\t\t\t<div class=\"elementor-widget-container\">\n\t\t\t\t\t\t\t\t\t<div class=\"elementor-button-wrapper\">\n\t\t\t\t\t<a class=\"elementor-button elementor-button-link elementor-size-xs elementor-animation-grow\" href=\"#harma\">\n\t\t\t\t\t\t<span class=\"elementor-button-content-wrapper\">\n\t\t\t\t\t\t\t\t\t<span class=\"elementor-button-text\">H\u00e4rma dikter<\/span>\n\t\t\t\t\t<\/span>\n\t\t\t\t\t<\/a>\n\t\t\t\t<\/div>\n\t\t\t\t\t\t\t\t<\/div>\n\t\t\t\t<\/div>\n\t\t\t\t<div class=\"elementor-element elementor-element-95168ce elementor-align-center elementor-widget elementor-widget-button\" data-id=\"95168ce\" data-element_type=\"widget\" data-e-type=\"widget\" data-widget_type=\"button.default\">\n\t\t\t\t<div class=\"elementor-widget-container\">\n\t\t\t\t\t\t\t\t\t<div class=\"elementor-button-wrapper\">\n\t\t\t\t\t<a class=\"elementor-button elementor-button-link elementor-size-xs elementor-animation-grow\" href=\"#utga\">\n\t\t\t\t\t\t<span class=\"elementor-button-content-wrapper\">\n\t\t\t\t\t\t\t\t\t<span class=\"elementor-button-text\">Utg\u00e5 fr\u00e5n prosa<\/span>\n\t\t\t\t\t<\/span>\n\t\t\t\t\t<\/a>\n\t\t\t\t<\/div>\n\t\t\t\t\t\t\t\t<\/div>\n\t\t\t\t<\/div>\n\t\t\t\t\t<\/div>\n\t\t<\/div>\n\t\t\t\t\t<\/div>\n\t\t<\/section>\n\t\t\t\t<div class=\"elementor-element elementor-element-f94e895 elementor-widget elementor-widget-spacer\" data-id=\"f94e895\" data-element_type=\"widget\" data-e-type=\"widget\" data-widget_type=\"spacer.default\">\n\t\t\t\t<div class=\"elementor-widget-container\">\n\t\t\t\t\t\t\t<div class=\"elementor-spacer\">\n\t\t\t<div class=\"elementor-spacer-inner\"><\/div>\n\t\t<\/div>\n\t\t\t\t\t\t<\/div>\n\t\t\t\t<\/div>\n\t\t\t\t<div class=\"elementor-element elementor-element-3ed0a7e0 elementor-widget elementor-widget-menu-anchor\" data-id=\"3ed0a7e0\" data-element_type=\"widget\" data-e-type=\"widget\" data-widget_type=\"menu-anchor.default\">\n\t\t\t\t<div class=\"elementor-widget-container\">\n\t\t\t\t\t\t\t<div class=\"elementor-menu-anchor\" id=\"harma\"><\/div>\n\t\t\t\t\t\t<\/div>\n\t\t\t\t<\/div>\n\t\t\t\t<div class=\"elementor-element elementor-element-57a26f5 elementor-widget elementor-widget-spacer\" data-id=\"57a26f5\" data-element_type=\"widget\" data-e-type=\"widget\" data-widget_type=\"spacer.default\">\n\t\t\t\t<div class=\"elementor-widget-container\">\n\t\t\t\t\t\t\t<div class=\"elementor-spacer\">\n\t\t\t<div class=\"elementor-spacer-inner\"><\/div>\n\t\t<\/div>\n\t\t\t\t\t\t<\/div>\n\t\t\t\t<\/div>\n\t\t\t\t\t<\/div>\n\t\t<\/div>\n\t\t\t\t\t<\/div>\n\t\t<\/section>\n\t\t\t\t<section class=\"elementor-section elementor-top-section elementor-element elementor-element-63dbcee elementor-section-boxed elementor-section-height-default elementor-section-height-default\" data-id=\"63dbcee\" data-element_type=\"section\" data-e-type=\"section\" data-settings=\"{&quot;background_background&quot;:&quot;classic&quot;}\">\n\t\t\t\t\t\t<div class=\"elementor-container elementor-column-gap-default\">\n\t\t\t\t\t<div class=\"elementor-column elementor-col-100 elementor-top-column elementor-element elementor-element-2cbd0f9\" data-id=\"2cbd0f9\" data-element_type=\"column\" data-e-type=\"column\">\n\t\t\t<div class=\"elementor-widget-wrap elementor-element-populated\">\n\t\t\t\t\t\t<div class=\"elementor-element elementor-element-652bcf7 elementor-widget elementor-widget-spacer\" data-id=\"652bcf7\" data-element_type=\"widget\" data-e-type=\"widget\" data-widget_type=\"spacer.default\">\n\t\t\t\t<div class=\"elementor-widget-container\">\n\t\t\t\t\t\t\t<div class=\"elementor-spacer\">\n\t\t\t<div class=\"elementor-spacer-inner\"><\/div>\n\t\t<\/div>\n\t\t\t\t\t\t<\/div>\n\t\t\t\t<\/div>\n\t\t\t\t<div class=\"elementor-element elementor-element-a2ee770 elementor-widget elementor-widget-heading\" data-id=\"a2ee770\" data-element_type=\"widget\" data-e-type=\"widget\" data-widget_type=\"heading.default\">\n\t\t\t\t<div class=\"elementor-widget-container\">\n\t\t\t\t\t<h3 class=\"elementor-heading-title elementor-size-default\">H\u00e4rma dikter<\/h3>\t\t\t\t<\/div>\n\t\t\t\t<\/div>\n\t\t\t\t<section class=\"elementor-section elementor-inner-section elementor-element elementor-element-9d24cef elementor-section-boxed elementor-section-height-default elementor-section-height-default\" data-id=\"9d24cef\" data-element_type=\"section\" data-e-type=\"section\" data-settings=\"{&quot;background_background&quot;:&quot;classic&quot;}\">\n\t\t\t\t\t\t<div class=\"elementor-container elementor-column-gap-default\">\n\t\t\t\t\t<div class=\"elementor-column elementor-col-50 elementor-inner-column elementor-element elementor-element-9bbaebf\" data-id=\"9bbaebf\" data-element_type=\"column\" data-e-type=\"column\">\n\t\t\t<div class=\"elementor-widget-wrap elementor-element-populated\">\n\t\t\t\t\t\t<div class=\"elementor-element elementor-element-e38b1d8 elementor-widget elementor-widget-text-editor\" data-id=\"e38b1d8\" data-element_type=\"widget\" data-e-type=\"widget\" data-widget_type=\"text-editor.default\">\n\t\t\t\t<div class=\"elementor-widget-container\">\n\t\t\t\t\t\t\t\t\t<p><span style=\"font-weight: 400;\">\u00a0<\/span><\/p><p><span style=\"font-weight: 400;\">N\u00e4r undervisningen fungerar som allra b\u00e4st inspirerar diktl\u00e4sning till diktskrivning, vilket i sin tur inspirerar till diktl\u00e4sning. Ja, till och med att skriva av dikter man fastnat f\u00f6r kan inspirera till eget skrivande. L\u00e5t eleverna h\u00e4rma dikter till form och inneh\u00e5ll. I v\u00e5rt urval kan eleverna exempelvis\u00a0l\u00e4sa och h\u00e4rma \u201dDet sn\u00f6ar\u201d av Vilhelm Ekelund, liksom \u201dEtt gr\u00f6nt blad p\u00e5 marken\u201d, \u201dSnigelns visa\u201d eller \u201dRegn\u201d av Gustaf Fr\u00f6ding.<\/span><\/p>\t\t\t\t\t\t\t\t<\/div>\n\t\t\t\t<\/div>\n\t\t\t\t\t<\/div>\n\t\t<\/div>\n\t\t\t\t<div class=\"elementor-column elementor-col-50 elementor-inner-column elementor-element elementor-element-68a74d3\" data-id=\"68a74d3\" data-element_type=\"column\" data-e-type=\"column\">\n\t\t\t<div class=\"elementor-widget-wrap elementor-element-populated\">\n\t\t\t\t\t\t<div class=\"elementor-element elementor-element-c1cc824 elementor-widget elementor-widget-image\" data-id=\"c1cc824\" data-element_type=\"widget\" data-e-type=\"widget\" data-widget_type=\"image.default\">\n\t\t\t\t<div class=\"elementor-widget-container\">\n\t\t\t\t\t\t\t\t\t\t\t\t\t\t\t<img fetchpriority=\"high\" decoding=\"async\" width=\"1024\" height=\"682\" src=\"https:\/\/litteraturbanken.se\/skolan\/wp-content\/uploads\/2020\/02\/lilac-4250869_1280-1024x682.jpg\" class=\"attachment-large size-large wp-image-20045\" alt=\"\" srcset=\"https:\/\/litteraturbanken.se\/skolan\/wp-content\/uploads\/2020\/02\/lilac-4250869_1280-1024x682.jpg 1024w, https:\/\/litteraturbanken.se\/skolan\/wp-content\/uploads\/2020\/02\/lilac-4250869_1280-300x200.jpg 300w, https:\/\/litteraturbanken.se\/skolan\/wp-content\/uploads\/2020\/02\/lilac-4250869_1280-768x512.jpg 768w, https:\/\/litteraturbanken.se\/skolan\/wp-content\/uploads\/2020\/02\/lilac-4250869_1280.jpg 1280w\" sizes=\"(max-width: 1024px) 100vw, 1024px\" \/>\t\t\t\t\t\t\t\t\t\t\t\t\t\t\t<\/div>\n\t\t\t\t<\/div>\n\t\t\t\t\t<\/div>\n\t\t<\/div>\n\t\t\t\t\t<\/div>\n\t\t<\/section>\n\t\t\t\t<section class=\"elementor-section elementor-inner-section elementor-element elementor-element-bc1303b elementor-section-boxed elementor-section-height-default elementor-section-height-default\" data-id=\"bc1303b\" data-element_type=\"section\" data-e-type=\"section\" data-settings=\"{&quot;background_background&quot;:&quot;classic&quot;}\">\n\t\t\t\t\t\t<div class=\"elementor-container elementor-column-gap-default\">\n\t\t\t\t\t<div class=\"elementor-column elementor-col-100 elementor-inner-column elementor-element elementor-element-698c28e\" data-id=\"698c28e\" data-element_type=\"column\" data-e-type=\"column\">\n\t\t\t<div class=\"elementor-widget-wrap elementor-element-populated\">\n\t\t\t\t\t\t<div class=\"elementor-element elementor-element-96ec80e elementor-widget elementor-widget-text-editor\" data-id=\"96ec80e\" data-element_type=\"widget\" data-e-type=\"widget\" data-widget_type=\"text-editor.default\">\n\t\t\t\t<div class=\"elementor-widget-container\">\n\t\t\t\t\t\t\t\t\t<h2>Exempel<\/h2><div>Den amerikanske f\u00f6rfattaren Kenneth Koch, som arbetat med elever i \u00e5k 3-6, valde dikter som kunde tilltala barnen genom sin form, s\u00e5 att de blev inspirerade att skriva dikter sj\u00e4lva. Han har beskrivit hur han exempelvis l\u00e4ste den engelska 1700-talspoeten William Blakes \u201dThe Tyger\u201d f\u00f6r elever och samtalade om hur f\u00f6rfattaren fr\u00e5gar tigern hur den har skapats. Eleverna fick sedan i uppgift att sj\u00e4lva v\u00e4lja en vacker och mystisk varelse, som de skulle st\u00e4lla fr\u00e5gor till, f\u00f6r att sedan skriva en dikt liknande Blakes. Tanken var inte att direkt h\u00e4rma f\u00f6rlagan utan att \u00e5terskapa de k\u00e4nslor och st\u00e4mningar som finns i den. I v\u00e5rt urval kan eleverna exempelvis l\u00e4sa\u00a0<\/div><div>\u00a0<\/div><div>Dikten &#8221;The Tyger&#8221; i original av William Blake:<\/div><div>\u00a0<\/div><div>Tyger Tyger, burning bright,\u00a0<\/div><div>In the forests of the night;\u00a0<\/div><div>What immortal hand or eye,\u00a0<\/div><div>Could frame thy fearful symmetry?\u00a0<\/div><div>\u00a0<\/div><div>In what distant deeps or skies.\u00a0<\/div><div>Burnt the fire of thine eyes?\u00a0<\/div><div>On what wings dare he aspire?\u00a0<\/div><div>What the hand, dare seize the fire?\u00a0<\/div><div>\u00a0<\/div><div>And what shoulder, &amp; what art,\u00a0<\/div><div>Could twist the sinews of thy heart?\u00a0<\/div><div>And when thy heart began to beat,\u00a0<\/div><div>What dread hand? &amp; what dread feet?\u00a0<\/div><div>\u00a0<\/div><div>What the hammer? what the chain,\u00a0<\/div><div>In what furnace was thy brain?\u00a0<\/div><div>What the anvil? what dread grasp,\u00a0<\/div><div>Dare its deadly terrors clasp!\u00a0<\/div><div>\u00a0<\/div><div>When the stars threw down their spears\u00a0<\/div><div>And water&#8217;d heaven with their tears:\u00a0<\/div><div>Did he smile his work to see?\u00a0<\/div><div>Did he who made the Lamb make thee?\u00a0<\/div><div>\u00a0<\/div><div>Tyger Tyger burning bright,\u00a0<\/div><div>In the forests of the night:\u00a0<\/div><div>What immortal hand or eye,\u00a0<\/div><div>Dare frame thy fearful symmetry?<\/div>\t\t\t\t\t\t\t\t<\/div>\n\t\t\t\t<\/div>\n\t\t\t\t<div class=\"elementor-element elementor-element-0eff2a2 elementor-widget elementor-widget-menu-anchor\" data-id=\"0eff2a2\" data-element_type=\"widget\" data-e-type=\"widget\" data-widget_type=\"menu-anchor.default\">\n\t\t\t\t<div class=\"elementor-widget-container\">\n\t\t\t\t\t\t\t<div class=\"elementor-menu-anchor\" id=\"utga\"><\/div>\n\t\t\t\t\t\t<\/div>\n\t\t\t\t<\/div>\n\t\t\t\t\t<\/div>\n\t\t<\/div>\n\t\t\t\t\t<\/div>\n\t\t<\/section>\n\t\t\t\t\t<\/div>\n\t\t<\/div>\n\t\t\t\t\t<\/div>\n\t\t<\/section>\n\t\t\t\t<section class=\"elementor-section elementor-top-section elementor-element elementor-element-2d40e67 elementor-section-boxed elementor-section-height-default elementor-section-height-default\" data-id=\"2d40e67\" data-element_type=\"section\" data-e-type=\"section\" data-settings=\"{&quot;background_background&quot;:&quot;classic&quot;}\">\n\t\t\t\t\t\t<div class=\"elementor-container elementor-column-gap-default\">\n\t\t\t\t\t<div class=\"elementor-column elementor-col-100 elementor-top-column elementor-element elementor-element-9939087\" data-id=\"9939087\" data-element_type=\"column\" data-e-type=\"column\">\n\t\t\t<div class=\"elementor-widget-wrap elementor-element-populated\">\n\t\t\t\t\t\t<div class=\"elementor-element elementor-element-82f4426 elementor-widget elementor-widget-spacer\" data-id=\"82f4426\" data-element_type=\"widget\" data-e-type=\"widget\" data-widget_type=\"spacer.default\">\n\t\t\t\t<div class=\"elementor-widget-container\">\n\t\t\t\t\t\t\t<div class=\"elementor-spacer\">\n\t\t\t<div class=\"elementor-spacer-inner\"><\/div>\n\t\t<\/div>\n\t\t\t\t\t\t<\/div>\n\t\t\t\t<\/div>\n\t\t\t\t<div class=\"elementor-element elementor-element-d7d8419 elementor-widget elementor-widget-heading\" data-id=\"d7d8419\" data-element_type=\"widget\" data-e-type=\"widget\" data-widget_type=\"heading.default\">\n\t\t\t\t<div class=\"elementor-widget-container\">\n\t\t\t\t\t<h3 class=\"elementor-heading-title elementor-size-default\">Utg\u00e5 fr\u00e5n prosa<\/h3>\t\t\t\t<\/div>\n\t\t\t\t<\/div>\n\t\t\t\t<section class=\"elementor-section elementor-inner-section elementor-element elementor-element-24fd44e elementor-section-boxed elementor-section-height-default elementor-section-height-default\" data-id=\"24fd44e\" data-element_type=\"section\" data-e-type=\"section\" data-settings=\"{&quot;background_background&quot;:&quot;classic&quot;}\">\n\t\t\t\t\t\t<div class=\"elementor-container elementor-column-gap-default\">\n\t\t\t\t\t<div class=\"elementor-column elementor-col-50 elementor-inner-column elementor-element elementor-element-34fd478\" data-id=\"34fd478\" data-element_type=\"column\" data-e-type=\"column\">\n\t\t\t<div class=\"elementor-widget-wrap elementor-element-populated\">\n\t\t\t\t\t\t<div class=\"elementor-element elementor-element-9002ad0 elementor-widget elementor-widget-text-editor\" data-id=\"9002ad0\" data-element_type=\"widget\" data-e-type=\"widget\" data-widget_type=\"text-editor.default\">\n\t\t\t\t<div class=\"elementor-widget-container\">\n\t\t\t\t\t\t\t\t\t<p>Ett annat s\u00e4tt att skriva en dikt \u00e4r att utg\u00e5 fr\u00e5n en prosatext och helt enkelt ta bort allt som man tycker inte \u00e4r starka ord och d\u00e4refter t\u00e4nka efter hur dikten ska l\u00e4sas och g\u00f6ra en radindelning. Id\u00e9n kommer fr\u00e5n den amerikanska f\u00f6rfattaren Georgia Heard som sj\u00e4lv skriver sina dikter f\u00f6rst p\u00e5 prosa som hon sedan stryker ner p\u00e5 detta s\u00e4tt. Hon kallar metoden \u201dFound poems\u201d. Hon menar att man mycket v\u00e4l kan kalla dikten f\u00f6r sin, eftersom den \u00e4r produkten av en rad val: Vilken text ska jag utg\u00e5 ifr\u00e5n?, Vad ska jag ta bort?, Vad ska vara kvar?, Hur ska texten delas in i rader? Ska jag ha n\u00e5gra blankrader?<\/p>\t\t\t\t\t\t\t\t<\/div>\n\t\t\t\t<\/div>\n\t\t\t\t\t<\/div>\n\t\t<\/div>\n\t\t\t\t<div class=\"elementor-column elementor-col-50 elementor-inner-column elementor-element elementor-element-14be056\" data-id=\"14be056\" data-element_type=\"column\" data-e-type=\"column\">\n\t\t\t<div class=\"elementor-widget-wrap elementor-element-populated\">\n\t\t\t\t\t\t<div class=\"elementor-element elementor-element-5e2c3fb elementor-widget elementor-widget-image\" data-id=\"5e2c3fb\" data-element_type=\"widget\" data-e-type=\"widget\" data-widget_type=\"image.default\">\n\t\t\t\t<div class=\"elementor-widget-container\">\n\t\t\t\t\t\t\t\t\t\t\t\t\t\t\t<img decoding=\"async\" width=\"640\" height=\"426\" src=\"https:\/\/litteraturbanken.se\/skolan\/wp-content\/uploads\/2020\/02\/book-2710450_640.jpg\" class=\"attachment-large size-large wp-image-20090\" alt=\"\" srcset=\"https:\/\/litteraturbanken.se\/skolan\/wp-content\/uploads\/2020\/02\/book-2710450_640.jpg 640w, https:\/\/litteraturbanken.se\/skolan\/wp-content\/uploads\/2020\/02\/book-2710450_640-300x200.jpg 300w\" sizes=\"(max-width: 640px) 100vw, 640px\" \/>\t\t\t\t\t\t\t\t\t\t\t\t\t\t\t<\/div>\n\t\t\t\t<\/div>\n\t\t\t\t\t<\/div>\n\t\t<\/div>\n\t\t\t\t\t<\/div>\n\t\t<\/section>\n\t\t\t\t<section class=\"elementor-section elementor-inner-section elementor-element elementor-element-0d9b928 elementor-section-boxed elementor-section-height-default elementor-section-height-default\" data-id=\"0d9b928\" data-element_type=\"section\" data-e-type=\"section\" data-settings=\"{&quot;background_background&quot;:&quot;classic&quot;}\">\n\t\t\t\t\t\t<div class=\"elementor-container elementor-column-gap-default\">\n\t\t\t\t\t<div class=\"elementor-column elementor-col-100 elementor-inner-column elementor-element elementor-element-3dbd16d\" data-id=\"3dbd16d\" data-element_type=\"column\" data-e-type=\"column\">\n\t\t\t<div class=\"elementor-widget-wrap elementor-element-populated\">\n\t\t\t\t\t\t<div class=\"elementor-element elementor-element-2344f22 elementor-widget elementor-widget-text-editor\" data-id=\"2344f22\" data-element_type=\"widget\" data-e-type=\"widget\" data-widget_type=\"text-editor.default\">\n\t\t\t\t<div class=\"elementor-widget-container\">\n\t\t\t\t\t\t\t\t\t<h2>Exempel<\/h2><div><p>H\u00e4r har vi skrivit en dikt genom att plocka bort ganska m\u00e5nga ord fr\u00e5n sidan 95 och f\u00f6rsta raden p\u00e5 sidan 96 i Selma Lagerl\u00f6fs novell \u201dJulklappsboken\u201d.<\/p><p>Sista paketet ur julklappskorgen<br \/>\u00e4r en bok.<br \/>Paketet \u00e4r verkligen adresserat till mig.<br \/>R\u00f6d av gl\u00e4dje,<br \/>skriker i min iver<br \/>sliter opp papperet med v\u00e5ldsam fart,<br \/>ser framf\u00f6r mig den allra vackraste lilla bok,<br \/>en sagobok.<\/p><p>Jag k\u00e4nner,<br \/>att alla vid bordet tittar p\u00e5 mig.<br \/>Detta \u00e4r min b\u00e4sta julklapp,<br \/>den enda,<br \/>som jag har blivit riktigt glad \u00e5t.<\/p><p>Jag sl\u00e5r opp titelbladet<br \/>blir sittande och stirrar.<br \/>Jag f\u00f6rst\u00e5r inte ett ord,<br \/>en sagobok p\u00e5 franska,<br \/>f\u00f6rst\u00e5r inte ett ord.<br \/>En bok p\u00e5 franska<br \/>\u00e4r n\u00e4stan v\u00e4rre \u00e4n att ingen f\u00e5.<\/p><p>Sv\u00e5rt att h\u00e5lla gr\u00e5ten tillbaka.<br \/>Lyckligtvis<br \/>f\u00e5r jag syn p\u00e5 en plansch inne i boken:<br \/>en f\u00f6rtjusande lilla prinsessa i en vagn, dragen av tv\u00e5 strutsar.<br \/>Jag bl\u00e4ddrar vidare,<br \/>finner en hel rikedom av planscher.<br \/>Det \u00e4r ingen bok att gr\u00e5ta \u00f6ver,<br \/>\u00e4ven om den<br \/>\u00e4r p\u00e5 franska.<\/p><\/div>\t\t\t\t\t\t\t\t<\/div>\n\t\t\t\t<\/div>\n\t\t\t\t\t<\/div>\n\t\t<\/div>\n\t\t\t\t\t<\/div>\n\t\t<\/section>\n\t\t\t\t\t<\/div>\n\t\t<\/div>\n\t\t\t\t\t<\/div>\n\t\t<\/section>\n\t\t\t\t<\/div>\n\t\t","protected":false},"excerpt":{"rendered":"<p>Olika s\u00e4tt att skriva dikter H\u00e4rma dikter Utg\u00e5 fr\u00e5n prosa H\u00e4rma dikter \u00a0 N\u00e4r undervisningen fungerar som allra b\u00e4st inspirerar diktl\u00e4sning till diktskrivning, vilket i sin tur inspirerar till diktl\u00e4sning. Ja, till och med att skriva av dikter man fastnat f\u00f6r kan inspirera till eget skrivande. L\u00e5t eleverna h\u00e4rma dikter till form och inneh\u00e5ll. I [&hellip;]<\/p>\n","protected":false},"author":5,"featured_media":0,"parent":0,"menu_order":0,"comment_status":"closed","ping_status":"closed","template":"","meta":{"ocean_post_layout":"full-screen","ocean_both_sidebars_style":"","ocean_both_sidebars_content_width":0,"ocean_both_sidebars_sidebars_width":0,"ocean_sidebar":"0","ocean_second_sidebar":"0","ocean_disable_margins":"enable","ocean_add_body_class":"","ocean_shortcode_before_top_bar":"","ocean_shortcode_after_top_bar":"","ocean_shortcode_before_header":"","ocean_shortcode_after_header":"","ocean_has_shortcode":"","ocean_shortcode_after_title":"","ocean_shortcode_before_footer_widgets":"","ocean_shortcode_after_footer_widgets":"","ocean_shortcode_before_footer_bottom":"","ocean_shortcode_after_footer_bottom":"","ocean_display_top_bar":"default","ocean_display_header":"default","ocean_header_style":"","ocean_center_header_left_menu":"0","ocean_custom_header_template":"0","ocean_custom_logo":0,"ocean_custom_retina_logo":0,"ocean_custom_logo_max_width":0,"ocean_custom_logo_tablet_max_width":0,"ocean_custom_logo_mobile_max_width":0,"ocean_custom_logo_max_height":0,"ocean_custom_logo_tablet_max_height":0,"ocean_custom_logo_mobile_max_height":0,"ocean_header_custom_menu":"0","ocean_menu_typo_font_family":"0","ocean_menu_typo_font_subset":"","ocean_menu_typo_font_size":0,"ocean_menu_typo_font_size_tablet":0,"ocean_menu_typo_font_size_mobile":0,"ocean_menu_typo_font_size_unit":"px","ocean_menu_typo_font_weight":"","ocean_menu_typo_font_weight_tablet":"","ocean_menu_typo_font_weight_mobile":"","ocean_menu_typo_transform":"","ocean_menu_typo_transform_tablet":"","ocean_menu_typo_transform_mobile":"","ocean_menu_typo_line_height":0,"ocean_menu_typo_line_height_tablet":0,"ocean_menu_typo_line_height_mobile":0,"ocean_menu_typo_line_height_unit":"","ocean_menu_typo_spacing":0,"ocean_menu_typo_spacing_tablet":0,"ocean_menu_typo_spacing_mobile":0,"ocean_menu_typo_spacing_unit":"","ocean_menu_link_color":"","ocean_menu_link_color_hover":"","ocean_menu_link_color_active":"","ocean_menu_link_background":"","ocean_menu_link_hover_background":"","ocean_menu_link_active_background":"","ocean_menu_social_links_bg":"","ocean_menu_social_hover_links_bg":"","ocean_menu_social_links_color":"","ocean_menu_social_hover_links_color":"","ocean_disable_title":"on","ocean_disable_heading":"default","ocean_post_title":"Olika s\u00e4tt att skriva dikter","ocean_post_subheading":"","ocean_post_title_style":"","ocean_post_title_background_color":"","ocean_post_title_background":0,"ocean_post_title_bg_image_position":"","ocean_post_title_bg_image_attachment":"","ocean_post_title_bg_image_repeat":"","ocean_post_title_bg_image_size":"","ocean_post_title_height":0,"ocean_post_title_bg_overlay":0.5,"ocean_post_title_bg_overlay_color":"","ocean_disable_breadcrumbs":"default","ocean_breadcrumbs_color":"","ocean_breadcrumbs_separator_color":"","ocean_breadcrumbs_links_color":"","ocean_breadcrumbs_links_hover_color":"","ocean_display_footer_widgets":"default","ocean_display_footer_bottom":"default","ocean_custom_footer_template":"0","footnotes":""},"class_list":["post-217","page","type-page","status-publish","hentry","entry"],"_links":{"self":[{"href":"https:\/\/litteraturbanken.se\/skolan\/wp-json\/wp\/v2\/pages\/217","targetHints":{"allow":["GET"]}}],"collection":[{"href":"https:\/\/litteraturbanken.se\/skolan\/wp-json\/wp\/v2\/pages"}],"about":[{"href":"https:\/\/litteraturbanken.se\/skolan\/wp-json\/wp\/v2\/types\/page"}],"author":[{"embeddable":true,"href":"https:\/\/litteraturbanken.se\/skolan\/wp-json\/wp\/v2\/users\/5"}],"replies":[{"embeddable":true,"href":"https:\/\/litteraturbanken.se\/skolan\/wp-json\/wp\/v2\/comments?post=217"}],"version-history":[{"count":21,"href":"https:\/\/litteraturbanken.se\/skolan\/wp-json\/wp\/v2\/pages\/217\/revisions"}],"predecessor-version":[{"id":20097,"href":"https:\/\/litteraturbanken.se\/skolan\/wp-json\/wp\/v2\/pages\/217\/revisions\/20097"}],"wp:attachment":[{"href":"https:\/\/litteraturbanken.se\/skolan\/wp-json\/wp\/v2\/media?parent=217"}],"curies":[{"name":"wp","href":"https:\/\/api.w.org\/{rel}","templated":true}]}}