{"id":2265,"date":"2018-07-16T16:34:49","date_gmt":"2018-07-16T14:34:49","guid":{"rendered":"https:\/\/litteraturbanken.se\/skoladev\/?page_id=2265"},"modified":"2020-02-24T06:50:54","modified_gmt":"2020-02-24T05:50:54","slug":"poesi-forfattare-birger-sjoberg-den-forsta-gang-jag-sag-dig","status":"publish","type":"page","link":"https:\/\/litteraturbanken.se\/skolan\/poesi-forfattare-birger-sjoberg-den-forsta-gang-jag-sag-dig\/","title":{"rendered":"Poesi\/F\u00f6rfattare\/Birger Sj\u00f6berg\/Den f\u00f6rsta g\u00e5ng jag s\u00e5g dig"},"content":{"rendered":"\t\t<div data-elementor-type=\"wp-post\" data-elementor-id=\"2265\" class=\"elementor elementor-2265\">\n\t\t\t\t\t\t<section class=\"elementor-section elementor-top-section elementor-element elementor-element-4d7b3e5a elementor-section-boxed elementor-section-height-default elementor-section-height-default\" data-id=\"4d7b3e5a\" data-element_type=\"section\" data-e-type=\"section\">\n\t\t\t\t\t\t<div class=\"elementor-container elementor-column-gap-default\">\n\t\t\t\t\t<div class=\"elementor-column elementor-col-100 elementor-top-column elementor-element elementor-element-348d6fe9\" data-id=\"348d6fe9\" data-element_type=\"column\" data-e-type=\"column\">\n\t\t\t<div class=\"elementor-widget-wrap elementor-element-populated\">\n\t\t\t\t\t\t<div class=\"elementor-element elementor-element-ea43fb3 elementor-widget elementor-widget-spacer\" data-id=\"ea43fb3\" data-element_type=\"widget\" data-e-type=\"widget\" data-widget_type=\"spacer.default\">\n\t\t\t\t<div class=\"elementor-widget-container\">\n\t\t\t\t\t\t\t<div class=\"elementor-spacer\">\n\t\t\t<div class=\"elementor-spacer-inner\"><\/div>\n\t\t<\/div>\n\t\t\t\t\t\t<\/div>\n\t\t\t\t<\/div>\n\t\t\t\t\t<\/div>\n\t\t<\/div>\n\t\t\t\t\t<\/div>\n\t\t<\/section>\n\t\t\t\t<section class=\"elementor-section elementor-inner-section elementor-element elementor-element-52119e5 elementor-section-boxed elementor-section-height-default elementor-section-height-default\" data-id=\"52119e5\" data-element_type=\"section\" data-e-type=\"section\">\n\t\t\t\t\t\t<div class=\"elementor-container elementor-column-gap-default\">\n\t\t\t\t\t<div class=\"elementor-column elementor-col-66 elementor-inner-column elementor-element elementor-element-48dc770\" data-id=\"48dc770\" data-element_type=\"column\" data-e-type=\"column\" data-settings=\"{&quot;background_background&quot;:&quot;classic&quot;}\">\n\t\t\t<div class=\"elementor-widget-wrap elementor-element-populated\">\n\t\t\t\t\t\t<div class=\"elementor-element elementor-element-845a496 elementor-widget elementor-widget-heading\" data-id=\"845a496\" data-element_type=\"widget\" data-e-type=\"widget\" data-widget_type=\"heading.default\">\n\t\t\t\t<div class=\"elementor-widget-container\">\n\t\t\t\t\t<h2 class=\"elementor-heading-title elementor-size-default\">Den f\u00f6rsta g\u00e5ng jag s\u00e5g dig<\/h2>\t\t\t\t<\/div>\n\t\t\t\t<\/div>\n\t\t\t\t<div class=\"elementor-element elementor-element-be35507 elementor-widget elementor-widget-text-editor\" data-id=\"be35507\" data-element_type=\"widget\" data-e-type=\"widget\" data-widget_type=\"text-editor.default\">\n\t\t\t\t<div class=\"elementor-widget-container\">\n\t\t\t\t\t\t\t\t\t<p>Av\u00a0<a href=\"https:\/\/litteraturbanken.se\/skolan\/?page_id=310\"><em>Birger Sj\u00f6berg<\/em><\/a><\/p>\t\t\t\t\t\t\t\t<\/div>\n\t\t\t\t<\/div>\n\t\t\t\t<div class=\"elementor-element elementor-element-c97bd8e elementor-widget elementor-widget-text-editor\" data-id=\"c97bd8e\" data-element_type=\"widget\" data-e-type=\"widget\" data-widget_type=\"text-editor.default\">\n\t\t\t\t<div class=\"elementor-widget-container\">\n\t\t\t\t\t\t\t\t\t<p><strong>Ur:<\/strong>\u00a0<em>Fridas bok\u00a0<\/em>(1922) \u00a0 \u00a0<strong>\u00c5rskurs:<\/strong> 7\u20139 \u00a0 \u00a0<strong>Tema:<\/strong> K\u00e4rlek, Lycklig k\u00e4rlek, Sommar<\/p>\t\t\t\t\t\t\t\t<\/div>\n\t\t\t\t<\/div>\n\t\t\t\t<div class=\"elementor-element elementor-element-b7760da elementor-widget elementor-widget-text-editor\" data-id=\"b7760da\" data-element_type=\"widget\" data-e-type=\"widget\" data-widget_type=\"text-editor.default\">\n\t\t\t\t<div class=\"elementor-widget-container\">\n\t\t\t\t\t\t\t\t\t<div class=\"titlepage\"><p>Den\u00a0f\u00f6rsta\u00a0g\u00e5ng\u00a0jag\u00a0s\u00e5g\u00a0dig,\u00a0det\u00a0var\u00a0en\u00a0sommardag<br \/>p\u00e5\u00a0f\u00f6rmiddan,\u00a0d\u00e5\u00a0solen\u00a0lyste\u00a0klar,<br \/>och\u00a0\u00e4ngens\u00a0alla\u00a0blommor\u00a0av\u00a0m\u00e5nga\u00a0hundra\u00a0slag,<br \/>de\u00a0stodo\u00a0bugande\u00a0i\u00a0par\u00a0vid\u00a0par.<br \/>Och\u00a0vinden\u00a0drog\u00a0s\u00e5\u00a0saktelig,\u00a0och\u00a0nere\u00a0invid\u00a0stranden,<br \/>d\u00e4r\u00a0sm\u00f6g\u00a0en\u00a0b\u00f6lja\u00a0k\u00e4rleksfull\u00a0till\u00a0sn\u00e4ckan\u00a0uti\u00a0sanden.<br \/>Den\u00a0f\u00f6rsta\u00a0g\u00e5ng\u00a0jag\u00a0s\u00e5g\u00a0dig,\u00a0det\u00a0var\u00a0en\u00a0sommardag,<br \/>den\u00a0f\u00f6rsta\u00a0g\u00e5ng\u00a0jag\u00a0tog\u00a0dig\u00a0uti\u00a0handen.<\/p><p>Den\u00a0f\u00f6rsta\u00a0g\u00e5ng\u00a0jag\u00a0s\u00e5g\u00a0dig,\u00a0d\u00e5\u00a0gl\u00e4nste\u00a0sommarskyn,<br \/>s\u00e5\u00a0bl\u00e4ndande\u00a0som\u00a0svanen\u00a0i\u00a0sin\u00a0skrud.<br \/>D\u00e5\u00a0kom\u00a0det\u00a0ifr\u00e5n\u00a0skogen,\u00a0fr\u00e5n\u00a0skogens\u00a0gr\u00f6na\u00a0bryn<br \/>liksom\u00a0ett\u00a0jubel\u00a0utav\u00a0f\u00e5glars\u00a0ljud.<br \/>D\u00e5\u00a0lj\u00f6d\u00a0en\u00a0s\u00e5ng\u00a0fr\u00e5n\u00a0himmelen,\u00a0s\u00e5\u00a0sk\u00f6n\u00a0som\u00a0inga\u00a0flera;<br \/>det\u00a0var\u00a0den\u00a0lilla\u00a0l\u00e4rkan\u00a0gr\u00e5,\u00a0s\u00e5\u00a0sv\u00e5r\u00a0att\u00a0observera.<br \/>Den\u00a0f\u00f6rsta\u00a0g\u00e5ng\u00a0jag\u00a0s\u00e5g\u00a0dig,\u00a0d\u00e5\u00a0gl\u00e4nste\u00a0sommarskyn<br \/>s\u00e5\u00a0bl\u00e4ndande\u00a0och\u00a0grann\u00a0som\u00a0aldrig\u00a0mera.<\/p><p>Och\u00a0d\u00e4rf\u00f6r\u00a0n\u00e4r\u00a0jag\u00a0ser\u00a0dig,\u00a0om\u00a0ock\u00a0i\u00a0vinterns\u00a0dag,<br \/>d\u00e5\u00a0drivan\u00a0ligger\u00a0glittrande\u00a0och\u00a0kall,<br \/>nog\u00a0h\u00f6r\u00a0jag\u00a0sommarns\u00a0vindar\u00a0och\u00a0l\u00e4rkans\u00a0friska\u00a0slag<br \/>och\u00a0v\u00e5gens\u00a0frus\u00a0i\u00a0alla\u00a0fulla\u00a0fall.<br \/>Nog\u00a0tycker\u00a0jag\u00a0ur\u00a0dunig\u00a0b\u00e4dd\u00a0sig\u00a0gr\u00f6na\u00a0v\u00e4xter\u00a0draga<br \/>med\u00a0bl\u00e5klint\u00a0och\u00a0med\u00a0kl\u00f6verblad,\u00a0som\u00a0\u00e4lskande\u00a0behaga,<br \/>att\u00a0sommarsolen\u00a0skiner\u00a0p\u00e5\u00a0dina\u00a0anletsdrag,<br \/>som\u00a0rodna\u00a0och\u00a0som\u00a0str\u00e5la\u00a0och\u00a0betaga.<\/p><\/div>\t\t\t\t\t\t\t\t<\/div>\n\t\t\t\t<\/div>\n\t\t\t\t\t<\/div>\n\t\t<\/div>\n\t\t\t\t<div class=\"elementor-column elementor-col-33 elementor-inner-column elementor-element elementor-element-3c59b69\" data-id=\"3c59b69\" data-element_type=\"column\" data-e-type=\"column\">\n\t\t\t<div class=\"elementor-widget-wrap elementor-element-populated\">\n\t\t\t\t\t\t<div class=\"elementor-element elementor-element-c70b507 elementor-widget elementor-widget-wp-widget-media_audio\" data-id=\"c70b507\" data-element_type=\"widget\" data-e-type=\"widget\" data-widget_type=\"wp-widget-media_audio.default\">\n\t\t\t\t<div class=\"elementor-widget-container\">\n\t\t\t\t\t<h5>Th\u00e9r\u00e8se Hagedorn-Oskarsson l\u00e4ser \u201dDen f\u00f6rsta g\u00e5ng jag s\u00e5g dig\u201d av Birger Sj\u00f6berg.<\/h5><audio class=\"wp-audio-shortcode\" id=\"audio-2265-1\" preload=\"none\" style=\"width: 100%;\" controls=\"controls\"><source type=\"audio\/mpeg\" src=\"https:\/\/litteraturbanken.se\/skolan\/wp-content\/uploads\/2019\/03\/sjoberg_denforstagangjagsagdig_rook.mp3?_=1\" \/><source type=\"audio\/mpeg\" src=\"https:\/\/litteraturbanken.se\/skolan\/wp-content\/uploads\/2019\/03\/sjoberg_denforstagangjagsagdig_rook.mp3?_=1\" \/><a href=\"https:\/\/litteraturbanken.se\/skolan\/wp-content\/uploads\/2019\/03\/sjoberg_denforstagangjagsagdig_rook.mp3\">https:\/\/litteraturbanken.se\/skolan\/wp-content\/uploads\/2019\/03\/sjoberg_denforstagangjagsagdig_rook.mp3<\/a><\/audio>\t\t\t\t<\/div>\n\t\t\t\t<\/div>\n\t\t\t\t<div class=\"elementor-element elementor-element-d3c7614 elementor-icon-list--layout-traditional elementor-list-item-link-full_width elementor-widget elementor-widget-icon-list\" data-id=\"d3c7614\" data-element_type=\"widget\" data-e-type=\"widget\" data-widget_type=\"icon-list.default\">\n\t\t\t\t<div class=\"elementor-widget-container\">\n\t\t\t\t\t\t\t<ul class=\"elementor-icon-list-items\">\n\t\t\t\t\t\t\t<li class=\"elementor-icon-list-item\">\n\t\t\t\t\t\t\t\t\t\t\t<a href=\"https:\/\/litteraturbanken.se\/forfattare\/SjobergB\/titlar\/FridasBok\/sida\/1\/etext\" target=\"_blank\">\n\n\t\t\t\t\t\t\t\t\t\t\t\t<span class=\"elementor-icon-list-icon\">\n\t\t\t\t\t\t\t\t\t\t\t\t\t\t\t\t<i class=\"fa fa-file-text-o\" aria-hidden=\"true\"><\/i>\n\t\t\t\t\t\t\t\t\t\t\t\t\t<\/span>\n\t\t\t\t\t\t\t\t\t\t<span class=\"elementor-icon-list-text\">L\u00e4s dikten p\u00e5 Litteraturbanken<\/span>\n\t\t\t\t\t\t\t\t\t\t\t<\/a>\n\t\t\t\t\t\t\t\t\t<\/li>\n\t\t\t\t\t\t\t\t<li class=\"elementor-icon-list-item\">\n\t\t\t\t\t\t\t\t\t\t\t<a href=\"https:\/\/litteraturbanken.se\/skolan\/?page_id=261\" target=\"_blank\">\n\n\t\t\t\t\t\t\t\t\t\t\t\t<span class=\"elementor-icon-list-icon\">\n\t\t\t\t\t\t\t\t\t\t\t\t\t\t\t\t<i class=\"fa fa-file-text-o\" aria-hidden=\"true\"><\/i>\n\t\t\t\t\t\t\t\t\t\t\t\t\t<\/span>\n\t\t\t\t\t\t\t\t\t\t<span class=\"elementor-icon-list-text\">Termer och begrepp<\/span>\n\t\t\t\t\t\t\t\t\t\t\t<\/a>\n\t\t\t\t\t\t\t\t\t<\/li>\n\t\t\t\t\t\t<\/ul>\n\t\t\t\t\t\t<\/div>\n\t\t\t\t<\/div>\n\t\t\t\t<div class=\"elementor-element elementor-element-59be8d7 elementor-align-center elementor-widget elementor-widget-button\" data-id=\"59be8d7\" data-element_type=\"widget\" data-e-type=\"widget\" data-widget_type=\"button.default\">\n\t\t\t\t<div class=\"elementor-widget-container\">\n\t\t\t\t\t\t\t\t\t<div class=\"elementor-button-wrapper\">\n\t\t\t\t\t<a class=\"elementor-button elementor-button-link elementor-size-md elementor-animation-grow\" href=\"#uppgift\">\n\t\t\t\t\t\t<span class=\"elementor-button-content-wrapper\">\n\t\t\t\t\t\t<span class=\"elementor-button-icon\">\n\t\t\t\t\t\t\t\t\t<i class=\"fa fa-pencil\" aria-hidden=\"true\"><\/i>\n\t\t\t\t\t\t\t<\/span>\n\t\t\t\t\t\t\t\t\t<span class=\"elementor-button-text\">Uppgift, \u00c5k 7\u20139<\/span>\n\t\t\t\t\t<\/span>\n\t\t\t\t\t<\/a>\n\t\t\t\t<\/div>\n\t\t\t\t\t\t\t\t<\/div>\n\t\t\t\t<\/div>\n\t\t\t\t<div class=\"elementor-element elementor-element-7b379bb elementor-widget elementor-widget-image\" data-id=\"7b379bb\" data-element_type=\"widget\" data-e-type=\"widget\" data-widget_type=\"image.default\">\n\t\t\t\t<div class=\"elementor-widget-container\">\n\t\t\t\t\t\t\t\t\t\t\t\t\t\t\t<img fetchpriority=\"high\" decoding=\"async\" width=\"300\" height=\"300\" src=\"https:\/\/litteraturbanken.se\/skolan\/wp-content\/uploads\/2019\/03\/lb_skolan_2019_knapp_f\u00f6rfattarbild_sj\u00f6berg_brun-e1553013267697.jpg\" class=\"attachment-full size-full wp-image-13779\" alt=\"\" \/>\t\t\t\t\t\t\t\t\t\t\t\t\t\t\t<\/div>\n\t\t\t\t<\/div>\n\t\t\t\t\t<\/div>\n\t\t<\/div>\n\t\t\t\t\t<\/div>\n\t\t<\/section>\n\t\t\t\t<section class=\"elementor-section elementor-top-section elementor-element elementor-element-0d34d24 elementor-section-boxed elementor-section-height-default elementor-section-height-default\" data-id=\"0d34d24\" data-element_type=\"section\" data-e-type=\"section\">\n\t\t\t\t\t\t<div class=\"elementor-container elementor-column-gap-default\">\n\t\t\t\t\t<div class=\"elementor-column elementor-col-100 elementor-top-column elementor-element elementor-element-2ee47ce\" data-id=\"2ee47ce\" data-element_type=\"column\" data-e-type=\"column\">\n\t\t\t<div class=\"elementor-widget-wrap elementor-element-populated\">\n\t\t\t\t\t\t<div class=\"elementor-element elementor-element-f122972 elementor-widget elementor-widget-spacer\" data-id=\"f122972\" data-element_type=\"widget\" data-e-type=\"widget\" data-widget_type=\"spacer.default\">\n\t\t\t\t<div class=\"elementor-widget-container\">\n\t\t\t\t\t\t\t<div class=\"elementor-spacer\">\n\t\t\t<div class=\"elementor-spacer-inner\"><\/div>\n\t\t<\/div>\n\t\t\t\t\t\t<\/div>\n\t\t\t\t<\/div>\n\t\t\t\t\t<\/div>\n\t\t<\/div>\n\t\t\t\t\t<\/div>\n\t\t<\/section>\n\t\t\t\t<section class=\"elementor-section elementor-top-section elementor-element elementor-element-4bd7371 elementor-section-boxed elementor-section-height-default elementor-section-height-default\" data-id=\"4bd7371\" data-element_type=\"section\" data-e-type=\"section\">\n\t\t\t\t\t\t<div class=\"elementor-container elementor-column-gap-default\">\n\t\t\t\t\t<div class=\"elementor-column elementor-col-100 elementor-top-column elementor-element elementor-element-957dbe8\" data-id=\"957dbe8\" data-element_type=\"column\" data-e-type=\"column\" data-settings=\"{&quot;background_background&quot;:&quot;classic&quot;}\">\n\t\t\t<div class=\"elementor-widget-wrap elementor-element-populated\">\n\t\t\t\t\t\t<div class=\"elementor-element elementor-element-b9a63d1 elementor-widget elementor-widget-menu-anchor\" data-id=\"b9a63d1\" data-element_type=\"widget\" data-e-type=\"widget\" data-widget_type=\"menu-anchor.default\">\n\t\t\t\t<div class=\"elementor-widget-container\">\n\t\t\t\t\t\t\t<div class=\"elementor-menu-anchor\" id=\"uppgift\"><\/div>\n\t\t\t\t\t\t<\/div>\n\t\t\t\t<\/div>\n\t\t\t\t<section class=\"elementor-section elementor-inner-section elementor-element elementor-element-6701464 elementor-section-boxed elementor-section-height-default elementor-section-height-default\" data-id=\"6701464\" data-element_type=\"section\" data-e-type=\"section\">\n\t\t\t\t\t\t<div class=\"elementor-container elementor-column-gap-default\">\n\t\t\t\t\t<div class=\"elementor-column elementor-col-100 elementor-inner-column elementor-element elementor-element-008f259\" data-id=\"008f259\" data-element_type=\"column\" data-e-type=\"column\">\n\t\t\t<div class=\"elementor-widget-wrap elementor-element-populated\">\n\t\t\t\t\t\t<div class=\"elementor-element elementor-element-7aa0904 elementor-view-framed elementor-shape-circle elementor-widget elementor-widget-icon\" data-id=\"7aa0904\" data-element_type=\"widget\" data-e-type=\"widget\" data-widget_type=\"icon.default\">\n\t\t\t\t<div class=\"elementor-widget-container\">\n\t\t\t\t\t\t\t<div class=\"elementor-icon-wrapper\">\n\t\t\t<div class=\"elementor-icon\">\n\t\t\t\t\t\t\t<i class=\"fa fa-pencil\" aria-hidden=\"true\"><\/i>\n\t\t\t\t\t\t<\/div>\n\t\t<\/div>\n\t\t\t\t\t\t<\/div>\n\t\t\t\t<\/div>\n\t\t\t\t<div class=\"elementor-element elementor-element-efdf08e elementor-widget elementor-widget-toggle\" data-id=\"efdf08e\" data-element_type=\"widget\" data-e-type=\"widget\" data-widget_type=\"toggle.default\">\n\t\t\t\t<div class=\"elementor-widget-container\">\n\t\t\t\t\t\t\t<div class=\"elementor-toggle\">\n\t\t\t\t\t\t\t<div class=\"elementor-toggle-item\">\n\t\t\t\t\t<div id=\"elementor-tab-title-2511\" class=\"elementor-tab-title\" data-tab=\"1\" role=\"button\" aria-controls=\"elementor-tab-content-2511\" aria-expanded=\"false\">\n\t\t\t\t\t\t\t\t\t\t\t\t<span class=\"elementor-toggle-icon elementor-toggle-icon-left\" aria-hidden=\"true\">\n\t\t\t\t\t\t\t\t\t\t\t\t\t\t\t<i class=\"elementor-toggle-icon-closed fa fa-chevron-right\"><\/i>\n\t\t\t\t\t\t\t\t<i class=\"elementor-toggle-icon-opened fa fa-chevron-down\"><\/i>\n\t\t\t\t\t\t\t\t\t\t\t\t\t<\/span>\n\t\t\t\t\t\t\t\t\t\t\t\t<a class=\"elementor-toggle-title\" tabindex=\"0\">\u00c5rskurs 7\u20139<\/a>\n\t\t\t\t\t<\/div>\n\n\t\t\t\t\t<div id=\"elementor-tab-content-2511\" class=\"elementor-tab-content elementor-clearfix\" data-tab=\"1\" role=\"region\" aria-labelledby=\"elementor-tab-title-2511\"><p style=\"font-variant-ligatures: normal; font-variant-caps: normal; font-family: Raleway, sans-serif; font-size: 15px; font-style: normal; font-weight: 400; letter-spacing: 0.6px;\"><font face=\"Roboto Condensed, Roboto Condensed\" size=\"3\"><span style=\"letter-spacing: normal;\">Dikten har tonsatts<\/span><\/font><\/p>\n<h6><font face=\"Roboto Condensed, Roboto Condensed\" size=\"3\"><span style=\"letter-spacing: normal;\"><b>Uppgift<\/b><\/span><\/font><\/h6>\n<p style=\"font-variant-ligatures: normal; font-variant-caps: normal; font-family: Raleway, sans-serif; font-size: 15px; font-style: normal; font-weight: 400; letter-spacing: 0.6px;\"><font face=\"Roboto Condensed, Roboto Condensed\" size=\"3\"><span style=\"letter-spacing: normal;\">Denna dikt \u00e4r ett bra exempel p\u00e5 hur naturen och en m\u00e4nniskas k\u00e4nslor h\u00e4nger ihop och hur naturen anv\u00e4nds f\u00f6r att beskriva en \u00e4lskad m\u00e4nniska. Ge n\u00e5gra exempel ur dikten!<\/span><\/font><\/p><\/div>\n\t\t\t\t<\/div>\n\t\t\t\t\t\t\t\t<\/div>\n\t\t\t\t\t\t<\/div>\n\t\t\t\t<\/div>\n\t\t\t\t\t<\/div>\n\t\t<\/div>\n\t\t\t\t\t<\/div>\n\t\t<\/section>\n\t\t\t\t<div class=\"elementor-element elementor-element-843517e elementor-widget elementor-widget-spacer\" data-id=\"843517e\" data-element_type=\"widget\" data-e-type=\"widget\" data-widget_type=\"spacer.default\">\n\t\t\t\t<div class=\"elementor-widget-container\">\n\t\t\t\t\t\t\t<div class=\"elementor-spacer\">\n\t\t\t<div class=\"elementor-spacer-inner\"><\/div>\n\t\t<\/div>\n\t\t\t\t\t\t<\/div>\n\t\t\t\t<\/div>\n\t\t\t\t\t<\/div>\n\t\t<\/div>\n\t\t\t\t\t<\/div>\n\t\t<\/section>\n\t\t\t\t<section class=\"elementor-section elementor-top-section elementor-element elementor-element-ca43db7 elementor-section-boxed elementor-section-height-default elementor-section-height-default\" data-id=\"ca43db7\" data-element_type=\"section\" data-e-type=\"section\">\n\t\t\t\t\t\t<div class=\"elementor-container elementor-column-gap-default\">\n\t\t\t\t\t<div class=\"elementor-column elementor-col-100 elementor-top-column elementor-element elementor-element-23af7d8\" data-id=\"23af7d8\" data-element_type=\"column\" data-e-type=\"column\">\n\t\t\t<div class=\"elementor-widget-wrap elementor-element-populated\">\n\t\t\t\t\t\t<div class=\"elementor-element elementor-element-9ac64eb elementor-widget elementor-widget-spacer\" data-id=\"9ac64eb\" data-element_type=\"widget\" data-e-type=\"widget\" data-widget_type=\"spacer.default\">\n\t\t\t\t<div class=\"elementor-widget-container\">\n\t\t\t\t\t\t\t<div class=\"elementor-spacer\">\n\t\t\t<div class=\"elementor-spacer-inner\"><\/div>\n\t\t<\/div>\n\t\t\t\t\t\t<\/div>\n\t\t\t\t<\/div>\n\t\t\t\t\t<\/div>\n\t\t<\/div>\n\t\t\t\t\t<\/div>\n\t\t<\/section>\n\t\t\t\t<\/div>\n\t\t","protected":false},"excerpt":{"rendered":"<p>Den f\u00f6rsta g\u00e5ng jag s\u00e5g dig Av\u00a0Birger Sj\u00f6berg Ur:\u00a0Fridas bok\u00a0(1922) \u00a0 \u00a0\u00c5rskurs: 7\u20139 \u00a0 \u00a0Tema: K\u00e4rlek, Lycklig k\u00e4rlek, Sommar Den\u00a0f\u00f6rsta\u00a0g\u00e5ng\u00a0jag\u00a0s\u00e5g\u00a0dig,\u00a0det\u00a0var\u00a0en\u00a0sommardagp\u00e5\u00a0f\u00f6rmiddan,\u00a0d\u00e5\u00a0solen\u00a0lyste\u00a0klar,och\u00a0\u00e4ngens\u00a0alla\u00a0blommor\u00a0av\u00a0m\u00e5nga\u00a0hundra\u00a0slag,de\u00a0stodo\u00a0bugande\u00a0i\u00a0par\u00a0vid\u00a0par.Och\u00a0vinden\u00a0drog\u00a0s\u00e5\u00a0saktelig,\u00a0och\u00a0nere\u00a0invid\u00a0stranden,d\u00e4r\u00a0sm\u00f6g\u00a0en\u00a0b\u00f6lja\u00a0k\u00e4rleksfull\u00a0till\u00a0sn\u00e4ckan\u00a0uti\u00a0sanden.Den\u00a0f\u00f6rsta\u00a0g\u00e5ng\u00a0jag\u00a0s\u00e5g\u00a0dig,\u00a0det\u00a0var\u00a0en\u00a0sommardag,den\u00a0f\u00f6rsta\u00a0g\u00e5ng\u00a0jag\u00a0tog\u00a0dig\u00a0uti\u00a0handen. Den\u00a0f\u00f6rsta\u00a0g\u00e5ng\u00a0jag\u00a0s\u00e5g\u00a0dig,\u00a0d\u00e5\u00a0gl\u00e4nste\u00a0sommarskyn,s\u00e5\u00a0bl\u00e4ndande\u00a0som\u00a0svanen\u00a0i\u00a0sin\u00a0skrud.D\u00e5\u00a0kom\u00a0det\u00a0ifr\u00e5n\u00a0skogen,\u00a0fr\u00e5n\u00a0skogens\u00a0gr\u00f6na\u00a0brynliksom\u00a0ett\u00a0jubel\u00a0utav\u00a0f\u00e5glars\u00a0ljud.D\u00e5\u00a0lj\u00f6d\u00a0en\u00a0s\u00e5ng\u00a0fr\u00e5n\u00a0himmelen,\u00a0s\u00e5\u00a0sk\u00f6n\u00a0som\u00a0inga\u00a0flera;det\u00a0var\u00a0den\u00a0lilla\u00a0l\u00e4rkan\u00a0gr\u00e5,\u00a0s\u00e5\u00a0sv\u00e5r\u00a0att\u00a0observera.Den\u00a0f\u00f6rsta\u00a0g\u00e5ng\u00a0jag\u00a0s\u00e5g\u00a0dig,\u00a0d\u00e5\u00a0gl\u00e4nste\u00a0sommarskyns\u00e5\u00a0bl\u00e4ndande\u00a0och\u00a0grann\u00a0som\u00a0aldrig\u00a0mera. Och\u00a0d\u00e4rf\u00f6r\u00a0n\u00e4r\u00a0jag\u00a0ser\u00a0dig,\u00a0om\u00a0ock\u00a0i\u00a0vinterns\u00a0dag,d\u00e5\u00a0drivan\u00a0ligger\u00a0glittrande\u00a0och\u00a0kall,nog\u00a0h\u00f6r\u00a0jag\u00a0sommarns\u00a0vindar\u00a0och\u00a0l\u00e4rkans\u00a0friska\u00a0slagoch\u00a0v\u00e5gens\u00a0frus\u00a0i\u00a0alla\u00a0fulla\u00a0fall.Nog\u00a0tycker\u00a0jag\u00a0ur\u00a0dunig\u00a0b\u00e4dd\u00a0sig\u00a0gr\u00f6na\u00a0v\u00e4xter\u00a0dragamed\u00a0bl\u00e5klint\u00a0och\u00a0med\u00a0kl\u00f6verblad,\u00a0som\u00a0\u00e4lskande\u00a0behaga,att\u00a0sommarsolen\u00a0skiner\u00a0p\u00e5\u00a0dina\u00a0anletsdrag,som\u00a0rodna\u00a0och\u00a0som\u00a0str\u00e5la\u00a0och\u00a0betaga. L\u00e4s dikten p\u00e5 Litteraturbanken Termer och begrepp Uppgift, \u00c5k 7\u20139 \u00c5rskurs 7\u20139 Dikten har tonsatts Uppgift Denna dikt \u00e4r ett bra exempel p\u00e5 hur naturen och en m\u00e4nniskas k\u00e4nslor h\u00e4nger ihop och hur [&hellip;]<\/p>\n","protected":false},"author":5,"featured_media":0,"parent":0,"menu_order":0,"comment_status":"closed","ping_status":"closed","template":"","meta":{"ocean_post_layout":"full-screen","ocean_both_sidebars_style":"","ocean_both_sidebars_content_width":0,"ocean_both_sidebars_sidebars_width":0,"ocean_sidebar":"0","ocean_second_sidebar":"0","ocean_disable_margins":"enable","ocean_add_body_class":"","ocean_shortcode_before_top_bar":"","ocean_shortcode_after_top_bar":"","ocean_shortcode_before_header":"","ocean_shortcode_after_header":"","ocean_has_shortcode":"","ocean_shortcode_after_title":"","ocean_shortcode_before_footer_widgets":"","ocean_shortcode_after_footer_widgets":"","ocean_shortcode_before_footer_bottom":"","ocean_shortcode_after_footer_bottom":"","ocean_display_top_bar":"default","ocean_display_header":"default","ocean_header_style":"","ocean_center_header_left_menu":"0","ocean_custom_header_template":"0","ocean_custom_logo":0,"ocean_custom_retina_logo":0,"ocean_custom_logo_max_width":0,"ocean_custom_logo_tablet_max_width":0,"ocean_custom_logo_mobile_max_width":0,"ocean_custom_logo_max_height":0,"ocean_custom_logo_tablet_max_height":0,"ocean_custom_logo_mobile_max_height":0,"ocean_header_custom_menu":"0","ocean_menu_typo_font_family":"0","ocean_menu_typo_font_subset":"","ocean_menu_typo_font_size":0,"ocean_menu_typo_font_size_tablet":0,"ocean_menu_typo_font_size_mobile":0,"ocean_menu_typo_font_size_unit":"px","ocean_menu_typo_font_weight":"","ocean_menu_typo_font_weight_tablet":"","ocean_menu_typo_font_weight_mobile":"","ocean_menu_typo_transform":"","ocean_menu_typo_transform_tablet":"","ocean_menu_typo_transform_mobile":"","ocean_menu_typo_line_height":0,"ocean_menu_typo_line_height_tablet":0,"ocean_menu_typo_line_height_mobile":0,"ocean_menu_typo_line_height_unit":"","ocean_menu_typo_spacing":0,"ocean_menu_typo_spacing_tablet":0,"ocean_menu_typo_spacing_mobile":0,"ocean_menu_typo_spacing_unit":"","ocean_menu_link_color":"","ocean_menu_link_color_hover":"","ocean_menu_link_color_active":"","ocean_menu_link_background":"","ocean_menu_link_hover_background":"","ocean_menu_link_active_background":"","ocean_menu_social_links_bg":"","ocean_menu_social_hover_links_bg":"","ocean_menu_social_links_color":"","ocean_menu_social_hover_links_color":"","ocean_disable_title":"on","ocean_disable_heading":"default","ocean_post_title":"","ocean_post_subheading":"","ocean_post_title_style":"","ocean_post_title_background_color":"","ocean_post_title_background":0,"ocean_post_title_bg_image_position":"","ocean_post_title_bg_image_attachment":"","ocean_post_title_bg_image_repeat":"","ocean_post_title_bg_image_size":"","ocean_post_title_height":0,"ocean_post_title_bg_overlay":0.5,"ocean_post_title_bg_overlay_color":"","ocean_disable_breadcrumbs":"default","ocean_breadcrumbs_color":"","ocean_breadcrumbs_separator_color":"","ocean_breadcrumbs_links_color":"","ocean_breadcrumbs_links_hover_color":"","ocean_display_footer_widgets":"default","ocean_display_footer_bottom":"default","ocean_custom_footer_template":"0","footnotes":""},"class_list":["post-2265","page","type-page","status-publish","hentry","entry"],"_links":{"self":[{"href":"https:\/\/litteraturbanken.se\/skolan\/wp-json\/wp\/v2\/pages\/2265","targetHints":{"allow":["GET"]}}],"collection":[{"href":"https:\/\/litteraturbanken.se\/skolan\/wp-json\/wp\/v2\/pages"}],"about":[{"href":"https:\/\/litteraturbanken.se\/skolan\/wp-json\/wp\/v2\/types\/page"}],"author":[{"embeddable":true,"href":"https:\/\/litteraturbanken.se\/skolan\/wp-json\/wp\/v2\/users\/5"}],"replies":[{"embeddable":true,"href":"https:\/\/litteraturbanken.se\/skolan\/wp-json\/wp\/v2\/comments?post=2265"}],"version-history":[{"count":37,"href":"https:\/\/litteraturbanken.se\/skolan\/wp-json\/wp\/v2\/pages\/2265\/revisions"}],"predecessor-version":[{"id":20189,"href":"https:\/\/litteraturbanken.se\/skolan\/wp-json\/wp\/v2\/pages\/2265\/revisions\/20189"}],"wp:attachment":[{"href":"https:\/\/litteraturbanken.se\/skolan\/wp-json\/wp\/v2\/media?parent=2265"}],"curies":[{"name":"wp","href":"https:\/\/api.w.org\/{rel}","templated":true}]}}