{"id":2381,"date":"2018-07-16T18:07:55","date_gmt":"2018-07-16T16:07:55","guid":{"rendered":"https:\/\/litteraturbanken.se\/skoladev\/?page_id=2381"},"modified":"2021-11-01T11:54:02","modified_gmt":"2021-11-01T10:54:02","slug":"poesi-forfattare-edith-sodergran-vierge-moderne","status":"publish","type":"page","link":"https:\/\/litteraturbanken.se\/skolan\/poesi-forfattare-edith-sodergran-vierge-moderne\/","title":{"rendered":"Poesi\/F\u00f6rfattare\/Edith S\u00f6dergran\/Vierge moderne"},"content":{"rendered":"\t\t<div data-elementor-type=\"wp-post\" data-elementor-id=\"2381\" class=\"elementor elementor-2381\">\n\t\t\t\t\t\t<section class=\"elementor-section elementor-top-section elementor-element elementor-element-72f3295 elementor-section-boxed elementor-section-height-default elementor-section-height-default\" data-id=\"72f3295\" data-element_type=\"section\" data-e-type=\"section\">\n\t\t\t\t\t\t<div class=\"elementor-container elementor-column-gap-default\">\n\t\t\t\t\t<div class=\"elementor-column elementor-col-100 elementor-top-column elementor-element elementor-element-a4d612a\" data-id=\"a4d612a\" data-element_type=\"column\" data-e-type=\"column\">\n\t\t\t<div class=\"elementor-widget-wrap elementor-element-populated\">\n\t\t\t\t\t\t<div class=\"elementor-element elementor-element-bc368fb elementor-widget elementor-widget-spacer\" data-id=\"bc368fb\" data-element_type=\"widget\" data-e-type=\"widget\" data-widget_type=\"spacer.default\">\n\t\t\t\t<div class=\"elementor-widget-container\">\n\t\t\t\t\t\t\t<div class=\"elementor-spacer\">\n\t\t\t<div class=\"elementor-spacer-inner\"><\/div>\n\t\t<\/div>\n\t\t\t\t\t\t<\/div>\n\t\t\t\t<\/div>\n\t\t\t\t\t<\/div>\n\t\t<\/div>\n\t\t\t\t\t<\/div>\n\t\t<\/section>\n\t\t\t\t<section class=\"elementor-section elementor-inner-section elementor-element elementor-element-68ab8ea elementor-section-boxed elementor-section-height-default elementor-section-height-default\" data-id=\"68ab8ea\" data-element_type=\"section\" data-e-type=\"section\">\n\t\t\t\t\t\t<div class=\"elementor-container elementor-column-gap-default\">\n\t\t\t\t\t<div class=\"elementor-column elementor-col-66 elementor-inner-column elementor-element elementor-element-a193676\" data-id=\"a193676\" data-element_type=\"column\" data-e-type=\"column\" data-settings=\"{&quot;background_background&quot;:&quot;classic&quot;}\">\n\t\t\t<div class=\"elementor-widget-wrap elementor-element-populated\">\n\t\t\t\t\t\t<div class=\"elementor-element elementor-element-baa075a elementor-widget elementor-widget-heading\" data-id=\"baa075a\" data-element_type=\"widget\" data-e-type=\"widget\" data-widget_type=\"heading.default\">\n\t\t\t\t<div class=\"elementor-widget-container\">\n\t\t\t\t\t<h2 class=\"elementor-heading-title elementor-size-default\">Vierge moderne<\/h2>\t\t\t\t<\/div>\n\t\t\t\t<\/div>\n\t\t\t\t<div class=\"elementor-element elementor-element-b2892db elementor-widget elementor-widget-text-editor\" data-id=\"b2892db\" data-element_type=\"widget\" data-e-type=\"widget\" data-widget_type=\"text-editor.default\">\n\t\t\t\t<div class=\"elementor-widget-container\">\n\t\t\t\t\t\t\t\t\t<p>Av <a href=\"https:\/\/litteraturbanken.se\/skolan\/?page_id=80\"><em>Edith S\u00f6dergran<\/em><\/a><\/p>\t\t\t\t\t\t\t\t<\/div>\n\t\t\t\t<\/div>\n\t\t\t\t<div class=\"elementor-element elementor-element-3099ac4 elementor-widget elementor-widget-text-editor\" data-id=\"3099ac4\" data-element_type=\"widget\" data-e-type=\"widget\" data-widget_type=\"text-editor.default\">\n\t\t\t\t<div class=\"elementor-widget-container\">\n\t\t\t\t\t\t\t\t\t<p><strong>Ur:<\/strong>\u00a0<em>Dikter\u00a0<\/em><span class=\"ng-binding\" aria-hidden=\"false\">(1916) \u00a0 \u00a0<strong>\u00c5rskurs:<\/strong> Gymnasium \u00a0 \u00a0<strong>Tema:<\/strong> Kvinnosak<\/span><\/p>\t\t\t\t\t\t\t\t<\/div>\n\t\t\t\t<\/div>\n\t\t\t\t<div class=\"elementor-element elementor-element-a434d3a elementor-widget elementor-widget-text-editor\" data-id=\"a434d3a\" data-element_type=\"widget\" data-e-type=\"widget\" data-widget_type=\"text-editor.default\">\n\t\t\t\t<div class=\"elementor-widget-container\">\n\t\t\t\t\t\t\t\t\t<div class=\"literallayout\"><div class=\"_l\"><span id=\"w23_4\" class=\"w\">Jag<\/span>\u00a0<span id=\"w23_5\" class=\"w\">\u00e4r<\/span>\u00a0<span id=\"w23_6\" class=\"w\">ingen<\/span>\u00a0<span id=\"w23_7\" class=\"w\">kvinna<\/span><span id=\"w23_8\" class=\"w\">.<\/span>\u00a0<span id=\"w23_9\" class=\"w\">Jag<\/span>\u00a0<span id=\"w23_10\" class=\"w\">\u00e4r<\/span>\u00a0<span id=\"w23_11\" class=\"w\">ett<\/span>\u00a0<span id=\"w23_12\" class=\"w\">neutrum<\/span><span id=\"w23_13\" class=\"w\">.<\/span><\/div><div class=\"_l\"><span id=\"w23_14\" class=\"w\">Jag<\/span>\u00a0<span id=\"w23_15\" class=\"w\">\u00e4r<\/span>\u00a0<span id=\"w23_16\" class=\"w\">ett<\/span>\u00a0<span id=\"w23_17\" class=\"w\">barn<\/span><span id=\"w23_18\" class=\"w\">,<\/span>\u00a0<span id=\"w23_19\" class=\"w\">en<\/span>\u00a0<span id=\"w23_20\" class=\"w\">page<\/span>\u00a0<span id=\"w23_21\" class=\"w\">och<\/span>\u00a0<span id=\"w23_22\" class=\"w\">ett<\/span>\u00a0<span id=\"w23_23\" class=\"w\">dj\u00e4rvt<\/span>\u00a0<span id=\"w23_24\" class=\"w\">beslut<\/span><span id=\"w23_25\" class=\"w\">,<\/span><\/div><div class=\"_l\"><span id=\"w23_26\" class=\"w\">jag<\/span>\u00a0<span id=\"w23_27\" class=\"w\">\u00e4r<\/span>\u00a0<span id=\"w23_28\" class=\"w\">en<\/span>\u00a0<span id=\"w23_29\" class=\"w\">skrattande<\/span>\u00a0<span id=\"w23_30\" class=\"w\">strimma<\/span>\u00a0<span id=\"w23_31\" class=\"w\">av<\/span>\u00a0<span id=\"w23_32\" class=\"w\">en<\/span>\u00a0<span id=\"w23_33\" class=\"w\">scharlakanssol<\/span>\u00a0<span id=\"w23_34\" class=\"w\">.<\/span><span id=\"w23_35\" class=\"w\">.<\/span><span id=\"w23_36\" class=\"w\">.<\/span><\/div><div class=\"_l\"><span id=\"w23_37\" class=\"w\">Jag<\/span>\u00a0<span id=\"w23_38\" class=\"w\">\u00e4r<\/span>\u00a0<span id=\"w23_39\" class=\"w\">ett<\/span>\u00a0<span id=\"w23_40\" class=\"w\">n\u00e4t<\/span>\u00a0<span id=\"w23_41\" class=\"w\">f\u00f6r<\/span>\u00a0<span id=\"w23_42\" class=\"w\">alla<\/span>\u00a0<span id=\"w23_43\" class=\"w\">glupska<\/span>\u00a0<span id=\"w23_44\" class=\"w\">fiskar<\/span><span id=\"w23_45\" class=\"w\">,<\/span><\/div><div class=\"_l\"><span id=\"w23_46\" class=\"w\">jag<\/span>\u00a0<span id=\"w23_47\" class=\"w\">\u00e4r<\/span>\u00a0<span id=\"w23_48\" class=\"w\">en<\/span>\u00a0<span id=\"w23_49\" class=\"w\">sk\u00e5l<\/span>\u00a0<span id=\"w23_50\" class=\"w\">f\u00f6r<\/span>\u00a0<span id=\"w23_51\" class=\"w\">alla<\/span>\u00a0<span id=\"w23_52\" class=\"w\">kvinnors<\/span>\u00a0<span id=\"w23_53\" class=\"w\">\u00e4ra<\/span><span id=\"w23_54\" class=\"w\">,<\/span><\/div><div class=\"_l\"><span id=\"w23_55\" class=\"w\">jag<\/span>\u00a0<span id=\"w23_56\" class=\"w\">\u00e4r<\/span>\u00a0<span id=\"w23_57\" class=\"w\">ett<\/span>\u00a0<span id=\"w23_58\" class=\"w\">steg<\/span>\u00a0<span id=\"w23_59\" class=\"w\">mot<\/span>\u00a0<span id=\"w23_60\" class=\"w\">slumpen<\/span>\u00a0<span id=\"w23_61\" class=\"w\">och<\/span>\u00a0<span id=\"w23_62\" class=\"w\">f\u00f6rd\u00e4rvet<\/span><span id=\"w23_63\" class=\"w\">,<\/span><\/div><div class=\"_l\"><span id=\"w23_64\" class=\"w\">jag<\/span>\u00a0<span id=\"w23_65\" class=\"w\">\u00e4r<\/span>\u00a0<span id=\"w23_66\" class=\"w\">ett<\/span>\u00a0<span id=\"w23_67\" class=\"w\">spr\u00e5ng<\/span>\u00a0<span id=\"w23_68\" class=\"w\">i<\/span>\u00a0<span id=\"w23_69\" class=\"w\">friheten<\/span>\u00a0<span id=\"w23_70\" class=\"w\">och<\/span>\u00a0<span id=\"w23_71\" class=\"w\">sj\u00e4lvet<\/span>\u00a0<span id=\"w23_72\" class=\"w\">.<\/span><span id=\"w23_73\" class=\"w\">.<\/span><span id=\"w23_74\" class=\"w\">.<\/span><\/div><div class=\"_l\"><span id=\"w23_75\" class=\"w\">Jag<\/span>\u00a0<span id=\"w23_76\" class=\"w\">\u00e4r<\/span>\u00a0<span id=\"w23_77\" class=\"w\">blodets<\/span>\u00a0<span id=\"w23_78\" class=\"w\">viskning<\/span>\u00a0<span id=\"w23_79\" class=\"w\">i<\/span>\u00a0<span id=\"w23_80\" class=\"w\">mannens<\/span>\u00a0<span id=\"w23_81\" class=\"w\">\u00f6ra<\/span><span id=\"w23_82\" class=\"w\">,<\/span><\/div><div class=\"_l\"><span id=\"w23_83\" class=\"w\">jag<\/span>\u00a0<span id=\"w23_84\" class=\"w\">\u00e4r<\/span>\u00a0<span id=\"w23_85\" class=\"w\">en<\/span>\u00a0<span id=\"w23_86\" class=\"w\">sj\u00e4lens<\/span>\u00a0<span id=\"w23_87\" class=\"w\">frossa<\/span><span id=\"w23_88\" class=\"w\">,<\/span>\u00a0<span id=\"w23_89\" class=\"w\">k\u00f6ttets<\/span>\u00a0<span id=\"w23_90\" class=\"w\">l\u00e4ngtan<\/span>\u00a0<span id=\"w23_91\" class=\"w\">och<\/span>\u00a0<span id=\"w23_92\" class=\"w\">f\u00f6rv\u00e4gran<\/span><span id=\"w23_93\" class=\"w\">,<\/span><\/div><div class=\"_l\"><span id=\"w23_94\" class=\"w\">jag<\/span>\u00a0<span id=\"w23_95\" class=\"w\">\u00e4r<\/span>\u00a0<span id=\"w23_96\" class=\"w\">en<\/span>\u00a0<span id=\"w23_97\" class=\"w\">ing\u00e5ngsskylt<\/span>\u00a0<span id=\"w23_98\" class=\"w\">till<\/span>\u00a0<span id=\"w23_99\" class=\"w\">nya<\/span>\u00a0<span id=\"w23_100\" class=\"w\">paradis<\/span><span id=\"w23_101\" class=\"w\">.<\/span><\/div><div>Jag \u00e4r en flamma, s\u00f6kande och k\u00e4ck,<br \/>jag \u00e4r ett vatten, djupt men dristigt upp till kn\u00e4na,<br \/>jag \u00e4r eld och vatten i \u00e4rligt sammanhang p\u00e5 fria<br \/>villkor &#8230;<\/div><\/div>\t\t\t\t\t\t\t\t<\/div>\n\t\t\t\t<\/div>\n\t\t\t\t\t<\/div>\n\t\t<\/div>\n\t\t\t\t<div class=\"elementor-column elementor-col-33 elementor-inner-column elementor-element elementor-element-73bcec0\" data-id=\"73bcec0\" data-element_type=\"column\" data-e-type=\"column\">\n\t\t\t<div class=\"elementor-widget-wrap elementor-element-populated\">\n\t\t\t\t\t\t<div class=\"elementor-element elementor-element-bef558d elementor-widget elementor-widget-wp-widget-media_audio\" data-id=\"bef558d\" data-element_type=\"widget\" data-e-type=\"widget\" data-widget_type=\"wp-widget-media_audio.default\">\n\t\t\t\t<div class=\"elementor-widget-container\">\n\t\t\t\t\t<h5>Th\u00e9r\u00e8se Hagedorn-Oskarsson l\u00e4ser &#8221;Vierge moderne&#8221; av Edith S\u00f6dergran<\/h5><audio class=\"wp-audio-shortcode\" id=\"audio-2381-1\" preload=\"none\" style=\"width: 100%;\" controls=\"controls\"><source type=\"audio\/mpeg\" src=\"https:\/\/litteraturbanken.se\/skolan\/wp-content\/uploads\/2021\/11\/sodergran_viergemoderne_tho.mp3?_=1\" \/><source type=\"audio\/mpeg\" src=\"https:\/\/litteraturbanken.se\/skolan\/wp-content\/uploads\/2021\/11\/sodergran_viergemoderne_tho.mp3?_=1\" \/><a href=\"https:\/\/litteraturbanken.se\/skolan\/wp-content\/uploads\/2021\/11\/sodergran_viergemoderne_tho.mp3\">https:\/\/litteraturbanken.se\/skolan\/wp-content\/uploads\/2021\/11\/sodergran_viergemoderne_tho.mp3<\/a><\/audio>\t\t\t\t<\/div>\n\t\t\t\t<\/div>\n\t\t\t\t<div class=\"elementor-element elementor-element-b286371 elementor-icon-list--layout-traditional elementor-list-item-link-full_width elementor-widget elementor-widget-icon-list\" data-id=\"b286371\" data-element_type=\"widget\" data-e-type=\"widget\" data-widget_type=\"icon-list.default\">\n\t\t\t\t<div class=\"elementor-widget-container\">\n\t\t\t\t\t\t\t<ul class=\"elementor-icon-list-items\">\n\t\t\t\t\t\t\t<li class=\"elementor-icon-list-item\">\n\t\t\t\t\t\t\t\t\t\t\t<a href=\"https:\/\/litteraturbanken.se\/forfattare\/SodergranE\/titlar\/Dikter\/sida\/24\/etext\" target=\"_blank\">\n\n\t\t\t\t\t\t\t\t\t\t\t\t<span class=\"elementor-icon-list-icon\">\n\t\t\t\t\t\t\t\t\t\t\t\t\t\t\t\t<i class=\"fa fa-file-text-o\" aria-hidden=\"true\"><\/i>\n\t\t\t\t\t\t\t\t\t\t\t\t\t<\/span>\n\t\t\t\t\t\t\t\t\t\t<span class=\"elementor-icon-list-text\">L\u00e4s dikten p\u00e5 Litteraturbanken<\/span>\n\t\t\t\t\t\t\t\t\t\t\t<\/a>\n\t\t\t\t\t\t\t\t\t<\/li>\n\t\t\t\t\t\t\t\t<li class=\"elementor-icon-list-item\">\n\t\t\t\t\t\t\t\t\t\t\t<a href=\"https:\/\/litteraturbanken.se\/skolan\/?page_id=261\" target=\"_blank\">\n\n\t\t\t\t\t\t\t\t\t\t\t\t<span class=\"elementor-icon-list-icon\">\n\t\t\t\t\t\t\t\t\t\t\t\t\t\t\t\t<i class=\"fa fa-file-text-o\" aria-hidden=\"true\"><\/i>\n\t\t\t\t\t\t\t\t\t\t\t\t\t<\/span>\n\t\t\t\t\t\t\t\t\t\t<span class=\"elementor-icon-list-text\">Termer och begrepp<\/span>\n\t\t\t\t\t\t\t\t\t\t\t<\/a>\n\t\t\t\t\t\t\t\t\t<\/li>\n\t\t\t\t\t\t<\/ul>\n\t\t\t\t\t\t<\/div>\n\t\t\t\t<\/div>\n\t\t\t\t<div class=\"elementor-element elementor-element-f4bd504 elementor-align-center elementor-widget elementor-widget-button\" data-id=\"f4bd504\" data-element_type=\"widget\" data-e-type=\"widget\" data-widget_type=\"button.default\">\n\t\t\t\t<div class=\"elementor-widget-container\">\n\t\t\t\t\t\t\t\t\t<div class=\"elementor-button-wrapper\">\n\t\t\t\t\t<a class=\"elementor-button elementor-button-link elementor-size-md elementor-animation-grow\" href=\"#uppgift\">\n\t\t\t\t\t\t<span class=\"elementor-button-content-wrapper\">\n\t\t\t\t\t\t<span class=\"elementor-button-icon\">\n\t\t\t\t\t\t\t\t\t<i class=\"fa fa-pencil\" aria-hidden=\"true\"><\/i>\n\t\t\t\t\t\t\t<\/span>\n\t\t\t\t\t\t\t\t\t<span class=\"elementor-button-text\">Uppgift, Gymnasium<\/span>\n\t\t\t\t\t<\/span>\n\t\t\t\t\t<\/a>\n\t\t\t\t<\/div>\n\t\t\t\t\t\t\t\t<\/div>\n\t\t\t\t<\/div>\n\t\t\t\t<div class=\"elementor-element elementor-element-3a84e34 elementor-widget elementor-widget-image\" data-id=\"3a84e34\" data-element_type=\"widget\" data-e-type=\"widget\" data-widget_type=\"image.default\">\n\t\t\t\t<div class=\"elementor-widget-container\">\n\t\t\t\t\t\t\t\t\t\t\t\t\t\t\t<img fetchpriority=\"high\" decoding=\"async\" width=\"300\" height=\"300\" src=\"https:\/\/litteraturbanken.se\/skolan\/wp-content\/uploads\/2019\/03\/lb_skolan_2019_knapp_f\u00f6rfattarbild_s\u00f6dergran_gul-e1553013169957.jpg\" class=\"attachment-full size-full wp-image-13792\" alt=\"\" \/>\t\t\t\t\t\t\t\t\t\t\t\t\t\t\t<\/div>\n\t\t\t\t<\/div>\n\t\t\t\t\t<\/div>\n\t\t<\/div>\n\t\t\t\t\t<\/div>\n\t\t<\/section>\n\t\t\t\t<section class=\"elementor-section elementor-top-section elementor-element elementor-element-2bef0b88 elementor-section-boxed elementor-section-height-default elementor-section-height-default\" data-id=\"2bef0b88\" data-element_type=\"section\" data-e-type=\"section\">\n\t\t\t\t\t\t<div class=\"elementor-container elementor-column-gap-default\">\n\t\t\t\t\t<div class=\"elementor-column elementor-col-100 elementor-top-column elementor-element elementor-element-1c15fac9\" data-id=\"1c15fac9\" data-element_type=\"column\" data-e-type=\"column\">\n\t\t\t<div class=\"elementor-widget-wrap elementor-element-populated\">\n\t\t\t\t\t\t<div class=\"elementor-element elementor-element-4d1e9e0 elementor-widget elementor-widget-spacer\" data-id=\"4d1e9e0\" data-element_type=\"widget\" data-e-type=\"widget\" data-widget_type=\"spacer.default\">\n\t\t\t\t<div class=\"elementor-widget-container\">\n\t\t\t\t\t\t\t<div class=\"elementor-spacer\">\n\t\t\t<div class=\"elementor-spacer-inner\"><\/div>\n\t\t<\/div>\n\t\t\t\t\t\t<\/div>\n\t\t\t\t<\/div>\n\t\t\t\t\t<\/div>\n\t\t<\/div>\n\t\t\t\t\t<\/div>\n\t\t<\/section>\n\t\t\t\t<section class=\"elementor-section elementor-top-section elementor-element elementor-element-c68c079 elementor-section-boxed elementor-section-height-default elementor-section-height-default\" data-id=\"c68c079\" data-element_type=\"section\" data-e-type=\"section\">\n\t\t\t\t\t\t<div class=\"elementor-container elementor-column-gap-default\">\n\t\t\t\t\t<div class=\"elementor-column elementor-col-100 elementor-top-column elementor-element elementor-element-6be9640\" data-id=\"6be9640\" data-element_type=\"column\" data-e-type=\"column\" data-settings=\"{&quot;background_background&quot;:&quot;classic&quot;}\">\n\t\t\t<div class=\"elementor-widget-wrap elementor-element-populated\">\n\t\t\t\t\t\t<div class=\"elementor-element elementor-element-a318290 elementor-widget elementor-widget-menu-anchor\" data-id=\"a318290\" data-element_type=\"widget\" data-e-type=\"widget\" data-widget_type=\"menu-anchor.default\">\n\t\t\t\t<div class=\"elementor-widget-container\">\n\t\t\t\t\t\t\t<div class=\"elementor-menu-anchor\" id=\"uppgift\"><\/div>\n\t\t\t\t\t\t<\/div>\n\t\t\t\t<\/div>\n\t\t\t\t<section class=\"elementor-section elementor-inner-section elementor-element elementor-element-218f217 elementor-section-boxed elementor-section-height-default elementor-section-height-default\" data-id=\"218f217\" data-element_type=\"section\" data-e-type=\"section\">\n\t\t\t\t\t\t<div class=\"elementor-container elementor-column-gap-default\">\n\t\t\t\t\t<div class=\"elementor-column elementor-col-100 elementor-inner-column elementor-element elementor-element-2ef236c\" data-id=\"2ef236c\" data-element_type=\"column\" data-e-type=\"column\">\n\t\t\t<div class=\"elementor-widget-wrap elementor-element-populated\">\n\t\t\t\t\t\t<div class=\"elementor-element elementor-element-1fef922 elementor-view-framed elementor-shape-circle elementor-widget elementor-widget-icon\" data-id=\"1fef922\" data-element_type=\"widget\" data-e-type=\"widget\" data-widget_type=\"icon.default\">\n\t\t\t\t<div class=\"elementor-widget-container\">\n\t\t\t\t\t\t\t<div class=\"elementor-icon-wrapper\">\n\t\t\t<div class=\"elementor-icon\">\n\t\t\t\t\t\t\t<i class=\"fa fa-pencil\" aria-hidden=\"true\"><\/i>\n\t\t\t\t\t\t<\/div>\n\t\t<\/div>\n\t\t\t\t\t\t<\/div>\n\t\t\t\t<\/div>\n\t\t\t\t\t<\/div>\n\t\t<\/div>\n\t\t\t\t\t<\/div>\n\t\t<\/section>\n\t\t\t\t<div class=\"elementor-element elementor-element-6ef50af elementor-widget elementor-widget-toggle\" data-id=\"6ef50af\" data-element_type=\"widget\" data-e-type=\"widget\" data-widget_type=\"toggle.default\">\n\t\t\t\t<div class=\"elementor-widget-container\">\n\t\t\t\t\t\t\t<div class=\"elementor-toggle\">\n\t\t\t\t\t\t\t<div class=\"elementor-toggle-item\">\n\t\t\t\t\t<div id=\"elementor-tab-title-1161\" class=\"elementor-tab-title\" data-tab=\"1\" role=\"button\" aria-controls=\"elementor-tab-content-1161\" aria-expanded=\"false\">\n\t\t\t\t\t\t\t\t\t\t\t\t<span class=\"elementor-toggle-icon elementor-toggle-icon-left\" aria-hidden=\"true\">\n\t\t\t\t\t\t\t\t\t\t\t\t\t\t\t<i class=\"elementor-toggle-icon-closed fa fa-chevron-right\"><\/i>\n\t\t\t\t\t\t\t\t<i class=\"elementor-toggle-icon-opened fa fa-chevron-down\"><\/i>\n\t\t\t\t\t\t\t\t\t\t\t\t\t<\/span>\n\t\t\t\t\t\t\t\t\t\t\t\t<a class=\"elementor-toggle-title\" tabindex=\"0\">Gymnasium<\/a>\n\t\t\t\t\t<\/div>\n\n\t\t\t\t\t<div id=\"elementor-tab-content-1161\" class=\"elementor-tab-content elementor-clearfix\" data-tab=\"1\" role=\"region\" aria-labelledby=\"elementor-tab-title-1161\"><h3>Fr\u00e5gor<\/h3>\n<p>Denna dikt ing\u00e5r i f\u00f6rfattarens f\u00f6rsta diktsamling fr\u00e5n 1916.<\/p>\n<p>1 Fundera \u00f6ver titeln: vad betyder den? Vad ger den f\u00f6r f\u00f6rv\u00e4ntningar?<\/p>\n<p>2 Vad menar diktaren med f\u00f6rsta raden?<\/p>\n<p>3 Vad \u00e4r diktjaget?<\/p>\n<p>4 Hela dikten bygger p\u00e5 metaforer f\u00f6r vad diktjaget \u00e4r. Samtala om dessa, rad f\u00f6r rad. Hur kan de tolkas?<\/p>\n<p>5 Samtala om vad som \u00e4r utm\u00e4rkande f\u00f6r S\u00f6dergrans moderna kvinnoideal.<\/p>\n<p><\/p>\n<h3>Skriv med anaforer och metaforer<\/h3>\n<p>1 Formm\u00e4ssigt bygger dikten ocks\u00e5 p\u00e5 upprepningar av orden \u201dJag \u00e4r\u201d och d\u00e4refter en rad uppfinningsrika bilder som ska karakterisera detta jag. P\u00e5 diktspr\u00e5k kallas upprepningarna f\u00f6r&nbsp;anaforer&nbsp;och bilderna f\u00f6r&nbsp;metaforer. Pr\u00f6va sj\u00e4lv att skriva en liknande dikt med hj\u00e4lp av upprepningen \u201dJag \u00e4r\u201d och metaforer.<\/p>\n<p><\/p>\n<h3>Vidare l\u00e4sning<\/h3>\n<p>1 Ta reda p\u00e5 mer om <a href=\"https:\/\/litteraturbanken.se\/f\u00f6rfattare\/S\u00f6dergranE\"><u>Edith S\u00f6dergran p\u00e5 Litteraturbanken.se<\/u><\/a> och p\u00e5 <a href=\"https:\/\/sodergransallskapet.fi\"><u>Edith S\u00f6dergran-s\u00e4llskapets hemsida<\/u><\/a>.<\/p><\/div>\n\t\t\t\t<\/div>\n\t\t\t\t\t\t\t\t<\/div>\n\t\t\t\t\t\t<\/div>\n\t\t\t\t<\/div>\n\t\t\t\t<div class=\"elementor-element elementor-element-692b36c elementor-widget elementor-widget-spacer\" data-id=\"692b36c\" data-element_type=\"widget\" data-e-type=\"widget\" data-widget_type=\"spacer.default\">\n\t\t\t\t<div class=\"elementor-widget-container\">\n\t\t\t\t\t\t\t<div class=\"elementor-spacer\">\n\t\t\t<div class=\"elementor-spacer-inner\"><\/div>\n\t\t<\/div>\n\t\t\t\t\t\t<\/div>\n\t\t\t\t<\/div>\n\t\t\t\t\t<\/div>\n\t\t<\/div>\n\t\t\t\t\t<\/div>\n\t\t<\/section>\n\t\t\t\t<section class=\"elementor-section elementor-top-section elementor-element elementor-element-a5df1dd elementor-section-boxed elementor-section-height-default elementor-section-height-default\" data-id=\"a5df1dd\" data-element_type=\"section\" data-e-type=\"section\">\n\t\t\t\t\t\t<div class=\"elementor-container elementor-column-gap-default\">\n\t\t\t\t\t<div class=\"elementor-column elementor-col-100 elementor-top-column elementor-element elementor-element-77abf7f\" data-id=\"77abf7f\" data-element_type=\"column\" data-e-type=\"column\">\n\t\t\t<div class=\"elementor-widget-wrap elementor-element-populated\">\n\t\t\t\t\t\t<div class=\"elementor-element elementor-element-b7dc2da elementor-widget elementor-widget-spacer\" data-id=\"b7dc2da\" data-element_type=\"widget\" data-e-type=\"widget\" data-widget_type=\"spacer.default\">\n\t\t\t\t<div class=\"elementor-widget-container\">\n\t\t\t\t\t\t\t<div class=\"elementor-spacer\">\n\t\t\t<div class=\"elementor-spacer-inner\"><\/div>\n\t\t<\/div>\n\t\t\t\t\t\t<\/div>\n\t\t\t\t<\/div>\n\t\t\t\t\t<\/div>\n\t\t<\/div>\n\t\t\t\t\t<\/div>\n\t\t<\/section>\n\t\t\t\t<\/div>\n\t\t","protected":false},"excerpt":{"rendered":"<p>Vierge moderne Av Edith S\u00f6dergran Ur:\u00a0Dikter\u00a0(1916) \u00a0 \u00a0\u00c5rskurs: Gymnasium \u00a0 \u00a0Tema: Kvinnosak Jag\u00a0\u00e4r\u00a0ingen\u00a0kvinna.\u00a0Jag\u00a0\u00e4r\u00a0ett\u00a0neutrum.Jag\u00a0\u00e4r\u00a0ett\u00a0barn,\u00a0en\u00a0page\u00a0och\u00a0ett\u00a0dj\u00e4rvt\u00a0beslut,jag\u00a0\u00e4r\u00a0en\u00a0skrattande\u00a0strimma\u00a0av\u00a0en\u00a0scharlakanssol\u00a0&#8230;Jag\u00a0\u00e4r\u00a0ett\u00a0n\u00e4t\u00a0f\u00f6r\u00a0alla\u00a0glupska\u00a0fiskar,jag\u00a0\u00e4r\u00a0en\u00a0sk\u00e5l\u00a0f\u00f6r\u00a0alla\u00a0kvinnors\u00a0\u00e4ra,jag\u00a0\u00e4r\u00a0ett\u00a0steg\u00a0mot\u00a0slumpen\u00a0och\u00a0f\u00f6rd\u00e4rvet,jag\u00a0\u00e4r\u00a0ett\u00a0spr\u00e5ng\u00a0i\u00a0friheten\u00a0och\u00a0sj\u00e4lvet\u00a0&#8230;Jag\u00a0\u00e4r\u00a0blodets\u00a0viskning\u00a0i\u00a0mannens\u00a0\u00f6ra,jag\u00a0\u00e4r\u00a0en\u00a0sj\u00e4lens\u00a0frossa,\u00a0k\u00f6ttets\u00a0l\u00e4ngtan\u00a0och\u00a0f\u00f6rv\u00e4gran,jag\u00a0\u00e4r\u00a0en\u00a0ing\u00e5ngsskylt\u00a0till\u00a0nya\u00a0paradis.Jag \u00e4r en flamma, s\u00f6kande och k\u00e4ck,jag \u00e4r ett vatten, djupt men dristigt upp till kn\u00e4na,jag \u00e4r eld och vatten i \u00e4rligt sammanhang p\u00e5 friavillkor &#8230; L\u00e4s dikten p\u00e5 Litteraturbanken Termer och begrepp Uppgift, Gymnasium Gymnasium Fr\u00e5gor Denna dikt ing\u00e5r i f\u00f6rfattarens f\u00f6rsta [&hellip;]<\/p>\n","protected":false},"author":5,"featured_media":0,"parent":0,"menu_order":0,"comment_status":"closed","ping_status":"closed","template":"","meta":{"ocean_post_layout":"full-screen","ocean_both_sidebars_style":"","ocean_both_sidebars_content_width":0,"ocean_both_sidebars_sidebars_width":0,"ocean_sidebar":"0","ocean_second_sidebar":"0","ocean_disable_margins":"enable","ocean_add_body_class":"","ocean_shortcode_before_top_bar":"","ocean_shortcode_after_top_bar":"","ocean_shortcode_before_header":"","ocean_shortcode_after_header":"","ocean_has_shortcode":"","ocean_shortcode_after_title":"","ocean_shortcode_before_footer_widgets":"","ocean_shortcode_after_footer_widgets":"","ocean_shortcode_before_footer_bottom":"","ocean_shortcode_after_footer_bottom":"","ocean_display_top_bar":"default","ocean_display_header":"default","ocean_header_style":"","ocean_center_header_left_menu":"0","ocean_custom_header_template":"0","ocean_custom_logo":0,"ocean_custom_retina_logo":0,"ocean_custom_logo_max_width":0,"ocean_custom_logo_tablet_max_width":0,"ocean_custom_logo_mobile_max_width":0,"ocean_custom_logo_max_height":0,"ocean_custom_logo_tablet_max_height":0,"ocean_custom_logo_mobile_max_height":0,"ocean_header_custom_menu":"0","ocean_menu_typo_font_family":"0","ocean_menu_typo_font_subset":"","ocean_menu_typo_font_size":0,"ocean_menu_typo_font_size_tablet":0,"ocean_menu_typo_font_size_mobile":0,"ocean_menu_typo_font_size_unit":"px","ocean_menu_typo_font_weight":"","ocean_menu_typo_font_weight_tablet":"","ocean_menu_typo_font_weight_mobile":"","ocean_menu_typo_transform":"","ocean_menu_typo_transform_tablet":"","ocean_menu_typo_transform_mobile":"","ocean_menu_typo_line_height":0,"ocean_menu_typo_line_height_tablet":0,"ocean_menu_typo_line_height_mobile":0,"ocean_menu_typo_line_height_unit":"","ocean_menu_typo_spacing":0,"ocean_menu_typo_spacing_tablet":0,"ocean_menu_typo_spacing_mobile":0,"ocean_menu_typo_spacing_unit":"","ocean_menu_link_color":"","ocean_menu_link_color_hover":"","ocean_menu_link_color_active":"","ocean_menu_link_background":"","ocean_menu_link_hover_background":"","ocean_menu_link_active_background":"","ocean_menu_social_links_bg":"","ocean_menu_social_hover_links_bg":"","ocean_menu_social_links_color":"","ocean_menu_social_hover_links_color":"","ocean_disable_title":"on","ocean_disable_heading":"default","ocean_post_title":"","ocean_post_subheading":"","ocean_post_title_style":"","ocean_post_title_background_color":"","ocean_post_title_background":0,"ocean_post_title_bg_image_position":"","ocean_post_title_bg_image_attachment":"","ocean_post_title_bg_image_repeat":"","ocean_post_title_bg_image_size":"","ocean_post_title_height":0,"ocean_post_title_bg_overlay":0.5,"ocean_post_title_bg_overlay_color":"","ocean_disable_breadcrumbs":"default","ocean_breadcrumbs_color":"","ocean_breadcrumbs_separator_color":"","ocean_breadcrumbs_links_color":"","ocean_breadcrumbs_links_hover_color":"","ocean_display_footer_widgets":"default","ocean_display_footer_bottom":"default","ocean_custom_footer_template":"0","footnotes":""},"class_list":["post-2381","page","type-page","status-publish","hentry","entry"],"_links":{"self":[{"href":"https:\/\/litteraturbanken.se\/skolan\/wp-json\/wp\/v2\/pages\/2381","targetHints":{"allow":["GET"]}}],"collection":[{"href":"https:\/\/litteraturbanken.se\/skolan\/wp-json\/wp\/v2\/pages"}],"about":[{"href":"https:\/\/litteraturbanken.se\/skolan\/wp-json\/wp\/v2\/types\/page"}],"author":[{"embeddable":true,"href":"https:\/\/litteraturbanken.se\/skolan\/wp-json\/wp\/v2\/users\/5"}],"replies":[{"embeddable":true,"href":"https:\/\/litteraturbanken.se\/skolan\/wp-json\/wp\/v2\/comments?post=2381"}],"version-history":[{"count":39,"href":"https:\/\/litteraturbanken.se\/skolan\/wp-json\/wp\/v2\/pages\/2381\/revisions"}],"predecessor-version":[{"id":22730,"href":"https:\/\/litteraturbanken.se\/skolan\/wp-json\/wp\/v2\/pages\/2381\/revisions\/22730"}],"wp:attachment":[{"href":"https:\/\/litteraturbanken.se\/skolan\/wp-json\/wp\/v2\/media?parent=2381"}],"curies":[{"name":"wp","href":"https:\/\/api.w.org\/{rel}","templated":true}]}}