{"id":2445,"date":"2018-07-16T21:41:56","date_gmt":"2018-07-16T19:41:56","guid":{"rendered":"https:\/\/litteraturbanken.se\/skoladev\/?page_id=2445"},"modified":"2020-02-11T13:31:42","modified_gmt":"2020-02-11T12:31:42","slug":"poesi-forfattare-erik-axel-karlfeldt-jungfru-maria","status":"publish","type":"page","link":"https:\/\/litteraturbanken.se\/skolan\/poesi-forfattare-erik-axel-karlfeldt-jungfru-maria\/","title":{"rendered":"Poesi\/F\u00f6rfattare\/Erik Axel Karlfeldt\/Jungfru Maria"},"content":{"rendered":"\t\t<div data-elementor-type=\"wp-post\" data-elementor-id=\"2445\" class=\"elementor elementor-2445\">\n\t\t\t\t\t\t<section class=\"elementor-section elementor-top-section elementor-element elementor-element-7998503 elementor-section-boxed elementor-section-height-default elementor-section-height-default\" data-id=\"7998503\" data-element_type=\"section\" data-e-type=\"section\">\n\t\t\t\t\t\t<div class=\"elementor-container elementor-column-gap-default\">\n\t\t\t\t\t<div class=\"elementor-column elementor-col-100 elementor-top-column elementor-element elementor-element-c8c9b62\" data-id=\"c8c9b62\" data-element_type=\"column\" data-e-type=\"column\">\n\t\t\t<div class=\"elementor-widget-wrap elementor-element-populated\">\n\t\t\t\t\t\t<div class=\"elementor-element elementor-element-b0d3c3e elementor-widget elementor-widget-spacer\" data-id=\"b0d3c3e\" data-element_type=\"widget\" data-e-type=\"widget\" data-widget_type=\"spacer.default\">\n\t\t\t\t<div class=\"elementor-widget-container\">\n\t\t\t\t\t\t\t<div class=\"elementor-spacer\">\n\t\t\t<div class=\"elementor-spacer-inner\"><\/div>\n\t\t<\/div>\n\t\t\t\t\t\t<\/div>\n\t\t\t\t<\/div>\n\t\t\t\t\t<\/div>\n\t\t<\/div>\n\t\t\t\t\t<\/div>\n\t\t<\/section>\n\t\t\t\t<section class=\"elementor-section elementor-inner-section elementor-element elementor-element-7f3c9b7 elementor-section-boxed elementor-section-height-default elementor-section-height-default\" data-id=\"7f3c9b7\" data-element_type=\"section\" data-e-type=\"section\">\n\t\t\t\t\t\t<div class=\"elementor-container elementor-column-gap-default\">\n\t\t\t\t\t<div class=\"elementor-column elementor-col-66 elementor-inner-column elementor-element elementor-element-b063f70\" data-id=\"b063f70\" data-element_type=\"column\" data-e-type=\"column\" data-settings=\"{&quot;background_background&quot;:&quot;classic&quot;}\">\n\t\t\t<div class=\"elementor-widget-wrap elementor-element-populated\">\n\t\t\t\t\t\t<div class=\"elementor-element elementor-element-e678602 elementor-widget elementor-widget-heading\" data-id=\"e678602\" data-element_type=\"widget\" data-e-type=\"widget\" data-widget_type=\"heading.default\">\n\t\t\t\t<div class=\"elementor-widget-container\">\n\t\t\t\t\t<h2 class=\"elementor-heading-title elementor-size-default\">Jungfru Maria\u200b<\/h2>\t\t\t\t<\/div>\n\t\t\t\t<\/div>\n\t\t\t\t<div class=\"elementor-element elementor-element-ca6c392 elementor-widget elementor-widget-text-editor\" data-id=\"ca6c392\" data-element_type=\"widget\" data-e-type=\"widget\" data-widget_type=\"text-editor.default\">\n\t\t\t\t<div class=\"elementor-widget-container\">\n\t\t\t\t\t\t\t\t\t<p>Av\u00a0<a href=\"https:\/\/litteraturbanken.se\/skolan\/?page_id=304\"><em>Erik Axel Karlfeldt<\/em><\/a><\/p>\t\t\t\t\t\t\t\t<\/div>\n\t\t\t\t<\/div>\n\t\t\t\t<div class=\"elementor-element elementor-element-884b2db elementor-widget elementor-widget-text-editor\" data-id=\"884b2db\" data-element_type=\"widget\" data-e-type=\"widget\" data-widget_type=\"text-editor.default\">\n\t\t\t\t<div class=\"elementor-widget-container\">\n\t\t\t\t\t\t\t\t\t<p><strong>Ur:<\/strong>\u00a0<em>Fridolins lustg\u00e5rd\u00a0<\/em><span class=\"ng-binding\" aria-hidden=\"false\">(1901)<\/span><span style=\"font-size: 15px; letter-spacing: 0.6px;\">\u00a0\u00a0<\/span><strong>\u00c5rskurs:<\/strong>\u00a07\u20139\u00a0 <strong>Tema:<\/strong>\u00a0Gud och m\u00e4nniska,\u00a0Sommar<\/p>\t\t\t\t\t\t\t\t<\/div>\n\t\t\t\t<\/div>\n\t\t\t\t<div class=\"elementor-element elementor-element-089eb39 elementor-widget elementor-widget-text-editor\" data-id=\"089eb39\" data-element_type=\"widget\" data-e-type=\"widget\" data-widget_type=\"text-editor.default\">\n\t\t\t\t<div class=\"elementor-widget-container\">\n\t\t\t\t\t\t\t\t\t<div class=\"titlepage\"><p>Hon\u00a0kommer\u00a0utf\u00f6r\u00a0\u00e4ngarna\u00a0vid\u00a0Sjugareby.<br \/>Hon\u00a0\u00e4r\u00a0en\u00a0liten\u00a0kulla\u00a0med\u00a0mandelblommans\u00a0hy,<br \/>ja,\u00a0som\u00a0mandelblom\u00a0och\u00a0nyponblom\u00a0l\u00e5ngt\u00a0bort\u00a0fr\u00e5n<br \/>v\u00e4g\u00a0och\u00a0by,<br \/>d\u00e4r\u00a0aldrig\u00a0det\u00a0dammar\u00a0och\u00a0vandras.<br \/>Vilka\u00a0stigar\u00a0har\u00a0du\u00a0vankat,\u00a0s\u00e5\u00a0att\u00a0solen\u00a0dig\u00a0ej\u00a0br\u00e4nt?<br \/>Vad\u00a0har\u00a0du\u00a0dr\u00f6mt,\u00a0Maria,\u00a0i\u00a0ditt\u00a0unga\u00a0br\u00f6st\u00a0och\u00a0k\u00e4nt,<br \/>att\u00a0ditt\u00a0blod\u00a0icke\u00a0brinner\u00a0som\u00a0de\u00a0andras?<br \/>Det\u00a0skiner\u00a0s\u00e5\u00a0f\u00f6runderligt\u00a0ifr\u00e5n\u00a0ditt\u00a0bara\u00a0h\u00e5r,<br \/>och\u00a0din\u00a0panna\u00a0\u00e4r\u00a0som\u00a0b\u00e5giga\u00a0m\u00e5nen,<br \/>n\u00e4r\u00a0\u00f6ver\u00a0Bergs\u00e4ngsbackar\u00a0han\u00a0vit\u00a0och\u00a0lutad\u00a0g\u00e5r<br \/>och\u00a0lyser\u00a0genom\u00a0v\u00e5rliga\u00a0sl\u00e5nen.<\/p><p>Nu\u00a0svalkar\u00a0aftonvinden\u00a0i\u00a0acklejornas\u00a0lid,<br \/>och\u00a0gula\u00a0liljeklockor\u00a0ringa\u00a0helgsm\u00e5l\u00a0och\u00a0frid;<br \/>knappt\u00a0gn\u00e4ggar\u00a0hagens\u00a0f\u00e5le,\u00a0knappt\u00a0br\u00e4ker\u00a0f\u00e5llans\u00a0kid,<br \/>knappt\u00a0piper\u00a0det\u00a0i\u00a0svalbon\u00a0och\u00a0lundar.<br \/>Nu\u00a0g\u00e5\u00a0Dalarnas\u00a0ynglingar\u00a0och\u00a0flickor\u00a0par\u00a0om\u00a0par;<br \/>du\u00a0\u00e4r\u00a0utvald\u00a0framf\u00f6r\u00a0andra,\u00a0du\u00a0\u00e4r\u00a0\u00f6nskad\u00a0av\u00a0en\u00a0var,<br \/>vad\u00a0g\u00e5r\u00a0du\u00a0d\u00e5\u00a0s\u00e5\u00a0ensam\u00a0och\u00a0begrundar?<br \/>Du\u00a0\u00e4r\u00a0som\u00a0jungfrun,\u00a0kommen\u00a0fr\u00e5n\u00a0sitt\u00a0f\u00f6rsta\u00a0nattvardsbord,<br \/>som\u00a0i\u00a0den\u00a0tysta\u00a0pingstnatt\u00a0vill\u00a0vaka<br \/>med\u00a0allt\u00a0sitt\u00a0hj\u00e4rtas\u00a0b\u00e4van\u00a0och\u00a0t\u00e4nka\u00a0p\u00e5\u00a0de\u00a0ord<br \/>hon\u00a0f\u00f6rnummit\u00a0och\u00a0de\u00a0under\u00a0hon\u00a0f\u00e5tt\u00a0smaka.<\/p><p>V\u00e4nd\u00a0om,\u00a0v\u00e4nd\u00a0om,\u00a0Maria,\u00a0nu\u00a0blir\u00a0aftonen\u00a0sen.<br \/>Din\u00a0moder\u00a0m\u00e5nde\u00a0s\u00f6rja,\u00a0att\u00a0du\u00a0str\u00f6var\u00a0s\u00e5\u00a0allen:<br \/>du\u00a0\u00e4r\u00a0liten\u00a0och\u00a0br\u00e4cklig\u00a0som\u00a0kn\u00e4ckepilens\u00a0gren,<br \/>och\u00a0i\u00a0skogen\u00a0g\u00e5r\u00a0den\u00a0sl\u00e5ende\u00a0bj\u00f6rnen.<br \/>Ack,\u00a0den\u00a0rosen,\u00a0som\u00a0du\u00a0h\u00e5ller,\u00a0\u00e4r\u00a0ditt\u00a0tecken\u00a0och\u00a0din\u00a0v\u00e5rd;<br \/>den\u00a0\u00e4r\u00a0bringad\u00a0av\u00a0en\u00a0\u00e4ngel\u00a0fr\u00e5n\u00a0en\u00a0salig\u00a0\u00f6rtag\u00e5rd:<br \/>du\u00a0kan\u00a0trampa\u00a0p\u00e5\u00a0ormar\u00a0och\u00a0t\u00f6rnen.<br \/>Ja,\u00a0den\u00a0str\u00e5len,\u00a0som\u00a0ligger\u00a0s\u00e5\u00a0bl\u00e4nkande\u00a0och\u00a0l\u00e5ng<br \/>ifr\u00e5n\u00a0aftonrodnans\u00a0f\u00e4ste\u00a0\u00f6ver\u00a0Siljan\u00a0\u2014<br \/>du\u00a0kunde\u00a0g\u00e5\u00a0till\u00a0paradis\u00a0i\u00a0kv\u00e4ll\u00a0din\u00a0brudeg\u00e5ng<br \/>p\u00e5\u00a0den\u00a0smala\u00a0och\u00a0sk\u00e4lvande\u00a0tiljan.<\/p><\/div>\t\t\t\t\t\t\t\t<\/div>\n\t\t\t\t<\/div>\n\t\t\t\t\t<\/div>\n\t\t<\/div>\n\t\t\t\t<div class=\"elementor-column elementor-col-33 elementor-inner-column elementor-element elementor-element-f219515\" data-id=\"f219515\" data-element_type=\"column\" data-e-type=\"column\">\n\t\t\t<div class=\"elementor-widget-wrap elementor-element-populated\">\n\t\t\t\t\t\t<div class=\"elementor-element elementor-element-14eaa1e elementor-widget elementor-widget-wp-widget-media_audio\" data-id=\"14eaa1e\" data-element_type=\"widget\" data-e-type=\"widget\" data-widget_type=\"wp-widget-media_audio.default\">\n\t\t\t\t<div class=\"elementor-widget-container\">\n\t\t\t\t\t<h5>Ann Boglind l\u00e4ser \u201dJungfru Maria\u201d av Erik Axel Karlfeldt.<\/h5><audio class=\"wp-audio-shortcode\" id=\"audio-2445-1\" preload=\"none\" style=\"width: 100%;\" controls=\"controls\"><source type=\"audio\/mpeg\" src=\"https:\/\/litteraturbanken.se\/skolan\/wp-content\/uploads\/2019\/03\/karlfeldt_jungfrumaria_boglind.mp3?_=1\" \/><source type=\"audio\/mpeg\" src=\"https:\/\/litteraturbanken.se\/skolan\/wp-content\/uploads\/2019\/03\/karlfeldt_jungfrumaria_boglind.mp3?_=1\" \/><a href=\"https:\/\/litteraturbanken.se\/skolan\/wp-content\/uploads\/2019\/03\/karlfeldt_jungfrumaria_boglind.mp3\">https:\/\/litteraturbanken.se\/skolan\/wp-content\/uploads\/2019\/03\/karlfeldt_jungfrumaria_boglind.mp3<\/a><\/audio>\t\t\t\t<\/div>\n\t\t\t\t<\/div>\n\t\t\t\t<div class=\"elementor-element elementor-element-4c94ac8 elementor-icon-list--layout-traditional elementor-list-item-link-full_width elementor-widget elementor-widget-icon-list\" data-id=\"4c94ac8\" data-element_type=\"widget\" data-e-type=\"widget\" data-widget_type=\"icon-list.default\">\n\t\t\t\t<div class=\"elementor-widget-container\">\n\t\t\t\t\t\t\t<ul class=\"elementor-icon-list-items\">\n\t\t\t\t\t\t\t<li class=\"elementor-icon-list-item\">\n\t\t\t\t\t\t\t\t\t\t\t<a href=\"https:\/\/litteraturbanken.se\/forfattare\/KarlfeldtEA\/titlar\/FridolinsLustgard\/sida\/106\/etext\" target=\"_blank\">\n\n\t\t\t\t\t\t\t\t\t\t\t\t<span class=\"elementor-icon-list-icon\">\n\t\t\t\t\t\t\t\t\t\t\t\t\t\t\t\t<i class=\"fa fa-file-text-o\" aria-hidden=\"true\"><\/i>\n\t\t\t\t\t\t\t\t\t\t\t\t\t<\/span>\n\t\t\t\t\t\t\t\t\t\t<span class=\"elementor-icon-list-text\">L\u00e4s dikten p\u00e5 Litteraturbanken<\/span>\n\t\t\t\t\t\t\t\t\t\t\t<\/a>\n\t\t\t\t\t\t\t\t\t<\/li>\n\t\t\t\t\t\t\t\t<li class=\"elementor-icon-list-item\">\n\t\t\t\t\t\t\t\t\t\t\t<a href=\"https:\/\/litteraturbanken.se\/skolan\/?page_id=261\" target=\"_blank\">\n\n\t\t\t\t\t\t\t\t\t\t\t\t<span class=\"elementor-icon-list-icon\">\n\t\t\t\t\t\t\t\t\t\t\t\t\t\t\t\t<i class=\"fa fa-file-text-o\" aria-hidden=\"true\"><\/i>\n\t\t\t\t\t\t\t\t\t\t\t\t\t<\/span>\n\t\t\t\t\t\t\t\t\t\t<span class=\"elementor-icon-list-text\">Termer och begrepp<\/span>\n\t\t\t\t\t\t\t\t\t\t\t<\/a>\n\t\t\t\t\t\t\t\t\t<\/li>\n\t\t\t\t\t\t<\/ul>\n\t\t\t\t\t\t<\/div>\n\t\t\t\t<\/div>\n\t\t\t\t<div class=\"elementor-element elementor-element-5ed12fe elementor-align-center elementor-widget elementor-widget-button\" data-id=\"5ed12fe\" data-element_type=\"widget\" data-e-type=\"widget\" data-widget_type=\"button.default\">\n\t\t\t\t<div class=\"elementor-widget-container\">\n\t\t\t\t\t\t\t\t\t<div class=\"elementor-button-wrapper\">\n\t\t\t\t\t<a class=\"elementor-button elementor-button-link elementor-size-md elementor-animation-grow\" href=\"#uppgift\">\n\t\t\t\t\t\t<span class=\"elementor-button-content-wrapper\">\n\t\t\t\t\t\t<span class=\"elementor-button-icon\">\n\t\t\t\t\t\t\t\t\t<i class=\"fa fa-pencil\" aria-hidden=\"true\"><\/i>\n\t\t\t\t\t\t\t<\/span>\n\t\t\t\t\t\t\t\t\t<span class=\"elementor-button-text\">Uppgift, \u00c5k 7\u20139<\/span>\n\t\t\t\t\t<\/span>\n\t\t\t\t\t<\/a>\n\t\t\t\t<\/div>\n\t\t\t\t\t\t\t\t<\/div>\n\t\t\t\t<\/div>\n\t\t\t\t<div class=\"elementor-element elementor-element-c3a7f6b elementor-widget elementor-widget-image\" data-id=\"c3a7f6b\" data-element_type=\"widget\" data-e-type=\"widget\" data-widget_type=\"image.default\">\n\t\t\t\t<div class=\"elementor-widget-container\">\n\t\t\t\t\t\t\t\t\t\t\t\t\t\t\t<img fetchpriority=\"high\" decoding=\"async\" width=\"300\" height=\"300\" src=\"https:\/\/litteraturbanken.se\/skolan\/wp-content\/uploads\/2019\/03\/lb_skolan_2019_knapp_f\u00f6rfattarbild_karlfeldt_gul-e1553013461938.jpg\" class=\"attachment-full size-full wp-image-13748\" alt=\"\" \/>\t\t\t\t\t\t\t\t\t\t\t\t\t\t\t<\/div>\n\t\t\t\t<\/div>\n\t\t\t\t\t<\/div>\n\t\t<\/div>\n\t\t\t\t\t<\/div>\n\t\t<\/section>\n\t\t\t\t<section class=\"elementor-section elementor-top-section elementor-element elementor-element-0e9e095 elementor-section-boxed elementor-section-height-default elementor-section-height-default\" data-id=\"0e9e095\" data-element_type=\"section\" data-e-type=\"section\">\n\t\t\t\t\t\t<div class=\"elementor-container elementor-column-gap-default\">\n\t\t\t\t\t<div class=\"elementor-column elementor-col-100 elementor-top-column elementor-element elementor-element-c68ced2\" data-id=\"c68ced2\" data-element_type=\"column\" data-e-type=\"column\">\n\t\t\t<div class=\"elementor-widget-wrap elementor-element-populated\">\n\t\t\t\t\t\t<div class=\"elementor-element elementor-element-ccf18d0 elementor-widget elementor-widget-spacer\" data-id=\"ccf18d0\" data-element_type=\"widget\" data-e-type=\"widget\" data-widget_type=\"spacer.default\">\n\t\t\t\t<div class=\"elementor-widget-container\">\n\t\t\t\t\t\t\t<div class=\"elementor-spacer\">\n\t\t\t<div class=\"elementor-spacer-inner\"><\/div>\n\t\t<\/div>\n\t\t\t\t\t\t<\/div>\n\t\t\t\t<\/div>\n\t\t\t\t\t<\/div>\n\t\t<\/div>\n\t\t\t\t\t<\/div>\n\t\t<\/section>\n\t\t\t\t<section class=\"elementor-section elementor-top-section elementor-element elementor-element-164bd74 elementor-section-boxed elementor-section-height-default elementor-section-height-default\" data-id=\"164bd74\" data-element_type=\"section\" data-e-type=\"section\">\n\t\t\t\t\t\t<div class=\"elementor-container elementor-column-gap-default\">\n\t\t\t\t\t<div class=\"elementor-column elementor-col-100 elementor-top-column elementor-element elementor-element-2b9138a\" data-id=\"2b9138a\" data-element_type=\"column\" data-e-type=\"column\" data-settings=\"{&quot;background_background&quot;:&quot;classic&quot;}\">\n\t\t\t<div class=\"elementor-widget-wrap elementor-element-populated\">\n\t\t\t\t\t\t<div class=\"elementor-element elementor-element-8ba264e elementor-widget elementor-widget-menu-anchor\" data-id=\"8ba264e\" data-element_type=\"widget\" data-e-type=\"widget\" data-widget_type=\"menu-anchor.default\">\n\t\t\t\t<div class=\"elementor-widget-container\">\n\t\t\t\t\t\t\t<div class=\"elementor-menu-anchor\" id=\"uppgift\"><\/div>\n\t\t\t\t\t\t<\/div>\n\t\t\t\t<\/div>\n\t\t\t\t<section class=\"elementor-section elementor-inner-section elementor-element elementor-element-4f83efd elementor-section-boxed elementor-section-height-default elementor-section-height-default\" data-id=\"4f83efd\" data-element_type=\"section\" data-e-type=\"section\">\n\t\t\t\t\t\t<div class=\"elementor-container elementor-column-gap-default\">\n\t\t\t\t\t<div class=\"elementor-column elementor-col-100 elementor-inner-column elementor-element elementor-element-2aa192f\" data-id=\"2aa192f\" data-element_type=\"column\" data-e-type=\"column\">\n\t\t\t<div class=\"elementor-widget-wrap elementor-element-populated\">\n\t\t\t\t\t\t<div class=\"elementor-element elementor-element-3da2173 elementor-view-framed elementor-shape-circle elementor-widget elementor-widget-icon\" data-id=\"3da2173\" data-element_type=\"widget\" data-e-type=\"widget\" data-widget_type=\"icon.default\">\n\t\t\t\t<div class=\"elementor-widget-container\">\n\t\t\t\t\t\t\t<div class=\"elementor-icon-wrapper\">\n\t\t\t<div class=\"elementor-icon\">\n\t\t\t\t\t\t\t<i class=\"fa fa-pencil\" aria-hidden=\"true\"><\/i>\n\t\t\t\t\t\t<\/div>\n\t\t<\/div>\n\t\t\t\t\t\t<\/div>\n\t\t\t\t<\/div>\n\t\t\t\t<div class=\"elementor-element elementor-element-1cb71be elementor-widget elementor-widget-toggle\" data-id=\"1cb71be\" data-element_type=\"widget\" data-e-type=\"widget\" data-widget_type=\"toggle.default\">\n\t\t\t\t<div class=\"elementor-widget-container\">\n\t\t\t\t\t\t\t<div class=\"elementor-toggle\">\n\t\t\t\t\t\t\t<div class=\"elementor-toggle-item\">\n\t\t\t\t\t<div id=\"elementor-tab-title-3011\" class=\"elementor-tab-title\" data-tab=\"1\" role=\"button\" aria-controls=\"elementor-tab-content-3011\" aria-expanded=\"false\">\n\t\t\t\t\t\t\t\t\t\t\t\t<span class=\"elementor-toggle-icon elementor-toggle-icon-left\" aria-hidden=\"true\">\n\t\t\t\t\t\t\t\t\t\t\t\t\t\t\t<i class=\"elementor-toggle-icon-closed fa fa-chevron-right\"><\/i>\n\t\t\t\t\t\t\t\t<i class=\"elementor-toggle-icon-opened fa fa-chevron-down\"><\/i>\n\t\t\t\t\t\t\t\t\t\t\t\t\t<\/span>\n\t\t\t\t\t\t\t\t\t\t\t\t<a class=\"elementor-toggle-title\" tabindex=\"0\">\u00c5rskurs 7\u20139<\/a>\n\t\t\t\t\t<\/div>\n\n\t\t\t\t\t<div id=\"elementor-tab-content-3011\" class=\"elementor-tab-content elementor-clearfix\" data-tab=\"1\" role=\"region\" aria-labelledby=\"elementor-tab-title-3011\"><h3>Fr\u00e5gor\u00a0<\/h3><p>Dikten brukar f\u00f6rknippas med de gamla dalm\u00e5lningarna som placerade bibliska gestalter i Dalarna, vilket \u00e4r tydligt i de fem f\u00f6rsta raderna i de tv\u00e5 f\u00f6rsta stroferna. Resten av dikten riktar sig till flickan som diktjaget ser p\u00e5 \u00e4ngen.<\/p><p>1 Vem \u00e4r flickan?<\/p><p>2 Hur beskrivs flickan i dikten?<\/p><h3>S\u00f6k vidare<\/h3><p>Dikten finns tonsatt av Nils S\u00f6derstr\u00f6m, lyssna g\u00e4rna p\u00e5 den.<\/p><\/div>\n\t\t\t\t<\/div>\n\t\t\t\t\t\t\t\t<\/div>\n\t\t\t\t\t\t<\/div>\n\t\t\t\t<\/div>\n\t\t\t\t\t<\/div>\n\t\t<\/div>\n\t\t\t\t\t<\/div>\n\t\t<\/section>\n\t\t\t\t<div class=\"elementor-element elementor-element-75487ca elementor-widget elementor-widget-spacer\" data-id=\"75487ca\" data-element_type=\"widget\" data-e-type=\"widget\" data-widget_type=\"spacer.default\">\n\t\t\t\t<div class=\"elementor-widget-container\">\n\t\t\t\t\t\t\t<div class=\"elementor-spacer\">\n\t\t\t<div class=\"elementor-spacer-inner\"><\/div>\n\t\t<\/div>\n\t\t\t\t\t\t<\/div>\n\t\t\t\t<\/div>\n\t\t\t\t\t<\/div>\n\t\t<\/div>\n\t\t\t\t\t<\/div>\n\t\t<\/section>\n\t\t\t\t<section class=\"elementor-section elementor-top-section elementor-element elementor-element-dcc2001 elementor-section-boxed elementor-section-height-default elementor-section-height-default\" data-id=\"dcc2001\" data-element_type=\"section\" data-e-type=\"section\">\n\t\t\t\t\t\t<div class=\"elementor-container elementor-column-gap-default\">\n\t\t\t\t\t<div class=\"elementor-column elementor-col-100 elementor-top-column elementor-element elementor-element-b6a074f\" data-id=\"b6a074f\" data-element_type=\"column\" data-e-type=\"column\">\n\t\t\t<div class=\"elementor-widget-wrap elementor-element-populated\">\n\t\t\t\t\t\t<div class=\"elementor-element elementor-element-4cf1294 elementor-widget elementor-widget-spacer\" data-id=\"4cf1294\" data-element_type=\"widget\" data-e-type=\"widget\" data-widget_type=\"spacer.default\">\n\t\t\t\t<div class=\"elementor-widget-container\">\n\t\t\t\t\t\t\t<div class=\"elementor-spacer\">\n\t\t\t<div class=\"elementor-spacer-inner\"><\/div>\n\t\t<\/div>\n\t\t\t\t\t\t<\/div>\n\t\t\t\t<\/div>\n\t\t\t\t\t<\/div>\n\t\t<\/div>\n\t\t\t\t\t<\/div>\n\t\t<\/section>\n\t\t\t\t<\/div>\n\t\t","protected":false},"excerpt":{"rendered":"<p>Jungfru Maria\u200b Av\u00a0Erik Axel Karlfeldt Ur:\u00a0Fridolins lustg\u00e5rd\u00a0(1901)\u00a0\u00a0\u00c5rskurs:\u00a07\u20139\u00a0 Tema:\u00a0Gud och m\u00e4nniska,\u00a0Sommar Hon\u00a0kommer\u00a0utf\u00f6r\u00a0\u00e4ngarna\u00a0vid\u00a0Sjugareby.Hon\u00a0\u00e4r\u00a0en\u00a0liten\u00a0kulla\u00a0med\u00a0mandelblommans\u00a0hy,ja,\u00a0som\u00a0mandelblom\u00a0och\u00a0nyponblom\u00a0l\u00e5ngt\u00a0bort\u00a0fr\u00e5nv\u00e4g\u00a0och\u00a0by,d\u00e4r\u00a0aldrig\u00a0det\u00a0dammar\u00a0och\u00a0vandras.Vilka\u00a0stigar\u00a0har\u00a0du\u00a0vankat,\u00a0s\u00e5\u00a0att\u00a0solen\u00a0dig\u00a0ej\u00a0br\u00e4nt?Vad\u00a0har\u00a0du\u00a0dr\u00f6mt,\u00a0Maria,\u00a0i\u00a0ditt\u00a0unga\u00a0br\u00f6st\u00a0och\u00a0k\u00e4nt,att\u00a0ditt\u00a0blod\u00a0icke\u00a0brinner\u00a0som\u00a0de\u00a0andras?Det\u00a0skiner\u00a0s\u00e5\u00a0f\u00f6runderligt\u00a0ifr\u00e5n\u00a0ditt\u00a0bara\u00a0h\u00e5r,och\u00a0din\u00a0panna\u00a0\u00e4r\u00a0som\u00a0b\u00e5giga\u00a0m\u00e5nen,n\u00e4r\u00a0\u00f6ver\u00a0Bergs\u00e4ngsbackar\u00a0han\u00a0vit\u00a0och\u00a0lutad\u00a0g\u00e5roch\u00a0lyser\u00a0genom\u00a0v\u00e5rliga\u00a0sl\u00e5nen. Nu\u00a0svalkar\u00a0aftonvinden\u00a0i\u00a0acklejornas\u00a0lid,och\u00a0gula\u00a0liljeklockor\u00a0ringa\u00a0helgsm\u00e5l\u00a0och\u00a0frid;knappt\u00a0gn\u00e4ggar\u00a0hagens\u00a0f\u00e5le,\u00a0knappt\u00a0br\u00e4ker\u00a0f\u00e5llans\u00a0kid,knappt\u00a0piper\u00a0det\u00a0i\u00a0svalbon\u00a0och\u00a0lundar.Nu\u00a0g\u00e5\u00a0Dalarnas\u00a0ynglingar\u00a0och\u00a0flickor\u00a0par\u00a0om\u00a0par;du\u00a0\u00e4r\u00a0utvald\u00a0framf\u00f6r\u00a0andra,\u00a0du\u00a0\u00e4r\u00a0\u00f6nskad\u00a0av\u00a0en\u00a0var,vad\u00a0g\u00e5r\u00a0du\u00a0d\u00e5\u00a0s\u00e5\u00a0ensam\u00a0och\u00a0begrundar?Du\u00a0\u00e4r\u00a0som\u00a0jungfrun,\u00a0kommen\u00a0fr\u00e5n\u00a0sitt\u00a0f\u00f6rsta\u00a0nattvardsbord,som\u00a0i\u00a0den\u00a0tysta\u00a0pingstnatt\u00a0vill\u00a0vakamed\u00a0allt\u00a0sitt\u00a0hj\u00e4rtas\u00a0b\u00e4van\u00a0och\u00a0t\u00e4nka\u00a0p\u00e5\u00a0de\u00a0ordhon\u00a0f\u00f6rnummit\u00a0och\u00a0de\u00a0under\u00a0hon\u00a0f\u00e5tt\u00a0smaka. V\u00e4nd\u00a0om,\u00a0v\u00e4nd\u00a0om,\u00a0Maria,\u00a0nu\u00a0blir\u00a0aftonen\u00a0sen.Din\u00a0moder\u00a0m\u00e5nde\u00a0s\u00f6rja,\u00a0att\u00a0du\u00a0str\u00f6var\u00a0s\u00e5\u00a0allen:du\u00a0\u00e4r\u00a0liten\u00a0och\u00a0br\u00e4cklig\u00a0som\u00a0kn\u00e4ckepilens\u00a0gren,och\u00a0i\u00a0skogen\u00a0g\u00e5r\u00a0den\u00a0sl\u00e5ende\u00a0bj\u00f6rnen.Ack,\u00a0den\u00a0rosen,\u00a0som\u00a0du\u00a0h\u00e5ller,\u00a0\u00e4r\u00a0ditt\u00a0tecken\u00a0och\u00a0din\u00a0v\u00e5rd;den\u00a0\u00e4r\u00a0bringad\u00a0av\u00a0en\u00a0\u00e4ngel\u00a0fr\u00e5n\u00a0en\u00a0salig\u00a0\u00f6rtag\u00e5rd:du\u00a0kan\u00a0trampa\u00a0p\u00e5\u00a0ormar\u00a0och\u00a0t\u00f6rnen.Ja,\u00a0den\u00a0str\u00e5len,\u00a0som\u00a0ligger\u00a0s\u00e5\u00a0bl\u00e4nkande\u00a0och\u00a0l\u00e5ngifr\u00e5n\u00a0aftonrodnans\u00a0f\u00e4ste\u00a0\u00f6ver\u00a0Siljan\u00a0\u2014du\u00a0kunde\u00a0g\u00e5\u00a0till\u00a0paradis\u00a0i\u00a0kv\u00e4ll\u00a0din\u00a0brudeg\u00e5ngp\u00e5\u00a0den\u00a0smala\u00a0och\u00a0sk\u00e4lvande\u00a0tiljan. L\u00e4s dikten p\u00e5 Litteraturbanken Termer och begrepp Uppgift, \u00c5k 7\u20139 \u00c5rskurs 7\u20139 Fr\u00e5gor\u00a0 Dikten brukar f\u00f6rknippas med de gamla dalm\u00e5lningarna som placerade bibliska gestalter i Dalarna, vilket \u00e4r tydligt i de fem f\u00f6rsta raderna i de tv\u00e5 f\u00f6rsta stroferna. Resten av dikten [&hellip;]<\/p>\n","protected":false},"author":5,"featured_media":0,"parent":0,"menu_order":0,"comment_status":"closed","ping_status":"closed","template":"","meta":{"ocean_post_layout":"full-screen","ocean_both_sidebars_style":"","ocean_both_sidebars_content_width":0,"ocean_both_sidebars_sidebars_width":0,"ocean_sidebar":"0","ocean_second_sidebar":"0","ocean_disable_margins":"enable","ocean_add_body_class":"","ocean_shortcode_before_top_bar":"","ocean_shortcode_after_top_bar":"","ocean_shortcode_before_header":"","ocean_shortcode_after_header":"","ocean_has_shortcode":"","ocean_shortcode_after_title":"","ocean_shortcode_before_footer_widgets":"","ocean_shortcode_after_footer_widgets":"","ocean_shortcode_before_footer_bottom":"","ocean_shortcode_after_footer_bottom":"","ocean_display_top_bar":"default","ocean_display_header":"default","ocean_header_style":"","ocean_center_header_left_menu":"0","ocean_custom_header_template":"0","ocean_custom_logo":0,"ocean_custom_retina_logo":0,"ocean_custom_logo_max_width":0,"ocean_custom_logo_tablet_max_width":0,"ocean_custom_logo_mobile_max_width":0,"ocean_custom_logo_max_height":0,"ocean_custom_logo_tablet_max_height":0,"ocean_custom_logo_mobile_max_height":0,"ocean_header_custom_menu":"0","ocean_menu_typo_font_family":"0","ocean_menu_typo_font_subset":"","ocean_menu_typo_font_size":0,"ocean_menu_typo_font_size_tablet":0,"ocean_menu_typo_font_size_mobile":0,"ocean_menu_typo_font_size_unit":"px","ocean_menu_typo_font_weight":"","ocean_menu_typo_font_weight_tablet":"","ocean_menu_typo_font_weight_mobile":"","ocean_menu_typo_transform":"","ocean_menu_typo_transform_tablet":"","ocean_menu_typo_transform_mobile":"","ocean_menu_typo_line_height":0,"ocean_menu_typo_line_height_tablet":0,"ocean_menu_typo_line_height_mobile":0,"ocean_menu_typo_line_height_unit":"","ocean_menu_typo_spacing":0,"ocean_menu_typo_spacing_tablet":0,"ocean_menu_typo_spacing_mobile":0,"ocean_menu_typo_spacing_unit":"","ocean_menu_link_color":"","ocean_menu_link_color_hover":"","ocean_menu_link_color_active":"","ocean_menu_link_background":"","ocean_menu_link_hover_background":"","ocean_menu_link_active_background":"","ocean_menu_social_links_bg":"","ocean_menu_social_hover_links_bg":"","ocean_menu_social_links_color":"","ocean_menu_social_hover_links_color":"","ocean_disable_title":"on","ocean_disable_heading":"default","ocean_post_title":"","ocean_post_subheading":"","ocean_post_title_style":"","ocean_post_title_background_color":"","ocean_post_title_background":0,"ocean_post_title_bg_image_position":"","ocean_post_title_bg_image_attachment":"","ocean_post_title_bg_image_repeat":"","ocean_post_title_bg_image_size":"","ocean_post_title_height":0,"ocean_post_title_bg_overlay":0.5,"ocean_post_title_bg_overlay_color":"","ocean_disable_breadcrumbs":"default","ocean_breadcrumbs_color":"","ocean_breadcrumbs_separator_color":"","ocean_breadcrumbs_links_color":"","ocean_breadcrumbs_links_hover_color":"","ocean_display_footer_widgets":"default","ocean_display_footer_bottom":"default","ocean_custom_footer_template":"0","footnotes":""},"class_list":["post-2445","page","type-page","status-publish","hentry","entry"],"_links":{"self":[{"href":"https:\/\/litteraturbanken.se\/skolan\/wp-json\/wp\/v2\/pages\/2445","targetHints":{"allow":["GET"]}}],"collection":[{"href":"https:\/\/litteraturbanken.se\/skolan\/wp-json\/wp\/v2\/pages"}],"about":[{"href":"https:\/\/litteraturbanken.se\/skolan\/wp-json\/wp\/v2\/types\/page"}],"author":[{"embeddable":true,"href":"https:\/\/litteraturbanken.se\/skolan\/wp-json\/wp\/v2\/users\/5"}],"replies":[{"embeddable":true,"href":"https:\/\/litteraturbanken.se\/skolan\/wp-json\/wp\/v2\/comments?post=2445"}],"version-history":[{"count":31,"href":"https:\/\/litteraturbanken.se\/skolan\/wp-json\/wp\/v2\/pages\/2445\/revisions"}],"predecessor-version":[{"id":19976,"href":"https:\/\/litteraturbanken.se\/skolan\/wp-json\/wp\/v2\/pages\/2445\/revisions\/19976"}],"wp:attachment":[{"href":"https:\/\/litteraturbanken.se\/skolan\/wp-json\/wp\/v2\/media?parent=2445"}],"curies":[{"name":"wp","href":"https:\/\/api.w.org\/{rel}","templated":true}]}}