{"id":2458,"date":"2018-07-16T21:50:40","date_gmt":"2018-07-16T19:50:40","guid":{"rendered":"https:\/\/litteraturbanken.se\/skoladev\/?page_id=2458"},"modified":"2020-02-11T11:54:10","modified_gmt":"2020-02-11T10:54:10","slug":"poesi-forfattare-erik-axel-karlfeldt-gokstolden","status":"publish","type":"page","link":"https:\/\/litteraturbanken.se\/skolan\/poesi-forfattare-erik-axel-karlfeldt-gokstolden\/","title":{"rendered":"Poesi\/F\u00f6rfattare\/Erik Axel Karlfeldt\/G\u00f6kst\u00f6lden"},"content":{"rendered":"\t\t<div data-elementor-type=\"wp-post\" data-elementor-id=\"2458\" class=\"elementor elementor-2458\">\n\t\t\t\t\t\t<section class=\"elementor-section elementor-top-section elementor-element elementor-element-c9f1647 elementor-section-boxed elementor-section-height-default elementor-section-height-default\" data-id=\"c9f1647\" data-element_type=\"section\" data-e-type=\"section\">\n\t\t\t\t\t\t<div class=\"elementor-container elementor-column-gap-default\">\n\t\t\t\t\t<div class=\"elementor-column elementor-col-100 elementor-top-column elementor-element elementor-element-ae536e1\" data-id=\"ae536e1\" data-element_type=\"column\" data-e-type=\"column\">\n\t\t\t<div class=\"elementor-widget-wrap elementor-element-populated\">\n\t\t\t\t\t\t<div class=\"elementor-element elementor-element-b12369b elementor-widget elementor-widget-spacer\" data-id=\"b12369b\" data-element_type=\"widget\" data-e-type=\"widget\" data-widget_type=\"spacer.default\">\n\t\t\t\t<div class=\"elementor-widget-container\">\n\t\t\t\t\t\t\t<div class=\"elementor-spacer\">\n\t\t\t<div class=\"elementor-spacer-inner\"><\/div>\n\t\t<\/div>\n\t\t\t\t\t\t<\/div>\n\t\t\t\t<\/div>\n\t\t\t\t\t<\/div>\n\t\t<\/div>\n\t\t\t\t\t<\/div>\n\t\t<\/section>\n\t\t\t\t<section class=\"elementor-section elementor-inner-section elementor-element elementor-element-e7d8d4c elementor-section-boxed elementor-section-height-default elementor-section-height-default\" data-id=\"e7d8d4c\" data-element_type=\"section\" data-e-type=\"section\">\n\t\t\t\t\t\t<div class=\"elementor-container elementor-column-gap-default\">\n\t\t\t\t\t<div class=\"elementor-column elementor-col-66 elementor-inner-column elementor-element elementor-element-895e715\" data-id=\"895e715\" data-element_type=\"column\" data-e-type=\"column\" data-settings=\"{&quot;background_background&quot;:&quot;classic&quot;}\">\n\t\t\t<div class=\"elementor-widget-wrap elementor-element-populated\">\n\t\t\t\t\t\t<div class=\"elementor-element elementor-element-7962943 elementor-widget elementor-widget-heading\" data-id=\"7962943\" data-element_type=\"widget\" data-e-type=\"widget\" data-widget_type=\"heading.default\">\n\t\t\t\t<div class=\"elementor-widget-container\">\n\t\t\t\t\t<h2 class=\"elementor-heading-title elementor-size-default\">G\u00f6kst\u00f6lden<\/h2>\t\t\t\t<\/div>\n\t\t\t\t<\/div>\n\t\t\t\t<div class=\"elementor-element elementor-element-894a481 elementor-widget elementor-widget-text-editor\" data-id=\"894a481\" data-element_type=\"widget\" data-e-type=\"widget\" data-widget_type=\"text-editor.default\">\n\t\t\t\t<div class=\"elementor-widget-container\">\n\t\t\t\t\t\t\t\t\t<p>Av\u00a0<a href=\"https:\/\/litteraturbanken.se\/skolan\/?page_id=304\"><em>Erik Axel Karlfeldt<\/em><\/a><\/p>\t\t\t\t\t\t\t\t<\/div>\n\t\t\t\t<\/div>\n\t\t\t\t<div class=\"elementor-element elementor-element-dc6a361 elementor-widget elementor-widget-text-editor\" data-id=\"dc6a361\" data-element_type=\"widget\" data-e-type=\"widget\" data-widget_type=\"text-editor.default\">\n\t\t\t\t<div class=\"elementor-widget-container\">\n\t\t\t\t\t\t\t\t\t<p><strong>Ur:<\/strong>\u00a0<em>Flora och Bellona<\/em>\u00a0<a class=\"title ng-binding\"><span class=\"ng-binding\" aria-hidden=\"false\">(1918)<\/span><\/a><span style=\"font-size: 15px; letter-spacing: 0.6px;\">\u00a0\u00a0<\/span><strong>\u00c5rskurs:<\/strong>\u00a07\u20139\u00a0 \u00a0<strong>Tema:<\/strong> Fattigsverige<\/p>\t\t\t\t\t\t\t\t<\/div>\n\t\t\t\t<\/div>\n\t\t\t\t<div class=\"elementor-element elementor-element-e15d62d elementor-widget elementor-widget-text-editor\" data-id=\"e15d62d\" data-element_type=\"widget\" data-e-type=\"widget\" data-widget_type=\"text-editor.default\">\n\t\t\t\t<div class=\"elementor-widget-container\">\n\t\t\t\t\t\t\t\t\t<div class=\"titlepage\"><div>Det sm\u00e4llde skott i l\u00f6ten.<\/div><div>D\u00e5\u00a0visste\u00a0hela\u00a0byn:<\/div><div><p>soldaterna\u00a0kommer\u00a0fr\u00e5n\u00a0m\u00f6tet<br \/>med\u00a0kalv\u00a0och\u00a0gev\u00e4r\u00a0och\u00a0plym.<\/p><p>Se\u00a0socknens\u00a0mandom\u00a0och\u00a0f\u00f6rsvar!<br \/>Se\u00a0Lejon,\u00a0Krans\u00a0och\u00a0Krig,<br \/>tre\u00a0st\u00f6ddiga\u00a0nummerkarlar<br \/>och\u00a0karl\u00a0en\u00a0var\u00a0f\u00f6r\u00a0sig!<\/p><p>Med\u00a0stolthet\u00a0sprang\u00a0vi\u00a0systrar<br \/>i\u00a0v\u00e4g\u00a0att\u00a0m\u00f6ta\u00a0far.<br \/>Han\u00a0\u00f6ppnade\u00a0tornistern<br \/>och\u00a0gav\u00a0oss\u00a0en\u00a0lerg\u00f6k\u00a0var.<\/p><p>Det\u00a0var\u00a0en\u00a0fr\u00f6jd\u00a0den\u00a0dagen.<br \/>D\u00e5\u00a0gol\u00a0en\u00a0treklangsg\u00f6k<br \/>i\u00a0torpet\u00a0och\u00a0i\u00a0hagen<br \/>och\u00a0lockade\u00a0bes\u00f6k.<\/p><p>Vi\u00a0gick\u00a0till\u00a0fattighuset<br \/>att\u00a0visa\u00a0vad\u00a0vi\u00a0f\u00e5tt.<br \/>I\u00a0s\u00e4ngen\u00a0l\u00e5g\u00a0f\u00e5niga\u00a0Gustav<br \/>och\u00a0skrattade\u00a0s\u00e5\u00a0gott.<\/p><p>Per-Olans\u00a0fula\u00a0pojke<br \/>vart\u00a0blek\u00a0och\u00a0hemsk\u00a0att\u00a0se,<br \/>n\u00e4r\u00a0g\u00f6karna\u00a0b\u00f6rjade\u00a0hojta,<br \/>en,\u00a0tv\u00e5,\u00a0tre.<\/p><p>Per-Olans\u00a0onda\u00a0tunga<br \/>gick\u00a0an:\u00a0\u201dNej,\u00a0har\u00a0man\u00a0sport!<br \/>En\u00a0g\u00f6k\u00a0\u00e5t\u00a0varje\u00a0unge!<br \/>Soldaten\u00a0sl\u00e5r\u00a0p\u00e5\u00a0stort\u201d<\/p><p>Vi\u00a0lekte\u00a0i\u00a0fattighusk\u00f6ket.<br \/>N\u00e4r\u00a0sen\u00a0vi\u00a0ville\u00a0g\u00e5,<br \/>d\u00e5\u00a0s\u00f6kte\u00a0jag\u00a0f\u00e5f\u00e4ngt\u00a0och\u00a0f\u00e5f\u00e4ngt\u00a0min\u00a0g\u00f6k<br \/>i\u00a0varje\u00a0h\u00f6rn\u00a0och\u00a0vr\u00e5.<\/p><p>\u201dNu\u00a0f\u00e5r\u00a0du\u00a0stryk\u201d,\u00a0skrek\u00a0Per-Olan,<br \/>\u201dav\u00a0far\u00a0din,\u00a0den\u00a0leda\u00a0karln.\u201d<br \/>I\u00a0h\u00e4cken\u00a0bakom\u00a0skolan<br \/>jag\u00a0l\u00e5g,\u00a0ett\u00a0f\u00f6rlorat\u00a0barn.<\/p><p>Jag\u00a0gr\u00e4t\u00a0av\u00a0sorg\u00a0och\u00a0fruktan,<br \/>jag\u00a0gr\u00e4t\u00a0som\u00a0allt\u00a0jag\u00a0mist.<br \/>Jag\u00a0k\u00e4nde\u00a0mullen\u00a0lukta<br \/>och\u00a0gr\u00e4s\u00a0och\u00a0hallonkvist.<\/p><p>Bin\u00a0surrade\u00a0d\u00e4rinne,<br \/>d\u00e4r\u00a0kr\u00f6p\u00a0visst\u00a0orm\u00a0och\u00a0sl\u00e5.<br \/>Nu\u00a0kunde\u00a0de\u00a0g\u00e4rna\u00a0stinga,<br \/>mitt\u00a0liv\u00a0var\u00a0f\u00f6rspillt\u00a0\u00e4nd\u00e5.<\/p><p>Man\u00a0letade\u00a0under\u00a0tiden<br \/>i\u00a0backe,\u00a0b\u00e4ck\u00a0och\u00a0brunn.<br \/>Man\u00a0fann\u00a0mig\u00a0somnad\u00a0omsider<br \/>i\u00a0kv\u00e4llens\u00a0sena\u00a0stund.<\/p><p>S\u00e5\u00a0spordes\u00a0framp\u00e5\u00a0sommarn<br \/>att\u00a0n\u00e5gon\u00a0g\u00e5tt\u00a0f\u00f6rbi<br \/>och\u00a0h\u00f6rt\u00a0fr\u00e5n\u00a0Per-Olans\u00a0kammar<br \/>en\u00a0lerg\u00f6ksmelodi.<\/p><\/div><\/div>\t\t\t\t\t\t\t\t<\/div>\n\t\t\t\t<\/div>\n\t\t\t\t\t<\/div>\n\t\t<\/div>\n\t\t\t\t<div class=\"elementor-column elementor-col-33 elementor-inner-column elementor-element elementor-element-c2a4998\" data-id=\"c2a4998\" data-element_type=\"column\" data-e-type=\"column\">\n\t\t\t<div class=\"elementor-widget-wrap elementor-element-populated\">\n\t\t\t\t\t\t<div class=\"elementor-element elementor-element-a6f1d27 elementor-widget elementor-widget-wp-widget-media_audio\" data-id=\"a6f1d27\" data-element_type=\"widget\" data-e-type=\"widget\" data-widget_type=\"wp-widget-media_audio.default\">\n\t\t\t\t<div class=\"elementor-widget-container\">\n\t\t\t\t\t<h5>Anna Nordlund l\u00e4ser \u201dG\u00f6kst\u00f6lden\u201d av Erik Axel Karlfeldt.<\/h5><audio class=\"wp-audio-shortcode\" id=\"audio-2458-1\" preload=\"none\" style=\"width: 100%;\" controls=\"controls\"><source type=\"audio\/mpeg\" src=\"https:\/\/litteraturbanken.se\/skolan\/wp-content\/uploads\/2019\/03\/karlfeldt_gokstolden_nordlund.mp3?_=1\" \/><source type=\"audio\/mpeg\" src=\"https:\/\/litteraturbanken.se\/skolan\/wp-content\/uploads\/2019\/03\/karlfeldt_gokstolden_nordlund.mp3?_=1\" \/><a href=\"https:\/\/litteraturbanken.se\/skolan\/wp-content\/uploads\/2019\/03\/karlfeldt_gokstolden_nordlund.mp3\">https:\/\/litteraturbanken.se\/skolan\/wp-content\/uploads\/2019\/03\/karlfeldt_gokstolden_nordlund.mp3<\/a><\/audio>\t\t\t\t<\/div>\n\t\t\t\t<\/div>\n\t\t\t\t<div class=\"elementor-element elementor-element-be1e265 elementor-icon-list--layout-traditional elementor-list-item-link-full_width elementor-widget elementor-widget-icon-list\" data-id=\"be1e265\" data-element_type=\"widget\" data-e-type=\"widget\" data-widget_type=\"icon-list.default\">\n\t\t\t\t<div class=\"elementor-widget-container\">\n\t\t\t\t\t\t\t<ul class=\"elementor-icon-list-items\">\n\t\t\t\t\t\t\t<li class=\"elementor-icon-list-item\">\n\t\t\t\t\t\t\t\t\t\t\t<a href=\"https:\/\/litteraturbanken.se\/forfattare\/KarlfeldtEA\/titlar\/FloraOchBellona\/sida\/93\/etext\" target=\"_blank\">\n\n\t\t\t\t\t\t\t\t\t\t\t\t<span class=\"elementor-icon-list-icon\">\n\t\t\t\t\t\t\t\t\t\t\t\t\t\t\t\t<i class=\"fa fa-file-text-o\" aria-hidden=\"true\"><\/i>\n\t\t\t\t\t\t\t\t\t\t\t\t\t<\/span>\n\t\t\t\t\t\t\t\t\t\t<span class=\"elementor-icon-list-text\">L\u00e4s dikten p\u00e5 Litteraturbanken<\/span>\n\t\t\t\t\t\t\t\t\t\t\t<\/a>\n\t\t\t\t\t\t\t\t\t<\/li>\n\t\t\t\t\t\t\t\t<li class=\"elementor-icon-list-item\">\n\t\t\t\t\t\t\t\t\t\t\t<a href=\"https:\/\/litteraturbanken.se\/skolan\/?page_id=261\" target=\"_blank\">\n\n\t\t\t\t\t\t\t\t\t\t\t\t<span class=\"elementor-icon-list-icon\">\n\t\t\t\t\t\t\t\t\t\t\t\t\t\t\t\t<i class=\"fa fa-file-text-o\" aria-hidden=\"true\"><\/i>\n\t\t\t\t\t\t\t\t\t\t\t\t\t<\/span>\n\t\t\t\t\t\t\t\t\t\t<span class=\"elementor-icon-list-text\">Termer och begrepp<\/span>\n\t\t\t\t\t\t\t\t\t\t\t<\/a>\n\t\t\t\t\t\t\t\t\t<\/li>\n\t\t\t\t\t\t<\/ul>\n\t\t\t\t\t\t<\/div>\n\t\t\t\t<\/div>\n\t\t\t\t<div class=\"elementor-element elementor-element-a502388 elementor-align-center elementor-widget elementor-widget-button\" data-id=\"a502388\" data-element_type=\"widget\" data-e-type=\"widget\" data-widget_type=\"button.default\">\n\t\t\t\t<div class=\"elementor-widget-container\">\n\t\t\t\t\t\t\t\t\t<div class=\"elementor-button-wrapper\">\n\t\t\t\t\t<a class=\"elementor-button elementor-button-link elementor-size-md elementor-animation-grow\" href=\"#uppgift\">\n\t\t\t\t\t\t<span class=\"elementor-button-content-wrapper\">\n\t\t\t\t\t\t<span class=\"elementor-button-icon\">\n\t\t\t\t\t\t\t\t\t<i class=\"fa fa-pencil\" aria-hidden=\"true\"><\/i>\n\t\t\t\t\t\t\t<\/span>\n\t\t\t\t\t\t\t\t\t<span class=\"elementor-button-text\">Uppgift, \u00c5k 7\u20139<\/span>\n\t\t\t\t\t<\/span>\n\t\t\t\t\t<\/a>\n\t\t\t\t<\/div>\n\t\t\t\t\t\t\t\t<\/div>\n\t\t\t\t<\/div>\n\t\t\t\t<div class=\"elementor-element elementor-element-750e521 elementor-widget elementor-widget-image\" data-id=\"750e521\" data-element_type=\"widget\" data-e-type=\"widget\" data-widget_type=\"image.default\">\n\t\t\t\t<div class=\"elementor-widget-container\">\n\t\t\t\t\t\t\t\t\t\t\t\t\t\t\t<img fetchpriority=\"high\" decoding=\"async\" width=\"300\" height=\"300\" src=\"https:\/\/litteraturbanken.se\/skolan\/wp-content\/uploads\/2019\/03\/lb_skolan_2019_knapp_f\u00f6rfattarbild_karlfeldt_gul-e1553013461938.jpg\" class=\"attachment-full size-full wp-image-13748\" alt=\"\" \/>\t\t\t\t\t\t\t\t\t\t\t\t\t\t\t<\/div>\n\t\t\t\t<\/div>\n\t\t\t\t\t<\/div>\n\t\t<\/div>\n\t\t\t\t\t<\/div>\n\t\t<\/section>\n\t\t\t\t<section class=\"elementor-section elementor-top-section elementor-element elementor-element-19f2add elementor-section-boxed elementor-section-height-default elementor-section-height-default\" data-id=\"19f2add\" data-element_type=\"section\" data-e-type=\"section\">\n\t\t\t\t\t\t<div class=\"elementor-container elementor-column-gap-default\">\n\t\t\t\t\t<div class=\"elementor-column elementor-col-100 elementor-top-column elementor-element elementor-element-b490376\" data-id=\"b490376\" data-element_type=\"column\" data-e-type=\"column\">\n\t\t\t<div class=\"elementor-widget-wrap elementor-element-populated\">\n\t\t\t\t\t\t<div class=\"elementor-element elementor-element-e41d71f elementor-widget elementor-widget-spacer\" data-id=\"e41d71f\" data-element_type=\"widget\" data-e-type=\"widget\" data-widget_type=\"spacer.default\">\n\t\t\t\t<div class=\"elementor-widget-container\">\n\t\t\t\t\t\t\t<div class=\"elementor-spacer\">\n\t\t\t<div class=\"elementor-spacer-inner\"><\/div>\n\t\t<\/div>\n\t\t\t\t\t\t<\/div>\n\t\t\t\t<\/div>\n\t\t\t\t\t<\/div>\n\t\t<\/div>\n\t\t\t\t\t<\/div>\n\t\t<\/section>\n\t\t\t\t<section class=\"elementor-section elementor-top-section elementor-element elementor-element-4630338 elementor-section-boxed elementor-section-height-default elementor-section-height-default\" data-id=\"4630338\" data-element_type=\"section\" data-e-type=\"section\">\n\t\t\t\t\t\t<div class=\"elementor-container elementor-column-gap-default\">\n\t\t\t\t\t<div class=\"elementor-column elementor-col-100 elementor-top-column elementor-element elementor-element-ed293a2\" data-id=\"ed293a2\" data-element_type=\"column\" data-e-type=\"column\" data-settings=\"{&quot;background_background&quot;:&quot;classic&quot;}\">\n\t\t\t<div class=\"elementor-widget-wrap elementor-element-populated\">\n\t\t\t\t\t\t<div class=\"elementor-element elementor-element-136ee19 elementor-widget elementor-widget-menu-anchor\" data-id=\"136ee19\" data-element_type=\"widget\" data-e-type=\"widget\" data-widget_type=\"menu-anchor.default\">\n\t\t\t\t<div class=\"elementor-widget-container\">\n\t\t\t\t\t\t\t<div class=\"elementor-menu-anchor\" id=\"uppgift\"><\/div>\n\t\t\t\t\t\t<\/div>\n\t\t\t\t<\/div>\n\t\t\t\t<section class=\"elementor-section elementor-inner-section elementor-element elementor-element-df3bc64 elementor-section-boxed elementor-section-height-default elementor-section-height-default\" data-id=\"df3bc64\" data-element_type=\"section\" data-e-type=\"section\">\n\t\t\t\t\t\t<div class=\"elementor-container elementor-column-gap-default\">\n\t\t\t\t\t<div class=\"elementor-column elementor-col-100 elementor-inner-column elementor-element elementor-element-3b04bab\" data-id=\"3b04bab\" data-element_type=\"column\" data-e-type=\"column\">\n\t\t\t<div class=\"elementor-widget-wrap elementor-element-populated\">\n\t\t\t\t\t\t<div class=\"elementor-element elementor-element-bac11c4 elementor-view-framed elementor-shape-circle elementor-widget elementor-widget-icon\" data-id=\"bac11c4\" data-element_type=\"widget\" data-e-type=\"widget\" data-widget_type=\"icon.default\">\n\t\t\t\t<div class=\"elementor-widget-container\">\n\t\t\t\t\t\t\t<div class=\"elementor-icon-wrapper\">\n\t\t\t<div class=\"elementor-icon\">\n\t\t\t\t\t\t\t<i class=\"fa fa-pencil\" aria-hidden=\"true\"><\/i>\n\t\t\t\t\t\t<\/div>\n\t\t<\/div>\n\t\t\t\t\t\t<\/div>\n\t\t\t\t<\/div>\n\t\t\t\t<div class=\"elementor-element elementor-element-81ac840 elementor-widget elementor-widget-toggle\" data-id=\"81ac840\" data-element_type=\"widget\" data-e-type=\"widget\" data-widget_type=\"toggle.default\">\n\t\t\t\t<div class=\"elementor-widget-container\">\n\t\t\t\t\t\t\t<div class=\"elementor-toggle\">\n\t\t\t\t\t\t\t<div class=\"elementor-toggle-item\">\n\t\t\t\t\t<div id=\"elementor-tab-title-1351\" class=\"elementor-tab-title\" data-tab=\"1\" role=\"button\" aria-controls=\"elementor-tab-content-1351\" aria-expanded=\"false\">\n\t\t\t\t\t\t\t\t\t\t\t\t<span class=\"elementor-toggle-icon elementor-toggle-icon-left\" aria-hidden=\"true\">\n\t\t\t\t\t\t\t\t\t\t\t\t\t\t\t<i class=\"elementor-toggle-icon-closed fa fa-chevron-right\"><\/i>\n\t\t\t\t\t\t\t\t<i class=\"elementor-toggle-icon-opened fa fa-chevron-down\"><\/i>\n\t\t\t\t\t\t\t\t\t\t\t\t\t<\/span>\n\t\t\t\t\t\t\t\t\t\t\t\t<a class=\"elementor-toggle-title\" tabindex=\"0\">\u00c5rskurs 7\u20139<\/a>\n\t\t\t\t\t<\/div>\n\n\t\t\t\t\t<div id=\"elementor-tab-content-1351\" class=\"elementor-tab-content elementor-clearfix\" data-tab=\"1\" role=\"region\" aria-labelledby=\"elementor-tab-title-1351\"><h3>Diskutera\u00a0<\/h3><p>1 Samtala om i vilken milj\u00f6 och i vilken tid dikten utspelas.\u00a0<\/p><p>2 Dr\u00f6j g\u00e4rna vid soldatnamnen Lejon, Krans och Krig.\u00a0K\u00e4nner ni till fler gamla soldatnamn?\u00a0<\/p><h3>Skriv<\/h3><p>1 Skriv om dikten till en ber\u00e4ttelse eller ett kort filmmanus och f\u00f6rs\u00f6ka att f\u00e5 med s\u00e5 mycket som m\u00f6jligt av inneh\u00e5llet och diktarens s\u00e4tt att uttrycka sig i dikten.<\/p><\/div>\n\t\t\t\t<\/div>\n\t\t\t\t\t\t\t\t<\/div>\n\t\t\t\t\t\t<\/div>\n\t\t\t\t<\/div>\n\t\t\t\t\t<\/div>\n\t\t<\/div>\n\t\t\t\t\t<\/div>\n\t\t<\/section>\n\t\t\t\t<div class=\"elementor-element elementor-element-b6a0462 elementor-widget elementor-widget-spacer\" data-id=\"b6a0462\" data-element_type=\"widget\" data-e-type=\"widget\" data-widget_type=\"spacer.default\">\n\t\t\t\t<div class=\"elementor-widget-container\">\n\t\t\t\t\t\t\t<div class=\"elementor-spacer\">\n\t\t\t<div class=\"elementor-spacer-inner\"><\/div>\n\t\t<\/div>\n\t\t\t\t\t\t<\/div>\n\t\t\t\t<\/div>\n\t\t\t\t\t<\/div>\n\t\t<\/div>\n\t\t\t\t\t<\/div>\n\t\t<\/section>\n\t\t\t\t<section class=\"elementor-section elementor-top-section elementor-element elementor-element-01bb9f0 elementor-section-boxed elementor-section-height-default elementor-section-height-default\" data-id=\"01bb9f0\" data-element_type=\"section\" data-e-type=\"section\">\n\t\t\t\t\t\t<div class=\"elementor-container elementor-column-gap-default\">\n\t\t\t\t\t<div class=\"elementor-column elementor-col-100 elementor-top-column elementor-element elementor-element-7909f7d\" data-id=\"7909f7d\" data-element_type=\"column\" data-e-type=\"column\">\n\t\t\t<div class=\"elementor-widget-wrap elementor-element-populated\">\n\t\t\t\t\t\t<div class=\"elementor-element elementor-element-67d0b42 elementor-widget elementor-widget-spacer\" data-id=\"67d0b42\" data-element_type=\"widget\" data-e-type=\"widget\" data-widget_type=\"spacer.default\">\n\t\t\t\t<div class=\"elementor-widget-container\">\n\t\t\t\t\t\t\t<div class=\"elementor-spacer\">\n\t\t\t<div class=\"elementor-spacer-inner\"><\/div>\n\t\t<\/div>\n\t\t\t\t\t\t<\/div>\n\t\t\t\t<\/div>\n\t\t\t\t\t<\/div>\n\t\t<\/div>\n\t\t\t\t\t<\/div>\n\t\t<\/section>\n\t\t\t\t<\/div>\n\t\t","protected":false},"excerpt":{"rendered":"<p>G\u00f6kst\u00f6lden Av\u00a0Erik Axel Karlfeldt Ur:\u00a0Flora och Bellona\u00a0(1918)\u00a0\u00a0\u00c5rskurs:\u00a07\u20139\u00a0 \u00a0Tema: Fattigsverige Det sm\u00e4llde skott i l\u00f6ten.D\u00e5\u00a0visste\u00a0hela\u00a0byn: soldaterna\u00a0kommer\u00a0fr\u00e5n\u00a0m\u00f6tetmed\u00a0kalv\u00a0och\u00a0gev\u00e4r\u00a0och\u00a0plym. Se\u00a0socknens\u00a0mandom\u00a0och\u00a0f\u00f6rsvar!Se\u00a0Lejon,\u00a0Krans\u00a0och\u00a0Krig,tre\u00a0st\u00f6ddiga\u00a0nummerkarlaroch\u00a0karl\u00a0en\u00a0var\u00a0f\u00f6r\u00a0sig! Med\u00a0stolthet\u00a0sprang\u00a0vi\u00a0systrari\u00a0v\u00e4g\u00a0att\u00a0m\u00f6ta\u00a0far.Han\u00a0\u00f6ppnade\u00a0tornisternoch\u00a0gav\u00a0oss\u00a0en\u00a0lerg\u00f6k\u00a0var. Det\u00a0var\u00a0en\u00a0fr\u00f6jd\u00a0den\u00a0dagen.D\u00e5\u00a0gol\u00a0en\u00a0treklangsg\u00f6ki\u00a0torpet\u00a0och\u00a0i\u00a0hagenoch\u00a0lockade\u00a0bes\u00f6k. Vi\u00a0gick\u00a0till\u00a0fattighusetatt\u00a0visa\u00a0vad\u00a0vi\u00a0f\u00e5tt.I\u00a0s\u00e4ngen\u00a0l\u00e5g\u00a0f\u00e5niga\u00a0Gustavoch\u00a0skrattade\u00a0s\u00e5\u00a0gott. Per-Olans\u00a0fula\u00a0pojkevart\u00a0blek\u00a0och\u00a0hemsk\u00a0att\u00a0se,n\u00e4r\u00a0g\u00f6karna\u00a0b\u00f6rjade\u00a0hojta,en,\u00a0tv\u00e5,\u00a0tre. Per-Olans\u00a0onda\u00a0tungagick\u00a0an:\u00a0\u201dNej,\u00a0har\u00a0man\u00a0sport!En\u00a0g\u00f6k\u00a0\u00e5t\u00a0varje\u00a0unge!Soldaten\u00a0sl\u00e5r\u00a0p\u00e5\u00a0stort\u201d Vi\u00a0lekte\u00a0i\u00a0fattighusk\u00f6ket.N\u00e4r\u00a0sen\u00a0vi\u00a0ville\u00a0g\u00e5,d\u00e5\u00a0s\u00f6kte\u00a0jag\u00a0f\u00e5f\u00e4ngt\u00a0och\u00a0f\u00e5f\u00e4ngt\u00a0min\u00a0g\u00f6ki\u00a0varje\u00a0h\u00f6rn\u00a0och\u00a0vr\u00e5. \u201dNu\u00a0f\u00e5r\u00a0du\u00a0stryk\u201d,\u00a0skrek\u00a0Per-Olan,\u201dav\u00a0far\u00a0din,\u00a0den\u00a0leda\u00a0karln.\u201dI\u00a0h\u00e4cken\u00a0bakom\u00a0skolanjag\u00a0l\u00e5g,\u00a0ett\u00a0f\u00f6rlorat\u00a0barn. Jag\u00a0gr\u00e4t\u00a0av\u00a0sorg\u00a0och\u00a0fruktan,jag\u00a0gr\u00e4t\u00a0som\u00a0allt\u00a0jag\u00a0mist.Jag\u00a0k\u00e4nde\u00a0mullen\u00a0luktaoch\u00a0gr\u00e4s\u00a0och\u00a0hallonkvist. Bin\u00a0surrade\u00a0d\u00e4rinne,d\u00e4r\u00a0kr\u00f6p\u00a0visst\u00a0orm\u00a0och\u00a0sl\u00e5.Nu\u00a0kunde\u00a0de\u00a0g\u00e4rna\u00a0stinga,mitt\u00a0liv\u00a0var\u00a0f\u00f6rspillt\u00a0\u00e4nd\u00e5. Man\u00a0letade\u00a0under\u00a0tideni\u00a0backe,\u00a0b\u00e4ck\u00a0och\u00a0brunn.Man\u00a0fann\u00a0mig\u00a0somnad\u00a0omsideri\u00a0kv\u00e4llens\u00a0sena\u00a0stund. S\u00e5\u00a0spordes\u00a0framp\u00e5\u00a0sommarnatt\u00a0n\u00e5gon\u00a0g\u00e5tt\u00a0f\u00f6rbioch\u00a0h\u00f6rt\u00a0fr\u00e5n\u00a0Per-Olans\u00a0kammaren\u00a0lerg\u00f6ksmelodi. L\u00e4s dikten p\u00e5 Litteraturbanken Termer och begrepp Uppgift, \u00c5k 7\u20139 \u00c5rskurs 7\u20139 Diskutera\u00a0 1 Samtala om i vilken milj\u00f6 och i vilken tid dikten utspelas.\u00a0 2 Dr\u00f6j g\u00e4rna [&hellip;]<\/p>\n","protected":false},"author":5,"featured_media":0,"parent":0,"menu_order":0,"comment_status":"closed","ping_status":"closed","template":"","meta":{"ocean_post_layout":"full-screen","ocean_both_sidebars_style":"","ocean_both_sidebars_content_width":0,"ocean_both_sidebars_sidebars_width":0,"ocean_sidebar":"0","ocean_second_sidebar":"0","ocean_disable_margins":"enable","ocean_add_body_class":"","ocean_shortcode_before_top_bar":"","ocean_shortcode_after_top_bar":"","ocean_shortcode_before_header":"","ocean_shortcode_after_header":"","ocean_has_shortcode":"","ocean_shortcode_after_title":"","ocean_shortcode_before_footer_widgets":"","ocean_shortcode_after_footer_widgets":"","ocean_shortcode_before_footer_bottom":"","ocean_shortcode_after_footer_bottom":"","ocean_display_top_bar":"default","ocean_display_header":"default","ocean_header_style":"","ocean_center_header_left_menu":"0","ocean_custom_header_template":"0","ocean_custom_logo":0,"ocean_custom_retina_logo":0,"ocean_custom_logo_max_width":0,"ocean_custom_logo_tablet_max_width":0,"ocean_custom_logo_mobile_max_width":0,"ocean_custom_logo_max_height":0,"ocean_custom_logo_tablet_max_height":0,"ocean_custom_logo_mobile_max_height":0,"ocean_header_custom_menu":"0","ocean_menu_typo_font_family":"0","ocean_menu_typo_font_subset":"","ocean_menu_typo_font_size":0,"ocean_menu_typo_font_size_tablet":0,"ocean_menu_typo_font_size_mobile":0,"ocean_menu_typo_font_size_unit":"px","ocean_menu_typo_font_weight":"","ocean_menu_typo_font_weight_tablet":"","ocean_menu_typo_font_weight_mobile":"","ocean_menu_typo_transform":"","ocean_menu_typo_transform_tablet":"","ocean_menu_typo_transform_mobile":"","ocean_menu_typo_line_height":0,"ocean_menu_typo_line_height_tablet":0,"ocean_menu_typo_line_height_mobile":0,"ocean_menu_typo_line_height_unit":"","ocean_menu_typo_spacing":0,"ocean_menu_typo_spacing_tablet":0,"ocean_menu_typo_spacing_mobile":0,"ocean_menu_typo_spacing_unit":"","ocean_menu_link_color":"","ocean_menu_link_color_hover":"","ocean_menu_link_color_active":"","ocean_menu_link_background":"","ocean_menu_link_hover_background":"","ocean_menu_link_active_background":"","ocean_menu_social_links_bg":"","ocean_menu_social_hover_links_bg":"","ocean_menu_social_links_color":"","ocean_menu_social_hover_links_color":"","ocean_disable_title":"on","ocean_disable_heading":"default","ocean_post_title":"","ocean_post_subheading":"","ocean_post_title_style":"","ocean_post_title_background_color":"","ocean_post_title_background":0,"ocean_post_title_bg_image_position":"","ocean_post_title_bg_image_attachment":"","ocean_post_title_bg_image_repeat":"","ocean_post_title_bg_image_size":"","ocean_post_title_height":0,"ocean_post_title_bg_overlay":0.5,"ocean_post_title_bg_overlay_color":"","ocean_disable_breadcrumbs":"default","ocean_breadcrumbs_color":"","ocean_breadcrumbs_separator_color":"","ocean_breadcrumbs_links_color":"","ocean_breadcrumbs_links_hover_color":"","ocean_display_footer_widgets":"default","ocean_display_footer_bottom":"default","ocean_custom_footer_template":"0","footnotes":""},"class_list":["post-2458","page","type-page","status-publish","hentry","entry"],"_links":{"self":[{"href":"https:\/\/litteraturbanken.se\/skolan\/wp-json\/wp\/v2\/pages\/2458","targetHints":{"allow":["GET"]}}],"collection":[{"href":"https:\/\/litteraturbanken.se\/skolan\/wp-json\/wp\/v2\/pages"}],"about":[{"href":"https:\/\/litteraturbanken.se\/skolan\/wp-json\/wp\/v2\/types\/page"}],"author":[{"embeddable":true,"href":"https:\/\/litteraturbanken.se\/skolan\/wp-json\/wp\/v2\/users\/5"}],"replies":[{"embeddable":true,"href":"https:\/\/litteraturbanken.se\/skolan\/wp-json\/wp\/v2\/comments?post=2458"}],"version-history":[{"count":33,"href":"https:\/\/litteraturbanken.se\/skolan\/wp-json\/wp\/v2\/pages\/2458\/revisions"}],"predecessor-version":[{"id":19963,"href":"https:\/\/litteraturbanken.se\/skolan\/wp-json\/wp\/v2\/pages\/2458\/revisions\/19963"}],"wp:attachment":[{"href":"https:\/\/litteraturbanken.se\/skolan\/wp-json\/wp\/v2\/media?parent=2458"}],"curies":[{"name":"wp","href":"https:\/\/api.w.org\/{rel}","templated":true}]}}