{"id":2531,"date":"2018-07-16T22:30:16","date_gmt":"2018-07-16T20:30:16","guid":{"rendered":"https:\/\/litteraturbanken.se\/skoladev\/?page_id=2531"},"modified":"2020-03-02T13:44:45","modified_gmt":"2020-03-02T12:44:45","slug":"poesi-forfattare-gustaf-froding-bergslagstroll","status":"publish","type":"page","link":"https:\/\/litteraturbanken.se\/skolan\/poesi-forfattare-gustaf-froding-bergslagstroll\/","title":{"rendered":"Poesi\/F\u00f6rfattare\/Gustaf Fr\u00f6ding\/Bergslagstroll"},"content":{"rendered":"\t\t<div data-elementor-type=\"wp-post\" data-elementor-id=\"2531\" class=\"elementor elementor-2531\">\n\t\t\t\t\t\t<section class=\"elementor-section elementor-top-section elementor-element elementor-element-ab707b0 elementor-section-boxed elementor-section-height-default elementor-section-height-default\" data-id=\"ab707b0\" data-element_type=\"section\" data-e-type=\"section\">\n\t\t\t\t\t\t<div class=\"elementor-container elementor-column-gap-default\">\n\t\t\t\t\t<div class=\"elementor-column elementor-col-100 elementor-top-column elementor-element elementor-element-bdd5422\" data-id=\"bdd5422\" data-element_type=\"column\" data-e-type=\"column\">\n\t\t\t<div class=\"elementor-widget-wrap elementor-element-populated\">\n\t\t\t\t\t\t<div class=\"elementor-element elementor-element-ebc781f elementor-widget elementor-widget-spacer\" data-id=\"ebc781f\" data-element_type=\"widget\" data-e-type=\"widget\" data-widget_type=\"spacer.default\">\n\t\t\t\t<div class=\"elementor-widget-container\">\n\t\t\t\t\t\t\t<div class=\"elementor-spacer\">\n\t\t\t<div class=\"elementor-spacer-inner\"><\/div>\n\t\t<\/div>\n\t\t\t\t\t\t<\/div>\n\t\t\t\t<\/div>\n\t\t\t\t\t<\/div>\n\t\t<\/div>\n\t\t\t\t\t<\/div>\n\t\t<\/section>\n\t\t\t\t<section class=\"elementor-section elementor-inner-section elementor-element elementor-element-2018dcc4 elementor-section-boxed elementor-section-height-default elementor-section-height-default\" data-id=\"2018dcc4\" data-element_type=\"section\" data-e-type=\"section\">\n\t\t\t\t\t\t<div class=\"elementor-container elementor-column-gap-default\">\n\t\t\t\t\t<div class=\"elementor-column elementor-col-66 elementor-inner-column elementor-element elementor-element-3abe8903\" data-id=\"3abe8903\" data-element_type=\"column\" data-e-type=\"column\" data-settings=\"{&quot;background_background&quot;:&quot;classic&quot;}\">\n\t\t\t<div class=\"elementor-widget-wrap elementor-element-populated\">\n\t\t\t\t\t\t<div class=\"elementor-element elementor-element-6f8aa813 elementor-widget elementor-widget-heading\" data-id=\"6f8aa813\" data-element_type=\"widget\" data-e-type=\"widget\" data-widget_type=\"heading.default\">\n\t\t\t\t<div class=\"elementor-widget-container\">\n\t\t\t\t\t<h2 class=\"elementor-heading-title elementor-size-default\">Bergslagstroll<\/h2>\t\t\t\t<\/div>\n\t\t\t\t<\/div>\n\t\t\t\t<div class=\"elementor-element elementor-element-b768755 elementor-widget elementor-widget-text-editor\" data-id=\"b768755\" data-element_type=\"widget\" data-e-type=\"widget\" data-widget_type=\"text-editor.default\">\n\t\t\t\t<div class=\"elementor-widget-container\">\n\t\t\t\t\t\t\t\t\t<p>Av <a href=\"https:\/\/litteraturbanken.se\/skolan\/?page_id=113\"><em>Gustaf Fr\u00f6ding<\/em><\/a><\/p>\t\t\t\t\t\t\t\t<\/div>\n\t\t\t\t<\/div>\n\t\t\t\t<div class=\"elementor-element elementor-element-50e4b99 elementor-widget elementor-widget-text-editor\" data-id=\"50e4b99\" data-element_type=\"widget\" data-e-type=\"widget\" data-widget_type=\"text-editor.default\">\n\t\t\t\t<div class=\"elementor-widget-container\">\n\t\t\t\t\t\t\t\t\t<p><strong>Ur:\u00a0<\/strong><em>Nya dikter\u00a0<\/em><span style=\"font-size: 15px; letter-spacing: 0.6px;\">(1894) \u00a0 \u00a0<strong>\u00c5rskurs:<\/strong> 7\u20139 \u00a0 \u00a0<strong>Tema:<\/strong> Folktro och skr\u00e4ck<\/span><\/p>\t\t\t\t\t\t\t\t<\/div>\n\t\t\t\t<\/div>\n\t\t\t\t<div class=\"elementor-element elementor-element-415fcbf2 elementor-widget elementor-widget-text-editor\" data-id=\"415fcbf2\" data-element_type=\"widget\" data-e-type=\"widget\" data-widget_type=\"text-editor.default\">\n\t\t\t\t<div class=\"elementor-widget-container\">\n\t\t\t\t\t\t\t\t\t<div class=\"titlepage\"><div class=\"titlepage\"><p class=\"title\">\u00bbOch antingen ni tror eller inte g\u00f6r detsamma,<br \/>men annars \u00e4r det sant och anagga mig, anamma,<br \/>om inte det var trollpack, jag togs med en natt.<br \/>Vi vaktade vid milan i Vestan\u00e5myra<br \/>och natten led mot slutet och klockan var fyra,<br \/>d\u00e5 h\u00f6rde vi ett buller och P\u00e4r han skvatt.<br \/>Det skallrade i fj\u00e4lla, det d\u00e5nade i jola,<br \/>det r\u00e5made som oxar i b\u00e4rga,\u00bb sa Ola.<\/p><\/div><div class=\"literallayout\"><p>\u201dDet\u00a0stampade\u00a0och\u00a0trampade\u00a0fr\u00e5n\u00a0alla\u00a0fyra\u00a0h\u00e5llen,<br \/>och\u00a0n\u00e4ggum\u00a0det\u00a0var\u00a0roligt,\u00a0f\u00f6r\u00a0jaggu\u00a0var\u00a0det\u00a0trollen,<br \/>som\u00a0l\u00e5ngsamt\u00a0kommo\u00a0skumpande\u00a0med\u00a0dunder\u00a0och\u00a0duns.<br \/>Det\u00a0rungade\u00a0och\u00a0vren\u00a0och\u00a0sa\u00a0knak\u00a0genom\u00a0skogen,<br \/>f\u00f6r\u00a0somma\u00a0var\u00a0s\u00e5\u00a0stora\u00a0som\u00a0kyrkan\u00a0i\u00a0Bogen<br \/>och\u00a0tallar\u00a0\u00e4r\u00a0som\u00a0halm\u00a0f\u00f6r\u00a0en\u00a0tocken\u00a0en\u00a0luns.<br \/>Och\u00a0P\u00e4r\u00a0han\u00a0kr\u00f6p\u00a0ner\u00a0vid\u00a0en\u00a0rot\u00a0av\u00a0en\u00a0gran<br \/>och\u00a0sj\u00e4lv\u00a0s\u00e5\u00a0kr\u00f6p\u00a0jag\u00a0ner\u00a0bakom\u00a0kolkuja,\u201d\u00a0sa\u2019n.<\/p><p>\u201dDet\u00a0dunkade\u00a0och\u00a0klang\u00a0som\u00a0n\u00e4r\u00a0skrotj\u00e4rn\u00a0slamrar<br \/>och\u00a0somma\u00a0hade\u00a0armar\u00a0som\u00a0st\u00e5ngj\u00e4rnshamrar<br \/>och\u00a0somma\u00a0hade\u00a0n\u00e4var\u00a0s\u00e5som\u00a0j\u00e4ttekast<br \/>och\u00a0somma\u00a0hade\u00a0gap\u00a0som\u00a0ett\u00a0h\u00e5l\u00a0till\u00a0en\u00a0gruva<br \/>och\u00a0somma\u00a0hade\u00a0tak\u00a0av\u00a0ett\u00a0kolhus\u00a0till\u00a0huva<br \/>och\u00a0somma\u00a0glyste\u00a0eld\u00a0som\u00a0en\u00a0gnisterkvast<br \/>och\u00a0somma\u00a0hade\u00a0snut\u00a0som\u00a0en\u00a0j\u00e4rnlyftkran<br \/>och\u00a0jaggu\u00a0var\u00a0det\u00a0allt\u00a0lite\u00a0kusligt,\u201d\u00a0sa\u2019n.<\/p><p>\u201dDe\u00a0satte\u00a0sig\u00a0kring\u00a0milan\u00a0och\u00a0stekte\u00a0sitt\u00a0tackj\u00e4rn<br \/>och\u00a0kokade\u00a0sig\u00a0soppa\u00a0p\u00e5\u00a0spikar\u00a0och\u00a0klackj\u00e4rn<br \/>och\u00a0mumsade\u00a0p\u00e5\u00a0plog\u00a0som\u00a0p\u00e5\u00a0h\u00f6ns\u00a0eller\u00a0f\u00e5r.<br \/>De\u00a0dansade\u00a0kring\u00a0milan,\u00a0det\u00a0var\u00a0som\u00a0en\u00a0hoppdans<br \/>med\u00a0kyrkor\u00a0i\u00a0polskdans\u00a0och\u00a0hus\u00a0i\u00a0galoppdans,<br \/>det\u00a0var\u00a0som\u00a0ett\u00a0d\u00f6n\u00a0som\u00a0n\u00e4r\u00a0guffarn\u00a0g\u00e5r.<br \/>Och\u00a0nog\u00a0har\u00a0jag\u00a0vandrat\u00a0och\u00a0varit\u00a0in\u00a0i\u00a0stan<br \/>men\u00a0aldrig\u00a0s\u00e5g\u00a0jag\u00a0maken\u00a0till\u00a0dansgille,\u201d\u00a0sa\u2019n.<\/p><p>\u201dOch\u00a0r\u00e4tt\u00a0som\u00a0jag\u00a0l\u00e5g\u00a0som\u00a0ett\u00a0hopviket\u00a0knyte,<br \/>s\u00e5\u00a0kommer\u00a0d\u00e4r\u00a0ett\u00a0troll\u00a0med\u00a0ett\u00a0ot\u00e4ckt\u00a0snyte<br \/>och\u00a0tj\u00e5var\u00a0och\u00a0tar\u00a0p\u00e5\u00a0min\u00a0fattiga\u00a0kropp.<br \/>\u2019Titt\u00a0vint,\u00a0titt\u00a0p\u00e5\u00a0skack,\u00a0det\u00a0\u00e4r\u00a0ugglor\u00a0i\u00a0mossen,<br \/>h\u00e4r\u00a0ligger\u00a0litet\u00a0gubbk\u00f6tt\u2019,\u00a0sa\u00a0tryntrollklossen,<br \/>men\u00a0just\u00a0i\u00a0det\u00a0samma\u00a0rann\u00a0sola\u00a0opp.<br \/>\u2019Se\u00a0sola,\u2019\u00a0sa\u00a0jag,\u00a0\u2019det\u00a0\u00e4r\u00a0ljusande\u00a0dan,\u2019<br \/>d\u00e5\u00a0n\u00f6so\u00a0de\u00a0och\u00a0lade\u00a0p\u00e5\u00a0l\u00e5ngkutt,\u201d\u00a0sa\u2019n.<\/p><p>\u201dDet\u00a0d\u00e5nade\u00a0i\u00a0b\u00e4rga,\u00a0det\u00a0sk\u00e4lvde\u00a0i\u00a0jola,<br \/>de\u00a0skalade\u00a0i\u00a0v\u00e4g\u00a0bort\u00e5t\u00a0fj\u00e4lla\u00a0d\u00e4r\u00a0nola<br \/>och\u00a0drumlade\u00a0i\u00a0kull\u00a0sig\u00a0d\u00e4r\u00a0nolaskogs.<br \/>Det\u00a0var\u00a0som\u00a0ett\u00a0slagsm\u00e5l\u00a0av\u00a0vettskr\u00e4mda\u00a0hyttor,<br \/>som\u00a0bruk\u00a0gjorde\u00a0hjulkast\u00a0och\u00a0j\u00e4ttekullbyttor<br \/>och\u00a0malmhus\u00a0och\u00a0kolhus\u00a0och\u00a0smedjor\u00a0slogs.<br \/>F\u00f6r\u00a0trollen\u00a0\u00e4ro\u00a0lika\u00a0f\u00f6rf\u00e4rade\u00a0f\u00f6r\u00a0sola,<br \/>som\u00a0jag\u00a0f\u00f6r\u00a0att\u00a0skarva\u00a0och\u00a0ljuga,\u201d\u00a0sa\u00a0Ola.<\/p><\/div><\/div>\t\t\t\t\t\t\t\t<\/div>\n\t\t\t\t<\/div>\n\t\t\t\t\t<\/div>\n\t\t<\/div>\n\t\t\t\t<div class=\"elementor-column elementor-col-33 elementor-inner-column elementor-element elementor-element-51388d4c\" data-id=\"51388d4c\" data-element_type=\"column\" data-e-type=\"column\">\n\t\t\t<div class=\"elementor-widget-wrap elementor-element-populated\">\n\t\t\t\t\t\t<div class=\"elementor-element elementor-element-95745c0 elementor-widget elementor-widget-wp-widget-media_audio\" data-id=\"95745c0\" data-element_type=\"widget\" data-e-type=\"widget\" data-widget_type=\"wp-widget-media_audio.default\">\n\t\t\t\t<div class=\"elementor-widget-container\">\n\t\t\t\t\t<h5>Ann Boglind l\u00e4ser \u201dBergslagstroll\u201d av Gustaf Fr\u00f6ding.<\/h5><audio class=\"wp-audio-shortcode\" id=\"audio-2531-1\" preload=\"none\" style=\"width: 100%;\" controls=\"controls\"><source type=\"audio\/mpeg\" src=\"https:\/\/litteraturbanken.se\/skolan\/wp-content\/uploads\/2019\/03\/froding_bergslagstroll_boglind.mp3?_=1\" \/><source type=\"audio\/mpeg\" src=\"https:\/\/litteraturbanken.se\/skolan\/wp-content\/uploads\/2019\/03\/froding_bergslagstroll_boglind.mp3?_=1\" \/><a href=\"https:\/\/litteraturbanken.se\/skolan\/wp-content\/uploads\/2019\/03\/froding_bergslagstroll_boglind.mp3\">https:\/\/litteraturbanken.se\/skolan\/wp-content\/uploads\/2019\/03\/froding_bergslagstroll_boglind.mp3<\/a><\/audio>\t\t\t\t<\/div>\n\t\t\t\t<\/div>\n\t\t\t\t<div class=\"elementor-element elementor-element-1a1ba0d elementor-icon-list--layout-traditional elementor-list-item-link-full_width elementor-widget elementor-widget-icon-list\" data-id=\"1a1ba0d\" data-element_type=\"widget\" data-e-type=\"widget\" data-widget_type=\"icon-list.default\">\n\t\t\t\t<div class=\"elementor-widget-container\">\n\t\t\t\t\t\t\t<ul class=\"elementor-icon-list-items\">\n\t\t\t\t\t\t\t<li class=\"elementor-icon-list-item\">\n\t\t\t\t\t\t\t\t\t\t\t<a href=\"https:\/\/litteraturbanken.se\/forfattare\/FrodingG\/titlar\/NyaDikter\/sida\/30\/etext\" target=\"_blank\">\n\n\t\t\t\t\t\t\t\t\t\t\t\t<span class=\"elementor-icon-list-icon\">\n\t\t\t\t\t\t\t\t\t\t\t\t\t\t\t\t<i class=\"fa fa-file-text-o\" aria-hidden=\"true\"><\/i>\n\t\t\t\t\t\t\t\t\t\t\t\t\t<\/span>\n\t\t\t\t\t\t\t\t\t\t<span class=\"elementor-icon-list-text\">L\u00e4s dikten p\u00e5 Litteraturbanken<\/span>\n\t\t\t\t\t\t\t\t\t\t\t<\/a>\n\t\t\t\t\t\t\t\t\t<\/li>\n\t\t\t\t\t\t\t\t<li class=\"elementor-icon-list-item\">\n\t\t\t\t\t\t\t\t\t\t\t<a href=\"https:\/\/litteraturbanken.se\/skolan\/?page_id=261\" target=\"_blank\">\n\n\t\t\t\t\t\t\t\t\t\t\t\t<span class=\"elementor-icon-list-icon\">\n\t\t\t\t\t\t\t\t\t\t\t\t\t\t\t\t<i class=\"fa fa-file-text-o\" aria-hidden=\"true\"><\/i>\n\t\t\t\t\t\t\t\t\t\t\t\t\t<\/span>\n\t\t\t\t\t\t\t\t\t\t<span class=\"elementor-icon-list-text\">Termer och begrepp<\/span>\n\t\t\t\t\t\t\t\t\t\t\t<\/a>\n\t\t\t\t\t\t\t\t\t<\/li>\n\t\t\t\t\t\t<\/ul>\n\t\t\t\t\t\t<\/div>\n\t\t\t\t<\/div>\n\t\t\t\t<div class=\"elementor-element elementor-element-d914c93 elementor-align-center elementor-widget elementor-widget-button\" data-id=\"d914c93\" data-element_type=\"widget\" data-e-type=\"widget\" data-widget_type=\"button.default\">\n\t\t\t\t<div class=\"elementor-widget-container\">\n\t\t\t\t\t\t\t\t\t<div class=\"elementor-button-wrapper\">\n\t\t\t\t\t<a class=\"elementor-button elementor-button-link elementor-size-md elementor-animation-grow\" href=\"#uppgift\">\n\t\t\t\t\t\t<span class=\"elementor-button-content-wrapper\">\n\t\t\t\t\t\t<span class=\"elementor-button-icon\">\n\t\t\t\t\t\t\t\t\t<i class=\"fa fa-pencil\" aria-hidden=\"true\"><\/i>\n\t\t\t\t\t\t\t<\/span>\n\t\t\t\t\t\t\t\t\t<span class=\"elementor-button-text\">Uppgift, \u00e5k 7\u20139<\/span>\n\t\t\t\t\t<\/span>\n\t\t\t\t\t<\/a>\n\t\t\t\t<\/div>\n\t\t\t\t\t\t\t\t<\/div>\n\t\t\t\t<\/div>\n\t\t\t\t<div class=\"elementor-element elementor-element-6892908 elementor-widget elementor-widget-image\" data-id=\"6892908\" data-element_type=\"widget\" data-e-type=\"widget\" data-widget_type=\"image.default\">\n\t\t\t\t<div class=\"elementor-widget-container\">\n\t\t\t\t\t\t\t\t\t\t\t\t\t\t\t<img fetchpriority=\"high\" decoding=\"async\" width=\"300\" height=\"300\" src=\"https:\/\/litteraturbanken.se\/skolan\/wp-content\/uploads\/2019\/03\/lb_skolan_2019_knapp_f\u00f6rfattarbild_fr\u00f6ding_gr\u00f6n-e1553013665512.jpg\" class=\"attachment-full size-full wp-image-13727\" alt=\"\" \/>\t\t\t\t\t\t\t\t\t\t\t\t\t\t\t<\/div>\n\t\t\t\t<\/div>\n\t\t\t\t\t<\/div>\n\t\t<\/div>\n\t\t\t\t\t<\/div>\n\t\t<\/section>\n\t\t\t\t<section class=\"elementor-section elementor-top-section elementor-element elementor-element-483cc84 elementor-section-boxed elementor-section-height-default elementor-section-height-default\" data-id=\"483cc84\" data-element_type=\"section\" data-e-type=\"section\">\n\t\t\t\t\t\t<div class=\"elementor-container elementor-column-gap-default\">\n\t\t\t\t\t<div class=\"elementor-column elementor-col-100 elementor-top-column elementor-element elementor-element-f4c7240\" data-id=\"f4c7240\" data-element_type=\"column\" data-e-type=\"column\">\n\t\t\t<div class=\"elementor-widget-wrap elementor-element-populated\">\n\t\t\t\t\t\t<div class=\"elementor-element elementor-element-9453e58 elementor-widget elementor-widget-spacer\" data-id=\"9453e58\" data-element_type=\"widget\" data-e-type=\"widget\" data-widget_type=\"spacer.default\">\n\t\t\t\t<div class=\"elementor-widget-container\">\n\t\t\t\t\t\t\t<div class=\"elementor-spacer\">\n\t\t\t<div class=\"elementor-spacer-inner\"><\/div>\n\t\t<\/div>\n\t\t\t\t\t\t<\/div>\n\t\t\t\t<\/div>\n\t\t\t\t\t<\/div>\n\t\t<\/div>\n\t\t\t\t\t<\/div>\n\t\t<\/section>\n\t\t\t\t<section class=\"elementor-section elementor-top-section elementor-element elementor-element-4f9e25f elementor-section-boxed elementor-section-height-default elementor-section-height-default\" data-id=\"4f9e25f\" data-element_type=\"section\" data-e-type=\"section\">\n\t\t\t\t\t\t<div class=\"elementor-container elementor-column-gap-default\">\n\t\t\t\t\t<div class=\"elementor-column elementor-col-100 elementor-top-column elementor-element elementor-element-5069849\" data-id=\"5069849\" data-element_type=\"column\" data-e-type=\"column\" data-settings=\"{&quot;background_background&quot;:&quot;classic&quot;}\">\n\t\t\t<div class=\"elementor-widget-wrap elementor-element-populated\">\n\t\t\t\t\t\t<div class=\"elementor-element elementor-element-c9e037b elementor-widget elementor-widget-menu-anchor\" data-id=\"c9e037b\" data-element_type=\"widget\" data-e-type=\"widget\" data-widget_type=\"menu-anchor.default\">\n\t\t\t\t<div class=\"elementor-widget-container\">\n\t\t\t\t\t\t\t<div class=\"elementor-menu-anchor\" id=\"uppgift\"><\/div>\n\t\t\t\t\t\t<\/div>\n\t\t\t\t<\/div>\n\t\t\t\t<section class=\"elementor-section elementor-inner-section elementor-element elementor-element-66d59dd elementor-section-boxed elementor-section-height-default elementor-section-height-default\" data-id=\"66d59dd\" data-element_type=\"section\" data-e-type=\"section\">\n\t\t\t\t\t\t<div class=\"elementor-container elementor-column-gap-default\">\n\t\t\t\t\t<div class=\"elementor-column elementor-col-100 elementor-inner-column elementor-element elementor-element-c51446b\" data-id=\"c51446b\" data-element_type=\"column\" data-e-type=\"column\">\n\t\t\t<div class=\"elementor-widget-wrap elementor-element-populated\">\n\t\t\t\t\t\t<div class=\"elementor-element elementor-element-90e694a elementor-view-framed elementor-shape-circle elementor-widget elementor-widget-icon\" data-id=\"90e694a\" data-element_type=\"widget\" data-e-type=\"widget\" data-widget_type=\"icon.default\">\n\t\t\t\t<div class=\"elementor-widget-container\">\n\t\t\t\t\t\t\t<div class=\"elementor-icon-wrapper\">\n\t\t\t<div class=\"elementor-icon\">\n\t\t\t\t\t\t\t<i class=\"fa fa-pencil\" aria-hidden=\"true\"><\/i>\n\t\t\t\t\t\t<\/div>\n\t\t<\/div>\n\t\t\t\t\t\t<\/div>\n\t\t\t\t<\/div>\n\t\t\t\t<div class=\"elementor-element elementor-element-c2b4ebd elementor-widget elementor-widget-toggle\" data-id=\"c2b4ebd\" data-element_type=\"widget\" data-e-type=\"widget\" data-widget_type=\"toggle.default\">\n\t\t\t\t<div class=\"elementor-widget-container\">\n\t\t\t\t\t\t\t<div class=\"elementor-toggle\">\n\t\t\t\t\t\t\t<div class=\"elementor-toggle-item\">\n\t\t\t\t\t<div id=\"elementor-tab-title-2041\" class=\"elementor-tab-title\" data-tab=\"1\" role=\"button\" aria-controls=\"elementor-tab-content-2041\" aria-expanded=\"false\">\n\t\t\t\t\t\t\t\t\t\t\t\t<span class=\"elementor-toggle-icon elementor-toggle-icon-left\" aria-hidden=\"true\">\n\t\t\t\t\t\t\t\t\t\t\t\t\t\t\t<i class=\"elementor-toggle-icon-closed fa fa-chevron-right\"><\/i>\n\t\t\t\t\t\t\t\t<i class=\"elementor-toggle-icon-opened fa fa-chevron-down\"><\/i>\n\t\t\t\t\t\t\t\t\t\t\t\t\t<\/span>\n\t\t\t\t\t\t\t\t\t\t\t\t<a class=\"elementor-toggle-title\" tabindex=\"0\">\u00c5rskurs 7\u20139<\/a>\n\t\t\t\t\t<\/div>\n\n\t\t\t\t\t<div id=\"elementor-tab-content-2041\" class=\"elementor-tab-content elementor-clearfix\" data-tab=\"1\" role=\"region\" aria-labelledby=\"elementor-tab-title-2041\"><h3>Fr\u00e5gor till dikten<\/h3><p>1 Vem \u00e4r det som ber\u00e4ttar i dikten?\u00a0<\/p><p>2 Vad ber\u00e4ttar han om?\u00a0<\/p><p>3 Det h\u00f6ll p\u00e5 att g\u00e5 illa f\u00f6r ber\u00e4ttaren. Vad var det som r\u00e4ddade honom?\u00a0<\/p><p>4 Hur vill han styrka att hans ber\u00e4ttelse \u00e4r sann?<\/p><\/div>\n\t\t\t\t<\/div>\n\t\t\t\t\t\t\t\t<\/div>\n\t\t\t\t\t\t<\/div>\n\t\t\t\t<\/div>\n\t\t\t\t\t<\/div>\n\t\t<\/div>\n\t\t\t\t\t<\/div>\n\t\t<\/section>\n\t\t\t\t<div class=\"elementor-element elementor-element-0d69784 elementor-widget elementor-widget-spacer\" data-id=\"0d69784\" data-element_type=\"widget\" data-e-type=\"widget\" data-widget_type=\"spacer.default\">\n\t\t\t\t<div class=\"elementor-widget-container\">\n\t\t\t\t\t\t\t<div class=\"elementor-spacer\">\n\t\t\t<div class=\"elementor-spacer-inner\"><\/div>\n\t\t<\/div>\n\t\t\t\t\t\t<\/div>\n\t\t\t\t<\/div>\n\t\t\t\t\t<\/div>\n\t\t<\/div>\n\t\t\t\t\t<\/div>\n\t\t<\/section>\n\t\t\t\t<section class=\"elementor-section elementor-top-section elementor-element elementor-element-fd2de0d elementor-section-boxed elementor-section-height-default elementor-section-height-default\" data-id=\"fd2de0d\" data-element_type=\"section\" data-e-type=\"section\">\n\t\t\t\t\t\t<div class=\"elementor-container elementor-column-gap-default\">\n\t\t\t\t\t<div class=\"elementor-column elementor-col-100 elementor-top-column elementor-element elementor-element-0dd113b\" data-id=\"0dd113b\" data-element_type=\"column\" data-e-type=\"column\">\n\t\t\t<div class=\"elementor-widget-wrap elementor-element-populated\">\n\t\t\t\t\t\t<div class=\"elementor-element elementor-element-b8e7bea elementor-widget elementor-widget-spacer\" data-id=\"b8e7bea\" data-element_type=\"widget\" data-e-type=\"widget\" data-widget_type=\"spacer.default\">\n\t\t\t\t<div class=\"elementor-widget-container\">\n\t\t\t\t\t\t\t<div class=\"elementor-spacer\">\n\t\t\t<div class=\"elementor-spacer-inner\"><\/div>\n\t\t<\/div>\n\t\t\t\t\t\t<\/div>\n\t\t\t\t<\/div>\n\t\t\t\t\t<\/div>\n\t\t<\/div>\n\t\t\t\t\t<\/div>\n\t\t<\/section>\n\t\t\t\t<\/div>\n\t\t","protected":false},"excerpt":{"rendered":"<p>Bergslagstroll Av Gustaf Fr\u00f6ding Ur:\u00a0Nya dikter\u00a0(1894) \u00a0 \u00a0\u00c5rskurs: 7\u20139 \u00a0 \u00a0Tema: Folktro och skr\u00e4ck \u00bbOch antingen ni tror eller inte g\u00f6r detsamma,men annars \u00e4r det sant och anagga mig, anamma,om inte det var trollpack, jag togs med en natt.Vi vaktade vid milan i Vestan\u00e5myraoch natten led mot slutet och klockan var fyra,d\u00e5 h\u00f6rde vi ett [&hellip;]<\/p>\n","protected":false},"author":5,"featured_media":0,"parent":0,"menu_order":0,"comment_status":"closed","ping_status":"closed","template":"","meta":{"ocean_post_layout":"full-screen","ocean_both_sidebars_style":"","ocean_both_sidebars_content_width":0,"ocean_both_sidebars_sidebars_width":0,"ocean_sidebar":"0","ocean_second_sidebar":"0","ocean_disable_margins":"enable","ocean_add_body_class":"","ocean_shortcode_before_top_bar":"","ocean_shortcode_after_top_bar":"","ocean_shortcode_before_header":"","ocean_shortcode_after_header":"","ocean_has_shortcode":"","ocean_shortcode_after_title":"","ocean_shortcode_before_footer_widgets":"","ocean_shortcode_after_footer_widgets":"","ocean_shortcode_before_footer_bottom":"","ocean_shortcode_after_footer_bottom":"","ocean_display_top_bar":"default","ocean_display_header":"default","ocean_header_style":"","ocean_center_header_left_menu":"0","ocean_custom_header_template":"0","ocean_custom_logo":0,"ocean_custom_retina_logo":0,"ocean_custom_logo_max_width":0,"ocean_custom_logo_tablet_max_width":0,"ocean_custom_logo_mobile_max_width":0,"ocean_custom_logo_max_height":0,"ocean_custom_logo_tablet_max_height":0,"ocean_custom_logo_mobile_max_height":0,"ocean_header_custom_menu":"0","ocean_menu_typo_font_family":"0","ocean_menu_typo_font_subset":"","ocean_menu_typo_font_size":0,"ocean_menu_typo_font_size_tablet":0,"ocean_menu_typo_font_size_mobile":0,"ocean_menu_typo_font_size_unit":"px","ocean_menu_typo_font_weight":"","ocean_menu_typo_font_weight_tablet":"","ocean_menu_typo_font_weight_mobile":"","ocean_menu_typo_transform":"","ocean_menu_typo_transform_tablet":"","ocean_menu_typo_transform_mobile":"","ocean_menu_typo_line_height":0,"ocean_menu_typo_line_height_tablet":0,"ocean_menu_typo_line_height_mobile":0,"ocean_menu_typo_line_height_unit":"","ocean_menu_typo_spacing":0,"ocean_menu_typo_spacing_tablet":0,"ocean_menu_typo_spacing_mobile":0,"ocean_menu_typo_spacing_unit":"","ocean_menu_link_color":"","ocean_menu_link_color_hover":"","ocean_menu_link_color_active":"","ocean_menu_link_background":"","ocean_menu_link_hover_background":"","ocean_menu_link_active_background":"","ocean_menu_social_links_bg":"","ocean_menu_social_hover_links_bg":"","ocean_menu_social_links_color":"","ocean_menu_social_hover_links_color":"","ocean_disable_title":"on","ocean_disable_heading":"default","ocean_post_title":"","ocean_post_subheading":"","ocean_post_title_style":"","ocean_post_title_background_color":"","ocean_post_title_background":0,"ocean_post_title_bg_image_position":"","ocean_post_title_bg_image_attachment":"","ocean_post_title_bg_image_repeat":"","ocean_post_title_bg_image_size":"","ocean_post_title_height":0,"ocean_post_title_bg_overlay":0.5,"ocean_post_title_bg_overlay_color":"","ocean_disable_breadcrumbs":"default","ocean_breadcrumbs_color":"","ocean_breadcrumbs_separator_color":"","ocean_breadcrumbs_links_color":"","ocean_breadcrumbs_links_hover_color":"","ocean_display_footer_widgets":"default","ocean_display_footer_bottom":"default","ocean_custom_footer_template":"0","footnotes":""},"class_list":["post-2531","page","type-page","status-publish","hentry","entry"],"_links":{"self":[{"href":"https:\/\/litteraturbanken.se\/skolan\/wp-json\/wp\/v2\/pages\/2531","targetHints":{"allow":["GET"]}}],"collection":[{"href":"https:\/\/litteraturbanken.se\/skolan\/wp-json\/wp\/v2\/pages"}],"about":[{"href":"https:\/\/litteraturbanken.se\/skolan\/wp-json\/wp\/v2\/types\/page"}],"author":[{"embeddable":true,"href":"https:\/\/litteraturbanken.se\/skolan\/wp-json\/wp\/v2\/users\/5"}],"replies":[{"embeddable":true,"href":"https:\/\/litteraturbanken.se\/skolan\/wp-json\/wp\/v2\/comments?post=2531"}],"version-history":[{"count":38,"href":"https:\/\/litteraturbanken.se\/skolan\/wp-json\/wp\/v2\/pages\/2531\/revisions"}],"predecessor-version":[{"id":20387,"href":"https:\/\/litteraturbanken.se\/skolan\/wp-json\/wp\/v2\/pages\/2531\/revisions\/20387"}],"wp:attachment":[{"href":"https:\/\/litteraturbanken.se\/skolan\/wp-json\/wp\/v2\/media?parent=2531"}],"curies":[{"name":"wp","href":"https:\/\/api.w.org\/{rel}","templated":true}]}}