{"id":2555,"date":"2018-07-16T22:42:44","date_gmt":"2018-07-16T20:42:44","guid":{"rendered":"https:\/\/litteraturbanken.se\/skoladev\/?page_id=2555"},"modified":"2020-03-04T11:44:07","modified_gmt":"2020-03-04T10:44:07","slug":"poesi-forfattare-gustaf-froding-sadant-ar-livet","status":"publish","type":"page","link":"https:\/\/litteraturbanken.se\/skolan\/poesi-forfattare-gustaf-froding-sadant-ar-livet\/","title":{"rendered":"Poesi\/F\u00f6rfattare\/Gustaf Fr\u00f6ding\/S\u00e5dant \u00e4r livet"},"content":{"rendered":"\t\t<div data-elementor-type=\"wp-post\" data-elementor-id=\"2555\" class=\"elementor elementor-2555\">\n\t\t\t\t\t\t<section class=\"elementor-section elementor-top-section elementor-element elementor-element-7200dc2 elementor-section-boxed elementor-section-height-default elementor-section-height-default\" data-id=\"7200dc2\" data-element_type=\"section\" data-e-type=\"section\">\n\t\t\t\t\t\t<div class=\"elementor-container elementor-column-gap-default\">\n\t\t\t\t\t<div class=\"elementor-column elementor-col-100 elementor-top-column elementor-element elementor-element-a48bf24\" data-id=\"a48bf24\" data-element_type=\"column\" data-e-type=\"column\">\n\t\t\t<div class=\"elementor-widget-wrap elementor-element-populated\">\n\t\t\t\t\t\t<div class=\"elementor-element elementor-element-ac6e1aa elementor-widget elementor-widget-spacer\" data-id=\"ac6e1aa\" data-element_type=\"widget\" data-e-type=\"widget\" data-widget_type=\"spacer.default\">\n\t\t\t\t<div class=\"elementor-widget-container\">\n\t\t\t\t\t\t\t<div class=\"elementor-spacer\">\n\t\t\t<div class=\"elementor-spacer-inner\"><\/div>\n\t\t<\/div>\n\t\t\t\t\t\t<\/div>\n\t\t\t\t<\/div>\n\t\t\t\t\t<\/div>\n\t\t<\/div>\n\t\t\t\t\t<\/div>\n\t\t<\/section>\n\t\t\t\t<section class=\"elementor-section elementor-inner-section elementor-element elementor-element-485d1013 elementor-section-boxed elementor-section-height-default elementor-section-height-default\" data-id=\"485d1013\" data-element_type=\"section\" data-e-type=\"section\">\n\t\t\t\t\t\t<div class=\"elementor-container elementor-column-gap-default\">\n\t\t\t\t\t<div class=\"elementor-column elementor-col-66 elementor-inner-column elementor-element elementor-element-3461a0b0\" data-id=\"3461a0b0\" data-element_type=\"column\" data-e-type=\"column\" data-settings=\"{&quot;background_background&quot;:&quot;classic&quot;}\">\n\t\t\t<div class=\"elementor-widget-wrap elementor-element-populated\">\n\t\t\t\t\t\t<div class=\"elementor-element elementor-element-b9bfb80 elementor-widget elementor-widget-heading\" data-id=\"b9bfb80\" data-element_type=\"widget\" data-e-type=\"widget\" data-widget_type=\"heading.default\">\n\t\t\t\t<div class=\"elementor-widget-container\">\n\t\t\t\t\t<h2 class=\"elementor-heading-title elementor-size-default\">S\u00e5dant \u00e4r livet<\/h2>\t\t\t\t<\/div>\n\t\t\t\t<\/div>\n\t\t\t\t<div class=\"elementor-element elementor-element-882e5e1 elementor-widget elementor-widget-text-editor\" data-id=\"882e5e1\" data-element_type=\"widget\" data-e-type=\"widget\" data-widget_type=\"text-editor.default\">\n\t\t\t\t<div class=\"elementor-widget-container\">\n\t\t\t\t\t\t\t\t\t<p>Av <a href=\"https:\/\/litteraturbanken.se\/skolan\/?page_id=113\"><em>Gustaf Fr\u00f6ding<\/em><\/a><\/p>\t\t\t\t\t\t\t\t<\/div>\n\t\t\t\t<\/div>\n\t\t\t\t<div class=\"elementor-element elementor-element-f668412 elementor-widget elementor-widget-text-editor\" data-id=\"f668412\" data-element_type=\"widget\" data-e-type=\"widget\" data-widget_type=\"text-editor.default\">\n\t\t\t\t<div class=\"elementor-widget-container\">\n\t\t\t\t\t\t\t\t\t<p><strong>Ur:<\/strong> <em>Nytt och gammalt\u00a0<\/em><span class=\"ng-binding\" aria-hidden=\"false\">(1897) \u00a0 \u00a0<strong>\u00c5rskurs:<\/strong> 7\u20139 \u00a0 \u00a0<strong>Tema:<\/strong> Natur och m\u00e4nniska<\/span><\/p>\t\t\t\t\t\t\t\t<\/div>\n\t\t\t\t<\/div>\n\t\t\t\t<div class=\"elementor-element elementor-element-272b6b66 elementor-widget elementor-widget-text-editor\" data-id=\"272b6b66\" data-element_type=\"widget\" data-e-type=\"widget\" data-widget_type=\"text-editor.default\">\n\t\t\t\t<div class=\"elementor-widget-container\">\n\t\t\t\t\t\t\t\t\t<div class=\"titlepage\"><div class=\"titlepage\"><div class=\"l _l\"><span id=\"lb498480_11438\" class=\"w\">Och<\/span> <span id=\"lb498480_11440\" class=\"w\">haren<\/span> <span id=\"lb498480_11442\" class=\"w\">han<\/span> <span id=\"lb498480_11444\" class=\"w\">sitter<\/span> <span id=\"lb498480_11446\" class=\"w\">och<\/span> <span id=\"lb498480_11448\" class=\"w\">\u00e4ter<\/span> <span id=\"lb498480_11450\" class=\"w\">bl\u00e5<\/span> <span id=\"lb498480_11452\" class=\"w\">b\u00e4r<\/span><\/div><div class=\"l _l\"><span id=\"lb498480_11456\" class=\"w\">och<\/span> <span id=\"lb498480_11458\" class=\"w\">t\u00e4nker<\/span> <span id=\"lb498480_11460\" class=\"w\">f\u00f6rn\u00f6jdt<\/span><span id=\"lb498480_11461\" class=\"w\">:<\/span> <span id=\"lb498480_11463\" class=\"w\">\u00bb<\/span><span id=\"lb498480_11464\" class=\"w\">Det<\/span> <span id=\"lb498480_11466\" class=\"w\">\u00e4r<\/span> <span id=\"lb498480_11468\" class=\"w\">godt<\/span> <span id=\"lb498480_11470\" class=\"w\">det<\/span> <span id=\"lb498480_11472\" class=\"w\">h\u00e4r<\/span><span id=\"lb498480_11473\" class=\"w\">,<\/span><span id=\"lb498480_11474\" class=\"w\">\u00bb<\/span><\/div><div class=\"l _l\"><span id=\"lb498480_11478\" class=\"w\">d\u00e5<\/span> <span id=\"lb498480_11480\" class=\"w\">kommer<\/span> <span id=\"lb498480_11482\" class=\"w\">en<\/span> <span id=\"lb498480_11484\" class=\"w\">r\u00e4f<\/span> <span id=\"lb498480_11486\" class=\"w\">ur<\/span> <span id=\"lb498480_11488\" class=\"w\">en<\/span> <span id=\"lb498480_11490\" class=\"w\">buske<\/span> <span id=\"lb498480_11492\" class=\"w\">och<\/span> <span id=\"lb498480_11494\" class=\"w\">tar<\/span><span id=\"lb498480_11495\" class=\"w\">\u2019<\/span><span id=\"lb498480_11496\" class=\"w\">n<\/span><\/div><div class=\"l _l\"><span id=\"lb498480_11500\" class=\"w\">och<\/span> <span id=\"lb498480_11502\" class=\"w\">t\u00e4nker<\/span> <span id=\"lb498480_11504\" class=\"w\">f\u00f6rn\u00f6jdt<\/span><span id=\"lb498480_11505\" class=\"w\">:<\/span> <span id=\"lb498480_11507\" class=\"w\">\u00bb<\/span><span id=\"lb498480_11508\" class=\"w\">Gud<\/span> <span id=\"lb498480_11510\" class=\"w\">ske<\/span> <span id=\"lb498480_11512\" class=\"w\">lof<\/span> <span id=\"lb498480_11514\" class=\"w\">att<\/span> <span id=\"lb498480_11516\" class=\"w\">jag<\/span> <span id=\"lb498480_11518\" class=\"w\">har<\/span><span id=\"lb498480_11519\" class=\"w\">\u2019<\/span><span id=\"lb498480_11520\" class=\"w\">n<\/span><span id=\"lb498480_11521\" class=\"w\">\u00bb<\/span> <span id=\"lb498480_11523\" class=\"w\">\u2013<\/span><\/div><div class=\"l _l\"><span id=\"lb498480_11527\" class=\"w\">och<\/span> <span id=\"lb498480_11529\" class=\"w\">s\u00e4tter<\/span> <span id=\"lb498480_11531\" class=\"w\">sig<\/span> <span id=\"lb498480_11533\" class=\"w\">ned<\/span> <span id=\"lb498480_11535\" class=\"w\">till<\/span> <span id=\"lb498480_11537\" class=\"w\">att<\/span> <span id=\"lb498480_11539\" class=\"w\">spisa<\/span><\/div><div class=\"l _l\"><span id=\"lb498480_11543\" class=\"w\">\u2013<\/span> <span id=\"lb498480_11545\" class=\"w\">det<\/span> <span id=\"lb498480_11547\" class=\"w\">\u00e4r<\/span> <span id=\"lb498480_11549\" class=\"w\">harens<\/span> <span id=\"lb498480_11551\" class=\"w\">visa<\/span><span id=\"lb498480_11552\" class=\"w\">.<\/span><\/div><div>\u00a0<\/div><\/div><div class=\"literallayout\"><p>Och\u00a0r\u00e4ven\u00a0han\u00a0slickar\u00a0sig\u00a0glad\u00a0om\u00a0sin\u00a0trut<br \/>och\u00a0g\u00e5r\u00a0att\u00a0spatsera\u00a0i\u00a0skogen\u00a0ut,<br \/>d\u00e5\u00a0m\u00f6ter\u2019n\u00a0en\u00a0j\u00e4gare,\u00a0j\u00e4garen\u00a0skjuter\u2019n,<br \/>d\u00e5\u00a0glor\u00a0han,\u00a0d\u00e5\u00a0gnor\u00a0han,\u00a0d\u00e5\u00a0tjuter\u2019n,<br \/>d\u00e5\u00a0d\u00f6r\u00a0han,\u00a0d\u00e5\u00a0g\u00f6r\u00a0han\u00a0i\u00a0d\u00f6n\u00a0ett\u00a0spr\u00e5ng<br \/>\u2013\u00a0det\u00a0\u00e4r\u00a0r\u00e4vens\u00a0s\u00e5ng.<\/p><p>Och\u00a0j\u00e4garn\u00a0han\u00a0blistrar\u00a0s\u00e5\u00a0stoltelig<br \/>och\u00a0t\u00e4nker:\u00a0\u201dNu\u00a0haver\u00a0jag\u00a0rogat\u00a0mig,\u201d<br \/>men\u00a0hemma\u00a0d\u00e4r\u00a0pysslar\u00a0hans\u00a0k\u00e4ringkropp<br \/>med\u00a0vitt\u00a0i\u00a0hans\u00a0kaffecikoriakopp,<br \/>s\u00e5\u00a0dricker\u2019n,\u00a0s\u00e5\u00a0d\u00f6r\u00a0han\u00a0av\u00a0kaffecikoria<br \/>\u2013\u00a0det\u00a0\u00e4r\u00a0j\u00e4garns\u00a0historia.<\/p><\/div><\/div>\t\t\t\t\t\t\t\t<\/div>\n\t\t\t\t<\/div>\n\t\t\t\t\t<\/div>\n\t\t<\/div>\n\t\t\t\t<div class=\"elementor-column elementor-col-33 elementor-inner-column elementor-element elementor-element-563a6df5\" data-id=\"563a6df5\" data-element_type=\"column\" data-e-type=\"column\">\n\t\t\t<div class=\"elementor-widget-wrap elementor-element-populated\">\n\t\t\t\t\t\t<div class=\"elementor-element elementor-element-ac3ed81 elementor-widget elementor-widget-wp-widget-media_audio\" data-id=\"ac3ed81\" data-element_type=\"widget\" data-e-type=\"widget\" data-widget_type=\"wp-widget-media_audio.default\">\n\t\t\t\t<div class=\"elementor-widget-container\">\n\t\t\t\t\t<h5>Th\u00e9r\u00e8se Hagedorn-Oskarsson l\u00e4ser \u201dS\u00e5dant \u00e4r livet\u201d av Gustaf Fr\u00f6ding.<\/h5><audio class=\"wp-audio-shortcode\" id=\"audio-2555-1\" preload=\"none\" style=\"width: 100%;\" controls=\"controls\"><source type=\"audio\/mpeg\" src=\"https:\/\/litteraturbanken.se\/skolan\/wp-content\/uploads\/2019\/03\/froding_sadantarlivet_rook.mp3?_=1\" \/><source type=\"audio\/mpeg\" src=\"https:\/\/litteraturbanken.se\/skolan\/wp-content\/uploads\/2019\/03\/froding_sadantarlivet_rook.mp3?_=1\" \/><a href=\"https:\/\/litteraturbanken.se\/skolan\/wp-content\/uploads\/2019\/03\/froding_sadantarlivet_rook.mp3\">https:\/\/litteraturbanken.se\/skolan\/wp-content\/uploads\/2019\/03\/froding_sadantarlivet_rook.mp3<\/a><\/audio>\t\t\t\t<\/div>\n\t\t\t\t<\/div>\n\t\t\t\t<div class=\"elementor-element elementor-element-f2b0ea8 elementor-icon-list--layout-traditional elementor-list-item-link-full_width elementor-widget elementor-widget-icon-list\" data-id=\"f2b0ea8\" data-element_type=\"widget\" data-e-type=\"widget\" data-widget_type=\"icon-list.default\">\n\t\t\t\t<div class=\"elementor-widget-container\">\n\t\t\t\t\t\t\t<ul class=\"elementor-icon-list-items\">\n\t\t\t\t\t\t\t<li class=\"elementor-icon-list-item\">\n\t\t\t\t\t\t\t\t\t\t\t<a href=\"https:\/\/litteraturbanken.se\/forfattare\/FrodingG\/titlar\/NyttOchGammalt\/sida\/63\/etext\" target=\"_blank\">\n\n\t\t\t\t\t\t\t\t\t\t\t\t<span class=\"elementor-icon-list-icon\">\n\t\t\t\t\t\t\t\t\t\t\t\t\t\t\t\t<i class=\"fa fa-file-text-o\" aria-hidden=\"true\"><\/i>\n\t\t\t\t\t\t\t\t\t\t\t\t\t<\/span>\n\t\t\t\t\t\t\t\t\t\t<span class=\"elementor-icon-list-text\">L\u00e4s dikten p\u00e5 Litteraturbanken<\/span>\n\t\t\t\t\t\t\t\t\t\t\t<\/a>\n\t\t\t\t\t\t\t\t\t<\/li>\n\t\t\t\t\t\t\t\t<li class=\"elementor-icon-list-item\">\n\t\t\t\t\t\t\t\t\t\t\t<a href=\"https:\/\/litteraturbanken.se\/skolan\/?page_id=261\" target=\"_blank\">\n\n\t\t\t\t\t\t\t\t\t\t\t\t<span class=\"elementor-icon-list-icon\">\n\t\t\t\t\t\t\t\t\t\t\t\t\t\t\t\t<i class=\"fa fa-file-text-o\" aria-hidden=\"true\"><\/i>\n\t\t\t\t\t\t\t\t\t\t\t\t\t<\/span>\n\t\t\t\t\t\t\t\t\t\t<span class=\"elementor-icon-list-text\">Termer och begrepp<\/span>\n\t\t\t\t\t\t\t\t\t\t\t<\/a>\n\t\t\t\t\t\t\t\t\t<\/li>\n\t\t\t\t\t\t<\/ul>\n\t\t\t\t\t\t<\/div>\n\t\t\t\t<\/div>\n\t\t\t\t<div class=\"elementor-element elementor-element-ad835a6 elementor-align-center elementor-widget elementor-widget-button\" data-id=\"ad835a6\" data-element_type=\"widget\" data-e-type=\"widget\" data-widget_type=\"button.default\">\n\t\t\t\t<div class=\"elementor-widget-container\">\n\t\t\t\t\t\t\t\t\t<div class=\"elementor-button-wrapper\">\n\t\t\t\t\t<a class=\"elementor-button elementor-button-link elementor-size-md elementor-animation-grow\" href=\"#uppgift\">\n\t\t\t\t\t\t<span class=\"elementor-button-content-wrapper\">\n\t\t\t\t\t\t<span class=\"elementor-button-icon\">\n\t\t\t\t\t\t\t\t\t<i class=\"fa fa-pencil\" aria-hidden=\"true\"><\/i>\n\t\t\t\t\t\t\t<\/span>\n\t\t\t\t\t\t\t\t\t<span class=\"elementor-button-text\">Uppgift, \u00c5k 7\u20139<\/span>\n\t\t\t\t\t<\/span>\n\t\t\t\t\t<\/a>\n\t\t\t\t<\/div>\n\t\t\t\t\t\t\t\t<\/div>\n\t\t\t\t<\/div>\n\t\t\t\t<div class=\"elementor-element elementor-element-8fe063c elementor-widget elementor-widget-image\" data-id=\"8fe063c\" data-element_type=\"widget\" data-e-type=\"widget\" data-widget_type=\"image.default\">\n\t\t\t\t<div class=\"elementor-widget-container\">\n\t\t\t\t\t\t\t\t\t\t\t\t\t\t\t<img fetchpriority=\"high\" decoding=\"async\" width=\"300\" height=\"300\" src=\"https:\/\/litteraturbanken.se\/skolan\/wp-content\/uploads\/2019\/03\/lb_skolan_2019_knapp_f\u00f6rfattarbild_fr\u00f6ding_gr\u00f6n-e1553013665512.jpg\" class=\"attachment-full size-full wp-image-13727\" alt=\"\" \/>\t\t\t\t\t\t\t\t\t\t\t\t\t\t\t<\/div>\n\t\t\t\t<\/div>\n\t\t\t\t\t<\/div>\n\t\t<\/div>\n\t\t\t\t\t<\/div>\n\t\t<\/section>\n\t\t\t\t<section class=\"elementor-section elementor-top-section elementor-element elementor-element-17c453a3 elementor-section-boxed elementor-section-height-default elementor-section-height-default\" data-id=\"17c453a3\" data-element_type=\"section\" data-e-type=\"section\">\n\t\t\t\t\t\t<div class=\"elementor-container elementor-column-gap-default\">\n\t\t\t\t\t<div class=\"elementor-column elementor-col-100 elementor-top-column elementor-element elementor-element-76b94cc2\" data-id=\"76b94cc2\" data-element_type=\"column\" data-e-type=\"column\">\n\t\t\t<div class=\"elementor-widget-wrap elementor-element-populated\">\n\t\t\t\t\t\t<div class=\"elementor-element elementor-element-13e1aa9 elementor-widget elementor-widget-spacer\" data-id=\"13e1aa9\" data-element_type=\"widget\" data-e-type=\"widget\" data-widget_type=\"spacer.default\">\n\t\t\t\t<div class=\"elementor-widget-container\">\n\t\t\t\t\t\t\t<div class=\"elementor-spacer\">\n\t\t\t<div class=\"elementor-spacer-inner\"><\/div>\n\t\t<\/div>\n\t\t\t\t\t\t<\/div>\n\t\t\t\t<\/div>\n\t\t\t\t\t<\/div>\n\t\t<\/div>\n\t\t\t\t\t<\/div>\n\t\t<\/section>\n\t\t\t\t<section class=\"elementor-section elementor-top-section elementor-element elementor-element-df4630e elementor-section-boxed elementor-section-height-default elementor-section-height-default\" data-id=\"df4630e\" data-element_type=\"section\" data-e-type=\"section\">\n\t\t\t\t\t\t<div class=\"elementor-container elementor-column-gap-default\">\n\t\t\t\t\t<div class=\"elementor-column elementor-col-100 elementor-top-column elementor-element elementor-element-c28c310\" data-id=\"c28c310\" data-element_type=\"column\" data-e-type=\"column\" data-settings=\"{&quot;background_background&quot;:&quot;classic&quot;}\">\n\t\t\t<div class=\"elementor-widget-wrap elementor-element-populated\">\n\t\t\t\t\t\t<div class=\"elementor-element elementor-element-1e5c8e7 elementor-widget elementor-widget-menu-anchor\" data-id=\"1e5c8e7\" data-element_type=\"widget\" data-e-type=\"widget\" data-widget_type=\"menu-anchor.default\">\n\t\t\t\t<div class=\"elementor-widget-container\">\n\t\t\t\t\t\t\t<div class=\"elementor-menu-anchor\" id=\"uppgift\"><\/div>\n\t\t\t\t\t\t<\/div>\n\t\t\t\t<\/div>\n\t\t\t\t<section class=\"elementor-section elementor-inner-section elementor-element elementor-element-5cd26fe elementor-section-boxed elementor-section-height-default elementor-section-height-default\" data-id=\"5cd26fe\" data-element_type=\"section\" data-e-type=\"section\">\n\t\t\t\t\t\t<div class=\"elementor-container elementor-column-gap-default\">\n\t\t\t\t\t<div class=\"elementor-column elementor-col-100 elementor-inner-column elementor-element elementor-element-cf9f66d\" data-id=\"cf9f66d\" data-element_type=\"column\" data-e-type=\"column\">\n\t\t\t<div class=\"elementor-widget-wrap elementor-element-populated\">\n\t\t\t\t\t\t<div class=\"elementor-element elementor-element-bd26366 elementor-view-framed elementor-shape-circle elementor-widget elementor-widget-icon\" data-id=\"bd26366\" data-element_type=\"widget\" data-e-type=\"widget\" data-widget_type=\"icon.default\">\n\t\t\t\t<div class=\"elementor-widget-container\">\n\t\t\t\t\t\t\t<div class=\"elementor-icon-wrapper\">\n\t\t\t<div class=\"elementor-icon\">\n\t\t\t\t\t\t\t<i class=\"fa fa-pencil\" aria-hidden=\"true\"><\/i>\n\t\t\t\t\t\t<\/div>\n\t\t<\/div>\n\t\t\t\t\t\t<\/div>\n\t\t\t\t<\/div>\n\t\t\t\t<div class=\"elementor-element elementor-element-fb75241 elementor-widget elementor-widget-toggle\" data-id=\"fb75241\" data-element_type=\"widget\" data-e-type=\"widget\" data-widget_type=\"toggle.default\">\n\t\t\t\t<div class=\"elementor-widget-container\">\n\t\t\t\t\t\t\t<div class=\"elementor-toggle\">\n\t\t\t\t\t\t\t<div class=\"elementor-toggle-item\">\n\t\t\t\t\t<div id=\"elementor-tab-title-2631\" class=\"elementor-tab-title\" data-tab=\"1\" role=\"button\" aria-controls=\"elementor-tab-content-2631\" aria-expanded=\"false\">\n\t\t\t\t\t\t\t\t\t\t\t\t<span class=\"elementor-toggle-icon elementor-toggle-icon-left\" aria-hidden=\"true\">\n\t\t\t\t\t\t\t\t\t\t\t\t\t\t\t<i class=\"elementor-toggle-icon-closed fa fa-chevron-right\"><\/i>\n\t\t\t\t\t\t\t\t<i class=\"elementor-toggle-icon-opened fa fa-chevron-down\"><\/i>\n\t\t\t\t\t\t\t\t\t\t\t\t\t<\/span>\n\t\t\t\t\t\t\t\t\t\t\t\t<a class=\"elementor-toggle-title\" tabindex=\"0\">\u00c5rskurs 7\u20139<\/a>\n\t\t\t\t\t<\/div>\n\n\t\t\t\t\t<div id=\"elementor-tab-content-2631\" class=\"elementor-tab-content elementor-clearfix\" data-tab=\"1\" role=\"region\" aria-labelledby=\"elementor-tab-title-2631\"><h3>S\u00f6k vidare<\/h3><ol><li>Dikten p\u00e5minner om den gamla ramsan om katten p\u00e5 r\u00e5ttan och\u00a0 r\u00e5ttan p\u00e5 repet. L\u00e4s den om du inte gjort det redan.\u00a0\u00a0<\/li><\/ol><h3>Skriv vidare<\/h3><p>1 Skriv egna katten p\u00e5 r\u00e5ttan-dikter\/ber\u00e4ttelser. Fundera \u00f6ver diktens titel och \u00f6ver vad f\u00f6rfattaren vill s\u00e4ga med dikten.\u00a0<\/p><\/div>\n\t\t\t\t<\/div>\n\t\t\t\t\t\t\t\t<\/div>\n\t\t\t\t\t\t<\/div>\n\t\t\t\t<\/div>\n\t\t\t\t\t<\/div>\n\t\t<\/div>\n\t\t\t\t\t<\/div>\n\t\t<\/section>\n\t\t\t\t<div class=\"elementor-element elementor-element-7fcf787 elementor-widget elementor-widget-spacer\" data-id=\"7fcf787\" data-element_type=\"widget\" data-e-type=\"widget\" data-widget_type=\"spacer.default\">\n\t\t\t\t<div class=\"elementor-widget-container\">\n\t\t\t\t\t\t\t<div class=\"elementor-spacer\">\n\t\t\t<div class=\"elementor-spacer-inner\"><\/div>\n\t\t<\/div>\n\t\t\t\t\t\t<\/div>\n\t\t\t\t<\/div>\n\t\t\t\t\t<\/div>\n\t\t<\/div>\n\t\t\t\t\t<\/div>\n\t\t<\/section>\n\t\t\t\t<section class=\"elementor-section elementor-top-section elementor-element elementor-element-846e611 elementor-section-boxed elementor-section-height-default elementor-section-height-default\" data-id=\"846e611\" data-element_type=\"section\" data-e-type=\"section\">\n\t\t\t\t\t\t<div class=\"elementor-container elementor-column-gap-default\">\n\t\t\t\t\t<div class=\"elementor-column elementor-col-100 elementor-top-column elementor-element elementor-element-5cf94c3\" data-id=\"5cf94c3\" data-element_type=\"column\" data-e-type=\"column\">\n\t\t\t<div class=\"elementor-widget-wrap elementor-element-populated\">\n\t\t\t\t\t\t<div class=\"elementor-element elementor-element-dd3a1c6 elementor-widget elementor-widget-spacer\" data-id=\"dd3a1c6\" data-element_type=\"widget\" data-e-type=\"widget\" data-widget_type=\"spacer.default\">\n\t\t\t\t<div class=\"elementor-widget-container\">\n\t\t\t\t\t\t\t<div class=\"elementor-spacer\">\n\t\t\t<div class=\"elementor-spacer-inner\"><\/div>\n\t\t<\/div>\n\t\t\t\t\t\t<\/div>\n\t\t\t\t<\/div>\n\t\t\t\t\t<\/div>\n\t\t<\/div>\n\t\t\t\t\t<\/div>\n\t\t<\/section>\n\t\t\t\t<\/div>\n\t\t","protected":false},"excerpt":{"rendered":"<p>S\u00e5dant \u00e4r livet Av Gustaf Fr\u00f6ding Ur: Nytt och gammalt\u00a0(1897) \u00a0 \u00a0\u00c5rskurs: 7\u20139 \u00a0 \u00a0Tema: Natur och m\u00e4nniska Och haren han sitter och \u00e4ter bl\u00e5 b\u00e4roch t\u00e4nker f\u00f6rn\u00f6jdt: \u00bbDet \u00e4r godt det h\u00e4r,\u00bbd\u00e5 kommer en r\u00e4f ur en buske och tar\u2019noch t\u00e4nker f\u00f6rn\u00f6jdt: \u00bbGud ske lof att jag har\u2019n\u00bb \u2013och s\u00e4tter sig ned till att [&hellip;]<\/p>\n","protected":false},"author":5,"featured_media":0,"parent":0,"menu_order":0,"comment_status":"closed","ping_status":"closed","template":"","meta":{"ocean_post_layout":"full-screen","ocean_both_sidebars_style":"","ocean_both_sidebars_content_width":0,"ocean_both_sidebars_sidebars_width":0,"ocean_sidebar":"0","ocean_second_sidebar":"0","ocean_disable_margins":"enable","ocean_add_body_class":"","ocean_shortcode_before_top_bar":"","ocean_shortcode_after_top_bar":"","ocean_shortcode_before_header":"","ocean_shortcode_after_header":"","ocean_has_shortcode":"","ocean_shortcode_after_title":"","ocean_shortcode_before_footer_widgets":"","ocean_shortcode_after_footer_widgets":"","ocean_shortcode_before_footer_bottom":"","ocean_shortcode_after_footer_bottom":"","ocean_display_top_bar":"default","ocean_display_header":"default","ocean_header_style":"","ocean_center_header_left_menu":"0","ocean_custom_header_template":"0","ocean_custom_logo":0,"ocean_custom_retina_logo":0,"ocean_custom_logo_max_width":0,"ocean_custom_logo_tablet_max_width":0,"ocean_custom_logo_mobile_max_width":0,"ocean_custom_logo_max_height":0,"ocean_custom_logo_tablet_max_height":0,"ocean_custom_logo_mobile_max_height":0,"ocean_header_custom_menu":"0","ocean_menu_typo_font_family":"0","ocean_menu_typo_font_subset":"","ocean_menu_typo_font_size":0,"ocean_menu_typo_font_size_tablet":0,"ocean_menu_typo_font_size_mobile":0,"ocean_menu_typo_font_size_unit":"px","ocean_menu_typo_font_weight":"","ocean_menu_typo_font_weight_tablet":"","ocean_menu_typo_font_weight_mobile":"","ocean_menu_typo_transform":"","ocean_menu_typo_transform_tablet":"","ocean_menu_typo_transform_mobile":"","ocean_menu_typo_line_height":0,"ocean_menu_typo_line_height_tablet":0,"ocean_menu_typo_line_height_mobile":0,"ocean_menu_typo_line_height_unit":"","ocean_menu_typo_spacing":0,"ocean_menu_typo_spacing_tablet":0,"ocean_menu_typo_spacing_mobile":0,"ocean_menu_typo_spacing_unit":"","ocean_menu_link_color":"","ocean_menu_link_color_hover":"","ocean_menu_link_color_active":"","ocean_menu_link_background":"","ocean_menu_link_hover_background":"","ocean_menu_link_active_background":"","ocean_menu_social_links_bg":"","ocean_menu_social_hover_links_bg":"","ocean_menu_social_links_color":"","ocean_menu_social_hover_links_color":"","ocean_disable_title":"on","ocean_disable_heading":"default","ocean_post_title":"","ocean_post_subheading":"","ocean_post_title_style":"","ocean_post_title_background_color":"","ocean_post_title_background":0,"ocean_post_title_bg_image_position":"","ocean_post_title_bg_image_attachment":"","ocean_post_title_bg_image_repeat":"","ocean_post_title_bg_image_size":"","ocean_post_title_height":0,"ocean_post_title_bg_overlay":0.5,"ocean_post_title_bg_overlay_color":"","ocean_disable_breadcrumbs":"default","ocean_breadcrumbs_color":"","ocean_breadcrumbs_separator_color":"","ocean_breadcrumbs_links_color":"","ocean_breadcrumbs_links_hover_color":"","ocean_display_footer_widgets":"default","ocean_display_footer_bottom":"default","ocean_custom_footer_template":"0","footnotes":""},"class_list":["post-2555","page","type-page","status-publish","hentry","entry"],"_links":{"self":[{"href":"https:\/\/litteraturbanken.se\/skolan\/wp-json\/wp\/v2\/pages\/2555","targetHints":{"allow":["GET"]}}],"collection":[{"href":"https:\/\/litteraturbanken.se\/skolan\/wp-json\/wp\/v2\/pages"}],"about":[{"href":"https:\/\/litteraturbanken.se\/skolan\/wp-json\/wp\/v2\/types\/page"}],"author":[{"embeddable":true,"href":"https:\/\/litteraturbanken.se\/skolan\/wp-json\/wp\/v2\/users\/5"}],"replies":[{"embeddable":true,"href":"https:\/\/litteraturbanken.se\/skolan\/wp-json\/wp\/v2\/comments?post=2555"}],"version-history":[{"count":39,"href":"https:\/\/litteraturbanken.se\/skolan\/wp-json\/wp\/v2\/pages\/2555\/revisions"}],"predecessor-version":[{"id":20425,"href":"https:\/\/litteraturbanken.se\/skolan\/wp-json\/wp\/v2\/pages\/2555\/revisions\/20425"}],"wp:attachment":[{"href":"https:\/\/litteraturbanken.se\/skolan\/wp-json\/wp\/v2\/media?parent=2555"}],"curies":[{"name":"wp","href":"https:\/\/api.w.org\/{rel}","templated":true}]}}