{"id":2623,"date":"2018-07-16T23:28:38","date_gmt":"2018-07-16T21:28:38","guid":{"rendered":"https:\/\/litteraturbanken.se\/skoladev\/?page_id=2623"},"modified":"2020-03-02T13:48:49","modified_gmt":"2020-03-02T12:48:49","slug":"poesi-forfattare-gustaf-froding-elin-i-hagen","status":"publish","type":"page","link":"https:\/\/litteraturbanken.se\/skolan\/poesi-forfattare-gustaf-froding-elin-i-hagen\/","title":{"rendered":"Poesi\/F\u00f6rfattare\/Gustaf Fr\u00f6ding\/Elin i Hagen"},"content":{"rendered":"\t\t<div data-elementor-type=\"wp-post\" data-elementor-id=\"2623\" class=\"elementor elementor-2623\">\n\t\t\t\t\t\t<section class=\"elementor-section elementor-top-section elementor-element elementor-element-1dc406f7 elementor-section-boxed elementor-section-height-default elementor-section-height-default\" data-id=\"1dc406f7\" data-element_type=\"section\" data-e-type=\"section\">\n\t\t\t\t\t\t<div class=\"elementor-container elementor-column-gap-default\">\n\t\t\t\t\t<div class=\"elementor-column elementor-col-100 elementor-top-column elementor-element elementor-element-2cafc677\" data-id=\"2cafc677\" data-element_type=\"column\" data-e-type=\"column\">\n\t\t\t<div class=\"elementor-widget-wrap elementor-element-populated\">\n\t\t\t\t\t\t<div class=\"elementor-element elementor-element-c92d725 elementor-widget elementor-widget-spacer\" data-id=\"c92d725\" data-element_type=\"widget\" data-e-type=\"widget\" data-widget_type=\"spacer.default\">\n\t\t\t\t<div class=\"elementor-widget-container\">\n\t\t\t\t\t\t\t<div class=\"elementor-spacer\">\n\t\t\t<div class=\"elementor-spacer-inner\"><\/div>\n\t\t<\/div>\n\t\t\t\t\t\t<\/div>\n\t\t\t\t<\/div>\n\t\t\t\t\t<\/div>\n\t\t<\/div>\n\t\t\t\t\t<\/div>\n\t\t<\/section>\n\t\t\t\t<section class=\"elementor-section elementor-inner-section elementor-element elementor-element-1fb50b07 elementor-section-boxed elementor-section-height-default elementor-section-height-default\" data-id=\"1fb50b07\" data-element_type=\"section\" data-e-type=\"section\">\n\t\t\t\t\t\t<div class=\"elementor-container elementor-column-gap-default\">\n\t\t\t\t\t<div class=\"elementor-column elementor-col-66 elementor-inner-column elementor-element elementor-element-139b2ee9\" data-id=\"139b2ee9\" data-element_type=\"column\" data-e-type=\"column\" data-settings=\"{&quot;background_background&quot;:&quot;classic&quot;}\">\n\t\t\t<div class=\"elementor-widget-wrap elementor-element-populated\">\n\t\t\t\t\t\t<div class=\"elementor-element elementor-element-70e93786 elementor-widget elementor-widget-heading\" data-id=\"70e93786\" data-element_type=\"widget\" data-e-type=\"widget\" data-widget_type=\"heading.default\">\n\t\t\t\t<div class=\"elementor-widget-container\">\n\t\t\t\t\t<h2 class=\"elementor-heading-title elementor-size-default\">Elin i Hagen<\/h2>\t\t\t\t<\/div>\n\t\t\t\t<\/div>\n\t\t\t\t<div class=\"elementor-element elementor-element-2fee2c3 elementor-widget elementor-widget-text-editor\" data-id=\"2fee2c3\" data-element_type=\"widget\" data-e-type=\"widget\" data-widget_type=\"text-editor.default\">\n\t\t\t\t<div class=\"elementor-widget-container\">\n\t\t\t\t\t\t\t\t\t<p>Av <a href=\"https:\/\/litteraturbanken.se\/skolan\/?page_id=113\"><em>Gustaf Fr\u00f6ding<\/em><\/a><\/p>\t\t\t\t\t\t\t\t<\/div>\n\t\t\t\t<\/div>\n\t\t\t\t<div class=\"elementor-element elementor-element-3682ff8 elementor-widget elementor-widget-text-editor\" data-id=\"3682ff8\" data-element_type=\"widget\" data-e-type=\"widget\" data-widget_type=\"text-editor.default\">\n\t\t\t\t<div class=\"elementor-widget-container\">\n\t\t\t\t\t\t\t\t\t<p><strong>Ur:<\/strong>\u00a0<em>Guitarr och dragharmonika\u00a0<\/em>(1891) \u00a0 \u00a0<strong>\u00c5rskurs:<\/strong> Gymnasium \u00a0 \u00a0<strong>Tema:<\/strong> Fattigsverige, K\u00e4rlek, Olycklig k\u00e4rlek<\/p>\t\t\t\t\t\t\t\t<\/div>\n\t\t\t\t<\/div>\n\t\t\t\t<div class=\"elementor-element elementor-element-4dc0c963 elementor-widget elementor-widget-text-editor\" data-id=\"4dc0c963\" data-element_type=\"widget\" data-e-type=\"widget\" data-widget_type=\"text-editor.default\">\n\t\t\t\t<div class=\"elementor-widget-container\">\n\t\t\t\t\t\t\t\t\t<div class=\"_lg\"><div class=\"_l\"><span id=\"w54_6\" class=\"w\">Den<\/span>\u00a0<span id=\"w54_7\" class=\"w\">d\u00e4ra<\/span>\u00a0<span id=\"w54_8\" class=\"w\">stugan<\/span>\u00a0<span id=\"w54_9\" class=\"w\">vid<\/span>\u00a0<span id=\"w54_10\" class=\"w\">\u00e5n<\/span>\u00a0<span id=\"w54_11\" class=\"w\">\u00e4r<\/span>\u00a0<span id=\"w54_12\" class=\"w\">Hagen<\/span><span id=\"w54_13\" class=\"w\">,<\/span><\/div><div class=\"_l\"><span id=\"w54_14\" class=\"w\">d\u00e4r<\/span>\u00a0<span id=\"w54_15\" class=\"w\">gamle<\/span>\u00a0<span id=\"w54_16\" class=\"w\">Anders<\/span>\u00a0<span id=\"w54_17\" class=\"w\">i<\/span>\u00a0<span id=\"w54_18\" class=\"w\">Hagen<\/span>\u00a0<span id=\"w54_19\" class=\"w\">bor<\/span><\/div><div class=\"_l\"><span id=\"w54_20\" class=\"w\">\u2013<\/span>\u00a0<span id=\"w54_21\" class=\"w\">jag<\/span>\u00a0<span id=\"w54_22\" class=\"w\">minns<\/span><span id=\"w54_23\" class=\"w\">,<\/span>\u00a0<span id=\"w54_24\" class=\"w\">hur<\/span>\u00a0<span id=\"w54_25\" class=\"w\">Elin<\/span><span id=\"w54_26\" class=\"w\">,<\/span>\u00a0<span id=\"w54_27\" class=\"w\">den<\/span>\u00a0<span id=\"w54_28\" class=\"w\">enda<\/span>\u00a0<span id=\"w54_29\" class=\"w\">dottern<\/span><span id=\"w54_30\" class=\"w\">,<\/span><\/div><div class=\"_l\"><span id=\"w54_31\" class=\"w\">gick<\/span>\u00a0<span id=\"w54_32\" class=\"w\">f\u00f6rr<\/span>\u00a0<span id=\"w54_33\" class=\"w\">och<\/span>\u00a0<span id=\"w54_34\" class=\"w\">trallade<\/span>\u00a0<span id=\"w54_35\" class=\"w\">hela<\/span>\u00a0<span id=\"w54_36\" class=\"w\">dagen<\/span><\/div><div class=\"_l\"><span id=\"w54_37\" class=\"w\">i<\/span>\u00a0<span id=\"w54_38\" class=\"w\">mon<\/span>\u00a0<span id=\"w54_39\" class=\"w\">d\u00e4rborta<\/span>\u00a0<span id=\"w54_40\" class=\"w\">med<\/span>\u00a0<span id=\"w54_41\" class=\"w\">Hagens<\/span>\u00a0<span id=\"w54_42\" class=\"w\">kor<\/span><span id=\"w54_43\" class=\"w\">.<\/span><\/div><div>\u00a0<\/div><\/div><div class=\"_lg\"><div class=\"_l\"><span id=\"w54_44\" class=\"w\">Hon<\/span>\u00a0<span id=\"w54_45\" class=\"w\">var<\/span>\u00a0<span id=\"w54_46\" class=\"w\">den<\/span>\u00a0<span id=\"w54_47\" class=\"w\">gladaste<\/span>\u00a0<span id=\"w54_48\" class=\"w\">bland<\/span>\u00a0<span id=\"w54_49\" class=\"w\">de<\/span>\u00a0<span id=\"w54_50\" class=\"w\">glada<\/span><span id=\"w54_51\" class=\"w\">,<\/span><\/div><div class=\"_l\"><span id=\"w54_52\" class=\"w\">i<\/span>\u00a0<span id=\"w54_53\" class=\"w\">lek<\/span>\u00a0<span id=\"w54_54\" class=\"w\">och<\/span>\u00a0<span id=\"w54_55\" class=\"w\">dans<\/span>\u00a0<span id=\"w54_56\" class=\"w\">var<\/span>\u00a0<span id=\"w54_57\" class=\"w\">hon<\/span>\u00a0<span id=\"w54_58\" class=\"w\">alltid<\/span>\u00a0<span id=\"w54_59\" class=\"w\">b\u00e4st<\/span><span id=\"w54_60\" class=\"w\">,<\/span><\/div><div class=\"_l\"><span id=\"w54_61\" class=\"w\">och<\/span>\u00a0<span id=\"w54_62\" class=\"w\">flink<\/span>\u00a0<span id=\"w54_63\" class=\"w\">i<\/span>\u00a0<span id=\"w54_64\" class=\"w\">spisen<\/span>\u00a0<span id=\"w54_65\" class=\"w\">och<\/span>\u00a0<span id=\"w54_66\" class=\"w\">flink<\/span>\u00a0<span id=\"w54_67\" class=\"w\">p\u00e5<\/span>\u00a0<span id=\"w54_68\" class=\"w\">logen<\/span><\/div><div class=\"_l\"><span id=\"w54_69\" class=\"w\">\u2013<\/span>\u00a0<span id=\"w54_70\" class=\"w\">men<\/span>\u00a0<span id=\"w54_71\" class=\"w\">ofta<\/span>\u00a0<span id=\"w54_72\" class=\"w\">ser<\/span>\u00a0<span id=\"w54_73\" class=\"w\">en<\/span><span id=\"w54_74\" class=\"w\">,<\/span>\u00a0<span id=\"w54_75\" class=\"w\">att<\/span>\u00a0<span id=\"w54_76\" class=\"w\">det<\/span>\u00a0<span id=\"w54_77\" class=\"w\">tar<\/span>\u00a0<span id=\"w54_78\" class=\"w\">skada<\/span><span id=\"w54_79\" class=\"w\">,<\/span><\/div><div class=\"_l\"><span id=\"w54_80\" class=\"w\">som<\/span>\u00a0<span id=\"w54_81\" class=\"w\">v\u00e4xer<\/span>\u00a0<span id=\"w54_82\" class=\"w\">vackrast<\/span>\u00a0<span id=\"w54_83\" class=\"w\">och<\/span>\u00a0<span id=\"w54_84\" class=\"w\">lofvar<\/span>\u00a0<span id=\"w54_85\" class=\"w\">mest<\/span><span id=\"w54_86\" class=\"w\">.<\/span><\/div><div>\u00a0<\/div><div><p>Det kom en fr\u00e4mmande man till dalen,<br \/>han m\u00f6tte Elin i skogen tidt,<br \/>ock det gick rykten omkring i bygden,<br \/>och stackars Elin blef vild och galen<br \/>\u2013 i v\u00e5ras dr\u00e4nkte hon barnet sitt.<\/p><p>Jag minns den stunden, d\u00e5 hon blef tagen,<br \/>hon skrek ej, gr\u00e4t ej, blef endast hvit<br \/>\u2013 till fyra \u00e5r blef hon d\u00f6md af lagen<br \/>\u2013 en kan f\u00f6rst\u00e5, det \u00e4r sorg i Hagen,<br \/>och det \u00e4r ingen, som n\u00e4ns g\u00e5 dit.<\/p><p>Och gamle Anders han st\u00e5r vid skjulet<br \/>betryckt och krokig och hugger ved.<br \/>Han var en gubbe, som log best\u00e4ndigt,<br \/>\u2013 nu \u00e4r hans ansikte skyggt och mulet,<br \/>hans l\u00e4ppar sk\u00e4lfva, han tittar ned.<\/p><p>Han viker undan f\u00f6r folkets blickar,<br \/>han talar icke med n\u00e5gon mer,<br \/>han g\u00e5r och gr\u00e4mer sig djupt i sj\u00e4len,<br \/>han ser \u00e5t sidan, n\u00e4r n\u00e5gon nickar,<br \/>och gr\u00e5ter bittert, n\u00e4r ingen ser.<\/p><\/div><\/div>\t\t\t\t\t\t\t\t<\/div>\n\t\t\t\t<\/div>\n\t\t\t\t\t<\/div>\n\t\t<\/div>\n\t\t\t\t<div class=\"elementor-column elementor-col-33 elementor-inner-column elementor-element elementor-element-5b9982b4\" data-id=\"5b9982b4\" data-element_type=\"column\" data-e-type=\"column\">\n\t\t\t<div class=\"elementor-widget-wrap elementor-element-populated\">\n\t\t\t\t\t\t<div class=\"elementor-element elementor-element-2c6b8f4 elementor-widget elementor-widget-wp-widget-media_audio\" data-id=\"2c6b8f4\" data-element_type=\"widget\" data-e-type=\"widget\" data-widget_type=\"wp-widget-media_audio.default\">\n\t\t\t\t<div class=\"elementor-widget-container\">\n\t\t\t\t\t<h5>Ann Boglind l\u00e4ser \u201dElin i Hagen\u201d av Gustaf Fr\u00f6ding.<\/h5><audio class=\"wp-audio-shortcode\" id=\"audio-2623-1\" preload=\"none\" style=\"width: 100%;\" controls=\"controls\"><source type=\"audio\/mpeg\" src=\"https:\/\/litteraturbanken.se\/skolan\/wp-content\/uploads\/2019\/03\/froding_elinihagen_boglind.mp3?_=1\" \/><source type=\"audio\/mpeg\" src=\"https:\/\/litteraturbanken.se\/skolan\/wp-content\/uploads\/2019\/03\/froding_elinihagen_boglind.mp3?_=1\" \/><a href=\"https:\/\/litteraturbanken.se\/skolan\/wp-content\/uploads\/2019\/03\/froding_elinihagen_boglind.mp3\">https:\/\/litteraturbanken.se\/skolan\/wp-content\/uploads\/2019\/03\/froding_elinihagen_boglind.mp3<\/a><\/audio>\t\t\t\t<\/div>\n\t\t\t\t<\/div>\n\t\t\t\t<div class=\"elementor-element elementor-element-61a84c6 elementor-icon-list--layout-traditional elementor-list-item-link-full_width elementor-widget elementor-widget-icon-list\" data-id=\"61a84c6\" data-element_type=\"widget\" data-e-type=\"widget\" data-widget_type=\"icon-list.default\">\n\t\t\t\t<div class=\"elementor-widget-container\">\n\t\t\t\t\t\t\t<ul class=\"elementor-icon-list-items\">\n\t\t\t\t\t\t\t<li class=\"elementor-icon-list-item\">\n\t\t\t\t\t\t\t\t\t\t\t<a href=\"https:\/\/litteraturbanken.se\/forfattare\/FrodingG\/titlar\/GuitarrOchDragharmonika\/sida\/55\/etext\" target=\"_blank\">\n\n\t\t\t\t\t\t\t\t\t\t\t\t<span class=\"elementor-icon-list-icon\">\n\t\t\t\t\t\t\t\t\t\t\t\t\t\t\t\t<i class=\"fa fa-file-text-o\" aria-hidden=\"true\"><\/i>\n\t\t\t\t\t\t\t\t\t\t\t\t\t<\/span>\n\t\t\t\t\t\t\t\t\t\t<span class=\"elementor-icon-list-text\">L\u00e4s dikten p\u00e5 Litteraturbanken<\/span>\n\t\t\t\t\t\t\t\t\t\t\t<\/a>\n\t\t\t\t\t\t\t\t\t<\/li>\n\t\t\t\t\t\t\t\t<li class=\"elementor-icon-list-item\">\n\t\t\t\t\t\t\t\t\t\t\t<a href=\"https:\/\/litteraturbanken.se\/skolan\/?page_id=261\" target=\"_blank\">\n\n\t\t\t\t\t\t\t\t\t\t\t\t<span class=\"elementor-icon-list-icon\">\n\t\t\t\t\t\t\t\t\t\t\t\t\t\t\t\t<i class=\"fa fa-file-text-o\" aria-hidden=\"true\"><\/i>\n\t\t\t\t\t\t\t\t\t\t\t\t\t<\/span>\n\t\t\t\t\t\t\t\t\t\t<span class=\"elementor-icon-list-text\">Termer och begrepp<\/span>\n\t\t\t\t\t\t\t\t\t\t\t<\/a>\n\t\t\t\t\t\t\t\t\t<\/li>\n\t\t\t\t\t\t<\/ul>\n\t\t\t\t\t\t<\/div>\n\t\t\t\t<\/div>\n\t\t\t\t<div class=\"elementor-element elementor-element-2f8ff9d elementor-align-center elementor-widget elementor-widget-button\" data-id=\"2f8ff9d\" data-element_type=\"widget\" data-e-type=\"widget\" data-widget_type=\"button.default\">\n\t\t\t\t<div class=\"elementor-widget-container\">\n\t\t\t\t\t\t\t\t\t<div class=\"elementor-button-wrapper\">\n\t\t\t\t\t<a class=\"elementor-button elementor-button-link elementor-size-md elementor-animation-grow\" href=\"#uppgiftF-3\">\n\t\t\t\t\t\t<span class=\"elementor-button-content-wrapper\">\n\t\t\t\t\t\t<span class=\"elementor-button-icon\">\n\t\t\t\t\t\t\t\t\t<i class=\"fa fa-pencil\" aria-hidden=\"true\"><\/i>\n\t\t\t\t\t\t\t<\/span>\n\t\t\t\t\t\t\t\t\t<span class=\"elementor-button-text\">Uppgift, Gymnasium<\/span>\n\t\t\t\t\t<\/span>\n\t\t\t\t\t<\/a>\n\t\t\t\t<\/div>\n\t\t\t\t\t\t\t\t<\/div>\n\t\t\t\t<\/div>\n\t\t\t\t<div class=\"elementor-element elementor-element-8f1ea62 elementor-widget elementor-widget-image\" data-id=\"8f1ea62\" data-element_type=\"widget\" data-e-type=\"widget\" data-widget_type=\"image.default\">\n\t\t\t\t<div class=\"elementor-widget-container\">\n\t\t\t\t\t\t\t\t\t\t\t\t\t\t\t<img fetchpriority=\"high\" decoding=\"async\" width=\"300\" height=\"300\" src=\"https:\/\/litteraturbanken.se\/skolan\/wp-content\/uploads\/2019\/03\/lb_skolan_2019_knapp_f\u00f6rfattarbild_fr\u00f6ding_gr\u00f6n-e1553013665512.jpg\" class=\"attachment-full size-full wp-image-13727\" alt=\"\" \/>\t\t\t\t\t\t\t\t\t\t\t\t\t\t\t<\/div>\n\t\t\t\t<\/div>\n\t\t\t\t\t<\/div>\n\t\t<\/div>\n\t\t\t\t\t<\/div>\n\t\t<\/section>\n\t\t\t\t<section class=\"elementor-section elementor-top-section elementor-element elementor-element-e7cecb8 elementor-section-boxed elementor-section-height-default elementor-section-height-default\" data-id=\"e7cecb8\" data-element_type=\"section\" data-e-type=\"section\">\n\t\t\t\t\t\t<div class=\"elementor-container elementor-column-gap-default\">\n\t\t\t\t\t<div class=\"elementor-column elementor-col-100 elementor-top-column elementor-element elementor-element-672eedf\" data-id=\"672eedf\" data-element_type=\"column\" data-e-type=\"column\">\n\t\t\t<div class=\"elementor-widget-wrap elementor-element-populated\">\n\t\t\t\t\t\t<div class=\"elementor-element elementor-element-9f955a0 elementor-widget elementor-widget-spacer\" data-id=\"9f955a0\" data-element_type=\"widget\" data-e-type=\"widget\" data-widget_type=\"spacer.default\">\n\t\t\t\t<div class=\"elementor-widget-container\">\n\t\t\t\t\t\t\t<div class=\"elementor-spacer\">\n\t\t\t<div class=\"elementor-spacer-inner\"><\/div>\n\t\t<\/div>\n\t\t\t\t\t\t<\/div>\n\t\t\t\t<\/div>\n\t\t\t\t\t<\/div>\n\t\t<\/div>\n\t\t\t\t\t<\/div>\n\t\t<\/section>\n\t\t\t\t<section class=\"elementor-section elementor-top-section elementor-element elementor-element-f79014c elementor-section-boxed elementor-section-height-default elementor-section-height-default\" data-id=\"f79014c\" data-element_type=\"section\" data-e-type=\"section\">\n\t\t\t\t\t\t<div class=\"elementor-container elementor-column-gap-default\">\n\t\t\t\t\t<div class=\"elementor-column elementor-col-100 elementor-top-column elementor-element elementor-element-c41d0e5\" data-id=\"c41d0e5\" data-element_type=\"column\" data-e-type=\"column\" data-settings=\"{&quot;background_background&quot;:&quot;classic&quot;}\">\n\t\t\t<div class=\"elementor-widget-wrap elementor-element-populated\">\n\t\t\t\t\t\t<section class=\"elementor-section elementor-inner-section elementor-element elementor-element-6689d0e elementor-section-boxed elementor-section-height-default elementor-section-height-default\" data-id=\"6689d0e\" data-element_type=\"section\" data-e-type=\"section\">\n\t\t\t\t\t\t<div class=\"elementor-container elementor-column-gap-default\">\n\t\t\t\t\t<div class=\"elementor-column elementor-col-100 elementor-inner-column elementor-element elementor-element-f60b837\" data-id=\"f60b837\" data-element_type=\"column\" data-e-type=\"column\">\n\t\t\t<div class=\"elementor-widget-wrap elementor-element-populated\">\n\t\t\t\t\t\t<div class=\"elementor-element elementor-element-49dda07 elementor-widget elementor-widget-menu-anchor\" data-id=\"49dda07\" data-element_type=\"widget\" data-e-type=\"widget\" data-widget_type=\"menu-anchor.default\">\n\t\t\t\t<div class=\"elementor-widget-container\">\n\t\t\t\t\t\t\t<div class=\"elementor-menu-anchor\" id=\"uppgiftF-3\"><\/div>\n\t\t\t\t\t\t<\/div>\n\t\t\t\t<\/div>\n\t\t\t\t<div class=\"elementor-element elementor-element-09fc73b elementor-view-framed elementor-shape-circle elementor-widget elementor-widget-icon\" data-id=\"09fc73b\" data-element_type=\"widget\" data-e-type=\"widget\" data-widget_type=\"icon.default\">\n\t\t\t\t<div class=\"elementor-widget-container\">\n\t\t\t\t\t\t\t<div class=\"elementor-icon-wrapper\">\n\t\t\t<div class=\"elementor-icon\">\n\t\t\t\t\t\t\t<i class=\"fa fa-pencil\" aria-hidden=\"true\"><\/i>\n\t\t\t\t\t\t<\/div>\n\t\t<\/div>\n\t\t\t\t\t\t<\/div>\n\t\t\t\t<\/div>\n\t\t\t\t<div class=\"elementor-element elementor-element-8b49370 elementor-widget elementor-widget-toggle\" data-id=\"8b49370\" data-element_type=\"widget\" data-e-type=\"widget\" data-widget_type=\"toggle.default\">\n\t\t\t\t<div class=\"elementor-widget-container\">\n\t\t\t\t\t\t\t<div class=\"elementor-toggle\">\n\t\t\t\t\t\t\t<div class=\"elementor-toggle-item\">\n\t\t\t\t\t<div id=\"elementor-tab-title-1461\" class=\"elementor-tab-title\" data-tab=\"1\" role=\"button\" aria-controls=\"elementor-tab-content-1461\" aria-expanded=\"false\">\n\t\t\t\t\t\t\t\t\t\t\t\t<span class=\"elementor-toggle-icon elementor-toggle-icon-left\" aria-hidden=\"true\">\n\t\t\t\t\t\t\t\t\t\t\t\t\t\t\t<i class=\"elementor-toggle-icon-closed fa fa-chevron-right\"><\/i>\n\t\t\t\t\t\t\t\t<i class=\"elementor-toggle-icon-opened fa fa-chevron-down\"><\/i>\n\t\t\t\t\t\t\t\t\t\t\t\t\t<\/span>\n\t\t\t\t\t\t\t\t\t\t\t\t<a class=\"elementor-toggle-title\" tabindex=\"0\">Gymnasium<\/a>\n\t\t\t\t\t<\/div>\n\n\t\t\t\t\t<div id=\"elementor-tab-content-1461\" class=\"elementor-tab-content elementor-clearfix\" data-tab=\"1\" role=\"region\" aria-labelledby=\"elementor-tab-title-1461\"><h3>J\u00e4mf\u00f6r<\/h3><p>1 L\u00e4s dikten\u00a0<a href=\"https:\/\/litteraturbanken.se\/skolan\/?page_id=9164\">\u201dEn ung mor\u201d<\/a>. Vilka likheter hittar du mellan dikterna?<\/p><p>2 Ta reda p\u00e5 den historiska bakgrunden till ogifta mammors situation p\u00e5 1800-talet.\u00a0<\/p><h3>Skriv<\/h3><p style=\"font-variant-ligatures: normal; font-variant-caps: normal; font-style: normal;\">\u00d6verf\u00f6randet av en dikt till en annan genre, exempelvis drama, novell eller tidningsnotis, blir en tolkningsprocess, som att g\u00e5 i dialog med dikten. Skriv om dikten till en annan genre.<\/p><p>Inneh\u00e5llet i denna ber\u00e4ttande dikt passar bra att skriva om till en novell eller en tidningsartikel av n\u00e5got slag, notis, reportage, debattartikel exempelvis.<\/p><\/div>\n\t\t\t\t<\/div>\n\t\t\t\t\t\t\t\t<\/div>\n\t\t\t\t\t\t<\/div>\n\t\t\t\t<\/div>\n\t\t\t\t\t<\/div>\n\t\t<\/div>\n\t\t\t\t\t<\/div>\n\t\t<\/section>\n\t\t\t\t\t<\/div>\n\t\t<\/div>\n\t\t\t\t\t<\/div>\n\t\t<\/section>\n\t\t\t\t<section class=\"elementor-section elementor-top-section elementor-element elementor-element-3785af0 elementor-section-boxed elementor-section-height-default elementor-section-height-default\" data-id=\"3785af0\" data-element_type=\"section\" data-e-type=\"section\">\n\t\t\t\t\t\t<div class=\"elementor-container elementor-column-gap-default\">\n\t\t\t\t\t<div class=\"elementor-column elementor-col-100 elementor-top-column elementor-element elementor-element-f56b01b\" data-id=\"f56b01b\" data-element_type=\"column\" data-e-type=\"column\">\n\t\t\t<div class=\"elementor-widget-wrap elementor-element-populated\">\n\t\t\t\t\t\t<div class=\"elementor-element elementor-element-7612cdd elementor-widget elementor-widget-spacer\" data-id=\"7612cdd\" data-element_type=\"widget\" data-e-type=\"widget\" data-widget_type=\"spacer.default\">\n\t\t\t\t<div class=\"elementor-widget-container\">\n\t\t\t\t\t\t\t<div class=\"elementor-spacer\">\n\t\t\t<div class=\"elementor-spacer-inner\"><\/div>\n\t\t<\/div>\n\t\t\t\t\t\t<\/div>\n\t\t\t\t<\/div>\n\t\t\t\t\t<\/div>\n\t\t<\/div>\n\t\t\t\t\t<\/div>\n\t\t<\/section>\n\t\t\t\t<\/div>\n\t\t","protected":false},"excerpt":{"rendered":"<p>Elin i Hagen Av Gustaf Fr\u00f6ding Ur:\u00a0Guitarr och dragharmonika\u00a0(1891) \u00a0 \u00a0\u00c5rskurs: Gymnasium \u00a0 \u00a0Tema: Fattigsverige, K\u00e4rlek, Olycklig k\u00e4rlek Den\u00a0d\u00e4ra\u00a0stugan\u00a0vid\u00a0\u00e5n\u00a0\u00e4r\u00a0Hagen,d\u00e4r\u00a0gamle\u00a0Anders\u00a0i\u00a0Hagen\u00a0bor\u2013\u00a0jag\u00a0minns,\u00a0hur\u00a0Elin,\u00a0den\u00a0enda\u00a0dottern,gick\u00a0f\u00f6rr\u00a0och\u00a0trallade\u00a0hela\u00a0dageni\u00a0mon\u00a0d\u00e4rborta\u00a0med\u00a0Hagens\u00a0kor.\u00a0Hon\u00a0var\u00a0den\u00a0gladaste\u00a0bland\u00a0de\u00a0glada,i\u00a0lek\u00a0och\u00a0dans\u00a0var\u00a0hon\u00a0alltid\u00a0b\u00e4st,och\u00a0flink\u00a0i\u00a0spisen\u00a0och\u00a0flink\u00a0p\u00e5\u00a0logen\u2013\u00a0men\u00a0ofta\u00a0ser\u00a0en,\u00a0att\u00a0det\u00a0tar\u00a0skada,som\u00a0v\u00e4xer\u00a0vackrast\u00a0och\u00a0lofvar\u00a0mest.\u00a0 Det kom en fr\u00e4mmande man till dalen,han m\u00f6tte Elin i skogen tidt,ock det gick rykten omkring i bygden,och stackars Elin blef vild och galen\u2013 i v\u00e5ras dr\u00e4nkte hon barnet sitt. Jag minns den stunden, d\u00e5 hon [&hellip;]<\/p>\n","protected":false},"author":5,"featured_media":0,"parent":0,"menu_order":0,"comment_status":"closed","ping_status":"closed","template":"","meta":{"ocean_post_layout":"full-screen","ocean_both_sidebars_style":"","ocean_both_sidebars_content_width":0,"ocean_both_sidebars_sidebars_width":0,"ocean_sidebar":"0","ocean_second_sidebar":"0","ocean_disable_margins":"enable","ocean_add_body_class":"","ocean_shortcode_before_top_bar":"","ocean_shortcode_after_top_bar":"","ocean_shortcode_before_header":"","ocean_shortcode_after_header":"","ocean_has_shortcode":"","ocean_shortcode_after_title":"","ocean_shortcode_before_footer_widgets":"","ocean_shortcode_after_footer_widgets":"","ocean_shortcode_before_footer_bottom":"","ocean_shortcode_after_footer_bottom":"","ocean_display_top_bar":"default","ocean_display_header":"default","ocean_header_style":"","ocean_center_header_left_menu":"0","ocean_custom_header_template":"0","ocean_custom_logo":0,"ocean_custom_retina_logo":0,"ocean_custom_logo_max_width":0,"ocean_custom_logo_tablet_max_width":0,"ocean_custom_logo_mobile_max_width":0,"ocean_custom_logo_max_height":0,"ocean_custom_logo_tablet_max_height":0,"ocean_custom_logo_mobile_max_height":0,"ocean_header_custom_menu":"0","ocean_menu_typo_font_family":"0","ocean_menu_typo_font_subset":"","ocean_menu_typo_font_size":0,"ocean_menu_typo_font_size_tablet":0,"ocean_menu_typo_font_size_mobile":0,"ocean_menu_typo_font_size_unit":"px","ocean_menu_typo_font_weight":"","ocean_menu_typo_font_weight_tablet":"","ocean_menu_typo_font_weight_mobile":"","ocean_menu_typo_transform":"","ocean_menu_typo_transform_tablet":"","ocean_menu_typo_transform_mobile":"","ocean_menu_typo_line_height":0,"ocean_menu_typo_line_height_tablet":0,"ocean_menu_typo_line_height_mobile":0,"ocean_menu_typo_line_height_unit":"","ocean_menu_typo_spacing":0,"ocean_menu_typo_spacing_tablet":0,"ocean_menu_typo_spacing_mobile":0,"ocean_menu_typo_spacing_unit":"","ocean_menu_link_color":"","ocean_menu_link_color_hover":"","ocean_menu_link_color_active":"","ocean_menu_link_background":"","ocean_menu_link_hover_background":"","ocean_menu_link_active_background":"","ocean_menu_social_links_bg":"","ocean_menu_social_hover_links_bg":"","ocean_menu_social_links_color":"","ocean_menu_social_hover_links_color":"","ocean_disable_title":"on","ocean_disable_heading":"default","ocean_post_title":"","ocean_post_subheading":"","ocean_post_title_style":"","ocean_post_title_background_color":"","ocean_post_title_background":0,"ocean_post_title_bg_image_position":"","ocean_post_title_bg_image_attachment":"","ocean_post_title_bg_image_repeat":"","ocean_post_title_bg_image_size":"","ocean_post_title_height":0,"ocean_post_title_bg_overlay":0.5,"ocean_post_title_bg_overlay_color":"","ocean_disable_breadcrumbs":"default","ocean_breadcrumbs_color":"","ocean_breadcrumbs_separator_color":"","ocean_breadcrumbs_links_color":"","ocean_breadcrumbs_links_hover_color":"","ocean_display_footer_widgets":"default","ocean_display_footer_bottom":"default","ocean_custom_footer_template":"0","footnotes":""},"class_list":["post-2623","page","type-page","status-publish","hentry","entry"],"_links":{"self":[{"href":"https:\/\/litteraturbanken.se\/skolan\/wp-json\/wp\/v2\/pages\/2623","targetHints":{"allow":["GET"]}}],"collection":[{"href":"https:\/\/litteraturbanken.se\/skolan\/wp-json\/wp\/v2\/pages"}],"about":[{"href":"https:\/\/litteraturbanken.se\/skolan\/wp-json\/wp\/v2\/types\/page"}],"author":[{"embeddable":true,"href":"https:\/\/litteraturbanken.se\/skolan\/wp-json\/wp\/v2\/users\/5"}],"replies":[{"embeddable":true,"href":"https:\/\/litteraturbanken.se\/skolan\/wp-json\/wp\/v2\/comments?post=2623"}],"version-history":[{"count":51,"href":"https:\/\/litteraturbanken.se\/skolan\/wp-json\/wp\/v2\/pages\/2623\/revisions"}],"predecessor-version":[{"id":20391,"href":"https:\/\/litteraturbanken.se\/skolan\/wp-json\/wp\/v2\/pages\/2623\/revisions\/20391"}],"wp:attachment":[{"href":"https:\/\/litteraturbanken.se\/skolan\/wp-json\/wp\/v2\/media?parent=2623"}],"curies":[{"name":"wp","href":"https:\/\/api.w.org\/{rel}","templated":true}]}}