{"id":2705,"date":"2018-07-17T08:32:07","date_gmt":"2018-07-17T06:32:07","guid":{"rendered":"https:\/\/litteraturbanken.se\/skoladev\/?page_id=2705"},"modified":"2020-03-02T13:00:47","modified_gmt":"2020-03-02T12:00:47","slug":"poesi-forfattare-karin-boye-minne","status":"publish","type":"page","link":"https:\/\/litteraturbanken.se\/skolan\/poesi-forfattare-karin-boye-minne\/","title":{"rendered":"Poesi\/F\u00f6rfattare\/Karin Boye\/Minne"},"content":{"rendered":"\t\t<div data-elementor-type=\"wp-post\" data-elementor-id=\"2705\" class=\"elementor elementor-2705\">\n\t\t\t\t\t\t<section class=\"elementor-section elementor-top-section elementor-element elementor-element-dd4ba38 elementor-section-boxed elementor-section-height-default elementor-section-height-default\" data-id=\"dd4ba38\" data-element_type=\"section\" data-e-type=\"section\">\n\t\t\t\t\t\t<div class=\"elementor-container elementor-column-gap-default\">\n\t\t\t\t\t<div class=\"elementor-column elementor-col-100 elementor-top-column elementor-element elementor-element-a32641d\" data-id=\"a32641d\" data-element_type=\"column\" data-e-type=\"column\">\n\t\t\t<div class=\"elementor-widget-wrap elementor-element-populated\">\n\t\t\t\t\t\t<div class=\"elementor-element elementor-element-0db2bd5 elementor-widget elementor-widget-spacer\" data-id=\"0db2bd5\" data-element_type=\"widget\" data-e-type=\"widget\" data-widget_type=\"spacer.default\">\n\t\t\t\t<div class=\"elementor-widget-container\">\n\t\t\t\t\t\t\t<div class=\"elementor-spacer\">\n\t\t\t<div class=\"elementor-spacer-inner\"><\/div>\n\t\t<\/div>\n\t\t\t\t\t\t<\/div>\n\t\t\t\t<\/div>\n\t\t\t\t\t<\/div>\n\t\t<\/div>\n\t\t\t\t\t<\/div>\n\t\t<\/section>\n\t\t\t\t<section class=\"elementor-section elementor-inner-section elementor-element elementor-element-772e7c1 elementor-section-boxed elementor-section-height-default elementor-section-height-default\" data-id=\"772e7c1\" data-element_type=\"section\" data-e-type=\"section\">\n\t\t\t\t\t\t<div class=\"elementor-container elementor-column-gap-default\">\n\t\t\t\t\t<div class=\"elementor-column elementor-col-66 elementor-inner-column elementor-element elementor-element-2e7a51a\" data-id=\"2e7a51a\" data-element_type=\"column\" data-e-type=\"column\" data-settings=\"{&quot;background_background&quot;:&quot;classic&quot;}\">\n\t\t\t<div class=\"elementor-widget-wrap elementor-element-populated\">\n\t\t\t\t\t\t<div class=\"elementor-element elementor-element-389658b elementor-widget elementor-widget-heading\" data-id=\"389658b\" data-element_type=\"widget\" data-e-type=\"widget\" data-widget_type=\"heading.default\">\n\t\t\t\t<div class=\"elementor-widget-container\">\n\t\t\t\t\t<h2 class=\"elementor-heading-title elementor-size-default\">Minne<\/h2>\t\t\t\t<\/div>\n\t\t\t\t<\/div>\n\t\t\t\t<div class=\"elementor-element elementor-element-93d9cf5 elementor-widget elementor-widget-text-editor\" data-id=\"93d9cf5\" data-element_type=\"widget\" data-e-type=\"widget\" data-widget_type=\"text-editor.default\">\n\t\t\t\t<div class=\"elementor-widget-container\">\n\t\t\t\t\t\t\t\t\t<p>Av <a href=\"https:\/\/litteraturbanken.se\/skolan\/?page_id=136\"><em>Karin Boye<\/em><\/a><\/p>\t\t\t\t\t\t\t\t<\/div>\n\t\t\t\t<\/div>\n\t\t\t\t<div class=\"elementor-element elementor-element-80f04bc elementor-widget elementor-widget-text-editor\" data-id=\"80f04bc\" data-element_type=\"widget\" data-e-type=\"widget\" data-widget_type=\"text-editor.default\">\n\t\t\t\t<div class=\"elementor-widget-container\">\n\t\t\t\t\t\t\t\t\t<p><strong>Ur:\u00a0<\/strong><i>Moln\u00a0<\/i><span style=\"font-size: 15px; letter-spacing: 0.6px;\">(1922)\u00a0<\/span>\u00a0<strong>\u00c5rskurs:<\/strong>\u00a07\u20139\u00a0 \u00a0<strong>Tema:<\/strong>\u00a0K\u00e4rlek,\u00a0Lycklig k\u00e4rlek<\/p>\t\t\t\t\t\t\t\t<\/div>\n\t\t\t\t<\/div>\n\t\t\t\t<div class=\"elementor-element elementor-element-f09e73f elementor-widget elementor-widget-text-editor\" data-id=\"f09e73f\" data-element_type=\"widget\" data-e-type=\"widget\" data-widget_type=\"text-editor.default\">\n\t\t\t\t<div class=\"elementor-widget-container\">\n\t\t\t\t\t\t\t\t\t<div class=\"_lg\"><div class=\"_l\"><div class=\"l _l\"><span id=\"lb29291_6531\" class=\"w\">Stilla<\/span>\u00a0<span id=\"lb29291_6533\" class=\"w\">vill<\/span>\u00a0<span id=\"lb29291_6535\" class=\"w\">jag<\/span>\u00a0<span id=\"lb29291_6537\" class=\"w\">tacka<\/span>\u00a0<span id=\"lb29291_6539\" class=\"w\">mitt<\/span>\u00a0<span id=\"lb29291_6541\" class=\"w\">\u00f6de<\/span><span id=\"lb29291_6542\" class=\"w\">:<\/span><\/div><div class=\"l _l\"><span id=\"lb29291_6546\" class=\"w\">aldrig<\/span>\u00a0<span id=\"lb29291_6548\" class=\"w\">jag<\/span>\u00a0<span id=\"lb29291_6550\" class=\"w\">mister<\/span>\u00a0<span id=\"lb29291_6552\" class=\"w\">dig<\/span>\u00a0<span id=\"lb29291_6554\" class=\"w\">helt<\/span><span id=\"lb29291_6555\" class=\"w\">.<\/span><\/div><div class=\"l _l\"><span id=\"lb29291_6559\" class=\"w\">Som<\/span>\u00a0<span id=\"lb29291_6561\" class=\"w\">en<\/span>\u00a0<span id=\"lb29291_6563\" class=\"w\">p\u00e4rla<\/span>\u00a0<span id=\"lb29291_6565\" class=\"w\">v\u00e4xer<\/span>\u00a0<span id=\"lb29291_6567\" class=\"w\">i<\/span>\u00a0<span id=\"lb29291_6569\" class=\"w\">musslan<\/span><span id=\"lb29291_6570\" class=\"w\">,<\/span><\/div><div class=\"l _l\"><span id=\"lb29291_6574\" class=\"w\">s\u00e5<\/span>\u00a0<span id=\"lb29291_6576\" class=\"w\">inom<\/span>\u00a0<span id=\"lb29291_6578\" class=\"w\">mig<\/span><\/div><div class=\"l _l\"><span id=\"lb29291_6582\" class=\"w\">gror<\/span>\u00a0<span id=\"lb29291_6584\" class=\"w\">ditt<\/span>\u00a0<span id=\"lb29291_6586\" class=\"w\">daggiga<\/span>\u00a0<span id=\"lb29291_6588\" class=\"w\">v\u00e4sen<\/span>\u00a0<span id=\"lb29291_6590\" class=\"w\">ljuvt<\/span><span id=\"lb29291_6591\" class=\"w\">.<\/span><\/div><div class=\"l _l\"><span id=\"lb29291_6595\" class=\"w\">Om<\/span>\u00a0<span id=\"lb29291_6597\" class=\"w\">till<\/span>\u00a0<span id=\"lb29291_6599\" class=\"w\">sist<\/span>\u00a0<span id=\"lb29291_6601\" class=\"w\">en<\/span>\u00a0<span id=\"lb29291_6603\" class=\"w\">dag<\/span>\u00a0<span id=\"lb29291_6605\" class=\"w\">jag<\/span>\u00a0<span id=\"lb29291_6607\" class=\"w\">har<\/span>\u00a0<span id=\"lb29291_6609\" class=\"w\">gl\u00f6mt<\/span>\u00a0<span id=\"lb29291_6611\" class=\"w\">dig<\/span><\/div><div class=\"l _l\"><span id=\"lb29291_6615\" class=\"w\">d\u00e5<\/span>\u00a0<span id=\"lb29291_6617\" class=\"w\">\u00e4r<\/span>\u00a0<span id=\"lb29291_6619\" class=\"w\">du<\/span>\u00a0<span id=\"lb29291_6621\" class=\"w\">blod<\/span>\u00a0<span id=\"lb29291_6623\" class=\"w\">av<\/span>\u00a0<span id=\"lb29291_6625\" class=\"w\">mitt<\/span>\u00a0<span id=\"lb29291_6627\" class=\"w\">blod<\/span><span id=\"lb29291_6628\" class=\"w\">,<\/span><\/div><div class=\"l _l\"><span id=\"lb29291_6632\" class=\"w\">d\u00e5<\/span>\u00a0<span id=\"lb29291_6634\" class=\"w\">\u00e4r<\/span>\u00a0<span id=\"lb29291_6636\" class=\"w\">du<\/span>\u00a0<span id=\"lb29291_6638\" class=\"w\">ett<\/span>\u00a0<span id=\"lb29291_6640\" class=\"w\">med<\/span>\u00a0<span id=\"lb29291_6642\" class=\"w\">mig<\/span>\u00a0<span id=\"lb29291_6644\" class=\"w\">\u2013<\/span><\/div><div class=\"l _l\"><span id=\"lb29291_6648\" class=\"w\">det<\/span>\u00a0<span id=\"lb29291_6650\" class=\"w\">gudarna<\/span>\u00a0<span id=\"lb29291_6652\" class=\"w\">give<\/span><span id=\"lb29291_6653\" class=\"w\">.<\/span><\/div><\/div><\/div>\t\t\t\t\t\t\t\t<\/div>\n\t\t\t\t<\/div>\n\t\t\t\t\t<\/div>\n\t\t<\/div>\n\t\t\t\t<div class=\"elementor-column elementor-col-33 elementor-inner-column elementor-element elementor-element-efaf030\" data-id=\"efaf030\" data-element_type=\"column\" data-e-type=\"column\">\n\t\t\t<div class=\"elementor-widget-wrap elementor-element-populated\">\n\t\t\t\t\t\t<div class=\"elementor-element elementor-element-e31a52a elementor-widget elementor-widget-wp-widget-media_audio\" data-id=\"e31a52a\" data-element_type=\"widget\" data-e-type=\"widget\" data-widget_type=\"wp-widget-media_audio.default\">\n\t\t\t\t<div class=\"elementor-widget-container\">\n\t\t\t\t\t<h5>Paulina Helgeson l\u00e4ser \u201dMinne \u201d av Karin Boye.<\/h5><audio class=\"wp-audio-shortcode\" id=\"audio-2705-1\" preload=\"none\" style=\"width: 100%;\" controls=\"controls\"><source type=\"audio\/mpeg\" src=\"https:\/\/litteraturbanken.se\/skolan\/wp-content\/uploads\/2019\/03\/boye_minne_helgeson.mp3?_=1\" \/><source type=\"audio\/mpeg\" src=\"https:\/\/litteraturbanken.se\/skolan\/wp-content\/uploads\/2019\/03\/boye_minne_helgeson.mp3?_=1\" \/><a href=\"https:\/\/litteraturbanken.se\/skolan\/wp-content\/uploads\/2019\/03\/boye_minne_helgeson.mp3\">https:\/\/litteraturbanken.se\/skolan\/wp-content\/uploads\/2019\/03\/boye_minne_helgeson.mp3<\/a><\/audio>\t\t\t\t<\/div>\n\t\t\t\t<\/div>\n\t\t\t\t<div class=\"elementor-element elementor-element-75547e9 elementor-icon-list--layout-traditional elementor-list-item-link-full_width elementor-widget elementor-widget-icon-list\" data-id=\"75547e9\" data-element_type=\"widget\" data-e-type=\"widget\" data-widget_type=\"icon-list.default\">\n\t\t\t\t<div class=\"elementor-widget-container\">\n\t\t\t\t\t\t\t<ul class=\"elementor-icon-list-items\">\n\t\t\t\t\t\t\t<li class=\"elementor-icon-list-item\">\n\t\t\t\t\t\t\t\t\t\t\t<a href=\"https:\/\/litteraturbanken.se\/forfattare\/BoyeK\/titlar\/Moln\/sida\/35\/etext\" target=\"_blank\">\n\n\t\t\t\t\t\t\t\t\t\t\t\t<span class=\"elementor-icon-list-icon\">\n\t\t\t\t\t\t\t\t\t\t\t\t\t\t\t\t<i class=\"fa fa-file-text-o\" aria-hidden=\"true\"><\/i>\n\t\t\t\t\t\t\t\t\t\t\t\t\t<\/span>\n\t\t\t\t\t\t\t\t\t\t<span class=\"elementor-icon-list-text\">L\u00e4s dikten p\u00e5 Litteraturbanken<\/span>\n\t\t\t\t\t\t\t\t\t\t\t<\/a>\n\t\t\t\t\t\t\t\t\t<\/li>\n\t\t\t\t\t\t\t\t<li class=\"elementor-icon-list-item\">\n\t\t\t\t\t\t\t\t\t\t\t<a href=\"https:\/\/litteraturbanken.se\/skolan\/?page_id=261\" target=\"_blank\">\n\n\t\t\t\t\t\t\t\t\t\t\t\t<span class=\"elementor-icon-list-icon\">\n\t\t\t\t\t\t\t\t\t\t\t\t\t\t\t\t<i class=\"fa fa-file-text-o\" aria-hidden=\"true\"><\/i>\n\t\t\t\t\t\t\t\t\t\t\t\t\t<\/span>\n\t\t\t\t\t\t\t\t\t\t<span class=\"elementor-icon-list-text\">Termer och begrepp<\/span>\n\t\t\t\t\t\t\t\t\t\t\t<\/a>\n\t\t\t\t\t\t\t\t\t<\/li>\n\t\t\t\t\t\t<\/ul>\n\t\t\t\t\t\t<\/div>\n\t\t\t\t<\/div>\n\t\t\t\t<div class=\"elementor-element elementor-element-6923ec1 elementor-align-center elementor-widget elementor-widget-button\" data-id=\"6923ec1\" data-element_type=\"widget\" data-e-type=\"widget\" data-widget_type=\"button.default\">\n\t\t\t\t<div class=\"elementor-widget-container\">\n\t\t\t\t\t\t\t\t\t<div class=\"elementor-button-wrapper\">\n\t\t\t\t\t<a class=\"elementor-button elementor-button-link elementor-size-md elementor-animation-grow\" href=\"#7\">\n\t\t\t\t\t\t<span class=\"elementor-button-content-wrapper\">\n\t\t\t\t\t\t<span class=\"elementor-button-icon\">\n\t\t\t\t\t\t\t\t\t<i class=\"fa fa-pencil\" aria-hidden=\"true\"><\/i>\n\t\t\t\t\t\t\t<\/span>\n\t\t\t\t\t\t\t\t\t<span class=\"elementor-button-text\">Uppgift, \u00e5k 7\u20139<\/span>\n\t\t\t\t\t<\/span>\n\t\t\t\t\t<\/a>\n\t\t\t\t<\/div>\n\t\t\t\t\t\t\t\t<\/div>\n\t\t\t\t<\/div>\n\t\t\t\t<div class=\"elementor-element elementor-element-85209f1 elementor-widget elementor-widget-image\" data-id=\"85209f1\" data-element_type=\"widget\" data-e-type=\"widget\" data-widget_type=\"image.default\">\n\t\t\t\t<div class=\"elementor-widget-container\">\n\t\t\t\t\t\t\t\t\t\t\t\t\t\t\t<img fetchpriority=\"high\" decoding=\"async\" width=\"300\" height=\"300\" src=\"https:\/\/litteraturbanken.se\/skolan\/wp-content\/uploads\/2019\/03\/lb_skolan_2019_knapp_f\u00f6rfattarbild_karinboye_gr\u00f6n-e1553014665518.jpg\" class=\"attachment-full size-full wp-image-12922\" alt=\"\" \/>\t\t\t\t\t\t\t\t\t\t\t\t\t\t\t<\/div>\n\t\t\t\t<\/div>\n\t\t\t\t\t<\/div>\n\t\t<\/div>\n\t\t\t\t\t<\/div>\n\t\t<\/section>\n\t\t\t\t<section class=\"elementor-section elementor-top-section elementor-element elementor-element-4e1a6fc elementor-section-boxed elementor-section-height-default elementor-section-height-default\" data-id=\"4e1a6fc\" data-element_type=\"section\" data-e-type=\"section\">\n\t\t\t\t\t\t<div class=\"elementor-container elementor-column-gap-default\">\n\t\t\t\t\t<div class=\"elementor-column elementor-col-100 elementor-top-column elementor-element elementor-element-f00f441\" data-id=\"f00f441\" data-element_type=\"column\" data-e-type=\"column\">\n\t\t\t<div class=\"elementor-widget-wrap elementor-element-populated\">\n\t\t\t\t\t\t<div class=\"elementor-element elementor-element-ac3540a elementor-widget elementor-widget-spacer\" data-id=\"ac3540a\" data-element_type=\"widget\" data-e-type=\"widget\" data-widget_type=\"spacer.default\">\n\t\t\t\t<div class=\"elementor-widget-container\">\n\t\t\t\t\t\t\t<div class=\"elementor-spacer\">\n\t\t\t<div class=\"elementor-spacer-inner\"><\/div>\n\t\t<\/div>\n\t\t\t\t\t\t<\/div>\n\t\t\t\t<\/div>\n\t\t\t\t\t<\/div>\n\t\t<\/div>\n\t\t\t\t\t<\/div>\n\t\t<\/section>\n\t\t\t\t<section class=\"elementor-section elementor-top-section elementor-element elementor-element-85a06ec elementor-section-boxed elementor-section-height-default elementor-section-height-default\" data-id=\"85a06ec\" data-element_type=\"section\" data-e-type=\"section\">\n\t\t\t\t\t\t<div class=\"elementor-container elementor-column-gap-default\">\n\t\t\t\t\t<div class=\"elementor-column elementor-col-100 elementor-top-column elementor-element elementor-element-5a8d8c8\" data-id=\"5a8d8c8\" data-element_type=\"column\" data-e-type=\"column\" data-settings=\"{&quot;background_background&quot;:&quot;classic&quot;}\">\n\t\t\t<div class=\"elementor-widget-wrap elementor-element-populated\">\n\t\t\t\t\t\t<div class=\"elementor-element elementor-element-9d6268b elementor-widget elementor-widget-menu-anchor\" data-id=\"9d6268b\" data-element_type=\"widget\" data-e-type=\"widget\" data-widget_type=\"menu-anchor.default\">\n\t\t\t\t<div class=\"elementor-widget-container\">\n\t\t\t\t\t\t\t<div class=\"elementor-menu-anchor\" id=\"7\"><\/div>\n\t\t\t\t\t\t<\/div>\n\t\t\t\t<\/div>\n\t\t\t\t<section class=\"elementor-section elementor-inner-section elementor-element elementor-element-d9ffe4b elementor-section-boxed elementor-section-height-default elementor-section-height-default\" data-id=\"d9ffe4b\" data-element_type=\"section\" data-e-type=\"section\">\n\t\t\t\t\t\t<div class=\"elementor-container elementor-column-gap-default\">\n\t\t\t\t\t<div class=\"elementor-column elementor-col-100 elementor-inner-column elementor-element elementor-element-0e3f120\" data-id=\"0e3f120\" data-element_type=\"column\" data-e-type=\"column\">\n\t\t\t<div class=\"elementor-widget-wrap elementor-element-populated\">\n\t\t\t\t\t\t<div class=\"elementor-element elementor-element-f2a4aa5 elementor-view-framed elementor-shape-circle elementor-widget elementor-widget-icon\" data-id=\"f2a4aa5\" data-element_type=\"widget\" data-e-type=\"widget\" data-widget_type=\"icon.default\">\n\t\t\t\t<div class=\"elementor-widget-container\">\n\t\t\t\t\t\t\t<div class=\"elementor-icon-wrapper\">\n\t\t\t<div class=\"elementor-icon\">\n\t\t\t\t\t\t\t<i class=\"fa fa-pencil\" aria-hidden=\"true\"><\/i>\n\t\t\t\t\t\t<\/div>\n\t\t<\/div>\n\t\t\t\t\t\t<\/div>\n\t\t\t\t<\/div>\n\t\t\t\t<div class=\"elementor-element elementor-element-8c1e9cf elementor-widget elementor-widget-toggle\" data-id=\"8c1e9cf\" data-element_type=\"widget\" data-e-type=\"widget\" data-widget_type=\"toggle.default\">\n\t\t\t\t<div class=\"elementor-widget-container\">\n\t\t\t\t\t\t\t<div class=\"elementor-toggle\">\n\t\t\t\t\t\t\t<div class=\"elementor-toggle-item\">\n\t\t\t\t\t<div id=\"elementor-tab-title-1461\" class=\"elementor-tab-title\" data-tab=\"1\" role=\"button\" aria-controls=\"elementor-tab-content-1461\" aria-expanded=\"false\">\n\t\t\t\t\t\t\t\t\t\t\t\t<span class=\"elementor-toggle-icon elementor-toggle-icon-left\" aria-hidden=\"true\">\n\t\t\t\t\t\t\t\t\t\t\t\t\t\t\t<i class=\"elementor-toggle-icon-closed fa fa-chevron-right\"><\/i>\n\t\t\t\t\t\t\t\t<i class=\"elementor-toggle-icon-opened fa fa-chevron-down\"><\/i>\n\t\t\t\t\t\t\t\t\t\t\t\t\t<\/span>\n\t\t\t\t\t\t\t\t\t\t\t\t<a class=\"elementor-toggle-title\" tabindex=\"0\">\u00c5rskurs 7\u20139<\/a>\n\t\t\t\t\t<\/div>\n\n\t\t\t\t\t<div id=\"elementor-tab-content-1461\" class=\"elementor-tab-content elementor-clearfix\" data-tab=\"1\" role=\"region\" aria-labelledby=\"elementor-tab-title-1461\"><p>Samtala om dikten utifr\u00e5n egna anteckningar.\u00a0<\/p><p><span style=\"font-size: 16px;\">1.<\/span> <span style=\"font-size: 16px;\">L\u00e4s dikten p\u00e5 egen hand ett par g\u00e5nger.<\/span><\/p><p>2. Anteckna det viktigaste ordet i dikten.<\/p><p>3. Skriv varf\u00f6r du tycker just detta ord \u00e4r viktigast.<\/p><p>4. L\u00e4s igenom dikten en g\u00e5ng till och v\u00e4lj ut den viktigaste frasen.<\/p><p>5. Skriv varf\u00f6r du valt just den.<\/p><p>6. Skriv ner vilka inre bilder du \u201dser\u201d n\u00e4r du l\u00e4ser dikten.<\/p><p>\u00a0<\/p><p>S\u00e4tt dig i din grupp och g\u00f6r enligt f\u00f6ljande:<\/p><p><span style=\"font-size: 16px;\">1.<\/span> <span style=\"font-size: 16px;\">En i gruppen h\u00f6gl\u00e4ser dikten.<\/span><\/p><p>2. Var och en ber\u00e4ttar vilka ord och fraser ni valt och vilka inre bilder som v\u00e4ckts.<\/p><p>3. Diskutera varf\u00f6r ni svarat s\u00e5 lika eller s\u00e5 olika.<\/p><\/div>\n\t\t\t\t<\/div>\n\t\t\t\t\t\t\t\t<\/div>\n\t\t\t\t\t\t<\/div>\n\t\t\t\t<\/div>\n\t\t\t\t\t<\/div>\n\t\t<\/div>\n\t\t\t\t\t<\/div>\n\t\t<\/section>\n\t\t\t\t<div class=\"elementor-element elementor-element-c439c60 elementor-widget elementor-widget-spacer\" data-id=\"c439c60\" data-element_type=\"widget\" data-e-type=\"widget\" data-widget_type=\"spacer.default\">\n\t\t\t\t<div class=\"elementor-widget-container\">\n\t\t\t\t\t\t\t<div class=\"elementor-spacer\">\n\t\t\t<div class=\"elementor-spacer-inner\"><\/div>\n\t\t<\/div>\n\t\t\t\t\t\t<\/div>\n\t\t\t\t<\/div>\n\t\t\t\t\t<\/div>\n\t\t<\/div>\n\t\t\t\t\t<\/div>\n\t\t<\/section>\n\t\t\t\t<section class=\"elementor-section elementor-top-section elementor-element elementor-element-1a57b93 elementor-section-boxed elementor-section-height-default elementor-section-height-default\" data-id=\"1a57b93\" data-element_type=\"section\" data-e-type=\"section\">\n\t\t\t\t\t\t<div class=\"elementor-container elementor-column-gap-default\">\n\t\t\t\t\t<div class=\"elementor-column elementor-col-100 elementor-top-column elementor-element elementor-element-524bf3f\" data-id=\"524bf3f\" data-element_type=\"column\" data-e-type=\"column\">\n\t\t\t<div class=\"elementor-widget-wrap elementor-element-populated\">\n\t\t\t\t\t\t<div class=\"elementor-element elementor-element-760ab42 elementor-widget elementor-widget-spacer\" data-id=\"760ab42\" data-element_type=\"widget\" data-e-type=\"widget\" data-widget_type=\"spacer.default\">\n\t\t\t\t<div class=\"elementor-widget-container\">\n\t\t\t\t\t\t\t<div class=\"elementor-spacer\">\n\t\t\t<div class=\"elementor-spacer-inner\"><\/div>\n\t\t<\/div>\n\t\t\t\t\t\t<\/div>\n\t\t\t\t<\/div>\n\t\t\t\t\t<\/div>\n\t\t<\/div>\n\t\t\t\t\t<\/div>\n\t\t<\/section>\n\t\t\t\t<\/div>\n\t\t","protected":false},"excerpt":{"rendered":"<p>Minne Av Karin Boye Ur:\u00a0Moln\u00a0(1922)\u00a0\u00a0\u00c5rskurs:\u00a07\u20139\u00a0 \u00a0Tema:\u00a0K\u00e4rlek,\u00a0Lycklig k\u00e4rlek Stilla\u00a0vill\u00a0jag\u00a0tacka\u00a0mitt\u00a0\u00f6de:aldrig\u00a0jag\u00a0mister\u00a0dig\u00a0helt.Som\u00a0en\u00a0p\u00e4rla\u00a0v\u00e4xer\u00a0i\u00a0musslan,s\u00e5\u00a0inom\u00a0miggror\u00a0ditt\u00a0daggiga\u00a0v\u00e4sen\u00a0ljuvt.Om\u00a0till\u00a0sist\u00a0en\u00a0dag\u00a0jag\u00a0har\u00a0gl\u00f6mt\u00a0digd\u00e5\u00a0\u00e4r\u00a0du\u00a0blod\u00a0av\u00a0mitt\u00a0blod,d\u00e5\u00a0\u00e4r\u00a0du\u00a0ett\u00a0med\u00a0mig\u00a0\u2013det\u00a0gudarna\u00a0give. L\u00e4s dikten p\u00e5 Litteraturbanken Termer och begrepp Uppgift, \u00e5k 7\u20139 \u00c5rskurs 7\u20139 Samtala om dikten utifr\u00e5n egna anteckningar.\u00a0 1. L\u00e4s dikten p\u00e5 egen hand ett par g\u00e5nger. 2. Anteckna det viktigaste ordet i dikten. 3. Skriv varf\u00f6r du tycker just detta ord \u00e4r viktigast. 4. L\u00e4s igenom [&hellip;]<\/p>\n","protected":false},"author":5,"featured_media":0,"parent":0,"menu_order":0,"comment_status":"closed","ping_status":"closed","template":"","meta":{"ocean_post_layout":"full-screen","ocean_both_sidebars_style":"","ocean_both_sidebars_content_width":0,"ocean_both_sidebars_sidebars_width":0,"ocean_sidebar":"0","ocean_second_sidebar":"0","ocean_disable_margins":"enable","ocean_add_body_class":"","ocean_shortcode_before_top_bar":"","ocean_shortcode_after_top_bar":"","ocean_shortcode_before_header":"","ocean_shortcode_after_header":"","ocean_has_shortcode":"","ocean_shortcode_after_title":"","ocean_shortcode_before_footer_widgets":"","ocean_shortcode_after_footer_widgets":"","ocean_shortcode_before_footer_bottom":"","ocean_shortcode_after_footer_bottom":"","ocean_display_top_bar":"default","ocean_display_header":"default","ocean_header_style":"","ocean_center_header_left_menu":"0","ocean_custom_header_template":"0","ocean_custom_logo":0,"ocean_custom_retina_logo":0,"ocean_custom_logo_max_width":0,"ocean_custom_logo_tablet_max_width":0,"ocean_custom_logo_mobile_max_width":0,"ocean_custom_logo_max_height":0,"ocean_custom_logo_tablet_max_height":0,"ocean_custom_logo_mobile_max_height":0,"ocean_header_custom_menu":"0","ocean_menu_typo_font_family":"0","ocean_menu_typo_font_subset":"","ocean_menu_typo_font_size":0,"ocean_menu_typo_font_size_tablet":0,"ocean_menu_typo_font_size_mobile":0,"ocean_menu_typo_font_size_unit":"px","ocean_menu_typo_font_weight":"","ocean_menu_typo_font_weight_tablet":"","ocean_menu_typo_font_weight_mobile":"","ocean_menu_typo_transform":"","ocean_menu_typo_transform_tablet":"","ocean_menu_typo_transform_mobile":"","ocean_menu_typo_line_height":0,"ocean_menu_typo_line_height_tablet":0,"ocean_menu_typo_line_height_mobile":0,"ocean_menu_typo_line_height_unit":"","ocean_menu_typo_spacing":0,"ocean_menu_typo_spacing_tablet":0,"ocean_menu_typo_spacing_mobile":0,"ocean_menu_typo_spacing_unit":"","ocean_menu_link_color":"","ocean_menu_link_color_hover":"","ocean_menu_link_color_active":"","ocean_menu_link_background":"","ocean_menu_link_hover_background":"","ocean_menu_link_active_background":"","ocean_menu_social_links_bg":"","ocean_menu_social_hover_links_bg":"","ocean_menu_social_links_color":"","ocean_menu_social_hover_links_color":"","ocean_disable_title":"on","ocean_disable_heading":"default","ocean_post_title":"","ocean_post_subheading":"","ocean_post_title_style":"","ocean_post_title_background_color":"","ocean_post_title_background":0,"ocean_post_title_bg_image_position":"","ocean_post_title_bg_image_attachment":"","ocean_post_title_bg_image_repeat":"","ocean_post_title_bg_image_size":"","ocean_post_title_height":0,"ocean_post_title_bg_overlay":0.5,"ocean_post_title_bg_overlay_color":"","ocean_disable_breadcrumbs":"default","ocean_breadcrumbs_color":"","ocean_breadcrumbs_separator_color":"","ocean_breadcrumbs_links_color":"","ocean_breadcrumbs_links_hover_color":"","ocean_display_footer_widgets":"default","ocean_display_footer_bottom":"default","ocean_custom_footer_template":"0","footnotes":""},"class_list":["post-2705","page","type-page","status-publish","hentry","entry"],"_links":{"self":[{"href":"https:\/\/litteraturbanken.se\/skolan\/wp-json\/wp\/v2\/pages\/2705","targetHints":{"allow":["GET"]}}],"collection":[{"href":"https:\/\/litteraturbanken.se\/skolan\/wp-json\/wp\/v2\/pages"}],"about":[{"href":"https:\/\/litteraturbanken.se\/skolan\/wp-json\/wp\/v2\/types\/page"}],"author":[{"embeddable":true,"href":"https:\/\/litteraturbanken.se\/skolan\/wp-json\/wp\/v2\/users\/5"}],"replies":[{"embeddable":true,"href":"https:\/\/litteraturbanken.se\/skolan\/wp-json\/wp\/v2\/comments?post=2705"}],"version-history":[{"count":31,"href":"https:\/\/litteraturbanken.se\/skolan\/wp-json\/wp\/v2\/pages\/2705\/revisions"}],"predecessor-version":[{"id":20356,"href":"https:\/\/litteraturbanken.se\/skolan\/wp-json\/wp\/v2\/pages\/2705\/revisions\/20356"}],"wp:attachment":[{"href":"https:\/\/litteraturbanken.se\/skolan\/wp-json\/wp\/v2\/media?parent=2705"}],"curies":[{"name":"wp","href":"https:\/\/api.w.org\/{rel}","templated":true}]}}