{"id":2712,"date":"2018-07-17T08:34:10","date_gmt":"2018-07-17T06:34:10","guid":{"rendered":"https:\/\/litteraturbanken.se\/skoladev\/?page_id=2712"},"modified":"2020-03-02T13:06:40","modified_gmt":"2020-03-02T12:06:40","slug":"poesi-forfattare-karin-boye-varvisa","status":"publish","type":"page","link":"https:\/\/litteraturbanken.se\/skolan\/poesi-forfattare-karin-boye-varvisa\/","title":{"rendered":"Poesi\/F\u00f6rfattare\/Karin Boye\/V\u00e5rvisa"},"content":{"rendered":"\t\t<div data-elementor-type=\"wp-post\" data-elementor-id=\"2712\" class=\"elementor elementor-2712\">\n\t\t\t\t\t\t<section class=\"elementor-section elementor-top-section elementor-element elementor-element-b6b12ba elementor-section-boxed elementor-section-height-default elementor-section-height-default\" data-id=\"b6b12ba\" data-element_type=\"section\" data-e-type=\"section\">\n\t\t\t\t\t\t<div class=\"elementor-container elementor-column-gap-default\">\n\t\t\t\t\t<div class=\"elementor-column elementor-col-100 elementor-top-column elementor-element elementor-element-5cdedc9\" data-id=\"5cdedc9\" data-element_type=\"column\" data-e-type=\"column\">\n\t\t\t<div class=\"elementor-widget-wrap elementor-element-populated\">\n\t\t\t\t\t\t<div class=\"elementor-element elementor-element-d2ecb82 elementor-widget elementor-widget-spacer\" data-id=\"d2ecb82\" data-element_type=\"widget\" data-e-type=\"widget\" data-widget_type=\"spacer.default\">\n\t\t\t\t<div class=\"elementor-widget-container\">\n\t\t\t\t\t\t\t<div class=\"elementor-spacer\">\n\t\t\t<div class=\"elementor-spacer-inner\"><\/div>\n\t\t<\/div>\n\t\t\t\t\t\t<\/div>\n\t\t\t\t<\/div>\n\t\t\t\t\t<\/div>\n\t\t<\/div>\n\t\t\t\t\t<\/div>\n\t\t<\/section>\n\t\t\t\t<section class=\"elementor-section elementor-inner-section elementor-element elementor-element-1b3a062 elementor-section-boxed elementor-section-height-default elementor-section-height-default\" data-id=\"1b3a062\" data-element_type=\"section\" data-e-type=\"section\">\n\t\t\t\t\t\t<div class=\"elementor-container elementor-column-gap-default\">\n\t\t\t\t\t<div class=\"elementor-column elementor-col-66 elementor-inner-column elementor-element elementor-element-fcb64e6\" data-id=\"fcb64e6\" data-element_type=\"column\" data-e-type=\"column\" data-settings=\"{&quot;background_background&quot;:&quot;classic&quot;}\">\n\t\t\t<div class=\"elementor-widget-wrap elementor-element-populated\">\n\t\t\t\t\t\t<div class=\"elementor-element elementor-element-5e02697 elementor-widget elementor-widget-heading\" data-id=\"5e02697\" data-element_type=\"widget\" data-e-type=\"widget\" data-widget_type=\"heading.default\">\n\t\t\t\t<div class=\"elementor-widget-container\">\n\t\t\t\t\t<h2 class=\"elementor-heading-title elementor-size-default\">V\u00e5rvisa<\/h2>\t\t\t\t<\/div>\n\t\t\t\t<\/div>\n\t\t\t\t<div class=\"elementor-element elementor-element-239d9db elementor-widget elementor-widget-text-editor\" data-id=\"239d9db\" data-element_type=\"widget\" data-e-type=\"widget\" data-widget_type=\"text-editor.default\">\n\t\t\t\t<div class=\"elementor-widget-container\">\n\t\t\t\t\t\t\t\t\t<p>Av <a href=\"https:\/\/litteraturbanken.se\/skolan\/?page_id=136\"><em>Karin Boye<\/em><\/a><\/p>\t\t\t\t\t\t\t\t<\/div>\n\t\t\t\t<\/div>\n\t\t\t\t<div class=\"elementor-element elementor-element-36b05f0 elementor-widget elementor-widget-text-editor\" data-id=\"36b05f0\" data-element_type=\"widget\" data-e-type=\"widget\" data-widget_type=\"text-editor.default\">\n\t\t\t\t<div class=\"elementor-widget-container\">\n\t\t\t\t\t\t\t\t\t<p><strong>Ur:\u00a0<\/strong><span style=\"font-size: 15px; letter-spacing: 0.6px;\"><i>G\u00f6mda land\u00a0<\/i>(1924)\u00a0 <\/span><strong>\u00c5rskurs:<\/strong>\u00a07\u20139\u00a0 \u00a0<strong>Tema:\u00a0<\/strong>Natur och m\u00e4nniska,\u00a0V\u00e5r<\/p>\t\t\t\t\t\t\t\t<\/div>\n\t\t\t\t<\/div>\n\t\t\t\t<div class=\"elementor-element elementor-element-dcbb018 elementor-widget elementor-widget-text-editor\" data-id=\"dcbb018\" data-element_type=\"widget\" data-e-type=\"widget\" data-widget_type=\"text-editor.default\">\n\t\t\t\t<div class=\"elementor-widget-container\">\n\t\t\t\t\t\t\t\t\t<div class=\"_lg\"><div class=\"_l\"><div class=\"lg _lg\"><div class=\"l _l\"><span id=\"lb29290_4536\" class=\"w\">I<\/span>\u00a0<span id=\"lb29290_4538\" class=\"w\">v\u00e5rtid<\/span><span id=\"lb29290_4539\" class=\"w\">,<\/span>\u00a0<span id=\"lb29290_4541\" class=\"w\">i<\/span>\u00a0<span id=\"lb29290_4543\" class=\"w\">groddtid<\/span><span id=\"lb29290_4544\" class=\"w\">,<\/span><\/div><div class=\"l _l\"><span id=\"lb29290_4548\" class=\"w\">d\u00e5<\/span>\u00a0<span id=\"lb29290_4550\" class=\"w\">brister<\/span>\u00a0<span id=\"lb29290_4552\" class=\"w\">fr\u00f6nas<\/span>\u00a0<span id=\"lb29290_4554\" class=\"w\">skal<\/span><span id=\"lb29290_4555\" class=\"w\">,<\/span><\/div><div class=\"l _l\"><span id=\"lb29290_4559\" class=\"w\">och<\/span>\u00a0<span id=\"lb29290_4561\" class=\"w\">r\u00e5g<\/span>\u00a0<span id=\"lb29290_4563\" class=\"w\">blir<\/span>\u00a0<span id=\"lb29290_4565\" class=\"w\">r\u00e5g<\/span>\u00a0<span id=\"lb29290_4567\" class=\"w\">och<\/span>\u00a0<span id=\"lb29290_4569\" class=\"w\">tall<\/span>\u00a0<span id=\"lb29290_4571\" class=\"w\">blir<\/span>\u00a0<span id=\"lb29290_4573\" class=\"w\">tall<\/span><\/div><div class=\"l _l\"><span id=\"lb29290_4577\" class=\"w\">i<\/span>\u00a0<span id=\"lb29290_4579\" class=\"w\">frihet<\/span>\u00a0<span id=\"lb29290_4581\" class=\"w\">utan<\/span>\u00a0<span id=\"lb29290_4583\" class=\"w\">val<\/span><span id=\"lb29290_4584\" class=\"w\">.<\/span><\/div><div>\u00a0<\/div><\/div><div class=\"lg _lg\"><div class=\"l _l\"><span id=\"lb29290_4596\" class=\"w\">En<\/span>\u00a0<span id=\"lb29290_4598\" class=\"w\">ilning<\/span>\u00a0<span id=\"lb29290_4600\" class=\"w\">av<\/span>\u00a0<span id=\"lb29290_4602\" class=\"w\">v\u00e4llust<\/span><\/div><div class=\"l _l\"><span id=\"lb29290_4606\" class=\"w\">g\u00e5r<\/span>\u00a0<span id=\"lb29290_4608\" class=\"w\">genom<\/span>\u00a0<span id=\"lb29290_4610\" class=\"w\">sj\u00e4l<\/span>\u00a0<span id=\"lb29290_4612\" class=\"w\">och<\/span>\u00a0<span id=\"lb29290_4614\" class=\"w\">kropp<\/span>\u00a0<span id=\"lb29290_4616\" class=\"w\">\u2013<\/span><\/div><div class=\"l _l\"><span id=\"lb29290_4620\" class=\"w\">att<\/span>\u00a0<span id=\"lb29290_4622\" class=\"w\">jag<\/span>\u00a0<span id=\"lb29290_4624\" class=\"w\">\u00e4r<\/span>\u00a0<span id=\"lb29290_4626\" class=\"w\">jag<\/span><span id=\"lb29290_4627\" class=\"w\">,<\/span>\u00a0<span id=\"lb29290_4629\" class=\"w\">n\u00f6dv\u00e4ndigt<\/span>\u00a0<span id=\"lb29290_4631\" class=\"w\">jag<\/span>\u00a0<span id=\"lb29290_4633\" class=\"w\">\u2013<\/span><\/div><div class=\"l _l\"><span id=\"lb29290_4637\" class=\"w\">en<\/span>\u00a0<span id=\"lb29290_4639\" class=\"w\">brodd<\/span><span id=\"lb29290_4640\" class=\"w\">,<\/span>\u00a0<span id=\"lb29290_4642\" class=\"w\">som<\/span>\u00a0<span id=\"lb29290_4644\" class=\"w\">hittat<\/span>\u00a0<span id=\"lb29290_4646\" class=\"w\">opp<\/span><span id=\"lb29290_4647\" class=\"w\">,<\/span><\/div><div>\u00a0<\/div><\/div><div class=\"lg _lg\"><div class=\"l _l\"><span id=\"lb29290_4659\" class=\"w\">ett<\/span>\u00a0<span id=\"lb29290_4661\" class=\"w\">v\u00e5rskott<\/span><span id=\"lb29290_4662\" class=\"w\">,<\/span>\u00a0<span id=\"lb29290_4664\" class=\"w\">vars<\/span>\u00a0<span id=\"lb29290_4666\" class=\"w\">v\u00e4xtkraft<\/span><\/div><div class=\"l _l\"><span id=\"lb29290_4670\" class=\"w\">jag<\/span>\u00a0<span id=\"lb29290_4672\" class=\"w\">knappast<\/span>\u00a0<span id=\"lb29290_4674\" class=\"w\">anar<\/span>\u00a0<span id=\"lb29290_4676\" class=\"w\">\u00e4n<\/span>\u00a0<span id=\"lb29290_4678\" class=\"w\">\u2013<\/span><\/div><div class=\"l _l\"><span id=\"lb29290_4682\" class=\"w\">men<\/span>\u00a0<span id=\"lb29290_4684\" class=\"w\">stammens<\/span>\u00a0<span id=\"lb29290_4686\" class=\"w\">sav<\/span>\u00a0<span id=\"lb29290_4688\" class=\"w\">med<\/span>\u00a0<span id=\"lb29290_4690\" class=\"w\">bitter<\/span>\u00a0<span id=\"lb29290_4692\" class=\"w\">smak<\/span><\/div><div class=\"l _l\"><span id=\"lb29290_4696\" class=\"w\">med<\/span>\u00a0<span id=\"lb29290_4698\" class=\"w\">lust<\/span>\u00a0<span id=\"lb29290_4700\" class=\"w\">jag<\/span>\u00a0<span id=\"lb29290_4702\" class=\"w\">k\u00e4nner<\/span>\u00a0<span id=\"lb29290_4704\" class=\"w\">den<\/span><span id=\"lb29290_4705\" class=\"w\">.<\/span><\/div><div>\u00a0<\/div><div>S\u00e5 bort, all min feghet!<br \/>Jag h\u00f6r min framtid till.<br \/>Jag tar mig r\u00e4tt att v\u00e4xa nu<br \/>som rotens krafter vill.<\/div><\/div><\/div><\/div>\t\t\t\t\t\t\t\t<\/div>\n\t\t\t\t<\/div>\n\t\t\t\t\t<\/div>\n\t\t<\/div>\n\t\t\t\t<div class=\"elementor-column elementor-col-33 elementor-inner-column elementor-element elementor-element-3b6d615\" data-id=\"3b6d615\" data-element_type=\"column\" data-e-type=\"column\">\n\t\t\t<div class=\"elementor-widget-wrap elementor-element-populated\">\n\t\t\t\t\t\t<div class=\"elementor-element elementor-element-0b7c844 elementor-widget elementor-widget-wp-widget-media_audio\" data-id=\"0b7c844\" data-element_type=\"widget\" data-e-type=\"widget\" data-widget_type=\"wp-widget-media_audio.default\">\n\t\t\t\t<div class=\"elementor-widget-container\">\n\t\t\t\t\t<h5>Paulina Helgeson l\u00e4ser \u201dV\u00e5rvisa\u201d av Karin Boye.<\/h5><audio class=\"wp-audio-shortcode\" id=\"audio-2712-1\" preload=\"none\" style=\"width: 100%;\" controls=\"controls\"><source type=\"audio\/mpeg\" src=\"https:\/\/litteraturbanken.se\/skolan\/wp-content\/uploads\/2019\/03\/boye_varvisa_helgeson.mp3?_=1\" \/><source type=\"audio\/mpeg\" src=\"https:\/\/litteraturbanken.se\/skolan\/wp-content\/uploads\/2019\/03\/boye_varvisa_helgeson.mp3?_=1\" \/><a href=\"https:\/\/litteraturbanken.se\/skolan\/wp-content\/uploads\/2019\/03\/boye_varvisa_helgeson.mp3\">https:\/\/litteraturbanken.se\/skolan\/wp-content\/uploads\/2019\/03\/boye_varvisa_helgeson.mp3<\/a><\/audio>\t\t\t\t<\/div>\n\t\t\t\t<\/div>\n\t\t\t\t<div class=\"elementor-element elementor-element-42818b7 elementor-icon-list--layout-traditional elementor-list-item-link-full_width elementor-widget elementor-widget-icon-list\" data-id=\"42818b7\" data-element_type=\"widget\" data-e-type=\"widget\" data-widget_type=\"icon-list.default\">\n\t\t\t\t<div class=\"elementor-widget-container\">\n\t\t\t\t\t\t\t<ul class=\"elementor-icon-list-items\">\n\t\t\t\t\t\t\t<li class=\"elementor-icon-list-item\">\n\t\t\t\t\t\t\t\t\t\t\t<a href=\"https:\/\/litteraturbanken.se\/forfattare\/BoyeK\/titlar\/GomdaLand\/sida\/29\/etext\" target=\"_blank\">\n\n\t\t\t\t\t\t\t\t\t\t\t\t<span class=\"elementor-icon-list-icon\">\n\t\t\t\t\t\t\t\t\t\t\t\t\t\t\t\t<i class=\"fa fa-file-text-o\" aria-hidden=\"true\"><\/i>\n\t\t\t\t\t\t\t\t\t\t\t\t\t<\/span>\n\t\t\t\t\t\t\t\t\t\t<span class=\"elementor-icon-list-text\">L\u00e4s dikten p\u00e5 Litteraturbanken<\/span>\n\t\t\t\t\t\t\t\t\t\t\t<\/a>\n\t\t\t\t\t\t\t\t\t<\/li>\n\t\t\t\t\t\t\t\t<li class=\"elementor-icon-list-item\">\n\t\t\t\t\t\t\t\t\t\t\t<a href=\"https:\/\/litteraturbanken.se\/skolan\/?page_id=261\" target=\"_blank\">\n\n\t\t\t\t\t\t\t\t\t\t\t\t<span class=\"elementor-icon-list-icon\">\n\t\t\t\t\t\t\t\t\t\t\t\t\t\t\t\t<i class=\"fa fa-file-text-o\" aria-hidden=\"true\"><\/i>\n\t\t\t\t\t\t\t\t\t\t\t\t\t<\/span>\n\t\t\t\t\t\t\t\t\t\t<span class=\"elementor-icon-list-text\">Termer och begrepp<\/span>\n\t\t\t\t\t\t\t\t\t\t\t<\/a>\n\t\t\t\t\t\t\t\t\t<\/li>\n\t\t\t\t\t\t<\/ul>\n\t\t\t\t\t\t<\/div>\n\t\t\t\t<\/div>\n\t\t\t\t<div class=\"elementor-element elementor-element-c44fa57 elementor-align-center elementor-widget elementor-widget-button\" data-id=\"c44fa57\" data-element_type=\"widget\" data-e-type=\"widget\" data-widget_type=\"button.default\">\n\t\t\t\t<div class=\"elementor-widget-container\">\n\t\t\t\t\t\t\t\t\t<div class=\"elementor-button-wrapper\">\n\t\t\t\t\t<a class=\"elementor-button elementor-button-link elementor-size-md elementor-animation-grow\" href=\"#7\">\n\t\t\t\t\t\t<span class=\"elementor-button-content-wrapper\">\n\t\t\t\t\t\t<span class=\"elementor-button-icon\">\n\t\t\t\t\t\t\t\t\t<i class=\"fa fa-pencil\" aria-hidden=\"true\"><\/i>\n\t\t\t\t\t\t\t<\/span>\n\t\t\t\t\t\t\t\t\t<span class=\"elementor-button-text\">Uppgift, \u00e5k 7\u20139<\/span>\n\t\t\t\t\t<\/span>\n\t\t\t\t\t<\/a>\n\t\t\t\t<\/div>\n\t\t\t\t\t\t\t\t<\/div>\n\t\t\t\t<\/div>\n\t\t\t\t<div class=\"elementor-element elementor-element-016a683 elementor-widget elementor-widget-image\" data-id=\"016a683\" data-element_type=\"widget\" data-e-type=\"widget\" data-widget_type=\"image.default\">\n\t\t\t\t<div class=\"elementor-widget-container\">\n\t\t\t\t\t\t\t\t\t\t\t\t\t\t\t<img fetchpriority=\"high\" decoding=\"async\" width=\"300\" height=\"300\" src=\"https:\/\/litteraturbanken.se\/skolan\/wp-content\/uploads\/2019\/03\/lb_skolan_2019_knapp_f\u00f6rfattarbild_karinboye_gul-e1553014680860.jpg\" class=\"attachment-full size-full wp-image-12920\" alt=\"\" \/>\t\t\t\t\t\t\t\t\t\t\t\t\t\t\t<\/div>\n\t\t\t\t<\/div>\n\t\t\t\t\t<\/div>\n\t\t<\/div>\n\t\t\t\t\t<\/div>\n\t\t<\/section>\n\t\t\t\t<section class=\"elementor-section elementor-top-section elementor-element elementor-element-e622d3f elementor-section-boxed elementor-section-height-default elementor-section-height-default\" data-id=\"e622d3f\" data-element_type=\"section\" data-e-type=\"section\">\n\t\t\t\t\t\t<div class=\"elementor-container elementor-column-gap-default\">\n\t\t\t\t\t<div class=\"elementor-column elementor-col-100 elementor-top-column elementor-element elementor-element-e67d105\" data-id=\"e67d105\" data-element_type=\"column\" data-e-type=\"column\">\n\t\t\t<div class=\"elementor-widget-wrap elementor-element-populated\">\n\t\t\t\t\t\t<div class=\"elementor-element elementor-element-3a61c58 elementor-widget elementor-widget-spacer\" data-id=\"3a61c58\" data-element_type=\"widget\" data-e-type=\"widget\" data-widget_type=\"spacer.default\">\n\t\t\t\t<div class=\"elementor-widget-container\">\n\t\t\t\t\t\t\t<div class=\"elementor-spacer\">\n\t\t\t<div class=\"elementor-spacer-inner\"><\/div>\n\t\t<\/div>\n\t\t\t\t\t\t<\/div>\n\t\t\t\t<\/div>\n\t\t\t\t\t<\/div>\n\t\t<\/div>\n\t\t\t\t\t<\/div>\n\t\t<\/section>\n\t\t\t\t<section class=\"elementor-section elementor-top-section elementor-element elementor-element-f085e12 elementor-section-boxed elementor-section-height-default elementor-section-height-default\" data-id=\"f085e12\" data-element_type=\"section\" data-e-type=\"section\">\n\t\t\t\t\t\t<div class=\"elementor-container elementor-column-gap-default\">\n\t\t\t\t\t<div class=\"elementor-column elementor-col-100 elementor-top-column elementor-element elementor-element-6fc1769\" data-id=\"6fc1769\" data-element_type=\"column\" data-e-type=\"column\" data-settings=\"{&quot;background_background&quot;:&quot;classic&quot;}\">\n\t\t\t<div class=\"elementor-widget-wrap elementor-element-populated\">\n\t\t\t\t\t\t<div class=\"elementor-element elementor-element-52610c2 elementor-widget elementor-widget-menu-anchor\" data-id=\"52610c2\" data-element_type=\"widget\" data-e-type=\"widget\" data-widget_type=\"menu-anchor.default\">\n\t\t\t\t<div class=\"elementor-widget-container\">\n\t\t\t\t\t\t\t<div class=\"elementor-menu-anchor\" id=\"7\"><\/div>\n\t\t\t\t\t\t<\/div>\n\t\t\t\t<\/div>\n\t\t\t\t<section class=\"elementor-section elementor-inner-section elementor-element elementor-element-c60904c elementor-section-boxed elementor-section-height-default elementor-section-height-default\" data-id=\"c60904c\" data-element_type=\"section\" data-e-type=\"section\">\n\t\t\t\t\t\t<div class=\"elementor-container elementor-column-gap-default\">\n\t\t\t\t\t<div class=\"elementor-column elementor-col-100 elementor-inner-column elementor-element elementor-element-3eeff83\" data-id=\"3eeff83\" data-element_type=\"column\" data-e-type=\"column\">\n\t\t\t<div class=\"elementor-widget-wrap elementor-element-populated\">\n\t\t\t\t\t\t<div class=\"elementor-element elementor-element-c7b99c6 elementor-view-framed elementor-shape-circle elementor-widget elementor-widget-icon\" data-id=\"c7b99c6\" data-element_type=\"widget\" data-e-type=\"widget\" data-widget_type=\"icon.default\">\n\t\t\t\t<div class=\"elementor-widget-container\">\n\t\t\t\t\t\t\t<div class=\"elementor-icon-wrapper\">\n\t\t\t<div class=\"elementor-icon\">\n\t\t\t\t\t\t\t<i class=\"fa fa-pencil\" aria-hidden=\"true\"><\/i>\n\t\t\t\t\t\t<\/div>\n\t\t<\/div>\n\t\t\t\t\t\t<\/div>\n\t\t\t\t<\/div>\n\t\t\t\t<div class=\"elementor-element elementor-element-e1d7613 elementor-widget elementor-widget-toggle\" data-id=\"e1d7613\" data-element_type=\"widget\" data-e-type=\"widget\" data-widget_type=\"toggle.default\">\n\t\t\t\t<div class=\"elementor-widget-container\">\n\t\t\t\t\t\t\t<div class=\"elementor-toggle\">\n\t\t\t\t\t\t\t<div class=\"elementor-toggle-item\">\n\t\t\t\t\t<div id=\"elementor-tab-title-2361\" class=\"elementor-tab-title\" data-tab=\"1\" role=\"button\" aria-controls=\"elementor-tab-content-2361\" aria-expanded=\"false\">\n\t\t\t\t\t\t\t\t\t\t\t\t<span class=\"elementor-toggle-icon elementor-toggle-icon-left\" aria-hidden=\"true\">\n\t\t\t\t\t\t\t\t\t\t\t\t\t\t\t<i class=\"elementor-toggle-icon-closed fa fa-chevron-right\"><\/i>\n\t\t\t\t\t\t\t\t<i class=\"elementor-toggle-icon-opened fa fa-chevron-down\"><\/i>\n\t\t\t\t\t\t\t\t\t\t\t\t\t<\/span>\n\t\t\t\t\t\t\t\t\t\t\t\t<a class=\"elementor-toggle-title\" tabindex=\"0\">\u00c5rskurs 7\u20139<\/a>\n\t\t\t\t\t<\/div>\n\n\t\t\t\t\t<div id=\"elementor-tab-content-2361\" class=\"elementor-tab-content elementor-clearfix\" data-tab=\"1\" role=\"region\" aria-labelledby=\"elementor-tab-title-2361\"><p>1. Diskutera vad orden \u201dfrihet utan val\u201d kan betyda i diktens sammanhang.<\/p><p>2. Handlar dikten bara om v\u00e5ren, tycker du?<\/p><p>3. J\u00e4mf\u00f6r den h\u00e4r dikten med\u00a0<a href=\"https:\/\/litteraturbanken.se\/skolan\/poesi-forfattare-karin-boye-ja-visst-gor-det-ont\/\" target=\"_blank\" rel=\"noopener\">\u201dJavisst g\u00f6r det ont\u201d<\/a>\u00a0som ocks\u00e5 \u00e4r skriven av Karin Boye.<\/p><\/div>\n\t\t\t\t<\/div>\n\t\t\t\t\t\t\t\t<\/div>\n\t\t\t\t\t\t<\/div>\n\t\t\t\t<\/div>\n\t\t\t\t\t<\/div>\n\t\t<\/div>\n\t\t\t\t\t<\/div>\n\t\t<\/section>\n\t\t\t\t<div class=\"elementor-element elementor-element-a5e9d08 elementor-widget elementor-widget-spacer\" data-id=\"a5e9d08\" data-element_type=\"widget\" data-e-type=\"widget\" data-widget_type=\"spacer.default\">\n\t\t\t\t<div class=\"elementor-widget-container\">\n\t\t\t\t\t\t\t<div class=\"elementor-spacer\">\n\t\t\t<div class=\"elementor-spacer-inner\"><\/div>\n\t\t<\/div>\n\t\t\t\t\t\t<\/div>\n\t\t\t\t<\/div>\n\t\t\t\t\t<\/div>\n\t\t<\/div>\n\t\t\t\t\t<\/div>\n\t\t<\/section>\n\t\t\t\t<section class=\"elementor-section elementor-top-section elementor-element elementor-element-1e04d30 elementor-section-boxed elementor-section-height-default elementor-section-height-default\" data-id=\"1e04d30\" data-element_type=\"section\" data-e-type=\"section\">\n\t\t\t\t\t\t<div class=\"elementor-container elementor-column-gap-default\">\n\t\t\t\t\t<div class=\"elementor-column elementor-col-100 elementor-top-column elementor-element elementor-element-9458299\" data-id=\"9458299\" data-element_type=\"column\" data-e-type=\"column\">\n\t\t\t<div class=\"elementor-widget-wrap elementor-element-populated\">\n\t\t\t\t\t\t<div class=\"elementor-element elementor-element-efc0c23 elementor-widget elementor-widget-spacer\" data-id=\"efc0c23\" data-element_type=\"widget\" data-e-type=\"widget\" data-widget_type=\"spacer.default\">\n\t\t\t\t<div class=\"elementor-widget-container\">\n\t\t\t\t\t\t\t<div class=\"elementor-spacer\">\n\t\t\t<div class=\"elementor-spacer-inner\"><\/div>\n\t\t<\/div>\n\t\t\t\t\t\t<\/div>\n\t\t\t\t<\/div>\n\t\t\t\t\t<\/div>\n\t\t<\/div>\n\t\t\t\t\t<\/div>\n\t\t<\/section>\n\t\t\t\t<\/div>\n\t\t","protected":false},"excerpt":{"rendered":"<p>V\u00e5rvisa Av Karin Boye Ur:\u00a0G\u00f6mda land\u00a0(1924)\u00a0 \u00c5rskurs:\u00a07\u20139\u00a0 \u00a0Tema:\u00a0Natur och m\u00e4nniska,\u00a0V\u00e5r I\u00a0v\u00e5rtid,\u00a0i\u00a0groddtid,d\u00e5\u00a0brister\u00a0fr\u00f6nas\u00a0skal,och\u00a0r\u00e5g\u00a0blir\u00a0r\u00e5g\u00a0och\u00a0tall\u00a0blir\u00a0talli\u00a0frihet\u00a0utan\u00a0val.\u00a0En\u00a0ilning\u00a0av\u00a0v\u00e4llustg\u00e5r\u00a0genom\u00a0sj\u00e4l\u00a0och\u00a0kropp\u00a0\u2013att\u00a0jag\u00a0\u00e4r\u00a0jag,\u00a0n\u00f6dv\u00e4ndigt\u00a0jag\u00a0\u2013en\u00a0brodd,\u00a0som\u00a0hittat\u00a0opp,\u00a0ett\u00a0v\u00e5rskott,\u00a0vars\u00a0v\u00e4xtkraftjag\u00a0knappast\u00a0anar\u00a0\u00e4n\u00a0\u2013men\u00a0stammens\u00a0sav\u00a0med\u00a0bitter\u00a0smakmed\u00a0lust\u00a0jag\u00a0k\u00e4nner\u00a0den.\u00a0S\u00e5 bort, all min feghet!Jag h\u00f6r min framtid till.Jag tar mig r\u00e4tt att v\u00e4xa nusom rotens krafter vill. L\u00e4s dikten p\u00e5 Litteraturbanken Termer och begrepp Uppgift, \u00e5k 7\u20139 \u00c5rskurs 7\u20139 1. Diskutera vad orden \u201dfrihet utan val\u201d kan betyda i diktens sammanhang. 2. Handlar dikten [&hellip;]<\/p>\n","protected":false},"author":5,"featured_media":0,"parent":0,"menu_order":0,"comment_status":"closed","ping_status":"closed","template":"","meta":{"ocean_post_layout":"full-screen","ocean_both_sidebars_style":"","ocean_both_sidebars_content_width":0,"ocean_both_sidebars_sidebars_width":0,"ocean_sidebar":"0","ocean_second_sidebar":"0","ocean_disable_margins":"enable","ocean_add_body_class":"","ocean_shortcode_before_top_bar":"","ocean_shortcode_after_top_bar":"","ocean_shortcode_before_header":"","ocean_shortcode_after_header":"","ocean_has_shortcode":"","ocean_shortcode_after_title":"","ocean_shortcode_before_footer_widgets":"","ocean_shortcode_after_footer_widgets":"","ocean_shortcode_before_footer_bottom":"","ocean_shortcode_after_footer_bottom":"","ocean_display_top_bar":"default","ocean_display_header":"default","ocean_header_style":"","ocean_center_header_left_menu":"0","ocean_custom_header_template":"0","ocean_custom_logo":0,"ocean_custom_retina_logo":0,"ocean_custom_logo_max_width":0,"ocean_custom_logo_tablet_max_width":0,"ocean_custom_logo_mobile_max_width":0,"ocean_custom_logo_max_height":0,"ocean_custom_logo_tablet_max_height":0,"ocean_custom_logo_mobile_max_height":0,"ocean_header_custom_menu":"0","ocean_menu_typo_font_family":"0","ocean_menu_typo_font_subset":"","ocean_menu_typo_font_size":0,"ocean_menu_typo_font_size_tablet":0,"ocean_menu_typo_font_size_mobile":0,"ocean_menu_typo_font_size_unit":"px","ocean_menu_typo_font_weight":"","ocean_menu_typo_font_weight_tablet":"","ocean_menu_typo_font_weight_mobile":"","ocean_menu_typo_transform":"","ocean_menu_typo_transform_tablet":"","ocean_menu_typo_transform_mobile":"","ocean_menu_typo_line_height":0,"ocean_menu_typo_line_height_tablet":0,"ocean_menu_typo_line_height_mobile":0,"ocean_menu_typo_line_height_unit":"","ocean_menu_typo_spacing":0,"ocean_menu_typo_spacing_tablet":0,"ocean_menu_typo_spacing_mobile":0,"ocean_menu_typo_spacing_unit":"","ocean_menu_link_color":"","ocean_menu_link_color_hover":"","ocean_menu_link_color_active":"","ocean_menu_link_background":"","ocean_menu_link_hover_background":"","ocean_menu_link_active_background":"","ocean_menu_social_links_bg":"","ocean_menu_social_hover_links_bg":"","ocean_menu_social_links_color":"","ocean_menu_social_hover_links_color":"","ocean_disable_title":"on","ocean_disable_heading":"default","ocean_post_title":"","ocean_post_subheading":"","ocean_post_title_style":"","ocean_post_title_background_color":"","ocean_post_title_background":0,"ocean_post_title_bg_image_position":"","ocean_post_title_bg_image_attachment":"","ocean_post_title_bg_image_repeat":"","ocean_post_title_bg_image_size":"","ocean_post_title_height":0,"ocean_post_title_bg_overlay":0.5,"ocean_post_title_bg_overlay_color":"","ocean_disable_breadcrumbs":"default","ocean_breadcrumbs_color":"","ocean_breadcrumbs_separator_color":"","ocean_breadcrumbs_links_color":"","ocean_breadcrumbs_links_hover_color":"","ocean_display_footer_widgets":"default","ocean_display_footer_bottom":"default","ocean_custom_footer_template":"0","footnotes":""},"class_list":["post-2712","page","type-page","status-publish","hentry","entry"],"_links":{"self":[{"href":"https:\/\/litteraturbanken.se\/skolan\/wp-json\/wp\/v2\/pages\/2712","targetHints":{"allow":["GET"]}}],"collection":[{"href":"https:\/\/litteraturbanken.se\/skolan\/wp-json\/wp\/v2\/pages"}],"about":[{"href":"https:\/\/litteraturbanken.se\/skolan\/wp-json\/wp\/v2\/types\/page"}],"author":[{"embeddable":true,"href":"https:\/\/litteraturbanken.se\/skolan\/wp-json\/wp\/v2\/users\/5"}],"replies":[{"embeddable":true,"href":"https:\/\/litteraturbanken.se\/skolan\/wp-json\/wp\/v2\/comments?post=2712"}],"version-history":[{"count":35,"href":"https:\/\/litteraturbanken.se\/skolan\/wp-json\/wp\/v2\/pages\/2712\/revisions"}],"predecessor-version":[{"id":20363,"href":"https:\/\/litteraturbanken.se\/skolan\/wp-json\/wp\/v2\/pages\/2712\/revisions\/20363"}],"wp:attachment":[{"href":"https:\/\/litteraturbanken.se\/skolan\/wp-json\/wp\/v2\/media?parent=2712"}],"curies":[{"name":"wp","href":"https:\/\/api.w.org\/{rel}","templated":true}]}}